{"id":3740,"date":"2023-02-16T11:37:08","date_gmt":"2023-02-16T10:37:08","guid":{"rendered":"https:\/\/4k5tools.com\/?page_id=3740"},"modified":"2023-11-28T07:28:19","modified_gmt":"2023-11-28T06:28:19","slug":"scheren","status":"publish","type":"page","link":"https:\/\/4k5tools.com\/en\/scheren\/","title":{"rendered":"SCISSORS"},"content":{"rendered":"<div data-elementor-type=\"wp-page\" data-elementor-id=\"3740\" class=\"elementor elementor-3740\">\n\t\t\t\t\t\t<section class=\"elementor-section elementor-top-section elementor-element elementor-element-102d1d3 elementor-section-boxed elementor-section-height-default elementor-section-height-default\" data-id=\"102d1d3\" data-element_type=\"section\" data-e-type=\"section\" data-settings=\"{&quot;background_background&quot;:&quot;classic&quot;}\">\n\t\t\t\t\t\t<div class=\"elementor-container elementor-column-gap-default\">\n\t\t\t\t\t<div class=\"elementor-column elementor-col-100 elementor-top-column elementor-element elementor-element-03ea3e7\" data-id=\"03ea3e7\" data-element_type=\"column\" data-e-type=\"column\">\n\t\t\t<div class=\"elementor-widget-wrap elementor-element-populated\">\n\t\t\t\t\t\t<div class=\"elementor-element elementor-element-77d4254 elementor-widget elementor-widget-heading\" data-id=\"77d4254\" data-element_type=\"widget\" data-e-type=\"widget\" id=\"produktgruppe\" data-widget_type=\"heading.default\">\n\t\t\t\t<div class=\"elementor-widget-container\">\n\t\t\t\t\t<h3 class=\"elementor-heading-title elementor-size-default\">SCISSORS&nbsp;<\/h3>\t\t\t\t<\/div>\n\t\t\t\t<\/div>\n\t\t\t\t<div class=\"elementor-element elementor-element-4ed9473 elementor-widget elementor-widget-spacer\" data-id=\"4ed9473\" data-element_type=\"widget\" data-e-type=\"widget\" data-widget_type=\"spacer.default\">\n\t\t\t\t<div class=\"elementor-widget-container\">\n\t\t\t\t\t\t\t<div class=\"elementor-spacer\">\n\t\t\t<div class=\"elementor-spacer-inner\"><\/div>\n\t\t<\/div>\n\t\t\t\t\t\t<\/div>\n\t\t\t\t<\/div>\n\t\t\t\t\t<\/div>\n\t\t<\/div>\n\t\t\t\t\t<\/div>\n\t\t<\/section>\n\t\t\t\t<section class=\"elementor-section elementor-top-section elementor-element elementor-element-9d2a828 elementor-section-boxed elementor-section-height-default elementor-section-height-default\" data-id=\"9d2a828\" data-element_type=\"section\" data-e-type=\"section\">\n\t\t\t\t\t\t<div class=\"elementor-container elementor-column-gap-default\">\n\t\t\t\t\t<div class=\"elementor-column elementor-col-100 elementor-top-column elementor-element elementor-element-572a444\" data-id=\"572a444\" data-element_type=\"column\" data-e-type=\"column\">\n\t\t\t<div class=\"elementor-widget-wrap elementor-element-populated\">\n\t\t\t\t\t\t<div class=\"elementor-element elementor-element-5f34171 elementor-widget elementor-widget-text-editor\" data-id=\"5f34171\" data-element_type=\"widget\" data-e-type=\"widget\" data-widget_type=\"text-editor.default\">\n\t\t\t\t<div class=\"elementor-widget-container\">\n\t\t\t\t\t\t\t\t\t<p><a href=\"https:\/\/4k5tools.com\/en\/\">HOME<\/a> \u00bb <a href=\"https:\/\/4k5tools.com\/en\/shop\/\">PRODUCTS<\/a> \u00bb <a href=\"https:\/\/4k5tools.com\/en\/product-category\/messer-und-werkzeuge\/\">KNIVES<\/a> \u00bb <a href=\"https:\/\/4k5tools.com\/en\/scheren\/\">SCISSORS<\/a><\/p>\t\t\t\t\t\t\t\t<\/div>\n\t\t\t\t<\/div>\n\t\t\t\t<div class=\"elementor-element elementor-element-f1111a0 elementor-widget elementor-widget-text-editor\" data-id=\"f1111a0\" data-element_type=\"widget\" data-e-type=\"widget\" data-widget_type=\"text-editor.default\">\n\t\t\t\t<div class=\"elementor-widget-container\">\n\t\t\t\t\t\t\t\t\t<p>The powerful shears from 4K5 Better Equipment impress with permanent sharpness, excellent force transmission and a precise, clean cut. They are ideal for use on tough materials and offer such additional, intelligent features as a linear scale and a screwdriver.<\/p>\t\t\t\t\t\t\t\t<\/div>\n\t\t\t\t<\/div>\n\t\t\t\t<div class=\"elementor-element elementor-element-5ea1773 elementor-widget-divider--view-line elementor-widget elementor-widget-divider\" data-id=\"5ea1773\" data-element_type=\"widget\" data-e-type=\"widget\" data-widget_type=\"divider.default\">\n\t\t\t\t<div class=\"elementor-widget-container\">\n\t\t\t\t\t\t\t<div class=\"elementor-divider\">\n\t\t\t<span class=\"elementor-divider-separator\">\n\t\t\t\t\t\t<\/span>\n\t\t<\/div>\n\t\t\t\t\t\t<\/div>\n\t\t\t\t<\/div>\n\t\t\t\t\t<\/div>\n\t\t<\/div>\n\t\t\t\t\t<\/div>\n\t\t<\/section>\n\t\t\t\t<section class=\"elementor-section elementor-top-section elementor-element elementor-element-6eea7ac elementor-section-boxed elementor-section-height-default elementor-section-height-default\" data-id=\"6eea7ac\" data-element_type=\"section\" data-e-type=\"section\" data-settings=\"{&quot;background_background&quot;:&quot;classic&quot;}\">\n\t\t\t\t\t\t<div class=\"elementor-container elementor-column-gap-narrow\">\n\t\t\t\t\t<div class=\"elementor-column elementor-col-50 elementor-top-column elementor-element elementor-element-095f352\" data-id=\"095f352\" data-element_type=\"column\" data-e-type=\"column\">\n\t\t\t<div class=\"elementor-widget-wrap elementor-element-populated\">\n\t\t\t\t\t\t<section class=\"elementor-section elementor-inner-section elementor-element elementor-element-e36f66b elementor-section-boxed elementor-section-height-default elementor-section-height-default\" data-id=\"e36f66b\" data-element_type=\"section\" data-e-type=\"section\" data-settings=\"{&quot;background_background&quot;:&quot;classic&quot;}\">\n\t\t\t\t\t\t<div class=\"elementor-container elementor-column-gap-no\">\n\t\t\t\t\t<div class=\"elementor-column elementor-col-50 elementor-inner-column elementor-element elementor-element-885cb8f\" data-id=\"885cb8f\" data-element_type=\"column\" data-e-type=\"column\">\n\t\t\t<div class=\"elementor-widget-wrap elementor-element-populated\">\n\t\t\t\t\t\t<div class=\"elementor-element elementor-element-59896d8 elementor-widget elementor-widget-image\" data-id=\"59896d8\" data-element_type=\"widget\" data-e-type=\"widget\" data-widget_type=\"image.default\">\n\t\t\t\t<div class=\"elementor-widget-container\">\n\t\t\t\t\t\t\t\t\t\t\t\t\t\t\t<img fetchpriority=\"high\" decoding=\"async\" width=\"1300\" height=\"1300\" src=\"https:\/\/4k5tools.com\/wp-content\/uploads\/2022\/01\/600.500A-Schere-4K5.webp\" class=\"attachment-large size-large wp-image-1502\" alt=\"Scheren 600.500A TS 500 Heavy Duty Scissors\" srcset=\"https:\/\/4k5tools.com\/wp-content\/uploads\/2022\/01\/600.500A-Schere-4K5.webp 1300w, https:\/\/4k5tools.com\/wp-content\/uploads\/2022\/01\/600.500A-Schere-4K5-744x744.webp 744w, https:\/\/4k5tools.com\/wp-content\/uploads\/2022\/01\/600.500A-Schere-4K5-300x300.webp 300w, https:\/\/4k5tools.com\/wp-content\/uploads\/2022\/01\/600.500A-Schere-4K5-768x768.webp 768w, https:\/\/4k5tools.com\/wp-content\/uploads\/2022\/01\/600.500A-Schere-4K5-12x12.webp 12w\" sizes=\"(max-width: 1300px) 100vw, 1300px\" \/>\t\t\t\t\t\t\t\t\t\t\t\t\t\t\t<\/div>\n\t\t\t\t<\/div>\n\t\t\t\t\t<\/div>\n\t\t<\/div>\n\t\t\t\t<div class=\"elementor-column elementor-col-50 elementor-inner-column elementor-element elementor-element-4fd352d\" data-id=\"4fd352d\" data-element_type=\"column\" data-e-type=\"column\">\n\t\t\t<div class=\"elementor-widget-wrap elementor-element-populated\">\n\t\t\t\t\t\t<div class=\"elementor-element elementor-element-d292404 elementor-widget elementor-widget-heading\" data-id=\"d292404\" data-element_type=\"widget\" data-e-type=\"widget\" data-widget_type=\"heading.default\">\n\t\t\t\t<div class=\"elementor-widget-container\">\n\t\t\t\t\t<h3 class=\"elementor-heading-title elementor-size-default\">TS 500<\/h3>\t\t\t\t<\/div>\n\t\t\t\t<\/div>\n\t\t\t\t<div class=\"elementor-element elementor-element-35c1e9d elementor-widget elementor-widget-text-editor\" data-id=\"35c1e9d\" data-element_type=\"widget\" data-e-type=\"widget\" data-widget_type=\"text-editor.default\">\n\t\t\t\t<div class=\"elementor-widget-container\">\n\t\t\t\t\t\t\t\t\t<p>Robust and precise shears with high-quality titanium-coated stainless steel blades<\/p>\t\t\t\t\t\t\t\t<\/div>\n\t\t\t\t<\/div>\n\t\t\t\t<div class=\"elementor-element elementor-element-fb0b0fe elementor-widget elementor-widget-button\" data-id=\"fb0b0fe\" data-element_type=\"widget\" data-e-type=\"widget\" data-widget_type=\"button.default\">\n\t\t\t\t<div class=\"elementor-widget-container\">\n\t\t\t\t\t\t\t\t\t<div class=\"elementor-button-wrapper\">\n\t\t\t\t\t<a class=\"elementor-button elementor-button-link elementor-size-xs\" href=\"https:\/\/4k5tools.com\/en\/produkte\/messer-und-werkzeuge\/scheren\/ts-500-heavy-duty-scissors\/\">\n\t\t\t\t\t\t<span class=\"elementor-button-content-wrapper\">\n\t\t\t\t\t\t\t\t\t<span class=\"elementor-button-text\">details<\/span>\n\t\t\t\t\t<\/span>\n\t\t\t\t\t<\/a>\n\t\t\t\t<\/div>\n\t\t\t\t\t\t\t\t<\/div>\n\t\t\t\t<\/div>\n\t\t\t\t\t<\/div>\n\t\t<\/div>\n\t\t\t\t\t<\/div>\n\t\t<\/section>\n\t\t\t\t\t<\/div>\n\t\t<\/div>\n\t\t\t\t<div class=\"elementor-column elementor-col-50 elementor-top-column elementor-element elementor-element-a3e7132\" data-id=\"a3e7132\" data-element_type=\"column\" data-e-type=\"column\">\n\t\t\t<div class=\"elementor-widget-wrap elementor-element-populated\">\n\t\t\t\t\t\t<section class=\"elementor-section elementor-inner-section elementor-element elementor-element-96e1cb6 elementor-section-boxed elementor-section-height-default elementor-section-height-default\" data-id=\"96e1cb6\" data-element_type=\"section\" data-e-type=\"section\" data-settings=\"{&quot;background_background&quot;:&quot;classic&quot;}\">\n\t\t\t\t\t\t<div class=\"elementor-container elementor-column-gap-no\">\n\t\t\t\t\t<div class=\"elementor-column elementor-col-50 elementor-inner-column elementor-element elementor-element-9fe6af0\" data-id=\"9fe6af0\" data-element_type=\"column\" data-e-type=\"column\">\n\t\t\t<div class=\"elementor-widget-wrap elementor-element-populated\">\n\t\t\t\t\t\t<div class=\"elementor-element elementor-element-d6b4d60 elementor-widget elementor-widget-image\" data-id=\"d6b4d60\" data-element_type=\"widget\" data-e-type=\"widget\" data-widget_type=\"image.default\">\n\t\t\t\t<div class=\"elementor-widget-container\">\n\t\t\t\t\t\t\t\t\t\t\t\t\t\t\t<img decoding=\"async\" width=\"1300\" height=\"1300\" src=\"https:\/\/4k5tools.com\/wp-content\/uploads\/2022\/01\/600.501A-Schere-4K5.webp\" class=\"attachment-large size-large wp-image-1493\" alt=\"Scheren 600.501A TS 501 Heavy Duty Scissor Ergo\" srcset=\"https:\/\/4k5tools.com\/wp-content\/uploads\/2022\/01\/600.501A-Schere-4K5.webp 1300w, https:\/\/4k5tools.com\/wp-content\/uploads\/2022\/01\/600.501A-Schere-4K5-744x744.webp 744w, https:\/\/4k5tools.com\/wp-content\/uploads\/2022\/01\/600.501A-Schere-4K5-300x300.webp 300w, https:\/\/4k5tools.com\/wp-content\/uploads\/2022\/01\/600.501A-Schere-4K5-768x768.webp 768w, https:\/\/4k5tools.com\/wp-content\/uploads\/2022\/01\/600.501A-Schere-4K5-12x12.webp 12w\" sizes=\"(max-width: 1300px) 100vw, 1300px\" \/>\t\t\t\t\t\t\t\t\t\t\t\t\t\t\t<\/div>\n\t\t\t\t<\/div>\n\t\t\t\t\t<\/div>\n\t\t<\/div>\n\t\t\t\t<div class=\"elementor-column elementor-col-50 elementor-inner-column elementor-element elementor-element-b629c4c\" data-id=\"b629c4c\" data-element_type=\"column\" data-e-type=\"column\">\n\t\t\t<div class=\"elementor-widget-wrap elementor-element-populated\">\n\t\t\t\t\t\t<div class=\"elementor-element elementor-element-e347abd elementor-widget elementor-widget-heading\" data-id=\"e347abd\" data-element_type=\"widget\" data-e-type=\"widget\" data-widget_type=\"heading.default\">\n\t\t\t\t<div class=\"elementor-widget-container\">\n\t\t\t\t\t<h3 class=\"elementor-heading-title elementor-size-default\">TS 501<\/h3>\t\t\t\t<\/div>\n\t\t\t\t<\/div>\n\t\t\t\t<div class=\"elementor-element elementor-element-c4c288c elementor-widget elementor-widget-text-editor\" data-id=\"c4c288c\" data-element_type=\"widget\" data-e-type=\"widget\" data-widget_type=\"text-editor.default\">\n\t\t\t\t<div class=\"elementor-widget-container\">\n\t\t\t\t\t\t\t\t\t<p>Robust and precise shears with high-quality titanium-coated stainless steel blades and angled shape<\/p>\t\t\t\t\t\t\t\t<\/div>\n\t\t\t\t<\/div>\n\t\t\t\t<div class=\"elementor-element elementor-element-ee275a7 elementor-widget elementor-widget-button\" data-id=\"ee275a7\" data-element_type=\"widget\" data-e-type=\"widget\" data-widget_type=\"button.default\">\n\t\t\t\t<div class=\"elementor-widget-container\">\n\t\t\t\t\t\t\t\t\t<div class=\"elementor-button-wrapper\">\n\t\t\t\t\t<a class=\"elementor-button elementor-button-link elementor-size-xs\" href=\"https:\/\/4k5tools.com\/en\/produkte\/messer-und-werkzeuge\/scheren\/ts-501-heavy-duty-scissor-ergo\/\">\n\t\t\t\t\t\t<span class=\"elementor-button-content-wrapper\">\n\t\t\t\t\t\t\t\t\t<span class=\"elementor-button-text\">details<\/span>\n\t\t\t\t\t<\/span>\n\t\t\t\t\t<\/a>\n\t\t\t\t<\/div>\n\t\t\t\t\t\t\t\t<\/div>\n\t\t\t\t<\/div>\n\t\t\t\t\t<\/div>\n\t\t<\/div>\n\t\t\t\t\t<\/div>\n\t\t<\/section>\n\t\t\t\t\t<\/div>\n\t\t<\/div>\n\t\t\t\t\t<\/div>\n\t\t<\/section>\n\t\t\t\t<\/div>","protected":false},"excerpt":{"rendered":"<p>SCHEREN&nbsp; START \u00bb PRODUKTE \u00bb MESSER \u00bb SCHEREN Die kraftvollen Scheren von 4K5 Better Equipment \u00fcberzeugen mit dauerhafter Sch\u00e4rfe, hervorragender Kraft\u00fcbertragung und einem pr\u00e4zisen, sauberen Schnittbild. Sie sind optimal f\u00fcr den Einsatz an widerstandsf\u00e4higen Materialien und bieten clevere Zusatz-Funktionen wie eine Lineal-Skala und einen Schraubendreher. TS 500 Robuste und exakte Schere mit hochwertigen Titan-beschichteten Edelstahl-Klingen [&hellip;]<\/p>\n","protected":false},"author":6,"featured_media":0,"parent":0,"menu_order":0,"comment_status":"closed","ping_status":"closed","template":"","meta":{"ocean_post_layout":"full-screen","ocean_both_sidebars_style":"","ocean_both_sidebars_content_width":0,"ocean_both_sidebars_sidebars_width":0,"ocean_sidebar":"0","ocean_second_sidebar":"0","ocean_disable_margins":"enable","ocean_add_body_class":"","ocean_shortcode_before_top_bar":"","ocean_shortcode_after_top_bar":"","ocean_shortcode_before_header":"","ocean_shortcode_after_header":"","ocean_has_shortcode":"","ocean_shortcode_after_title":"","ocean_shortcode_before_footer_widgets":"","ocean_shortcode_after_footer_widgets":"","ocean_shortcode_before_footer_bottom":"","ocean_shortcode_after_footer_bottom":"","ocean_display_top_bar":"default","ocean_display_header":"default","ocean_header_style":"","ocean_center_header_left_menu":"0","ocean_custom_header_template":"0","ocean_custom_logo":0,"ocean_custom_retina_logo":0,"ocean_custom_logo_max_width":0,"ocean_custom_logo_tablet_max_width":0,"ocean_custom_logo_mobile_max_width":0,"ocean_custom_logo_max_height":0,"ocean_custom_logo_tablet_max_height":0,"ocean_custom_logo_mobile_max_height":0,"ocean_header_custom_menu":"0","ocean_menu_typo_font_family":"0","ocean_menu_typo_font_subset":"","ocean_menu_typo_font_size":0,"ocean_menu_typo_font_size_tablet":0,"ocean_menu_typo_font_size_mobile":0,"ocean_menu_typo_font_size_unit":"px","ocean_menu_typo_font_weight":"","ocean_menu_typo_font_weight_tablet":"","ocean_menu_typo_font_weight_mobile":"","ocean_menu_typo_transform":"","ocean_menu_typo_transform_tablet":"","ocean_menu_typo_transform_mobile":"","ocean_menu_typo_line_height":0,"ocean_menu_typo_line_height_tablet":0,"ocean_menu_typo_line_height_mobile":0,"ocean_menu_typo_line_height_unit":"","ocean_menu_typo_spacing":0,"ocean_menu_typo_spacing_tablet":0,"ocean_menu_typo_spacing_mobile":0,"ocean_menu_typo_spacing_unit":"","ocean_menu_link_color":"","ocean_menu_link_color_hover":"","ocean_menu_link_color_active":"","ocean_menu_link_background":"","ocean_menu_link_hover_background":"","ocean_menu_link_active_background":"","ocean_menu_social_links_bg":"","ocean_menu_social_hover_links_bg":"","ocean_menu_social_links_color":"","ocean_menu_social_hover_links_color":"","ocean_disable_title":"default","ocean_disable_heading":"default","ocean_post_title":"","ocean_post_subheading":"","ocean_post_title_style":"","ocean_post_title_background_color":"","ocean_post_title_background":0,"ocean_post_title_bg_image_position":"","ocean_post_title_bg_image_attachment":"","ocean_post_title_bg_image_repeat":"","ocean_post_title_bg_image_size":"","ocean_post_title_height":0,"ocean_post_title_bg_overlay":0.5,"ocean_post_title_bg_overlay_color":"","ocean_disable_breadcrumbs":"default","ocean_breadcrumbs_color":"","ocean_breadcrumbs_separator_color":"","ocean_breadcrumbs_links_color":"","ocean_breadcrumbs_links_hover_color":"","ocean_display_footer_widgets":"default","ocean_display_footer_bottom":"default","ocean_custom_footer_template":"0","footnotes":""},"class_list":["post-3740","page","type-page","status-publish","hentry","entry","owp-thumbs-layout-horizontal","owp-btn-normal","owp-tabs-layout-horizontal","has-no-thumbnails","has-product-nav"],"yoast_head":"<!-- This site is optimized with the Yoast SEO plugin v27.0 - https:\/\/yoast.com\/product\/yoast-seo-wordpress\/ -->\n<title>SCHEREN - 4K5 BETTER EQUIPMENT<\/title>\n<meta name=\"robots\" content=\"index, follow, max-snippet:-1, max-image-preview:large, max-video-preview:-1\" \/>\n<link rel=\"canonical\" href=\"https:\/\/4k5tools.com\/en\/scheren\/\" \/>\n<meta property=\"og:locale\" content=\"en_US\" \/>\n<meta property=\"og:type\" content=\"article\" \/>\n<meta property=\"og:title\" content=\"SCHEREN - 4K5 BETTER EQUIPMENT\" \/>\n<meta property=\"og:description\" content=\"SCHEREN&nbsp; START \u00bb PRODUKTE \u00bb MESSER \u00bb SCHEREN Die kraftvollen Scheren von 4K5 Better Equipment \u00fcberzeugen mit dauerhafter Sch\u00e4rfe, hervorragender Kraft\u00fcbertragung und einem pr\u00e4zisen, sauberen Schnittbild. Sie sind optimal f\u00fcr den Einsatz an widerstandsf\u00e4higen Materialien und bieten clevere Zusatz-Funktionen wie eine Lineal-Skala und einen Schraubendreher. TS 500 Robuste und exakte Schere mit hochwertigen Titan-beschichteten Edelstahl-Klingen [&hellip;]\" \/>\n<meta property=\"og:url\" content=\"https:\/\/4k5tools.com\/en\/scheren\/\" \/>\n<meta property=\"og:site_name\" content=\"4K5 BETTER EQUIPMENT\" \/>\n<meta property=\"article:modified_time\" content=\"2023-11-28T06:28:19+00:00\" \/>\n<meta property=\"og:image\" content=\"https:\/\/4k5tools.com\/wp-content\/uploads\/2022\/01\/600.500A-Schere-4K5.webp\" \/>\n<meta name=\"twitter:card\" content=\"summary_large_image\" \/>\n<meta name=\"twitter:label1\" content=\"Est. reading time\" \/>\n\t<meta name=\"twitter:data1\" content=\"1 minute\" \/>\n<script type=\"application\/ld+json\" class=\"yoast-schema-graph\">{\"@context\":\"https:\/\/schema.org\",\"@graph\":[{\"@type\":\"WebPage\",\"@id\":\"https:\/\/4k5tools.com\/scheren\/\",\"url\":\"https:\/\/4k5tools.com\/scheren\/\",\"name\":\"SCHEREN - 4K5 BETTER EQUIPMENT\",\"isPartOf\":{\"@id\":\"https:\/\/4k5tools.com\/#website\"},\"primaryImageOfPage\":{\"@id\":\"https:\/\/4k5tools.com\/scheren\/#primaryimage\"},\"image\":{\"@id\":\"https:\/\/4k5tools.com\/scheren\/#primaryimage\"},\"thumbnailUrl\":\"https:\/\/4k5tools.com\/wp-content\/uploads\/2022\/01\/600.500A-Schere-4K5.webp\",\"datePublished\":\"2023-02-16T10:37:08+00:00\",\"dateModified\":\"2023-11-28T06:28:19+00:00\",\"breadcrumb\":{\"@id\":\"https:\/\/4k5tools.com\/scheren\/#breadcrumb\"},\"inLanguage\":\"en-US\",\"potentialAction\":[{\"@type\":\"ReadAction\",\"target\":[\"https:\/\/4k5tools.com\/scheren\/\"]}]},{\"@type\":\"ImageObject\",\"inLanguage\":\"en-US\",\"@id\":\"https:\/\/4k5tools.com\/scheren\/#primaryimage\",\"url\":\"https:\/\/4k5tools.com\/wp-content\/uploads\/2022\/01\/600.500A-Schere-4K5.webp\",\"contentUrl\":\"https:\/\/4k5tools.com\/wp-content\/uploads\/2022\/01\/600.500A-Schere-4K5.webp\"},{\"@type\":\"BreadcrumbList\",\"@id\":\"https:\/\/4k5tools.com\/scheren\/#breadcrumb\",\"itemListElement\":[{\"@type\":\"ListItem\",\"position\":1,\"name\":\"START\",\"item\":\"https:\/\/4k5tools.com\/\"},{\"@type\":\"ListItem\",\"position\":2,\"name\":\"SCHEREN\"}]},{\"@type\":\"WebSite\",\"@id\":\"https:\/\/4k5tools.com\/#website\",\"url\":\"https:\/\/4k5tools.com\/\",\"name\":\"4K5 BETTER EQUIPMENT\",\"description\":\"\",\"publisher\":{\"@id\":\"https:\/\/4k5tools.com\/#organization\"},\"potentialAction\":[{\"@type\":\"SearchAction\",\"target\":{\"@type\":\"EntryPoint\",\"urlTemplate\":\"https:\/\/4k5tools.com\/?s={search_term_string}\"},\"query-input\":{\"@type\":\"PropertyValueSpecification\",\"valueRequired\":true,\"valueName\":\"search_term_string\"}}],\"inLanguage\":\"en-US\"},{\"@type\":\"Organization\",\"@id\":\"https:\/\/4k5tools.com\/#organization\",\"name\":\"4K5 BETTER EQUIPMENT\",\"url\":\"https:\/\/4k5tools.com\/\",\"logo\":{\"@type\":\"ImageObject\",\"inLanguage\":\"en-US\",\"@id\":\"https:\/\/4k5tools.com\/#\/schema\/logo\/image\/\",\"url\":\"https:\/\/4k5tools.com\/wp-content\/uploads\/2022\/04\/4K5_Better-Equipment.webp\",\"contentUrl\":\"https:\/\/4k5tools.com\/wp-content\/uploads\/2022\/04\/4K5_Better-Equipment.webp\",\"width\":550,\"height\":200,\"caption\":\"4K5 BETTER EQUIPMENT\"},\"image\":{\"@id\":\"https:\/\/4k5tools.com\/#\/schema\/logo\/image\/\"}}]}<\/script>\n<!-- \/ Yoast SEO plugin. -->","yoast_head_json":{"title":"SCHEREN - 4K5 BETTER EQUIPMENT","robots":{"index":"index","follow":"follow","max-snippet":"max-snippet:-1","max-image-preview":"max-image-preview:large","max-video-preview":"max-video-preview:-1"},"canonical":"https:\/\/4k5tools.com\/en\/scheren\/","og_locale":"en_US","og_type":"article","og_title":"SCHEREN - 4K5 BETTER EQUIPMENT","og_description":"SCHEREN&nbsp; START \u00bb PRODUKTE \u00bb MESSER \u00bb SCHEREN Die kraftvollen Scheren von 4K5 Better Equipment \u00fcberzeugen mit dauerhafter Sch\u00e4rfe, hervorragender Kraft\u00fcbertragung und einem pr\u00e4zisen, sauberen Schnittbild. Sie sind optimal f\u00fcr den Einsatz an widerstandsf\u00e4higen Materialien und bieten clevere Zusatz-Funktionen wie eine Lineal-Skala und einen Schraubendreher. TS 500 Robuste und exakte Schere mit hochwertigen Titan-beschichteten Edelstahl-Klingen [&hellip;]","og_url":"https:\/\/4k5tools.com\/en\/scheren\/","og_site_name":"4K5 BETTER EQUIPMENT","article_modified_time":"2023-11-28T06:28:19+00:00","og_image":[{"url":"https:\/\/4k5tools.com\/wp-content\/uploads\/2022\/01\/600.500A-Schere-4K5.webp","type":"","width":"","height":""}],"twitter_card":"summary_large_image","twitter_misc":{"Est. reading time":"1 minute"},"schema":{"@context":"https:\/\/schema.org","@graph":[{"@type":"WebPage","@id":"https:\/\/4k5tools.com\/scheren\/","url":"https:\/\/4k5tools.com\/scheren\/","name":"SCHEREN - 4K5 BETTER EQUIPMENT","isPartOf":{"@id":"https:\/\/4k5tools.com\/#website"},"primaryImageOfPage":{"@id":"https:\/\/4k5tools.com\/scheren\/#primaryimage"},"image":{"@id":"https:\/\/4k5tools.com\/scheren\/#primaryimage"},"thumbnailUrl":"https:\/\/4k5tools.com\/wp-content\/uploads\/2022\/01\/600.500A-Schere-4K5.webp","datePublished":"2023-02-16T10:37:08+00:00","dateModified":"2023-11-28T06:28:19+00:00","breadcrumb":{"@id":"https:\/\/4k5tools.com\/scheren\/#breadcrumb"},"inLanguage":"en-US","potentialAction":[{"@type":"ReadAction","target":["https:\/\/4k5tools.com\/scheren\/"]}]},{"@type":"ImageObject","inLanguage":"en-US","@id":"https:\/\/4k5tools.com\/scheren\/#primaryimage","url":"https:\/\/4k5tools.com\/wp-content\/uploads\/2022\/01\/600.500A-Schere-4K5.webp","contentUrl":"https:\/\/4k5tools.com\/wp-content\/uploads\/2022\/01\/600.500A-Schere-4K5.webp"},{"@type":"BreadcrumbList","@id":"https:\/\/4k5tools.com\/scheren\/#breadcrumb","itemListElement":[{"@type":"ListItem","position":1,"name":"START","item":"https:\/\/4k5tools.com\/"},{"@type":"ListItem","position":2,"name":"SCHEREN"}]},{"@type":"WebSite","@id":"https:\/\/4k5tools.com\/#website","url":"https:\/\/4k5tools.com\/","name":"4K5 BETTER EQUIPMENT","description":"","publisher":{"@id":"https:\/\/4k5tools.com\/#organization"},"potentialAction":[{"@type":"SearchAction","target":{"@type":"EntryPoint","urlTemplate":"https:\/\/4k5tools.com\/?s={search_term_string}"},"query-input":{"@type":"PropertyValueSpecification","valueRequired":true,"valueName":"search_term_string"}}],"inLanguage":"en-US"},{"@type":"Organization","@id":"https:\/\/4k5tools.com\/#organization","name":"4K5 BETTER EQUIPMENT","url":"https:\/\/4k5tools.com\/","logo":{"@type":"ImageObject","inLanguage":"en-US","@id":"https:\/\/4k5tools.com\/#\/schema\/logo\/image\/","url":"https:\/\/4k5tools.com\/wp-content\/uploads\/2022\/04\/4K5_Better-Equipment.webp","contentUrl":"https:\/\/4k5tools.com\/wp-content\/uploads\/2022\/04\/4K5_Better-Equipment.webp","width":550,"height":200,"caption":"4K5 BETTER EQUIPMENT"},"image":{"@id":"https:\/\/4k5tools.com\/#\/schema\/logo\/image\/"}}]}},"_links":{"self":[{"href":"https:\/\/4k5tools.com\/en\/wp-json\/wp\/v2\/pages\/3740","targetHints":{"allow":["GET"]}}],"collection":[{"href":"https:\/\/4k5tools.com\/en\/wp-json\/wp\/v2\/pages"}],"about":[{"href":"https:\/\/4k5tools.com\/en\/wp-json\/wp\/v2\/types\/page"}],"author":[{"embeddable":true,"href":"https:\/\/4k5tools.com\/en\/wp-json\/wp\/v2\/users\/6"}],"replies":[{"embeddable":true,"href":"https:\/\/4k5tools.com\/en\/wp-json\/wp\/v2\/comments?post=3740"}],"version-history":[{"count":19,"href":"https:\/\/4k5tools.com\/en\/wp-json\/wp\/v2\/pages\/3740\/revisions"}],"predecessor-version":[{"id":4626,"href":"https:\/\/4k5tools.com\/en\/wp-json\/wp\/v2\/pages\/3740\/revisions\/4626"}],"wp:attachment":[{"href":"https:\/\/4k5tools.com\/en\/wp-json\/wp\/v2\/media?parent=3740"}],"curies":[{"name":"wp","href":"https:\/\/api.w.org\/{rel}","templated":true}]}}