{"id":3765,"date":"2023-02-22T11:38:25","date_gmt":"2023-02-22T10:38:25","guid":{"rendered":"https:\/\/4k5tools.com\/?page_id=3765"},"modified":"2023-04-20T09:22:19","modified_gmt":"2023-04-20T07:22:19","slug":"arbeitshandschuhe","status":"publish","type":"page","link":"https:\/\/4k5tools.com\/en\/arbeitshandschuhe\/","title":{"rendered":"WORK GLOVES"},"content":{"rendered":"<div data-elementor-type=\"wp-page\" data-elementor-id=\"3765\" class=\"elementor elementor-3765\">\n\t\t\t\t\t\t<section class=\"elementor-section elementor-top-section elementor-element elementor-element-102d1d3 elementor-section-boxed elementor-section-height-default elementor-section-height-default\" data-id=\"102d1d3\" data-element_type=\"section\" data-e-type=\"section\" data-settings=\"{&quot;background_background&quot;:&quot;classic&quot;}\">\n\t\t\t\t\t\t<div class=\"elementor-container elementor-column-gap-default\">\n\t\t\t\t\t<div class=\"elementor-column elementor-col-100 elementor-top-column elementor-element elementor-element-03ea3e7\" data-id=\"03ea3e7\" data-element_type=\"column\" data-e-type=\"column\">\n\t\t\t<div class=\"elementor-widget-wrap elementor-element-populated\">\n\t\t\t\t\t\t<div class=\"elementor-element elementor-element-77d4254 elementor-widget elementor-widget-heading\" data-id=\"77d4254\" data-element_type=\"widget\" data-e-type=\"widget\" id=\"produktgruppe\" data-widget_type=\"heading.default\">\n\t\t\t\t<div class=\"elementor-widget-container\">\n\t\t\t\t\t<h3 class=\"elementor-heading-title elementor-size-default\">WORK GLOVES&nbsp;<\/h3>\t\t\t\t<\/div>\n\t\t\t\t<\/div>\n\t\t\t\t<div class=\"elementor-element elementor-element-4ed9473 elementor-widget elementor-widget-spacer\" data-id=\"4ed9473\" data-element_type=\"widget\" data-e-type=\"widget\" data-widget_type=\"spacer.default\">\n\t\t\t\t<div class=\"elementor-widget-container\">\n\t\t\t\t\t\t\t<div class=\"elementor-spacer\">\n\t\t\t<div class=\"elementor-spacer-inner\"><\/div>\n\t\t<\/div>\n\t\t\t\t\t\t<\/div>\n\t\t\t\t<\/div>\n\t\t\t\t\t<\/div>\n\t\t<\/div>\n\t\t\t\t\t<\/div>\n\t\t<\/section>\n\t\t\t\t<section class=\"elementor-section elementor-top-section elementor-element elementor-element-9d2a828 elementor-section-boxed elementor-section-height-default elementor-section-height-default\" data-id=\"9d2a828\" data-element_type=\"section\" data-e-type=\"section\">\n\t\t\t\t\t\t<div class=\"elementor-container elementor-column-gap-default\">\n\t\t\t\t\t<div class=\"elementor-column elementor-col-100 elementor-top-column elementor-element elementor-element-572a444\" data-id=\"572a444\" data-element_type=\"column\" data-e-type=\"column\">\n\t\t\t<div class=\"elementor-widget-wrap elementor-element-populated\">\n\t\t\t\t\t\t<div class=\"elementor-element elementor-element-5f34171 elementor-widget elementor-widget-text-editor\" data-id=\"5f34171\" data-element_type=\"widget\" data-e-type=\"widget\" data-widget_type=\"text-editor.default\">\n\t\t\t\t<div class=\"elementor-widget-container\">\n\t\t\t\t\t\t\t\t\t<p><a href=\"https:\/\/4k5tools.com\/en\/\">HOME<\/a> \u00bb <a href=\"https:\/\/4k5tools.com\/en\/shop\/\">PRODUCTS<\/a> \u00bb <a href=\"https:\/\/4k5tools.com\/en\/product-category\/schutzhandschuhe\/\">PROTECTIVE GLOVES<\/a> \u00bb <a href=\"https:\/\/4k5tools.com\/en\/product-category\/schutzhandschuhe\/arbeitshandschuhe\/\">WORK GLOVES<\/a><\/p>\t\t\t\t\t\t\t\t<\/div>\n\t\t\t\t<\/div>\n\t\t\t\t<div class=\"elementor-element elementor-element-f1111a0 elementor-widget elementor-widget-text-editor\" data-id=\"f1111a0\" data-element_type=\"widget\" data-e-type=\"widget\" data-widget_type=\"text-editor.default\">\n\t\t\t\t<div class=\"elementor-widget-container\">\n\t\t\t\t\t\t\t\t\t<p>Good protection against mechanical hazards: The robust work gloves from 4K5 Better Equipment provide this protection by using highly hard-wearing material, reinforced work surfaces, impact protection and tear-resistant high-performance fibres. When worn, they also impress with their high flexibility, grip and comfort. \tGoede bescherming voor mechanische gevaren: daarvoor zorgen de robuuste werkhandschoenen van 4K5 Better Equipment met hun bijzonder robuuste materiaal, versterkte handpalmen, stootbescherming en scheurvaste, krachtige vezels. Tijdens het werk weten ze bovendien te overtuigen met hoge flexibiliteit, een groede grip en een hoog draagcomfort. \tBonne protection des dangers m\u00e9caniques : c\u2019est ce que garantissent les gants de travail solides de\u00a04K5\u00a0Better\u00a0Equipment gr\u00e2ce \u00e0 l\u2019utilisation de mati\u00e8res particuli\u00e8rement r\u00e9sistances, de surfaces de travail renforc\u00e9es, d\u2019une protection anti-impacts et de fibres haute performance r\u00e9sistant \u00e0 la d\u00e9chirure. Ils convainquent pendant leur utilisation en outre par leur grande souplesse, leur bonne prise et le grand confort d\u2019utilisation. \tBuena protecci\u00f3n frente a peligros mec\u00e1nicos: los robustos guantes de trabajo de 4K5 Better Equipment est\u00e1n realizados con materiales muy resistentes y disponen de \u00e1reas de trabajo reforzadas, protecci\u00f3n contra golpes y fibras de alto rendimiento antidesgarro. A pesar de ello, son muy flexibles y c\u00f3modos de llevar, y tienen un excelente agarre. \tOttima protezione contro i rischi meccanici: I robusti guanti da lavoro di 4K5 Better Equipment garantiscono tale funzione grazie all'utilizzo di materiali particolarmente resistenti, superfici di lavoro rinforzate, protezione dagli urti e fibre antistrappo altamente performanti. Inoltre, nell'uso, convincono per l'elevata flessibilit\u00e0, l'aderenza e il notevole comfort di vestibilit\u00e0.<\/p>\t\t\t\t\t\t\t\t<\/div>\n\t\t\t\t<\/div>\n\t\t\t\t\t<\/div>\n\t\t<\/div>\n\t\t\t\t\t<\/div>\n\t\t<\/section>\n\t\t\t\t<\/div>","protected":false},"excerpt":{"rendered":"<p>ARBEITSHANDSCHUHE&nbsp; START \u00bb PRODUKTE \u00bb SCHUTZHANDSCHUHE \u00bb ARBEITSHANDSCHUHE Guter Schutz vor mechanischen Gefahren: Das liefern die robusten Arbeitshandschuhe von 4K5 Better Equipment durch die Verwendung von besonders widerstandsf\u00e4higem Material, verst\u00e4rkten Arbeitsfl\u00e4chen, Aufprallschutz und rei\u00dffesten Hochleistungsfasern. Im Einsatz \u00fcberzeugen sie au\u00dferdem mit hoher Flexibilit\u00e4t, Griffigkeit und gro\u00dfem Tragekomfort. Schnellansicht Schnellansicht ARBEITSHANDSCHUHE, SCHUTZHANDSCHUHE BOB Schnellansicht Schnellansicht ARBEITSHANDSCHUHE, [&hellip;]<\/p>\n","protected":false},"author":6,"featured_media":0,"parent":0,"menu_order":0,"comment_status":"closed","ping_status":"closed","template":"","meta":{"ocean_post_layout":"full-screen","ocean_both_sidebars_style":"","ocean_both_sidebars_content_width":0,"ocean_both_sidebars_sidebars_width":0,"ocean_sidebar":"0","ocean_second_sidebar":"0","ocean_disable_margins":"enable","ocean_add_body_class":"","ocean_shortcode_before_top_bar":"","ocean_shortcode_after_top_bar":"","ocean_shortcode_before_header":"","ocean_shortcode_after_header":"","ocean_has_shortcode":"","ocean_shortcode_after_title":"","ocean_shortcode_before_footer_widgets":"","ocean_shortcode_after_footer_widgets":"","ocean_shortcode_before_footer_bottom":"","ocean_shortcode_after_footer_bottom":"","ocean_display_top_bar":"default","ocean_display_header":"default","ocean_header_style":"","ocean_center_header_left_menu":"0","ocean_custom_header_template":"0","ocean_custom_logo":0,"ocean_custom_retina_logo":0,"ocean_custom_logo_max_width":0,"ocean_custom_logo_tablet_max_width":0,"ocean_custom_logo_mobile_max_width":0,"ocean_custom_logo_max_height":0,"ocean_custom_logo_tablet_max_height":0,"ocean_custom_logo_mobile_max_height":0,"ocean_header_custom_menu":"0","ocean_menu_typo_font_family":"0","ocean_menu_typo_font_subset":"","ocean_menu_typo_font_size":0,"ocean_menu_typo_font_size_tablet":0,"ocean_menu_typo_font_size_mobile":0,"ocean_menu_typo_font_size_unit":"px","ocean_menu_typo_font_weight":"","ocean_menu_typo_font_weight_tablet":"","ocean_menu_typo_font_weight_mobile":"","ocean_menu_typo_transform":"","ocean_menu_typo_transform_tablet":"","ocean_menu_typo_transform_mobile":"","ocean_menu_typo_line_height":0,"ocean_menu_typo_line_height_tablet":0,"ocean_menu_typo_line_height_mobile":0,"ocean_menu_typo_line_height_unit":"","ocean_menu_typo_spacing":0,"ocean_menu_typo_spacing_tablet":0,"ocean_menu_typo_spacing_mobile":0,"ocean_menu_typo_spacing_unit":"","ocean_menu_link_color":"","ocean_menu_link_color_hover":"","ocean_menu_link_color_active":"","ocean_menu_link_background":"","ocean_menu_link_hover_background":"","ocean_menu_link_active_background":"","ocean_menu_social_links_bg":"","ocean_menu_social_hover_links_bg":"","ocean_menu_social_links_color":"","ocean_menu_social_hover_links_color":"","ocean_disable_title":"default","ocean_disable_heading":"default","ocean_post_title":"","ocean_post_subheading":"","ocean_post_title_style":"","ocean_post_title_background_color":"","ocean_post_title_background":0,"ocean_post_title_bg_image_position":"","ocean_post_title_bg_image_attachment":"","ocean_post_title_bg_image_repeat":"","ocean_post_title_bg_image_size":"","ocean_post_title_height":0,"ocean_post_title_bg_overlay":0.5,"ocean_post_title_bg_overlay_color":"","ocean_disable_breadcrumbs":"default","ocean_breadcrumbs_color":"","ocean_breadcrumbs_separator_color":"","ocean_breadcrumbs_links_color":"","ocean_breadcrumbs_links_hover_color":"","ocean_display_footer_widgets":"default","ocean_display_footer_bottom":"default","ocean_custom_footer_template":"0","footnotes":""},"class_list":["post-3765","page","type-page","status-publish","hentry","entry","owp-thumbs-layout-horizontal","owp-btn-normal","owp-tabs-layout-horizontal","has-no-thumbnails","has-product-nav"],"yoast_head":"<!-- This site is optimized with the Yoast SEO plugin v27.0 - https:\/\/yoast.com\/product\/yoast-seo-wordpress\/ -->\n<title>ARBEITSHANDSCHUHE - 4K5 BETTER EQUIPMENT<\/title>\n<meta name=\"description\" content=\"4K5 Arbeitshandschuhe bieten dank widerstandsf\u00e4higem Material, Aufprallschutz und Hochleistungsfasern Schutz vor mechanischen Gefahren.\" \/>\n<meta name=\"robots\" content=\"index, follow, max-snippet:-1, max-image-preview:large, max-video-preview:-1\" \/>\n<link rel=\"canonical\" href=\"https:\/\/4k5tools.com\/en\/arbeitshandschuhe\/\" \/>\n<meta property=\"og:locale\" content=\"en_US\" \/>\n<meta property=\"og:type\" content=\"article\" \/>\n<meta property=\"og:title\" content=\"ARBEITSHANDSCHUHE - 4K5 BETTER EQUIPMENT\" \/>\n<meta property=\"og:description\" content=\"4K5 Arbeitshandschuhe bieten dank widerstandsf\u00e4higem Material, Aufprallschutz und Hochleistungsfasern Schutz vor mechanischen Gefahren.\" \/>\n<meta property=\"og:url\" content=\"https:\/\/4k5tools.com\/en\/arbeitshandschuhe\/\" \/>\n<meta property=\"og:site_name\" content=\"4K5 BETTER EQUIPMENT\" \/>\n<meta property=\"article:modified_time\" content=\"2023-04-20T07:22:19+00:00\" \/>\n<meta property=\"og:image\" content=\"https:\/\/4k5tools.com\/wp-content\/uploads\/2022\/09\/604.203-S-M-L-XL_4K5_Produkt-744x744.webp\" \/>\n<meta name=\"twitter:card\" content=\"summary_large_image\" \/>\n<meta name=\"twitter:label1\" content=\"Est. reading time\" \/>\n\t<meta name=\"twitter:data1\" content=\"5 minutes\" \/>\n<script type=\"application\/ld+json\" class=\"yoast-schema-graph\">{\"@context\":\"https:\/\/schema.org\",\"@graph\":[{\"@type\":\"WebPage\",\"@id\":\"https:\/\/4k5tools.com\/arbeitshandschuhe\/\",\"url\":\"https:\/\/4k5tools.com\/arbeitshandschuhe\/\",\"name\":\"ARBEITSHANDSCHUHE - 4K5 BETTER EQUIPMENT\",\"isPartOf\":{\"@id\":\"https:\/\/4k5tools.com\/#website\"},\"primaryImageOfPage\":{\"@id\":\"https:\/\/4k5tools.com\/arbeitshandschuhe\/#primaryimage\"},\"image\":{\"@id\":\"https:\/\/4k5tools.com\/arbeitshandschuhe\/#primaryimage\"},\"thumbnailUrl\":\"https:\/\/4k5tools.com\/wp-content\/uploads\/2022\/09\/604.203-S-M-L-XL_4K5_Produkt-744x744.webp\",\"datePublished\":\"2023-02-22T10:38:25+00:00\",\"dateModified\":\"2023-04-20T07:22:19+00:00\",\"description\":\"4K5 Arbeitshandschuhe bieten dank widerstandsf\u00e4higem Material, Aufprallschutz und Hochleistungsfasern Schutz vor mechanischen Gefahren.\",\"breadcrumb\":{\"@id\":\"https:\/\/4k5tools.com\/arbeitshandschuhe\/#breadcrumb\"},\"inLanguage\":\"en-US\",\"potentialAction\":[{\"@type\":\"ReadAction\",\"target\":[\"https:\/\/4k5tools.com\/arbeitshandschuhe\/\"]}]},{\"@type\":\"ImageObject\",\"inLanguage\":\"en-US\",\"@id\":\"https:\/\/4k5tools.com\/arbeitshandschuhe\/#primaryimage\",\"url\":\"https:\/\/4k5tools.com\/wp-content\/uploads\/2022\/09\/604.203-S-M-L-XL_4K5_Produkt-744x744.webp\",\"contentUrl\":\"https:\/\/4k5tools.com\/wp-content\/uploads\/2022\/09\/604.203-S-M-L-XL_4K5_Produkt-744x744.webp\"},{\"@type\":\"BreadcrumbList\",\"@id\":\"https:\/\/4k5tools.com\/arbeitshandschuhe\/#breadcrumb\",\"itemListElement\":[{\"@type\":\"ListItem\",\"position\":1,\"name\":\"START\",\"item\":\"https:\/\/4k5tools.com\/\"},{\"@type\":\"ListItem\",\"position\":2,\"name\":\"ARBEITSHANDSCHUHE\"}]},{\"@type\":\"WebSite\",\"@id\":\"https:\/\/4k5tools.com\/#website\",\"url\":\"https:\/\/4k5tools.com\/\",\"name\":\"4K5 BETTER EQUIPMENT\",\"description\":\"\",\"publisher\":{\"@id\":\"https:\/\/4k5tools.com\/#organization\"},\"potentialAction\":[{\"@type\":\"SearchAction\",\"target\":{\"@type\":\"EntryPoint\",\"urlTemplate\":\"https:\/\/4k5tools.com\/?s={search_term_string}\"},\"query-input\":{\"@type\":\"PropertyValueSpecification\",\"valueRequired\":true,\"valueName\":\"search_term_string\"}}],\"inLanguage\":\"en-US\"},{\"@type\":\"Organization\",\"@id\":\"https:\/\/4k5tools.com\/#organization\",\"name\":\"4K5 BETTER EQUIPMENT\",\"url\":\"https:\/\/4k5tools.com\/\",\"logo\":{\"@type\":\"ImageObject\",\"inLanguage\":\"en-US\",\"@id\":\"https:\/\/4k5tools.com\/#\/schema\/logo\/image\/\",\"url\":\"https:\/\/4k5tools.com\/wp-content\/uploads\/2022\/04\/4K5_Better-Equipment.webp\",\"contentUrl\":\"https:\/\/4k5tools.com\/wp-content\/uploads\/2022\/04\/4K5_Better-Equipment.webp\",\"width\":550,\"height\":200,\"caption\":\"4K5 BETTER EQUIPMENT\"},\"image\":{\"@id\":\"https:\/\/4k5tools.com\/#\/schema\/logo\/image\/\"}}]}<\/script>\n<!-- \/ Yoast SEO plugin. -->","yoast_head_json":{"title":"ARBEITSHANDSCHUHE - 4K5 BETTER EQUIPMENT","description":"4K5 Arbeitshandschuhe bieten dank widerstandsf\u00e4higem Material, Aufprallschutz und Hochleistungsfasern Schutz vor mechanischen Gefahren.","robots":{"index":"index","follow":"follow","max-snippet":"max-snippet:-1","max-image-preview":"max-image-preview:large","max-video-preview":"max-video-preview:-1"},"canonical":"https:\/\/4k5tools.com\/en\/arbeitshandschuhe\/","og_locale":"en_US","og_type":"article","og_title":"ARBEITSHANDSCHUHE - 4K5 BETTER EQUIPMENT","og_description":"4K5 Arbeitshandschuhe bieten dank widerstandsf\u00e4higem Material, Aufprallschutz und Hochleistungsfasern Schutz vor mechanischen Gefahren.","og_url":"https:\/\/4k5tools.com\/en\/arbeitshandschuhe\/","og_site_name":"4K5 BETTER EQUIPMENT","article_modified_time":"2023-04-20T07:22:19+00:00","og_image":[{"url":"https:\/\/4k5tools.com\/wp-content\/uploads\/2022\/09\/604.203-S-M-L-XL_4K5_Produkt-744x744.webp","type":"","width":"","height":""}],"twitter_card":"summary_large_image","twitter_misc":{"Est. reading time":"5 minutes"},"schema":{"@context":"https:\/\/schema.org","@graph":[{"@type":"WebPage","@id":"https:\/\/4k5tools.com\/arbeitshandschuhe\/","url":"https:\/\/4k5tools.com\/arbeitshandschuhe\/","name":"ARBEITSHANDSCHUHE - 4K5 BETTER EQUIPMENT","isPartOf":{"@id":"https:\/\/4k5tools.com\/#website"},"primaryImageOfPage":{"@id":"https:\/\/4k5tools.com\/arbeitshandschuhe\/#primaryimage"},"image":{"@id":"https:\/\/4k5tools.com\/arbeitshandschuhe\/#primaryimage"},"thumbnailUrl":"https:\/\/4k5tools.com\/wp-content\/uploads\/2022\/09\/604.203-S-M-L-XL_4K5_Produkt-744x744.webp","datePublished":"2023-02-22T10:38:25+00:00","dateModified":"2023-04-20T07:22:19+00:00","description":"4K5 Arbeitshandschuhe bieten dank widerstandsf\u00e4higem Material, Aufprallschutz und Hochleistungsfasern Schutz vor mechanischen Gefahren.","breadcrumb":{"@id":"https:\/\/4k5tools.com\/arbeitshandschuhe\/#breadcrumb"},"inLanguage":"en-US","potentialAction":[{"@type":"ReadAction","target":["https:\/\/4k5tools.com\/arbeitshandschuhe\/"]}]},{"@type":"ImageObject","inLanguage":"en-US","@id":"https:\/\/4k5tools.com\/arbeitshandschuhe\/#primaryimage","url":"https:\/\/4k5tools.com\/wp-content\/uploads\/2022\/09\/604.203-S-M-L-XL_4K5_Produkt-744x744.webp","contentUrl":"https:\/\/4k5tools.com\/wp-content\/uploads\/2022\/09\/604.203-S-M-L-XL_4K5_Produkt-744x744.webp"},{"@type":"BreadcrumbList","@id":"https:\/\/4k5tools.com\/arbeitshandschuhe\/#breadcrumb","itemListElement":[{"@type":"ListItem","position":1,"name":"START","item":"https:\/\/4k5tools.com\/"},{"@type":"ListItem","position":2,"name":"ARBEITSHANDSCHUHE"}]},{"@type":"WebSite","@id":"https:\/\/4k5tools.com\/#website","url":"https:\/\/4k5tools.com\/","name":"4K5 BETTER EQUIPMENT","description":"","publisher":{"@id":"https:\/\/4k5tools.com\/#organization"},"potentialAction":[{"@type":"SearchAction","target":{"@type":"EntryPoint","urlTemplate":"https:\/\/4k5tools.com\/?s={search_term_string}"},"query-input":{"@type":"PropertyValueSpecification","valueRequired":true,"valueName":"search_term_string"}}],"inLanguage":"en-US"},{"@type":"Organization","@id":"https:\/\/4k5tools.com\/#organization","name":"4K5 BETTER EQUIPMENT","url":"https:\/\/4k5tools.com\/","logo":{"@type":"ImageObject","inLanguage":"en-US","@id":"https:\/\/4k5tools.com\/#\/schema\/logo\/image\/","url":"https:\/\/4k5tools.com\/wp-content\/uploads\/2022\/04\/4K5_Better-Equipment.webp","contentUrl":"https:\/\/4k5tools.com\/wp-content\/uploads\/2022\/04\/4K5_Better-Equipment.webp","width":550,"height":200,"caption":"4K5 BETTER EQUIPMENT"},"image":{"@id":"https:\/\/4k5tools.com\/#\/schema\/logo\/image\/"}}]}},"_links":{"self":[{"href":"https:\/\/4k5tools.com\/en\/wp-json\/wp\/v2\/pages\/3765","targetHints":{"allow":["GET"]}}],"collection":[{"href":"https:\/\/4k5tools.com\/en\/wp-json\/wp\/v2\/pages"}],"about":[{"href":"https:\/\/4k5tools.com\/en\/wp-json\/wp\/v2\/types\/page"}],"author":[{"embeddable":true,"href":"https:\/\/4k5tools.com\/en\/wp-json\/wp\/v2\/users\/6"}],"replies":[{"embeddable":true,"href":"https:\/\/4k5tools.com\/en\/wp-json\/wp\/v2\/comments?post=3765"}],"version-history":[{"count":11,"href":"https:\/\/4k5tools.com\/en\/wp-json\/wp\/v2\/pages\/3765\/revisions"}],"predecessor-version":[{"id":4257,"href":"https:\/\/4k5tools.com\/en\/wp-json\/wp\/v2\/pages\/3765\/revisions\/4257"}],"wp:attachment":[{"href":"https:\/\/4k5tools.com\/en\/wp-json\/wp\/v2\/media?parent=3765"}],"curies":[{"name":"wp","href":"https:\/\/api.w.org\/{rel}","templated":true}]}}