{"id":1540,"date":"2022-01-26T08:57:16","date_gmt":"2022-01-26T07:57:16","guid":{"rendered":"https:\/\/4k5tools.com\/produkt\/sm-30-steelmeter-30-m\/"},"modified":"2022-07-20T09:26:38","modified_gmt":"2022-07-20T07:26:38","slug":"sm-30-steelmeter-30-m","status":"publish","type":"product","link":"https:\/\/4k5tools.com\/en\/produkte\/messzeuge\/massband\/sm-30-steelmeter-30-m\/","title":{"rendered":"SM 30"},"content":{"rendered":"<p>This sturdy, steel tape measure has an adjustable hook and can be effectively attached at the point of use. The continuous, easy to read scale allows precise measurement over long distances. Measurements can be completed by one person. The tape can be wound up quickly with the crank. The ergonomic grip makes it easy to use.<\/p>","protected":false},"excerpt":{"rendered":"<p>Steel tape measure for long distances with adjustable hook, effective fixing and ergonomic grip<\/p>\n<ul title=\"\">\n<li title=\"\"><span title=\"\">Suitable for measuring long distances<\/span><\/li>\n<li title=\"\"><span title=\"\">Adjustable hook and effective fixing<\/span><\/li>\n<li title=\"\"><span title=\"\">Measurements can be completed by one person only<\/span><\/li>\n<li title=\"\"><span title=\"\">Continuous, easy to read scale <\/span><\/li>\n<li title=\"\">Different scales on front and reverse to suit the application<\/li>\n<li title=\"\">Winds up quickly with crank<\/li>\n<li title=\"\"><span title=\"\">Ergonomic grip ensures convenient use<\/span><\/li>\n<\/ul>","protected":false},"featured_media":1584,"template":"","meta":{"ocean_post_layout":"","ocean_both_sidebars_style":"","ocean_both_sidebars_content_width":0,"ocean_both_sidebars_sidebars_width":0,"ocean_sidebar":"0","ocean_second_sidebar":"0","ocean_disable_margins":"enable","ocean_add_body_class":"","ocean_shortcode_before_top_bar":"","ocean_shortcode_after_top_bar":"","ocean_shortcode_before_header":"","ocean_shortcode_after_header":"","ocean_has_shortcode":"","ocean_shortcode_after_title":"","ocean_shortcode_before_footer_widgets":"","ocean_shortcode_after_footer_widgets":"","ocean_shortcode_before_footer_bottom":"","ocean_shortcode_after_footer_bottom":"","ocean_display_top_bar":"default","ocean_display_header":"default","ocean_header_style":"","ocean_center_header_left_menu":"0","ocean_custom_header_template":"0","ocean_custom_logo":0,"ocean_custom_retina_logo":0,"ocean_custom_logo_max_width":0,"ocean_custom_logo_tablet_max_width":0,"ocean_custom_logo_mobile_max_width":0,"ocean_custom_logo_max_height":0,"ocean_custom_logo_tablet_max_height":0,"ocean_custom_logo_mobile_max_height":0,"ocean_header_custom_menu":"0","ocean_menu_typo_font_family":"0","ocean_menu_typo_font_subset":"","ocean_menu_typo_font_size":0,"ocean_menu_typo_font_size_tablet":0,"ocean_menu_typo_font_size_mobile":0,"ocean_menu_typo_font_size_unit":"px","ocean_menu_typo_font_weight":"","ocean_menu_typo_font_weight_tablet":"","ocean_menu_typo_font_weight_mobile":"","ocean_menu_typo_transform":"","ocean_menu_typo_transform_tablet":"","ocean_menu_typo_transform_mobile":"","ocean_menu_typo_line_height":0,"ocean_menu_typo_line_height_tablet":0,"ocean_menu_typo_line_height_mobile":0,"ocean_menu_typo_line_height_unit":"","ocean_menu_typo_spacing":0,"ocean_menu_typo_spacing_tablet":0,"ocean_menu_typo_spacing_mobile":0,"ocean_menu_typo_spacing_unit":"","ocean_menu_link_color":"","ocean_menu_link_color_hover":"","ocean_menu_link_color_active":"","ocean_menu_link_background":"","ocean_menu_link_hover_background":"","ocean_menu_link_active_background":"","ocean_menu_social_links_bg":"","ocean_menu_social_hover_links_bg":"","ocean_menu_social_links_color":"","ocean_menu_social_hover_links_color":"","ocean_disable_title":"default","ocean_disable_heading":"default","ocean_post_title":"","ocean_post_subheading":"","ocean_post_title_style":"","ocean_post_title_background_color":"","ocean_post_title_background":0,"ocean_post_title_bg_image_position":"","ocean_post_title_bg_image_attachment":"","ocean_post_title_bg_image_repeat":"","ocean_post_title_bg_image_size":"","ocean_post_title_height":0,"ocean_post_title_bg_overlay":0.5,"ocean_post_title_bg_overlay_color":"","ocean_disable_breadcrumbs":"default","ocean_breadcrumbs_color":"","ocean_breadcrumbs_separator_color":"","ocean_breadcrumbs_links_color":"","ocean_breadcrumbs_links_hover_color":"","ocean_display_footer_widgets":"default","ocean_display_footer_bottom":"default","ocean_custom_footer_template":"0"},"product_brand":[],"product_cat":[53,32],"product_tag":[],"class_list":{"0":"post-1540","1":"product","2":"type-product","3":"status-publish","4":"has-post-thumbnail","6":"product_cat-messzeuge","7":"product_cat-massband","9":"entry","10":"has-media","12":"first","13":"instock","14":"shipping-taxable","15":"product-type-simple","16":"has-product-nav","17":"col","18":"span_1_of_3","19":"owp-content-center","20":"owp-thumbs-layout-horizontal","21":"owp-btn-normal","22":"owp-tabs-layout-horizontal"},"yoast_head":"<!-- This site is optimized with the Yoast SEO plugin v27.0 - https:\/\/yoast.com\/product\/yoast-seo-wordpress\/ -->\n<title>SM 30 - 4K5 BETTER EQUIPMENT<\/title>\n<meta name=\"robots\" content=\"index, follow, max-snippet:-1, max-image-preview:large, max-video-preview:-1\" \/>\n<link rel=\"canonical\" href=\"https:\/\/4k5tools.com\/en\/produkte\/messzeuge\/massband\/sm-30-steelmeter-30-m\/\" \/>\n<meta property=\"og:locale\" content=\"en_US\" \/>\n<meta property=\"og:type\" content=\"article\" \/>\n<meta property=\"og:title\" content=\"SM 30 - 4K5 BETTER EQUIPMENT\" \/>\n<meta property=\"og:description\" content=\"Stahl-Rollbandma\u00df f\u00fcr gro\u00dfe Distanzen mit beweglichem Endhaken, effektiver Fixierung und ergonomischem Griff   Geeignet f\u00fcr Messungen auf gro\u00dfer Distanz  Beweglicher Endhaken und effektive Fixierung  Nur eine Person zum Messvorgang ben\u00f6tigt  Durchgehende, gut ablesbare Skalierung   Unterschiedliche Skalierungen auf Vorder- und R\u00fcckseite passend zur jeweiligen Anwendungssituation  Schnelles Aufrollen per Kurbel  Komfortable Anwendung durch ergonomischen Griff\" \/>\n<meta property=\"og:url\" content=\"https:\/\/4k5tools.com\/en\/produkte\/messzeuge\/massband\/sm-30-steelmeter-30-m\/\" \/>\n<meta property=\"og:site_name\" content=\"4K5 BETTER EQUIPMENT\" \/>\n<meta property=\"article:modified_time\" content=\"2022-07-20T07:26:38+00:00\" \/>\n<meta property=\"og:image\" content=\"https:\/\/4k5tools.com\/wp-content\/uploads\/2022\/01\/606.103-30-Markierwerkzeuge-Bandmass-02.webp\" \/>\n\t<meta property=\"og:image:width\" content=\"1300\" \/>\n\t<meta property=\"og:image:height\" content=\"1300\" \/>\n\t<meta property=\"og:image:type\" content=\"image\/webp\" \/>\n<meta name=\"twitter:card\" content=\"summary_large_image\" \/>\n<script type=\"application\/ld+json\" class=\"yoast-schema-graph\">{\"@context\":\"https:\/\/schema.org\",\"@graph\":[{\"@type\":\"WebPage\",\"@id\":\"https:\/\/4k5tools.com\/produkte\/messzeuge\/massband\/sm-30-steelmeter-30-m\/\",\"url\":\"https:\/\/4k5tools.com\/produkte\/messzeuge\/massband\/sm-30-steelmeter-30-m\/\",\"name\":\"SM 30 - 4K5 BETTER EQUIPMENT\",\"isPartOf\":{\"@id\":\"https:\/\/4k5tools.com\/#website\"},\"primaryImageOfPage\":{\"@id\":\"https:\/\/4k5tools.com\/produkte\/messzeuge\/massband\/sm-30-steelmeter-30-m\/#primaryimage\"},\"image\":{\"@id\":\"https:\/\/4k5tools.com\/produkte\/messzeuge\/massband\/sm-30-steelmeter-30-m\/#primaryimage\"},\"thumbnailUrl\":\"https:\/\/4k5tools.com\/wp-content\/uploads\/2022\/01\/606.103-30-Markierwerkzeuge-Bandmass-02.webp\",\"datePublished\":\"2022-01-26T07:57:16+00:00\",\"dateModified\":\"2022-07-20T07:26:38+00:00\",\"breadcrumb\":{\"@id\":\"https:\/\/4k5tools.com\/produkte\/messzeuge\/massband\/sm-30-steelmeter-30-m\/#breadcrumb\"},\"inLanguage\":\"en-US\",\"potentialAction\":[{\"@type\":\"ReadAction\",\"target\":[\"https:\/\/4k5tools.com\/produkte\/messzeuge\/massband\/sm-30-steelmeter-30-m\/\"]}]},{\"@type\":\"ImageObject\",\"inLanguage\":\"en-US\",\"@id\":\"https:\/\/4k5tools.com\/produkte\/messzeuge\/massband\/sm-30-steelmeter-30-m\/#primaryimage\",\"url\":\"https:\/\/4k5tools.com\/wp-content\/uploads\/2022\/01\/606.103-30-Markierwerkzeuge-Bandmass-02.webp\",\"contentUrl\":\"https:\/\/4k5tools.com\/wp-content\/uploads\/2022\/01\/606.103-30-Markierwerkzeuge-Bandmass-02.webp\",\"width\":1300,\"height\":1300,\"caption\":\"Rollbandma\u00df 606.103-30 SM 30 SteelMeter 30 m\"},{\"@type\":\"BreadcrumbList\",\"@id\":\"https:\/\/4k5tools.com\/produkte\/messzeuge\/massband\/sm-30-steelmeter-30-m\/#breadcrumb\",\"itemListElement\":[{\"@type\":\"ListItem\",\"position\":1,\"name\":\"START\",\"item\":\"https:\/\/4k5tools.com\/\"},{\"@type\":\"ListItem\",\"position\":2,\"name\":\"PRODUKTE\",\"item\":\"https:\/\/4k5tools.com\/shop\/\"},{\"@type\":\"ListItem\",\"position\":3,\"name\":\"MESSZEUGE\",\"item\":\"https:\/\/4k5tools.com\/produkt-kategorie\/messzeuge\/\"},{\"@type\":\"ListItem\",\"position\":4,\"name\":\"MA\u00dfB\u00c4NDER\",\"item\":\"https:\/\/4k5tools.com\/produkt-kategorie\/messzeuge\/massband\/\"},{\"@type\":\"ListItem\",\"position\":5,\"name\":\"SM 30\"}]},{\"@type\":\"WebSite\",\"@id\":\"https:\/\/4k5tools.com\/#website\",\"url\":\"https:\/\/4k5tools.com\/\",\"name\":\"4K5 BETTER EQUIPMENT\",\"description\":\"\",\"publisher\":{\"@id\":\"https:\/\/4k5tools.com\/#organization\"},\"potentialAction\":[{\"@type\":\"SearchAction\",\"target\":{\"@type\":\"EntryPoint\",\"urlTemplate\":\"https:\/\/4k5tools.com\/?s={search_term_string}\"},\"query-input\":{\"@type\":\"PropertyValueSpecification\",\"valueRequired\":true,\"valueName\":\"search_term_string\"}}],\"inLanguage\":\"en-US\"},{\"@type\":\"Organization\",\"@id\":\"https:\/\/4k5tools.com\/#organization\",\"name\":\"4K5 BETTER EQUIPMENT\",\"url\":\"https:\/\/4k5tools.com\/\",\"logo\":{\"@type\":\"ImageObject\",\"inLanguage\":\"en-US\",\"@id\":\"https:\/\/4k5tools.com\/#\/schema\/logo\/image\/\",\"url\":\"https:\/\/4k5tools.com\/wp-content\/uploads\/2022\/04\/4K5_Better-Equipment.webp\",\"contentUrl\":\"https:\/\/4k5tools.com\/wp-content\/uploads\/2022\/04\/4K5_Better-Equipment.webp\",\"width\":550,\"height\":200,\"caption\":\"4K5 BETTER EQUIPMENT\"},\"image\":{\"@id\":\"https:\/\/4k5tools.com\/#\/schema\/logo\/image\/\"}}]}<\/script>\n<!-- \/ Yoast SEO plugin. -->","yoast_head_json":{"title":"SM 30 - 4K5 BETTER EQUIPMENT","robots":{"index":"index","follow":"follow","max-snippet":"max-snippet:-1","max-image-preview":"max-image-preview:large","max-video-preview":"max-video-preview:-1"},"canonical":"https:\/\/4k5tools.com\/en\/produkte\/messzeuge\/massband\/sm-30-steelmeter-30-m\/","og_locale":"en_US","og_type":"article","og_title":"SM 30 - 4K5 BETTER EQUIPMENT","og_description":"Stahl-Rollbandma\u00df f\u00fcr gro\u00dfe Distanzen mit beweglichem Endhaken, effektiver Fixierung und ergonomischem Griff   Geeignet f\u00fcr Messungen auf gro\u00dfer Distanz  Beweglicher Endhaken und effektive Fixierung  Nur eine Person zum Messvorgang ben\u00f6tigt  Durchgehende, gut ablesbare Skalierung   Unterschiedliche Skalierungen auf Vorder- und R\u00fcckseite passend zur jeweiligen Anwendungssituation  Schnelles Aufrollen per Kurbel  Komfortable Anwendung durch ergonomischen Griff","og_url":"https:\/\/4k5tools.com\/en\/produkte\/messzeuge\/massband\/sm-30-steelmeter-30-m\/","og_site_name":"4K5 BETTER EQUIPMENT","article_modified_time":"2022-07-20T07:26:38+00:00","og_image":[{"width":1300,"height":1300,"url":"https:\/\/4k5tools.com\/wp-content\/uploads\/2022\/01\/606.103-30-Markierwerkzeuge-Bandmass-02.webp","type":"image\/webp"}],"twitter_card":"summary_large_image","schema":{"@context":"https:\/\/schema.org","@graph":[{"@type":"WebPage","@id":"https:\/\/4k5tools.com\/produkte\/messzeuge\/massband\/sm-30-steelmeter-30-m\/","url":"https:\/\/4k5tools.com\/produkte\/messzeuge\/massband\/sm-30-steelmeter-30-m\/","name":"SM 30 - 4K5 BETTER EQUIPMENT","isPartOf":{"@id":"https:\/\/4k5tools.com\/#website"},"primaryImageOfPage":{"@id":"https:\/\/4k5tools.com\/produkte\/messzeuge\/massband\/sm-30-steelmeter-30-m\/#primaryimage"},"image":{"@id":"https:\/\/4k5tools.com\/produkte\/messzeuge\/massband\/sm-30-steelmeter-30-m\/#primaryimage"},"thumbnailUrl":"https:\/\/4k5tools.com\/wp-content\/uploads\/2022\/01\/606.103-30-Markierwerkzeuge-Bandmass-02.webp","datePublished":"2022-01-26T07:57:16+00:00","dateModified":"2022-07-20T07:26:38+00:00","breadcrumb":{"@id":"https:\/\/4k5tools.com\/produkte\/messzeuge\/massband\/sm-30-steelmeter-30-m\/#breadcrumb"},"inLanguage":"en-US","potentialAction":[{"@type":"ReadAction","target":["https:\/\/4k5tools.com\/produkte\/messzeuge\/massband\/sm-30-steelmeter-30-m\/"]}]},{"@type":"ImageObject","inLanguage":"en-US","@id":"https:\/\/4k5tools.com\/produkte\/messzeuge\/massband\/sm-30-steelmeter-30-m\/#primaryimage","url":"https:\/\/4k5tools.com\/wp-content\/uploads\/2022\/01\/606.103-30-Markierwerkzeuge-Bandmass-02.webp","contentUrl":"https:\/\/4k5tools.com\/wp-content\/uploads\/2022\/01\/606.103-30-Markierwerkzeuge-Bandmass-02.webp","width":1300,"height":1300,"caption":"Rollbandma\u00df 606.103-30 SM 30 SteelMeter 30 m"},{"@type":"BreadcrumbList","@id":"https:\/\/4k5tools.com\/produkte\/messzeuge\/massband\/sm-30-steelmeter-30-m\/#breadcrumb","itemListElement":[{"@type":"ListItem","position":1,"name":"START","item":"https:\/\/4k5tools.com\/"},{"@type":"ListItem","position":2,"name":"PRODUKTE","item":"https:\/\/4k5tools.com\/shop\/"},{"@type":"ListItem","position":3,"name":"MESSZEUGE","item":"https:\/\/4k5tools.com\/produkt-kategorie\/messzeuge\/"},{"@type":"ListItem","position":4,"name":"MA\u00dfB\u00c4NDER","item":"https:\/\/4k5tools.com\/produkt-kategorie\/messzeuge\/massband\/"},{"@type":"ListItem","position":5,"name":"SM 30"}]},{"@type":"WebSite","@id":"https:\/\/4k5tools.com\/#website","url":"https:\/\/4k5tools.com\/","name":"4K5 BETTER EQUIPMENT","description":"","publisher":{"@id":"https:\/\/4k5tools.com\/#organization"},"potentialAction":[{"@type":"SearchAction","target":{"@type":"EntryPoint","urlTemplate":"https:\/\/4k5tools.com\/?s={search_term_string}"},"query-input":{"@type":"PropertyValueSpecification","valueRequired":true,"valueName":"search_term_string"}}],"inLanguage":"en-US"},{"@type":"Organization","@id":"https:\/\/4k5tools.com\/#organization","name":"4K5 BETTER EQUIPMENT","url":"https:\/\/4k5tools.com\/","logo":{"@type":"ImageObject","inLanguage":"en-US","@id":"https:\/\/4k5tools.com\/#\/schema\/logo\/image\/","url":"https:\/\/4k5tools.com\/wp-content\/uploads\/2022\/04\/4K5_Better-Equipment.webp","contentUrl":"https:\/\/4k5tools.com\/wp-content\/uploads\/2022\/04\/4K5_Better-Equipment.webp","width":550,"height":200,"caption":"4K5 BETTER EQUIPMENT"},"image":{"@id":"https:\/\/4k5tools.com\/#\/schema\/logo\/image\/"}}]}},"_links":{"self":[{"href":"https:\/\/4k5tools.com\/en\/wp-json\/wp\/v2\/product\/1540","targetHints":{"allow":["GET"]}}],"collection":[{"href":"https:\/\/4k5tools.com\/en\/wp-json\/wp\/v2\/product"}],"about":[{"href":"https:\/\/4k5tools.com\/en\/wp-json\/wp\/v2\/types\/product"}],"wp:featuredmedia":[{"embeddable":true,"href":"https:\/\/4k5tools.com\/en\/wp-json\/wp\/v2\/media\/1584"}],"wp:attachment":[{"href":"https:\/\/4k5tools.com\/en\/wp-json\/wp\/v2\/media?parent=1540"}],"wp:term":[{"taxonomy":"product_brand","embeddable":true,"href":"https:\/\/4k5tools.com\/en\/wp-json\/wp\/v2\/product_brand?post=1540"},{"taxonomy":"product_cat","embeddable":true,"href":"https:\/\/4k5tools.com\/en\/wp-json\/wp\/v2\/product_cat?post=1540"},{"taxonomy":"product_tag","embeddable":true,"href":"https:\/\/4k5tools.com\/en\/wp-json\/wp\/v2\/product_tag?post=1540"}],"curies":[{"name":"wp","href":"https:\/\/api.w.org\/{rel}","templated":true}]}}