{"id":2980,"date":"2022-09-19T12:30:18","date_gmt":"2022-09-19T10:30:18","guid":{"rendered":"https:\/\/4k5tools.com\/produkte\/unkategorisiert\/wl-380\/"},"modified":"2022-09-19T14:30:13","modified_gmt":"2022-09-19T12:30:13","slug":"wl-380","status":"publish","type":"product","link":"https:\/\/4k5tools.com\/en\/produkte\/lampen\/arbeitslampen\/wl-380\/","title":{"rendered":"WL 380"},"content":{"rendered":"<p>This practical LED work light offers a spotlight with two light levels (high\/low) and a floodlight with three light levels (low\/medium\/high). The product has a multi-function bracket for optimum attachment and positioning. It can be tilted through 180\u00b0, has a hook for hanging, and magnets for fixing to metal surfaces. When working on metal constructions or vehicles, users\u2019 hands are free at all times allowing them to concentrate fully on the job in hand. An easy to read display provides information on the charge status of the integral lithium-ion battery. A USB-C cable is included in the delivery to charge the battery.<\/p>","protected":false},"excerpt":{"rendered":"<p>Practical LED work light with spotlight, floodlight and many different fixing options<\/p>\n<ul title=\"\">\n<li title=\"\"><span title=\"\">Effective illumination by 280 lumens spotlight and 380 lumens floodlight<\/span><\/li>\n<li title=\"\"><span title=\"\">The floodlight has three light levels (low\/medium\/high) and two spotlight levels (high\/low) to suit all requirements<\/span><\/li>\n<li title=\"\"><span title=\"\">Versatile attachment by hook, magnet or swivel stand<\/span><\/li>\n<li title=\"\"><span title=\"\">Optimum positioning by tilting through up to 180\u00b0 <\/span><\/li>\n<li title=\"\"><span title=\"\">Compact design makes it easy to carry in a pocket <\/span><\/li>\n<li title=\"\"><span title=\"\">Easy to read battery charge status display<\/span><\/li>\n<li title=\"\"><span title=\"\">Integral lithium-ion rechargeable battery<\/span><\/li>\n<li title=\"\"><span title=\"\">Rechargeable via USB-C cable<\/span><\/li>\n<\/ul>","protected":false},"featured_media":2967,"template":"","meta":{"ocean_post_layout":"","ocean_both_sidebars_style":"","ocean_both_sidebars_content_width":0,"ocean_both_sidebars_sidebars_width":0,"ocean_sidebar":"0","ocean_second_sidebar":"0","ocean_disable_margins":"enable","ocean_add_body_class":"","ocean_shortcode_before_top_bar":"","ocean_shortcode_after_top_bar":"","ocean_shortcode_before_header":"","ocean_shortcode_after_header":"","ocean_has_shortcode":"","ocean_shortcode_after_title":"","ocean_shortcode_before_footer_widgets":"","ocean_shortcode_after_footer_widgets":"","ocean_shortcode_before_footer_bottom":"","ocean_shortcode_after_footer_bottom":"","ocean_display_top_bar":"default","ocean_display_header":"default","ocean_header_style":"","ocean_center_header_left_menu":"0","ocean_custom_header_template":"0","ocean_custom_logo":0,"ocean_custom_retina_logo":0,"ocean_custom_logo_max_width":0,"ocean_custom_logo_tablet_max_width":0,"ocean_custom_logo_mobile_max_width":0,"ocean_custom_logo_max_height":0,"ocean_custom_logo_tablet_max_height":0,"ocean_custom_logo_mobile_max_height":0,"ocean_header_custom_menu":"0","ocean_menu_typo_font_family":"0","ocean_menu_typo_font_subset":"","ocean_menu_typo_font_size":0,"ocean_menu_typo_font_size_tablet":0,"ocean_menu_typo_font_size_mobile":0,"ocean_menu_typo_font_size_unit":"px","ocean_menu_typo_font_weight":"","ocean_menu_typo_font_weight_tablet":"","ocean_menu_typo_font_weight_mobile":"","ocean_menu_typo_transform":"","ocean_menu_typo_transform_tablet":"","ocean_menu_typo_transform_mobile":"","ocean_menu_typo_line_height":0,"ocean_menu_typo_line_height_tablet":0,"ocean_menu_typo_line_height_mobile":0,"ocean_menu_typo_line_height_unit":"","ocean_menu_typo_spacing":0,"ocean_menu_typo_spacing_tablet":0,"ocean_menu_typo_spacing_mobile":0,"ocean_menu_typo_spacing_unit":"","ocean_menu_link_color":"","ocean_menu_link_color_hover":"","ocean_menu_link_color_active":"","ocean_menu_link_background":"","ocean_menu_link_hover_background":"","ocean_menu_link_active_background":"","ocean_menu_social_links_bg":"","ocean_menu_social_hover_links_bg":"","ocean_menu_social_links_color":"","ocean_menu_social_hover_links_color":"","ocean_disable_title":"default","ocean_disable_heading":"default","ocean_post_title":"","ocean_post_subheading":"","ocean_post_title_style":"","ocean_post_title_background_color":"","ocean_post_title_background":0,"ocean_post_title_bg_image_position":"","ocean_post_title_bg_image_attachment":"","ocean_post_title_bg_image_repeat":"","ocean_post_title_bg_image_size":"","ocean_post_title_height":0,"ocean_post_title_bg_overlay":0.5,"ocean_post_title_bg_overlay_color":"","ocean_disable_breadcrumbs":"default","ocean_breadcrumbs_color":"","ocean_breadcrumbs_separator_color":"","ocean_breadcrumbs_links_color":"","ocean_breadcrumbs_links_hover_color":"","ocean_display_footer_widgets":"default","ocean_display_footer_bottom":"default","ocean_custom_footer_template":"0"},"product_brand":[],"product_cat":[35,36],"product_tag":[],"class_list":{"0":"post-2980","1":"product","2":"type-product","3":"status-publish","4":"has-post-thumbnail","6":"product_cat-lampen","7":"product_cat-arbeitslampen","9":"entry","10":"has-media","12":"first","13":"instock","14":"shipping-taxable","15":"product-type-simple","16":"has-product-nav","17":"col","18":"span_1_of_3","19":"owp-content-center","20":"owp-thumbs-layout-horizontal","21":"owp-btn-normal","22":"owp-tabs-layout-horizontal"},"yoast_head":"<!-- This site is optimized with the Yoast SEO plugin v27.0 - https:\/\/yoast.com\/product\/yoast-seo-wordpress\/ -->\n<title>WL 380 - 4K5 BETTER EQUIPMENT<\/title>\n<meta name=\"robots\" content=\"index, follow, max-snippet:-1, max-image-preview:large, max-video-preview:-1\" \/>\n<link rel=\"canonical\" href=\"https:\/\/4k5tools.com\/en\/produkte\/lampen\/arbeitslampen\/wl-380\/\" \/>\n<meta property=\"og:locale\" content=\"en_US\" \/>\n<meta property=\"og:type\" content=\"article\" \/>\n<meta property=\"og:title\" content=\"WL 380 - 4K5 BETTER EQUIPMENT\" \/>\n<meta property=\"og:description\" content=\"Handliche LED-Arbeitslampe mit Spotlicht, Flutlicht und vielseitigen Befestigungsm\u00f6glichkeiten   Effektives Ausleuchten durch Spotlicht mit 280 Lumen und Flutlicht mit 380 Lumen  3 verf\u00fcgbare Leuchtstufen am Flutlicht (High\/Medium\/Low) und 2 Leuchtstufen am Spotlicht (High\/Low) passend zur jeweiligen Anforderung  Vielf\u00e4ltige Anbringungsm\u00f6glichkeiten per Haken, Magnet und schwenkbarem St\u00e4nder  Optimales Positionieren durch Neigen um bis zu 180\u00b0   Simpler Transport in der Tasche dank kompakter Bauform   Gut sichtbare Anzeige des Akku-Ladestatus  Integrierter Lithium-Ionen-Akku  Wiederaufladbar \u00fcber USB-C-Kabel\" \/>\n<meta property=\"og:url\" content=\"https:\/\/4k5tools.com\/en\/produkte\/lampen\/arbeitslampen\/wl-380\/\" \/>\n<meta property=\"og:site_name\" content=\"4K5 BETTER EQUIPMENT\" \/>\n<meta property=\"article:modified_time\" content=\"2022-09-19T12:30:13+00:00\" \/>\n<meta property=\"og:image\" content=\"https:\/\/4k5tools.com\/wp-content\/uploads\/2022\/09\/602.206A_4K5_Produkt.webp\" \/>\n\t<meta property=\"og:image:width\" content=\"1200\" \/>\n\t<meta property=\"og:image:height\" content=\"1200\" \/>\n\t<meta property=\"og:image:type\" content=\"image\/webp\" \/>\n<meta name=\"twitter:card\" content=\"summary_large_image\" \/>\n<meta name=\"twitter:label1\" content=\"Est. reading time\" \/>\n\t<meta name=\"twitter:data1\" content=\"1 minute\" \/>\n<script type=\"application\/ld+json\" class=\"yoast-schema-graph\">{\"@context\":\"https:\/\/schema.org\",\"@graph\":[{\"@type\":\"WebPage\",\"@id\":\"https:\/\/4k5tools.com\/produkte\/lampen\/arbeitslampen\/wl-380\/\",\"url\":\"https:\/\/4k5tools.com\/produkte\/lampen\/arbeitslampen\/wl-380\/\",\"name\":\"WL 380 - 4K5 BETTER EQUIPMENT\",\"isPartOf\":{\"@id\":\"https:\/\/4k5tools.com\/#website\"},\"primaryImageOfPage\":{\"@id\":\"https:\/\/4k5tools.com\/produkte\/lampen\/arbeitslampen\/wl-380\/#primaryimage\"},\"image\":{\"@id\":\"https:\/\/4k5tools.com\/produkte\/lampen\/arbeitslampen\/wl-380\/#primaryimage\"},\"thumbnailUrl\":\"https:\/\/4k5tools.com\/wp-content\/uploads\/2022\/09\/602.206A_4K5_Produkt.webp\",\"datePublished\":\"2022-09-19T10:30:18+00:00\",\"dateModified\":\"2022-09-19T12:30:13+00:00\",\"breadcrumb\":{\"@id\":\"https:\/\/4k5tools.com\/produkte\/lampen\/arbeitslampen\/wl-380\/#breadcrumb\"},\"inLanguage\":\"en-US\",\"potentialAction\":[{\"@type\":\"ReadAction\",\"target\":[\"https:\/\/4k5tools.com\/produkte\/lampen\/arbeitslampen\/wl-380\/\"]}]},{\"@type\":\"ImageObject\",\"inLanguage\":\"en-US\",\"@id\":\"https:\/\/4k5tools.com\/produkte\/lampen\/arbeitslampen\/wl-380\/#primaryimage\",\"url\":\"https:\/\/4k5tools.com\/wp-content\/uploads\/2022\/09\/602.206A_4K5_Produkt.webp\",\"contentUrl\":\"https:\/\/4k5tools.com\/wp-content\/uploads\/2022\/09\/602.206A_4K5_Produkt.webp\",\"width\":1200,\"height\":1200,\"caption\":\"602.206A Arbeitslampe\"},{\"@type\":\"BreadcrumbList\",\"@id\":\"https:\/\/4k5tools.com\/produkte\/lampen\/arbeitslampen\/wl-380\/#breadcrumb\",\"itemListElement\":[{\"@type\":\"ListItem\",\"position\":1,\"name\":\"START\",\"item\":\"https:\/\/4k5tools.com\/\"},{\"@type\":\"ListItem\",\"position\":2,\"name\":\"PRODUKTE\",\"item\":\"https:\/\/4k5tools.com\/shop\/\"},{\"@type\":\"ListItem\",\"position\":3,\"name\":\"LAMPEN\",\"item\":\"https:\/\/4k5tools.com\/produkt-kategorie\/lampen\/\"},{\"@type\":\"ListItem\",\"position\":4,\"name\":\"ARBEITSLAMPEN\",\"item\":\"https:\/\/4k5tools.com\/produkt-kategorie\/lampen\/arbeitslampen\/\"},{\"@type\":\"ListItem\",\"position\":5,\"name\":\"WL 380\"}]},{\"@type\":\"WebSite\",\"@id\":\"https:\/\/4k5tools.com\/#website\",\"url\":\"https:\/\/4k5tools.com\/\",\"name\":\"4K5 BETTER EQUIPMENT\",\"description\":\"\",\"publisher\":{\"@id\":\"https:\/\/4k5tools.com\/#organization\"},\"potentialAction\":[{\"@type\":\"SearchAction\",\"target\":{\"@type\":\"EntryPoint\",\"urlTemplate\":\"https:\/\/4k5tools.com\/?s={search_term_string}\"},\"query-input\":{\"@type\":\"PropertyValueSpecification\",\"valueRequired\":true,\"valueName\":\"search_term_string\"}}],\"inLanguage\":\"en-US\"},{\"@type\":\"Organization\",\"@id\":\"https:\/\/4k5tools.com\/#organization\",\"name\":\"4K5 BETTER EQUIPMENT\",\"url\":\"https:\/\/4k5tools.com\/\",\"logo\":{\"@type\":\"ImageObject\",\"inLanguage\":\"en-US\",\"@id\":\"https:\/\/4k5tools.com\/#\/schema\/logo\/image\/\",\"url\":\"https:\/\/4k5tools.com\/wp-content\/uploads\/2022\/04\/4K5_Better-Equipment.webp\",\"contentUrl\":\"https:\/\/4k5tools.com\/wp-content\/uploads\/2022\/04\/4K5_Better-Equipment.webp\",\"width\":550,\"height\":200,\"caption\":\"4K5 BETTER EQUIPMENT\"},\"image\":{\"@id\":\"https:\/\/4k5tools.com\/#\/schema\/logo\/image\/\"}}]}<\/script>\n<!-- \/ Yoast SEO plugin. -->","yoast_head_json":{"title":"WL 380 - 4K5 BETTER EQUIPMENT","robots":{"index":"index","follow":"follow","max-snippet":"max-snippet:-1","max-image-preview":"max-image-preview:large","max-video-preview":"max-video-preview:-1"},"canonical":"https:\/\/4k5tools.com\/en\/produkte\/lampen\/arbeitslampen\/wl-380\/","og_locale":"en_US","og_type":"article","og_title":"WL 380 - 4K5 BETTER EQUIPMENT","og_description":"Handliche LED-Arbeitslampe mit Spotlicht, Flutlicht und vielseitigen Befestigungsm\u00f6glichkeiten   Effektives Ausleuchten durch Spotlicht mit 280 Lumen und Flutlicht mit 380 Lumen  3 verf\u00fcgbare Leuchtstufen am Flutlicht (High\/Medium\/Low) und 2 Leuchtstufen am Spotlicht (High\/Low) passend zur jeweiligen Anforderung  Vielf\u00e4ltige Anbringungsm\u00f6glichkeiten per Haken, Magnet und schwenkbarem St\u00e4nder  Optimales Positionieren durch Neigen um bis zu 180\u00b0   Simpler Transport in der Tasche dank kompakter Bauform   Gut sichtbare Anzeige des Akku-Ladestatus  Integrierter Lithium-Ionen-Akku  Wiederaufladbar \u00fcber USB-C-Kabel","og_url":"https:\/\/4k5tools.com\/en\/produkte\/lampen\/arbeitslampen\/wl-380\/","og_site_name":"4K5 BETTER EQUIPMENT","article_modified_time":"2022-09-19T12:30:13+00:00","og_image":[{"width":1200,"height":1200,"url":"https:\/\/4k5tools.com\/wp-content\/uploads\/2022\/09\/602.206A_4K5_Produkt.webp","type":"image\/webp"}],"twitter_card":"summary_large_image","twitter_misc":{"Est. reading time":"1 minute"},"schema":{"@context":"https:\/\/schema.org","@graph":[{"@type":"WebPage","@id":"https:\/\/4k5tools.com\/produkte\/lampen\/arbeitslampen\/wl-380\/","url":"https:\/\/4k5tools.com\/produkte\/lampen\/arbeitslampen\/wl-380\/","name":"WL 380 - 4K5 BETTER EQUIPMENT","isPartOf":{"@id":"https:\/\/4k5tools.com\/#website"},"primaryImageOfPage":{"@id":"https:\/\/4k5tools.com\/produkte\/lampen\/arbeitslampen\/wl-380\/#primaryimage"},"image":{"@id":"https:\/\/4k5tools.com\/produkte\/lampen\/arbeitslampen\/wl-380\/#primaryimage"},"thumbnailUrl":"https:\/\/4k5tools.com\/wp-content\/uploads\/2022\/09\/602.206A_4K5_Produkt.webp","datePublished":"2022-09-19T10:30:18+00:00","dateModified":"2022-09-19T12:30:13+00:00","breadcrumb":{"@id":"https:\/\/4k5tools.com\/produkte\/lampen\/arbeitslampen\/wl-380\/#breadcrumb"},"inLanguage":"en-US","potentialAction":[{"@type":"ReadAction","target":["https:\/\/4k5tools.com\/produkte\/lampen\/arbeitslampen\/wl-380\/"]}]},{"@type":"ImageObject","inLanguage":"en-US","@id":"https:\/\/4k5tools.com\/produkte\/lampen\/arbeitslampen\/wl-380\/#primaryimage","url":"https:\/\/4k5tools.com\/wp-content\/uploads\/2022\/09\/602.206A_4K5_Produkt.webp","contentUrl":"https:\/\/4k5tools.com\/wp-content\/uploads\/2022\/09\/602.206A_4K5_Produkt.webp","width":1200,"height":1200,"caption":"602.206A Arbeitslampe"},{"@type":"BreadcrumbList","@id":"https:\/\/4k5tools.com\/produkte\/lampen\/arbeitslampen\/wl-380\/#breadcrumb","itemListElement":[{"@type":"ListItem","position":1,"name":"START","item":"https:\/\/4k5tools.com\/"},{"@type":"ListItem","position":2,"name":"PRODUKTE","item":"https:\/\/4k5tools.com\/shop\/"},{"@type":"ListItem","position":3,"name":"LAMPEN","item":"https:\/\/4k5tools.com\/produkt-kategorie\/lampen\/"},{"@type":"ListItem","position":4,"name":"ARBEITSLAMPEN","item":"https:\/\/4k5tools.com\/produkt-kategorie\/lampen\/arbeitslampen\/"},{"@type":"ListItem","position":5,"name":"WL 380"}]},{"@type":"WebSite","@id":"https:\/\/4k5tools.com\/#website","url":"https:\/\/4k5tools.com\/","name":"4K5 BETTER EQUIPMENT","description":"","publisher":{"@id":"https:\/\/4k5tools.com\/#organization"},"potentialAction":[{"@type":"SearchAction","target":{"@type":"EntryPoint","urlTemplate":"https:\/\/4k5tools.com\/?s={search_term_string}"},"query-input":{"@type":"PropertyValueSpecification","valueRequired":true,"valueName":"search_term_string"}}],"inLanguage":"en-US"},{"@type":"Organization","@id":"https:\/\/4k5tools.com\/#organization","name":"4K5 BETTER EQUIPMENT","url":"https:\/\/4k5tools.com\/","logo":{"@type":"ImageObject","inLanguage":"en-US","@id":"https:\/\/4k5tools.com\/#\/schema\/logo\/image\/","url":"https:\/\/4k5tools.com\/wp-content\/uploads\/2022\/04\/4K5_Better-Equipment.webp","contentUrl":"https:\/\/4k5tools.com\/wp-content\/uploads\/2022\/04\/4K5_Better-Equipment.webp","width":550,"height":200,"caption":"4K5 BETTER EQUIPMENT"},"image":{"@id":"https:\/\/4k5tools.com\/#\/schema\/logo\/image\/"}}]}},"_links":{"self":[{"href":"https:\/\/4k5tools.com\/en\/wp-json\/wp\/v2\/product\/2980","targetHints":{"allow":["GET"]}}],"collection":[{"href":"https:\/\/4k5tools.com\/en\/wp-json\/wp\/v2\/product"}],"about":[{"href":"https:\/\/4k5tools.com\/en\/wp-json\/wp\/v2\/types\/product"}],"wp:featuredmedia":[{"embeddable":true,"href":"https:\/\/4k5tools.com\/en\/wp-json\/wp\/v2\/media\/2967"}],"wp:attachment":[{"href":"https:\/\/4k5tools.com\/en\/wp-json\/wp\/v2\/media?parent=2980"}],"wp:term":[{"taxonomy":"product_brand","embeddable":true,"href":"https:\/\/4k5tools.com\/en\/wp-json\/wp\/v2\/product_brand?post=2980"},{"taxonomy":"product_cat","embeddable":true,"href":"https:\/\/4k5tools.com\/en\/wp-json\/wp\/v2\/product_cat?post=2980"},{"taxonomy":"product_tag","embeddable":true,"href":"https:\/\/4k5tools.com\/en\/wp-json\/wp\/v2\/product_tag?post=2980"}],"curies":[{"name":"wp","href":"https:\/\/api.w.org\/{rel}","templated":true}]}}