{"id":5149,"date":"2024-09-12T11:37:48","date_gmt":"2024-09-12T09:37:48","guid":{"rendered":"https:\/\/4k5tools.com\/?post_type=product&#038;p=5149"},"modified":"2026-03-04T07:57:30","modified_gmt":"2026-03-04T06:57:30","slug":"vu-100m","status":"publish","type":"product","link":"https:\/\/4k5tools.com\/en\/produkte\/wasserwaage\/rechteckprofil-wasserwaagen\/vu-100m\/","title":{"rendered":"VU 100M"},"content":{"rendered":"<p>This high-quality spirit level is especially easy to read. It has magnifying lens in the horizontal acrylic block vial and an extra sight glass on one of the two vertical acrylic block vials. When working on metal surfaces, the user has both hands free thanks to the spirit level being attached by means of rare earth magnets and can thus concentrate fully on his work. In use, the spirit level is characterised by extreme precision for standard and overhead measurements. The rubberised end stops securely prevent slippage on walls. Two finely milled measuring surfaces enable precise alignment and a V-groove enables use on round material. Thanks to the thick walls and widened measuring surface, the aluminium profile offers great stability. Rubberised ergonomic handles make work comfortable.<\/p>","protected":false},"excerpt":{"rendered":"<p>High-quality, easy-read and magnetic spirit level with finely milled measuring surfaces and V-groove<\/p>\n<ul title=\"\">\n<li title=\"\">Attaching with rare-earth magnets for hands-free working on metal constructions<\/li>\n<li title=\"\">ZOOM EYE: Magnifying lens on the horizontal acrylic block vial for taking accurate readings<\/li>\n<li title=\"\">DUO VIEW: Additional sight glass allows the vertical acrylic block vial to be viewed from the front for taking more accurate readings<\/li>\n<li title=\"\">2 fine-milled measuring surfaces for precise alignment<\/li>\n<li title=\"\">V-groove for attaching to pipes<\/li>\n<li title=\"\">High measuring accuracy for standard and overhead measurements<\/li>\n<li title=\"\">Robust aluminium housing with thick walls<\/li>\n<li title=\"\">Increased stability due to widened measuring surface<\/li>\n<li title=\"\">Ergonomic rubberised handles<\/li>\n<li title=\"\">Rubberised end stop prevents slippage on walls<\/li>\n<\/ul>","protected":false},"featured_media":5150,"template":"","meta":{"ocean_post_layout":"","ocean_both_sidebars_style":"","ocean_both_sidebars_content_width":0,"ocean_both_sidebars_sidebars_width":0,"ocean_sidebar":"0","ocean_second_sidebar":"0","ocean_disable_margins":"enable","ocean_add_body_class":"","ocean_shortcode_before_top_bar":"","ocean_shortcode_after_top_bar":"","ocean_shortcode_before_header":"","ocean_shortcode_after_header":"","ocean_has_shortcode":"","ocean_shortcode_after_title":"","ocean_shortcode_before_footer_widgets":"","ocean_shortcode_after_footer_widgets":"","ocean_shortcode_before_footer_bottom":"","ocean_shortcode_after_footer_bottom":"","ocean_display_top_bar":"default","ocean_display_header":"default","ocean_header_style":"","ocean_center_header_left_menu":"0","ocean_custom_header_template":"0","ocean_custom_logo":0,"ocean_custom_retina_logo":0,"ocean_custom_logo_max_width":0,"ocean_custom_logo_tablet_max_width":0,"ocean_custom_logo_mobile_max_width":0,"ocean_custom_logo_max_height":0,"ocean_custom_logo_tablet_max_height":0,"ocean_custom_logo_mobile_max_height":0,"ocean_header_custom_menu":"0","ocean_menu_typo_font_family":"0","ocean_menu_typo_font_subset":"","ocean_menu_typo_font_size":0,"ocean_menu_typo_font_size_tablet":0,"ocean_menu_typo_font_size_mobile":0,"ocean_menu_typo_font_size_unit":"px","ocean_menu_typo_font_weight":"","ocean_menu_typo_font_weight_tablet":"","ocean_menu_typo_font_weight_mobile":"","ocean_menu_typo_transform":"","ocean_menu_typo_transform_tablet":"","ocean_menu_typo_transform_mobile":"","ocean_menu_typo_line_height":0,"ocean_menu_typo_line_height_tablet":0,"ocean_menu_typo_line_height_mobile":0,"ocean_menu_typo_line_height_unit":"","ocean_menu_typo_spacing":0,"ocean_menu_typo_spacing_tablet":0,"ocean_menu_typo_spacing_mobile":0,"ocean_menu_typo_spacing_unit":"","ocean_menu_link_color":"","ocean_menu_link_color_hover":"","ocean_menu_link_color_active":"","ocean_menu_link_background":"","ocean_menu_link_hover_background":"","ocean_menu_link_active_background":"","ocean_menu_social_links_bg":"","ocean_menu_social_hover_links_bg":"","ocean_menu_social_links_color":"","ocean_menu_social_hover_links_color":"","ocean_disable_title":"default","ocean_disable_heading":"default","ocean_post_title":"","ocean_post_subheading":"","ocean_post_title_style":"","ocean_post_title_background_color":"","ocean_post_title_background":0,"ocean_post_title_bg_image_position":"","ocean_post_title_bg_image_attachment":"","ocean_post_title_bg_image_repeat":"","ocean_post_title_bg_image_size":"","ocean_post_title_height":0,"ocean_post_title_bg_overlay":0.5,"ocean_post_title_bg_overlay_color":"","ocean_disable_breadcrumbs":"default","ocean_breadcrumbs_color":"","ocean_breadcrumbs_separator_color":"","ocean_breadcrumbs_links_color":"","ocean_breadcrumbs_links_hover_color":"","ocean_display_footer_widgets":"default","ocean_display_footer_bottom":"default","ocean_custom_footer_template":"0"},"product_brand":[],"product_cat":[55,43],"product_tag":[],"class_list":{"0":"post-5149","1":"product","2":"type-product","3":"status-publish","4":"has-post-thumbnail","6":"product_cat-rechteckprofil-wasserwaagen","7":"product_cat-wasserwaage","9":"entry","10":"has-media","12":"first","13":"instock","14":"shipping-taxable","15":"product-type-simple","16":"has-product-nav","17":"col","18":"span_1_of_3","19":"owp-content-center","20":"owp-thumbs-layout-horizontal","21":"owp-btn-normal","22":"owp-tabs-layout-horizontal","23":"has-no-thumbnails"},"yoast_head":"<!-- This site is optimized with the Yoast SEO plugin v27.3 - https:\/\/yoast.com\/product\/yoast-seo-wordpress\/ -->\n<title>VU 100M - 4K5 BETTER EQUIPMENT<\/title>\n<meta name=\"robots\" content=\"index, follow, max-snippet:-1, max-image-preview:large, max-video-preview:-1\" \/>\n<link rel=\"canonical\" href=\"https:\/\/4k5tools.com\/en\/produkte\/wasserwaage\/rechteckprofil-wasserwaagen\/vu-100m\/\" \/>\n<meta property=\"og:locale\" content=\"en_US\" \/>\n<meta property=\"og:type\" content=\"article\" \/>\n<meta property=\"og:title\" content=\"VU 100M - 4K5 BETTER EQUIPMENT\" \/>\n<meta property=\"og:description\" content=\"Hochwertige, einfach ablesbare und magnetische Wasserwaage mit fein gefr\u00e4sten Messfl\u00e4chen und V-Nut   Freie H\u00e4nde bei Arbeiten an Metalloberfl\u00e4chen per Anbringung mit Seltenerdmagneten  ZOOM EYE: Vergr\u00f6\u00dferungslinse an horizontaler Acrylglas-Blocklibelle zum exakten Ablesen  DUO VIEW: Zus\u00e4tzliches Schauglas erm\u00f6glicht Frontalansicht auf vertikale Acrylglas-Blocklibelle f\u00fcr genaueres Ablesen  2 fein gefr\u00e4ste Messfl\u00e4chen zum genauen Ausrichten  V-Nut zur Anbringung auf Rohren  Hohe Messgenauigkeit bei Standard- und \u00dcber-Kopf-Messungen  Robustes Aluminiumprofil mit kr\u00e4ftiger Wandst\u00e4rke  Gesteigerte Stabilit\u00e4t dank verbreiterter Messfl\u00e4che  Ergonomische gummierte Griffe  Sicherer Halt durch gummierte Wand-Rutschstopper\" \/>\n<meta property=\"og:url\" content=\"https:\/\/4k5tools.com\/en\/produkte\/wasserwaage\/rechteckprofil-wasserwaagen\/vu-100m\/\" \/>\n<meta property=\"og:site_name\" content=\"4K5 BETTER EQUIPMENT\" \/>\n<meta property=\"article:modified_time\" content=\"2026-03-04T06:57:30+00:00\" \/>\n<meta property=\"og:image\" content=\"https:\/\/4k5tools.com\/wp-content\/uploads\/2024\/09\/603.101-100M.webp\" \/>\n\t<meta property=\"og:image:width\" content=\"1300\" \/>\n\t<meta property=\"og:image:height\" content=\"1300\" \/>\n\t<meta property=\"og:image:type\" content=\"image\/webp\" \/>\n<meta name=\"twitter:card\" content=\"summary_large_image\" \/>\n<meta name=\"twitter:label1\" content=\"Est. reading time\" \/>\n\t<meta name=\"twitter:data1\" content=\"1 minute\" \/>\n<script type=\"application\/ld+json\" class=\"yoast-schema-graph\">{\"@context\":\"https:\\\/\\\/schema.org\",\"@graph\":[{\"@type\":\"WebPage\",\"@id\":\"https:\\\/\\\/4k5tools.com\\\/produkte\\\/wasserwaage\\\/rechteckprofil-wasserwaagen\\\/vu-100m\\\/\",\"url\":\"https:\\\/\\\/4k5tools.com\\\/produkte\\\/wasserwaage\\\/rechteckprofil-wasserwaagen\\\/vu-100m\\\/\",\"name\":\"VU 100M - 4K5 BETTER EQUIPMENT\",\"isPartOf\":{\"@id\":\"https:\\\/\\\/4k5tools.com\\\/#website\"},\"primaryImageOfPage\":{\"@id\":\"https:\\\/\\\/4k5tools.com\\\/produkte\\\/wasserwaage\\\/rechteckprofil-wasserwaagen\\\/vu-100m\\\/#primaryimage\"},\"image\":{\"@id\":\"https:\\\/\\\/4k5tools.com\\\/produkte\\\/wasserwaage\\\/rechteckprofil-wasserwaagen\\\/vu-100m\\\/#primaryimage\"},\"thumbnailUrl\":\"https:\\\/\\\/4k5tools.com\\\/wp-content\\\/uploads\\\/2024\\\/09\\\/603.101-100M.webp\",\"datePublished\":\"2024-09-12T09:37:48+00:00\",\"dateModified\":\"2026-03-04T06:57:30+00:00\",\"breadcrumb\":{\"@id\":\"https:\\\/\\\/4k5tools.com\\\/produkte\\\/wasserwaage\\\/rechteckprofil-wasserwaagen\\\/vu-100m\\\/#breadcrumb\"},\"inLanguage\":\"en-US\",\"potentialAction\":[{\"@type\":\"ReadAction\",\"target\":[\"https:\\\/\\\/4k5tools.com\\\/produkte\\\/wasserwaage\\\/rechteckprofil-wasserwaagen\\\/vu-100m\\\/\"]}]},{\"@type\":\"ImageObject\",\"inLanguage\":\"en-US\",\"@id\":\"https:\\\/\\\/4k5tools.com\\\/produkte\\\/wasserwaage\\\/rechteckprofil-wasserwaagen\\\/vu-100m\\\/#primaryimage\",\"url\":\"https:\\\/\\\/4k5tools.com\\\/wp-content\\\/uploads\\\/2024\\\/09\\\/603.101-100M.webp\",\"contentUrl\":\"https:\\\/\\\/4k5tools.com\\\/wp-content\\\/uploads\\\/2024\\\/09\\\/603.101-100M.webp\",\"width\":1300,\"height\":1300,\"caption\":\"Wasserwaage 603.101-100M VU 100M\"},{\"@type\":\"BreadcrumbList\",\"@id\":\"https:\\\/\\\/4k5tools.com\\\/produkte\\\/wasserwaage\\\/rechteckprofil-wasserwaagen\\\/vu-100m\\\/#breadcrumb\",\"itemListElement\":[{\"@type\":\"ListItem\",\"position\":1,\"name\":\"START\",\"item\":\"https:\\\/\\\/4k5tools.com\\\/\"},{\"@type\":\"ListItem\",\"position\":2,\"name\":\"PRODUKTE\",\"item\":\"https:\\\/\\\/4k5tools.com\\\/shop\\\/\"},{\"@type\":\"ListItem\",\"position\":3,\"name\":\"WASSERWAAGEN\",\"item\":\"https:\\\/\\\/4k5tools.com\\\/produkt-kategorie\\\/wasserwaage\\\/\"},{\"@type\":\"ListItem\",\"position\":4,\"name\":\"VU 100M\"}]},{\"@type\":\"WebSite\",\"@id\":\"https:\\\/\\\/4k5tools.com\\\/#website\",\"url\":\"https:\\\/\\\/4k5tools.com\\\/\",\"name\":\"4K5 BETTER EQUIPMENT\",\"description\":\"\",\"publisher\":{\"@id\":\"https:\\\/\\\/4k5tools.com\\\/#organization\"},\"potentialAction\":[{\"@type\":\"SearchAction\",\"target\":{\"@type\":\"EntryPoint\",\"urlTemplate\":\"https:\\\/\\\/4k5tools.com\\\/?s={search_term_string}\"},\"query-input\":{\"@type\":\"PropertyValueSpecification\",\"valueRequired\":true,\"valueName\":\"search_term_string\"}}],\"inLanguage\":\"en-US\"},{\"@type\":\"Organization\",\"@id\":\"https:\\\/\\\/4k5tools.com\\\/#organization\",\"name\":\"4K5 BETTER EQUIPMENT\",\"url\":\"https:\\\/\\\/4k5tools.com\\\/\",\"logo\":{\"@type\":\"ImageObject\",\"inLanguage\":\"en-US\",\"@id\":\"https:\\\/\\\/4k5tools.com\\\/#\\\/schema\\\/logo\\\/image\\\/\",\"url\":\"https:\\\/\\\/4k5tools.com\\\/wp-content\\\/uploads\\\/2022\\\/04\\\/4K5_Better-Equipment.webp\",\"contentUrl\":\"https:\\\/\\\/4k5tools.com\\\/wp-content\\\/uploads\\\/2022\\\/04\\\/4K5_Better-Equipment.webp\",\"width\":550,\"height\":200,\"caption\":\"4K5 BETTER EQUIPMENT\"},\"image\":{\"@id\":\"https:\\\/\\\/4k5tools.com\\\/#\\\/schema\\\/logo\\\/image\\\/\"}}]}<\/script>\n<!-- \/ Yoast SEO plugin. -->","yoast_head_json":{"title":"VU 100M - 4K5 BETTER EQUIPMENT","robots":{"index":"index","follow":"follow","max-snippet":"max-snippet:-1","max-image-preview":"max-image-preview:large","max-video-preview":"max-video-preview:-1"},"canonical":"https:\/\/4k5tools.com\/en\/produkte\/wasserwaage\/rechteckprofil-wasserwaagen\/vu-100m\/","og_locale":"en_US","og_type":"article","og_title":"VU 100M - 4K5 BETTER EQUIPMENT","og_description":"Hochwertige, einfach ablesbare und magnetische Wasserwaage mit fein gefr\u00e4sten Messfl\u00e4chen und V-Nut   Freie H\u00e4nde bei Arbeiten an Metalloberfl\u00e4chen per Anbringung mit Seltenerdmagneten  ZOOM EYE: Vergr\u00f6\u00dferungslinse an horizontaler Acrylglas-Blocklibelle zum exakten Ablesen  DUO VIEW: Zus\u00e4tzliches Schauglas erm\u00f6glicht Frontalansicht auf vertikale Acrylglas-Blocklibelle f\u00fcr genaueres Ablesen  2 fein gefr\u00e4ste Messfl\u00e4chen zum genauen Ausrichten  V-Nut zur Anbringung auf Rohren  Hohe Messgenauigkeit bei Standard- und \u00dcber-Kopf-Messungen  Robustes Aluminiumprofil mit kr\u00e4ftiger Wandst\u00e4rke  Gesteigerte Stabilit\u00e4t dank verbreiterter Messfl\u00e4che  Ergonomische gummierte Griffe  Sicherer Halt durch gummierte Wand-Rutschstopper","og_url":"https:\/\/4k5tools.com\/en\/produkte\/wasserwaage\/rechteckprofil-wasserwaagen\/vu-100m\/","og_site_name":"4K5 BETTER EQUIPMENT","article_modified_time":"2026-03-04T06:57:30+00:00","og_image":[{"width":1300,"height":1300,"url":"https:\/\/4k5tools.com\/wp-content\/uploads\/2024\/09\/603.101-100M.webp","type":"image\/webp"}],"twitter_card":"summary_large_image","twitter_misc":{"Est. reading time":"1 minute"},"schema":{"@context":"https:\/\/schema.org","@graph":[{"@type":"WebPage","@id":"https:\/\/4k5tools.com\/produkte\/wasserwaage\/rechteckprofil-wasserwaagen\/vu-100m\/","url":"https:\/\/4k5tools.com\/produkte\/wasserwaage\/rechteckprofil-wasserwaagen\/vu-100m\/","name":"VU 100M - 4K5 BETTER EQUIPMENT","isPartOf":{"@id":"https:\/\/4k5tools.com\/#website"},"primaryImageOfPage":{"@id":"https:\/\/4k5tools.com\/produkte\/wasserwaage\/rechteckprofil-wasserwaagen\/vu-100m\/#primaryimage"},"image":{"@id":"https:\/\/4k5tools.com\/produkte\/wasserwaage\/rechteckprofil-wasserwaagen\/vu-100m\/#primaryimage"},"thumbnailUrl":"https:\/\/4k5tools.com\/wp-content\/uploads\/2024\/09\/603.101-100M.webp","datePublished":"2024-09-12T09:37:48+00:00","dateModified":"2026-03-04T06:57:30+00:00","breadcrumb":{"@id":"https:\/\/4k5tools.com\/produkte\/wasserwaage\/rechteckprofil-wasserwaagen\/vu-100m\/#breadcrumb"},"inLanguage":"en-US","potentialAction":[{"@type":"ReadAction","target":["https:\/\/4k5tools.com\/produkte\/wasserwaage\/rechteckprofil-wasserwaagen\/vu-100m\/"]}]},{"@type":"ImageObject","inLanguage":"en-US","@id":"https:\/\/4k5tools.com\/produkte\/wasserwaage\/rechteckprofil-wasserwaagen\/vu-100m\/#primaryimage","url":"https:\/\/4k5tools.com\/wp-content\/uploads\/2024\/09\/603.101-100M.webp","contentUrl":"https:\/\/4k5tools.com\/wp-content\/uploads\/2024\/09\/603.101-100M.webp","width":1300,"height":1300,"caption":"Wasserwaage 603.101-100M VU 100M"},{"@type":"BreadcrumbList","@id":"https:\/\/4k5tools.com\/produkte\/wasserwaage\/rechteckprofil-wasserwaagen\/vu-100m\/#breadcrumb","itemListElement":[{"@type":"ListItem","position":1,"name":"START","item":"https:\/\/4k5tools.com\/"},{"@type":"ListItem","position":2,"name":"PRODUKTE","item":"https:\/\/4k5tools.com\/shop\/"},{"@type":"ListItem","position":3,"name":"WASSERWAAGEN","item":"https:\/\/4k5tools.com\/produkt-kategorie\/wasserwaage\/"},{"@type":"ListItem","position":4,"name":"VU 100M"}]},{"@type":"WebSite","@id":"https:\/\/4k5tools.com\/#website","url":"https:\/\/4k5tools.com\/","name":"4K5 BETTER EQUIPMENT","description":"","publisher":{"@id":"https:\/\/4k5tools.com\/#organization"},"potentialAction":[{"@type":"SearchAction","target":{"@type":"EntryPoint","urlTemplate":"https:\/\/4k5tools.com\/?s={search_term_string}"},"query-input":{"@type":"PropertyValueSpecification","valueRequired":true,"valueName":"search_term_string"}}],"inLanguage":"en-US"},{"@type":"Organization","@id":"https:\/\/4k5tools.com\/#organization","name":"4K5 BETTER EQUIPMENT","url":"https:\/\/4k5tools.com\/","logo":{"@type":"ImageObject","inLanguage":"en-US","@id":"https:\/\/4k5tools.com\/#\/schema\/logo\/image\/","url":"https:\/\/4k5tools.com\/wp-content\/uploads\/2022\/04\/4K5_Better-Equipment.webp","contentUrl":"https:\/\/4k5tools.com\/wp-content\/uploads\/2022\/04\/4K5_Better-Equipment.webp","width":550,"height":200,"caption":"4K5 BETTER EQUIPMENT"},"image":{"@id":"https:\/\/4k5tools.com\/#\/schema\/logo\/image\/"}}]}},"_links":{"self":[{"href":"https:\/\/4k5tools.com\/en\/wp-json\/wp\/v2\/product\/5149","targetHints":{"allow":["GET"]}}],"collection":[{"href":"https:\/\/4k5tools.com\/en\/wp-json\/wp\/v2\/product"}],"about":[{"href":"https:\/\/4k5tools.com\/en\/wp-json\/wp\/v2\/types\/product"}],"wp:featuredmedia":[{"embeddable":true,"href":"https:\/\/4k5tools.com\/en\/wp-json\/wp\/v2\/media\/5150"}],"wp:attachment":[{"href":"https:\/\/4k5tools.com\/en\/wp-json\/wp\/v2\/media?parent=5149"}],"wp:term":[{"taxonomy":"product_brand","embeddable":true,"href":"https:\/\/4k5tools.com\/en\/wp-json\/wp\/v2\/product_brand?post=5149"},{"taxonomy":"product_cat","embeddable":true,"href":"https:\/\/4k5tools.com\/en\/wp-json\/wp\/v2\/product_cat?post=5149"},{"taxonomy":"product_tag","embeddable":true,"href":"https:\/\/4k5tools.com\/en\/wp-json\/wp\/v2\/product_tag?post=5149"}],"curies":[{"name":"wp","href":"https:\/\/api.w.org\/{rel}","templated":true}]}}