{"id":5584,"date":"2026-03-03T08:33:02","date_gmt":"2026-03-03T07:33:02","guid":{"rendered":"https:\/\/4k5tools.com\/?post_type=product&#038;p=5584"},"modified":"2026-03-04T08:31:57","modified_gmt":"2026-03-04T07:31:57","slug":"ldx-5","status":"publish","type":"product","link":"https:\/\/4k5tools.com\/en\/produkte\/neuheiten\/messzeuge-neuheiten\/ldx-5\/","title":{"rendered":"LDX 5+"},"content":{"rendered":"<p>The single-sided printed tape measure features a built-in LED light in the housing, for readings even in poor lighting conditions. It also has an easy-to-use stop button for locking the tape, as well as a magnetic hook at the tip for attaching it to metallic surfaces. The rubber-coated housing is ergonomic, robust and easy to clean. There is a pocket clip for carrying the tape measure.<\/p>","protected":false},"excerpt":{"rendered":"<p>Compact, single-sided printed steel tape measure with magnetic end hook and optimal readability even in poor lighting conditions thanks to the integrated LED light<\/p>\n<ul title=\"\">\n<li>Built-in LED light for optimum visibility even in poor lighting conditions \u2013 ideal for work on construction sites, in workshops or when assembling<\/li>\n<li>High contrast through white tape with black digits for maximum readability under any lighting conditions<\/li>\n<li>Kink-resistant: Can be extended up to 2.5 m without kinking<\/li>\n<li>Magnetic hook makes it easy to attach to metallic surfaces \u2013 ideal for one-person measurements<\/li>\n<li>Hook position can be adjusted for precise internal and external measurement<\/li>\n<li>Auto shut-off after 5 minutes: Energy-saving function switches the device off automatically \u2013 extending battery life and preventing unwanted power consumption<\/li>\n<li>Rechargeable battery life: up to 1.5 hours, sufficient power for intensive projects \u2013 ideal for daily use<\/li>\n<li>High-performance lithium-ion rechargeable battery: Fully recharged in just 30 minutes<\/li>\n<li>Accuracy class II \u2013 good measurement precision for construction and craft trade<\/li>\n<li>Rust-resistant thanks to nylon coating: Efficient protection against tape corrosion<\/li>\n<li>Can be operated with just with one hand: Ideal for quick and simple measurements without assistance, including easy-to-use stop button for locking the tape<\/li>\n<li>Rechargeable via USB-C cable<\/li>\n<\/ul>","protected":false},"featured_media":5591,"template":"","meta":{"ocean_post_layout":"","ocean_both_sidebars_style":"","ocean_both_sidebars_content_width":0,"ocean_both_sidebars_sidebars_width":0,"ocean_sidebar":"0","ocean_second_sidebar":"0","ocean_disable_margins":"enable","ocean_add_body_class":"","ocean_shortcode_before_top_bar":"","ocean_shortcode_after_top_bar":"","ocean_shortcode_before_header":"","ocean_shortcode_after_header":"","ocean_has_shortcode":"","ocean_shortcode_after_title":"","ocean_shortcode_before_footer_widgets":"","ocean_shortcode_after_footer_widgets":"","ocean_shortcode_before_footer_bottom":"","ocean_shortcode_after_footer_bottom":"","ocean_display_top_bar":"default","ocean_display_header":"default","ocean_header_style":"","ocean_center_header_left_menu":"0","ocean_custom_header_template":"0","ocean_custom_logo":0,"ocean_custom_retina_logo":0,"ocean_custom_logo_max_width":0,"ocean_custom_logo_tablet_max_width":0,"ocean_custom_logo_mobile_max_width":0,"ocean_custom_logo_max_height":0,"ocean_custom_logo_tablet_max_height":0,"ocean_custom_logo_mobile_max_height":0,"ocean_header_custom_menu":"0","ocean_menu_typo_font_family":"0","ocean_menu_typo_font_subset":"","ocean_menu_typo_font_size":0,"ocean_menu_typo_font_size_tablet":0,"ocean_menu_typo_font_size_mobile":0,"ocean_menu_typo_font_size_unit":"px","ocean_menu_typo_font_weight":"","ocean_menu_typo_font_weight_tablet":"","ocean_menu_typo_font_weight_mobile":"","ocean_menu_typo_transform":"","ocean_menu_typo_transform_tablet":"","ocean_menu_typo_transform_mobile":"","ocean_menu_typo_line_height":0,"ocean_menu_typo_line_height_tablet":0,"ocean_menu_typo_line_height_mobile":0,"ocean_menu_typo_line_height_unit":"","ocean_menu_typo_spacing":0,"ocean_menu_typo_spacing_tablet":0,"ocean_menu_typo_spacing_mobile":0,"ocean_menu_typo_spacing_unit":"","ocean_menu_link_color":"","ocean_menu_link_color_hover":"","ocean_menu_link_color_active":"","ocean_menu_link_background":"","ocean_menu_link_hover_background":"","ocean_menu_link_active_background":"","ocean_menu_social_links_bg":"","ocean_menu_social_hover_links_bg":"","ocean_menu_social_links_color":"","ocean_menu_social_hover_links_color":"","ocean_disable_title":"default","ocean_disable_heading":"default","ocean_post_title":"","ocean_post_subheading":"","ocean_post_title_style":"","ocean_post_title_background_color":"","ocean_post_title_background":0,"ocean_post_title_bg_image_position":"","ocean_post_title_bg_image_attachment":"","ocean_post_title_bg_image_repeat":"","ocean_post_title_bg_image_size":"","ocean_post_title_height":0,"ocean_post_title_bg_overlay":0.5,"ocean_post_title_bg_overlay_color":"","ocean_disable_breadcrumbs":"default","ocean_breadcrumbs_color":"","ocean_breadcrumbs_separator_color":"","ocean_breadcrumbs_links_color":"","ocean_breadcrumbs_links_hover_color":"","ocean_display_footer_widgets":"default","ocean_display_footer_bottom":"default","ocean_custom_footer_template":"0"},"product_brand":[],"product_cat":[32,91,53,89],"product_tag":[],"class_list":{"0":"post-5584","1":"product","2":"type-product","3":"status-publish","4":"has-post-thumbnail","6":"product_cat-massband","7":"product_cat-messzeuge-neuheiten","8":"product_cat-messzeuge","9":"product_cat-neuheiten","11":"entry","12":"has-media","14":"first","15":"instock","16":"shipping-taxable","17":"product-type-simple","18":"has-product-nav","19":"col","20":"span_1_of_3","21":"owp-content-center","22":"owp-thumbs-layout-horizontal","23":"owp-btn-normal","24":"owp-tabs-layout-horizontal"},"yoast_head":"<!-- This site is optimized with the Yoast SEO plugin v27.3 - https:\/\/yoast.com\/product\/yoast-seo-wordpress\/ -->\n<title>LDX 5+ - 4K5 BETTER EQUIPMENT<\/title>\n<meta name=\"robots\" content=\"index, follow, max-snippet:-1, max-image-preview:large, max-video-preview:-1\" \/>\n<link rel=\"canonical\" href=\"https:\/\/4k5tools.com\/en\/produkte\/neuheiten\/messzeuge-neuheiten\/ldx-5\/\" \/>\n<meta property=\"og:locale\" content=\"en_US\" \/>\n<meta property=\"og:type\" content=\"article\" \/>\n<meta property=\"og:title\" content=\"LDX 5+ - 4K5 BETTER EQUIPMENT\" \/>\n<meta property=\"og:description\" content=\"Kompaktes einseitig bedrucktes Rollbandma\u00df, mit magnetischem Endhaken und optimaler Ablesbarkeit auch bei schlechten Lichtverh\u00e4ltnissen, durch die integrierte LED-Leuchte   Integrierte LED-Leuchte f\u00fcr optimale Sichtbarkeit auch bei schlechten Lichtverh\u00e4ltnissen \u2013 ideal f\u00fcr Arbeiten auf Baustellen, in Werkst\u00e4tten oder bei Montageeins\u00e4tzen  Hoher Kontrast durch wei\u00dfes Band mit schwarzen Ziffern \u2013 f\u00fcr maximale Ablesbarkeit bei jeder Lichtbedingung  Knickstabil: Kann bis zu 2,5 m ausgefahren werden, ohne abzuknicken  Magnetischer Haken erm\u00f6glicht einfaches Fixieren an metallischen Oberfl\u00e4chen, ideal f\u00fcr Ein-Personen-Messungen  Haken ist beweglich gelagert f\u00fcr genaue Innen- und Au\u00dfenmessungen  Auto-Shut-Off nach 5 Minuten: Energiesparfunktion schaltet das Ger\u00e4t automatisch ab \u2013 verl\u00e4ngert die Batterielaufzeit und sch\u00fctzt vor ungewolltem Energieverbrauch  Akkulaufzeit: bis zu 1,5 Stunden, ausreichend Energie f\u00fcr intensive Arbeitseins\u00e4tze \u2013 ideal f\u00fcr den Tagesgebrauch  Leistungsstarker Lithium-Ionen-Akku: Wieder volle Power nach nur 30 Minuten Ladezeit  Genauigkeitsklasse II \u2013 gute Messpr\u00e4zision f\u00fcr Bau und Handwerk  Rostfrei durch Nylon-Coating: Effizienter Schutz vor Korrosion am Band  Mit nur einer Hand bedienbar: Ideal f\u00fcr schnelle und simple Messungen ohne Hilfe, inklusive einfach bedienbarem Stoppknopf zum Feststellen des Bandes  Wiederaufladbar \u00fcber USB-C-Kabel\" \/>\n<meta property=\"og:url\" content=\"https:\/\/4k5tools.com\/en\/produkte\/neuheiten\/messzeuge-neuheiten\/ldx-5\/\" \/>\n<meta property=\"og:site_name\" content=\"4K5 BETTER EQUIPMENT\" \/>\n<meta property=\"article:modified_time\" content=\"2026-03-04T07:31:57+00:00\" \/>\n<meta property=\"og:image\" content=\"https:\/\/4k5tools.com\/wp-content\/uploads\/2026\/03\/606.110-5_Rollbandmass.webp\" \/>\n\t<meta property=\"og:image:width\" content=\"1300\" \/>\n\t<meta property=\"og:image:height\" content=\"1300\" \/>\n\t<meta property=\"og:image:type\" content=\"image\/webp\" \/>\n<meta name=\"twitter:card\" content=\"summary_large_image\" \/>\n<meta name=\"twitter:label1\" content=\"Est. reading time\" \/>\n\t<meta name=\"twitter:data1\" content=\"1 minute\" \/>\n<script type=\"application\/ld+json\" class=\"yoast-schema-graph\">{\"@context\":\"https:\\\/\\\/schema.org\",\"@graph\":[{\"@type\":\"WebPage\",\"@id\":\"https:\\\/\\\/4k5tools.com\\\/produkte\\\/neuheiten\\\/messzeuge-neuheiten\\\/ldx-5\\\/\",\"url\":\"https:\\\/\\\/4k5tools.com\\\/produkte\\\/neuheiten\\\/messzeuge-neuheiten\\\/ldx-5\\\/\",\"name\":\"LDX 5+ - 4K5 BETTER EQUIPMENT\",\"isPartOf\":{\"@id\":\"https:\\\/\\\/4k5tools.com\\\/#website\"},\"primaryImageOfPage\":{\"@id\":\"https:\\\/\\\/4k5tools.com\\\/produkte\\\/neuheiten\\\/messzeuge-neuheiten\\\/ldx-5\\\/#primaryimage\"},\"image\":{\"@id\":\"https:\\\/\\\/4k5tools.com\\\/produkte\\\/neuheiten\\\/messzeuge-neuheiten\\\/ldx-5\\\/#primaryimage\"},\"thumbnailUrl\":\"https:\\\/\\\/4k5tools.com\\\/wp-content\\\/uploads\\\/2026\\\/03\\\/606.110-5_Rollbandmass.webp\",\"datePublished\":\"2026-03-03T07:33:02+00:00\",\"dateModified\":\"2026-03-04T07:31:57+00:00\",\"breadcrumb\":{\"@id\":\"https:\\\/\\\/4k5tools.com\\\/produkte\\\/neuheiten\\\/messzeuge-neuheiten\\\/ldx-5\\\/#breadcrumb\"},\"inLanguage\":\"en-US\",\"potentialAction\":[{\"@type\":\"ReadAction\",\"target\":[\"https:\\\/\\\/4k5tools.com\\\/produkte\\\/neuheiten\\\/messzeuge-neuheiten\\\/ldx-5\\\/\"]}]},{\"@type\":\"ImageObject\",\"inLanguage\":\"en-US\",\"@id\":\"https:\\\/\\\/4k5tools.com\\\/produkte\\\/neuheiten\\\/messzeuge-neuheiten\\\/ldx-5\\\/#primaryimage\",\"url\":\"https:\\\/\\\/4k5tools.com\\\/wp-content\\\/uploads\\\/2026\\\/03\\\/606.110-5_Rollbandmass.webp\",\"contentUrl\":\"https:\\\/\\\/4k5tools.com\\\/wp-content\\\/uploads\\\/2026\\\/03\\\/606.110-5_Rollbandmass.webp\",\"width\":1300,\"height\":1300,\"caption\":\"606.110-5 Rollbandma\u00df LDX 5+\"},{\"@type\":\"BreadcrumbList\",\"@id\":\"https:\\\/\\\/4k5tools.com\\\/produkte\\\/neuheiten\\\/messzeuge-neuheiten\\\/ldx-5\\\/#breadcrumb\",\"itemListElement\":[{\"@type\":\"ListItem\",\"position\":1,\"name\":\"START\",\"item\":\"https:\\\/\\\/4k5tools.com\\\/\"},{\"@type\":\"ListItem\",\"position\":2,\"name\":\"PRODUKTE\",\"item\":\"https:\\\/\\\/4k5tools.com\\\/shop\\\/\"},{\"@type\":\"ListItem\",\"position\":3,\"name\":\"MESSZEUGE\",\"item\":\"https:\\\/\\\/4k5tools.com\\\/produkt-kategorie\\\/messzeuge\\\/\"},{\"@type\":\"ListItem\",\"position\":4,\"name\":\"LDX 5+\"}]},{\"@type\":\"WebSite\",\"@id\":\"https:\\\/\\\/4k5tools.com\\\/#website\",\"url\":\"https:\\\/\\\/4k5tools.com\\\/\",\"name\":\"4K5 BETTER EQUIPMENT\",\"description\":\"\",\"publisher\":{\"@id\":\"https:\\\/\\\/4k5tools.com\\\/#organization\"},\"potentialAction\":[{\"@type\":\"SearchAction\",\"target\":{\"@type\":\"EntryPoint\",\"urlTemplate\":\"https:\\\/\\\/4k5tools.com\\\/?s={search_term_string}\"},\"query-input\":{\"@type\":\"PropertyValueSpecification\",\"valueRequired\":true,\"valueName\":\"search_term_string\"}}],\"inLanguage\":\"en-US\"},{\"@type\":\"Organization\",\"@id\":\"https:\\\/\\\/4k5tools.com\\\/#organization\",\"name\":\"4K5 BETTER EQUIPMENT\",\"url\":\"https:\\\/\\\/4k5tools.com\\\/\",\"logo\":{\"@type\":\"ImageObject\",\"inLanguage\":\"en-US\",\"@id\":\"https:\\\/\\\/4k5tools.com\\\/#\\\/schema\\\/logo\\\/image\\\/\",\"url\":\"https:\\\/\\\/4k5tools.com\\\/wp-content\\\/uploads\\\/2022\\\/04\\\/4K5_Better-Equipment.webp\",\"contentUrl\":\"https:\\\/\\\/4k5tools.com\\\/wp-content\\\/uploads\\\/2022\\\/04\\\/4K5_Better-Equipment.webp\",\"width\":550,\"height\":200,\"caption\":\"4K5 BETTER EQUIPMENT\"},\"image\":{\"@id\":\"https:\\\/\\\/4k5tools.com\\\/#\\\/schema\\\/logo\\\/image\\\/\"}}]}<\/script>\n<!-- \/ Yoast SEO plugin. -->","yoast_head_json":{"title":"LDX 5+ - 4K5 BETTER EQUIPMENT","robots":{"index":"index","follow":"follow","max-snippet":"max-snippet:-1","max-image-preview":"max-image-preview:large","max-video-preview":"max-video-preview:-1"},"canonical":"https:\/\/4k5tools.com\/en\/produkte\/neuheiten\/messzeuge-neuheiten\/ldx-5\/","og_locale":"en_US","og_type":"article","og_title":"LDX 5+ - 4K5 BETTER EQUIPMENT","og_description":"Kompaktes einseitig bedrucktes Rollbandma\u00df, mit magnetischem Endhaken und optimaler Ablesbarkeit auch bei schlechten Lichtverh\u00e4ltnissen, durch die integrierte LED-Leuchte   Integrierte LED-Leuchte f\u00fcr optimale Sichtbarkeit auch bei schlechten Lichtverh\u00e4ltnissen \u2013 ideal f\u00fcr Arbeiten auf Baustellen, in Werkst\u00e4tten oder bei Montageeins\u00e4tzen  Hoher Kontrast durch wei\u00dfes Band mit schwarzen Ziffern \u2013 f\u00fcr maximale Ablesbarkeit bei jeder Lichtbedingung  Knickstabil: Kann bis zu 2,5 m ausgefahren werden, ohne abzuknicken  Magnetischer Haken erm\u00f6glicht einfaches Fixieren an metallischen Oberfl\u00e4chen, ideal f\u00fcr Ein-Personen-Messungen  Haken ist beweglich gelagert f\u00fcr genaue Innen- und Au\u00dfenmessungen  Auto-Shut-Off nach 5 Minuten: Energiesparfunktion schaltet das Ger\u00e4t automatisch ab \u2013 verl\u00e4ngert die Batterielaufzeit und sch\u00fctzt vor ungewolltem Energieverbrauch  Akkulaufzeit: bis zu 1,5 Stunden, ausreichend Energie f\u00fcr intensive Arbeitseins\u00e4tze \u2013 ideal f\u00fcr den Tagesgebrauch  Leistungsstarker Lithium-Ionen-Akku: Wieder volle Power nach nur 30 Minuten Ladezeit  Genauigkeitsklasse II \u2013 gute Messpr\u00e4zision f\u00fcr Bau und Handwerk  Rostfrei durch Nylon-Coating: Effizienter Schutz vor Korrosion am Band  Mit nur einer Hand bedienbar: Ideal f\u00fcr schnelle und simple Messungen ohne Hilfe, inklusive einfach bedienbarem Stoppknopf zum Feststellen des Bandes  Wiederaufladbar \u00fcber USB-C-Kabel","og_url":"https:\/\/4k5tools.com\/en\/produkte\/neuheiten\/messzeuge-neuheiten\/ldx-5\/","og_site_name":"4K5 BETTER EQUIPMENT","article_modified_time":"2026-03-04T07:31:57+00:00","og_image":[{"width":1300,"height":1300,"url":"https:\/\/4k5tools.com\/wp-content\/uploads\/2026\/03\/606.110-5_Rollbandmass.webp","type":"image\/webp"}],"twitter_card":"summary_large_image","twitter_misc":{"Est. reading time":"1 minute"},"schema":{"@context":"https:\/\/schema.org","@graph":[{"@type":"WebPage","@id":"https:\/\/4k5tools.com\/produkte\/neuheiten\/messzeuge-neuheiten\/ldx-5\/","url":"https:\/\/4k5tools.com\/produkte\/neuheiten\/messzeuge-neuheiten\/ldx-5\/","name":"LDX 5+ - 4K5 BETTER EQUIPMENT","isPartOf":{"@id":"https:\/\/4k5tools.com\/#website"},"primaryImageOfPage":{"@id":"https:\/\/4k5tools.com\/produkte\/neuheiten\/messzeuge-neuheiten\/ldx-5\/#primaryimage"},"image":{"@id":"https:\/\/4k5tools.com\/produkte\/neuheiten\/messzeuge-neuheiten\/ldx-5\/#primaryimage"},"thumbnailUrl":"https:\/\/4k5tools.com\/wp-content\/uploads\/2026\/03\/606.110-5_Rollbandmass.webp","datePublished":"2026-03-03T07:33:02+00:00","dateModified":"2026-03-04T07:31:57+00:00","breadcrumb":{"@id":"https:\/\/4k5tools.com\/produkte\/neuheiten\/messzeuge-neuheiten\/ldx-5\/#breadcrumb"},"inLanguage":"en-US","potentialAction":[{"@type":"ReadAction","target":["https:\/\/4k5tools.com\/produkte\/neuheiten\/messzeuge-neuheiten\/ldx-5\/"]}]},{"@type":"ImageObject","inLanguage":"en-US","@id":"https:\/\/4k5tools.com\/produkte\/neuheiten\/messzeuge-neuheiten\/ldx-5\/#primaryimage","url":"https:\/\/4k5tools.com\/wp-content\/uploads\/2026\/03\/606.110-5_Rollbandmass.webp","contentUrl":"https:\/\/4k5tools.com\/wp-content\/uploads\/2026\/03\/606.110-5_Rollbandmass.webp","width":1300,"height":1300,"caption":"606.110-5 Rollbandma\u00df LDX 5+"},{"@type":"BreadcrumbList","@id":"https:\/\/4k5tools.com\/produkte\/neuheiten\/messzeuge-neuheiten\/ldx-5\/#breadcrumb","itemListElement":[{"@type":"ListItem","position":1,"name":"START","item":"https:\/\/4k5tools.com\/"},{"@type":"ListItem","position":2,"name":"PRODUKTE","item":"https:\/\/4k5tools.com\/shop\/"},{"@type":"ListItem","position":3,"name":"MESSZEUGE","item":"https:\/\/4k5tools.com\/produkt-kategorie\/messzeuge\/"},{"@type":"ListItem","position":4,"name":"LDX 5+"}]},{"@type":"WebSite","@id":"https:\/\/4k5tools.com\/#website","url":"https:\/\/4k5tools.com\/","name":"4K5 BETTER EQUIPMENT","description":"","publisher":{"@id":"https:\/\/4k5tools.com\/#organization"},"potentialAction":[{"@type":"SearchAction","target":{"@type":"EntryPoint","urlTemplate":"https:\/\/4k5tools.com\/?s={search_term_string}"},"query-input":{"@type":"PropertyValueSpecification","valueRequired":true,"valueName":"search_term_string"}}],"inLanguage":"en-US"},{"@type":"Organization","@id":"https:\/\/4k5tools.com\/#organization","name":"4K5 BETTER EQUIPMENT","url":"https:\/\/4k5tools.com\/","logo":{"@type":"ImageObject","inLanguage":"en-US","@id":"https:\/\/4k5tools.com\/#\/schema\/logo\/image\/","url":"https:\/\/4k5tools.com\/wp-content\/uploads\/2022\/04\/4K5_Better-Equipment.webp","contentUrl":"https:\/\/4k5tools.com\/wp-content\/uploads\/2022\/04\/4K5_Better-Equipment.webp","width":550,"height":200,"caption":"4K5 BETTER EQUIPMENT"},"image":{"@id":"https:\/\/4k5tools.com\/#\/schema\/logo\/image\/"}}]}},"_links":{"self":[{"href":"https:\/\/4k5tools.com\/en\/wp-json\/wp\/v2\/product\/5584","targetHints":{"allow":["GET"]}}],"collection":[{"href":"https:\/\/4k5tools.com\/en\/wp-json\/wp\/v2\/product"}],"about":[{"href":"https:\/\/4k5tools.com\/en\/wp-json\/wp\/v2\/types\/product"}],"wp:featuredmedia":[{"embeddable":true,"href":"https:\/\/4k5tools.com\/en\/wp-json\/wp\/v2\/media\/5591"}],"wp:attachment":[{"href":"https:\/\/4k5tools.com\/en\/wp-json\/wp\/v2\/media?parent=5584"}],"wp:term":[{"taxonomy":"product_brand","embeddable":true,"href":"https:\/\/4k5tools.com\/en\/wp-json\/wp\/v2\/product_brand?post=5584"},{"taxonomy":"product_cat","embeddable":true,"href":"https:\/\/4k5tools.com\/en\/wp-json\/wp\/v2\/product_cat?post=5584"},{"taxonomy":"product_tag","embeddable":true,"href":"https:\/\/4k5tools.com\/en\/wp-json\/wp\/v2\/product_tag?post=5584"}],"curies":[{"name":"wp","href":"https:\/\/api.w.org\/{rel}","templated":true}]}}