{"id":3731,"date":"2023-02-16T11:22:07","date_gmt":"2023-02-16T10:22:07","guid":{"rendered":"https:\/\/4k5tools.com\/?page_id=3731"},"modified":"2023-04-20T09:13:39","modified_gmt":"2023-04-20T07:13:39","slug":"markierungsstifte","status":"publish","type":"page","link":"https:\/\/4k5tools.com\/es\/markierungsstifte\/","title":{"rendered":"L\u00c1PICES DE MARCAR"},"content":{"rendered":"<div data-elementor-type=\"wp-page\" data-elementor-id=\"3731\" class=\"elementor elementor-3731\">\n\t\t\t\t\t\t<section class=\"elementor-section elementor-top-section elementor-element elementor-element-102d1d3 elementor-section-boxed elementor-section-height-default elementor-section-height-default\" data-id=\"102d1d3\" data-element_type=\"section\" data-e-type=\"section\" data-settings=\"{&quot;background_background&quot;:&quot;classic&quot;}\">\n\t\t\t\t\t\t<div class=\"elementor-container elementor-column-gap-default\">\n\t\t\t\t\t<div class=\"elementor-column elementor-col-100 elementor-top-column elementor-element elementor-element-03ea3e7\" data-id=\"03ea3e7\" data-element_type=\"column\" data-e-type=\"column\">\n\t\t\t<div class=\"elementor-widget-wrap elementor-element-populated\">\n\t\t\t\t\t\t<div class=\"elementor-element elementor-element-77d4254 elementor-widget elementor-widget-heading\" data-id=\"77d4254\" data-element_type=\"widget\" data-e-type=\"widget\" id=\"produktgruppe\" data-widget_type=\"heading.default\">\n\t\t\t\t<div class=\"elementor-widget-container\">\n\t\t\t\t\t<h3 class=\"elementor-heading-title elementor-size-default\">L\u00c1PICES DE MARCAR&nbsp;<\/h3>\t\t\t\t<\/div>\n\t\t\t\t<\/div>\n\t\t\t\t<div class=\"elementor-element elementor-element-4ed9473 elementor-widget elementor-widget-spacer\" data-id=\"4ed9473\" data-element_type=\"widget\" data-e-type=\"widget\" data-widget_type=\"spacer.default\">\n\t\t\t\t<div class=\"elementor-widget-container\">\n\t\t\t\t\t\t\t<div class=\"elementor-spacer\">\n\t\t\t<div class=\"elementor-spacer-inner\"><\/div>\n\t\t<\/div>\n\t\t\t\t\t\t<\/div>\n\t\t\t\t<\/div>\n\t\t\t\t\t<\/div>\n\t\t<\/div>\n\t\t\t\t\t<\/div>\n\t\t<\/section>\n\t\t\t\t<section class=\"elementor-section elementor-top-section elementor-element elementor-element-9d2a828 elementor-section-boxed elementor-section-height-default elementor-section-height-default\" data-id=\"9d2a828\" data-element_type=\"section\" data-e-type=\"section\">\n\t\t\t\t\t\t<div class=\"elementor-container elementor-column-gap-default\">\n\t\t\t\t\t<div class=\"elementor-column elementor-col-100 elementor-top-column elementor-element elementor-element-572a444\" data-id=\"572a444\" data-element_type=\"column\" data-e-type=\"column\">\n\t\t\t<div class=\"elementor-widget-wrap elementor-element-populated\">\n\t\t\t\t\t\t<div class=\"elementor-element elementor-element-5f34171 elementor-widget elementor-widget-text-editor\" data-id=\"5f34171\" data-element_type=\"widget\" data-e-type=\"widget\" data-widget_type=\"text-editor.default\">\n\t\t\t\t<div class=\"elementor-widget-container\">\n\t\t\t\t\t\t\t\t\t<p><a href=\"https:\/\/4k5tools.com\/es\/\">INICIO<\/a> \u00bb <a href=\"https:\/\/4k5tools.com\/es\/shop\/\">PRODUCTOS<\/a> \u00bb <a href=\"https:\/\/4k5tools.com\/es\/categoria-producto\/messzeuge\/\">INSTRUMENTOS DE MEDICI\u00d3N<\/a> \u00bb <a href=\"https:\/\/4k5tools.com\/es\/markierungsstifte\/\">L\u00c1PICES DE MARCAR<\/a><\/p>\t\t\t\t\t\t\t\t<\/div>\n\t\t\t\t<\/div>\n\t\t\t\t<div class=\"elementor-element elementor-element-f1111a0 elementor-widget elementor-widget-text-editor\" data-id=\"f1111a0\" data-element_type=\"widget\" data-e-type=\"widget\" data-widget_type=\"text-editor.default\">\n\t\t\t\t<div class=\"elementor-widget-container\">\n\t\t\t\t\t\t\t\t\t<p>El surtido de 4K5 Better Equipment cuenta con las herramientas adecuadas para dibujar, marcar y escribir c\u00f3modamente, como los l\u00e1pices de carpintero cl\u00e1sicos o el l\u00e1piz mec\u00e1nico particularmente pr\u00e1ctico para marcar.<\/p>\t\t\t\t\t\t\t\t<\/div>\n\t\t\t\t<\/div>\n\t\t\t\t\t<\/div>\n\t\t<\/div>\n\t\t\t\t\t<\/div>\n\t\t<\/section>\n\t\t\t\t<section class=\"elementor-section elementor-top-section elementor-element elementor-element-7a8fe63 elementor-section-boxed elementor-section-height-default elementor-section-height-default\" data-id=\"7a8fe63\" data-element_type=\"section\" data-e-type=\"section\">\n\t\t\t\t\t\t<div class=\"elementor-container elementor-column-gap-default\">\n\t\t\t\t\t<div class=\"elementor-column elementor-col-100 elementor-top-column elementor-element elementor-element-17bab46\" data-id=\"17bab46\" data-element_type=\"column\" data-e-type=\"column\">\n\t\t\t<div class=\"elementor-widget-wrap elementor-element-populated\">\n\t\t\t\t\t\t<div class=\"elementor-element elementor-element-b26d4f3 elementor-widget-divider--view-line elementor-widget elementor-widget-divider\" data-id=\"b26d4f3\" data-element_type=\"widget\" data-e-type=\"widget\" data-widget_type=\"divider.default\">\n\t\t\t\t<div class=\"elementor-widget-container\">\n\t\t\t\t\t\t\t<div class=\"elementor-divider\">\n\t\t\t<span class=\"elementor-divider-separator\">\n\t\t\t\t\t\t<\/span>\n\t\t<\/div>\n\t\t\t\t\t\t<\/div>\n\t\t\t\t<\/div>\n\t\t\t\t\t<\/div>\n\t\t<\/div>\n\t\t\t\t\t<\/div>\n\t\t<\/section>\n\t\t\t\t<section class=\"elementor-section elementor-top-section elementor-element elementor-element-674fb34 elementor-section-boxed elementor-section-height-default elementor-section-height-default\" data-id=\"674fb34\" data-element_type=\"section\" data-e-type=\"section\">\n\t\t\t\t\t\t<div class=\"elementor-container elementor-column-gap-default\">\n\t\t\t\t\t<div class=\"elementor-column elementor-col-100 elementor-top-column elementor-element elementor-element-d4f4d84\" data-id=\"d4f4d84\" data-element_type=\"column\" data-e-type=\"column\">\n\t\t\t<div class=\"elementor-widget-wrap elementor-element-populated\">\n\t\t\t\t\t\t<div class=\"elementor-element elementor-element-8d5ff33 elementor-widget elementor-widget-heading\" data-id=\"8d5ff33\" data-element_type=\"widget\" data-e-type=\"widget\" data-widget_type=\"heading.default\">\n\t\t\t\t<div class=\"elementor-widget-container\">\n\t\t\t\t\t<h2 class=\"elementor-heading-title elementor-size-default\">DATOS T\u00c9CNICOS<\/h2>\t\t\t\t<\/div>\n\t\t\t\t<\/div>\n\t\t\t\t<div class=\"elementor-element elementor-element-da34d08 elementor-widget elementor-widget-elementskit-tablepress\" data-id=\"da34d08\" data-element_type=\"widget\" data-e-type=\"widget\" data-widget_type=\"elementskit-tablepress.default\">\n\t\t\t\t<div class=\"elementor-widget-container\">\n\t\t\t\t\t<div class=\"elemenetskit-tablepress ekit-wid-con\" id=\"ekit_tablepress_da34d08\">\n<table id=\"tablepress-10\" class=\"tablepress tablepress-id-10\">\n<thead>\n<tr class=\"row-1\">\n\t<td class=\"column-1\"><\/td><th class=\"column-2\"><strong>DHM<\/strong><\/th><th class=\"column-3\"><strong>ZI 240<\/strong><\/th>\n<\/tr>\n<\/thead>\n<tbody class=\"row-striping row-hover\">\n<tr class=\"row-2\">\n\t<td class=\"column-1\"><\/td><td class=\"column-2\"><div style=\"text-align: center;\"><a href=\"https:\/\/4k5tools.com\/es\/produkte\/messzeuge\/markierungsstifte\/dhm\/\"><img fetchpriority=\"high\" decoding=\"async\" src=\"https:\/\/4k5tools.com\/wp-content\/uploads\/2022\/09\/601.104A_Markierwerkzeuge_4K5_Produkt.webp\" alt=\"DHM\" width=\"1300\" height=\"1300\" class=\"alignnone size-full wp-image-2720\" style=\"display: block; margin: 0 auto;\" \/><\/a><a href=\"https:\/\/4k5tools.com\/es\/produkte\/messzeuge\/markierungsstifte\/dhm\/\" target=\"_blank\" style=\"background-color: #333; color: #fff; text-decoration: none; padding: 2px 10px; font-size: 13px; border-radius: 2px; display: inline-block; margin-bottom: 10px;\" rel=\"noopener\">detalles<\/a><\/div><\/td><td class=\"column-3\"><div style=\"text-align: center;\"><a href=\"https:\/\/4k5tools.com\/es\/produkte\/messzeuge\/markierungsstifte\/zi-240-zimmermannsbleistift\/\"><img decoding=\"async\" src=\"https:\/\/4k5tools.com\/wp-content\/uploads\/2022\/01\/601.102A-Markierwerkzeuge-Markierungsstift.webp\" alt=\"DHM\" width=\"1300\" height=\"1300\" class=\"alignnone size-full wp-image-2720\" style=\"display: block; margin: 0 auto;\" \/><\/a><a href=\"https:\/\/4k5tools.com\/es\/produkte\/messzeuge\/markierungsstifte\/zi-240-zimmermannsbleistift\/\" target=\"_blank\" style=\"background-color: #333; color: #fff; text-decoration: none; padding: 2px 10px; font-size: 13px; border-radius: 2px; display: inline-block; margin-bottom: 10px;\" rel=\"noopener\">detalles<\/a><\/div><\/td>\n<\/tr>\n<tr class=\"row-3\">\n\t<td class=\"column-1\"><strong>Tipo<\/strong><\/td><td class=\"column-2\">L\u00e1piz<\/td><td class=\"column-3\">L\u00e1piz<\/td>\n<\/tr>\n<tr class=\"row-4\">\n\t<td class=\"column-1\"><strong>Color del mango<\/strong><\/td><td class=\"column-2\">rojo<\/td><td class=\"column-3\">rojo<\/td>\n<\/tr>\n<tr class=\"row-5\">\n\t<td class=\"column-1\"><strong>Color de la mina<\/strong><\/td><td class=\"column-2\">grafito<\/td><td class=\"column-3\">grafito<\/td>\n<\/tr>\n<tr class=\"row-6\">\n\t<td class=\"column-1\"><strong>Forma<\/strong><\/td><td class=\"column-2\">cil\u00edndrico<\/td><td class=\"column-3\">ovalado<\/td>\n<\/tr>\n<tr class=\"row-7\">\n\t<td class=\"column-1\"><strong>Material del mango<\/strong><\/td><td class=\"column-2\">ABS + acero inoxidable<\/td><td class=\"column-3\">Holz<\/td>\n<\/tr>\n<tr class=\"row-8\">\n\t<td class=\"column-1\"><strong>Material de la mina<\/strong><\/td><td class=\"column-2\">Grafito<\/td><td class=\"column-3\">Grafito<\/td>\n<\/tr>\n<tr class=\"row-9\">\n\t<td class=\"column-1\"><strong>Grado de dureza<\/strong><\/td><td class=\"column-2\">afilado<\/td><td class=\"column-3\">romo<\/td>\n<\/tr>\n<tr class=\"row-10\">\n\t<td class=\"column-1\"><strong>Dise\u00f1o<\/strong><\/td><td class=\"column-2\">sacapuntas<\/td><td class=\"column-3\">sacapuntas<\/td>\n<\/tr>\n<tr class=\"row-11\">\n\t<td class=\"column-1\"><strong>Dimensiones (An x Al x F)<\/strong><\/td><td class=\"column-2\">19 x 150 x 15 mm<\/td><td class=\"column-3\">15 mm x 240 mm x 7 mm<\/td>\n<\/tr>\n<tr class=\"row-12\">\n\t<td class=\"column-1\"><strong>Peso<\/strong><\/td><td class=\"column-2\">22 g<\/td><td class=\"column-3\">20 g<\/td>\n<\/tr>\n<\/tbody>\n<\/table>\n<\/div>\t\t\t\t<\/div>\n\t\t\t\t<\/div>\n\t\t\t\t\t<\/div>\n\t\t<\/div>\n\t\t\t\t\t<\/div>\n\t\t<\/section>\n\t\t\t\t<\/div>","protected":false},"excerpt":{"rendered":"<p>MARKIERUNGSSTIFTE&nbsp; START \u00bb PRODUKTE \u00bb MESSZEUGE \u00bb MARKIERUNGSSTIFTE Im 4K5 Better Equipment Sortiment finden Sie die richtigen Werkzeuge f\u00fcr einfaches, schnelles Anzeichnen, Markieren und Schreiben, in Form von klassischen Zimmermannsbleistiften oder als besonders praktischen, mechanischen Markierungsstift. Schnellansicht Schnellansicht MARKIERUNGSSTIFTE, MESSZEUGE DHM Schnellansicht Schnellansicht MARKIERUNGSSTIFTE, MESSZEUGE DP 100 Schnellansicht Schnellansicht MARKIERUNGSSTIFTE, MESSZEUGE DP 101 Schnellansicht Schnellansicht [&hellip;]<\/p>\n","protected":false},"author":6,"featured_media":0,"parent":0,"menu_order":0,"comment_status":"closed","ping_status":"closed","template":"","meta":{"ocean_post_layout":"full-screen","ocean_both_sidebars_style":"","ocean_both_sidebars_content_width":0,"ocean_both_sidebars_sidebars_width":0,"ocean_sidebar":"0","ocean_second_sidebar":"0","ocean_disable_margins":"enable","ocean_add_body_class":"","ocean_shortcode_before_top_bar":"","ocean_shortcode_after_top_bar":"","ocean_shortcode_before_header":"","ocean_shortcode_after_header":"","ocean_has_shortcode":"","ocean_shortcode_after_title":"","ocean_shortcode_before_footer_widgets":"","ocean_shortcode_after_footer_widgets":"","ocean_shortcode_before_footer_bottom":"","ocean_shortcode_after_footer_bottom":"","ocean_display_top_bar":"default","ocean_display_header":"default","ocean_header_style":"","ocean_center_header_left_menu":"0","ocean_custom_header_template":"0","ocean_custom_logo":0,"ocean_custom_retina_logo":0,"ocean_custom_logo_max_width":0,"ocean_custom_logo_tablet_max_width":0,"ocean_custom_logo_mobile_max_width":0,"ocean_custom_logo_max_height":0,"ocean_custom_logo_tablet_max_height":0,"ocean_custom_logo_mobile_max_height":0,"ocean_header_custom_menu":"0","ocean_menu_typo_font_family":"0","ocean_menu_typo_font_subset":"","ocean_menu_typo_font_size":0,"ocean_menu_typo_font_size_tablet":0,"ocean_menu_typo_font_size_mobile":0,"ocean_menu_typo_font_size_unit":"px","ocean_menu_typo_font_weight":"","ocean_menu_typo_font_weight_tablet":"","ocean_menu_typo_font_weight_mobile":"","ocean_menu_typo_transform":"","ocean_menu_typo_transform_tablet":"","ocean_menu_typo_transform_mobile":"","ocean_menu_typo_line_height":0,"ocean_menu_typo_line_height_tablet":0,"ocean_menu_typo_line_height_mobile":0,"ocean_menu_typo_line_height_unit":"","ocean_menu_typo_spacing":0,"ocean_menu_typo_spacing_tablet":0,"ocean_menu_typo_spacing_mobile":0,"ocean_menu_typo_spacing_unit":"","ocean_menu_link_color":"","ocean_menu_link_color_hover":"","ocean_menu_link_color_active":"","ocean_menu_link_background":"","ocean_menu_link_hover_background":"","ocean_menu_link_active_background":"","ocean_menu_social_links_bg":"","ocean_menu_social_hover_links_bg":"","ocean_menu_social_links_color":"","ocean_menu_social_hover_links_color":"","ocean_disable_title":"default","ocean_disable_heading":"default","ocean_post_title":"","ocean_post_subheading":"","ocean_post_title_style":"","ocean_post_title_background_color":"","ocean_post_title_background":0,"ocean_post_title_bg_image_position":"","ocean_post_title_bg_image_attachment":"","ocean_post_title_bg_image_repeat":"","ocean_post_title_bg_image_size":"","ocean_post_title_height":0,"ocean_post_title_bg_overlay":0.5,"ocean_post_title_bg_overlay_color":"","ocean_disable_breadcrumbs":"default","ocean_breadcrumbs_color":"","ocean_breadcrumbs_separator_color":"","ocean_breadcrumbs_links_color":"","ocean_breadcrumbs_links_hover_color":"","ocean_display_footer_widgets":"default","ocean_display_footer_bottom":"default","ocean_custom_footer_template":"0","footnotes":""},"class_list":["post-3731","page","type-page","status-publish","hentry","entry","owp-thumbs-layout-horizontal","owp-btn-normal","owp-tabs-layout-horizontal","has-no-thumbnails","has-product-nav"],"yoast_head":"<!-- This site is optimized with the Yoast SEO plugin v27.0 - https:\/\/yoast.com\/product\/yoast-seo-wordpress\/ -->\n<title>MARKIERUNGSSTIFTE - 4K5 BETTER EQUIPMENT<\/title>\n<meta name=\"description\" content=\"4K5 Markierungsstifte sind in Form von klassischen Zimmermannsbleistiften oder als praktische, mechanische Markierungsstifte erh\u00e4ltlich.\" \/>\n<meta name=\"robots\" content=\"index, follow, max-snippet:-1, max-image-preview:large, max-video-preview:-1\" \/>\n<link rel=\"canonical\" href=\"https:\/\/4k5tools.com\/es\/markierungsstifte\/\" \/>\n<meta property=\"og:locale\" content=\"es_ES\" \/>\n<meta property=\"og:type\" content=\"article\" \/>\n<meta property=\"og:title\" content=\"MARKIERUNGSSTIFTE - 4K5 BETTER EQUIPMENT\" \/>\n<meta property=\"og:description\" content=\"4K5 Markierungsstifte sind in Form von klassischen Zimmermannsbleistiften oder als praktische, mechanische Markierungsstifte erh\u00e4ltlich.\" \/>\n<meta property=\"og:url\" content=\"https:\/\/4k5tools.com\/es\/markierungsstifte\/\" \/>\n<meta property=\"og:site_name\" content=\"4K5 BETTER EQUIPMENT\" \/>\n<meta property=\"article:modified_time\" content=\"2023-04-20T07:13:39+00:00\" \/>\n<meta property=\"og:image\" content=\"https:\/\/4k5tools.com\/wp-content\/uploads\/2022\/09\/601.104A_Markierwerkzeuge_4K5_Produkt-744x744.webp\" \/>\n<meta name=\"twitter:card\" content=\"summary_large_image\" \/>\n<meta name=\"twitter:label1\" content=\"Tiempo de lectura\" \/>\n\t<meta name=\"twitter:data1\" content=\"7 minutos\" \/>\n<script type=\"application\/ld+json\" class=\"yoast-schema-graph\">{\"@context\":\"https:\/\/schema.org\",\"@graph\":[{\"@type\":\"WebPage\",\"@id\":\"https:\/\/4k5tools.com\/markierungsstifte\/\",\"url\":\"https:\/\/4k5tools.com\/markierungsstifte\/\",\"name\":\"MARKIERUNGSSTIFTE - 4K5 BETTER EQUIPMENT\",\"isPartOf\":{\"@id\":\"https:\/\/4k5tools.com\/#website\"},\"primaryImageOfPage\":{\"@id\":\"https:\/\/4k5tools.com\/markierungsstifte\/#primaryimage\"},\"image\":{\"@id\":\"https:\/\/4k5tools.com\/markierungsstifte\/#primaryimage\"},\"thumbnailUrl\":\"https:\/\/4k5tools.com\/wp-content\/uploads\/2022\/09\/601.104A_Markierwerkzeuge_4K5_Produkt-744x744.webp\",\"datePublished\":\"2023-02-16T10:22:07+00:00\",\"dateModified\":\"2023-04-20T07:13:39+00:00\",\"description\":\"4K5 Markierungsstifte sind in Form von klassischen Zimmermannsbleistiften oder als praktische, mechanische Markierungsstifte erh\u00e4ltlich.\",\"breadcrumb\":{\"@id\":\"https:\/\/4k5tools.com\/markierungsstifte\/#breadcrumb\"},\"inLanguage\":\"es\",\"potentialAction\":[{\"@type\":\"ReadAction\",\"target\":[\"https:\/\/4k5tools.com\/markierungsstifte\/\"]}]},{\"@type\":\"ImageObject\",\"inLanguage\":\"es\",\"@id\":\"https:\/\/4k5tools.com\/markierungsstifte\/#primaryimage\",\"url\":\"https:\/\/4k5tools.com\/wp-content\/uploads\/2022\/09\/601.104A_Markierwerkzeuge_4K5_Produkt-744x744.webp\",\"contentUrl\":\"https:\/\/4k5tools.com\/wp-content\/uploads\/2022\/09\/601.104A_Markierwerkzeuge_4K5_Produkt-744x744.webp\"},{\"@type\":\"BreadcrumbList\",\"@id\":\"https:\/\/4k5tools.com\/markierungsstifte\/#breadcrumb\",\"itemListElement\":[{\"@type\":\"ListItem\",\"position\":1,\"name\":\"START\",\"item\":\"https:\/\/4k5tools.com\/\"},{\"@type\":\"ListItem\",\"position\":2,\"name\":\"MARKIERUNGSSTIFTE\"}]},{\"@type\":\"WebSite\",\"@id\":\"https:\/\/4k5tools.com\/#website\",\"url\":\"https:\/\/4k5tools.com\/\",\"name\":\"4K5 BETTER EQUIPMENT\",\"description\":\"\",\"publisher\":{\"@id\":\"https:\/\/4k5tools.com\/#organization\"},\"potentialAction\":[{\"@type\":\"SearchAction\",\"target\":{\"@type\":\"EntryPoint\",\"urlTemplate\":\"https:\/\/4k5tools.com\/?s={search_term_string}\"},\"query-input\":{\"@type\":\"PropertyValueSpecification\",\"valueRequired\":true,\"valueName\":\"search_term_string\"}}],\"inLanguage\":\"es\"},{\"@type\":\"Organization\",\"@id\":\"https:\/\/4k5tools.com\/#organization\",\"name\":\"4K5 BETTER EQUIPMENT\",\"url\":\"https:\/\/4k5tools.com\/\",\"logo\":{\"@type\":\"ImageObject\",\"inLanguage\":\"es\",\"@id\":\"https:\/\/4k5tools.com\/#\/schema\/logo\/image\/\",\"url\":\"https:\/\/4k5tools.com\/wp-content\/uploads\/2022\/04\/4K5_Better-Equipment.webp\",\"contentUrl\":\"https:\/\/4k5tools.com\/wp-content\/uploads\/2022\/04\/4K5_Better-Equipment.webp\",\"width\":550,\"height\":200,\"caption\":\"4K5 BETTER EQUIPMENT\"},\"image\":{\"@id\":\"https:\/\/4k5tools.com\/#\/schema\/logo\/image\/\"}}]}<\/script>\n<!-- \/ Yoast SEO plugin. -->","yoast_head_json":{"title":"MARKIERUNGSSTIFTE - 4K5 BETTER EQUIPMENT","description":"4K5 Markierungsstifte sind in Form von klassischen Zimmermannsbleistiften oder als praktische, mechanische Markierungsstifte erh\u00e4ltlich.","robots":{"index":"index","follow":"follow","max-snippet":"max-snippet:-1","max-image-preview":"max-image-preview:large","max-video-preview":"max-video-preview:-1"},"canonical":"https:\/\/4k5tools.com\/es\/markierungsstifte\/","og_locale":"es_ES","og_type":"article","og_title":"MARKIERUNGSSTIFTE - 4K5 BETTER EQUIPMENT","og_description":"4K5 Markierungsstifte sind in Form von klassischen Zimmermannsbleistiften oder als praktische, mechanische Markierungsstifte erh\u00e4ltlich.","og_url":"https:\/\/4k5tools.com\/es\/markierungsstifte\/","og_site_name":"4K5 BETTER EQUIPMENT","article_modified_time":"2023-04-20T07:13:39+00:00","og_image":[{"url":"https:\/\/4k5tools.com\/wp-content\/uploads\/2022\/09\/601.104A_Markierwerkzeuge_4K5_Produkt-744x744.webp","type":"","width":"","height":""}],"twitter_card":"summary_large_image","twitter_misc":{"Tiempo de lectura":"7 minutos"},"schema":{"@context":"https:\/\/schema.org","@graph":[{"@type":"WebPage","@id":"https:\/\/4k5tools.com\/markierungsstifte\/","url":"https:\/\/4k5tools.com\/markierungsstifte\/","name":"MARKIERUNGSSTIFTE - 4K5 BETTER EQUIPMENT","isPartOf":{"@id":"https:\/\/4k5tools.com\/#website"},"primaryImageOfPage":{"@id":"https:\/\/4k5tools.com\/markierungsstifte\/#primaryimage"},"image":{"@id":"https:\/\/4k5tools.com\/markierungsstifte\/#primaryimage"},"thumbnailUrl":"https:\/\/4k5tools.com\/wp-content\/uploads\/2022\/09\/601.104A_Markierwerkzeuge_4K5_Produkt-744x744.webp","datePublished":"2023-02-16T10:22:07+00:00","dateModified":"2023-04-20T07:13:39+00:00","description":"4K5 Markierungsstifte sind in Form von klassischen Zimmermannsbleistiften oder als praktische, mechanische Markierungsstifte erh\u00e4ltlich.","breadcrumb":{"@id":"https:\/\/4k5tools.com\/markierungsstifte\/#breadcrumb"},"inLanguage":"es","potentialAction":[{"@type":"ReadAction","target":["https:\/\/4k5tools.com\/markierungsstifte\/"]}]},{"@type":"ImageObject","inLanguage":"es","@id":"https:\/\/4k5tools.com\/markierungsstifte\/#primaryimage","url":"https:\/\/4k5tools.com\/wp-content\/uploads\/2022\/09\/601.104A_Markierwerkzeuge_4K5_Produkt-744x744.webp","contentUrl":"https:\/\/4k5tools.com\/wp-content\/uploads\/2022\/09\/601.104A_Markierwerkzeuge_4K5_Produkt-744x744.webp"},{"@type":"BreadcrumbList","@id":"https:\/\/4k5tools.com\/markierungsstifte\/#breadcrumb","itemListElement":[{"@type":"ListItem","position":1,"name":"START","item":"https:\/\/4k5tools.com\/"},{"@type":"ListItem","position":2,"name":"MARKIERUNGSSTIFTE"}]},{"@type":"WebSite","@id":"https:\/\/4k5tools.com\/#website","url":"https:\/\/4k5tools.com\/","name":"4K5 BETTER EQUIPMENT","description":"","publisher":{"@id":"https:\/\/4k5tools.com\/#organization"},"potentialAction":[{"@type":"SearchAction","target":{"@type":"EntryPoint","urlTemplate":"https:\/\/4k5tools.com\/?s={search_term_string}"},"query-input":{"@type":"PropertyValueSpecification","valueRequired":true,"valueName":"search_term_string"}}],"inLanguage":"es"},{"@type":"Organization","@id":"https:\/\/4k5tools.com\/#organization","name":"4K5 BETTER EQUIPMENT","url":"https:\/\/4k5tools.com\/","logo":{"@type":"ImageObject","inLanguage":"es","@id":"https:\/\/4k5tools.com\/#\/schema\/logo\/image\/","url":"https:\/\/4k5tools.com\/wp-content\/uploads\/2022\/04\/4K5_Better-Equipment.webp","contentUrl":"https:\/\/4k5tools.com\/wp-content\/uploads\/2022\/04\/4K5_Better-Equipment.webp","width":550,"height":200,"caption":"4K5 BETTER EQUIPMENT"},"image":{"@id":"https:\/\/4k5tools.com\/#\/schema\/logo\/image\/"}}]}},"_links":{"self":[{"href":"https:\/\/4k5tools.com\/es\/wp-json\/wp\/v2\/pages\/3731","targetHints":{"allow":["GET"]}}],"collection":[{"href":"https:\/\/4k5tools.com\/es\/wp-json\/wp\/v2\/pages"}],"about":[{"href":"https:\/\/4k5tools.com\/es\/wp-json\/wp\/v2\/types\/page"}],"author":[{"embeddable":true,"href":"https:\/\/4k5tools.com\/es\/wp-json\/wp\/v2\/users\/6"}],"replies":[{"embeddable":true,"href":"https:\/\/4k5tools.com\/es\/wp-json\/wp\/v2\/comments?post=3731"}],"version-history":[{"count":26,"href":"https:\/\/4k5tools.com\/es\/wp-json\/wp\/v2\/pages\/3731\/revisions"}],"predecessor-version":[{"id":4233,"href":"https:\/\/4k5tools.com\/es\/wp-json\/wp\/v2\/pages\/3731\/revisions\/4233"}],"wp:attachment":[{"href":"https:\/\/4k5tools.com\/es\/wp-json\/wp\/v2\/media?parent=3731"}],"curies":[{"name":"wp","href":"https:\/\/api.w.org\/{rel}","templated":true}]}}