{"id":3749,"date":"2023-02-16T11:53:13","date_gmt":"2023-02-16T10:53:13","guid":{"rendered":"https:\/\/4k5tools.com\/?page_id=3749"},"modified":"2023-11-28T07:40:38","modified_gmt":"2023-11-28T06:40:38","slug":"multifunktionswerkzeuge","status":"publish","type":"page","link":"https:\/\/4k5tools.com\/es\/multifunktionswerkzeuge\/","title":{"rendered":"MULTI TENAZAS"},"content":{"rendered":"<div data-elementor-type=\"wp-page\" data-elementor-id=\"3749\" class=\"elementor elementor-3749\">\n\t\t\t\t\t\t<section class=\"elementor-section elementor-top-section elementor-element elementor-element-102d1d3 elementor-section-boxed elementor-section-height-default elementor-section-height-default\" data-id=\"102d1d3\" data-element_type=\"section\" data-e-type=\"section\" data-settings=\"{&quot;background_background&quot;:&quot;classic&quot;}\">\n\t\t\t\t\t\t<div class=\"elementor-container elementor-column-gap-default\">\n\t\t\t\t\t<div class=\"elementor-column elementor-col-100 elementor-top-column elementor-element elementor-element-03ea3e7\" data-id=\"03ea3e7\" data-element_type=\"column\" data-e-type=\"column\">\n\t\t\t<div class=\"elementor-widget-wrap elementor-element-populated\">\n\t\t\t\t\t\t<div class=\"elementor-element elementor-element-77d4254 elementor-widget elementor-widget-heading\" data-id=\"77d4254\" data-element_type=\"widget\" data-e-type=\"widget\" id=\"produktgruppe\" data-widget_type=\"heading.default\">\n\t\t\t\t<div class=\"elementor-widget-container\">\n\t\t\t\t\t<h3 class=\"elementor-heading-title elementor-size-default\">MULTI TENAZAS&nbsp;<\/h3>\t\t\t\t<\/div>\n\t\t\t\t<\/div>\n\t\t\t\t<div class=\"elementor-element elementor-element-4ed9473 elementor-widget elementor-widget-spacer\" data-id=\"4ed9473\" data-element_type=\"widget\" data-e-type=\"widget\" data-widget_type=\"spacer.default\">\n\t\t\t\t<div class=\"elementor-widget-container\">\n\t\t\t\t\t\t\t<div class=\"elementor-spacer\">\n\t\t\t<div class=\"elementor-spacer-inner\"><\/div>\n\t\t<\/div>\n\t\t\t\t\t\t<\/div>\n\t\t\t\t<\/div>\n\t\t\t\t\t<\/div>\n\t\t<\/div>\n\t\t\t\t\t<\/div>\n\t\t<\/section>\n\t\t\t\t<section class=\"elementor-section elementor-top-section elementor-element elementor-element-9d2a828 elementor-section-boxed elementor-section-height-default elementor-section-height-default\" data-id=\"9d2a828\" data-element_type=\"section\" data-e-type=\"section\">\n\t\t\t\t\t\t<div class=\"elementor-container elementor-column-gap-default\">\n\t\t\t\t\t<div class=\"elementor-column elementor-col-100 elementor-top-column elementor-element elementor-element-572a444\" data-id=\"572a444\" data-element_type=\"column\" data-e-type=\"column\">\n\t\t\t<div class=\"elementor-widget-wrap elementor-element-populated\">\n\t\t\t\t\t\t<div class=\"elementor-element elementor-element-5f34171 elementor-widget elementor-widget-text-editor\" data-id=\"5f34171\" data-element_type=\"widget\" data-e-type=\"widget\" data-widget_type=\"text-editor.default\">\n\t\t\t\t<div class=\"elementor-widget-container\">\n\t\t\t\t\t\t\t\t\t<p><a href=\"https:\/\/4k5tools.com\/es\/\">INICIO<\/a> \u00bb <a href=\"https:\/\/4k5tools.com\/es\/shop\/\">PRODUCTOS<\/a> \u00bb <a href=\"https:\/\/4k5tools.com\/es\/categoria-producto\/messer-und-werkzeuge\/\">CUCHILLO<\/a> \u00bb <a href=\"https:\/\/4k5tools.com\/es\/multifunktionswerkzeuge\/\">MULTI TENAZAS<\/a><\/p>\t\t\t\t\t\t\t\t<\/div>\n\t\t\t\t<\/div>\n\t\t\t\t<div class=\"elementor-element elementor-element-f1111a0 elementor-widget elementor-widget-text-editor\" data-id=\"f1111a0\" data-element_type=\"widget\" data-e-type=\"widget\" data-widget_type=\"text-editor.default\">\n\t\t\t\t<div class=\"elementor-widget-container\">\n\t\t\t\t\t\t\t\t\t<p>Las herramientas multifunci\u00f3n de 4K5 Better Equipment son un recurso vers\u00e1til para numerosas actividades de la obra, el taller y la vida diaria. Son compactas, f\u00e1ciles de manejar y suponen tener a mano distintas herramientas en un m\u00ednimo de tiempo.<\/p>\t\t\t\t\t\t\t\t<\/div>\n\t\t\t\t<\/div>\n\t\t\t\t<div class=\"elementor-element elementor-element-254c78d elementor-widget-divider--view-line elementor-widget elementor-widget-divider\" data-id=\"254c78d\" data-element_type=\"widget\" data-e-type=\"widget\" data-widget_type=\"divider.default\">\n\t\t\t\t<div class=\"elementor-widget-container\">\n\t\t\t\t\t\t\t<div class=\"elementor-divider\">\n\t\t\t<span class=\"elementor-divider-separator\">\n\t\t\t\t\t\t<\/span>\n\t\t<\/div>\n\t\t\t\t\t\t<\/div>\n\t\t\t\t<\/div>\n\t\t\t\t\t<\/div>\n\t\t<\/div>\n\t\t\t\t\t<\/div>\n\t\t<\/section>\n\t\t\t\t<section class=\"elementor-section elementor-top-section elementor-element elementor-element-30ee1be elementor-section-boxed elementor-section-height-default elementor-section-height-default\" data-id=\"30ee1be\" data-element_type=\"section\" data-e-type=\"section\" data-settings=\"{&quot;background_background&quot;:&quot;classic&quot;}\">\n\t\t\t\t\t\t<div class=\"elementor-container elementor-column-gap-narrow\">\n\t\t\t\t\t<div class=\"elementor-column elementor-col-50 elementor-top-column elementor-element elementor-element-7d5d991\" data-id=\"7d5d991\" data-element_type=\"column\" data-e-type=\"column\">\n\t\t\t<div class=\"elementor-widget-wrap elementor-element-populated\">\n\t\t\t\t\t\t<section class=\"elementor-section elementor-inner-section elementor-element elementor-element-54c51d5 elementor-section-boxed elementor-section-height-default elementor-section-height-default\" data-id=\"54c51d5\" data-element_type=\"section\" data-e-type=\"section\" data-settings=\"{&quot;background_background&quot;:&quot;classic&quot;}\">\n\t\t\t\t\t\t<div class=\"elementor-container elementor-column-gap-no\">\n\t\t\t\t\t<div class=\"elementor-column elementor-col-50 elementor-inner-column elementor-element elementor-element-4693e96\" data-id=\"4693e96\" data-element_type=\"column\" data-e-type=\"column\">\n\t\t\t<div class=\"elementor-widget-wrap elementor-element-populated\">\n\t\t\t\t\t\t<div class=\"elementor-element elementor-element-233da88 elementor-widget elementor-widget-image\" data-id=\"233da88\" data-element_type=\"widget\" data-e-type=\"widget\" data-widget_type=\"image.default\">\n\t\t\t\t<div class=\"elementor-widget-container\">\n\t\t\t\t\t\t\t\t\t\t\t\t\t\t\t<img fetchpriority=\"high\" decoding=\"async\" width=\"1300\" height=\"1300\" src=\"https:\/\/4k5tools.com\/wp-content\/uploads\/2022\/01\/600.400A-Multifunktionstool-4K5.webp\" class=\"attachment-large size-large wp-image-1489\" alt=\"Multifunktionswerkzeuge 600.400A MT 400 MultiTool Large\" srcset=\"https:\/\/4k5tools.com\/wp-content\/uploads\/2022\/01\/600.400A-Multifunktionstool-4K5.webp 1300w, https:\/\/4k5tools.com\/wp-content\/uploads\/2022\/01\/600.400A-Multifunktionstool-4K5-744x744.webp 744w, https:\/\/4k5tools.com\/wp-content\/uploads\/2022\/01\/600.400A-Multifunktionstool-4K5-300x300.webp 300w, https:\/\/4k5tools.com\/wp-content\/uploads\/2022\/01\/600.400A-Multifunktionstool-4K5-768x768.webp 768w, https:\/\/4k5tools.com\/wp-content\/uploads\/2022\/01\/600.400A-Multifunktionstool-4K5-12x12.webp 12w\" sizes=\"(max-width: 1300px) 100vw, 1300px\" \/>\t\t\t\t\t\t\t\t\t\t\t\t\t\t\t<\/div>\n\t\t\t\t<\/div>\n\t\t\t\t\t<\/div>\n\t\t<\/div>\n\t\t\t\t<div class=\"elementor-column elementor-col-50 elementor-inner-column elementor-element elementor-element-6010393\" data-id=\"6010393\" data-element_type=\"column\" data-e-type=\"column\">\n\t\t\t<div class=\"elementor-widget-wrap elementor-element-populated\">\n\t\t\t\t\t\t<div class=\"elementor-element elementor-element-f4dc4cc elementor-widget elementor-widget-heading\" data-id=\"f4dc4cc\" data-element_type=\"widget\" data-e-type=\"widget\" data-widget_type=\"heading.default\">\n\t\t\t\t<div class=\"elementor-widget-container\">\n\t\t\t\t\t<h3 class=\"elementor-heading-title elementor-size-default\">MT 400<\/h3>\t\t\t\t<\/div>\n\t\t\t\t<\/div>\n\t\t\t\t<div class=\"elementor-element elementor-element-1225d8d elementor-widget elementor-widget-text-editor\" data-id=\"1225d8d\" data-element_type=\"widget\" data-e-type=\"widget\" data-widget_type=\"text-editor.default\">\n\t\t\t\t<div class=\"elementor-widget-container\">\n\t\t\t\t\t\t\t\t\t<p>Herramienta multifunci\u00f3n plegable como ayudante muy vers\u00e1til en el trabajo y en el d\u00eda a d\u00eda<\/p>\t\t\t\t\t\t\t\t<\/div>\n\t\t\t\t<\/div>\n\t\t\t\t<div class=\"elementor-element elementor-element-b43cc0a elementor-widget elementor-widget-button\" data-id=\"b43cc0a\" data-element_type=\"widget\" data-e-type=\"widget\" data-widget_type=\"button.default\">\n\t\t\t\t<div class=\"elementor-widget-container\">\n\t\t\t\t\t\t\t\t\t<div class=\"elementor-button-wrapper\">\n\t\t\t\t\t<a class=\"elementor-button elementor-button-link elementor-size-xs\" href=\"https:\/\/4k5tools.com\/es\/produkte\/messer-und-werkzeuge\/multifunktionswerkzeuge\/mt-400-multitool-large\/\">\n\t\t\t\t\t\t<span class=\"elementor-button-content-wrapper\">\n\t\t\t\t\t\t\t\t\t<span class=\"elementor-button-text\">detalles<\/span>\n\t\t\t\t\t<\/span>\n\t\t\t\t\t<\/a>\n\t\t\t\t<\/div>\n\t\t\t\t\t\t\t\t<\/div>\n\t\t\t\t<\/div>\n\t\t\t\t\t<\/div>\n\t\t<\/div>\n\t\t\t\t\t<\/div>\n\t\t<\/section>\n\t\t\t\t\t<\/div>\n\t\t<\/div>\n\t\t\t\t<div class=\"elementor-column elementor-col-50 elementor-top-column elementor-element elementor-element-0da888f\" data-id=\"0da888f\" data-element_type=\"column\" data-e-type=\"column\">\n\t\t\t<div class=\"elementor-widget-wrap elementor-element-populated\">\n\t\t\t\t\t\t<section class=\"elementor-section elementor-inner-section elementor-element elementor-element-2922ec2 elementor-section-boxed elementor-section-height-default elementor-section-height-default\" data-id=\"2922ec2\" data-element_type=\"section\" data-e-type=\"section\" data-settings=\"{&quot;background_background&quot;:&quot;classic&quot;}\">\n\t\t\t\t\t\t<div class=\"elementor-container elementor-column-gap-no\">\n\t\t\t\t\t<div class=\"elementor-column elementor-col-50 elementor-inner-column elementor-element elementor-element-85f5994\" data-id=\"85f5994\" data-element_type=\"column\" data-e-type=\"column\">\n\t\t\t<div class=\"elementor-widget-wrap elementor-element-populated\">\n\t\t\t\t\t\t<div class=\"elementor-element elementor-element-68815a1 elementor-widget elementor-widget-image\" data-id=\"68815a1\" data-element_type=\"widget\" data-e-type=\"widget\" data-widget_type=\"image.default\">\n\t\t\t\t<div class=\"elementor-widget-container\">\n\t\t\t\t\t\t\t\t\t\t\t\t\t\t\t<img decoding=\"async\" width=\"1300\" height=\"1300\" src=\"https:\/\/4k5tools.com\/wp-content\/uploads\/2022\/01\/600.401A-Multifunktionstool-4K5.webp\" class=\"attachment-large size-large wp-image-1491\" alt=\"Multifunktionswerkzeuge 600.401A MT 401 MultiTool Small\" srcset=\"https:\/\/4k5tools.com\/wp-content\/uploads\/2022\/01\/600.401A-Multifunktionstool-4K5.webp 1300w, https:\/\/4k5tools.com\/wp-content\/uploads\/2022\/01\/600.401A-Multifunktionstool-4K5-744x744.webp 744w, https:\/\/4k5tools.com\/wp-content\/uploads\/2022\/01\/600.401A-Multifunktionstool-4K5-300x300.webp 300w, https:\/\/4k5tools.com\/wp-content\/uploads\/2022\/01\/600.401A-Multifunktionstool-4K5-768x768.webp 768w, https:\/\/4k5tools.com\/wp-content\/uploads\/2022\/01\/600.401A-Multifunktionstool-4K5-12x12.webp 12w\" sizes=\"(max-width: 1300px) 100vw, 1300px\" \/>\t\t\t\t\t\t\t\t\t\t\t\t\t\t\t<\/div>\n\t\t\t\t<\/div>\n\t\t\t\t\t<\/div>\n\t\t<\/div>\n\t\t\t\t<div class=\"elementor-column elementor-col-50 elementor-inner-column elementor-element elementor-element-7be8047\" data-id=\"7be8047\" data-element_type=\"column\" data-e-type=\"column\">\n\t\t\t<div class=\"elementor-widget-wrap elementor-element-populated\">\n\t\t\t\t\t\t<div class=\"elementor-element elementor-element-1075ac6 elementor-widget elementor-widget-heading\" data-id=\"1075ac6\" data-element_type=\"widget\" data-e-type=\"widget\" data-widget_type=\"heading.default\">\n\t\t\t\t<div class=\"elementor-widget-container\">\n\t\t\t\t\t<h3 class=\"elementor-heading-title elementor-size-default\">MT 401<\/h3>\t\t\t\t<\/div>\n\t\t\t\t<\/div>\n\t\t\t\t<div class=\"elementor-element elementor-element-3dcd724 elementor-widget elementor-widget-text-editor\" data-id=\"3dcd724\" data-element_type=\"widget\" data-e-type=\"widget\" data-widget_type=\"text-editor.default\">\n\t\t\t\t<div class=\"elementor-widget-container\">\n\t\t\t\t\t\t\t\t\t<p>Herramienta multifunci\u00f3n plegable y ultracompacta como ayudante muy vers\u00e1til en el trabajo y en el d\u00eda a d\u00eda<\/p>\t\t\t\t\t\t\t\t<\/div>\n\t\t\t\t<\/div>\n\t\t\t\t<div class=\"elementor-element elementor-element-802e454 elementor-widget elementor-widget-button\" data-id=\"802e454\" data-element_type=\"widget\" data-e-type=\"widget\" data-widget_type=\"button.default\">\n\t\t\t\t<div class=\"elementor-widget-container\">\n\t\t\t\t\t\t\t\t\t<div class=\"elementor-button-wrapper\">\n\t\t\t\t\t<a class=\"elementor-button elementor-button-link elementor-size-xs\" href=\"https:\/\/4k5tools.com\/es\/produkte\/messer-und-werkzeuge\/multifunktionswerkzeuge\/mt-401-multitool-small\/\">\n\t\t\t\t\t\t<span class=\"elementor-button-content-wrapper\">\n\t\t\t\t\t\t\t\t\t<span class=\"elementor-button-text\">detalles<\/span>\n\t\t\t\t\t<\/span>\n\t\t\t\t\t<\/a>\n\t\t\t\t<\/div>\n\t\t\t\t\t\t\t\t<\/div>\n\t\t\t\t<\/div>\n\t\t\t\t\t<\/div>\n\t\t<\/div>\n\t\t\t\t\t<\/div>\n\t\t<\/section>\n\t\t\t\t\t<\/div>\n\t\t<\/div>\n\t\t\t\t\t<\/div>\n\t\t<\/section>\n\t\t\t\t<\/div>","protected":false},"excerpt":{"rendered":"<p>MULTIFUNKTIONSWERKZEUGE&nbsp; START \u00bb PRODUKTE \u00bb MESSER \u00bb MULTIFUNKTIONSWERKZEUGE Vielseitige Helfer f\u00fcr zahlreiche T\u00e4tigkeiten auf der Baustelle, in der Werkstatt und im Alltag &#8211; das sind die Multifunktionswerkzeuge von 4K5 Better Equipment. Sie sind kompakt, simpel in der Handhabung und bieten die M\u00f6glichkeit, auf zahlreiche Werkzeuge schnellstens zur\u00fcckzugreifen. MT 400 Faltbares Multifunktionswerkzeug als vielseitiger Helfer bei [&hellip;]<\/p>\n","protected":false},"author":6,"featured_media":0,"parent":0,"menu_order":0,"comment_status":"closed","ping_status":"closed","template":"","meta":{"ocean_post_layout":"full-screen","ocean_both_sidebars_style":"","ocean_both_sidebars_content_width":0,"ocean_both_sidebars_sidebars_width":0,"ocean_sidebar":"0","ocean_second_sidebar":"0","ocean_disable_margins":"enable","ocean_add_body_class":"","ocean_shortcode_before_top_bar":"","ocean_shortcode_after_top_bar":"","ocean_shortcode_before_header":"","ocean_shortcode_after_header":"","ocean_has_shortcode":"","ocean_shortcode_after_title":"","ocean_shortcode_before_footer_widgets":"","ocean_shortcode_after_footer_widgets":"","ocean_shortcode_before_footer_bottom":"","ocean_shortcode_after_footer_bottom":"","ocean_display_top_bar":"default","ocean_display_header":"default","ocean_header_style":"","ocean_center_header_left_menu":"0","ocean_custom_header_template":"0","ocean_custom_logo":0,"ocean_custom_retina_logo":0,"ocean_custom_logo_max_width":0,"ocean_custom_logo_tablet_max_width":0,"ocean_custom_logo_mobile_max_width":0,"ocean_custom_logo_max_height":0,"ocean_custom_logo_tablet_max_height":0,"ocean_custom_logo_mobile_max_height":0,"ocean_header_custom_menu":"0","ocean_menu_typo_font_family":"0","ocean_menu_typo_font_subset":"","ocean_menu_typo_font_size":0,"ocean_menu_typo_font_size_tablet":0,"ocean_menu_typo_font_size_mobile":0,"ocean_menu_typo_font_size_unit":"px","ocean_menu_typo_font_weight":"","ocean_menu_typo_font_weight_tablet":"","ocean_menu_typo_font_weight_mobile":"","ocean_menu_typo_transform":"","ocean_menu_typo_transform_tablet":"","ocean_menu_typo_transform_mobile":"","ocean_menu_typo_line_height":0,"ocean_menu_typo_line_height_tablet":0,"ocean_menu_typo_line_height_mobile":0,"ocean_menu_typo_line_height_unit":"","ocean_menu_typo_spacing":0,"ocean_menu_typo_spacing_tablet":0,"ocean_menu_typo_spacing_mobile":0,"ocean_menu_typo_spacing_unit":"","ocean_menu_link_color":"","ocean_menu_link_color_hover":"","ocean_menu_link_color_active":"","ocean_menu_link_background":"","ocean_menu_link_hover_background":"","ocean_menu_link_active_background":"","ocean_menu_social_links_bg":"","ocean_menu_social_hover_links_bg":"","ocean_menu_social_links_color":"","ocean_menu_social_hover_links_color":"","ocean_disable_title":"default","ocean_disable_heading":"default","ocean_post_title":"","ocean_post_subheading":"","ocean_post_title_style":"","ocean_post_title_background_color":"","ocean_post_title_background":0,"ocean_post_title_bg_image_position":"","ocean_post_title_bg_image_attachment":"","ocean_post_title_bg_image_repeat":"","ocean_post_title_bg_image_size":"","ocean_post_title_height":0,"ocean_post_title_bg_overlay":0.5,"ocean_post_title_bg_overlay_color":"","ocean_disable_breadcrumbs":"default","ocean_breadcrumbs_color":"","ocean_breadcrumbs_separator_color":"","ocean_breadcrumbs_links_color":"","ocean_breadcrumbs_links_hover_color":"","ocean_display_footer_widgets":"default","ocean_display_footer_bottom":"default","ocean_custom_footer_template":"0","footnotes":""},"class_list":["post-3749","page","type-page","status-publish","hentry","entry","owp-thumbs-layout-horizontal","owp-btn-normal","owp-tabs-layout-horizontal","has-no-thumbnails","has-product-nav"],"yoast_head":"<!-- This site is optimized with the Yoast SEO plugin v27.3 - https:\/\/yoast.com\/product\/yoast-seo-wordpress\/ -->\n<title>MULTIFUNKTIONSWERKZEUGE - 4K5 BETTER EQUIPMENT<\/title>\n<meta name=\"description\" content=\"4K5 Multifunktionswerkzeuge sind vielseitige Helfer f\u00fcr zahlreiche T\u00e4tigkeiten auf der Baustelle, in der Werkstatt und im Alltag.\" \/>\n<meta name=\"robots\" content=\"index, follow, max-snippet:-1, max-image-preview:large, max-video-preview:-1\" \/>\n<link rel=\"canonical\" href=\"https:\/\/4k5tools.com\/es\/multifunktionswerkzeuge\/\" \/>\n<meta property=\"og:locale\" content=\"es_ES\" \/>\n<meta property=\"og:type\" content=\"article\" \/>\n<meta property=\"og:title\" content=\"MULTIFUNKTIONSWERKZEUGE - 4K5 BETTER EQUIPMENT\" \/>\n<meta property=\"og:description\" content=\"4K5 Multifunktionswerkzeuge sind vielseitige Helfer f\u00fcr zahlreiche T\u00e4tigkeiten auf der Baustelle, in der Werkstatt und im Alltag.\" \/>\n<meta property=\"og:url\" content=\"https:\/\/4k5tools.com\/es\/multifunktionswerkzeuge\/\" \/>\n<meta property=\"og:site_name\" content=\"4K5 BETTER EQUIPMENT\" \/>\n<meta property=\"article:modified_time\" content=\"2023-11-28T06:40:38+00:00\" \/>\n<meta property=\"og:image\" content=\"https:\/\/4k5tools.com\/wp-content\/uploads\/2022\/01\/600.400A-Multifunktionstool-4K5.webp\" \/>\n<meta name=\"twitter:card\" content=\"summary_large_image\" \/>\n<meta name=\"twitter:label1\" content=\"Tiempo de lectura\" \/>\n\t<meta name=\"twitter:data1\" content=\"1 minuto\" \/>\n<script type=\"application\/ld+json\" class=\"yoast-schema-graph\">{\"@context\":\"https:\\\/\\\/schema.org\",\"@graph\":[{\"@type\":\"WebPage\",\"@id\":\"https:\\\/\\\/4k5tools.com\\\/multifunktionswerkzeuge\\\/\",\"url\":\"https:\\\/\\\/4k5tools.com\\\/multifunktionswerkzeuge\\\/\",\"name\":\"MULTIFUNKTIONSWERKZEUGE - 4K5 BETTER EQUIPMENT\",\"isPartOf\":{\"@id\":\"https:\\\/\\\/4k5tools.com\\\/#website\"},\"primaryImageOfPage\":{\"@id\":\"https:\\\/\\\/4k5tools.com\\\/multifunktionswerkzeuge\\\/#primaryimage\"},\"image\":{\"@id\":\"https:\\\/\\\/4k5tools.com\\\/multifunktionswerkzeuge\\\/#primaryimage\"},\"thumbnailUrl\":\"https:\\\/\\\/4k5tools.com\\\/wp-content\\\/uploads\\\/2022\\\/01\\\/600.400A-Multifunktionstool-4K5.webp\",\"datePublished\":\"2023-02-16T10:53:13+00:00\",\"dateModified\":\"2023-11-28T06:40:38+00:00\",\"description\":\"4K5 Multifunktionswerkzeuge sind vielseitige Helfer f\u00fcr zahlreiche T\u00e4tigkeiten auf der Baustelle, in der Werkstatt und im Alltag.\",\"breadcrumb\":{\"@id\":\"https:\\\/\\\/4k5tools.com\\\/multifunktionswerkzeuge\\\/#breadcrumb\"},\"inLanguage\":\"es\",\"potentialAction\":[{\"@type\":\"ReadAction\",\"target\":[\"https:\\\/\\\/4k5tools.com\\\/multifunktionswerkzeuge\\\/\"]}]},{\"@type\":\"ImageObject\",\"inLanguage\":\"es\",\"@id\":\"https:\\\/\\\/4k5tools.com\\\/multifunktionswerkzeuge\\\/#primaryimage\",\"url\":\"https:\\\/\\\/4k5tools.com\\\/wp-content\\\/uploads\\\/2022\\\/01\\\/600.400A-Multifunktionstool-4K5.webp\",\"contentUrl\":\"https:\\\/\\\/4k5tools.com\\\/wp-content\\\/uploads\\\/2022\\\/01\\\/600.400A-Multifunktionstool-4K5.webp\"},{\"@type\":\"BreadcrumbList\",\"@id\":\"https:\\\/\\\/4k5tools.com\\\/multifunktionswerkzeuge\\\/#breadcrumb\",\"itemListElement\":[{\"@type\":\"ListItem\",\"position\":1,\"name\":\"START\",\"item\":\"https:\\\/\\\/4k5tools.com\\\/\"},{\"@type\":\"ListItem\",\"position\":2,\"name\":\"MULTIFUNKTIONSWERKZEUGE\"}]},{\"@type\":\"WebSite\",\"@id\":\"https:\\\/\\\/4k5tools.com\\\/#website\",\"url\":\"https:\\\/\\\/4k5tools.com\\\/\",\"name\":\"4K5 BETTER EQUIPMENT\",\"description\":\"\",\"publisher\":{\"@id\":\"https:\\\/\\\/4k5tools.com\\\/#organization\"},\"potentialAction\":[{\"@type\":\"SearchAction\",\"target\":{\"@type\":\"EntryPoint\",\"urlTemplate\":\"https:\\\/\\\/4k5tools.com\\\/?s={search_term_string}\"},\"query-input\":{\"@type\":\"PropertyValueSpecification\",\"valueRequired\":true,\"valueName\":\"search_term_string\"}}],\"inLanguage\":\"es\"},{\"@type\":\"Organization\",\"@id\":\"https:\\\/\\\/4k5tools.com\\\/#organization\",\"name\":\"4K5 BETTER EQUIPMENT\",\"url\":\"https:\\\/\\\/4k5tools.com\\\/\",\"logo\":{\"@type\":\"ImageObject\",\"inLanguage\":\"es\",\"@id\":\"https:\\\/\\\/4k5tools.com\\\/#\\\/schema\\\/logo\\\/image\\\/\",\"url\":\"https:\\\/\\\/4k5tools.com\\\/wp-content\\\/uploads\\\/2022\\\/04\\\/4K5_Better-Equipment.webp\",\"contentUrl\":\"https:\\\/\\\/4k5tools.com\\\/wp-content\\\/uploads\\\/2022\\\/04\\\/4K5_Better-Equipment.webp\",\"width\":550,\"height\":200,\"caption\":\"4K5 BETTER EQUIPMENT\"},\"image\":{\"@id\":\"https:\\\/\\\/4k5tools.com\\\/#\\\/schema\\\/logo\\\/image\\\/\"}}]}<\/script>\n<!-- \/ Yoast SEO plugin. -->","yoast_head_json":{"title":"MULTIFUNKTIONSWERKZEUGE - 4K5 BETTER EQUIPMENT","description":"4K5 Multifunktionswerkzeuge sind vielseitige Helfer f\u00fcr zahlreiche T\u00e4tigkeiten auf der Baustelle, in der Werkstatt und im Alltag.","robots":{"index":"index","follow":"follow","max-snippet":"max-snippet:-1","max-image-preview":"max-image-preview:large","max-video-preview":"max-video-preview:-1"},"canonical":"https:\/\/4k5tools.com\/es\/multifunktionswerkzeuge\/","og_locale":"es_ES","og_type":"article","og_title":"MULTIFUNKTIONSWERKZEUGE - 4K5 BETTER EQUIPMENT","og_description":"4K5 Multifunktionswerkzeuge sind vielseitige Helfer f\u00fcr zahlreiche T\u00e4tigkeiten auf der Baustelle, in der Werkstatt und im Alltag.","og_url":"https:\/\/4k5tools.com\/es\/multifunktionswerkzeuge\/","og_site_name":"4K5 BETTER EQUIPMENT","article_modified_time":"2023-11-28T06:40:38+00:00","og_image":[{"url":"https:\/\/4k5tools.com\/wp-content\/uploads\/2022\/01\/600.400A-Multifunktionstool-4K5.webp","type":"","width":"","height":""}],"twitter_card":"summary_large_image","twitter_misc":{"Tiempo de lectura":"1 minuto"},"schema":{"@context":"https:\/\/schema.org","@graph":[{"@type":"WebPage","@id":"https:\/\/4k5tools.com\/multifunktionswerkzeuge\/","url":"https:\/\/4k5tools.com\/multifunktionswerkzeuge\/","name":"MULTIFUNKTIONSWERKZEUGE - 4K5 BETTER EQUIPMENT","isPartOf":{"@id":"https:\/\/4k5tools.com\/#website"},"primaryImageOfPage":{"@id":"https:\/\/4k5tools.com\/multifunktionswerkzeuge\/#primaryimage"},"image":{"@id":"https:\/\/4k5tools.com\/multifunktionswerkzeuge\/#primaryimage"},"thumbnailUrl":"https:\/\/4k5tools.com\/wp-content\/uploads\/2022\/01\/600.400A-Multifunktionstool-4K5.webp","datePublished":"2023-02-16T10:53:13+00:00","dateModified":"2023-11-28T06:40:38+00:00","description":"4K5 Multifunktionswerkzeuge sind vielseitige Helfer f\u00fcr zahlreiche T\u00e4tigkeiten auf der Baustelle, in der Werkstatt und im Alltag.","breadcrumb":{"@id":"https:\/\/4k5tools.com\/multifunktionswerkzeuge\/#breadcrumb"},"inLanguage":"es","potentialAction":[{"@type":"ReadAction","target":["https:\/\/4k5tools.com\/multifunktionswerkzeuge\/"]}]},{"@type":"ImageObject","inLanguage":"es","@id":"https:\/\/4k5tools.com\/multifunktionswerkzeuge\/#primaryimage","url":"https:\/\/4k5tools.com\/wp-content\/uploads\/2022\/01\/600.400A-Multifunktionstool-4K5.webp","contentUrl":"https:\/\/4k5tools.com\/wp-content\/uploads\/2022\/01\/600.400A-Multifunktionstool-4K5.webp"},{"@type":"BreadcrumbList","@id":"https:\/\/4k5tools.com\/multifunktionswerkzeuge\/#breadcrumb","itemListElement":[{"@type":"ListItem","position":1,"name":"START","item":"https:\/\/4k5tools.com\/"},{"@type":"ListItem","position":2,"name":"MULTIFUNKTIONSWERKZEUGE"}]},{"@type":"WebSite","@id":"https:\/\/4k5tools.com\/#website","url":"https:\/\/4k5tools.com\/","name":"4K5 BETTER EQUIPMENT","description":"","publisher":{"@id":"https:\/\/4k5tools.com\/#organization"},"potentialAction":[{"@type":"SearchAction","target":{"@type":"EntryPoint","urlTemplate":"https:\/\/4k5tools.com\/?s={search_term_string}"},"query-input":{"@type":"PropertyValueSpecification","valueRequired":true,"valueName":"search_term_string"}}],"inLanguage":"es"},{"@type":"Organization","@id":"https:\/\/4k5tools.com\/#organization","name":"4K5 BETTER EQUIPMENT","url":"https:\/\/4k5tools.com\/","logo":{"@type":"ImageObject","inLanguage":"es","@id":"https:\/\/4k5tools.com\/#\/schema\/logo\/image\/","url":"https:\/\/4k5tools.com\/wp-content\/uploads\/2022\/04\/4K5_Better-Equipment.webp","contentUrl":"https:\/\/4k5tools.com\/wp-content\/uploads\/2022\/04\/4K5_Better-Equipment.webp","width":550,"height":200,"caption":"4K5 BETTER EQUIPMENT"},"image":{"@id":"https:\/\/4k5tools.com\/#\/schema\/logo\/image\/"}}]}},"_links":{"self":[{"href":"https:\/\/4k5tools.com\/es\/wp-json\/wp\/v2\/pages\/3749","targetHints":{"allow":["GET"]}}],"collection":[{"href":"https:\/\/4k5tools.com\/es\/wp-json\/wp\/v2\/pages"}],"about":[{"href":"https:\/\/4k5tools.com\/es\/wp-json\/wp\/v2\/types\/page"}],"author":[{"embeddable":true,"href":"https:\/\/4k5tools.com\/es\/wp-json\/wp\/v2\/users\/6"}],"replies":[{"embeddable":true,"href":"https:\/\/4k5tools.com\/es\/wp-json\/wp\/v2\/comments?post=3749"}],"version-history":[{"count":14,"href":"https:\/\/4k5tools.com\/es\/wp-json\/wp\/v2\/pages\/3749\/revisions"}],"predecessor-version":[{"id":4630,"href":"https:\/\/4k5tools.com\/es\/wp-json\/wp\/v2\/pages\/3749\/revisions\/4630"}],"wp:attachment":[{"href":"https:\/\/4k5tools.com\/es\/wp-json\/wp\/v2\/media?parent=3749"}],"curies":[{"name":"wp","href":"https:\/\/api.w.org\/{rel}","templated":true}]}}