{"id":3773,"date":"2023-02-22T11:46:40","date_gmt":"2023-02-22T10:46:40","guid":{"rendered":"https:\/\/4k5tools.com\/?page_id=3773"},"modified":"2023-04-20T09:22:27","modified_gmt":"2023-04-20T07:22:27","slug":"winter-arbeitshandschuhe","status":"publish","type":"page","link":"https:\/\/4k5tools.com\/es\/winter-arbeitshandschuhe\/","title":{"rendered":"GUANTES DE TRABAJO DE INVIERNO"},"content":{"rendered":"<div data-elementor-type=\"wp-page\" data-elementor-id=\"3773\" class=\"elementor elementor-3773\">\n\t\t\t\t\t\t<section class=\"elementor-section elementor-top-section elementor-element elementor-element-102d1d3 elementor-section-boxed elementor-section-height-default elementor-section-height-default\" data-id=\"102d1d3\" data-element_type=\"section\" data-e-type=\"section\" data-settings=\"{&quot;background_background&quot;:&quot;classic&quot;}\">\n\t\t\t\t\t\t<div class=\"elementor-container elementor-column-gap-default\">\n\t\t\t\t\t<div class=\"elementor-column elementor-col-100 elementor-top-column elementor-element elementor-element-03ea3e7\" data-id=\"03ea3e7\" data-element_type=\"column\" data-e-type=\"column\">\n\t\t\t<div class=\"elementor-widget-wrap elementor-element-populated\">\n\t\t\t\t\t\t<div class=\"elementor-element elementor-element-77d4254 elementor-widget elementor-widget-heading\" data-id=\"77d4254\" data-element_type=\"widget\" data-e-type=\"widget\" id=\"produktgruppe\" data-widget_type=\"heading.default\">\n\t\t\t\t<div class=\"elementor-widget-container\">\n\t\t\t\t\t<h3 class=\"elementor-heading-title elementor-size-default\">GUANTES DE TRABAJO DE INVIERNO&nbsp;<\/h3>\t\t\t\t<\/div>\n\t\t\t\t<\/div>\n\t\t\t\t<div class=\"elementor-element elementor-element-4ed9473 elementor-widget elementor-widget-spacer\" data-id=\"4ed9473\" data-element_type=\"widget\" data-e-type=\"widget\" data-widget_type=\"spacer.default\">\n\t\t\t\t<div class=\"elementor-widget-container\">\n\t\t\t\t\t\t\t<div class=\"elementor-spacer\">\n\t\t\t<div class=\"elementor-spacer-inner\"><\/div>\n\t\t<\/div>\n\t\t\t\t\t\t<\/div>\n\t\t\t\t<\/div>\n\t\t\t\t\t<\/div>\n\t\t<\/div>\n\t\t\t\t\t<\/div>\n\t\t<\/section>\n\t\t\t\t<section class=\"elementor-section elementor-top-section elementor-element elementor-element-9d2a828 elementor-section-boxed elementor-section-height-default elementor-section-height-default\" data-id=\"9d2a828\" data-element_type=\"section\" data-e-type=\"section\">\n\t\t\t\t\t\t<div class=\"elementor-container elementor-column-gap-default\">\n\t\t\t\t\t<div class=\"elementor-column elementor-col-100 elementor-top-column elementor-element elementor-element-572a444\" data-id=\"572a444\" data-element_type=\"column\" data-e-type=\"column\">\n\t\t\t<div class=\"elementor-widget-wrap elementor-element-populated\">\n\t\t\t\t\t\t<div class=\"elementor-element elementor-element-5f34171 elementor-widget elementor-widget-text-editor\" data-id=\"5f34171\" data-element_type=\"widget\" data-e-type=\"widget\" data-widget_type=\"text-editor.default\">\n\t\t\t\t<div class=\"elementor-widget-container\">\n\t\t\t\t\t\t\t\t\t<p><a href=\"https:\/\/4k5tools.com\/es\/\">INICIO<\/a> \u00bb <a href=\"https:\/\/4k5tools.com\/es\/shop\/\">PRODUCTOS<\/a> \u00bb <a href=\"https:\/\/4k5tools.com\/es\/categoria-producto\/schutzhandschuhe\/\">GUANTES PROTECTORES<\/a> \u00bb <a href=\"https:\/\/4k5tools.com\/es\/winter-arbeitshandschuhe\/\">GUANTES DE TRABAJO DE INVIERNO<\/a><\/p>\t\t\t\t\t\t\t\t<\/div>\n\t\t\t\t<\/div>\n\t\t\t\t<div class=\"elementor-element elementor-element-f1111a0 elementor-widget elementor-widget-text-editor\" data-id=\"f1111a0\" data-element_type=\"widget\" data-e-type=\"widget\" data-widget_type=\"text-editor.default\">\n\t\t\t\t<div class=\"elementor-widget-container\">\n\t\t\t\t\t\t\t\t\t<p>Proteja sus manos del fr\u00edo y los peligros mec\u00e1nicos de manera \u00f3ptima con los guantes de trabajo de invierno de 4K5 Better Equipment. Gracias a su eficaz aislamiento contra el fr\u00edo y su membrana impermeable, estos guantes son la protecci\u00f3n perfecta contra las temperaturas bajas. La protecci\u00f3n eficiente contra los golpes, las \u00e1reas de trabajo reforzadas y las fibras de alto rendimiento antidesgarro ofrecen una fiable protecci\u00f3n mec\u00e1nica.<\/p>\t\t\t\t\t\t\t\t<\/div>\n\t\t\t\t<\/div>\n\t\t\t\t\t<\/div>\n\t\t<\/div>\n\t\t\t\t\t<\/div>\n\t\t<\/section>\n\t\t\t\t<section class=\"elementor-section elementor-top-section elementor-element elementor-element-28e8a6c elementor-section-boxed elementor-section-height-default elementor-section-height-default\" data-id=\"28e8a6c\" data-element_type=\"section\" data-e-type=\"section\">\n\t\t\t\t\t\t<div class=\"elementor-container elementor-column-gap-default\">\n\t\t\t\t\t<div class=\"elementor-column elementor-col-100 elementor-top-column elementor-element elementor-element-55995ec\" data-id=\"55995ec\" data-element_type=\"column\" data-e-type=\"column\">\n\t\t\t<div class=\"elementor-widget-wrap elementor-element-populated\">\n\t\t\t\t\t\t<div class=\"elementor-element elementor-element-91892ab elementor-widget-divider--view-line elementor-widget elementor-widget-divider\" data-id=\"91892ab\" data-element_type=\"widget\" data-e-type=\"widget\" data-widget_type=\"divider.default\">\n\t\t\t\t<div class=\"elementor-widget-container\">\n\t\t\t\t\t\t\t<div class=\"elementor-divider\">\n\t\t\t<span class=\"elementor-divider-separator\">\n\t\t\t\t\t\t<\/span>\n\t\t<\/div>\n\t\t\t\t\t\t<\/div>\n\t\t\t\t<\/div>\n\t\t\t\t\t<\/div>\n\t\t<\/div>\n\t\t\t\t\t<\/div>\n\t\t<\/section>\n\t\t\t\t<section class=\"elementor-section elementor-top-section elementor-element elementor-element-c1aca84 elementor-section-boxed elementor-section-height-default elementor-section-height-default\" data-id=\"c1aca84\" data-element_type=\"section\" data-e-type=\"section\">\n\t\t\t\t\t\t<div class=\"elementor-container elementor-column-gap-default\">\n\t\t\t\t\t<div class=\"elementor-column elementor-col-100 elementor-top-column elementor-element elementor-element-11ed678\" data-id=\"11ed678\" data-element_type=\"column\" data-e-type=\"column\">\n\t\t\t<div class=\"elementor-widget-wrap elementor-element-populated\">\n\t\t\t\t\t\t<div class=\"elementor-element elementor-element-f99c4da elementor-widget elementor-widget-heading\" data-id=\"f99c4da\" data-element_type=\"widget\" data-e-type=\"widget\" data-widget_type=\"heading.default\">\n\t\t\t\t<div class=\"elementor-widget-container\">\n\t\t\t\t\t<h2 class=\"elementor-heading-title elementor-size-default\">DATOS T\u00c9CNICOS<\/h2>\t\t\t\t<\/div>\n\t\t\t\t<\/div>\n\t\t\t\t<div class=\"elementor-element elementor-element-2721391 elementor-widget elementor-widget-elementskit-tablepress\" data-id=\"2721391\" data-element_type=\"widget\" data-e-type=\"widget\" data-widget_type=\"elementskit-tablepress.default\">\n\t\t\t\t<div class=\"elementor-widget-container\">\n\t\t\t\t\t<div class=\"elemenetskit-tablepress ekit-wid-con\" id=\"ekit_tablepress_2721391\">\n<table id=\"tablepress-11\" class=\"tablepress tablepress-id-11\">\n<thead>\n<tr class=\"row-1\">\n\t<td class=\"column-1\"><\/td><th class=\"column-2\"><strong>CRUSHER<\/strong><\/th><th class=\"column-3\"><strong>SNOW<\/strong><\/th><th class=\"column-4\"><strong>ZERO<\/strong><\/th>\n<\/tr>\n<\/thead>\n<tbody class=\"row-striping row-hover\">\n<tr class=\"row-2\">\n\t<td class=\"column-1\"><\/td><td class=\"column-2\"><a href=\"https:\/\/4k5tools.com\/es\/produkte\/schutzhandschuhe\/winter-arbeitshandschuhe\/crusher\/\"><img fetchpriority=\"high\" decoding=\"async\" src=\"https:\/\/4k5tools.com\/wp-content\/uploads\/2022\/09\/604.202-S-M-L-XL_4K5_Produkt.webp\" alt=\"604.202-S-M-L-XL Arbeitshandschuhe\" width=\"1200\" height=\"1200\" class=\"alignnone size-full wp-image-3027\" \/><\/a><\/td><td class=\"column-3\"><a href=\"https:\/\/4k5tools.com\/es\/produkte\/schutzhandschuhe\/winter-arbeitshandschuhe\/snow\/\"><img decoding=\"async\" src=\"https:\/\/4k5tools.com\/wp-content\/uploads\/2022\/09\/604.201-S-M-L-XL_4K5_Produkt.webp\" alt=\"604.201-S-M-L-XL Arbeitshandschuhe\" width=\"1200\" height=\"1200\" class=\"alignnone size-full wp-image-3026\" srcset=\"https:\/\/4k5tools.com\/wp-content\/uploads\/2022\/09\/604.201-S-M-L-XL_4K5_Produkt.webp 1200w, https:\/\/4k5tools.com\/wp-content\/uploads\/2022\/09\/604.201-S-M-L-XL_4K5_Produkt-768x768.webp 768w, https:\/\/4k5tools.com\/wp-content\/uploads\/2022\/09\/604.201-S-M-L-XL_4K5_Produkt-12x12.webp 12w, https:\/\/4k5tools.com\/wp-content\/uploads\/2022\/09\/604.201-S-M-L-XL_4K5_Produkt-600x600.webp 600w, https:\/\/4k5tools.com\/wp-content\/uploads\/2022\/09\/604.201-S-M-L-XL_4K5_Produkt-744x744.webp 744w, https:\/\/4k5tools.com\/wp-content\/uploads\/2022\/09\/604.201-S-M-L-XL_4K5_Produkt-300x300.webp 300w\" sizes=\"(max-width: 1200px) 100vw, 1200px\" \/><\/a><\/td><td class=\"column-4\"><a href=\"https:\/\/4k5tools.com\/es\/produkte\/schutzhandschuhe\/winter-arbeitshandschuhe\/zero\/\"><img decoding=\"async\" src=\"https:\/\/4k5tools.com\/wp-content\/uploads\/2022\/09\/604.200-S-M-L-XL_4K5_Produkt.webp\" alt=\"604.200-S-M-L-XL Arbeitshandschuhe\" width=\"1200\" height=\"1200\" class=\"alignnone size-full wp-image-3024\" srcset=\"https:\/\/4k5tools.com\/wp-content\/uploads\/2022\/09\/604.200-S-M-L-XL_4K5_Produkt.webp 1200w, https:\/\/4k5tools.com\/wp-content\/uploads\/2022\/09\/604.200-S-M-L-XL_4K5_Produkt-768x768.webp 768w, https:\/\/4k5tools.com\/wp-content\/uploads\/2022\/09\/604.200-S-M-L-XL_4K5_Produkt-12x12.webp 12w, https:\/\/4k5tools.com\/wp-content\/uploads\/2022\/09\/604.200-S-M-L-XL_4K5_Produkt-600x600.webp 600w, https:\/\/4k5tools.com\/wp-content\/uploads\/2022\/09\/604.200-S-M-L-XL_4K5_Produkt-744x744.webp 744w, https:\/\/4k5tools.com\/wp-content\/uploads\/2022\/09\/604.200-S-M-L-XL_4K5_Produkt-300x300.webp 300w\" sizes=\"(max-width: 1200px) 100vw, 1200px\" \/><\/a><\/td>\n<\/tr>\n<tr class=\"row-3\">\n\t<td class=\"column-1\"><strong>Protecci\u00f3n contra el fr\u00edo<\/strong><\/td><td class=\"column-2\">m\u00e1x. -15\u00b0C<\/td><td class=\"column-3\">m\u00e1x. -10\u00b0C<\/td><td class=\"column-4\">m\u00e1x. -5\u00b0C<\/td>\n<\/tr>\n<tr class=\"row-4\">\n\t<td class=\"column-1\"><strong>Recubrimiento<\/strong><\/td><td class=\"column-2\">\u2013<\/td><td class=\"column-3\">\u2013<\/td><td class=\"column-4\">Poliuretano<\/td>\n<\/tr>\n<tr class=\"row-5\">\n\t<td class=\"column-1\"><strong>Caracter\u00edsticas<\/strong><\/td><td class=\"column-2\">Protecci\u00f3n contra golpes en los dedos<br \/>\nProtecci\u00f3n contra golpes en el dorso de la mano<br \/>\nMembrana impermeable<\/td><td class=\"column-3\">Membrana impermeable<\/td><td class=\"column-4\">Membrana impermeable<\/td>\n<\/tr>\n<\/tbody>\n<\/table>\n<!-- #tablepress-11 from cache --><\/div>\t\t\t\t<\/div>\n\t\t\t\t<\/div>\n\t\t\t\t\t<\/div>\n\t\t<\/div>\n\t\t\t\t\t<\/div>\n\t\t<\/section>\n\t\t\t\t<\/div>","protected":false},"excerpt":{"rendered":"<p>WINTER-ARBEITSHANDSCHUHE&nbsp; START \u00bb PRODUKTE \u00bb SCHUTZHANDSCHUHE \u00bb WINTER-ARBEITSHANDSCHUHE Sch\u00fctzen Sie Ihre H\u00e4nde optimal vor K\u00e4lte und mechanischen Gefahren mit den Winter-Arbeitshandschuhen von 4K5 Better Equipment. Wirkungsvolle K\u00e4teisolierung und wasserdichte Membrane machen diese Handschuhe zu perfekten Sch\u00fctzern vor niedrigen Temperaturen. Effizienter Aufprallschutz, verst\u00e4rkte Arbeitsfl\u00e4chen und rei\u00dffeste Hochleistungsfasern sorgen au\u00dferdem f\u00fcr zuverl\u00e4ssigen mechanischen Schutz liefern. Schnellansicht Schnellansicht [&hellip;]<\/p>\n","protected":false},"author":6,"featured_media":0,"parent":0,"menu_order":0,"comment_status":"closed","ping_status":"closed","template":"","meta":{"ocean_post_layout":"full-screen","ocean_both_sidebars_style":"","ocean_both_sidebars_content_width":0,"ocean_both_sidebars_sidebars_width":0,"ocean_sidebar":"0","ocean_second_sidebar":"0","ocean_disable_margins":"enable","ocean_add_body_class":"","ocean_shortcode_before_top_bar":"","ocean_shortcode_after_top_bar":"","ocean_shortcode_before_header":"","ocean_shortcode_after_header":"","ocean_has_shortcode":"","ocean_shortcode_after_title":"","ocean_shortcode_before_footer_widgets":"","ocean_shortcode_after_footer_widgets":"","ocean_shortcode_before_footer_bottom":"","ocean_shortcode_after_footer_bottom":"","ocean_display_top_bar":"default","ocean_display_header":"default","ocean_header_style":"","ocean_center_header_left_menu":"0","ocean_custom_header_template":"0","ocean_custom_logo":0,"ocean_custom_retina_logo":0,"ocean_custom_logo_max_width":0,"ocean_custom_logo_tablet_max_width":0,"ocean_custom_logo_mobile_max_width":0,"ocean_custom_logo_max_height":0,"ocean_custom_logo_tablet_max_height":0,"ocean_custom_logo_mobile_max_height":0,"ocean_header_custom_menu":"0","ocean_menu_typo_font_family":"0","ocean_menu_typo_font_subset":"","ocean_menu_typo_font_size":0,"ocean_menu_typo_font_size_tablet":0,"ocean_menu_typo_font_size_mobile":0,"ocean_menu_typo_font_size_unit":"px","ocean_menu_typo_font_weight":"","ocean_menu_typo_font_weight_tablet":"","ocean_menu_typo_font_weight_mobile":"","ocean_menu_typo_transform":"","ocean_menu_typo_transform_tablet":"","ocean_menu_typo_transform_mobile":"","ocean_menu_typo_line_height":0,"ocean_menu_typo_line_height_tablet":0,"ocean_menu_typo_line_height_mobile":0,"ocean_menu_typo_line_height_unit":"","ocean_menu_typo_spacing":0,"ocean_menu_typo_spacing_tablet":0,"ocean_menu_typo_spacing_mobile":0,"ocean_menu_typo_spacing_unit":"","ocean_menu_link_color":"","ocean_menu_link_color_hover":"","ocean_menu_link_color_active":"","ocean_menu_link_background":"","ocean_menu_link_hover_background":"","ocean_menu_link_active_background":"","ocean_menu_social_links_bg":"","ocean_menu_social_hover_links_bg":"","ocean_menu_social_links_color":"","ocean_menu_social_hover_links_color":"","ocean_disable_title":"default","ocean_disable_heading":"default","ocean_post_title":"","ocean_post_subheading":"","ocean_post_title_style":"","ocean_post_title_background_color":"","ocean_post_title_background":0,"ocean_post_title_bg_image_position":"","ocean_post_title_bg_image_attachment":"","ocean_post_title_bg_image_repeat":"","ocean_post_title_bg_image_size":"","ocean_post_title_height":0,"ocean_post_title_bg_overlay":0.5,"ocean_post_title_bg_overlay_color":"","ocean_disable_breadcrumbs":"default","ocean_breadcrumbs_color":"","ocean_breadcrumbs_separator_color":"","ocean_breadcrumbs_links_color":"","ocean_breadcrumbs_links_hover_color":"","ocean_display_footer_widgets":"default","ocean_display_footer_bottom":"default","ocean_custom_footer_template":"0","footnotes":""},"class_list":["post-3773","page","type-page","status-publish","hentry","entry","owp-thumbs-layout-horizontal","owp-btn-normal","owp-tabs-layout-horizontal","has-no-thumbnails","has-product-nav"],"yoast_head":"<!-- This site is optimized with the Yoast SEO plugin v27.0 - https:\/\/yoast.com\/product\/yoast-seo-wordpress\/ -->\n<title>WINTER-ARBEITSHANDSCHUHE - 4K5 BETTER EQUIPMENT<\/title>\n<meta name=\"robots\" content=\"index, follow, max-snippet:-1, max-image-preview:large, max-video-preview:-1\" \/>\n<link rel=\"canonical\" href=\"https:\/\/4k5tools.com\/es\/winter-arbeitshandschuhe\/\" \/>\n<meta property=\"og:locale\" content=\"es_ES\" \/>\n<meta property=\"og:type\" content=\"article\" \/>\n<meta property=\"og:title\" content=\"WINTER-ARBEITSHANDSCHUHE - 4K5 BETTER EQUIPMENT\" \/>\n<meta property=\"og:description\" content=\"WINTER-ARBEITSHANDSCHUHE&nbsp; START \u00bb PRODUKTE \u00bb SCHUTZHANDSCHUHE \u00bb WINTER-ARBEITSHANDSCHUHE Sch\u00fctzen Sie Ihre H\u00e4nde optimal vor K\u00e4lte und mechanischen Gefahren mit den Winter-Arbeitshandschuhen von 4K5 Better Equipment. Wirkungsvolle K\u00e4teisolierung und wasserdichte Membrane machen diese Handschuhe zu perfekten Sch\u00fctzern vor niedrigen Temperaturen. Effizienter Aufprallschutz, verst\u00e4rkte Arbeitsfl\u00e4chen und rei\u00dffeste Hochleistungsfasern sorgen au\u00dferdem f\u00fcr zuverl\u00e4ssigen mechanischen Schutz liefern. Schnellansicht Schnellansicht [&hellip;]\" \/>\n<meta property=\"og:url\" content=\"https:\/\/4k5tools.com\/es\/winter-arbeitshandschuhe\/\" \/>\n<meta property=\"og:site_name\" content=\"4K5 BETTER EQUIPMENT\" \/>\n<meta property=\"article:modified_time\" content=\"2023-04-20T07:22:27+00:00\" \/>\n<meta property=\"og:image\" content=\"https:\/\/4k5tools.com\/wp-content\/uploads\/2022\/09\/604.202-S-M-L-XL_4K5_Produkt-744x744.webp\" \/>\n<meta name=\"twitter:card\" content=\"summary_large_image\" \/>\n<meta name=\"twitter:label1\" content=\"Tiempo de lectura\" \/>\n\t<meta name=\"twitter:data1\" content=\"4 minutos\" \/>\n<script type=\"application\/ld+json\" class=\"yoast-schema-graph\">{\"@context\":\"https:\/\/schema.org\",\"@graph\":[{\"@type\":\"WebPage\",\"@id\":\"https:\/\/4k5tools.com\/winter-arbeitshandschuhe\/\",\"url\":\"https:\/\/4k5tools.com\/winter-arbeitshandschuhe\/\",\"name\":\"WINTER-ARBEITSHANDSCHUHE - 4K5 BETTER EQUIPMENT\",\"isPartOf\":{\"@id\":\"https:\/\/4k5tools.com\/#website\"},\"primaryImageOfPage\":{\"@id\":\"https:\/\/4k5tools.com\/winter-arbeitshandschuhe\/#primaryimage\"},\"image\":{\"@id\":\"https:\/\/4k5tools.com\/winter-arbeitshandschuhe\/#primaryimage\"},\"thumbnailUrl\":\"https:\/\/4k5tools.com\/wp-content\/uploads\/2022\/09\/604.202-S-M-L-XL_4K5_Produkt-744x744.webp\",\"datePublished\":\"2023-02-22T10:46:40+00:00\",\"dateModified\":\"2023-04-20T07:22:27+00:00\",\"breadcrumb\":{\"@id\":\"https:\/\/4k5tools.com\/winter-arbeitshandschuhe\/#breadcrumb\"},\"inLanguage\":\"es\",\"potentialAction\":[{\"@type\":\"ReadAction\",\"target\":[\"https:\/\/4k5tools.com\/winter-arbeitshandschuhe\/\"]}]},{\"@type\":\"ImageObject\",\"inLanguage\":\"es\",\"@id\":\"https:\/\/4k5tools.com\/winter-arbeitshandschuhe\/#primaryimage\",\"url\":\"https:\/\/4k5tools.com\/wp-content\/uploads\/2022\/09\/604.202-S-M-L-XL_4K5_Produkt-744x744.webp\",\"contentUrl\":\"https:\/\/4k5tools.com\/wp-content\/uploads\/2022\/09\/604.202-S-M-L-XL_4K5_Produkt-744x744.webp\"},{\"@type\":\"BreadcrumbList\",\"@id\":\"https:\/\/4k5tools.com\/winter-arbeitshandschuhe\/#breadcrumb\",\"itemListElement\":[{\"@type\":\"ListItem\",\"position\":1,\"name\":\"START\",\"item\":\"https:\/\/4k5tools.com\/\"},{\"@type\":\"ListItem\",\"position\":2,\"name\":\"WINTER-ARBEITSHANDSCHUHE\"}]},{\"@type\":\"WebSite\",\"@id\":\"https:\/\/4k5tools.com\/#website\",\"url\":\"https:\/\/4k5tools.com\/\",\"name\":\"4K5 BETTER EQUIPMENT\",\"description\":\"\",\"publisher\":{\"@id\":\"https:\/\/4k5tools.com\/#organization\"},\"potentialAction\":[{\"@type\":\"SearchAction\",\"target\":{\"@type\":\"EntryPoint\",\"urlTemplate\":\"https:\/\/4k5tools.com\/?s={search_term_string}\"},\"query-input\":{\"@type\":\"PropertyValueSpecification\",\"valueRequired\":true,\"valueName\":\"search_term_string\"}}],\"inLanguage\":\"es\"},{\"@type\":\"Organization\",\"@id\":\"https:\/\/4k5tools.com\/#organization\",\"name\":\"4K5 BETTER EQUIPMENT\",\"url\":\"https:\/\/4k5tools.com\/\",\"logo\":{\"@type\":\"ImageObject\",\"inLanguage\":\"es\",\"@id\":\"https:\/\/4k5tools.com\/#\/schema\/logo\/image\/\",\"url\":\"https:\/\/4k5tools.com\/wp-content\/uploads\/2022\/04\/4K5_Better-Equipment.webp\",\"contentUrl\":\"https:\/\/4k5tools.com\/wp-content\/uploads\/2022\/04\/4K5_Better-Equipment.webp\",\"width\":550,\"height\":200,\"caption\":\"4K5 BETTER EQUIPMENT\"},\"image\":{\"@id\":\"https:\/\/4k5tools.com\/#\/schema\/logo\/image\/\"}}]}<\/script>\n<!-- \/ Yoast SEO plugin. -->","yoast_head_json":{"title":"WINTER-ARBEITSHANDSCHUHE - 4K5 BETTER EQUIPMENT","robots":{"index":"index","follow":"follow","max-snippet":"max-snippet:-1","max-image-preview":"max-image-preview:large","max-video-preview":"max-video-preview:-1"},"canonical":"https:\/\/4k5tools.com\/es\/winter-arbeitshandschuhe\/","og_locale":"es_ES","og_type":"article","og_title":"WINTER-ARBEITSHANDSCHUHE - 4K5 BETTER EQUIPMENT","og_description":"WINTER-ARBEITSHANDSCHUHE&nbsp; START \u00bb PRODUKTE \u00bb SCHUTZHANDSCHUHE \u00bb WINTER-ARBEITSHANDSCHUHE Sch\u00fctzen Sie Ihre H\u00e4nde optimal vor K\u00e4lte und mechanischen Gefahren mit den Winter-Arbeitshandschuhen von 4K5 Better Equipment. Wirkungsvolle K\u00e4teisolierung und wasserdichte Membrane machen diese Handschuhe zu perfekten Sch\u00fctzern vor niedrigen Temperaturen. Effizienter Aufprallschutz, verst\u00e4rkte Arbeitsfl\u00e4chen und rei\u00dffeste Hochleistungsfasern sorgen au\u00dferdem f\u00fcr zuverl\u00e4ssigen mechanischen Schutz liefern. Schnellansicht Schnellansicht [&hellip;]","og_url":"https:\/\/4k5tools.com\/es\/winter-arbeitshandschuhe\/","og_site_name":"4K5 BETTER EQUIPMENT","article_modified_time":"2023-04-20T07:22:27+00:00","og_image":[{"url":"https:\/\/4k5tools.com\/wp-content\/uploads\/2022\/09\/604.202-S-M-L-XL_4K5_Produkt-744x744.webp","type":"","width":"","height":""}],"twitter_card":"summary_large_image","twitter_misc":{"Tiempo de lectura":"4 minutos"},"schema":{"@context":"https:\/\/schema.org","@graph":[{"@type":"WebPage","@id":"https:\/\/4k5tools.com\/winter-arbeitshandschuhe\/","url":"https:\/\/4k5tools.com\/winter-arbeitshandschuhe\/","name":"WINTER-ARBEITSHANDSCHUHE - 4K5 BETTER EQUIPMENT","isPartOf":{"@id":"https:\/\/4k5tools.com\/#website"},"primaryImageOfPage":{"@id":"https:\/\/4k5tools.com\/winter-arbeitshandschuhe\/#primaryimage"},"image":{"@id":"https:\/\/4k5tools.com\/winter-arbeitshandschuhe\/#primaryimage"},"thumbnailUrl":"https:\/\/4k5tools.com\/wp-content\/uploads\/2022\/09\/604.202-S-M-L-XL_4K5_Produkt-744x744.webp","datePublished":"2023-02-22T10:46:40+00:00","dateModified":"2023-04-20T07:22:27+00:00","breadcrumb":{"@id":"https:\/\/4k5tools.com\/winter-arbeitshandschuhe\/#breadcrumb"},"inLanguage":"es","potentialAction":[{"@type":"ReadAction","target":["https:\/\/4k5tools.com\/winter-arbeitshandschuhe\/"]}]},{"@type":"ImageObject","inLanguage":"es","@id":"https:\/\/4k5tools.com\/winter-arbeitshandschuhe\/#primaryimage","url":"https:\/\/4k5tools.com\/wp-content\/uploads\/2022\/09\/604.202-S-M-L-XL_4K5_Produkt-744x744.webp","contentUrl":"https:\/\/4k5tools.com\/wp-content\/uploads\/2022\/09\/604.202-S-M-L-XL_4K5_Produkt-744x744.webp"},{"@type":"BreadcrumbList","@id":"https:\/\/4k5tools.com\/winter-arbeitshandschuhe\/#breadcrumb","itemListElement":[{"@type":"ListItem","position":1,"name":"START","item":"https:\/\/4k5tools.com\/"},{"@type":"ListItem","position":2,"name":"WINTER-ARBEITSHANDSCHUHE"}]},{"@type":"WebSite","@id":"https:\/\/4k5tools.com\/#website","url":"https:\/\/4k5tools.com\/","name":"4K5 BETTER EQUIPMENT","description":"","publisher":{"@id":"https:\/\/4k5tools.com\/#organization"},"potentialAction":[{"@type":"SearchAction","target":{"@type":"EntryPoint","urlTemplate":"https:\/\/4k5tools.com\/?s={search_term_string}"},"query-input":{"@type":"PropertyValueSpecification","valueRequired":true,"valueName":"search_term_string"}}],"inLanguage":"es"},{"@type":"Organization","@id":"https:\/\/4k5tools.com\/#organization","name":"4K5 BETTER EQUIPMENT","url":"https:\/\/4k5tools.com\/","logo":{"@type":"ImageObject","inLanguage":"es","@id":"https:\/\/4k5tools.com\/#\/schema\/logo\/image\/","url":"https:\/\/4k5tools.com\/wp-content\/uploads\/2022\/04\/4K5_Better-Equipment.webp","contentUrl":"https:\/\/4k5tools.com\/wp-content\/uploads\/2022\/04\/4K5_Better-Equipment.webp","width":550,"height":200,"caption":"4K5 BETTER EQUIPMENT"},"image":{"@id":"https:\/\/4k5tools.com\/#\/schema\/logo\/image\/"}}]}},"_links":{"self":[{"href":"https:\/\/4k5tools.com\/es\/wp-json\/wp\/v2\/pages\/3773","targetHints":{"allow":["GET"]}}],"collection":[{"href":"https:\/\/4k5tools.com\/es\/wp-json\/wp\/v2\/pages"}],"about":[{"href":"https:\/\/4k5tools.com\/es\/wp-json\/wp\/v2\/types\/page"}],"author":[{"embeddable":true,"href":"https:\/\/4k5tools.com\/es\/wp-json\/wp\/v2\/users\/6"}],"replies":[{"embeddable":true,"href":"https:\/\/4k5tools.com\/es\/wp-json\/wp\/v2\/comments?post=3773"}],"version-history":[{"count":16,"href":"https:\/\/4k5tools.com\/es\/wp-json\/wp\/v2\/pages\/3773\/revisions"}],"predecessor-version":[{"id":4260,"href":"https:\/\/4k5tools.com\/es\/wp-json\/wp\/v2\/pages\/3773\/revisions\/4260"}],"wp:attachment":[{"href":"https:\/\/4k5tools.com\/es\/wp-json\/wp\/v2\/media?parent=3773"}],"curies":[{"name":"wp","href":"https:\/\/api.w.org\/{rel}","templated":true}]}}