{"id":1189,"date":"2021-12-21T09:02:18","date_gmt":"2021-12-21T08:02:18","guid":{"rendered":"https:\/\/4k5tools.com\/produkt\/pl-700-prolight\/"},"modified":"2025-01-29T13:10:03","modified_gmt":"2025-01-29T12:10:03","slug":"pl-700-prolight","status":"publish","type":"product","link":"https:\/\/4k5tools.com\/es\/produkte\/lampen\/handlampen\/pl-700-prolight\/","title":{"rendered":"PL 700"},"content":{"rendered":"<p>Esta linterna de trabajo con protecci\u00f3n anti salpicaduras dispone de los niveles bajo, medio, alto y estrobosc\u00f3pico. Para iluminar \u00f3ptimamente la zona de trabajo se puede ajustar el cono de luz con el foco regulable. La carcasa de aluminio anodizado es s\u00f3lida y amanosa. Es c\u00f3moda de transportar con la funda para cintur\u00f3n y el lazo.<\/p>","protected":false},"excerpt":{"rendered":"<p>L\u00e1mpara de trabajo con foco regulable<\/p>\n<ul title=\"\">\n<li title=\"\"><span title=\"\">Elevada intensidad luminosa de 700 l\u00famenes<\/span><\/li>\n<li title=\"\"><span title=\"\">4 niveles de intensidad para diferentes situaciones (Low\/Medium\/High\/Strobe)<\/span><\/li>\n<li title=\"\"><span title=\"\">F\u00e1cil adaptaci\u00f3n del cono de luz a cada situaci\u00f3n<\/span><\/li>\n<li title=\"\"><span title=\"\">Carcasa de aluminio anodizado, con protecci\u00f3n contra salpicaduras de agua<\/span><\/li>\n<li title=\"\"><span title=\"\">F\u00e1cil de transportar mediante una funda para el cintur\u00f3n o lazo de mano<\/span><\/li>\n<\/ul>","protected":false},"featured_media":1115,"template":"","meta":{"ocean_post_layout":"","ocean_both_sidebars_style":"","ocean_both_sidebars_content_width":0,"ocean_both_sidebars_sidebars_width":0,"ocean_sidebar":"0","ocean_second_sidebar":"0","ocean_disable_margins":"enable","ocean_add_body_class":"","ocean_shortcode_before_top_bar":"","ocean_shortcode_after_top_bar":"","ocean_shortcode_before_header":"","ocean_shortcode_after_header":"","ocean_has_shortcode":"","ocean_shortcode_after_title":"","ocean_shortcode_before_footer_widgets":"","ocean_shortcode_after_footer_widgets":"","ocean_shortcode_before_footer_bottom":"","ocean_shortcode_after_footer_bottom":"","ocean_display_top_bar":"default","ocean_display_header":"default","ocean_header_style":"","ocean_center_header_left_menu":"0","ocean_custom_header_template":"0","ocean_custom_logo":0,"ocean_custom_retina_logo":0,"ocean_custom_logo_max_width":0,"ocean_custom_logo_tablet_max_width":0,"ocean_custom_logo_mobile_max_width":0,"ocean_custom_logo_max_height":0,"ocean_custom_logo_tablet_max_height":0,"ocean_custom_logo_mobile_max_height":0,"ocean_header_custom_menu":"0","ocean_menu_typo_font_family":"0","ocean_menu_typo_font_subset":"","ocean_menu_typo_font_size":0,"ocean_menu_typo_font_size_tablet":0,"ocean_menu_typo_font_size_mobile":0,"ocean_menu_typo_font_size_unit":"px","ocean_menu_typo_font_weight":"","ocean_menu_typo_font_weight_tablet":"","ocean_menu_typo_font_weight_mobile":"","ocean_menu_typo_transform":"","ocean_menu_typo_transform_tablet":"","ocean_menu_typo_transform_mobile":"","ocean_menu_typo_line_height":0,"ocean_menu_typo_line_height_tablet":0,"ocean_menu_typo_line_height_mobile":0,"ocean_menu_typo_line_height_unit":"","ocean_menu_typo_spacing":0,"ocean_menu_typo_spacing_tablet":0,"ocean_menu_typo_spacing_mobile":0,"ocean_menu_typo_spacing_unit":"","ocean_menu_link_color":"","ocean_menu_link_color_hover":"","ocean_menu_link_color_active":"","ocean_menu_link_background":"","ocean_menu_link_hover_background":"","ocean_menu_link_active_background":"","ocean_menu_social_links_bg":"","ocean_menu_social_hover_links_bg":"","ocean_menu_social_links_color":"","ocean_menu_social_hover_links_color":"","ocean_disable_title":"default","ocean_disable_heading":"default","ocean_post_title":"","ocean_post_subheading":"","ocean_post_title_style":"","ocean_post_title_background_color":"","ocean_post_title_background":0,"ocean_post_title_bg_image_position":"","ocean_post_title_bg_image_attachment":"","ocean_post_title_bg_image_repeat":"","ocean_post_title_bg_image_size":"","ocean_post_title_height":0,"ocean_post_title_bg_overlay":0.5,"ocean_post_title_bg_overlay_color":"","ocean_disable_breadcrumbs":"default","ocean_breadcrumbs_color":"","ocean_breadcrumbs_separator_color":"","ocean_breadcrumbs_links_color":"","ocean_breadcrumbs_links_hover_color":"","ocean_display_footer_widgets":"default","ocean_display_footer_bottom":"default","ocean_custom_footer_template":"0"},"product_brand":[],"product_cat":[38,35],"product_tag":[],"class_list":{"0":"post-1189","1":"product","2":"type-product","3":"status-publish","4":"has-post-thumbnail","6":"product_cat-handlampen","7":"product_cat-lampen","9":"entry","10":"has-media","12":"first","13":"instock","14":"shipping-taxable","15":"product-type-simple","16":"has-product-nav","17":"col","18":"span_1_of_3","19":"owp-content-center","20":"owp-thumbs-layout-horizontal","21":"owp-btn-normal","22":"owp-tabs-layout-horizontal"},"yoast_head":"<!-- This site is optimized with the Yoast SEO plugin v27.3 - https:\/\/yoast.com\/product\/yoast-seo-wordpress\/ -->\n<title>PL 700 - 4K5 BETTER EQUIPMENT<\/title>\n<meta name=\"robots\" content=\"index, follow, max-snippet:-1, max-image-preview:large, max-video-preview:-1\" \/>\n<link rel=\"canonical\" href=\"https:\/\/4k5tools.com\/es\/produkte\/lampen\/handlampen\/pl-700-prolight\/\" \/>\n<meta property=\"og:locale\" content=\"es_ES\" \/>\n<meta property=\"og:type\" content=\"article\" \/>\n<meta property=\"og:title\" content=\"PL 700 - 4K5 BETTER EQUIPMENT\" \/>\n<meta property=\"og:description\" content=\"Arbeitslampe mit einstellbarem Fokus   Hohe Leuchtkraft von 700 Lumen  4 verschiedene Leuchtstufen je nach Anforderung (Low\/Medium\/High\/Strobe)  Einfaches Einstellen des Lichtkegels passend zu jeder Situation  Eloxiertes und spritzwassergesch\u00fctztes Aluminiumgeh\u00e4use  Simpler Transport per G\u00fcrtelholster oder Handschlaufe\" \/>\n<meta property=\"og:url\" content=\"https:\/\/4k5tools.com\/es\/produkte\/lampen\/handlampen\/pl-700-prolight\/\" \/>\n<meta property=\"og:site_name\" content=\"4K5 BETTER EQUIPMENT\" \/>\n<meta property=\"article:modified_time\" content=\"2025-01-29T12:10:03+00:00\" \/>\n<meta property=\"og:image\" content=\"https:\/\/4k5tools.com\/wp-content\/uploads\/2021\/12\/602.305A_10_20.webp\" \/>\n\t<meta property=\"og:image:width\" content=\"1300\" \/>\n\t<meta property=\"og:image:height\" content=\"1300\" \/>\n\t<meta property=\"og:image:type\" content=\"image\/webp\" \/>\n<meta name=\"twitter:card\" content=\"summary_large_image\" \/>\n<meta name=\"twitter:label1\" content=\"Tiempo de lectura\" \/>\n\t<meta name=\"twitter:data1\" content=\"1 minuto\" \/>\n<script type=\"application\/ld+json\" class=\"yoast-schema-graph\">{\"@context\":\"https:\\\/\\\/schema.org\",\"@graph\":[{\"@type\":\"WebPage\",\"@id\":\"https:\\\/\\\/4k5tools.com\\\/produkte\\\/lampen\\\/handlampen\\\/pl-700-prolight\\\/\",\"url\":\"https:\\\/\\\/4k5tools.com\\\/produkte\\\/lampen\\\/handlampen\\\/pl-700-prolight\\\/\",\"name\":\"PL 700 - 4K5 BETTER EQUIPMENT\",\"isPartOf\":{\"@id\":\"https:\\\/\\\/4k5tools.com\\\/#website\"},\"primaryImageOfPage\":{\"@id\":\"https:\\\/\\\/4k5tools.com\\\/produkte\\\/lampen\\\/handlampen\\\/pl-700-prolight\\\/#primaryimage\"},\"image\":{\"@id\":\"https:\\\/\\\/4k5tools.com\\\/produkte\\\/lampen\\\/handlampen\\\/pl-700-prolight\\\/#primaryimage\"},\"thumbnailUrl\":\"https:\\\/\\\/4k5tools.com\\\/wp-content\\\/uploads\\\/2021\\\/12\\\/602.305A_10_20.webp\",\"datePublished\":\"2021-12-21T08:02:18+00:00\",\"dateModified\":\"2025-01-29T12:10:03+00:00\",\"breadcrumb\":{\"@id\":\"https:\\\/\\\/4k5tools.com\\\/produkte\\\/lampen\\\/handlampen\\\/pl-700-prolight\\\/#breadcrumb\"},\"inLanguage\":\"es\",\"potentialAction\":[{\"@type\":\"ReadAction\",\"target\":[\"https:\\\/\\\/4k5tools.com\\\/produkte\\\/lampen\\\/handlampen\\\/pl-700-prolight\\\/\"]}]},{\"@type\":\"ImageObject\",\"inLanguage\":\"es\",\"@id\":\"https:\\\/\\\/4k5tools.com\\\/produkte\\\/lampen\\\/handlampen\\\/pl-700-prolight\\\/#primaryimage\",\"url\":\"https:\\\/\\\/4k5tools.com\\\/wp-content\\\/uploads\\\/2021\\\/12\\\/602.305A_10_20.webp\",\"contentUrl\":\"https:\\\/\\\/4k5tools.com\\\/wp-content\\\/uploads\\\/2021\\\/12\\\/602.305A_10_20.webp\",\"width\":1300,\"height\":1300,\"caption\":\"Arbeitslampe 602.305A PL 700 ProLight\"},{\"@type\":\"BreadcrumbList\",\"@id\":\"https:\\\/\\\/4k5tools.com\\\/produkte\\\/lampen\\\/handlampen\\\/pl-700-prolight\\\/#breadcrumb\",\"itemListElement\":[{\"@type\":\"ListItem\",\"position\":1,\"name\":\"START\",\"item\":\"https:\\\/\\\/4k5tools.com\\\/\"},{\"@type\":\"ListItem\",\"position\":2,\"name\":\"PRODUKTE\",\"item\":\"https:\\\/\\\/4k5tools.com\\\/shop\\\/\"},{\"@type\":\"ListItem\",\"position\":3,\"name\":\"LAMPEN\",\"item\":\"https:\\\/\\\/4k5tools.com\\\/produkt-kategorie\\\/lampen\\\/\"},{\"@type\":\"ListItem\",\"position\":4,\"name\":\"HANDLAMPEN\",\"item\":\"https:\\\/\\\/4k5tools.com\\\/produkt-kategorie\\\/lampen\\\/handlampen\\\/\"},{\"@type\":\"ListItem\",\"position\":5,\"name\":\"PL 700\"}]},{\"@type\":\"WebSite\",\"@id\":\"https:\\\/\\\/4k5tools.com\\\/#website\",\"url\":\"https:\\\/\\\/4k5tools.com\\\/\",\"name\":\"4K5 BETTER EQUIPMENT\",\"description\":\"\",\"publisher\":{\"@id\":\"https:\\\/\\\/4k5tools.com\\\/#organization\"},\"potentialAction\":[{\"@type\":\"SearchAction\",\"target\":{\"@type\":\"EntryPoint\",\"urlTemplate\":\"https:\\\/\\\/4k5tools.com\\\/?s={search_term_string}\"},\"query-input\":{\"@type\":\"PropertyValueSpecification\",\"valueRequired\":true,\"valueName\":\"search_term_string\"}}],\"inLanguage\":\"es\"},{\"@type\":\"Organization\",\"@id\":\"https:\\\/\\\/4k5tools.com\\\/#organization\",\"name\":\"4K5 BETTER EQUIPMENT\",\"url\":\"https:\\\/\\\/4k5tools.com\\\/\",\"logo\":{\"@type\":\"ImageObject\",\"inLanguage\":\"es\",\"@id\":\"https:\\\/\\\/4k5tools.com\\\/#\\\/schema\\\/logo\\\/image\\\/\",\"url\":\"https:\\\/\\\/4k5tools.com\\\/wp-content\\\/uploads\\\/2022\\\/04\\\/4K5_Better-Equipment.webp\",\"contentUrl\":\"https:\\\/\\\/4k5tools.com\\\/wp-content\\\/uploads\\\/2022\\\/04\\\/4K5_Better-Equipment.webp\",\"width\":550,\"height\":200,\"caption\":\"4K5 BETTER EQUIPMENT\"},\"image\":{\"@id\":\"https:\\\/\\\/4k5tools.com\\\/#\\\/schema\\\/logo\\\/image\\\/\"}}]}<\/script>\n<!-- \/ Yoast SEO plugin. -->","yoast_head_json":{"title":"PL 700 - 4K5 BETTER EQUIPMENT","robots":{"index":"index","follow":"follow","max-snippet":"max-snippet:-1","max-image-preview":"max-image-preview:large","max-video-preview":"max-video-preview:-1"},"canonical":"https:\/\/4k5tools.com\/es\/produkte\/lampen\/handlampen\/pl-700-prolight\/","og_locale":"es_ES","og_type":"article","og_title":"PL 700 - 4K5 BETTER EQUIPMENT","og_description":"Arbeitslampe mit einstellbarem Fokus   Hohe Leuchtkraft von 700 Lumen  4 verschiedene Leuchtstufen je nach Anforderung (Low\/Medium\/High\/Strobe)  Einfaches Einstellen des Lichtkegels passend zu jeder Situation  Eloxiertes und spritzwassergesch\u00fctztes Aluminiumgeh\u00e4use  Simpler Transport per G\u00fcrtelholster oder Handschlaufe","og_url":"https:\/\/4k5tools.com\/es\/produkte\/lampen\/handlampen\/pl-700-prolight\/","og_site_name":"4K5 BETTER EQUIPMENT","article_modified_time":"2025-01-29T12:10:03+00:00","og_image":[{"width":1300,"height":1300,"url":"https:\/\/4k5tools.com\/wp-content\/uploads\/2021\/12\/602.305A_10_20.webp","type":"image\/webp"}],"twitter_card":"summary_large_image","twitter_misc":{"Tiempo de lectura":"1 minuto"},"schema":{"@context":"https:\/\/schema.org","@graph":[{"@type":"WebPage","@id":"https:\/\/4k5tools.com\/produkte\/lampen\/handlampen\/pl-700-prolight\/","url":"https:\/\/4k5tools.com\/produkte\/lampen\/handlampen\/pl-700-prolight\/","name":"PL 700 - 4K5 BETTER EQUIPMENT","isPartOf":{"@id":"https:\/\/4k5tools.com\/#website"},"primaryImageOfPage":{"@id":"https:\/\/4k5tools.com\/produkte\/lampen\/handlampen\/pl-700-prolight\/#primaryimage"},"image":{"@id":"https:\/\/4k5tools.com\/produkte\/lampen\/handlampen\/pl-700-prolight\/#primaryimage"},"thumbnailUrl":"https:\/\/4k5tools.com\/wp-content\/uploads\/2021\/12\/602.305A_10_20.webp","datePublished":"2021-12-21T08:02:18+00:00","dateModified":"2025-01-29T12:10:03+00:00","breadcrumb":{"@id":"https:\/\/4k5tools.com\/produkte\/lampen\/handlampen\/pl-700-prolight\/#breadcrumb"},"inLanguage":"es","potentialAction":[{"@type":"ReadAction","target":["https:\/\/4k5tools.com\/produkte\/lampen\/handlampen\/pl-700-prolight\/"]}]},{"@type":"ImageObject","inLanguage":"es","@id":"https:\/\/4k5tools.com\/produkte\/lampen\/handlampen\/pl-700-prolight\/#primaryimage","url":"https:\/\/4k5tools.com\/wp-content\/uploads\/2021\/12\/602.305A_10_20.webp","contentUrl":"https:\/\/4k5tools.com\/wp-content\/uploads\/2021\/12\/602.305A_10_20.webp","width":1300,"height":1300,"caption":"Arbeitslampe 602.305A PL 700 ProLight"},{"@type":"BreadcrumbList","@id":"https:\/\/4k5tools.com\/produkte\/lampen\/handlampen\/pl-700-prolight\/#breadcrumb","itemListElement":[{"@type":"ListItem","position":1,"name":"START","item":"https:\/\/4k5tools.com\/"},{"@type":"ListItem","position":2,"name":"PRODUKTE","item":"https:\/\/4k5tools.com\/shop\/"},{"@type":"ListItem","position":3,"name":"LAMPEN","item":"https:\/\/4k5tools.com\/produkt-kategorie\/lampen\/"},{"@type":"ListItem","position":4,"name":"HANDLAMPEN","item":"https:\/\/4k5tools.com\/produkt-kategorie\/lampen\/handlampen\/"},{"@type":"ListItem","position":5,"name":"PL 700"}]},{"@type":"WebSite","@id":"https:\/\/4k5tools.com\/#website","url":"https:\/\/4k5tools.com\/","name":"4K5 BETTER EQUIPMENT","description":"","publisher":{"@id":"https:\/\/4k5tools.com\/#organization"},"potentialAction":[{"@type":"SearchAction","target":{"@type":"EntryPoint","urlTemplate":"https:\/\/4k5tools.com\/?s={search_term_string}"},"query-input":{"@type":"PropertyValueSpecification","valueRequired":true,"valueName":"search_term_string"}}],"inLanguage":"es"},{"@type":"Organization","@id":"https:\/\/4k5tools.com\/#organization","name":"4K5 BETTER EQUIPMENT","url":"https:\/\/4k5tools.com\/","logo":{"@type":"ImageObject","inLanguage":"es","@id":"https:\/\/4k5tools.com\/#\/schema\/logo\/image\/","url":"https:\/\/4k5tools.com\/wp-content\/uploads\/2022\/04\/4K5_Better-Equipment.webp","contentUrl":"https:\/\/4k5tools.com\/wp-content\/uploads\/2022\/04\/4K5_Better-Equipment.webp","width":550,"height":200,"caption":"4K5 BETTER EQUIPMENT"},"image":{"@id":"https:\/\/4k5tools.com\/#\/schema\/logo\/image\/"}}]}},"_links":{"self":[{"href":"https:\/\/4k5tools.com\/es\/wp-json\/wp\/v2\/product\/1189","targetHints":{"allow":["GET"]}}],"collection":[{"href":"https:\/\/4k5tools.com\/es\/wp-json\/wp\/v2\/product"}],"about":[{"href":"https:\/\/4k5tools.com\/es\/wp-json\/wp\/v2\/types\/product"}],"wp:featuredmedia":[{"embeddable":true,"href":"https:\/\/4k5tools.com\/es\/wp-json\/wp\/v2\/media\/1115"}],"wp:attachment":[{"href":"https:\/\/4k5tools.com\/es\/wp-json\/wp\/v2\/media?parent=1189"}],"wp:term":[{"taxonomy":"product_brand","embeddable":true,"href":"https:\/\/4k5tools.com\/es\/wp-json\/wp\/v2\/product_brand?post=1189"},{"taxonomy":"product_cat","embeddable":true,"href":"https:\/\/4k5tools.com\/es\/wp-json\/wp\/v2\/product_cat?post=1189"},{"taxonomy":"product_tag","embeddable":true,"href":"https:\/\/4k5tools.com\/es\/wp-json\/wp\/v2\/product_tag?post=1189"}],"curies":[{"name":"wp","href":"https:\/\/api.w.org\/{rel}","templated":true}]}}