{"id":1196,"date":"2021-12-21T09:02:21","date_gmt":"2021-12-21T08:02:21","guid":{"rendered":"https:\/\/4k5tools.com\/produkt\/hd-6000-heavyduty-light\/"},"modified":"2025-01-29T10:32:57","modified_gmt":"2025-01-29T09:32:57","slug":"hd-6000-heavyduty-light","status":"publish","type":"product","link":"https:\/\/4k5tools.com\/es\/produkte\/lampen\/arbeitslampen\/hd-6000-heavyduty-light\/","title":{"rendered":"HD 6000"},"content":{"rendered":"<p>El proyector de obra LED, protegido contra el polvo y el agua, tiene una intensidad luminosa muy alta, regulable en cinco niveles manualmente o c\u00f3modamente a trav\u00e9s de la aplicaci\u00f3n LightControl. Gracias a la memoria de ajustes, al encenderlo de nuevo retoma la \u00faltima intensidad utilizada. El soporte basculante 180\u00b0 permite una perfecta colocaci\u00f3n del aparato, y  adem\u00e1s se puede fijar al tr\u00edpode HDT 3. Funciona tanto con bater\u00eda como conectado a la red. Una pantalla perfectamente visible informa de la carga de la bater\u00eda en porcentaje con colores, y lanza una se\u00f1al de advertencia cuando est\u00e1 baja. Resulta especialmente pr\u00e1ctica la bater\u00eda externa integrada con puerto USB para cargar dispositivos m\u00f3viles. En la oscuridad es muy f\u00e1cil reconocer el aparato gracias al reflector fluorescente.<\/p>","protected":false},"excerpt":{"rendered":"<p>Robusto proyector de obra LED con gran intensidad luminosa y powerbank integrado, apto para el funcionamiento en red y a bater\u00eda<\/p>\n<ul title=\"\">\n<li title=\"\"><span title=\"\">Excelente visibilidad garantizada por la muy elevada intensidad luminosa de 6000 l\u00famenes <\/span><\/li>\n<li title=\"\"><span title=\"\">5 niveles de intensidad con indicadores de f\u00e1cil lectura <\/span><\/li>\n<li title=\"\" class=\"translation-block\">Ajuste de la intensidad y apagado tambi\u00e9n desde la aplicaci\u00f3n <a href=\"https:\/\/4k5tools.com\/de\/lightcontrol\/\" target=\"_self\">LightControl<\/a><\/li>\n<li title=\"\"><span title=\"\">F\u00e1cil colocaci\u00f3n con el soporte basculante 180\u00b0, con conexi\u00f3n para tr\u00edpode<\/span><\/li>\n<li title=\"\"><span title=\"\">Utilizable como powerbank para cargar dispositivos m\u00f3viles<\/span><\/li>\n<li title=\"\"><span title=\"\">Apto tanto para el modo en red como a bater\u00eda <\/span><\/li>\n<li title=\"\"><span title=\"\">F\u00e1cil reconocimiento en la oscuridad con el reflector fluorescente<\/span><\/li>\n<li title=\"\"><span title=\"\">IP 67: aparato herm\u00e9tico al polvo, puede ser sumergido brevemente<\/span><\/li>\n<li title=\"\"><span title=\"\">Indicaci\u00f3n perfectamente visible de carga de la bater\u00eda en porcentaje y por colores <\/span><\/li>\n<li title=\"\"><span title=\"\">Bater\u00eda de iones de litio integrada<\/span><\/li>\n<\/ul>","protected":false},"featured_media":1145,"template":"","meta":{"ocean_post_layout":"","ocean_both_sidebars_style":"","ocean_both_sidebars_content_width":0,"ocean_both_sidebars_sidebars_width":0,"ocean_sidebar":"0","ocean_second_sidebar":"0","ocean_disable_margins":"enable","ocean_add_body_class":"","ocean_shortcode_before_top_bar":"","ocean_shortcode_after_top_bar":"","ocean_shortcode_before_header":"","ocean_shortcode_after_header":"","ocean_has_shortcode":"","ocean_shortcode_after_title":"","ocean_shortcode_before_footer_widgets":"","ocean_shortcode_after_footer_widgets":"","ocean_shortcode_before_footer_bottom":"","ocean_shortcode_after_footer_bottom":"","ocean_display_top_bar":"default","ocean_display_header":"default","ocean_header_style":"","ocean_center_header_left_menu":"0","ocean_custom_header_template":"0","ocean_custom_logo":0,"ocean_custom_retina_logo":0,"ocean_custom_logo_max_width":0,"ocean_custom_logo_tablet_max_width":0,"ocean_custom_logo_mobile_max_width":0,"ocean_custom_logo_max_height":0,"ocean_custom_logo_tablet_max_height":0,"ocean_custom_logo_mobile_max_height":0,"ocean_header_custom_menu":"0","ocean_menu_typo_font_family":"0","ocean_menu_typo_font_subset":"","ocean_menu_typo_font_size":0,"ocean_menu_typo_font_size_tablet":0,"ocean_menu_typo_font_size_mobile":0,"ocean_menu_typo_font_size_unit":"px","ocean_menu_typo_font_weight":"","ocean_menu_typo_font_weight_tablet":"","ocean_menu_typo_font_weight_mobile":"","ocean_menu_typo_transform":"","ocean_menu_typo_transform_tablet":"","ocean_menu_typo_transform_mobile":"","ocean_menu_typo_line_height":0,"ocean_menu_typo_line_height_tablet":0,"ocean_menu_typo_line_height_mobile":0,"ocean_menu_typo_line_height_unit":"","ocean_menu_typo_spacing":0,"ocean_menu_typo_spacing_tablet":0,"ocean_menu_typo_spacing_mobile":0,"ocean_menu_typo_spacing_unit":"","ocean_menu_link_color":"","ocean_menu_link_color_hover":"","ocean_menu_link_color_active":"","ocean_menu_link_background":"","ocean_menu_link_hover_background":"","ocean_menu_link_active_background":"","ocean_menu_social_links_bg":"","ocean_menu_social_hover_links_bg":"","ocean_menu_social_links_color":"","ocean_menu_social_hover_links_color":"","ocean_disable_title":"default","ocean_disable_heading":"default","ocean_post_title":"","ocean_post_subheading":"","ocean_post_title_style":"","ocean_post_title_background_color":"","ocean_post_title_background":0,"ocean_post_title_bg_image_position":"","ocean_post_title_bg_image_attachment":"","ocean_post_title_bg_image_repeat":"","ocean_post_title_bg_image_size":"","ocean_post_title_height":0,"ocean_post_title_bg_overlay":0.5,"ocean_post_title_bg_overlay_color":"","ocean_disable_breadcrumbs":"default","ocean_breadcrumbs_color":"","ocean_breadcrumbs_separator_color":"","ocean_breadcrumbs_links_color":"","ocean_breadcrumbs_links_hover_color":"","ocean_display_footer_widgets":"default","ocean_display_footer_bottom":"default","ocean_custom_footer_template":"0"},"product_brand":[],"product_cat":[71,35,36],"product_tag":[],"class_list":{"0":"post-1196","1":"product","2":"type-product","3":"status-publish","4":"has-post-thumbnail","6":"product_cat-lightcontrol","7":"product_cat-lampen","8":"product_cat-arbeitslampen","10":"entry","11":"has-media","13":"first","14":"instock","15":"shipping-taxable","16":"product-type-simple","17":"has-product-nav","18":"col","19":"span_1_of_3","20":"owp-content-center","21":"owp-thumbs-layout-horizontal","22":"owp-btn-normal","23":"owp-tabs-layout-horizontal"},"yoast_head":"<!-- This site is optimized with the Yoast SEO plugin v27.0 - https:\/\/yoast.com\/product\/yoast-seo-wordpress\/ -->\n<title>HD 6000 - 4K5 BETTER EQUIPMENT<\/title>\n<meta name=\"robots\" content=\"index, follow, max-snippet:-1, max-image-preview:large, max-video-preview:-1\" \/>\n<link rel=\"canonical\" href=\"https:\/\/4k5tools.com\/es\/produkte\/lampen\/arbeitslampen\/hd-6000-heavyduty-light\/\" \/>\n<meta property=\"og:locale\" content=\"es_ES\" \/>\n<meta property=\"og:type\" content=\"article\" \/>\n<meta property=\"og:title\" content=\"HD 6000 - 4K5 BETTER EQUIPMENT\" \/>\n<meta property=\"og:description\" content=\"Robuster LED-Baustrahler mit gro\u00dfer Leuchtkraft und integrierter Powerbank, geeignet f\u00fcr Akku- und Netzbetrieb   Sehr gro\u00dfe Leuchtkraft von 6000 Lumen garantiert exzellente Sicht   5 Leuchtstufen mit leicht ablesbarer Indikatorleiste   Einstellen der Helligkeit und Abschalten auch per LightControl-App  Einfaches Positionieren durch 180\u00b0 neigbare Halterung mit Stativanschluss  Nutzbar als Powerbank zum Aufladen mobiler Ger\u00e4te  Sowohl f\u00fcr Akku- als auch Netzbetrieb geeignet   Problemloses Erkennen im Dunkeln durch Fluoreszenzreflektor  IP 67: Ger\u00e4t ist staubdicht und kann zeitweilig untergetaucht werden  Gut sichtbare farbliche und prozentuale Anzeige des Akku-Ladestatus   Integrierter Lithium-Ionen-Akku\" \/>\n<meta property=\"og:url\" content=\"https:\/\/4k5tools.com\/es\/produkte\/lampen\/arbeitslampen\/hd-6000-heavyduty-light\/\" \/>\n<meta property=\"og:site_name\" content=\"4K5 BETTER EQUIPMENT\" \/>\n<meta property=\"article:modified_time\" content=\"2025-01-29T09:32:57+00:00\" \/>\n<meta property=\"og:image\" content=\"https:\/\/4k5tools.com\/wp-content\/uploads\/2021\/12\/602.403A_10_20.webp\" \/>\n\t<meta property=\"og:image:width\" content=\"1300\" \/>\n\t<meta property=\"og:image:height\" content=\"1300\" \/>\n\t<meta property=\"og:image:type\" content=\"image\/webp\" \/>\n<meta name=\"twitter:card\" content=\"summary_large_image\" \/>\n<meta name=\"twitter:label1\" content=\"Tiempo de lectura\" \/>\n\t<meta name=\"twitter:data1\" content=\"1 minuto\" \/>\n<script type=\"application\/ld+json\" class=\"yoast-schema-graph\">{\"@context\":\"https:\/\/schema.org\",\"@graph\":[{\"@type\":\"WebPage\",\"@id\":\"https:\/\/4k5tools.com\/produkte\/lampen\/arbeitslampen\/hd-6000-heavyduty-light\/\",\"url\":\"https:\/\/4k5tools.com\/produkte\/lampen\/arbeitslampen\/hd-6000-heavyduty-light\/\",\"name\":\"HD 6000 - 4K5 BETTER EQUIPMENT\",\"isPartOf\":{\"@id\":\"https:\/\/4k5tools.com\/#website\"},\"primaryImageOfPage\":{\"@id\":\"https:\/\/4k5tools.com\/produkte\/lampen\/arbeitslampen\/hd-6000-heavyduty-light\/#primaryimage\"},\"image\":{\"@id\":\"https:\/\/4k5tools.com\/produkte\/lampen\/arbeitslampen\/hd-6000-heavyduty-light\/#primaryimage\"},\"thumbnailUrl\":\"https:\/\/4k5tools.com\/wp-content\/uploads\/2021\/12\/602.403A_10_20.webp\",\"datePublished\":\"2021-12-21T08:02:21+00:00\",\"dateModified\":\"2025-01-29T09:32:57+00:00\",\"breadcrumb\":{\"@id\":\"https:\/\/4k5tools.com\/produkte\/lampen\/arbeitslampen\/hd-6000-heavyduty-light\/#breadcrumb\"},\"inLanguage\":\"es\",\"potentialAction\":[{\"@type\":\"ReadAction\",\"target\":[\"https:\/\/4k5tools.com\/produkte\/lampen\/arbeitslampen\/hd-6000-heavyduty-light\/\"]}]},{\"@type\":\"ImageObject\",\"inLanguage\":\"es\",\"@id\":\"https:\/\/4k5tools.com\/produkte\/lampen\/arbeitslampen\/hd-6000-heavyduty-light\/#primaryimage\",\"url\":\"https:\/\/4k5tools.com\/wp-content\/uploads\/2021\/12\/602.403A_10_20.webp\",\"contentUrl\":\"https:\/\/4k5tools.com\/wp-content\/uploads\/2021\/12\/602.403A_10_20.webp\",\"width\":1300,\"height\":1300,\"caption\":\"Baustrahler 602.403A HD 6000 HeavyDuty Light\"},{\"@type\":\"BreadcrumbList\",\"@id\":\"https:\/\/4k5tools.com\/produkte\/lampen\/arbeitslampen\/hd-6000-heavyduty-light\/#breadcrumb\",\"itemListElement\":[{\"@type\":\"ListItem\",\"position\":1,\"name\":\"START\",\"item\":\"https:\/\/4k5tools.com\/\"},{\"@type\":\"ListItem\",\"position\":2,\"name\":\"PRODUKTE\",\"item\":\"https:\/\/4k5tools.com\/shop\/\"},{\"@type\":\"ListItem\",\"position\":3,\"name\":\"LAMPEN\",\"item\":\"https:\/\/4k5tools.com\/produkt-kategorie\/lampen\/\"},{\"@type\":\"ListItem\",\"position\":4,\"name\":\"ARBEITSLAMPEN\",\"item\":\"https:\/\/4k5tools.com\/produkt-kategorie\/lampen\/arbeitslampen\/\"},{\"@type\":\"ListItem\",\"position\":5,\"name\":\"HD 6000\"}]},{\"@type\":\"WebSite\",\"@id\":\"https:\/\/4k5tools.com\/#website\",\"url\":\"https:\/\/4k5tools.com\/\",\"name\":\"4K5 BETTER EQUIPMENT\",\"description\":\"\",\"publisher\":{\"@id\":\"https:\/\/4k5tools.com\/#organization\"},\"potentialAction\":[{\"@type\":\"SearchAction\",\"target\":{\"@type\":\"EntryPoint\",\"urlTemplate\":\"https:\/\/4k5tools.com\/?s={search_term_string}\"},\"query-input\":{\"@type\":\"PropertyValueSpecification\",\"valueRequired\":true,\"valueName\":\"search_term_string\"}}],\"inLanguage\":\"es\"},{\"@type\":\"Organization\",\"@id\":\"https:\/\/4k5tools.com\/#organization\",\"name\":\"4K5 BETTER EQUIPMENT\",\"url\":\"https:\/\/4k5tools.com\/\",\"logo\":{\"@type\":\"ImageObject\",\"inLanguage\":\"es\",\"@id\":\"https:\/\/4k5tools.com\/#\/schema\/logo\/image\/\",\"url\":\"https:\/\/4k5tools.com\/wp-content\/uploads\/2022\/04\/4K5_Better-Equipment.webp\",\"contentUrl\":\"https:\/\/4k5tools.com\/wp-content\/uploads\/2022\/04\/4K5_Better-Equipment.webp\",\"width\":550,\"height\":200,\"caption\":\"4K5 BETTER EQUIPMENT\"},\"image\":{\"@id\":\"https:\/\/4k5tools.com\/#\/schema\/logo\/image\/\"}}]}<\/script>\n<!-- \/ Yoast SEO plugin. -->","yoast_head_json":{"title":"HD 6000 - 4K5 BETTER EQUIPMENT","robots":{"index":"index","follow":"follow","max-snippet":"max-snippet:-1","max-image-preview":"max-image-preview:large","max-video-preview":"max-video-preview:-1"},"canonical":"https:\/\/4k5tools.com\/es\/produkte\/lampen\/arbeitslampen\/hd-6000-heavyduty-light\/","og_locale":"es_ES","og_type":"article","og_title":"HD 6000 - 4K5 BETTER EQUIPMENT","og_description":"Robuster LED-Baustrahler mit gro\u00dfer Leuchtkraft und integrierter Powerbank, geeignet f\u00fcr Akku- und Netzbetrieb   Sehr gro\u00dfe Leuchtkraft von 6000 Lumen garantiert exzellente Sicht   5 Leuchtstufen mit leicht ablesbarer Indikatorleiste   Einstellen der Helligkeit und Abschalten auch per LightControl-App  Einfaches Positionieren durch 180\u00b0 neigbare Halterung mit Stativanschluss  Nutzbar als Powerbank zum Aufladen mobiler Ger\u00e4te  Sowohl f\u00fcr Akku- als auch Netzbetrieb geeignet   Problemloses Erkennen im Dunkeln durch Fluoreszenzreflektor  IP 67: Ger\u00e4t ist staubdicht und kann zeitweilig untergetaucht werden  Gut sichtbare farbliche und prozentuale Anzeige des Akku-Ladestatus   Integrierter Lithium-Ionen-Akku","og_url":"https:\/\/4k5tools.com\/es\/produkte\/lampen\/arbeitslampen\/hd-6000-heavyduty-light\/","og_site_name":"4K5 BETTER EQUIPMENT","article_modified_time":"2025-01-29T09:32:57+00:00","og_image":[{"width":1300,"height":1300,"url":"https:\/\/4k5tools.com\/wp-content\/uploads\/2021\/12\/602.403A_10_20.webp","type":"image\/webp"}],"twitter_card":"summary_large_image","twitter_misc":{"Tiempo de lectura":"1 minuto"},"schema":{"@context":"https:\/\/schema.org","@graph":[{"@type":"WebPage","@id":"https:\/\/4k5tools.com\/produkte\/lampen\/arbeitslampen\/hd-6000-heavyduty-light\/","url":"https:\/\/4k5tools.com\/produkte\/lampen\/arbeitslampen\/hd-6000-heavyduty-light\/","name":"HD 6000 - 4K5 BETTER EQUIPMENT","isPartOf":{"@id":"https:\/\/4k5tools.com\/#website"},"primaryImageOfPage":{"@id":"https:\/\/4k5tools.com\/produkte\/lampen\/arbeitslampen\/hd-6000-heavyduty-light\/#primaryimage"},"image":{"@id":"https:\/\/4k5tools.com\/produkte\/lampen\/arbeitslampen\/hd-6000-heavyduty-light\/#primaryimage"},"thumbnailUrl":"https:\/\/4k5tools.com\/wp-content\/uploads\/2021\/12\/602.403A_10_20.webp","datePublished":"2021-12-21T08:02:21+00:00","dateModified":"2025-01-29T09:32:57+00:00","breadcrumb":{"@id":"https:\/\/4k5tools.com\/produkte\/lampen\/arbeitslampen\/hd-6000-heavyduty-light\/#breadcrumb"},"inLanguage":"es","potentialAction":[{"@type":"ReadAction","target":["https:\/\/4k5tools.com\/produkte\/lampen\/arbeitslampen\/hd-6000-heavyduty-light\/"]}]},{"@type":"ImageObject","inLanguage":"es","@id":"https:\/\/4k5tools.com\/produkte\/lampen\/arbeitslampen\/hd-6000-heavyduty-light\/#primaryimage","url":"https:\/\/4k5tools.com\/wp-content\/uploads\/2021\/12\/602.403A_10_20.webp","contentUrl":"https:\/\/4k5tools.com\/wp-content\/uploads\/2021\/12\/602.403A_10_20.webp","width":1300,"height":1300,"caption":"Baustrahler 602.403A HD 6000 HeavyDuty Light"},{"@type":"BreadcrumbList","@id":"https:\/\/4k5tools.com\/produkte\/lampen\/arbeitslampen\/hd-6000-heavyduty-light\/#breadcrumb","itemListElement":[{"@type":"ListItem","position":1,"name":"START","item":"https:\/\/4k5tools.com\/"},{"@type":"ListItem","position":2,"name":"PRODUKTE","item":"https:\/\/4k5tools.com\/shop\/"},{"@type":"ListItem","position":3,"name":"LAMPEN","item":"https:\/\/4k5tools.com\/produkt-kategorie\/lampen\/"},{"@type":"ListItem","position":4,"name":"ARBEITSLAMPEN","item":"https:\/\/4k5tools.com\/produkt-kategorie\/lampen\/arbeitslampen\/"},{"@type":"ListItem","position":5,"name":"HD 6000"}]},{"@type":"WebSite","@id":"https:\/\/4k5tools.com\/#website","url":"https:\/\/4k5tools.com\/","name":"4K5 BETTER EQUIPMENT","description":"","publisher":{"@id":"https:\/\/4k5tools.com\/#organization"},"potentialAction":[{"@type":"SearchAction","target":{"@type":"EntryPoint","urlTemplate":"https:\/\/4k5tools.com\/?s={search_term_string}"},"query-input":{"@type":"PropertyValueSpecification","valueRequired":true,"valueName":"search_term_string"}}],"inLanguage":"es"},{"@type":"Organization","@id":"https:\/\/4k5tools.com\/#organization","name":"4K5 BETTER EQUIPMENT","url":"https:\/\/4k5tools.com\/","logo":{"@type":"ImageObject","inLanguage":"es","@id":"https:\/\/4k5tools.com\/#\/schema\/logo\/image\/","url":"https:\/\/4k5tools.com\/wp-content\/uploads\/2022\/04\/4K5_Better-Equipment.webp","contentUrl":"https:\/\/4k5tools.com\/wp-content\/uploads\/2022\/04\/4K5_Better-Equipment.webp","width":550,"height":200,"caption":"4K5 BETTER EQUIPMENT"},"image":{"@id":"https:\/\/4k5tools.com\/#\/schema\/logo\/image\/"}}]}},"_links":{"self":[{"href":"https:\/\/4k5tools.com\/es\/wp-json\/wp\/v2\/product\/1196","targetHints":{"allow":["GET"]}}],"collection":[{"href":"https:\/\/4k5tools.com\/es\/wp-json\/wp\/v2\/product"}],"about":[{"href":"https:\/\/4k5tools.com\/es\/wp-json\/wp\/v2\/types\/product"}],"wp:featuredmedia":[{"embeddable":true,"href":"https:\/\/4k5tools.com\/es\/wp-json\/wp\/v2\/media\/1145"}],"wp:attachment":[{"href":"https:\/\/4k5tools.com\/es\/wp-json\/wp\/v2\/media?parent=1196"}],"wp:term":[{"taxonomy":"product_brand","embeddable":true,"href":"https:\/\/4k5tools.com\/es\/wp-json\/wp\/v2\/product_brand?post=1196"},{"taxonomy":"product_cat","embeddable":true,"href":"https:\/\/4k5tools.com\/es\/wp-json\/wp\/v2\/product_cat?post=1196"},{"taxonomy":"product_tag","embeddable":true,"href":"https:\/\/4k5tools.com\/es\/wp-json\/wp\/v2\/product_tag?post=1196"}],"curies":[{"name":"wp","href":"https:\/\/api.w.org\/{rel}","templated":true}]}}