{"id":1285,"date":"2022-01-18T15:01:32","date_gmt":"2022-01-18T14:01:32","guid":{"rendered":"https:\/\/4k5tools.com\/produkt\/cym-cyclop\/"},"modified":"2022-09-22T11:53:41","modified_gmt":"2022-09-22T09:53:41","slug":"cym","status":"publish","type":"product","link":"https:\/\/4k5tools.com\/es\/produkte\/wasserwaage\/special-wasserwaagen\/cym\/","title":{"rendered":"CYM"},"content":{"rendered":"<p>Este nivel de burbuja de bolsillo es apto para el uso horizontal y vertical. La mirilla adicional facilita la lectura del vial de cristal acr\u00edlico. El resistente cuerpo de aluminio moldeado a presi\u00f3n dispone de dos superficies de medici\u00f3n con fresado fino y ranura en V para usarlo sobre materiales cil\u00edndricos. Gracias a los imanes de tierras raras con gran magnetismo resulta f\u00e1cil fijarlo a superficies met\u00e1licas.<\/p>","protected":false},"excerpt":{"rendered":"<p>Nivel de burbuja de bolsillo<\/p>\n<ul title=\"\">\n<li title=\"\"><span title=\"\">Apropiado para el uso horizontal y vertical<\/span><\/li>\n<li title=\"\"><span title=\"\">Mirilla adicional para facilitar la lectura del vial de cristal acr\u00edlico vertical<\/span><\/li>\n<li title=\"\"><span title=\"\"> Resistente cuerpo de aluminio moldeado a presi\u00f3n <\/span><\/li>\n<li title=\"\"><span title=\"\">2 superficies de medici\u00f3n con fresado fino y ranura en V para el uso sobre materiales cil\u00edndricos<\/span><\/li>\n<li title=\"\"><span title=\"\">Potentes imanes de tierras raras sobre cualquier superficie de medici\u00f3n fresada<\/span><\/li>\n<\/ul>\n<hr \/>\n<p><a href=\"https:\/\/4k5tools.com\/wp-content\/uploads\/2022\/08\/CYM_Feature.webp\"><img fetchpriority=\"high\" decoding=\"async\" class=\"alignnone size-full wp-image-2916\" src=\"https:\/\/4k5tools.com\/wp-content\/uploads\/2022\/08\/CYM_Feature.webp\" alt=\"CYM\" width=\"500\" height=\"111\" srcset=\"https:\/\/4k5tools.com\/wp-content\/uploads\/2022\/08\/CYM_Feature.webp 500w, https:\/\/4k5tools.com\/wp-content\/uploads\/2022\/08\/CYM_Feature-18x4.webp 18w\" sizes=\"(max-width: 500px) 100vw, 500px\" \/><\/a><\/p>","protected":false},"featured_media":2651,"template":"","meta":{"ocean_post_layout":"","ocean_both_sidebars_style":"","ocean_both_sidebars_content_width":0,"ocean_both_sidebars_sidebars_width":0,"ocean_sidebar":"0","ocean_second_sidebar":"0","ocean_disable_margins":"enable","ocean_add_body_class":"","ocean_shortcode_before_top_bar":"","ocean_shortcode_after_top_bar":"","ocean_shortcode_before_header":"","ocean_shortcode_after_header":"","ocean_has_shortcode":"","ocean_shortcode_after_title":"","ocean_shortcode_before_footer_widgets":"","ocean_shortcode_after_footer_widgets":"","ocean_shortcode_before_footer_bottom":"","ocean_shortcode_after_footer_bottom":"","ocean_display_top_bar":"default","ocean_display_header":"default","ocean_header_style":"","ocean_center_header_left_menu":"0","ocean_custom_header_template":"0","ocean_custom_logo":0,"ocean_custom_retina_logo":0,"ocean_custom_logo_max_width":0,"ocean_custom_logo_tablet_max_width":0,"ocean_custom_logo_mobile_max_width":0,"ocean_custom_logo_max_height":0,"ocean_custom_logo_tablet_max_height":0,"ocean_custom_logo_mobile_max_height":0,"ocean_header_custom_menu":"0","ocean_menu_typo_font_family":"0","ocean_menu_typo_font_subset":"","ocean_menu_typo_font_size":0,"ocean_menu_typo_font_size_tablet":0,"ocean_menu_typo_font_size_mobile":0,"ocean_menu_typo_font_size_unit":"px","ocean_menu_typo_font_weight":"","ocean_menu_typo_font_weight_tablet":"","ocean_menu_typo_font_weight_mobile":"","ocean_menu_typo_transform":"","ocean_menu_typo_transform_tablet":"","ocean_menu_typo_transform_mobile":"","ocean_menu_typo_line_height":0,"ocean_menu_typo_line_height_tablet":0,"ocean_menu_typo_line_height_mobile":0,"ocean_menu_typo_line_height_unit":"","ocean_menu_typo_spacing":0,"ocean_menu_typo_spacing_tablet":0,"ocean_menu_typo_spacing_mobile":0,"ocean_menu_typo_spacing_unit":"","ocean_menu_link_color":"","ocean_menu_link_color_hover":"","ocean_menu_link_color_active":"","ocean_menu_link_background":"","ocean_menu_link_hover_background":"","ocean_menu_link_active_background":"","ocean_menu_social_links_bg":"","ocean_menu_social_hover_links_bg":"","ocean_menu_social_links_color":"","ocean_menu_social_hover_links_color":"","ocean_disable_title":"default","ocean_disable_heading":"default","ocean_post_title":"","ocean_post_subheading":"","ocean_post_title_style":"","ocean_post_title_background_color":"","ocean_post_title_background":0,"ocean_post_title_bg_image_position":"","ocean_post_title_bg_image_attachment":"","ocean_post_title_bg_image_repeat":"","ocean_post_title_bg_image_size":"","ocean_post_title_height":0,"ocean_post_title_bg_overlay":0.5,"ocean_post_title_bg_overlay_color":"","ocean_disable_breadcrumbs":"default","ocean_breadcrumbs_color":"","ocean_breadcrumbs_separator_color":"","ocean_breadcrumbs_links_color":"","ocean_breadcrumbs_links_hover_color":"","ocean_display_footer_widgets":"default","ocean_display_footer_bottom":"default","ocean_custom_footer_template":"0"},"product_brand":[],"product_cat":[43,57],"product_tag":[],"class_list":{"0":"post-1285","1":"product","2":"type-product","3":"status-publish","4":"has-post-thumbnail","6":"product_cat-wasserwaage","7":"product_cat-special-wasserwaagen","9":"entry","10":"has-media","12":"first","13":"instock","14":"shipping-taxable","15":"product-type-simple","16":"has-product-nav","17":"col","18":"span_1_of_3","19":"owp-content-center","20":"owp-thumbs-layout-horizontal","21":"owp-btn-normal","22":"owp-tabs-layout-horizontal"},"yoast_head":"<!-- This site is optimized with the Yoast SEO plugin v27.0 - https:\/\/yoast.com\/product\/yoast-seo-wordpress\/ -->\n<title>CYM - 4K5 BETTER EQUIPMENT<\/title>\n<meta name=\"robots\" content=\"index, follow, max-snippet:-1, max-image-preview:large, max-video-preview:-1\" \/>\n<link rel=\"canonical\" href=\"https:\/\/4k5tools.com\/es\/produkte\/wasserwaage\/special-wasserwaagen\/cym\/\" \/>\n<meta property=\"og:locale\" content=\"es_ES\" \/>\n<meta property=\"og:type\" content=\"article\" \/>\n<meta property=\"og:title\" content=\"CYM - 4K5 BETTER EQUIPMENT\" \/>\n<meta property=\"og:description\" content=\"Taschen-Wasserwaage   F\u00fcr horizontale und vertikale Anwendung geeignet  Zus\u00e4tzliches Schauglas zum einfachen Ablesen der vertikalen Acrylglas-Blocklibelle   Strapazierf\u00e4higes Aluminium-Druckgussgeh\u00e4use   2 fein gefr\u00e4ste Messfl\u00e4chen mit V-Nut zur Nutzung auf Rundmaterial  Starke Seltenerdmagneten auf jeder gefr\u00e4sten Messfl\u00e4che\" \/>\n<meta property=\"og:url\" content=\"https:\/\/4k5tools.com\/es\/produkte\/wasserwaage\/special-wasserwaagen\/cym\/\" \/>\n<meta property=\"og:site_name\" content=\"4K5 BETTER EQUIPMENT\" \/>\n<meta property=\"article:modified_time\" content=\"2022-09-22T09:53:41+00:00\" \/>\n<meta property=\"og:image\" content=\"https:\/\/4k5tools.com\/wp-content\/uploads\/2022\/04\/603.108-Wasserwaage-4K5-special.webp\" \/>\n\t<meta property=\"og:image:width\" content=\"1300\" \/>\n\t<meta property=\"og:image:height\" content=\"1300\" \/>\n\t<meta property=\"og:image:type\" content=\"image\/webp\" \/>\n<meta name=\"twitter:card\" content=\"summary_large_image\" \/>\n<meta name=\"twitter:label1\" content=\"Tiempo de lectura\" \/>\n\t<meta name=\"twitter:data1\" content=\"1 minuto\" \/>\n<script type=\"application\/ld+json\" class=\"yoast-schema-graph\">{\"@context\":\"https:\/\/schema.org\",\"@graph\":[{\"@type\":\"WebPage\",\"@id\":\"https:\/\/4k5tools.com\/produkte\/wasserwaage\/special-wasserwaagen\/cym\/\",\"url\":\"https:\/\/4k5tools.com\/produkte\/wasserwaage\/special-wasserwaagen\/cym\/\",\"name\":\"CYM - 4K5 BETTER EQUIPMENT\",\"isPartOf\":{\"@id\":\"https:\/\/4k5tools.com\/#website\"},\"primaryImageOfPage\":{\"@id\":\"https:\/\/4k5tools.com\/produkte\/wasserwaage\/special-wasserwaagen\/cym\/#primaryimage\"},\"image\":{\"@id\":\"https:\/\/4k5tools.com\/produkte\/wasserwaage\/special-wasserwaagen\/cym\/#primaryimage\"},\"thumbnailUrl\":\"https:\/\/4k5tools.com\/wp-content\/uploads\/2022\/04\/603.108-Wasserwaage-4K5-special.webp\",\"datePublished\":\"2022-01-18T14:01:32+00:00\",\"dateModified\":\"2022-09-22T09:53:41+00:00\",\"breadcrumb\":{\"@id\":\"https:\/\/4k5tools.com\/produkte\/wasserwaage\/special-wasserwaagen\/cym\/#breadcrumb\"},\"inLanguage\":\"es\",\"potentialAction\":[{\"@type\":\"ReadAction\",\"target\":[\"https:\/\/4k5tools.com\/produkte\/wasserwaage\/special-wasserwaagen\/cym\/\"]}]},{\"@type\":\"ImageObject\",\"inLanguage\":\"es\",\"@id\":\"https:\/\/4k5tools.com\/produkte\/wasserwaage\/special-wasserwaagen\/cym\/#primaryimage\",\"url\":\"https:\/\/4k5tools.com\/wp-content\/uploads\/2022\/04\/603.108-Wasserwaage-4K5-special.webp\",\"contentUrl\":\"https:\/\/4k5tools.com\/wp-content\/uploads\/2022\/04\/603.108-Wasserwaage-4K5-special.webp\",\"width\":1300,\"height\":1300,\"caption\":\"603.108 CYM Wasserwaage 4K5\"},{\"@type\":\"BreadcrumbList\",\"@id\":\"https:\/\/4k5tools.com\/produkte\/wasserwaage\/special-wasserwaagen\/cym\/#breadcrumb\",\"itemListElement\":[{\"@type\":\"ListItem\",\"position\":1,\"name\":\"START\",\"item\":\"https:\/\/4k5tools.com\/\"},{\"@type\":\"ListItem\",\"position\":2,\"name\":\"PRODUKTE\",\"item\":\"https:\/\/4k5tools.com\/shop\/\"},{\"@type\":\"ListItem\",\"position\":3,\"name\":\"WASSERWAAGEN\",\"item\":\"https:\/\/4k5tools.com\/produkt-kategorie\/wasserwaage\/\"},{\"@type\":\"ListItem\",\"position\":4,\"name\":\"SPECIAL-WASSERWAAGEN\",\"item\":\"https:\/\/4k5tools.com\/produkt-kategorie\/wasserwaage\/special-wasserwaagen\/\"},{\"@type\":\"ListItem\",\"position\":5,\"name\":\"CYM\"}]},{\"@type\":\"WebSite\",\"@id\":\"https:\/\/4k5tools.com\/#website\",\"url\":\"https:\/\/4k5tools.com\/\",\"name\":\"4K5 BETTER EQUIPMENT\",\"description\":\"\",\"publisher\":{\"@id\":\"https:\/\/4k5tools.com\/#organization\"},\"potentialAction\":[{\"@type\":\"SearchAction\",\"target\":{\"@type\":\"EntryPoint\",\"urlTemplate\":\"https:\/\/4k5tools.com\/?s={search_term_string}\"},\"query-input\":{\"@type\":\"PropertyValueSpecification\",\"valueRequired\":true,\"valueName\":\"search_term_string\"}}],\"inLanguage\":\"es\"},{\"@type\":\"Organization\",\"@id\":\"https:\/\/4k5tools.com\/#organization\",\"name\":\"4K5 BETTER EQUIPMENT\",\"url\":\"https:\/\/4k5tools.com\/\",\"logo\":{\"@type\":\"ImageObject\",\"inLanguage\":\"es\",\"@id\":\"https:\/\/4k5tools.com\/#\/schema\/logo\/image\/\",\"url\":\"https:\/\/4k5tools.com\/wp-content\/uploads\/2022\/04\/4K5_Better-Equipment.webp\",\"contentUrl\":\"https:\/\/4k5tools.com\/wp-content\/uploads\/2022\/04\/4K5_Better-Equipment.webp\",\"width\":550,\"height\":200,\"caption\":\"4K5 BETTER EQUIPMENT\"},\"image\":{\"@id\":\"https:\/\/4k5tools.com\/#\/schema\/logo\/image\/\"}}]}<\/script>\n<!-- \/ Yoast SEO plugin. -->","yoast_head_json":{"title":"CYM - 4K5 BETTER EQUIPMENT","robots":{"index":"index","follow":"follow","max-snippet":"max-snippet:-1","max-image-preview":"max-image-preview:large","max-video-preview":"max-video-preview:-1"},"canonical":"https:\/\/4k5tools.com\/es\/produkte\/wasserwaage\/special-wasserwaagen\/cym\/","og_locale":"es_ES","og_type":"article","og_title":"CYM - 4K5 BETTER EQUIPMENT","og_description":"Taschen-Wasserwaage   F\u00fcr horizontale und vertikale Anwendung geeignet  Zus\u00e4tzliches Schauglas zum einfachen Ablesen der vertikalen Acrylglas-Blocklibelle   Strapazierf\u00e4higes Aluminium-Druckgussgeh\u00e4use   2 fein gefr\u00e4ste Messfl\u00e4chen mit V-Nut zur Nutzung auf Rundmaterial  Starke Seltenerdmagneten auf jeder gefr\u00e4sten Messfl\u00e4che","og_url":"https:\/\/4k5tools.com\/es\/produkte\/wasserwaage\/special-wasserwaagen\/cym\/","og_site_name":"4K5 BETTER EQUIPMENT","article_modified_time":"2022-09-22T09:53:41+00:00","og_image":[{"width":1300,"height":1300,"url":"https:\/\/4k5tools.com\/wp-content\/uploads\/2022\/04\/603.108-Wasserwaage-4K5-special.webp","type":"image\/webp"}],"twitter_card":"summary_large_image","twitter_misc":{"Tiempo de lectura":"1 minuto"},"schema":{"@context":"https:\/\/schema.org","@graph":[{"@type":"WebPage","@id":"https:\/\/4k5tools.com\/produkte\/wasserwaage\/special-wasserwaagen\/cym\/","url":"https:\/\/4k5tools.com\/produkte\/wasserwaage\/special-wasserwaagen\/cym\/","name":"CYM - 4K5 BETTER EQUIPMENT","isPartOf":{"@id":"https:\/\/4k5tools.com\/#website"},"primaryImageOfPage":{"@id":"https:\/\/4k5tools.com\/produkte\/wasserwaage\/special-wasserwaagen\/cym\/#primaryimage"},"image":{"@id":"https:\/\/4k5tools.com\/produkte\/wasserwaage\/special-wasserwaagen\/cym\/#primaryimage"},"thumbnailUrl":"https:\/\/4k5tools.com\/wp-content\/uploads\/2022\/04\/603.108-Wasserwaage-4K5-special.webp","datePublished":"2022-01-18T14:01:32+00:00","dateModified":"2022-09-22T09:53:41+00:00","breadcrumb":{"@id":"https:\/\/4k5tools.com\/produkte\/wasserwaage\/special-wasserwaagen\/cym\/#breadcrumb"},"inLanguage":"es","potentialAction":[{"@type":"ReadAction","target":["https:\/\/4k5tools.com\/produkte\/wasserwaage\/special-wasserwaagen\/cym\/"]}]},{"@type":"ImageObject","inLanguage":"es","@id":"https:\/\/4k5tools.com\/produkte\/wasserwaage\/special-wasserwaagen\/cym\/#primaryimage","url":"https:\/\/4k5tools.com\/wp-content\/uploads\/2022\/04\/603.108-Wasserwaage-4K5-special.webp","contentUrl":"https:\/\/4k5tools.com\/wp-content\/uploads\/2022\/04\/603.108-Wasserwaage-4K5-special.webp","width":1300,"height":1300,"caption":"603.108 CYM Wasserwaage 4K5"},{"@type":"BreadcrumbList","@id":"https:\/\/4k5tools.com\/produkte\/wasserwaage\/special-wasserwaagen\/cym\/#breadcrumb","itemListElement":[{"@type":"ListItem","position":1,"name":"START","item":"https:\/\/4k5tools.com\/"},{"@type":"ListItem","position":2,"name":"PRODUKTE","item":"https:\/\/4k5tools.com\/shop\/"},{"@type":"ListItem","position":3,"name":"WASSERWAAGEN","item":"https:\/\/4k5tools.com\/produkt-kategorie\/wasserwaage\/"},{"@type":"ListItem","position":4,"name":"SPECIAL-WASSERWAAGEN","item":"https:\/\/4k5tools.com\/produkt-kategorie\/wasserwaage\/special-wasserwaagen\/"},{"@type":"ListItem","position":5,"name":"CYM"}]},{"@type":"WebSite","@id":"https:\/\/4k5tools.com\/#website","url":"https:\/\/4k5tools.com\/","name":"4K5 BETTER EQUIPMENT","description":"","publisher":{"@id":"https:\/\/4k5tools.com\/#organization"},"potentialAction":[{"@type":"SearchAction","target":{"@type":"EntryPoint","urlTemplate":"https:\/\/4k5tools.com\/?s={search_term_string}"},"query-input":{"@type":"PropertyValueSpecification","valueRequired":true,"valueName":"search_term_string"}}],"inLanguage":"es"},{"@type":"Organization","@id":"https:\/\/4k5tools.com\/#organization","name":"4K5 BETTER EQUIPMENT","url":"https:\/\/4k5tools.com\/","logo":{"@type":"ImageObject","inLanguage":"es","@id":"https:\/\/4k5tools.com\/#\/schema\/logo\/image\/","url":"https:\/\/4k5tools.com\/wp-content\/uploads\/2022\/04\/4K5_Better-Equipment.webp","contentUrl":"https:\/\/4k5tools.com\/wp-content\/uploads\/2022\/04\/4K5_Better-Equipment.webp","width":550,"height":200,"caption":"4K5 BETTER EQUIPMENT"},"image":{"@id":"https:\/\/4k5tools.com\/#\/schema\/logo\/image\/"}}]}},"_links":{"self":[{"href":"https:\/\/4k5tools.com\/es\/wp-json\/wp\/v2\/product\/1285","targetHints":{"allow":["GET"]}}],"collection":[{"href":"https:\/\/4k5tools.com\/es\/wp-json\/wp\/v2\/product"}],"about":[{"href":"https:\/\/4k5tools.com\/es\/wp-json\/wp\/v2\/types\/product"}],"wp:featuredmedia":[{"embeddable":true,"href":"https:\/\/4k5tools.com\/es\/wp-json\/wp\/v2\/media\/2651"}],"wp:attachment":[{"href":"https:\/\/4k5tools.com\/es\/wp-json\/wp\/v2\/media?parent=1285"}],"wp:term":[{"taxonomy":"product_brand","embeddable":true,"href":"https:\/\/4k5tools.com\/es\/wp-json\/wp\/v2\/product_brand?post=1285"},{"taxonomy":"product_cat","embeddable":true,"href":"https:\/\/4k5tools.com\/es\/wp-json\/wp\/v2\/product_cat?post=1285"},{"taxonomy":"product_tag","embeddable":true,"href":"https:\/\/4k5tools.com\/es\/wp-json\/wp\/v2\/product_tag?post=1285"}],"curies":[{"name":"wp","href":"https:\/\/api.w.org\/{rel}","templated":true}]}}