{"id":1455,"date":"2022-01-24T10:20:49","date_gmt":"2022-01-24T09:20:49","guid":{"rendered":"https:\/\/4k5tools.com\/produkt\/mt-400-multitool-large\/"},"modified":"2022-07-20T09:10:37","modified_gmt":"2022-07-20T07:10:37","slug":"mt-400-multitool-large","status":"publish","type":"product","link":"https:\/\/4k5tools.com\/es\/produkte\/messer-und-werkzeuge\/multifunktionswerkzeuge\/mt-400-multitool-large\/","title":{"rendered":"MT 400"},"content":{"rendered":"<p>Esta herramienta multifunci\u00f3n plegable es un pr\u00e1ctico ayudante y combina muchas funciones \u00fatiles en un cuerpo de tenaza. Entre sus funciones se encuentran una tenaza de resorte con cortacables, destornillador en cruz y de ranura, sierra, limas de doble cara, abrelatas y abrebotellas. Todas las herramientas est\u00e1n fabricadas de s\u00f3lido acero inoxidable con revestimiento negro. Los mangos de pol\u00edmeros se ajustan bien a la mano haciendo que el uso resulte m\u00e1s c\u00f3modo. Para facilitar el transporte en el cintur\u00f3n se incluye una funda de nailon.<\/p>","protected":false},"excerpt":{"rendered":"<p>Herramienta multifunci\u00f3n plegable como ayudante muy vers\u00e1til en el trabajo y en el d\u00eda a d\u00eda<\/p>\n<ul title=\"\">\n<li title=\"\"><span title=\"\">Muchas funciones muy pr\u00e1cticas unidas en un cuerpo de tenaza<\/span><\/li>\n<li title=\"\"><span title=\"\">Pr\u00e1ctico ayudante en el trabajo y en el d\u00eda a d\u00eda <\/span><\/li>\n<li title=\"\"><span title=\"\">Con funciones de tenaza, cortacables, destornillador de cruz y de ranura, sierra, limas de cara doble, abrelatas, abrebotellas y m\u00e1s<\/span><\/li>\n<li title=\"\"><span title=\"\">Todas las herramientas est\u00e1n fabricadas de s\u00f3lido acero inoxidable con revestimiento negro<\/span><\/li>\n<li title=\"\"><span title=\"\">Cada herramienta queda bloqueada con seguridad en la posici\u00f3n abierta <\/span><\/li>\n<li title=\"\"><span title=\"\">Uso muy confortable gracias a los manejables mangos de pol\u00edmeros<\/span><\/li>\n<li title=\"\"><span title=\"\">F\u00e1cil conservaci\u00f3n en el cintur\u00f3n con funda de nailon<\/span><\/li>\n<li title=\"\"><span title=\"\">Modelo compacto y plegable<\/span><\/li>\n<\/ul>","protected":false},"featured_media":1489,"template":"","meta":{"ocean_post_layout":"","ocean_both_sidebars_style":"","ocean_both_sidebars_content_width":0,"ocean_both_sidebars_sidebars_width":0,"ocean_sidebar":"0","ocean_second_sidebar":"0","ocean_disable_margins":"enable","ocean_add_body_class":"","ocean_shortcode_before_top_bar":"","ocean_shortcode_after_top_bar":"","ocean_shortcode_before_header":"","ocean_shortcode_after_header":"","ocean_has_shortcode":"","ocean_shortcode_after_title":"","ocean_shortcode_before_footer_widgets":"","ocean_shortcode_after_footer_widgets":"","ocean_shortcode_before_footer_bottom":"","ocean_shortcode_after_footer_bottom":"","ocean_display_top_bar":"default","ocean_display_header":"default","ocean_header_style":"","ocean_center_header_left_menu":"0","ocean_custom_header_template":"0","ocean_custom_logo":0,"ocean_custom_retina_logo":0,"ocean_custom_logo_max_width":0,"ocean_custom_logo_tablet_max_width":0,"ocean_custom_logo_mobile_max_width":0,"ocean_custom_logo_max_height":0,"ocean_custom_logo_tablet_max_height":0,"ocean_custom_logo_mobile_max_height":0,"ocean_header_custom_menu":"0","ocean_menu_typo_font_family":"0","ocean_menu_typo_font_subset":"","ocean_menu_typo_font_size":0,"ocean_menu_typo_font_size_tablet":0,"ocean_menu_typo_font_size_mobile":0,"ocean_menu_typo_font_size_unit":"px","ocean_menu_typo_font_weight":"","ocean_menu_typo_font_weight_tablet":"","ocean_menu_typo_font_weight_mobile":"","ocean_menu_typo_transform":"","ocean_menu_typo_transform_tablet":"","ocean_menu_typo_transform_mobile":"","ocean_menu_typo_line_height":0,"ocean_menu_typo_line_height_tablet":0,"ocean_menu_typo_line_height_mobile":0,"ocean_menu_typo_line_height_unit":"","ocean_menu_typo_spacing":0,"ocean_menu_typo_spacing_tablet":0,"ocean_menu_typo_spacing_mobile":0,"ocean_menu_typo_spacing_unit":"","ocean_menu_link_color":"","ocean_menu_link_color_hover":"","ocean_menu_link_color_active":"","ocean_menu_link_background":"","ocean_menu_link_hover_background":"","ocean_menu_link_active_background":"","ocean_menu_social_links_bg":"","ocean_menu_social_hover_links_bg":"","ocean_menu_social_links_color":"","ocean_menu_social_hover_links_color":"","ocean_disable_title":"default","ocean_disable_heading":"default","ocean_post_title":"","ocean_post_subheading":"","ocean_post_title_style":"","ocean_post_title_background_color":"","ocean_post_title_background":0,"ocean_post_title_bg_image_position":"","ocean_post_title_bg_image_attachment":"","ocean_post_title_bg_image_repeat":"","ocean_post_title_bg_image_size":"","ocean_post_title_height":0,"ocean_post_title_bg_overlay":0.5,"ocean_post_title_bg_overlay_color":"","ocean_disable_breadcrumbs":"default","ocean_breadcrumbs_color":"","ocean_breadcrumbs_separator_color":"","ocean_breadcrumbs_links_color":"","ocean_breadcrumbs_links_hover_color":"","ocean_display_footer_widgets":"default","ocean_display_footer_bottom":"default","ocean_custom_footer_template":"0"},"product_brand":[],"product_cat":[48,50],"product_tag":[],"class_list":{"0":"post-1455","1":"product","2":"type-product","3":"status-publish","4":"has-post-thumbnail","6":"product_cat-messer-und-werkzeuge","7":"product_cat-multifunktionswerkzeuge","9":"entry","10":"has-media","12":"first","13":"instock","14":"shipping-taxable","15":"product-type-simple","16":"has-product-nav","17":"col","18":"span_1_of_3","19":"owp-content-center","20":"owp-thumbs-layout-horizontal","21":"owp-btn-normal","22":"owp-tabs-layout-horizontal"},"yoast_head":"<!-- This site is optimized with the Yoast SEO plugin v27.0 - https:\/\/yoast.com\/product\/yoast-seo-wordpress\/ -->\n<title>MT 400 - 4K5 BETTER EQUIPMENT<\/title>\n<meta name=\"robots\" content=\"index, follow, max-snippet:-1, max-image-preview:large, max-video-preview:-1\" \/>\n<link rel=\"canonical\" href=\"https:\/\/4k5tools.com\/es\/produkte\/messer-und-werkzeuge\/multifunktionswerkzeuge\/mt-400-multitool-large\/\" \/>\n<meta property=\"og:locale\" content=\"es_ES\" \/>\n<meta property=\"og:type\" content=\"article\" \/>\n<meta property=\"og:title\" content=\"MT 400 - 4K5 BETTER EQUIPMENT\" \/>\n<meta property=\"og:description\" content=\"Faltbares Multifunktionswerkzeug als vielseitiger Helfer bei der Arbeit und im Alltag   Viele n\u00fctzliche Funktionen vereint in einem Zangenk\u00f6rper  Praktischer Helfer bei der Arbeit und im Alltag   Einsetzbar als Zange, Drahtschneider, Kreuz- und Schlitzschraubendreher, S\u00e4ge, zweiseitige Feile, Dosen\u00f6ffner, Flaschen\u00f6ffner und mehr  Alle Werkzeuge aus robustem, schwarz beschichteten Edelstahl gefertigt  Jedes Werkzeug wird in ausgeklappter Position sicher verriegelt   Komfortable Anwendung durch handliche Polymergriffe  Einfaches Aufbewahren am G\u00fcrtel mit Nylon-Holster  Kompakte und faltbare Bauform\" \/>\n<meta property=\"og:url\" content=\"https:\/\/4k5tools.com\/es\/produkte\/messer-und-werkzeuge\/multifunktionswerkzeuge\/mt-400-multitool-large\/\" \/>\n<meta property=\"og:site_name\" content=\"4K5 BETTER EQUIPMENT\" \/>\n<meta property=\"article:modified_time\" content=\"2022-07-20T07:10:37+00:00\" \/>\n<meta property=\"og:image\" content=\"https:\/\/4k5tools.com\/wp-content\/uploads\/2022\/01\/600.400A-Multifunktionstool-4K5.webp\" \/>\n\t<meta property=\"og:image:width\" content=\"1300\" \/>\n\t<meta property=\"og:image:height\" content=\"1300\" \/>\n\t<meta property=\"og:image:type\" content=\"image\/webp\" \/>\n<meta name=\"twitter:card\" content=\"summary_large_image\" \/>\n<script type=\"application\/ld+json\" class=\"yoast-schema-graph\">{\"@context\":\"https:\/\/schema.org\",\"@graph\":[{\"@type\":\"WebPage\",\"@id\":\"https:\/\/4k5tools.com\/produkte\/messer-und-werkzeuge\/multifunktionswerkzeuge\/mt-400-multitool-large\/\",\"url\":\"https:\/\/4k5tools.com\/produkte\/messer-und-werkzeuge\/multifunktionswerkzeuge\/mt-400-multitool-large\/\",\"name\":\"MT 400 - 4K5 BETTER EQUIPMENT\",\"isPartOf\":{\"@id\":\"https:\/\/4k5tools.com\/#website\"},\"primaryImageOfPage\":{\"@id\":\"https:\/\/4k5tools.com\/produkte\/messer-und-werkzeuge\/multifunktionswerkzeuge\/mt-400-multitool-large\/#primaryimage\"},\"image\":{\"@id\":\"https:\/\/4k5tools.com\/produkte\/messer-und-werkzeuge\/multifunktionswerkzeuge\/mt-400-multitool-large\/#primaryimage\"},\"thumbnailUrl\":\"https:\/\/4k5tools.com\/wp-content\/uploads\/2022\/01\/600.400A-Multifunktionstool-4K5.webp\",\"datePublished\":\"2022-01-24T09:20:49+00:00\",\"dateModified\":\"2022-07-20T07:10:37+00:00\",\"breadcrumb\":{\"@id\":\"https:\/\/4k5tools.com\/produkte\/messer-und-werkzeuge\/multifunktionswerkzeuge\/mt-400-multitool-large\/#breadcrumb\"},\"inLanguage\":\"es\",\"potentialAction\":[{\"@type\":\"ReadAction\",\"target\":[\"https:\/\/4k5tools.com\/produkte\/messer-und-werkzeuge\/multifunktionswerkzeuge\/mt-400-multitool-large\/\"]}]},{\"@type\":\"ImageObject\",\"inLanguage\":\"es\",\"@id\":\"https:\/\/4k5tools.com\/produkte\/messer-und-werkzeuge\/multifunktionswerkzeuge\/mt-400-multitool-large\/#primaryimage\",\"url\":\"https:\/\/4k5tools.com\/wp-content\/uploads\/2022\/01\/600.400A-Multifunktionstool-4K5.webp\",\"contentUrl\":\"https:\/\/4k5tools.com\/wp-content\/uploads\/2022\/01\/600.400A-Multifunktionstool-4K5.webp\",\"width\":1300,\"height\":1300,\"caption\":\"Multifunktionswerkzeuge 600.400A MT 400 MultiTool Large\"},{\"@type\":\"BreadcrumbList\",\"@id\":\"https:\/\/4k5tools.com\/produkte\/messer-und-werkzeuge\/multifunktionswerkzeuge\/mt-400-multitool-large\/#breadcrumb\",\"itemListElement\":[{\"@type\":\"ListItem\",\"position\":1,\"name\":\"START\",\"item\":\"https:\/\/4k5tools.com\/\"},{\"@type\":\"ListItem\",\"position\":2,\"name\":\"PRODUKTE\",\"item\":\"https:\/\/4k5tools.com\/shop\/\"},{\"@type\":\"ListItem\",\"position\":3,\"name\":\"MESSER UND WERKZEUGE\",\"item\":\"https:\/\/4k5tools.com\/produkt-kategorie\/messer-und-werkzeuge\/\"},{\"@type\":\"ListItem\",\"position\":4,\"name\":\"MULTIFUNKTIONSWERKZEUGE\",\"item\":\"https:\/\/4k5tools.com\/produkt-kategorie\/messer-und-werkzeuge\/multifunktionswerkzeuge\/\"},{\"@type\":\"ListItem\",\"position\":5,\"name\":\"MT 400\"}]},{\"@type\":\"WebSite\",\"@id\":\"https:\/\/4k5tools.com\/#website\",\"url\":\"https:\/\/4k5tools.com\/\",\"name\":\"4K5 BETTER EQUIPMENT\",\"description\":\"\",\"publisher\":{\"@id\":\"https:\/\/4k5tools.com\/#organization\"},\"potentialAction\":[{\"@type\":\"SearchAction\",\"target\":{\"@type\":\"EntryPoint\",\"urlTemplate\":\"https:\/\/4k5tools.com\/?s={search_term_string}\"},\"query-input\":{\"@type\":\"PropertyValueSpecification\",\"valueRequired\":true,\"valueName\":\"search_term_string\"}}],\"inLanguage\":\"es\"},{\"@type\":\"Organization\",\"@id\":\"https:\/\/4k5tools.com\/#organization\",\"name\":\"4K5 BETTER EQUIPMENT\",\"url\":\"https:\/\/4k5tools.com\/\",\"logo\":{\"@type\":\"ImageObject\",\"inLanguage\":\"es\",\"@id\":\"https:\/\/4k5tools.com\/#\/schema\/logo\/image\/\",\"url\":\"https:\/\/4k5tools.com\/wp-content\/uploads\/2022\/04\/4K5_Better-Equipment.webp\",\"contentUrl\":\"https:\/\/4k5tools.com\/wp-content\/uploads\/2022\/04\/4K5_Better-Equipment.webp\",\"width\":550,\"height\":200,\"caption\":\"4K5 BETTER EQUIPMENT\"},\"image\":{\"@id\":\"https:\/\/4k5tools.com\/#\/schema\/logo\/image\/\"}}]}<\/script>\n<!-- \/ Yoast SEO plugin. -->","yoast_head_json":{"title":"MT 400 - 4K5 BETTER EQUIPMENT","robots":{"index":"index","follow":"follow","max-snippet":"max-snippet:-1","max-image-preview":"max-image-preview:large","max-video-preview":"max-video-preview:-1"},"canonical":"https:\/\/4k5tools.com\/es\/produkte\/messer-und-werkzeuge\/multifunktionswerkzeuge\/mt-400-multitool-large\/","og_locale":"es_ES","og_type":"article","og_title":"MT 400 - 4K5 BETTER EQUIPMENT","og_description":"Faltbares Multifunktionswerkzeug als vielseitiger Helfer bei der Arbeit und im Alltag   Viele n\u00fctzliche Funktionen vereint in einem Zangenk\u00f6rper  Praktischer Helfer bei der Arbeit und im Alltag   Einsetzbar als Zange, Drahtschneider, Kreuz- und Schlitzschraubendreher, S\u00e4ge, zweiseitige Feile, Dosen\u00f6ffner, Flaschen\u00f6ffner und mehr  Alle Werkzeuge aus robustem, schwarz beschichteten Edelstahl gefertigt  Jedes Werkzeug wird in ausgeklappter Position sicher verriegelt   Komfortable Anwendung durch handliche Polymergriffe  Einfaches Aufbewahren am G\u00fcrtel mit Nylon-Holster  Kompakte und faltbare Bauform","og_url":"https:\/\/4k5tools.com\/es\/produkte\/messer-und-werkzeuge\/multifunktionswerkzeuge\/mt-400-multitool-large\/","og_site_name":"4K5 BETTER EQUIPMENT","article_modified_time":"2022-07-20T07:10:37+00:00","og_image":[{"width":1300,"height":1300,"url":"https:\/\/4k5tools.com\/wp-content\/uploads\/2022\/01\/600.400A-Multifunktionstool-4K5.webp","type":"image\/webp"}],"twitter_card":"summary_large_image","schema":{"@context":"https:\/\/schema.org","@graph":[{"@type":"WebPage","@id":"https:\/\/4k5tools.com\/produkte\/messer-und-werkzeuge\/multifunktionswerkzeuge\/mt-400-multitool-large\/","url":"https:\/\/4k5tools.com\/produkte\/messer-und-werkzeuge\/multifunktionswerkzeuge\/mt-400-multitool-large\/","name":"MT 400 - 4K5 BETTER EQUIPMENT","isPartOf":{"@id":"https:\/\/4k5tools.com\/#website"},"primaryImageOfPage":{"@id":"https:\/\/4k5tools.com\/produkte\/messer-und-werkzeuge\/multifunktionswerkzeuge\/mt-400-multitool-large\/#primaryimage"},"image":{"@id":"https:\/\/4k5tools.com\/produkte\/messer-und-werkzeuge\/multifunktionswerkzeuge\/mt-400-multitool-large\/#primaryimage"},"thumbnailUrl":"https:\/\/4k5tools.com\/wp-content\/uploads\/2022\/01\/600.400A-Multifunktionstool-4K5.webp","datePublished":"2022-01-24T09:20:49+00:00","dateModified":"2022-07-20T07:10:37+00:00","breadcrumb":{"@id":"https:\/\/4k5tools.com\/produkte\/messer-und-werkzeuge\/multifunktionswerkzeuge\/mt-400-multitool-large\/#breadcrumb"},"inLanguage":"es","potentialAction":[{"@type":"ReadAction","target":["https:\/\/4k5tools.com\/produkte\/messer-und-werkzeuge\/multifunktionswerkzeuge\/mt-400-multitool-large\/"]}]},{"@type":"ImageObject","inLanguage":"es","@id":"https:\/\/4k5tools.com\/produkte\/messer-und-werkzeuge\/multifunktionswerkzeuge\/mt-400-multitool-large\/#primaryimage","url":"https:\/\/4k5tools.com\/wp-content\/uploads\/2022\/01\/600.400A-Multifunktionstool-4K5.webp","contentUrl":"https:\/\/4k5tools.com\/wp-content\/uploads\/2022\/01\/600.400A-Multifunktionstool-4K5.webp","width":1300,"height":1300,"caption":"Multifunktionswerkzeuge 600.400A MT 400 MultiTool Large"},{"@type":"BreadcrumbList","@id":"https:\/\/4k5tools.com\/produkte\/messer-und-werkzeuge\/multifunktionswerkzeuge\/mt-400-multitool-large\/#breadcrumb","itemListElement":[{"@type":"ListItem","position":1,"name":"START","item":"https:\/\/4k5tools.com\/"},{"@type":"ListItem","position":2,"name":"PRODUKTE","item":"https:\/\/4k5tools.com\/shop\/"},{"@type":"ListItem","position":3,"name":"MESSER UND WERKZEUGE","item":"https:\/\/4k5tools.com\/produkt-kategorie\/messer-und-werkzeuge\/"},{"@type":"ListItem","position":4,"name":"MULTIFUNKTIONSWERKZEUGE","item":"https:\/\/4k5tools.com\/produkt-kategorie\/messer-und-werkzeuge\/multifunktionswerkzeuge\/"},{"@type":"ListItem","position":5,"name":"MT 400"}]},{"@type":"WebSite","@id":"https:\/\/4k5tools.com\/#website","url":"https:\/\/4k5tools.com\/","name":"4K5 BETTER EQUIPMENT","description":"","publisher":{"@id":"https:\/\/4k5tools.com\/#organization"},"potentialAction":[{"@type":"SearchAction","target":{"@type":"EntryPoint","urlTemplate":"https:\/\/4k5tools.com\/?s={search_term_string}"},"query-input":{"@type":"PropertyValueSpecification","valueRequired":true,"valueName":"search_term_string"}}],"inLanguage":"es"},{"@type":"Organization","@id":"https:\/\/4k5tools.com\/#organization","name":"4K5 BETTER EQUIPMENT","url":"https:\/\/4k5tools.com\/","logo":{"@type":"ImageObject","inLanguage":"es","@id":"https:\/\/4k5tools.com\/#\/schema\/logo\/image\/","url":"https:\/\/4k5tools.com\/wp-content\/uploads\/2022\/04\/4K5_Better-Equipment.webp","contentUrl":"https:\/\/4k5tools.com\/wp-content\/uploads\/2022\/04\/4K5_Better-Equipment.webp","width":550,"height":200,"caption":"4K5 BETTER EQUIPMENT"},"image":{"@id":"https:\/\/4k5tools.com\/#\/schema\/logo\/image\/"}}]}},"_links":{"self":[{"href":"https:\/\/4k5tools.com\/es\/wp-json\/wp\/v2\/product\/1455","targetHints":{"allow":["GET"]}}],"collection":[{"href":"https:\/\/4k5tools.com\/es\/wp-json\/wp\/v2\/product"}],"about":[{"href":"https:\/\/4k5tools.com\/es\/wp-json\/wp\/v2\/types\/product"}],"wp:featuredmedia":[{"embeddable":true,"href":"https:\/\/4k5tools.com\/es\/wp-json\/wp\/v2\/media\/1489"}],"wp:attachment":[{"href":"https:\/\/4k5tools.com\/es\/wp-json\/wp\/v2\/media?parent=1455"}],"wp:term":[{"taxonomy":"product_brand","embeddable":true,"href":"https:\/\/4k5tools.com\/es\/wp-json\/wp\/v2\/product_brand?post=1455"},{"taxonomy":"product_cat","embeddable":true,"href":"https:\/\/4k5tools.com\/es\/wp-json\/wp\/v2\/product_cat?post=1455"},{"taxonomy":"product_tag","embeddable":true,"href":"https:\/\/4k5tools.com\/es\/wp-json\/wp\/v2\/product_tag?post=1455"}],"curies":[{"name":"wp","href":"https:\/\/api.w.org\/{rel}","templated":true}]}}