{"id":1470,"date":"2022-01-24T10:20:55","date_gmt":"2022-01-24T09:20:55","guid":{"rendered":"https:\/\/4k5tools.com\/produkt\/crx-18-cutter-knife-18-mm\/"},"modified":"2024-02-23T11:21:17","modified_gmt":"2024-02-23T10:21:17","slug":"crx-18-cutter-knife-18-mm","status":"publish","type":"product","link":"https:\/\/4k5tools.com\/es\/produkte\/messer-und-werkzeuge\/cuttermesser\/crx-18-cutter-knife-18-mm\/","title":{"rendered":"CRX 18"},"content":{"rendered":"<p><span id=\"umarex_PdmarticleCS_ItemAttribute_0_3285\" class=\"Readonly\" title=\"\">Este eficaz c\u00fater con cuchillas muy afiladas, fraccionables e inoxidables, con revestimiento de carbono, es \u00f3ptimo para realizar cortes exactos. La resistente gu\u00eda de metal para las cuchillas lo hace apto para un uso intenso. Una rueda de fijaci\u00f3n adicional le aporta m\u00e1s seguridad y precisi\u00f3n. Resulta c\u00f3modo de usar por su dise\u00f1o ergon\u00f3mico, pr\u00e1ctica argolla para lazo, fijaci\u00f3n autom\u00e1tica de la cuchilla y apoyo antideslizante para el pulgar. La longitud de la cuchilla es muy f\u00e1cil de ajustar. Para cambiar la cuchilla no se necesitan herramientas. Se incluyen cinco cuchillas.<\/span><\/p>","protected":false},"excerpt":{"rendered":"<p><span id=\"umarex_PdmarticleCS_ItemAttribute_0_3285\" class=\"Readonly\" title=\"\">C\u00fater de alta calidad y precisi\u00f3n con rueda de fijaci\u00f3n y cuchillas fraccionables inoxidables con revestimiento de carbono<\/span><\/p>\n<ul title=\"\">\n<li title=\"\"><span title=\"\">Cuchillas extremadamente afiladas, fraccionables, inoxidables con revestimiento de carbono y perfecto deslizamiento<\/span><\/li>\n<li title=\"\"><span title=\"\">Rueda de fijaci\u00f3n para una elevada seguridad y precisi\u00f3n gracias a la fijaci\u00f3n sin juego de la cuchilla<\/span><\/li>\n<li title=\"\"><span title=\"\">Robusta y s\u00f3lida gu\u00eda de metal para la cuchilla apta para un uso intenso<\/span><\/li>\n<li title=\"\"><span title=\"\">C\u00f3moda fijaci\u00f3n autom\u00e1tica de las cuchillas<\/span><\/li>\n<li title=\"\"><span title=\"\">Formato ergon\u00f3mico y apoyo antideslizante para el pulgar <\/span><\/li>\n<li title=\"\"><span title=\"\">R\u00e1pido cambio de la cuchilla sin necesidad de herramientas<\/span><\/li>\n<li title=\"\"><span title=\"\">F\u00e1cil ajuste de la longitud de la cuchilla<\/span><\/li>\n<li title=\"\"><span title=\"\">Pr\u00e1ctica argolla para lazo incorporada<\/span><\/li>\n<li title=\"\"><span title=\"\">5 cuchillas incluidas en el volumen de suministro<\/span><\/li>\n<\/ul>","protected":false},"featured_media":2716,"template":"","meta":{"ocean_post_layout":"","ocean_both_sidebars_style":"","ocean_both_sidebars_content_width":0,"ocean_both_sidebars_sidebars_width":0,"ocean_sidebar":"0","ocean_second_sidebar":"0","ocean_disable_margins":"enable","ocean_add_body_class":"","ocean_shortcode_before_top_bar":"","ocean_shortcode_after_top_bar":"","ocean_shortcode_before_header":"","ocean_shortcode_after_header":"","ocean_has_shortcode":"","ocean_shortcode_after_title":"","ocean_shortcode_before_footer_widgets":"","ocean_shortcode_after_footer_widgets":"","ocean_shortcode_before_footer_bottom":"","ocean_shortcode_after_footer_bottom":"","ocean_display_top_bar":"default","ocean_display_header":"default","ocean_header_style":"","ocean_center_header_left_menu":"0","ocean_custom_header_template":"0","ocean_custom_logo":0,"ocean_custom_retina_logo":0,"ocean_custom_logo_max_width":0,"ocean_custom_logo_tablet_max_width":0,"ocean_custom_logo_mobile_max_width":0,"ocean_custom_logo_max_height":0,"ocean_custom_logo_tablet_max_height":0,"ocean_custom_logo_mobile_max_height":0,"ocean_header_custom_menu":"0","ocean_menu_typo_font_family":"0","ocean_menu_typo_font_subset":"","ocean_menu_typo_font_size":0,"ocean_menu_typo_font_size_tablet":0,"ocean_menu_typo_font_size_mobile":0,"ocean_menu_typo_font_size_unit":"px","ocean_menu_typo_font_weight":"","ocean_menu_typo_font_weight_tablet":"","ocean_menu_typo_font_weight_mobile":"","ocean_menu_typo_transform":"","ocean_menu_typo_transform_tablet":"","ocean_menu_typo_transform_mobile":"","ocean_menu_typo_line_height":0,"ocean_menu_typo_line_height_tablet":0,"ocean_menu_typo_line_height_mobile":0,"ocean_menu_typo_line_height_unit":"","ocean_menu_typo_spacing":0,"ocean_menu_typo_spacing_tablet":0,"ocean_menu_typo_spacing_mobile":0,"ocean_menu_typo_spacing_unit":"","ocean_menu_link_color":"","ocean_menu_link_color_hover":"","ocean_menu_link_color_active":"","ocean_menu_link_background":"","ocean_menu_link_hover_background":"","ocean_menu_link_active_background":"","ocean_menu_social_links_bg":"","ocean_menu_social_hover_links_bg":"","ocean_menu_social_links_color":"","ocean_menu_social_hover_links_color":"","ocean_disable_title":"default","ocean_disable_heading":"default","ocean_post_title":"","ocean_post_subheading":"","ocean_post_title_style":"","ocean_post_title_background_color":"","ocean_post_title_background":0,"ocean_post_title_bg_image_position":"","ocean_post_title_bg_image_attachment":"","ocean_post_title_bg_image_repeat":"","ocean_post_title_bg_image_size":"","ocean_post_title_height":0,"ocean_post_title_bg_overlay":0.5,"ocean_post_title_bg_overlay_color":"","ocean_disable_breadcrumbs":"default","ocean_breadcrumbs_color":"","ocean_breadcrumbs_separator_color":"","ocean_breadcrumbs_links_color":"","ocean_breadcrumbs_links_hover_color":"","ocean_display_footer_widgets":"default","ocean_display_footer_bottom":"default","ocean_custom_footer_template":"0"},"product_brand":[],"product_cat":[48,52],"product_tag":[],"class_list":{"0":"post-1470","1":"product","2":"type-product","3":"status-publish","4":"has-post-thumbnail","6":"product_cat-messer-und-werkzeuge","7":"product_cat-cuttermesser","9":"entry","10":"has-media","12":"first","13":"instock","14":"shipping-taxable","15":"product-type-simple","16":"has-product-nav","17":"col","18":"span_1_of_3","19":"owp-content-center","20":"owp-thumbs-layout-horizontal","21":"owp-btn-normal","22":"owp-tabs-layout-horizontal"},"yoast_head":"<!-- This site is optimized with the Yoast SEO plugin v27.0 - https:\/\/yoast.com\/product\/yoast-seo-wordpress\/ -->\n<title>CRX 18 - 4K5 BETTER EQUIPMENT<\/title>\n<meta name=\"robots\" content=\"index, follow, max-snippet:-1, max-image-preview:large, max-video-preview:-1\" \/>\n<link rel=\"canonical\" href=\"https:\/\/4k5tools.com\/es\/produkte\/messer-und-werkzeuge\/cuttermesser\/crx-18-cutter-knife-18-mm\/\" \/>\n<meta property=\"og:locale\" content=\"es_ES\" \/>\n<meta property=\"og:type\" content=\"article\" \/>\n<meta property=\"og:title\" content=\"CRX 18 - 4K5 BETTER EQUIPMENT\" \/>\n<meta property=\"og:description\" content=\"Pr\u00e4zises und hochwertiges Cuttermesser mit Feststellrad und rostfreien, Carbon-beschichteten Abbrechklingen   Extrem scharfe, Carbon-beschichtete und rostfreie Abbrechklingen mit idealer Gleitf\u00e4higkeit  Feststellrad f\u00fcr hohe Sicherheit und Genauigkeit durch spielfreies Fixieren der Klinge  Robuste und stabile Metall-Klingenf\u00fchrung erlaubt gro\u00dfe Beanspruchungen  Komfortable automatische Feststellung der Klinge  Ergonomische Bauform und rutschfeste Daumenauflage   Schnelles Wechseln der Klinge ohne Werkzeugeinsatz  Einfaches Einstellen der Klingenl\u00e4nge  Praktische eingebaute Fangriemen\u00f6se  5 Klingen im Lieferumfang enthalten\" \/>\n<meta property=\"og:url\" content=\"https:\/\/4k5tools.com\/es\/produkte\/messer-und-werkzeuge\/cuttermesser\/crx-18-cutter-knife-18-mm\/\" \/>\n<meta property=\"og:site_name\" content=\"4K5 BETTER EQUIPMENT\" \/>\n<meta property=\"article:modified_time\" content=\"2024-02-23T10:21:17+00:00\" \/>\n<meta property=\"og:image\" content=\"https:\/\/4k5tools.com\/wp-content\/uploads\/2022\/04\/CRX18_Perspektive.webp\" \/>\n\t<meta property=\"og:image:width\" content=\"1300\" \/>\n\t<meta property=\"og:image:height\" content=\"1300\" \/>\n\t<meta property=\"og:image:type\" content=\"image\/webp\" \/>\n<meta name=\"twitter:card\" content=\"summary_large_image\" \/>\n<meta name=\"twitter:label1\" content=\"Tiempo de lectura\" \/>\n\t<meta name=\"twitter:data1\" content=\"1 minuto\" \/>\n<script type=\"application\/ld+json\" class=\"yoast-schema-graph\">{\"@context\":\"https:\/\/schema.org\",\"@graph\":[{\"@type\":\"WebPage\",\"@id\":\"https:\/\/4k5tools.com\/produkte\/messer-und-werkzeuge\/cuttermesser\/crx-18-cutter-knife-18-mm\/\",\"url\":\"https:\/\/4k5tools.com\/produkte\/messer-und-werkzeuge\/cuttermesser\/crx-18-cutter-knife-18-mm\/\",\"name\":\"CRX 18 - 4K5 BETTER EQUIPMENT\",\"isPartOf\":{\"@id\":\"https:\/\/4k5tools.com\/#website\"},\"primaryImageOfPage\":{\"@id\":\"https:\/\/4k5tools.com\/produkte\/messer-und-werkzeuge\/cuttermesser\/crx-18-cutter-knife-18-mm\/#primaryimage\"},\"image\":{\"@id\":\"https:\/\/4k5tools.com\/produkte\/messer-und-werkzeuge\/cuttermesser\/crx-18-cutter-knife-18-mm\/#primaryimage\"},\"thumbnailUrl\":\"https:\/\/4k5tools.com\/wp-content\/uploads\/2022\/04\/CRX18_Perspektive.webp\",\"datePublished\":\"2022-01-24T09:20:55+00:00\",\"dateModified\":\"2024-02-23T10:21:17+00:00\",\"breadcrumb\":{\"@id\":\"https:\/\/4k5tools.com\/produkte\/messer-und-werkzeuge\/cuttermesser\/crx-18-cutter-knife-18-mm\/#breadcrumb\"},\"inLanguage\":\"es\",\"potentialAction\":[{\"@type\":\"ReadAction\",\"target\":[\"https:\/\/4k5tools.com\/produkte\/messer-und-werkzeuge\/cuttermesser\/crx-18-cutter-knife-18-mm\/\"]}]},{\"@type\":\"ImageObject\",\"inLanguage\":\"es\",\"@id\":\"https:\/\/4k5tools.com\/produkte\/messer-und-werkzeuge\/cuttermesser\/crx-18-cutter-knife-18-mm\/#primaryimage\",\"url\":\"https:\/\/4k5tools.com\/wp-content\/uploads\/2022\/04\/CRX18_Perspektive.webp\",\"contentUrl\":\"https:\/\/4k5tools.com\/wp-content\/uploads\/2022\/04\/CRX18_Perspektive.webp\",\"width\":1300,\"height\":1300,\"caption\":\"CRX 18 Cuttermesser\"},{\"@type\":\"BreadcrumbList\",\"@id\":\"https:\/\/4k5tools.com\/produkte\/messer-und-werkzeuge\/cuttermesser\/crx-18-cutter-knife-18-mm\/#breadcrumb\",\"itemListElement\":[{\"@type\":\"ListItem\",\"position\":1,\"name\":\"START\",\"item\":\"https:\/\/4k5tools.com\/\"},{\"@type\":\"ListItem\",\"position\":2,\"name\":\"PRODUKTE\",\"item\":\"https:\/\/4k5tools.com\/shop\/\"},{\"@type\":\"ListItem\",\"position\":3,\"name\":\"MESSER UND WERKZEUGE\",\"item\":\"https:\/\/4k5tools.com\/produkt-kategorie\/messer-und-werkzeuge\/\"},{\"@type\":\"ListItem\",\"position\":4,\"name\":\"CUTTERMESSER\",\"item\":\"https:\/\/4k5tools.com\/produkt-kategorie\/messer-und-werkzeuge\/cuttermesser\/\"},{\"@type\":\"ListItem\",\"position\":5,\"name\":\"CRX 18\"}]},{\"@type\":\"WebSite\",\"@id\":\"https:\/\/4k5tools.com\/#website\",\"url\":\"https:\/\/4k5tools.com\/\",\"name\":\"4K5 BETTER EQUIPMENT\",\"description\":\"\",\"publisher\":{\"@id\":\"https:\/\/4k5tools.com\/#organization\"},\"potentialAction\":[{\"@type\":\"SearchAction\",\"target\":{\"@type\":\"EntryPoint\",\"urlTemplate\":\"https:\/\/4k5tools.com\/?s={search_term_string}\"},\"query-input\":{\"@type\":\"PropertyValueSpecification\",\"valueRequired\":true,\"valueName\":\"search_term_string\"}}],\"inLanguage\":\"es\"},{\"@type\":\"Organization\",\"@id\":\"https:\/\/4k5tools.com\/#organization\",\"name\":\"4K5 BETTER EQUIPMENT\",\"url\":\"https:\/\/4k5tools.com\/\",\"logo\":{\"@type\":\"ImageObject\",\"inLanguage\":\"es\",\"@id\":\"https:\/\/4k5tools.com\/#\/schema\/logo\/image\/\",\"url\":\"https:\/\/4k5tools.com\/wp-content\/uploads\/2022\/04\/4K5_Better-Equipment.webp\",\"contentUrl\":\"https:\/\/4k5tools.com\/wp-content\/uploads\/2022\/04\/4K5_Better-Equipment.webp\",\"width\":550,\"height\":200,\"caption\":\"4K5 BETTER EQUIPMENT\"},\"image\":{\"@id\":\"https:\/\/4k5tools.com\/#\/schema\/logo\/image\/\"}}]}<\/script>\n<!-- \/ Yoast SEO plugin. -->","yoast_head_json":{"title":"CRX 18 - 4K5 BETTER EQUIPMENT","robots":{"index":"index","follow":"follow","max-snippet":"max-snippet:-1","max-image-preview":"max-image-preview:large","max-video-preview":"max-video-preview:-1"},"canonical":"https:\/\/4k5tools.com\/es\/produkte\/messer-und-werkzeuge\/cuttermesser\/crx-18-cutter-knife-18-mm\/","og_locale":"es_ES","og_type":"article","og_title":"CRX 18 - 4K5 BETTER EQUIPMENT","og_description":"Pr\u00e4zises und hochwertiges Cuttermesser mit Feststellrad und rostfreien, Carbon-beschichteten Abbrechklingen   Extrem scharfe, Carbon-beschichtete und rostfreie Abbrechklingen mit idealer Gleitf\u00e4higkeit  Feststellrad f\u00fcr hohe Sicherheit und Genauigkeit durch spielfreies Fixieren der Klinge  Robuste und stabile Metall-Klingenf\u00fchrung erlaubt gro\u00dfe Beanspruchungen  Komfortable automatische Feststellung der Klinge  Ergonomische Bauform und rutschfeste Daumenauflage   Schnelles Wechseln der Klinge ohne Werkzeugeinsatz  Einfaches Einstellen der Klingenl\u00e4nge  Praktische eingebaute Fangriemen\u00f6se  5 Klingen im Lieferumfang enthalten","og_url":"https:\/\/4k5tools.com\/es\/produkte\/messer-und-werkzeuge\/cuttermesser\/crx-18-cutter-knife-18-mm\/","og_site_name":"4K5 BETTER EQUIPMENT","article_modified_time":"2024-02-23T10:21:17+00:00","og_image":[{"width":1300,"height":1300,"url":"https:\/\/4k5tools.com\/wp-content\/uploads\/2022\/04\/CRX18_Perspektive.webp","type":"image\/webp"}],"twitter_card":"summary_large_image","twitter_misc":{"Tiempo de lectura":"1 minuto"},"schema":{"@context":"https:\/\/schema.org","@graph":[{"@type":"WebPage","@id":"https:\/\/4k5tools.com\/produkte\/messer-und-werkzeuge\/cuttermesser\/crx-18-cutter-knife-18-mm\/","url":"https:\/\/4k5tools.com\/produkte\/messer-und-werkzeuge\/cuttermesser\/crx-18-cutter-knife-18-mm\/","name":"CRX 18 - 4K5 BETTER EQUIPMENT","isPartOf":{"@id":"https:\/\/4k5tools.com\/#website"},"primaryImageOfPage":{"@id":"https:\/\/4k5tools.com\/produkte\/messer-und-werkzeuge\/cuttermesser\/crx-18-cutter-knife-18-mm\/#primaryimage"},"image":{"@id":"https:\/\/4k5tools.com\/produkte\/messer-und-werkzeuge\/cuttermesser\/crx-18-cutter-knife-18-mm\/#primaryimage"},"thumbnailUrl":"https:\/\/4k5tools.com\/wp-content\/uploads\/2022\/04\/CRX18_Perspektive.webp","datePublished":"2022-01-24T09:20:55+00:00","dateModified":"2024-02-23T10:21:17+00:00","breadcrumb":{"@id":"https:\/\/4k5tools.com\/produkte\/messer-und-werkzeuge\/cuttermesser\/crx-18-cutter-knife-18-mm\/#breadcrumb"},"inLanguage":"es","potentialAction":[{"@type":"ReadAction","target":["https:\/\/4k5tools.com\/produkte\/messer-und-werkzeuge\/cuttermesser\/crx-18-cutter-knife-18-mm\/"]}]},{"@type":"ImageObject","inLanguage":"es","@id":"https:\/\/4k5tools.com\/produkte\/messer-und-werkzeuge\/cuttermesser\/crx-18-cutter-knife-18-mm\/#primaryimage","url":"https:\/\/4k5tools.com\/wp-content\/uploads\/2022\/04\/CRX18_Perspektive.webp","contentUrl":"https:\/\/4k5tools.com\/wp-content\/uploads\/2022\/04\/CRX18_Perspektive.webp","width":1300,"height":1300,"caption":"CRX 18 Cuttermesser"},{"@type":"BreadcrumbList","@id":"https:\/\/4k5tools.com\/produkte\/messer-und-werkzeuge\/cuttermesser\/crx-18-cutter-knife-18-mm\/#breadcrumb","itemListElement":[{"@type":"ListItem","position":1,"name":"START","item":"https:\/\/4k5tools.com\/"},{"@type":"ListItem","position":2,"name":"PRODUKTE","item":"https:\/\/4k5tools.com\/shop\/"},{"@type":"ListItem","position":3,"name":"MESSER UND WERKZEUGE","item":"https:\/\/4k5tools.com\/produkt-kategorie\/messer-und-werkzeuge\/"},{"@type":"ListItem","position":4,"name":"CUTTERMESSER","item":"https:\/\/4k5tools.com\/produkt-kategorie\/messer-und-werkzeuge\/cuttermesser\/"},{"@type":"ListItem","position":5,"name":"CRX 18"}]},{"@type":"WebSite","@id":"https:\/\/4k5tools.com\/#website","url":"https:\/\/4k5tools.com\/","name":"4K5 BETTER EQUIPMENT","description":"","publisher":{"@id":"https:\/\/4k5tools.com\/#organization"},"potentialAction":[{"@type":"SearchAction","target":{"@type":"EntryPoint","urlTemplate":"https:\/\/4k5tools.com\/?s={search_term_string}"},"query-input":{"@type":"PropertyValueSpecification","valueRequired":true,"valueName":"search_term_string"}}],"inLanguage":"es"},{"@type":"Organization","@id":"https:\/\/4k5tools.com\/#organization","name":"4K5 BETTER EQUIPMENT","url":"https:\/\/4k5tools.com\/","logo":{"@type":"ImageObject","inLanguage":"es","@id":"https:\/\/4k5tools.com\/#\/schema\/logo\/image\/","url":"https:\/\/4k5tools.com\/wp-content\/uploads\/2022\/04\/4K5_Better-Equipment.webp","contentUrl":"https:\/\/4k5tools.com\/wp-content\/uploads\/2022\/04\/4K5_Better-Equipment.webp","width":550,"height":200,"caption":"4K5 BETTER EQUIPMENT"},"image":{"@id":"https:\/\/4k5tools.com\/#\/schema\/logo\/image\/"}}]}},"_links":{"self":[{"href":"https:\/\/4k5tools.com\/es\/wp-json\/wp\/v2\/product\/1470","targetHints":{"allow":["GET"]}}],"collection":[{"href":"https:\/\/4k5tools.com\/es\/wp-json\/wp\/v2\/product"}],"about":[{"href":"https:\/\/4k5tools.com\/es\/wp-json\/wp\/v2\/types\/product"}],"wp:featuredmedia":[{"embeddable":true,"href":"https:\/\/4k5tools.com\/es\/wp-json\/wp\/v2\/media\/2716"}],"wp:attachment":[{"href":"https:\/\/4k5tools.com\/es\/wp-json\/wp\/v2\/media?parent=1470"}],"wp:term":[{"taxonomy":"product_brand","embeddable":true,"href":"https:\/\/4k5tools.com\/es\/wp-json\/wp\/v2\/product_brand?post=1470"},{"taxonomy":"product_cat","embeddable":true,"href":"https:\/\/4k5tools.com\/es\/wp-json\/wp\/v2\/product_cat?post=1470"},{"taxonomy":"product_tag","embeddable":true,"href":"https:\/\/4k5tools.com\/es\/wp-json\/wp\/v2\/product_tag?post=1470"}],"curies":[{"name":"wp","href":"https:\/\/api.w.org\/{rel}","templated":true}]}}