{"id":1959,"date":"2022-03-11T11:09:45","date_gmt":"2022-03-11T10:09:45","guid":{"rendered":"https:\/\/4k5tools.com\/?post_type=product&#038;p=1959"},"modified":"2024-09-13T10:51:30","modified_gmt":"2024-09-13T08:51:30","slug":"ge-s-serie","status":"publish","type":"product","link":"https:\/\/4k5tools.com\/es\/produkte\/wasserwaage\/rechteckprofil-wasserwaagen\/ge-s-serie\/","title":{"rendered":"SERIE GE S"},"content":{"rendered":"<p>El nivel de burbuja de alta calidad y f\u00e1cil lectura es ideal para profesionales de la construcci\u00f3n. Permite la nivelaci\u00f3n horizontal y vertical exacta. Una mirilla adicional facilita al usuario la visi\u00f3n \u00f3ptima del vial vertical al medir inclinaciones verticales. De este modo, la lectura es m\u00e1s f\u00e1cil y precisa que en los niveles de burbuja convencionales. Con dos puntos de metal elevados en la base de apoyo, permite trabajar sin problema en superficies irregulares. Las tapas amortiguadoras engomadas protegen el perfil y las propiedades del nivel de burbuja. Los topes engomados antideslizantes fijan con seguridad.<\/p>","protected":false},"excerpt":{"rendered":"<p>Nivel de burbuja de alta calidad y f\u00e1cil lectura para profesionales de la construcci\u00f3n, apto tambi\u00e9n para superficies irregulares<\/p>\n<ul title=\"\">\n<li title=\"\"><span title=\"\">Con dos puntos de metal elevados en la base de apoyo permite trabajar sin problema en superficies irregulares<\/span><\/li>\n<li title=\"\"><span title=\"\">Elevada precisi\u00f3n en las mediciones est\u00e1ndar e invertidas<\/span><\/li>\n<li title=\"\"><span title=\"\">F\u00e1cil lectura gracias a una lente de aumento en el vial de cristal acr\u00edlico horizontal y una mirilla adicional en el vial de cristal acr\u00edlico vertical <\/span><\/li>\n<li title=\"\"><span title=\"\">Buena protecci\u00f3n del perfil por las tapas engomadas amortiguadoras de los golpes<\/span><\/li>\n<li title=\"\"><span title=\"\">Fijaci\u00f3n segura mediante topes engomados antideslizantes para paredes <\/span><\/li>\n<\/ul>\n<hr \/>\n<p><a href=\"https:\/\/4k5tools.com\/wp-content\/uploads\/2022\/08\/GE\u2009S\u2009Serie_Feature.webp\"><img fetchpriority=\"high\" decoding=\"async\" class=\"alignnone size-full wp-image-2920\" src=\"https:\/\/4k5tools.com\/wp-content\/uploads\/2022\/08\/GE\u2009S\u2009Serie_Feature.webp\" alt=\"GE\u2009S\u2009Serie\" width=\"499\" height=\"240\" srcset=\"https:\/\/4k5tools.com\/wp-content\/uploads\/2022\/08\/GE\u2009S\u2009Serie_Feature.webp 499w, https:\/\/4k5tools.com\/wp-content\/uploads\/2022\/08\/GE\u2009S\u2009Serie_Feature-18x9.webp 18w\" sizes=\"(max-width: 499px) 100vw, 499px\" \/><\/a><\/p>","protected":false},"featured_media":1334,"template":"","meta":{"ocean_post_layout":"","ocean_both_sidebars_style":"","ocean_both_sidebars_content_width":0,"ocean_both_sidebars_sidebars_width":0,"ocean_sidebar":"0","ocean_second_sidebar":"0","ocean_disable_margins":"enable","ocean_add_body_class":"","ocean_shortcode_before_top_bar":"","ocean_shortcode_after_top_bar":"","ocean_shortcode_before_header":"","ocean_shortcode_after_header":"","ocean_has_shortcode":"","ocean_shortcode_after_title":"","ocean_shortcode_before_footer_widgets":"","ocean_shortcode_after_footer_widgets":"","ocean_shortcode_before_footer_bottom":"","ocean_shortcode_after_footer_bottom":"","ocean_display_top_bar":"default","ocean_display_header":"default","ocean_header_style":"","ocean_center_header_left_menu":"0","ocean_custom_header_template":"0","ocean_custom_logo":0,"ocean_custom_retina_logo":0,"ocean_custom_logo_max_width":0,"ocean_custom_logo_tablet_max_width":0,"ocean_custom_logo_mobile_max_width":0,"ocean_custom_logo_max_height":0,"ocean_custom_logo_tablet_max_height":0,"ocean_custom_logo_mobile_max_height":0,"ocean_header_custom_menu":"0","ocean_menu_typo_font_family":"0","ocean_menu_typo_font_subset":"","ocean_menu_typo_font_size":0,"ocean_menu_typo_font_size_tablet":0,"ocean_menu_typo_font_size_mobile":0,"ocean_menu_typo_font_size_unit":"px","ocean_menu_typo_font_weight":"","ocean_menu_typo_font_weight_tablet":"","ocean_menu_typo_font_weight_mobile":"","ocean_menu_typo_transform":"","ocean_menu_typo_transform_tablet":"","ocean_menu_typo_transform_mobile":"","ocean_menu_typo_line_height":0,"ocean_menu_typo_line_height_tablet":0,"ocean_menu_typo_line_height_mobile":0,"ocean_menu_typo_line_height_unit":"","ocean_menu_typo_spacing":0,"ocean_menu_typo_spacing_tablet":0,"ocean_menu_typo_spacing_mobile":0,"ocean_menu_typo_spacing_unit":"","ocean_menu_link_color":"","ocean_menu_link_color_hover":"","ocean_menu_link_color_active":"","ocean_menu_link_background":"","ocean_menu_link_hover_background":"","ocean_menu_link_active_background":"","ocean_menu_social_links_bg":"","ocean_menu_social_hover_links_bg":"","ocean_menu_social_links_color":"","ocean_menu_social_hover_links_color":"","ocean_disable_title":"default","ocean_disable_heading":"default","ocean_post_title":"","ocean_post_subheading":"","ocean_post_title_style":"","ocean_post_title_background_color":"","ocean_post_title_background":0,"ocean_post_title_bg_image_position":"","ocean_post_title_bg_image_attachment":"","ocean_post_title_bg_image_repeat":"","ocean_post_title_bg_image_size":"","ocean_post_title_height":0,"ocean_post_title_bg_overlay":0.5,"ocean_post_title_bg_overlay_color":"","ocean_disable_breadcrumbs":"default","ocean_breadcrumbs_color":"","ocean_breadcrumbs_separator_color":"","ocean_breadcrumbs_links_color":"","ocean_breadcrumbs_links_hover_color":"","ocean_display_footer_widgets":"default","ocean_display_footer_bottom":"default","ocean_custom_footer_template":"0"},"product_brand":[],"product_cat":[55,43],"product_tag":[],"class_list":{"0":"post-1959","1":"product","2":"type-product","3":"status-publish","4":"has-post-thumbnail","6":"product_cat-rechteckprofil-wasserwaagen","7":"product_cat-wasserwaage","9":"entry","10":"has-media","12":"first","13":"instock","14":"shipping-taxable","15":"product-type-variable","16":"has-product-nav","17":"col","18":"span_1_of_3","19":"owp-content-center","20":"owp-thumbs-layout-horizontal","21":"owp-btn-normal","22":"owp-tabs-layout-horizontal","23":"has-no-thumbnails"},"yoast_head":"<!-- This site is optimized with the Yoast SEO plugin v27.3 - https:\/\/yoast.com\/product\/yoast-seo-wordpress\/ -->\n<title>GE S SERIE - 4K5 BETTER EQUIPMENT<\/title>\n<meta name=\"robots\" content=\"index, follow, max-snippet:-1, max-image-preview:large, max-video-preview:-1\" \/>\n<link rel=\"canonical\" href=\"https:\/\/4k5tools.com\/es\/produkte\/wasserwaage\/rechteckprofil-wasserwaagen\/ge-s-serie\/\" \/>\n<meta property=\"og:locale\" content=\"es_ES\" \/>\n<meta property=\"og:type\" content=\"article\" \/>\n<meta property=\"og:title\" content=\"GE S SERIE - 4K5 BETTER EQUIPMENT\" \/>\n<meta property=\"og:description\" content=\"Hochwertige und leicht ablesbare Wasserwaage f\u00fcr den Bauprofi - auch f\u00fcr unebene Oberfl\u00e4chen geeignet   Problemloses Arbeiten auf unebenen Oberfl\u00e4chen mit zwei erh\u00f6hten Metallpunkten an der Anlagefl\u00e4che  Hohe Messgenauigkeit bei Standard- und \u00dcber-Kopf-Messungen  Einfaches Ablesen durch Vergr\u00f6\u00dferungslinse an horizontaler Acrylglas-Blocklibelle und zus\u00e4tzlichem Schauglas an vertikaler Acrylglas-Blocklibelle   Guter Schutz des Profils mit sto\u00dfd\u00e4mpfenden, gummierten Endkappen  Sicherer Halt durch gummierte Wand-Rutschstopper\" \/>\n<meta property=\"og:url\" content=\"https:\/\/4k5tools.com\/es\/produkte\/wasserwaage\/rechteckprofil-wasserwaagen\/ge-s-serie\/\" \/>\n<meta property=\"og:site_name\" content=\"4K5 BETTER EQUIPMENT\" \/>\n<meta property=\"article:modified_time\" content=\"2024-09-13T08:51:30+00:00\" \/>\n<meta property=\"og:image\" content=\"https:\/\/4k5tools.com\/wp-content\/uploads\/2022\/01\/603.102-150S-Wasserwaage-4K5.webp\" \/>\n\t<meta property=\"og:image:width\" content=\"1300\" \/>\n\t<meta property=\"og:image:height\" content=\"1300\" \/>\n\t<meta property=\"og:image:type\" content=\"image\/webp\" \/>\n<meta name=\"twitter:card\" content=\"summary_large_image\" \/>\n<meta name=\"twitter:label1\" content=\"Tiempo de lectura\" \/>\n\t<meta name=\"twitter:data1\" content=\"1 minuto\" \/>\n<script type=\"application\/ld+json\" class=\"yoast-schema-graph\">{\"@context\":\"https:\\\/\\\/schema.org\",\"@graph\":[{\"@type\":\"WebPage\",\"@id\":\"https:\\\/\\\/4k5tools.com\\\/produkte\\\/wasserwaage\\\/rechteckprofil-wasserwaagen\\\/ge-s-serie\\\/\",\"url\":\"https:\\\/\\\/4k5tools.com\\\/produkte\\\/wasserwaage\\\/rechteckprofil-wasserwaagen\\\/ge-s-serie\\\/\",\"name\":\"GE S SERIE - 4K5 BETTER EQUIPMENT\",\"isPartOf\":{\"@id\":\"https:\\\/\\\/4k5tools.com\\\/#website\"},\"primaryImageOfPage\":{\"@id\":\"https:\\\/\\\/4k5tools.com\\\/produkte\\\/wasserwaage\\\/rechteckprofil-wasserwaagen\\\/ge-s-serie\\\/#primaryimage\"},\"image\":{\"@id\":\"https:\\\/\\\/4k5tools.com\\\/produkte\\\/wasserwaage\\\/rechteckprofil-wasserwaagen\\\/ge-s-serie\\\/#primaryimage\"},\"thumbnailUrl\":\"https:\\\/\\\/4k5tools.com\\\/wp-content\\\/uploads\\\/2022\\\/01\\\/603.102-150S-Wasserwaage-4K5.webp\",\"datePublished\":\"2022-03-11T10:09:45+00:00\",\"dateModified\":\"2024-09-13T08:51:30+00:00\",\"breadcrumb\":{\"@id\":\"https:\\\/\\\/4k5tools.com\\\/produkte\\\/wasserwaage\\\/rechteckprofil-wasserwaagen\\\/ge-s-serie\\\/#breadcrumb\"},\"inLanguage\":\"es\",\"potentialAction\":[{\"@type\":\"ReadAction\",\"target\":[\"https:\\\/\\\/4k5tools.com\\\/produkte\\\/wasserwaage\\\/rechteckprofil-wasserwaagen\\\/ge-s-serie\\\/\"]}]},{\"@type\":\"ImageObject\",\"inLanguage\":\"es\",\"@id\":\"https:\\\/\\\/4k5tools.com\\\/produkte\\\/wasserwaage\\\/rechteckprofil-wasserwaagen\\\/ge-s-serie\\\/#primaryimage\",\"url\":\"https:\\\/\\\/4k5tools.com\\\/wp-content\\\/uploads\\\/2022\\\/01\\\/603.102-150S-Wasserwaage-4K5.webp\",\"contentUrl\":\"https:\\\/\\\/4k5tools.com\\\/wp-content\\\/uploads\\\/2022\\\/01\\\/603.102-150S-Wasserwaage-4K5.webp\",\"width\":1300,\"height\":1300,\"caption\":\"Wasserwaage 603.102-150S GE 150S\"},{\"@type\":\"BreadcrumbList\",\"@id\":\"https:\\\/\\\/4k5tools.com\\\/produkte\\\/wasserwaage\\\/rechteckprofil-wasserwaagen\\\/ge-s-serie\\\/#breadcrumb\",\"itemListElement\":[{\"@type\":\"ListItem\",\"position\":1,\"name\":\"START\",\"item\":\"https:\\\/\\\/4k5tools.com\\\/\"},{\"@type\":\"ListItem\",\"position\":2,\"name\":\"PRODUKTE\",\"item\":\"https:\\\/\\\/4k5tools.com\\\/shop\\\/\"},{\"@type\":\"ListItem\",\"position\":3,\"name\":\"WASSERWAAGEN\",\"item\":\"https:\\\/\\\/4k5tools.com\\\/produkt-kategorie\\\/wasserwaage\\\/\"},{\"@type\":\"ListItem\",\"position\":4,\"name\":\"RECHTECKPROFIL-WASSERWAAGEN\",\"item\":\"https:\\\/\\\/4k5tools.com\\\/produkt-kategorie\\\/wasserwaage\\\/rechteckprofil-wasserwaagen\\\/\"},{\"@type\":\"ListItem\",\"position\":5,\"name\":\"GE S SERIE\"}]},{\"@type\":\"WebSite\",\"@id\":\"https:\\\/\\\/4k5tools.com\\\/#website\",\"url\":\"https:\\\/\\\/4k5tools.com\\\/\",\"name\":\"4K5 BETTER EQUIPMENT\",\"description\":\"\",\"publisher\":{\"@id\":\"https:\\\/\\\/4k5tools.com\\\/#organization\"},\"potentialAction\":[{\"@type\":\"SearchAction\",\"target\":{\"@type\":\"EntryPoint\",\"urlTemplate\":\"https:\\\/\\\/4k5tools.com\\\/?s={search_term_string}\"},\"query-input\":{\"@type\":\"PropertyValueSpecification\",\"valueRequired\":true,\"valueName\":\"search_term_string\"}}],\"inLanguage\":\"es\"},{\"@type\":\"Organization\",\"@id\":\"https:\\\/\\\/4k5tools.com\\\/#organization\",\"name\":\"4K5 BETTER EQUIPMENT\",\"url\":\"https:\\\/\\\/4k5tools.com\\\/\",\"logo\":{\"@type\":\"ImageObject\",\"inLanguage\":\"es\",\"@id\":\"https:\\\/\\\/4k5tools.com\\\/#\\\/schema\\\/logo\\\/image\\\/\",\"url\":\"https:\\\/\\\/4k5tools.com\\\/wp-content\\\/uploads\\\/2022\\\/04\\\/4K5_Better-Equipment.webp\",\"contentUrl\":\"https:\\\/\\\/4k5tools.com\\\/wp-content\\\/uploads\\\/2022\\\/04\\\/4K5_Better-Equipment.webp\",\"width\":550,\"height\":200,\"caption\":\"4K5 BETTER EQUIPMENT\"},\"image\":{\"@id\":\"https:\\\/\\\/4k5tools.com\\\/#\\\/schema\\\/logo\\\/image\\\/\"}}]}<\/script>\n<!-- \/ Yoast SEO plugin. -->","yoast_head_json":{"title":"GE S SERIE - 4K5 BETTER EQUIPMENT","robots":{"index":"index","follow":"follow","max-snippet":"max-snippet:-1","max-image-preview":"max-image-preview:large","max-video-preview":"max-video-preview:-1"},"canonical":"https:\/\/4k5tools.com\/es\/produkte\/wasserwaage\/rechteckprofil-wasserwaagen\/ge-s-serie\/","og_locale":"es_ES","og_type":"article","og_title":"GE S SERIE - 4K5 BETTER EQUIPMENT","og_description":"Hochwertige und leicht ablesbare Wasserwaage f\u00fcr den Bauprofi - auch f\u00fcr unebene Oberfl\u00e4chen geeignet   Problemloses Arbeiten auf unebenen Oberfl\u00e4chen mit zwei erh\u00f6hten Metallpunkten an der Anlagefl\u00e4che  Hohe Messgenauigkeit bei Standard- und \u00dcber-Kopf-Messungen  Einfaches Ablesen durch Vergr\u00f6\u00dferungslinse an horizontaler Acrylglas-Blocklibelle und zus\u00e4tzlichem Schauglas an vertikaler Acrylglas-Blocklibelle   Guter Schutz des Profils mit sto\u00dfd\u00e4mpfenden, gummierten Endkappen  Sicherer Halt durch gummierte Wand-Rutschstopper","og_url":"https:\/\/4k5tools.com\/es\/produkte\/wasserwaage\/rechteckprofil-wasserwaagen\/ge-s-serie\/","og_site_name":"4K5 BETTER EQUIPMENT","article_modified_time":"2024-09-13T08:51:30+00:00","og_image":[{"width":1300,"height":1300,"url":"https:\/\/4k5tools.com\/wp-content\/uploads\/2022\/01\/603.102-150S-Wasserwaage-4K5.webp","type":"image\/webp"}],"twitter_card":"summary_large_image","twitter_misc":{"Tiempo de lectura":"1 minuto"},"schema":{"@context":"https:\/\/schema.org","@graph":[{"@type":"WebPage","@id":"https:\/\/4k5tools.com\/produkte\/wasserwaage\/rechteckprofil-wasserwaagen\/ge-s-serie\/","url":"https:\/\/4k5tools.com\/produkte\/wasserwaage\/rechteckprofil-wasserwaagen\/ge-s-serie\/","name":"GE S SERIE - 4K5 BETTER EQUIPMENT","isPartOf":{"@id":"https:\/\/4k5tools.com\/#website"},"primaryImageOfPage":{"@id":"https:\/\/4k5tools.com\/produkte\/wasserwaage\/rechteckprofil-wasserwaagen\/ge-s-serie\/#primaryimage"},"image":{"@id":"https:\/\/4k5tools.com\/produkte\/wasserwaage\/rechteckprofil-wasserwaagen\/ge-s-serie\/#primaryimage"},"thumbnailUrl":"https:\/\/4k5tools.com\/wp-content\/uploads\/2022\/01\/603.102-150S-Wasserwaage-4K5.webp","datePublished":"2022-03-11T10:09:45+00:00","dateModified":"2024-09-13T08:51:30+00:00","breadcrumb":{"@id":"https:\/\/4k5tools.com\/produkte\/wasserwaage\/rechteckprofil-wasserwaagen\/ge-s-serie\/#breadcrumb"},"inLanguage":"es","potentialAction":[{"@type":"ReadAction","target":["https:\/\/4k5tools.com\/produkte\/wasserwaage\/rechteckprofil-wasserwaagen\/ge-s-serie\/"]}]},{"@type":"ImageObject","inLanguage":"es","@id":"https:\/\/4k5tools.com\/produkte\/wasserwaage\/rechteckprofil-wasserwaagen\/ge-s-serie\/#primaryimage","url":"https:\/\/4k5tools.com\/wp-content\/uploads\/2022\/01\/603.102-150S-Wasserwaage-4K5.webp","contentUrl":"https:\/\/4k5tools.com\/wp-content\/uploads\/2022\/01\/603.102-150S-Wasserwaage-4K5.webp","width":1300,"height":1300,"caption":"Wasserwaage 603.102-150S GE 150S"},{"@type":"BreadcrumbList","@id":"https:\/\/4k5tools.com\/produkte\/wasserwaage\/rechteckprofil-wasserwaagen\/ge-s-serie\/#breadcrumb","itemListElement":[{"@type":"ListItem","position":1,"name":"START","item":"https:\/\/4k5tools.com\/"},{"@type":"ListItem","position":2,"name":"PRODUKTE","item":"https:\/\/4k5tools.com\/shop\/"},{"@type":"ListItem","position":3,"name":"WASSERWAAGEN","item":"https:\/\/4k5tools.com\/produkt-kategorie\/wasserwaage\/"},{"@type":"ListItem","position":4,"name":"RECHTECKPROFIL-WASSERWAAGEN","item":"https:\/\/4k5tools.com\/produkt-kategorie\/wasserwaage\/rechteckprofil-wasserwaagen\/"},{"@type":"ListItem","position":5,"name":"GE S SERIE"}]},{"@type":"WebSite","@id":"https:\/\/4k5tools.com\/#website","url":"https:\/\/4k5tools.com\/","name":"4K5 BETTER EQUIPMENT","description":"","publisher":{"@id":"https:\/\/4k5tools.com\/#organization"},"potentialAction":[{"@type":"SearchAction","target":{"@type":"EntryPoint","urlTemplate":"https:\/\/4k5tools.com\/?s={search_term_string}"},"query-input":{"@type":"PropertyValueSpecification","valueRequired":true,"valueName":"search_term_string"}}],"inLanguage":"es"},{"@type":"Organization","@id":"https:\/\/4k5tools.com\/#organization","name":"4K5 BETTER EQUIPMENT","url":"https:\/\/4k5tools.com\/","logo":{"@type":"ImageObject","inLanguage":"es","@id":"https:\/\/4k5tools.com\/#\/schema\/logo\/image\/","url":"https:\/\/4k5tools.com\/wp-content\/uploads\/2022\/04\/4K5_Better-Equipment.webp","contentUrl":"https:\/\/4k5tools.com\/wp-content\/uploads\/2022\/04\/4K5_Better-Equipment.webp","width":550,"height":200,"caption":"4K5 BETTER EQUIPMENT"},"image":{"@id":"https:\/\/4k5tools.com\/#\/schema\/logo\/image\/"}}]}},"_links":{"self":[{"href":"https:\/\/4k5tools.com\/es\/wp-json\/wp\/v2\/product\/1959","targetHints":{"allow":["GET"]}}],"collection":[{"href":"https:\/\/4k5tools.com\/es\/wp-json\/wp\/v2\/product"}],"about":[{"href":"https:\/\/4k5tools.com\/es\/wp-json\/wp\/v2\/types\/product"}],"wp:featuredmedia":[{"embeddable":true,"href":"https:\/\/4k5tools.com\/es\/wp-json\/wp\/v2\/media\/1334"}],"wp:attachment":[{"href":"https:\/\/4k5tools.com\/es\/wp-json\/wp\/v2\/media?parent=1959"}],"wp:term":[{"taxonomy":"product_brand","embeddable":true,"href":"https:\/\/4k5tools.com\/es\/wp-json\/wp\/v2\/product_brand?post=1959"},{"taxonomy":"product_cat","embeddable":true,"href":"https:\/\/4k5tools.com\/es\/wp-json\/wp\/v2\/product_cat?post=1959"},{"taxonomy":"product_tag","embeddable":true,"href":"https:\/\/4k5tools.com\/es\/wp-json\/wp\/v2\/product_tag?post=1959"}],"curies":[{"name":"wp","href":"https:\/\/api.w.org\/{rel}","templated":true}]}}