{"id":2985,"date":"2022-09-19T12:30:23","date_gmt":"2022-09-19T10:30:23","guid":{"rendered":"https:\/\/4k5tools.com\/produkte\/unkategorisiert\/fl-6000\/"},"modified":"2023-04-20T11:14:45","modified_gmt":"2023-04-20T09:14:45","slug":"fl-6000","status":"publish","type":"product","link":"https:\/\/4k5tools.com\/es\/produkte\/lampen\/arbeitslampen\/fl-6000\/","title":{"rendered":"FL 6000"},"content":{"rendered":"<p>Por su extraordinaria potencia, este foco proyector LED es ideal para iluminar grandes superficies. Gracias al cristal difuso emite una agradable luz de trabajo sin deslumbramiento, que destaca por la homog\u00e9nea intensidad de la luz y una extensa dispersi\u00f3n. El foco cuenta con una carcasa a prueba de golpes, estanca al polvo y el agua, que incorpora dos enchufes en la parte trasera. Ah\u00ed se puede cargar r\u00e1pida y sencillamente otras l\u00e1mparas de trabajo o herramientas el\u00e9ctricas. El producto ofrece, adem\u00e1s, un asa de agarre incorporado para facilitar el porte y diferentes opciones de montaje, as\u00ed como la fijaci\u00f3n al robusto tr\u00edpode HD T3.<\/p>","protected":false},"excerpt":{"rendered":"<p>Luz general LED antideslumbrante de gran potencia luminosa, intensidad homog\u00e9nea, dispersi\u00f3n extensiva de la luz y dos enchufes, apta para el funcionamiento en red<\/p>\n<ul title=\"\">\n<li title=\"\"><span title=\"\">\u00d3ptima iluminaci\u00f3n con una potente luz general de 6000 l\u00famenes<\/span><\/li>\n<li title=\"\"><span title=\"\">Intensidad luminosa muy homog\u00e9nea y gran dispersi\u00f3n de la luz<\/span><\/li>\n<li title=\"\"><span title=\"\">Cristal difuso para una agradable iluminaci\u00f3n del trabajo sin deslumbramiento<\/span><\/li>\n<li title=\"\"><span title=\"\">2 enchufes en la parte trasera para conectar una segunda l\u00e1mpara de trabajo o herramientas el\u00e9ctricas<\/span><\/li>\n<li title=\"\"><span title=\"\">Carcasa robusta resistente al impacto<\/span><\/li>\n<li title=\"\"><span title=\"\">Asa de agarre integrado para facilitar el porte<\/span><\/li>\n<li title=\"\"><span title=\"\">Montaje flexible o fijaci\u00f3n a un tr\u00edpode HD T3<\/span><\/li>\n<\/ul>","protected":false},"featured_media":2979,"template":"","meta":{"ocean_post_layout":"","ocean_both_sidebars_style":"","ocean_both_sidebars_content_width":0,"ocean_both_sidebars_sidebars_width":0,"ocean_sidebar":"0","ocean_second_sidebar":"0","ocean_disable_margins":"enable","ocean_add_body_class":"","ocean_shortcode_before_top_bar":"","ocean_shortcode_after_top_bar":"","ocean_shortcode_before_header":"","ocean_shortcode_after_header":"","ocean_has_shortcode":"","ocean_shortcode_after_title":"","ocean_shortcode_before_footer_widgets":"","ocean_shortcode_after_footer_widgets":"","ocean_shortcode_before_footer_bottom":"","ocean_shortcode_after_footer_bottom":"","ocean_display_top_bar":"default","ocean_display_header":"default","ocean_header_style":"","ocean_center_header_left_menu":"0","ocean_custom_header_template":"0","ocean_custom_logo":0,"ocean_custom_retina_logo":0,"ocean_custom_logo_max_width":0,"ocean_custom_logo_tablet_max_width":0,"ocean_custom_logo_mobile_max_width":0,"ocean_custom_logo_max_height":0,"ocean_custom_logo_tablet_max_height":0,"ocean_custom_logo_mobile_max_height":0,"ocean_header_custom_menu":"0","ocean_menu_typo_font_family":"0","ocean_menu_typo_font_subset":"","ocean_menu_typo_font_size":0,"ocean_menu_typo_font_size_tablet":0,"ocean_menu_typo_font_size_mobile":0,"ocean_menu_typo_font_size_unit":"px","ocean_menu_typo_font_weight":"","ocean_menu_typo_font_weight_tablet":"","ocean_menu_typo_font_weight_mobile":"","ocean_menu_typo_transform":"","ocean_menu_typo_transform_tablet":"","ocean_menu_typo_transform_mobile":"","ocean_menu_typo_line_height":0,"ocean_menu_typo_line_height_tablet":0,"ocean_menu_typo_line_height_mobile":0,"ocean_menu_typo_line_height_unit":"","ocean_menu_typo_spacing":0,"ocean_menu_typo_spacing_tablet":0,"ocean_menu_typo_spacing_mobile":0,"ocean_menu_typo_spacing_unit":"","ocean_menu_link_color":"","ocean_menu_link_color_hover":"","ocean_menu_link_color_active":"","ocean_menu_link_background":"","ocean_menu_link_hover_background":"","ocean_menu_link_active_background":"","ocean_menu_social_links_bg":"","ocean_menu_social_hover_links_bg":"","ocean_menu_social_links_color":"","ocean_menu_social_hover_links_color":"","ocean_disable_title":"default","ocean_disable_heading":"default","ocean_post_title":"","ocean_post_subheading":"","ocean_post_title_style":"","ocean_post_title_background_color":"","ocean_post_title_background":0,"ocean_post_title_bg_image_position":"","ocean_post_title_bg_image_attachment":"","ocean_post_title_bg_image_repeat":"","ocean_post_title_bg_image_size":"","ocean_post_title_height":0,"ocean_post_title_bg_overlay":0.5,"ocean_post_title_bg_overlay_color":"","ocean_disable_breadcrumbs":"default","ocean_breadcrumbs_color":"","ocean_breadcrumbs_separator_color":"","ocean_breadcrumbs_links_color":"","ocean_breadcrumbs_links_hover_color":"","ocean_display_footer_widgets":"default","ocean_display_footer_bottom":"default","ocean_custom_footer_template":"0"},"product_brand":[],"product_cat":[35,36],"product_tag":[],"class_list":{"0":"post-2985","1":"product","2":"type-product","3":"status-publish","4":"has-post-thumbnail","6":"product_cat-lampen","7":"product_cat-arbeitslampen","9":"entry","10":"has-media","12":"first","13":"instock","14":"shipping-taxable","15":"product-type-simple","16":"has-product-nav","17":"col","18":"span_1_of_3","19":"owp-content-center","20":"owp-thumbs-layout-horizontal","21":"owp-btn-normal","22":"owp-tabs-layout-horizontal"},"yoast_head":"<!-- This site is optimized with the Yoast SEO plugin v27.0 - https:\/\/yoast.com\/product\/yoast-seo-wordpress\/ -->\n<title>FL 6000 - 4K5 BETTER EQUIPMENT<\/title>\n<meta name=\"robots\" content=\"index, follow, max-snippet:-1, max-image-preview:large, max-video-preview:-1\" \/>\n<link rel=\"canonical\" href=\"https:\/\/4k5tools.com\/es\/produkte\/lampen\/arbeitslampen\/fl-6000\/\" \/>\n<meta property=\"og:locale\" content=\"es_ES\" \/>\n<meta property=\"og:type\" content=\"article\" \/>\n<meta property=\"og:title\" content=\"FL 6000 - 4K5 BETTER EQUIPMENT\" \/>\n<meta property=\"og:description\" content=\"Blendfreies LED-Flutlicht mit sehr gro\u00dfer Leuchtkraft, gleichm\u00e4\u00dfiger Lichtintensit\u00e4t, breiter Lichtstreuung und zwei Steckdosen, geeignet f\u00fcr den Netzbetrieb   Optimales Ausleuchten durch sehr starkes Flutlicht mit 6000 Lumen  Sehr gleichm\u00e4\u00dfige Lichtintensit\u00e4t und gro\u00dfe Lichtstreuung  Diffuse Scheibe erm\u00f6glicht blendfreies, angenehmes Arbeitslicht  2 Steckdosen an der R\u00fcckseite zum Anschlie\u00dfen von weiteren Arbeitslampen oder anderen elektrischen Werkzeugen  Robustes, schlagfestes Geh\u00e4use  Integrierter Tragegriff zum einfachen Mitnehmen  Flexibel aufstellbar oder fixierbar am Stativ HD T3\" \/>\n<meta property=\"og:url\" content=\"https:\/\/4k5tools.com\/es\/produkte\/lampen\/arbeitslampen\/fl-6000\/\" \/>\n<meta property=\"og:site_name\" content=\"4K5 BETTER EQUIPMENT\" \/>\n<meta property=\"article:modified_time\" content=\"2023-04-20T09:14:45+00:00\" \/>\n<meta property=\"og:image\" content=\"https:\/\/4k5tools.com\/wp-content\/uploads\/2022\/09\/602.407A_4K5_Produkt.webp\" \/>\n\t<meta property=\"og:image:width\" content=\"1200\" \/>\n\t<meta property=\"og:image:height\" content=\"1200\" \/>\n\t<meta property=\"og:image:type\" content=\"image\/webp\" \/>\n<meta name=\"twitter:card\" content=\"summary_large_image\" \/>\n<meta name=\"twitter:label1\" content=\"Tiempo de lectura\" \/>\n\t<meta name=\"twitter:data1\" content=\"1 minuto\" \/>\n<script type=\"application\/ld+json\" class=\"yoast-schema-graph\">{\"@context\":\"https:\/\/schema.org\",\"@graph\":[{\"@type\":\"WebPage\",\"@id\":\"https:\/\/4k5tools.com\/produkte\/lampen\/arbeitslampen\/fl-6000\/\",\"url\":\"https:\/\/4k5tools.com\/produkte\/lampen\/arbeitslampen\/fl-6000\/\",\"name\":\"FL 6000 - 4K5 BETTER EQUIPMENT\",\"isPartOf\":{\"@id\":\"https:\/\/4k5tools.com\/#website\"},\"primaryImageOfPage\":{\"@id\":\"https:\/\/4k5tools.com\/produkte\/lampen\/arbeitslampen\/fl-6000\/#primaryimage\"},\"image\":{\"@id\":\"https:\/\/4k5tools.com\/produkte\/lampen\/arbeitslampen\/fl-6000\/#primaryimage\"},\"thumbnailUrl\":\"https:\/\/4k5tools.com\/wp-content\/uploads\/2022\/09\/602.407A_4K5_Produkt.webp\",\"datePublished\":\"2022-09-19T10:30:23+00:00\",\"dateModified\":\"2023-04-20T09:14:45+00:00\",\"breadcrumb\":{\"@id\":\"https:\/\/4k5tools.com\/produkte\/lampen\/arbeitslampen\/fl-6000\/#breadcrumb\"},\"inLanguage\":\"es\",\"potentialAction\":[{\"@type\":\"ReadAction\",\"target\":[\"https:\/\/4k5tools.com\/produkte\/lampen\/arbeitslampen\/fl-6000\/\"]}]},{\"@type\":\"ImageObject\",\"inLanguage\":\"es\",\"@id\":\"https:\/\/4k5tools.com\/produkte\/lampen\/arbeitslampen\/fl-6000\/#primaryimage\",\"url\":\"https:\/\/4k5tools.com\/wp-content\/uploads\/2022\/09\/602.407A_4K5_Produkt.webp\",\"contentUrl\":\"https:\/\/4k5tools.com\/wp-content\/uploads\/2022\/09\/602.407A_4K5_Produkt.webp\",\"width\":1200,\"height\":1200,\"caption\":\"602.407A Arbeitslampe\"},{\"@type\":\"BreadcrumbList\",\"@id\":\"https:\/\/4k5tools.com\/produkte\/lampen\/arbeitslampen\/fl-6000\/#breadcrumb\",\"itemListElement\":[{\"@type\":\"ListItem\",\"position\":1,\"name\":\"START\",\"item\":\"https:\/\/4k5tools.com\/\"},{\"@type\":\"ListItem\",\"position\":2,\"name\":\"PRODUKTE\",\"item\":\"https:\/\/4k5tools.com\/shop\/\"},{\"@type\":\"ListItem\",\"position\":3,\"name\":\"LAMPEN\",\"item\":\"https:\/\/4k5tools.com\/produkt-kategorie\/lampen\/\"},{\"@type\":\"ListItem\",\"position\":4,\"name\":\"ARBEITSLAMPEN\",\"item\":\"https:\/\/4k5tools.com\/produkt-kategorie\/lampen\/arbeitslampen\/\"},{\"@type\":\"ListItem\",\"position\":5,\"name\":\"FL 6000\"}]},{\"@type\":\"WebSite\",\"@id\":\"https:\/\/4k5tools.com\/#website\",\"url\":\"https:\/\/4k5tools.com\/\",\"name\":\"4K5 BETTER EQUIPMENT\",\"description\":\"\",\"publisher\":{\"@id\":\"https:\/\/4k5tools.com\/#organization\"},\"potentialAction\":[{\"@type\":\"SearchAction\",\"target\":{\"@type\":\"EntryPoint\",\"urlTemplate\":\"https:\/\/4k5tools.com\/?s={search_term_string}\"},\"query-input\":{\"@type\":\"PropertyValueSpecification\",\"valueRequired\":true,\"valueName\":\"search_term_string\"}}],\"inLanguage\":\"es\"},{\"@type\":\"Organization\",\"@id\":\"https:\/\/4k5tools.com\/#organization\",\"name\":\"4K5 BETTER EQUIPMENT\",\"url\":\"https:\/\/4k5tools.com\/\",\"logo\":{\"@type\":\"ImageObject\",\"inLanguage\":\"es\",\"@id\":\"https:\/\/4k5tools.com\/#\/schema\/logo\/image\/\",\"url\":\"https:\/\/4k5tools.com\/wp-content\/uploads\/2022\/04\/4K5_Better-Equipment.webp\",\"contentUrl\":\"https:\/\/4k5tools.com\/wp-content\/uploads\/2022\/04\/4K5_Better-Equipment.webp\",\"width\":550,\"height\":200,\"caption\":\"4K5 BETTER EQUIPMENT\"},\"image\":{\"@id\":\"https:\/\/4k5tools.com\/#\/schema\/logo\/image\/\"}}]}<\/script>\n<!-- \/ Yoast SEO plugin. -->","yoast_head_json":{"title":"FL 6000 - 4K5 BETTER EQUIPMENT","robots":{"index":"index","follow":"follow","max-snippet":"max-snippet:-1","max-image-preview":"max-image-preview:large","max-video-preview":"max-video-preview:-1"},"canonical":"https:\/\/4k5tools.com\/es\/produkte\/lampen\/arbeitslampen\/fl-6000\/","og_locale":"es_ES","og_type":"article","og_title":"FL 6000 - 4K5 BETTER EQUIPMENT","og_description":"Blendfreies LED-Flutlicht mit sehr gro\u00dfer Leuchtkraft, gleichm\u00e4\u00dfiger Lichtintensit\u00e4t, breiter Lichtstreuung und zwei Steckdosen, geeignet f\u00fcr den Netzbetrieb   Optimales Ausleuchten durch sehr starkes Flutlicht mit 6000 Lumen  Sehr gleichm\u00e4\u00dfige Lichtintensit\u00e4t und gro\u00dfe Lichtstreuung  Diffuse Scheibe erm\u00f6glicht blendfreies, angenehmes Arbeitslicht  2 Steckdosen an der R\u00fcckseite zum Anschlie\u00dfen von weiteren Arbeitslampen oder anderen elektrischen Werkzeugen  Robustes, schlagfestes Geh\u00e4use  Integrierter Tragegriff zum einfachen Mitnehmen  Flexibel aufstellbar oder fixierbar am Stativ HD T3","og_url":"https:\/\/4k5tools.com\/es\/produkte\/lampen\/arbeitslampen\/fl-6000\/","og_site_name":"4K5 BETTER EQUIPMENT","article_modified_time":"2023-04-20T09:14:45+00:00","og_image":[{"width":1200,"height":1200,"url":"https:\/\/4k5tools.com\/wp-content\/uploads\/2022\/09\/602.407A_4K5_Produkt.webp","type":"image\/webp"}],"twitter_card":"summary_large_image","twitter_misc":{"Tiempo de lectura":"1 minuto"},"schema":{"@context":"https:\/\/schema.org","@graph":[{"@type":"WebPage","@id":"https:\/\/4k5tools.com\/produkte\/lampen\/arbeitslampen\/fl-6000\/","url":"https:\/\/4k5tools.com\/produkte\/lampen\/arbeitslampen\/fl-6000\/","name":"FL 6000 - 4K5 BETTER EQUIPMENT","isPartOf":{"@id":"https:\/\/4k5tools.com\/#website"},"primaryImageOfPage":{"@id":"https:\/\/4k5tools.com\/produkte\/lampen\/arbeitslampen\/fl-6000\/#primaryimage"},"image":{"@id":"https:\/\/4k5tools.com\/produkte\/lampen\/arbeitslampen\/fl-6000\/#primaryimage"},"thumbnailUrl":"https:\/\/4k5tools.com\/wp-content\/uploads\/2022\/09\/602.407A_4K5_Produkt.webp","datePublished":"2022-09-19T10:30:23+00:00","dateModified":"2023-04-20T09:14:45+00:00","breadcrumb":{"@id":"https:\/\/4k5tools.com\/produkte\/lampen\/arbeitslampen\/fl-6000\/#breadcrumb"},"inLanguage":"es","potentialAction":[{"@type":"ReadAction","target":["https:\/\/4k5tools.com\/produkte\/lampen\/arbeitslampen\/fl-6000\/"]}]},{"@type":"ImageObject","inLanguage":"es","@id":"https:\/\/4k5tools.com\/produkte\/lampen\/arbeitslampen\/fl-6000\/#primaryimage","url":"https:\/\/4k5tools.com\/wp-content\/uploads\/2022\/09\/602.407A_4K5_Produkt.webp","contentUrl":"https:\/\/4k5tools.com\/wp-content\/uploads\/2022\/09\/602.407A_4K5_Produkt.webp","width":1200,"height":1200,"caption":"602.407A Arbeitslampe"},{"@type":"BreadcrumbList","@id":"https:\/\/4k5tools.com\/produkte\/lampen\/arbeitslampen\/fl-6000\/#breadcrumb","itemListElement":[{"@type":"ListItem","position":1,"name":"START","item":"https:\/\/4k5tools.com\/"},{"@type":"ListItem","position":2,"name":"PRODUKTE","item":"https:\/\/4k5tools.com\/shop\/"},{"@type":"ListItem","position":3,"name":"LAMPEN","item":"https:\/\/4k5tools.com\/produkt-kategorie\/lampen\/"},{"@type":"ListItem","position":4,"name":"ARBEITSLAMPEN","item":"https:\/\/4k5tools.com\/produkt-kategorie\/lampen\/arbeitslampen\/"},{"@type":"ListItem","position":5,"name":"FL 6000"}]},{"@type":"WebSite","@id":"https:\/\/4k5tools.com\/#website","url":"https:\/\/4k5tools.com\/","name":"4K5 BETTER EQUIPMENT","description":"","publisher":{"@id":"https:\/\/4k5tools.com\/#organization"},"potentialAction":[{"@type":"SearchAction","target":{"@type":"EntryPoint","urlTemplate":"https:\/\/4k5tools.com\/?s={search_term_string}"},"query-input":{"@type":"PropertyValueSpecification","valueRequired":true,"valueName":"search_term_string"}}],"inLanguage":"es"},{"@type":"Organization","@id":"https:\/\/4k5tools.com\/#organization","name":"4K5 BETTER EQUIPMENT","url":"https:\/\/4k5tools.com\/","logo":{"@type":"ImageObject","inLanguage":"es","@id":"https:\/\/4k5tools.com\/#\/schema\/logo\/image\/","url":"https:\/\/4k5tools.com\/wp-content\/uploads\/2022\/04\/4K5_Better-Equipment.webp","contentUrl":"https:\/\/4k5tools.com\/wp-content\/uploads\/2022\/04\/4K5_Better-Equipment.webp","width":550,"height":200,"caption":"4K5 BETTER EQUIPMENT"},"image":{"@id":"https:\/\/4k5tools.com\/#\/schema\/logo\/image\/"}}]}},"_links":{"self":[{"href":"https:\/\/4k5tools.com\/es\/wp-json\/wp\/v2\/product\/2985","targetHints":{"allow":["GET"]}}],"collection":[{"href":"https:\/\/4k5tools.com\/es\/wp-json\/wp\/v2\/product"}],"about":[{"href":"https:\/\/4k5tools.com\/es\/wp-json\/wp\/v2\/types\/product"}],"wp:featuredmedia":[{"embeddable":true,"href":"https:\/\/4k5tools.com\/es\/wp-json\/wp\/v2\/media\/2979"}],"wp:attachment":[{"href":"https:\/\/4k5tools.com\/es\/wp-json\/wp\/v2\/media?parent=2985"}],"wp:term":[{"taxonomy":"product_brand","embeddable":true,"href":"https:\/\/4k5tools.com\/es\/wp-json\/wp\/v2\/product_brand?post=2985"},{"taxonomy":"product_cat","embeddable":true,"href":"https:\/\/4k5tools.com\/es\/wp-json\/wp\/v2\/product_cat?post=2985"},{"taxonomy":"product_tag","embeddable":true,"href":"https:\/\/4k5tools.com\/es\/wp-json\/wp\/v2\/product_tag?post=2985"}],"curies":[{"name":"wp","href":"https:\/\/api.w.org\/{rel}","templated":true}]}}