{"id":4689,"date":"2024-01-26T12:12:56","date_gmt":"2024-01-26T11:12:56","guid":{"rendered":"https:\/\/4k5tools.com\/produkte\/unkategorisiert\/uk\/"},"modified":"2026-03-04T08:12:02","modified_gmt":"2026-03-04T07:12:02","slug":"uk","status":"publish","type":"product","link":"https:\/\/4k5tools.com\/es\/produkte\/messer-und-werkzeuge\/cuttermesser\/uk\/","title":{"rendered":"UK"},"content":{"rendered":"<p>Este c\u00fater de seguridad ligero y robusto tiene cuchillas trapezoidales reemplazables extremadamente afiladas fabricadas en acero SK 2 de alta calidad y duradero con revestimiento de carbono. Incluso los materiales m\u00e1s duros pueden cortarse con facilidad y dispone de tres posiciones de bloqueo en funci\u00f3n de las necesidades. El cuchillo de corte ofrece un alto nivel de seguridad en el trabajo y es c\u00f3modo de usar gracias a su carcasa ergon\u00f3mica fabricada en una combinaci\u00f3n de aluminio-ABS y al apoyo antideslizante para el pulgar. Las cuchillas de repuesto se guardan de forma \u00f3ptima en el cargador de cuchillas integrado y pueden cambiarse r\u00e1pidamente sin necesidad de herramientas.<\/p>","protected":false},"excerpt":{"rendered":"<p>Ligero y resistente c\u00fater de seguridad con cuchillas trapezoidales, cortador de cinta y cargador de cuchillas integrado<\/p>\n<ul title=\"\">\n<li title=\"\"><span title=\"\">Enorme cuchilla trapezoidal afilada de acero SK 2 muy duradero y de alta calidad con revestimiento de carbono<\/span><\/li>\n<li title=\"\"><span title=\"\">Corte fuerte incluso de materiales resistentes<\/span><\/li>\n<li title=\"\"><span title=\"\">3 posiciones de extensi\u00f3n de la hoja (larga\/media\/corta) para adaptarse a cada necesidad<\/span><\/li>\n<li title=\"\"><span title=\"\">Elevada seguridad en el trabajo y comodidad en el uso<\/span><\/li>\n<li title=\"\"><span title=\"\">R\u00e1pido cambio de la cuchilla sin necesidad de herramientas<\/span><\/li>\n<li title=\"\"><span title=\"\"> \u00d3ptima conservaci\u00f3n de las cuchillas de repuesto en el cargador incorporado <\/span><\/li>\n<li title=\"\"><span title=\"\">Cortador de cinta como ayudante<\/span><\/li>\n<li title=\"\"><span title=\"\">Formato ergon\u00f3mico y apoyo antideslizante para el pulgar <\/span><\/li>\n<li title=\"\"><span title=\"\">Carcasa ligera y robusta fabricada con una combinaci\u00f3n de aluminio y ABS<\/span><\/li>\n<li title=\"\"><span title=\"\">Pr\u00e1ctica argolla para lazo incorporada<\/span><\/li>\n<li title=\"\"><span title=\"\">3 cuchillas incluidas en el volumen de suministro<\/span><\/li>\n<\/ul>","protected":false},"featured_media":4743,"template":"","meta":{"ocean_post_layout":"","ocean_both_sidebars_style":"","ocean_both_sidebars_content_width":0,"ocean_both_sidebars_sidebars_width":0,"ocean_sidebar":"0","ocean_second_sidebar":"0","ocean_disable_margins":"enable","ocean_add_body_class":"","ocean_shortcode_before_top_bar":"","ocean_shortcode_after_top_bar":"","ocean_shortcode_before_header":"","ocean_shortcode_after_header":"","ocean_has_shortcode":"","ocean_shortcode_after_title":"","ocean_shortcode_before_footer_widgets":"","ocean_shortcode_after_footer_widgets":"","ocean_shortcode_before_footer_bottom":"","ocean_shortcode_after_footer_bottom":"","ocean_display_top_bar":"default","ocean_display_header":"default","ocean_header_style":"","ocean_center_header_left_menu":"0","ocean_custom_header_template":"0","ocean_custom_logo":0,"ocean_custom_retina_logo":0,"ocean_custom_logo_max_width":0,"ocean_custom_logo_tablet_max_width":0,"ocean_custom_logo_mobile_max_width":0,"ocean_custom_logo_max_height":0,"ocean_custom_logo_tablet_max_height":0,"ocean_custom_logo_mobile_max_height":0,"ocean_header_custom_menu":"0","ocean_menu_typo_font_family":"0","ocean_menu_typo_font_subset":"","ocean_menu_typo_font_size":0,"ocean_menu_typo_font_size_tablet":0,"ocean_menu_typo_font_size_mobile":0,"ocean_menu_typo_font_size_unit":"px","ocean_menu_typo_font_weight":"","ocean_menu_typo_font_weight_tablet":"","ocean_menu_typo_font_weight_mobile":"","ocean_menu_typo_transform":"","ocean_menu_typo_transform_tablet":"","ocean_menu_typo_transform_mobile":"","ocean_menu_typo_line_height":0,"ocean_menu_typo_line_height_tablet":0,"ocean_menu_typo_line_height_mobile":0,"ocean_menu_typo_line_height_unit":"","ocean_menu_typo_spacing":0,"ocean_menu_typo_spacing_tablet":0,"ocean_menu_typo_spacing_mobile":0,"ocean_menu_typo_spacing_unit":"","ocean_menu_link_color":"","ocean_menu_link_color_hover":"","ocean_menu_link_color_active":"","ocean_menu_link_background":"","ocean_menu_link_hover_background":"","ocean_menu_link_active_background":"","ocean_menu_social_links_bg":"","ocean_menu_social_hover_links_bg":"","ocean_menu_social_links_color":"","ocean_menu_social_hover_links_color":"","ocean_disable_title":"default","ocean_disable_heading":"default","ocean_post_title":"","ocean_post_subheading":"","ocean_post_title_style":"","ocean_post_title_background_color":"","ocean_post_title_background":0,"ocean_post_title_bg_image_position":"","ocean_post_title_bg_image_attachment":"","ocean_post_title_bg_image_repeat":"","ocean_post_title_bg_image_size":"","ocean_post_title_height":0,"ocean_post_title_bg_overlay":0.5,"ocean_post_title_bg_overlay_color":"","ocean_disable_breadcrumbs":"default","ocean_breadcrumbs_color":"","ocean_breadcrumbs_separator_color":"","ocean_breadcrumbs_links_color":"","ocean_breadcrumbs_links_hover_color":"","ocean_display_footer_widgets":"default","ocean_display_footer_bottom":"default","ocean_custom_footer_template":"0"},"product_brand":[],"product_cat":[48,52],"product_tag":[],"class_list":{"0":"post-4689","1":"product","2":"type-product","3":"status-publish","4":"has-post-thumbnail","6":"product_cat-messer-und-werkzeuge","7":"product_cat-cuttermesser","9":"entry","10":"has-media","12":"first","13":"instock","14":"shipping-taxable","15":"product-type-simple","16":"has-product-nav","17":"col","18":"span_1_of_3","19":"owp-content-center","20":"owp-thumbs-layout-horizontal","21":"owp-btn-normal","22":"owp-tabs-layout-horizontal"},"yoast_head":"<!-- This site is optimized with the Yoast SEO plugin v27.0 - https:\/\/yoast.com\/product\/yoast-seo-wordpress\/ -->\n<title>UK - 4K5 BETTER EQUIPMENT<\/title>\n<meta name=\"robots\" content=\"index, follow, max-snippet:-1, max-image-preview:large, max-video-preview:-1\" \/>\n<link rel=\"canonical\" href=\"https:\/\/4k5tools.com\/es\/produkte\/messer-und-werkzeuge\/cuttermesser\/uk\/\" \/>\n<meta property=\"og:locale\" content=\"es_ES\" \/>\n<meta property=\"og:type\" content=\"article\" \/>\n<meta property=\"og:title\" content=\"UK - 4K5 BETTER EQUIPMENT\" \/>\n<meta property=\"og:description\" content=\"Leichtes und stabiles Sicherheits-Cuttermesser mit Trapezklingen, Bandschneider und integriertem Klingenmagazin   Enorm scharfe, austauschbare Trapezklinge aus hochwertigem und langlebigen SK 2 Stahl mit Carbon-Beschichtung  Kraftvoller Schnitt selbst durch widerstandsf\u00e4hige Materialien  3 Auszugpositionen der Klinge (lang\/mittel\/kurz) passend zur jeweiligen Anforderung  Hohe Arbeitssicherheit und komfortable Anwendung  Schnelles Wechseln der Klinge ohne Werkzeugeinsatz   Optimale Aufbewahrung der Ersatzklingen im integrierten Klingenmagazin   Bandschneider als Helfer  Ergonomische Bauform und rutschfeste Daumenauflage   Leichtes und robustes Geh\u00e4use aus einer Aluminium-ABS-Kombination  Praktische eingebaute Fangriemen\u00f6se  3 Klingen im Lieferumfang enthalten\" \/>\n<meta property=\"og:url\" content=\"https:\/\/4k5tools.com\/es\/produkte\/messer-und-werkzeuge\/cuttermesser\/uk\/\" \/>\n<meta property=\"og:site_name\" content=\"4K5 BETTER EQUIPMENT\" \/>\n<meta property=\"article:modified_time\" content=\"2026-03-04T07:12:02+00:00\" \/>\n<meta property=\"og:image\" content=\"https:\/\/4k5tools.com\/wp-content\/uploads\/2024\/01\/600.316-Messer-4K5-Perspektive.webp\" \/>\n\t<meta property=\"og:image:width\" content=\"1300\" \/>\n\t<meta property=\"og:image:height\" content=\"1300\" \/>\n\t<meta property=\"og:image:type\" content=\"image\/webp\" \/>\n<meta name=\"twitter:card\" content=\"summary_large_image\" \/>\n<meta name=\"twitter:label1\" content=\"Tiempo de lectura\" \/>\n\t<meta name=\"twitter:data1\" content=\"1 minuto\" \/>\n<script type=\"application\/ld+json\" class=\"yoast-schema-graph\">{\"@context\":\"https:\/\/schema.org\",\"@graph\":[{\"@type\":\"WebPage\",\"@id\":\"https:\/\/4k5tools.com\/produkte\/messer-und-werkzeuge\/cuttermesser\/uk\/\",\"url\":\"https:\/\/4k5tools.com\/produkte\/messer-und-werkzeuge\/cuttermesser\/uk\/\",\"name\":\"UK - 4K5 BETTER EQUIPMENT\",\"isPartOf\":{\"@id\":\"https:\/\/4k5tools.com\/#website\"},\"primaryImageOfPage\":{\"@id\":\"https:\/\/4k5tools.com\/produkte\/messer-und-werkzeuge\/cuttermesser\/uk\/#primaryimage\"},\"image\":{\"@id\":\"https:\/\/4k5tools.com\/produkte\/messer-und-werkzeuge\/cuttermesser\/uk\/#primaryimage\"},\"thumbnailUrl\":\"https:\/\/4k5tools.com\/wp-content\/uploads\/2024\/01\/600.316-Messer-4K5-Perspektive.webp\",\"datePublished\":\"2024-01-26T11:12:56+00:00\",\"dateModified\":\"2026-03-04T07:12:02+00:00\",\"breadcrumb\":{\"@id\":\"https:\/\/4k5tools.com\/produkte\/messer-und-werkzeuge\/cuttermesser\/uk\/#breadcrumb\"},\"inLanguage\":\"es\",\"potentialAction\":[{\"@type\":\"ReadAction\",\"target\":[\"https:\/\/4k5tools.com\/produkte\/messer-und-werkzeuge\/cuttermesser\/uk\/\"]}]},{\"@type\":\"ImageObject\",\"inLanguage\":\"es\",\"@id\":\"https:\/\/4k5tools.com\/produkte\/messer-und-werkzeuge\/cuttermesser\/uk\/#primaryimage\",\"url\":\"https:\/\/4k5tools.com\/wp-content\/uploads\/2024\/01\/600.316-Messer-4K5-Perspektive.webp\",\"contentUrl\":\"https:\/\/4k5tools.com\/wp-content\/uploads\/2024\/01\/600.316-Messer-4K5-Perspektive.webp\",\"width\":1300,\"height\":1300,\"caption\":\"UK Cuttermesser\"},{\"@type\":\"BreadcrumbList\",\"@id\":\"https:\/\/4k5tools.com\/produkte\/messer-und-werkzeuge\/cuttermesser\/uk\/#breadcrumb\",\"itemListElement\":[{\"@type\":\"ListItem\",\"position\":1,\"name\":\"START\",\"item\":\"https:\/\/4k5tools.com\/\"},{\"@type\":\"ListItem\",\"position\":2,\"name\":\"PRODUKTE\",\"item\":\"https:\/\/4k5tools.com\/shop\/\"},{\"@type\":\"ListItem\",\"position\":3,\"name\":\"MESSER UND WERKZEUGE\",\"item\":\"https:\/\/4k5tools.com\/produkt-kategorie\/messer-und-werkzeuge\/\"},{\"@type\":\"ListItem\",\"position\":4,\"name\":\"UK\"}]},{\"@type\":\"WebSite\",\"@id\":\"https:\/\/4k5tools.com\/#website\",\"url\":\"https:\/\/4k5tools.com\/\",\"name\":\"4K5 BETTER EQUIPMENT\",\"description\":\"\",\"publisher\":{\"@id\":\"https:\/\/4k5tools.com\/#organization\"},\"potentialAction\":[{\"@type\":\"SearchAction\",\"target\":{\"@type\":\"EntryPoint\",\"urlTemplate\":\"https:\/\/4k5tools.com\/?s={search_term_string}\"},\"query-input\":{\"@type\":\"PropertyValueSpecification\",\"valueRequired\":true,\"valueName\":\"search_term_string\"}}],\"inLanguage\":\"es\"},{\"@type\":\"Organization\",\"@id\":\"https:\/\/4k5tools.com\/#organization\",\"name\":\"4K5 BETTER EQUIPMENT\",\"url\":\"https:\/\/4k5tools.com\/\",\"logo\":{\"@type\":\"ImageObject\",\"inLanguage\":\"es\",\"@id\":\"https:\/\/4k5tools.com\/#\/schema\/logo\/image\/\",\"url\":\"https:\/\/4k5tools.com\/wp-content\/uploads\/2022\/04\/4K5_Better-Equipment.webp\",\"contentUrl\":\"https:\/\/4k5tools.com\/wp-content\/uploads\/2022\/04\/4K5_Better-Equipment.webp\",\"width\":550,\"height\":200,\"caption\":\"4K5 BETTER EQUIPMENT\"},\"image\":{\"@id\":\"https:\/\/4k5tools.com\/#\/schema\/logo\/image\/\"}}]}<\/script>\n<!-- \/ Yoast SEO plugin. -->","yoast_head_json":{"title":"UK - 4K5 BETTER EQUIPMENT","robots":{"index":"index","follow":"follow","max-snippet":"max-snippet:-1","max-image-preview":"max-image-preview:large","max-video-preview":"max-video-preview:-1"},"canonical":"https:\/\/4k5tools.com\/es\/produkte\/messer-und-werkzeuge\/cuttermesser\/uk\/","og_locale":"es_ES","og_type":"article","og_title":"UK - 4K5 BETTER EQUIPMENT","og_description":"Leichtes und stabiles Sicherheits-Cuttermesser mit Trapezklingen, Bandschneider und integriertem Klingenmagazin   Enorm scharfe, austauschbare Trapezklinge aus hochwertigem und langlebigen SK 2 Stahl mit Carbon-Beschichtung  Kraftvoller Schnitt selbst durch widerstandsf\u00e4hige Materialien  3 Auszugpositionen der Klinge (lang\/mittel\/kurz) passend zur jeweiligen Anforderung  Hohe Arbeitssicherheit und komfortable Anwendung  Schnelles Wechseln der Klinge ohne Werkzeugeinsatz   Optimale Aufbewahrung der Ersatzklingen im integrierten Klingenmagazin   Bandschneider als Helfer  Ergonomische Bauform und rutschfeste Daumenauflage   Leichtes und robustes Geh\u00e4use aus einer Aluminium-ABS-Kombination  Praktische eingebaute Fangriemen\u00f6se  3 Klingen im Lieferumfang enthalten","og_url":"https:\/\/4k5tools.com\/es\/produkte\/messer-und-werkzeuge\/cuttermesser\/uk\/","og_site_name":"4K5 BETTER EQUIPMENT","article_modified_time":"2026-03-04T07:12:02+00:00","og_image":[{"width":1300,"height":1300,"url":"https:\/\/4k5tools.com\/wp-content\/uploads\/2024\/01\/600.316-Messer-4K5-Perspektive.webp","type":"image\/webp"}],"twitter_card":"summary_large_image","twitter_misc":{"Tiempo de lectura":"1 minuto"},"schema":{"@context":"https:\/\/schema.org","@graph":[{"@type":"WebPage","@id":"https:\/\/4k5tools.com\/produkte\/messer-und-werkzeuge\/cuttermesser\/uk\/","url":"https:\/\/4k5tools.com\/produkte\/messer-und-werkzeuge\/cuttermesser\/uk\/","name":"UK - 4K5 BETTER EQUIPMENT","isPartOf":{"@id":"https:\/\/4k5tools.com\/#website"},"primaryImageOfPage":{"@id":"https:\/\/4k5tools.com\/produkte\/messer-und-werkzeuge\/cuttermesser\/uk\/#primaryimage"},"image":{"@id":"https:\/\/4k5tools.com\/produkte\/messer-und-werkzeuge\/cuttermesser\/uk\/#primaryimage"},"thumbnailUrl":"https:\/\/4k5tools.com\/wp-content\/uploads\/2024\/01\/600.316-Messer-4K5-Perspektive.webp","datePublished":"2024-01-26T11:12:56+00:00","dateModified":"2026-03-04T07:12:02+00:00","breadcrumb":{"@id":"https:\/\/4k5tools.com\/produkte\/messer-und-werkzeuge\/cuttermesser\/uk\/#breadcrumb"},"inLanguage":"es","potentialAction":[{"@type":"ReadAction","target":["https:\/\/4k5tools.com\/produkte\/messer-und-werkzeuge\/cuttermesser\/uk\/"]}]},{"@type":"ImageObject","inLanguage":"es","@id":"https:\/\/4k5tools.com\/produkte\/messer-und-werkzeuge\/cuttermesser\/uk\/#primaryimage","url":"https:\/\/4k5tools.com\/wp-content\/uploads\/2024\/01\/600.316-Messer-4K5-Perspektive.webp","contentUrl":"https:\/\/4k5tools.com\/wp-content\/uploads\/2024\/01\/600.316-Messer-4K5-Perspektive.webp","width":1300,"height":1300,"caption":"UK Cuttermesser"},{"@type":"BreadcrumbList","@id":"https:\/\/4k5tools.com\/produkte\/messer-und-werkzeuge\/cuttermesser\/uk\/#breadcrumb","itemListElement":[{"@type":"ListItem","position":1,"name":"START","item":"https:\/\/4k5tools.com\/"},{"@type":"ListItem","position":2,"name":"PRODUKTE","item":"https:\/\/4k5tools.com\/shop\/"},{"@type":"ListItem","position":3,"name":"MESSER UND WERKZEUGE","item":"https:\/\/4k5tools.com\/produkt-kategorie\/messer-und-werkzeuge\/"},{"@type":"ListItem","position":4,"name":"UK"}]},{"@type":"WebSite","@id":"https:\/\/4k5tools.com\/#website","url":"https:\/\/4k5tools.com\/","name":"4K5 BETTER EQUIPMENT","description":"","publisher":{"@id":"https:\/\/4k5tools.com\/#organization"},"potentialAction":[{"@type":"SearchAction","target":{"@type":"EntryPoint","urlTemplate":"https:\/\/4k5tools.com\/?s={search_term_string}"},"query-input":{"@type":"PropertyValueSpecification","valueRequired":true,"valueName":"search_term_string"}}],"inLanguage":"es"},{"@type":"Organization","@id":"https:\/\/4k5tools.com\/#organization","name":"4K5 BETTER EQUIPMENT","url":"https:\/\/4k5tools.com\/","logo":{"@type":"ImageObject","inLanguage":"es","@id":"https:\/\/4k5tools.com\/#\/schema\/logo\/image\/","url":"https:\/\/4k5tools.com\/wp-content\/uploads\/2022\/04\/4K5_Better-Equipment.webp","contentUrl":"https:\/\/4k5tools.com\/wp-content\/uploads\/2022\/04\/4K5_Better-Equipment.webp","width":550,"height":200,"caption":"4K5 BETTER EQUIPMENT"},"image":{"@id":"https:\/\/4k5tools.com\/#\/schema\/logo\/image\/"}}]}},"_links":{"self":[{"href":"https:\/\/4k5tools.com\/es\/wp-json\/wp\/v2\/product\/4689","targetHints":{"allow":["GET"]}}],"collection":[{"href":"https:\/\/4k5tools.com\/es\/wp-json\/wp\/v2\/product"}],"about":[{"href":"https:\/\/4k5tools.com\/es\/wp-json\/wp\/v2\/types\/product"}],"wp:featuredmedia":[{"embeddable":true,"href":"https:\/\/4k5tools.com\/es\/wp-json\/wp\/v2\/media\/4743"}],"wp:attachment":[{"href":"https:\/\/4k5tools.com\/es\/wp-json\/wp\/v2\/media?parent=4689"}],"wp:term":[{"taxonomy":"product_brand","embeddable":true,"href":"https:\/\/4k5tools.com\/es\/wp-json\/wp\/v2\/product_brand?post=4689"},{"taxonomy":"product_cat","embeddable":true,"href":"https:\/\/4k5tools.com\/es\/wp-json\/wp\/v2\/product_cat?post=4689"},{"taxonomy":"product_tag","embeddable":true,"href":"https:\/\/4k5tools.com\/es\/wp-json\/wp\/v2\/product_tag?post=4689"}],"curies":[{"name":"wp","href":"https:\/\/api.w.org\/{rel}","templated":true}]}}