{"id":4690,"date":"2024-01-26T12:12:56","date_gmt":"2024-01-26T11:12:56","guid":{"rendered":"https:\/\/4k5tools.com\/produkte\/unkategorisiert\/tkx-310\/"},"modified":"2026-03-04T08:05:01","modified_gmt":"2026-03-04T07:05:01","slug":"tkx-310","status":"publish","type":"product","link":"https:\/\/4k5tools.com\/es\/produkte\/messer-und-werkzeuge\/cuttermesser\/tkx-310\/","title":{"rendered":"TKX 310"},"content":{"rendered":"<p>Esta navaja multifuncional impresiona por sus hojas trapezoidales extremadamente afiladas y recambiables de acero SK 4 de alta calidad y durabilidad. El soporte integrado para puntas hexagonales con el tama\u00f1o m\u00e1s com\u00fan (\u00bc pulgada\/6,35 mm) y puntas para tornillos Phillips y ranurados convierten a esta navaja plegable en un ayudante flexible para una amplia gama de tareas de trabajo. Las posiciones ajustables de 45\u00b0 y 90\u00b0 de la hoja para adaptarse a necesidades espec\u00edficas aumentan la precisi\u00f3n y garantizan un buen control de la profundidad de corte. La carcasa de aleaci\u00f3n de zinc, ligera y muy robusta, dispone de un apoyo para el pulgar que permite guiarse con seguridad durante el proceso de corte. El bloqueo de bot\u00f3n mantiene la cuchilla en posici\u00f3n abierta de forma fiable. Las cuchillas de repuesto se guardan en el cargador de cuchillas integrado y pueden cambiarse r\u00e1pidamente sin necesidad de herramientas.<\/p>","protected":false},"excerpt":{"rendered":"<p>Navaja plegable multifuncional con cuchillas trapezoidales intercambiables, cargador de cuchillas integrado, soporte de puntas y puntas<\/p>\n<ul title=\"\">\n<li title=\"\"><span title=\"\">Cuchilla trapezoidal ultra afilada y recambiable de acero SK 4 de alta calidad y durabilidad<\/span><\/li>\n<li title=\"\"><span title=\"\">STANDARD NORM ADAPTER: El soporte de punta hexagonal integrado con la medida m\u00e1s com\u00fan (\u00bc in\/6,35 mm) y las puntas para tornillos en cruz y ranurados aumentan la flexibilidad<\/span><\/li>\n<li title=\"\"><span title=\"\">Posiciones de la cuchilla ajustables a 45\u00b0 y 90\u00b0 para adaptarse a requisitos espec\u00edficos, mayor precisi\u00f3n y control de la profundidad de corte<\/span><\/li>\n<li title=\"\"><span title=\"\">Carcasa de aleaci\u00f3n de zinc ligera y extremadamente resistente<\/span><\/li>\n<li title=\"\"><span title=\"\"> \u00d3ptima conservaci\u00f3n de las cuchillas de repuesto en el cargador incorporado <\/span><\/li>\n<li title=\"\"><span title=\"\">El bloqueo Button-Lock mantiene la cuchilla en la posici\u00f3n abierta<\/span><\/li>\n<li title=\"\"><span title=\"\">Cortador de cinta como ayudante<\/span><\/li>\n<li>R\u00e1pido cambio de la cuchilla sin necesidad de herramientas<\/li>\n<li title=\"\"><span title=\"\">Ideal para cortar placas de yeso o atornillar tornillos<\/span><\/li>\n<li title=\"\"><span title=\"\">Tama\u00f1o compacto f\u00e1cil de guardar en el bolsillo del pantal\u00f3n<\/span><\/li>\n<li title=\"\"><span title=\"\">F\u00e1cil fijaci\u00f3n con clip para cintur\u00f3n<\/span><\/li>\n<li title=\"\"><span title=\"\">3 cuchillas incluidas en el volumen de suministro<\/span><\/li>\n<\/ul>","protected":false},"featured_media":4724,"template":"","meta":{"ocean_post_layout":"","ocean_both_sidebars_style":"","ocean_both_sidebars_content_width":0,"ocean_both_sidebars_sidebars_width":0,"ocean_sidebar":"0","ocean_second_sidebar":"0","ocean_disable_margins":"enable","ocean_add_body_class":"","ocean_shortcode_before_top_bar":"","ocean_shortcode_after_top_bar":"","ocean_shortcode_before_header":"","ocean_shortcode_after_header":"","ocean_has_shortcode":"","ocean_shortcode_after_title":"","ocean_shortcode_before_footer_widgets":"","ocean_shortcode_after_footer_widgets":"","ocean_shortcode_before_footer_bottom":"","ocean_shortcode_after_footer_bottom":"","ocean_display_top_bar":"default","ocean_display_header":"default","ocean_header_style":"","ocean_center_header_left_menu":"0","ocean_custom_header_template":"0","ocean_custom_logo":0,"ocean_custom_retina_logo":0,"ocean_custom_logo_max_width":0,"ocean_custom_logo_tablet_max_width":0,"ocean_custom_logo_mobile_max_width":0,"ocean_custom_logo_max_height":0,"ocean_custom_logo_tablet_max_height":0,"ocean_custom_logo_mobile_max_height":0,"ocean_header_custom_menu":"0","ocean_menu_typo_font_family":"0","ocean_menu_typo_font_subset":"","ocean_menu_typo_font_size":0,"ocean_menu_typo_font_size_tablet":0,"ocean_menu_typo_font_size_mobile":0,"ocean_menu_typo_font_size_unit":"px","ocean_menu_typo_font_weight":"","ocean_menu_typo_font_weight_tablet":"","ocean_menu_typo_font_weight_mobile":"","ocean_menu_typo_transform":"","ocean_menu_typo_transform_tablet":"","ocean_menu_typo_transform_mobile":"","ocean_menu_typo_line_height":0,"ocean_menu_typo_line_height_tablet":0,"ocean_menu_typo_line_height_mobile":0,"ocean_menu_typo_line_height_unit":"","ocean_menu_typo_spacing":0,"ocean_menu_typo_spacing_tablet":0,"ocean_menu_typo_spacing_mobile":0,"ocean_menu_typo_spacing_unit":"","ocean_menu_link_color":"","ocean_menu_link_color_hover":"","ocean_menu_link_color_active":"","ocean_menu_link_background":"","ocean_menu_link_hover_background":"","ocean_menu_link_active_background":"","ocean_menu_social_links_bg":"","ocean_menu_social_hover_links_bg":"","ocean_menu_social_links_color":"","ocean_menu_social_hover_links_color":"","ocean_disable_title":"default","ocean_disable_heading":"default","ocean_post_title":"","ocean_post_subheading":"","ocean_post_title_style":"","ocean_post_title_background_color":"","ocean_post_title_background":0,"ocean_post_title_bg_image_position":"","ocean_post_title_bg_image_attachment":"","ocean_post_title_bg_image_repeat":"","ocean_post_title_bg_image_size":"","ocean_post_title_height":0,"ocean_post_title_bg_overlay":0.5,"ocean_post_title_bg_overlay_color":"","ocean_disable_breadcrumbs":"default","ocean_breadcrumbs_color":"","ocean_breadcrumbs_separator_color":"","ocean_breadcrumbs_links_color":"","ocean_breadcrumbs_links_hover_color":"","ocean_display_footer_widgets":"default","ocean_display_footer_bottom":"default","ocean_custom_footer_template":"0"},"product_brand":[],"product_cat":[52,48],"product_tag":[],"class_list":{"0":"post-4690","1":"product","2":"type-product","3":"status-publish","4":"has-post-thumbnail","6":"product_cat-cuttermesser","7":"product_cat-messer-und-werkzeuge","9":"entry","10":"has-media","12":"first","13":"instock","14":"shipping-taxable","15":"product-type-simple","16":"has-product-nav","17":"col","18":"span_1_of_3","19":"owp-content-center","20":"owp-thumbs-layout-horizontal","21":"owp-btn-normal","22":"owp-tabs-layout-horizontal"},"yoast_head":"<!-- This site is optimized with the Yoast SEO plugin v27.3 - https:\/\/yoast.com\/product\/yoast-seo-wordpress\/ -->\n<title>TKX 310 - 4K5 BETTER EQUIPMENT<\/title>\n<meta name=\"robots\" content=\"index, follow, max-snippet:-1, max-image-preview:large, max-video-preview:-1\" \/>\n<link rel=\"canonical\" href=\"https:\/\/4k5tools.com\/es\/produkte\/messer-und-werkzeuge\/cuttermesser\/tkx-310\/\" \/>\n<meta property=\"og:locale\" content=\"es_ES\" \/>\n<meta property=\"og:type\" content=\"article\" \/>\n<meta property=\"og:title\" content=\"TKX 310 - 4K5 BETTER EQUIPMENT\" \/>\n<meta property=\"og:description\" content=\"Multifunktionales Klappmesser mit austauschbaren Trapezklingen, integriertem Klingenmagazin, Bit-Halter und Bits   Ultra scharfe, auswechselbare Trapezklinge aus hochwertigem und widerstandsf\u00e4higen SK 4 Stahl  STANDARD NORM ADAPTER: Integrierter Bithalter\u2013Sechskant mit dem g\u00e4ngigsten Ma\u00df (\u00bc Zoll\/6,35 mm) und Bits f\u00fcr Kreuz- und Schlitzschrauben erh\u00f6hen die Flexibilit\u00e4t  Einstellbare 45\u00b0- und 90\u00b0-Positionen der Klinge zur Anpassung an spezifische Anforderungen, erh\u00f6hte Pr\u00e4zision und Kontrolle \u00fcber die Schnitttiefe  Leichtes und extrem robustes Geh\u00e4use aus Zink-Legierung   Optimale Aufbewahrung der Ersatzklingen im integrierten Klingenmagazin   Button-Lock-Verriegelung h\u00e4lt die Klinge in ge\u00f6ffneter Position  Bandschneider als Helfer  Schnelles Wechseln der Klinge ohne Werkzeugeinsatz  Ideal zum Gipskarton schneiden oder Schrauben reindrehen  Leicht in der Hosentasche zu verstauen durch kompakte Gr\u00f6\u00dfe  Einfache Befestigung mit G\u00fcrtelclip  3 Klingen im Lieferumfang enthalten\" \/>\n<meta property=\"og:url\" content=\"https:\/\/4k5tools.com\/es\/produkte\/messer-und-werkzeuge\/cuttermesser\/tkx-310\/\" \/>\n<meta property=\"og:site_name\" content=\"4K5 BETTER EQUIPMENT\" \/>\n<meta property=\"article:modified_time\" content=\"2026-03-04T07:05:01+00:00\" \/>\n<meta property=\"og:image\" content=\"https:\/\/4k5tools.com\/wp-content\/uploads\/2024\/01\/600.310A-Messer-4K5-Perspektive.webp\" \/>\n\t<meta property=\"og:image:width\" content=\"1300\" \/>\n\t<meta property=\"og:image:height\" content=\"1300\" \/>\n\t<meta property=\"og:image:type\" content=\"image\/webp\" \/>\n<meta name=\"twitter:card\" content=\"summary_large_image\" \/>\n<meta name=\"twitter:label1\" content=\"Tiempo de lectura\" \/>\n\t<meta name=\"twitter:data1\" content=\"1 minuto\" \/>\n<script type=\"application\/ld+json\" class=\"yoast-schema-graph\">{\"@context\":\"https:\\\/\\\/schema.org\",\"@graph\":[{\"@type\":\"WebPage\",\"@id\":\"https:\\\/\\\/4k5tools.com\\\/produkte\\\/messer-und-werkzeuge\\\/cuttermesser\\\/tkx-310\\\/\",\"url\":\"https:\\\/\\\/4k5tools.com\\\/produkte\\\/messer-und-werkzeuge\\\/cuttermesser\\\/tkx-310\\\/\",\"name\":\"TKX 310 - 4K5 BETTER EQUIPMENT\",\"isPartOf\":{\"@id\":\"https:\\\/\\\/4k5tools.com\\\/#website\"},\"primaryImageOfPage\":{\"@id\":\"https:\\\/\\\/4k5tools.com\\\/produkte\\\/messer-und-werkzeuge\\\/cuttermesser\\\/tkx-310\\\/#primaryimage\"},\"image\":{\"@id\":\"https:\\\/\\\/4k5tools.com\\\/produkte\\\/messer-und-werkzeuge\\\/cuttermesser\\\/tkx-310\\\/#primaryimage\"},\"thumbnailUrl\":\"https:\\\/\\\/4k5tools.com\\\/wp-content\\\/uploads\\\/2024\\\/01\\\/600.310A-Messer-4K5-Perspektive.webp\",\"datePublished\":\"2024-01-26T11:12:56+00:00\",\"dateModified\":\"2026-03-04T07:05:01+00:00\",\"breadcrumb\":{\"@id\":\"https:\\\/\\\/4k5tools.com\\\/produkte\\\/messer-und-werkzeuge\\\/cuttermesser\\\/tkx-310\\\/#breadcrumb\"},\"inLanguage\":\"es\",\"potentialAction\":[{\"@type\":\"ReadAction\",\"target\":[\"https:\\\/\\\/4k5tools.com\\\/produkte\\\/messer-und-werkzeuge\\\/cuttermesser\\\/tkx-310\\\/\"]}]},{\"@type\":\"ImageObject\",\"inLanguage\":\"es\",\"@id\":\"https:\\\/\\\/4k5tools.com\\\/produkte\\\/messer-und-werkzeuge\\\/cuttermesser\\\/tkx-310\\\/#primaryimage\",\"url\":\"https:\\\/\\\/4k5tools.com\\\/wp-content\\\/uploads\\\/2024\\\/01\\\/600.310A-Messer-4K5-Perspektive.webp\",\"contentUrl\":\"https:\\\/\\\/4k5tools.com\\\/wp-content\\\/uploads\\\/2024\\\/01\\\/600.310A-Messer-4K5-Perspektive.webp\",\"width\":1300,\"height\":1300,\"caption\":\"TKX 310 Cuttermesser\"},{\"@type\":\"BreadcrumbList\",\"@id\":\"https:\\\/\\\/4k5tools.com\\\/produkte\\\/messer-und-werkzeuge\\\/cuttermesser\\\/tkx-310\\\/#breadcrumb\",\"itemListElement\":[{\"@type\":\"ListItem\",\"position\":1,\"name\":\"START\",\"item\":\"https:\\\/\\\/4k5tools.com\\\/\"},{\"@type\":\"ListItem\",\"position\":2,\"name\":\"PRODUKTE\",\"item\":\"https:\\\/\\\/4k5tools.com\\\/shop\\\/\"},{\"@type\":\"ListItem\",\"position\":3,\"name\":\"MESSER UND WERKZEUGE\",\"item\":\"https:\\\/\\\/4k5tools.com\\\/produkt-kategorie\\\/messer-und-werkzeuge\\\/\"},{\"@type\":\"ListItem\",\"position\":4,\"name\":\"TKX 310\"}]},{\"@type\":\"WebSite\",\"@id\":\"https:\\\/\\\/4k5tools.com\\\/#website\",\"url\":\"https:\\\/\\\/4k5tools.com\\\/\",\"name\":\"4K5 BETTER EQUIPMENT\",\"description\":\"\",\"publisher\":{\"@id\":\"https:\\\/\\\/4k5tools.com\\\/#organization\"},\"potentialAction\":[{\"@type\":\"SearchAction\",\"target\":{\"@type\":\"EntryPoint\",\"urlTemplate\":\"https:\\\/\\\/4k5tools.com\\\/?s={search_term_string}\"},\"query-input\":{\"@type\":\"PropertyValueSpecification\",\"valueRequired\":true,\"valueName\":\"search_term_string\"}}],\"inLanguage\":\"es\"},{\"@type\":\"Organization\",\"@id\":\"https:\\\/\\\/4k5tools.com\\\/#organization\",\"name\":\"4K5 BETTER EQUIPMENT\",\"url\":\"https:\\\/\\\/4k5tools.com\\\/\",\"logo\":{\"@type\":\"ImageObject\",\"inLanguage\":\"es\",\"@id\":\"https:\\\/\\\/4k5tools.com\\\/#\\\/schema\\\/logo\\\/image\\\/\",\"url\":\"https:\\\/\\\/4k5tools.com\\\/wp-content\\\/uploads\\\/2022\\\/04\\\/4K5_Better-Equipment.webp\",\"contentUrl\":\"https:\\\/\\\/4k5tools.com\\\/wp-content\\\/uploads\\\/2022\\\/04\\\/4K5_Better-Equipment.webp\",\"width\":550,\"height\":200,\"caption\":\"4K5 BETTER EQUIPMENT\"},\"image\":{\"@id\":\"https:\\\/\\\/4k5tools.com\\\/#\\\/schema\\\/logo\\\/image\\\/\"}}]}<\/script>\n<!-- \/ Yoast SEO plugin. -->","yoast_head_json":{"title":"TKX 310 - 4K5 BETTER EQUIPMENT","robots":{"index":"index","follow":"follow","max-snippet":"max-snippet:-1","max-image-preview":"max-image-preview:large","max-video-preview":"max-video-preview:-1"},"canonical":"https:\/\/4k5tools.com\/es\/produkte\/messer-und-werkzeuge\/cuttermesser\/tkx-310\/","og_locale":"es_ES","og_type":"article","og_title":"TKX 310 - 4K5 BETTER EQUIPMENT","og_description":"Multifunktionales Klappmesser mit austauschbaren Trapezklingen, integriertem Klingenmagazin, Bit-Halter und Bits   Ultra scharfe, auswechselbare Trapezklinge aus hochwertigem und widerstandsf\u00e4higen SK 4 Stahl  STANDARD NORM ADAPTER: Integrierter Bithalter\u2013Sechskant mit dem g\u00e4ngigsten Ma\u00df (\u00bc Zoll\/6,35 mm) und Bits f\u00fcr Kreuz- und Schlitzschrauben erh\u00f6hen die Flexibilit\u00e4t  Einstellbare 45\u00b0- und 90\u00b0-Positionen der Klinge zur Anpassung an spezifische Anforderungen, erh\u00f6hte Pr\u00e4zision und Kontrolle \u00fcber die Schnitttiefe  Leichtes und extrem robustes Geh\u00e4use aus Zink-Legierung   Optimale Aufbewahrung der Ersatzklingen im integrierten Klingenmagazin   Button-Lock-Verriegelung h\u00e4lt die Klinge in ge\u00f6ffneter Position  Bandschneider als Helfer  Schnelles Wechseln der Klinge ohne Werkzeugeinsatz  Ideal zum Gipskarton schneiden oder Schrauben reindrehen  Leicht in der Hosentasche zu verstauen durch kompakte Gr\u00f6\u00dfe  Einfache Befestigung mit G\u00fcrtelclip  3 Klingen im Lieferumfang enthalten","og_url":"https:\/\/4k5tools.com\/es\/produkte\/messer-und-werkzeuge\/cuttermesser\/tkx-310\/","og_site_name":"4K5 BETTER EQUIPMENT","article_modified_time":"2026-03-04T07:05:01+00:00","og_image":[{"width":1300,"height":1300,"url":"https:\/\/4k5tools.com\/wp-content\/uploads\/2024\/01\/600.310A-Messer-4K5-Perspektive.webp","type":"image\/webp"}],"twitter_card":"summary_large_image","twitter_misc":{"Tiempo de lectura":"1 minuto"},"schema":{"@context":"https:\/\/schema.org","@graph":[{"@type":"WebPage","@id":"https:\/\/4k5tools.com\/produkte\/messer-und-werkzeuge\/cuttermesser\/tkx-310\/","url":"https:\/\/4k5tools.com\/produkte\/messer-und-werkzeuge\/cuttermesser\/tkx-310\/","name":"TKX 310 - 4K5 BETTER EQUIPMENT","isPartOf":{"@id":"https:\/\/4k5tools.com\/#website"},"primaryImageOfPage":{"@id":"https:\/\/4k5tools.com\/produkte\/messer-und-werkzeuge\/cuttermesser\/tkx-310\/#primaryimage"},"image":{"@id":"https:\/\/4k5tools.com\/produkte\/messer-und-werkzeuge\/cuttermesser\/tkx-310\/#primaryimage"},"thumbnailUrl":"https:\/\/4k5tools.com\/wp-content\/uploads\/2024\/01\/600.310A-Messer-4K5-Perspektive.webp","datePublished":"2024-01-26T11:12:56+00:00","dateModified":"2026-03-04T07:05:01+00:00","breadcrumb":{"@id":"https:\/\/4k5tools.com\/produkte\/messer-und-werkzeuge\/cuttermesser\/tkx-310\/#breadcrumb"},"inLanguage":"es","potentialAction":[{"@type":"ReadAction","target":["https:\/\/4k5tools.com\/produkte\/messer-und-werkzeuge\/cuttermesser\/tkx-310\/"]}]},{"@type":"ImageObject","inLanguage":"es","@id":"https:\/\/4k5tools.com\/produkte\/messer-und-werkzeuge\/cuttermesser\/tkx-310\/#primaryimage","url":"https:\/\/4k5tools.com\/wp-content\/uploads\/2024\/01\/600.310A-Messer-4K5-Perspektive.webp","contentUrl":"https:\/\/4k5tools.com\/wp-content\/uploads\/2024\/01\/600.310A-Messer-4K5-Perspektive.webp","width":1300,"height":1300,"caption":"TKX 310 Cuttermesser"},{"@type":"BreadcrumbList","@id":"https:\/\/4k5tools.com\/produkte\/messer-und-werkzeuge\/cuttermesser\/tkx-310\/#breadcrumb","itemListElement":[{"@type":"ListItem","position":1,"name":"START","item":"https:\/\/4k5tools.com\/"},{"@type":"ListItem","position":2,"name":"PRODUKTE","item":"https:\/\/4k5tools.com\/shop\/"},{"@type":"ListItem","position":3,"name":"MESSER UND WERKZEUGE","item":"https:\/\/4k5tools.com\/produkt-kategorie\/messer-und-werkzeuge\/"},{"@type":"ListItem","position":4,"name":"TKX 310"}]},{"@type":"WebSite","@id":"https:\/\/4k5tools.com\/#website","url":"https:\/\/4k5tools.com\/","name":"4K5 BETTER EQUIPMENT","description":"","publisher":{"@id":"https:\/\/4k5tools.com\/#organization"},"potentialAction":[{"@type":"SearchAction","target":{"@type":"EntryPoint","urlTemplate":"https:\/\/4k5tools.com\/?s={search_term_string}"},"query-input":{"@type":"PropertyValueSpecification","valueRequired":true,"valueName":"search_term_string"}}],"inLanguage":"es"},{"@type":"Organization","@id":"https:\/\/4k5tools.com\/#organization","name":"4K5 BETTER EQUIPMENT","url":"https:\/\/4k5tools.com\/","logo":{"@type":"ImageObject","inLanguage":"es","@id":"https:\/\/4k5tools.com\/#\/schema\/logo\/image\/","url":"https:\/\/4k5tools.com\/wp-content\/uploads\/2022\/04\/4K5_Better-Equipment.webp","contentUrl":"https:\/\/4k5tools.com\/wp-content\/uploads\/2022\/04\/4K5_Better-Equipment.webp","width":550,"height":200,"caption":"4K5 BETTER EQUIPMENT"},"image":{"@id":"https:\/\/4k5tools.com\/#\/schema\/logo\/image\/"}}]}},"_links":{"self":[{"href":"https:\/\/4k5tools.com\/es\/wp-json\/wp\/v2\/product\/4690","targetHints":{"allow":["GET"]}}],"collection":[{"href":"https:\/\/4k5tools.com\/es\/wp-json\/wp\/v2\/product"}],"about":[{"href":"https:\/\/4k5tools.com\/es\/wp-json\/wp\/v2\/types\/product"}],"wp:featuredmedia":[{"embeddable":true,"href":"https:\/\/4k5tools.com\/es\/wp-json\/wp\/v2\/media\/4724"}],"wp:attachment":[{"href":"https:\/\/4k5tools.com\/es\/wp-json\/wp\/v2\/media?parent=4690"}],"wp:term":[{"taxonomy":"product_brand","embeddable":true,"href":"https:\/\/4k5tools.com\/es\/wp-json\/wp\/v2\/product_brand?post=4690"},{"taxonomy":"product_cat","embeddable":true,"href":"https:\/\/4k5tools.com\/es\/wp-json\/wp\/v2\/product_cat?post=4690"},{"taxonomy":"product_tag","embeddable":true,"href":"https:\/\/4k5tools.com\/es\/wp-json\/wp\/v2\/product_tag?post=4690"}],"curies":[{"name":"wp","href":"https:\/\/api.w.org\/{rel}","templated":true}]}}