{"id":4907,"date":"2024-02-21T10:28:23","date_gmt":"2024-02-21T09:28:23","guid":{"rendered":"https:\/\/4k5tools.com\/produkte\/unkategorisiert\/ppx-5\/"},"modified":"2026-03-04T08:01:21","modified_gmt":"2026-03-04T07:01:21","slug":"ppx-5","status":"publish","type":"product","link":"https:\/\/4k5tools.com\/es\/produkte\/messzeuge\/massband\/ppx-5\/","title":{"rendered":"PPX 5"},"content":{"rendered":"<p>La cinta m\u00e9trica de acero impresa por ambos lados ofrece una excelente manejabilidad con su dise\u00f1o compacto. Es perfectamente legible incluso en entornos muy luminosos gracias a la combinaci\u00f3n de la cinta negra, los n\u00fameros blancos y la escala blanca, lo que reduce significativamente los reflejos de la luz intensa. La colocaci\u00f3n flexible del gancho permite realizar mediciones internas y externas con precisi\u00f3n. Para facilitar el transporte dispone de un clip de bolsillo y un lazo. La carcasa engomada es manejable y robusta, y se limpia f\u00e1cilmente.<\/p>","protected":false},"excerpt":{"rendered":"<p>Cinta m\u00e9trica enrollable de acero compacta e impresa por ambas caras para una legibilidad \u00f3ptima en condiciones de alta luminosidad<\/p>\n<ul title=\"\">\n<li title=\"\"><span title=\"\">Cinta m\u00e9trica enrollable impresa por ambas caras y perfectamente legible en cualquier posici\u00f3n (vertical y horizontal)<\/span><\/li>\n<li title=\"\"><span title=\"\">La combinaci\u00f3n de cinta negra, n\u00fameros blancos y escala blanca reduce significativamente los reflejos debidos a una luz intensa<\/span><\/li>\n<li title=\"\"><span title=\"\">Manipulation optimale gr\u00e2ce \u00e0 sa forme compacte<\/span><\/li>\n<li title=\"\"><span title=\"\">Gancho con rodamiento m\u00f3vil para mediciones exactas en interiores y exteriores<\/span><\/li>\n<li title=\"\"><span title=\"\">Bot\u00f3n de parada de f\u00e1cil manejo para fijar la cinta<\/span><\/li>\n<li title=\"\"><span title=\"\">F\u00e1cil transporte por clip de bolsillo o lazo de mano<\/span><\/li>\n<li title=\"\"><span title=\"\">Robusta carcasa engomada muy c\u00f3moda en el uso<\/span><\/li>\n<li title=\"\"><span title=\"\">Limpieza r\u00e1pida y sencilla<\/span><\/li>\n<\/ul>","protected":false},"featured_media":4900,"template":"","meta":{"ocean_post_layout":"","ocean_both_sidebars_style":"","ocean_both_sidebars_content_width":0,"ocean_both_sidebars_sidebars_width":0,"ocean_sidebar":"0","ocean_second_sidebar":"0","ocean_disable_margins":"enable","ocean_add_body_class":"","ocean_shortcode_before_top_bar":"","ocean_shortcode_after_top_bar":"","ocean_shortcode_before_header":"","ocean_shortcode_after_header":"","ocean_has_shortcode":"","ocean_shortcode_after_title":"","ocean_shortcode_before_footer_widgets":"","ocean_shortcode_after_footer_widgets":"","ocean_shortcode_before_footer_bottom":"","ocean_shortcode_after_footer_bottom":"","ocean_display_top_bar":"default","ocean_display_header":"default","ocean_header_style":"","ocean_center_header_left_menu":"0","ocean_custom_header_template":"0","ocean_custom_logo":0,"ocean_custom_retina_logo":0,"ocean_custom_logo_max_width":0,"ocean_custom_logo_tablet_max_width":0,"ocean_custom_logo_mobile_max_width":0,"ocean_custom_logo_max_height":0,"ocean_custom_logo_tablet_max_height":0,"ocean_custom_logo_mobile_max_height":0,"ocean_header_custom_menu":"0","ocean_menu_typo_font_family":"0","ocean_menu_typo_font_subset":"","ocean_menu_typo_font_size":0,"ocean_menu_typo_font_size_tablet":0,"ocean_menu_typo_font_size_mobile":0,"ocean_menu_typo_font_size_unit":"px","ocean_menu_typo_font_weight":"","ocean_menu_typo_font_weight_tablet":"","ocean_menu_typo_font_weight_mobile":"","ocean_menu_typo_transform":"","ocean_menu_typo_transform_tablet":"","ocean_menu_typo_transform_mobile":"","ocean_menu_typo_line_height":0,"ocean_menu_typo_line_height_tablet":0,"ocean_menu_typo_line_height_mobile":0,"ocean_menu_typo_line_height_unit":"","ocean_menu_typo_spacing":0,"ocean_menu_typo_spacing_tablet":0,"ocean_menu_typo_spacing_mobile":0,"ocean_menu_typo_spacing_unit":"","ocean_menu_link_color":"","ocean_menu_link_color_hover":"","ocean_menu_link_color_active":"","ocean_menu_link_background":"","ocean_menu_link_hover_background":"","ocean_menu_link_active_background":"","ocean_menu_social_links_bg":"","ocean_menu_social_hover_links_bg":"","ocean_menu_social_links_color":"","ocean_menu_social_hover_links_color":"","ocean_disable_title":"default","ocean_disable_heading":"default","ocean_post_title":"","ocean_post_subheading":"","ocean_post_title_style":"","ocean_post_title_background_color":"","ocean_post_title_background":0,"ocean_post_title_bg_image_position":"","ocean_post_title_bg_image_attachment":"","ocean_post_title_bg_image_repeat":"","ocean_post_title_bg_image_size":"","ocean_post_title_height":0,"ocean_post_title_bg_overlay":0.5,"ocean_post_title_bg_overlay_color":"","ocean_disable_breadcrumbs":"default","ocean_breadcrumbs_color":"","ocean_breadcrumbs_separator_color":"","ocean_breadcrumbs_links_color":"","ocean_breadcrumbs_links_hover_color":"","ocean_display_footer_widgets":"default","ocean_display_footer_bottom":"default","ocean_custom_footer_template":"0"},"product_brand":[],"product_cat":[32,53],"product_tag":[],"class_list":{"0":"post-4907","1":"product","2":"type-product","3":"status-publish","4":"has-post-thumbnail","6":"product_cat-massband","7":"product_cat-messzeuge","9":"entry","10":"has-media","12":"first","13":"instock","14":"shipping-taxable","15":"product-type-simple","16":"has-product-nav","17":"col","18":"span_1_of_3","19":"owp-content-center","20":"owp-thumbs-layout-horizontal","21":"owp-btn-normal","22":"owp-tabs-layout-horizontal"},"yoast_head":"<!-- This site is optimized with the Yoast SEO plugin v27.3 - https:\/\/yoast.com\/product\/yoast-seo-wordpress\/ -->\n<title>PPX 5 - 4K5 BETTER EQUIPMENT<\/title>\n<meta name=\"robots\" content=\"index, follow, max-snippet:-1, max-image-preview:large, max-video-preview:-1\" \/>\n<link rel=\"canonical\" href=\"https:\/\/4k5tools.com\/es\/produkte\/messzeuge\/massband\/ppx-5\/\" \/>\n<meta property=\"og:locale\" content=\"es_ES\" \/>\n<meta property=\"og:type\" content=\"article\" \/>\n<meta property=\"og:title\" content=\"PPX 5 - 4K5 BETTER EQUIPMENT\" \/>\n<meta property=\"og:description\" content=\"Kompaktes, beidseitig bedrucktes Stahl-Rollbandma\u00df mit optimaler Ablesbarkeit bei hellen Lichtverh\u00e4ltnissen   In jeder Lage gut ablesbares, beidseitig bedrucktes Rollbandma\u00df (horizontal\/vertikal)  Kombination von schwarzem Band, wei\u00dfen Ziffern und wei\u00dfer Skala reduziert Reflexionen durch helles Licht deutlich  Optimale Handlichkeit durch kompakte Bauform  Haken ist beweglich gelagert f\u00fcr genaue Innen- und Au\u00dfenmessungen  Einfach bedienbarer Stoppknopf zum Fixieren des Bandes  Simpler Transport per Taschenclip oder Handschlaufe  Robustes, gummiertes Geh\u00e4use liegt gut in der Hand  Schnell und einfach zu reinigen\" \/>\n<meta property=\"og:url\" content=\"https:\/\/4k5tools.com\/es\/produkte\/messzeuge\/massband\/ppx-5\/\" \/>\n<meta property=\"og:site_name\" content=\"4K5 BETTER EQUIPMENT\" \/>\n<meta property=\"article:modified_time\" content=\"2026-03-04T07:01:21+00:00\" \/>\n<meta property=\"og:image\" content=\"https:\/\/4k5tools.com\/wp-content\/uploads\/2024\/02\/606.101-5_Markierwerkzeuge-Bandmass.webp\" \/>\n\t<meta property=\"og:image:width\" content=\"1300\" \/>\n\t<meta property=\"og:image:height\" content=\"1300\" \/>\n\t<meta property=\"og:image:type\" content=\"image\/webp\" \/>\n<meta name=\"twitter:card\" content=\"summary_large_image\" \/>\n<meta name=\"twitter:label1\" content=\"Tiempo de lectura\" \/>\n\t<meta name=\"twitter:data1\" content=\"1 minuto\" \/>\n<script type=\"application\/ld+json\" class=\"yoast-schema-graph\">{\"@context\":\"https:\\\/\\\/schema.org\",\"@graph\":[{\"@type\":\"WebPage\",\"@id\":\"https:\\\/\\\/4k5tools.com\\\/produkte\\\/messzeuge\\\/massband\\\/ppx-5\\\/\",\"url\":\"https:\\\/\\\/4k5tools.com\\\/produkte\\\/messzeuge\\\/massband\\\/ppx-5\\\/\",\"name\":\"PPX 5 - 4K5 BETTER EQUIPMENT\",\"isPartOf\":{\"@id\":\"https:\\\/\\\/4k5tools.com\\\/#website\"},\"primaryImageOfPage\":{\"@id\":\"https:\\\/\\\/4k5tools.com\\\/produkte\\\/messzeuge\\\/massband\\\/ppx-5\\\/#primaryimage\"},\"image\":{\"@id\":\"https:\\\/\\\/4k5tools.com\\\/produkte\\\/messzeuge\\\/massband\\\/ppx-5\\\/#primaryimage\"},\"thumbnailUrl\":\"https:\\\/\\\/4k5tools.com\\\/wp-content\\\/uploads\\\/2024\\\/02\\\/606.101-5_Markierwerkzeuge-Bandmass.webp\",\"datePublished\":\"2024-02-21T09:28:23+00:00\",\"dateModified\":\"2026-03-04T07:01:21+00:00\",\"breadcrumb\":{\"@id\":\"https:\\\/\\\/4k5tools.com\\\/produkte\\\/messzeuge\\\/massband\\\/ppx-5\\\/#breadcrumb\"},\"inLanguage\":\"es\",\"potentialAction\":[{\"@type\":\"ReadAction\",\"target\":[\"https:\\\/\\\/4k5tools.com\\\/produkte\\\/messzeuge\\\/massband\\\/ppx-5\\\/\"]}]},{\"@type\":\"ImageObject\",\"inLanguage\":\"es\",\"@id\":\"https:\\\/\\\/4k5tools.com\\\/produkte\\\/messzeuge\\\/massband\\\/ppx-5\\\/#primaryimage\",\"url\":\"https:\\\/\\\/4k5tools.com\\\/wp-content\\\/uploads\\\/2024\\\/02\\\/606.101-5_Markierwerkzeuge-Bandmass.webp\",\"contentUrl\":\"https:\\\/\\\/4k5tools.com\\\/wp-content\\\/uploads\\\/2024\\\/02\\\/606.101-5_Markierwerkzeuge-Bandmass.webp\",\"width\":1300,\"height\":1300,\"caption\":\"Rollbandma\u00df 606.101-5 PPX 5\"},{\"@type\":\"BreadcrumbList\",\"@id\":\"https:\\\/\\\/4k5tools.com\\\/produkte\\\/messzeuge\\\/massband\\\/ppx-5\\\/#breadcrumb\",\"itemListElement\":[{\"@type\":\"ListItem\",\"position\":1,\"name\":\"START\",\"item\":\"https:\\\/\\\/4k5tools.com\\\/\"},{\"@type\":\"ListItem\",\"position\":2,\"name\":\"PRODUKTE\",\"item\":\"https:\\\/\\\/4k5tools.com\\\/shop\\\/\"},{\"@type\":\"ListItem\",\"position\":3,\"name\":\"MESSZEUGE\",\"item\":\"https:\\\/\\\/4k5tools.com\\\/produkt-kategorie\\\/messzeuge\\\/\"},{\"@type\":\"ListItem\",\"position\":4,\"name\":\"PPX 5\"}]},{\"@type\":\"WebSite\",\"@id\":\"https:\\\/\\\/4k5tools.com\\\/#website\",\"url\":\"https:\\\/\\\/4k5tools.com\\\/\",\"name\":\"4K5 BETTER EQUIPMENT\",\"description\":\"\",\"publisher\":{\"@id\":\"https:\\\/\\\/4k5tools.com\\\/#organization\"},\"potentialAction\":[{\"@type\":\"SearchAction\",\"target\":{\"@type\":\"EntryPoint\",\"urlTemplate\":\"https:\\\/\\\/4k5tools.com\\\/?s={search_term_string}\"},\"query-input\":{\"@type\":\"PropertyValueSpecification\",\"valueRequired\":true,\"valueName\":\"search_term_string\"}}],\"inLanguage\":\"es\"},{\"@type\":\"Organization\",\"@id\":\"https:\\\/\\\/4k5tools.com\\\/#organization\",\"name\":\"4K5 BETTER EQUIPMENT\",\"url\":\"https:\\\/\\\/4k5tools.com\\\/\",\"logo\":{\"@type\":\"ImageObject\",\"inLanguage\":\"es\",\"@id\":\"https:\\\/\\\/4k5tools.com\\\/#\\\/schema\\\/logo\\\/image\\\/\",\"url\":\"https:\\\/\\\/4k5tools.com\\\/wp-content\\\/uploads\\\/2022\\\/04\\\/4K5_Better-Equipment.webp\",\"contentUrl\":\"https:\\\/\\\/4k5tools.com\\\/wp-content\\\/uploads\\\/2022\\\/04\\\/4K5_Better-Equipment.webp\",\"width\":550,\"height\":200,\"caption\":\"4K5 BETTER EQUIPMENT\"},\"image\":{\"@id\":\"https:\\\/\\\/4k5tools.com\\\/#\\\/schema\\\/logo\\\/image\\\/\"}}]}<\/script>\n<!-- \/ Yoast SEO plugin. -->","yoast_head_json":{"title":"PPX 5 - 4K5 BETTER EQUIPMENT","robots":{"index":"index","follow":"follow","max-snippet":"max-snippet:-1","max-image-preview":"max-image-preview:large","max-video-preview":"max-video-preview:-1"},"canonical":"https:\/\/4k5tools.com\/es\/produkte\/messzeuge\/massband\/ppx-5\/","og_locale":"es_ES","og_type":"article","og_title":"PPX 5 - 4K5 BETTER EQUIPMENT","og_description":"Kompaktes, beidseitig bedrucktes Stahl-Rollbandma\u00df mit optimaler Ablesbarkeit bei hellen Lichtverh\u00e4ltnissen   In jeder Lage gut ablesbares, beidseitig bedrucktes Rollbandma\u00df (horizontal\/vertikal)  Kombination von schwarzem Band, wei\u00dfen Ziffern und wei\u00dfer Skala reduziert Reflexionen durch helles Licht deutlich  Optimale Handlichkeit durch kompakte Bauform  Haken ist beweglich gelagert f\u00fcr genaue Innen- und Au\u00dfenmessungen  Einfach bedienbarer Stoppknopf zum Fixieren des Bandes  Simpler Transport per Taschenclip oder Handschlaufe  Robustes, gummiertes Geh\u00e4use liegt gut in der Hand  Schnell und einfach zu reinigen","og_url":"https:\/\/4k5tools.com\/es\/produkte\/messzeuge\/massband\/ppx-5\/","og_site_name":"4K5 BETTER EQUIPMENT","article_modified_time":"2026-03-04T07:01:21+00:00","og_image":[{"width":1300,"height":1300,"url":"https:\/\/4k5tools.com\/wp-content\/uploads\/2024\/02\/606.101-5_Markierwerkzeuge-Bandmass.webp","type":"image\/webp"}],"twitter_card":"summary_large_image","twitter_misc":{"Tiempo de lectura":"1 minuto"},"schema":{"@context":"https:\/\/schema.org","@graph":[{"@type":"WebPage","@id":"https:\/\/4k5tools.com\/produkte\/messzeuge\/massband\/ppx-5\/","url":"https:\/\/4k5tools.com\/produkte\/messzeuge\/massband\/ppx-5\/","name":"PPX 5 - 4K5 BETTER EQUIPMENT","isPartOf":{"@id":"https:\/\/4k5tools.com\/#website"},"primaryImageOfPage":{"@id":"https:\/\/4k5tools.com\/produkte\/messzeuge\/massband\/ppx-5\/#primaryimage"},"image":{"@id":"https:\/\/4k5tools.com\/produkte\/messzeuge\/massband\/ppx-5\/#primaryimage"},"thumbnailUrl":"https:\/\/4k5tools.com\/wp-content\/uploads\/2024\/02\/606.101-5_Markierwerkzeuge-Bandmass.webp","datePublished":"2024-02-21T09:28:23+00:00","dateModified":"2026-03-04T07:01:21+00:00","breadcrumb":{"@id":"https:\/\/4k5tools.com\/produkte\/messzeuge\/massband\/ppx-5\/#breadcrumb"},"inLanguage":"es","potentialAction":[{"@type":"ReadAction","target":["https:\/\/4k5tools.com\/produkte\/messzeuge\/massband\/ppx-5\/"]}]},{"@type":"ImageObject","inLanguage":"es","@id":"https:\/\/4k5tools.com\/produkte\/messzeuge\/massband\/ppx-5\/#primaryimage","url":"https:\/\/4k5tools.com\/wp-content\/uploads\/2024\/02\/606.101-5_Markierwerkzeuge-Bandmass.webp","contentUrl":"https:\/\/4k5tools.com\/wp-content\/uploads\/2024\/02\/606.101-5_Markierwerkzeuge-Bandmass.webp","width":1300,"height":1300,"caption":"Rollbandma\u00df 606.101-5 PPX 5"},{"@type":"BreadcrumbList","@id":"https:\/\/4k5tools.com\/produkte\/messzeuge\/massband\/ppx-5\/#breadcrumb","itemListElement":[{"@type":"ListItem","position":1,"name":"START","item":"https:\/\/4k5tools.com\/"},{"@type":"ListItem","position":2,"name":"PRODUKTE","item":"https:\/\/4k5tools.com\/shop\/"},{"@type":"ListItem","position":3,"name":"MESSZEUGE","item":"https:\/\/4k5tools.com\/produkt-kategorie\/messzeuge\/"},{"@type":"ListItem","position":4,"name":"PPX 5"}]},{"@type":"WebSite","@id":"https:\/\/4k5tools.com\/#website","url":"https:\/\/4k5tools.com\/","name":"4K5 BETTER EQUIPMENT","description":"","publisher":{"@id":"https:\/\/4k5tools.com\/#organization"},"potentialAction":[{"@type":"SearchAction","target":{"@type":"EntryPoint","urlTemplate":"https:\/\/4k5tools.com\/?s={search_term_string}"},"query-input":{"@type":"PropertyValueSpecification","valueRequired":true,"valueName":"search_term_string"}}],"inLanguage":"es"},{"@type":"Organization","@id":"https:\/\/4k5tools.com\/#organization","name":"4K5 BETTER EQUIPMENT","url":"https:\/\/4k5tools.com\/","logo":{"@type":"ImageObject","inLanguage":"es","@id":"https:\/\/4k5tools.com\/#\/schema\/logo\/image\/","url":"https:\/\/4k5tools.com\/wp-content\/uploads\/2022\/04\/4K5_Better-Equipment.webp","contentUrl":"https:\/\/4k5tools.com\/wp-content\/uploads\/2022\/04\/4K5_Better-Equipment.webp","width":550,"height":200,"caption":"4K5 BETTER EQUIPMENT"},"image":{"@id":"https:\/\/4k5tools.com\/#\/schema\/logo\/image\/"}}]}},"_links":{"self":[{"href":"https:\/\/4k5tools.com\/es\/wp-json\/wp\/v2\/product\/4907","targetHints":{"allow":["GET"]}}],"collection":[{"href":"https:\/\/4k5tools.com\/es\/wp-json\/wp\/v2\/product"}],"about":[{"href":"https:\/\/4k5tools.com\/es\/wp-json\/wp\/v2\/types\/product"}],"wp:featuredmedia":[{"embeddable":true,"href":"https:\/\/4k5tools.com\/es\/wp-json\/wp\/v2\/media\/4900"}],"wp:attachment":[{"href":"https:\/\/4k5tools.com\/es\/wp-json\/wp\/v2\/media?parent=4907"}],"wp:term":[{"taxonomy":"product_brand","embeddable":true,"href":"https:\/\/4k5tools.com\/es\/wp-json\/wp\/v2\/product_brand?post=4907"},{"taxonomy":"product_cat","embeddable":true,"href":"https:\/\/4k5tools.com\/es\/wp-json\/wp\/v2\/product_cat?post=4907"},{"taxonomy":"product_tag","embeddable":true,"href":"https:\/\/4k5tools.com\/es\/wp-json\/wp\/v2\/product_tag?post=4907"}],"curies":[{"name":"wp","href":"https:\/\/api.w.org\/{rel}","templated":true}]}}