{"id":4963,"date":"2024-03-05T08:40:38","date_gmt":"2024-03-05T07:40:38","guid":{"rendered":"https:\/\/4k5tools.com\/produkte\/unkategorisiert\/pds-5-set\/"},"modified":"2024-09-30T10:57:34","modified_gmt":"2024-09-30T08:57:34","slug":"pds-5-set","status":"publish","type":"product","link":"https:\/\/4k5tools.com\/es\/produkte\/neuheiten\/e-schraubendreher-neuheiten\/pds-5-set\/","title":{"rendered":"PDS 5 SET"},"content":{"rendered":"<p>Este destornillador el\u00e9ctrico con kit multipuntas contiene un portapuntas hexagonal con la dimensi\u00f3n m\u00e1s com\u00fan (\u00bc de pulgada\/6,35 mm) y tres puntas cada uno en versi\u00f3n ranurada, Phillips, Pozidriv, Torx y Allen. Tambi\u00e9n se incluye una pr\u00e1ctica punta doble (ranurada\/Phillips). Un fiable bloqueo de seguridad permite un ajuste firme de la punta al taladrar o sacar el destornillador de la pieza de trabajo. El par de apriete puede ajustarse a 5 \u00f3 1 Nm. Un eficiente engranaje planetario triple con ruedas dentadas de precisi\u00f3n genera un potente accionamiento. El apriete manual de los tornillos es perfecto para un apriete graduado de las \u00faltimas vueltas de tornillo. El mecanismo de bloqueo autom\u00e1tico permite un apriete manual forzado hasta 15 Nm.<\/p>","protected":false},"excerpt":{"rendered":"<p>Potente destornillador el\u00e9ctrico con kit multipuntas para un trabajo r\u00e1pido, c\u00f3modo y sin esfuerzo<\/p>\n<ul title=\"\">\n<li title=\"\"><span title=\"\">FAST FIT: Atornillado r\u00e1pido, 4 veces superior al manual con un destornillador convencional <\/span><\/li>\n<li title=\"\"><span title=\"\">COMFORT WORK: Trabajo sin esfuerzo, sin callos ni ampollas en las manos aunque se utilice mucho<\/span><\/li>\n<li title=\"\"><span title=\"\">SLIM SPACE TOOL: Ocupa poco espacio gracias a su forma de cu\u00f1a. Es ideal para espacios reducidos en los que no cabe una herramienta grande<\/span><\/li>\n<li title=\"\"><span title=\"\">FINE SENSE: Apriete dosificado y delicado de las \u00faltimas vueltas a mano<\/span><\/li>\n<li title=\"\"><span title=\"\">ADAPTADOR EST\u00c1NDAR: Portapuntas hexagonal con la medida m\u00e1s com\u00fan (\u00bc pulgada\/6,35 mm)<\/span><\/li>\n<li title=\"\"><span title=\"\">ULTIMATE ADAPT: Posibilidades de aplicaci\u00f3n vers\u00e1tiles gracias a las puntas en versi\u00f3n ranurada, Phillips, Pozidriv, Torx y Allen<\/span><\/li>\n<li title=\"\"><span title=\"\">SECURE LOCK: Cierre de seguridad fiable para la correcta posici\u00f3n de la herramienta al taladrar y extraer el destornillador de la pieza<\/span><\/li>\n<li title=\"\"><span title=\"\">HIGH POWER: Potente accionamiento gracias al eficiente engranaje planetario triple con ruedas dentadas de precisi\u00f3n<\/span><\/li>\n<li title=\"\"><span title=\"\">TORQUE ADJUST: Par de apriete ajustable (1 \u00f3 5 Nm) para adaptarse a la aplicaci\u00f3n<\/span><\/li>\n<li title=\"\"><span title=\"\">STRONG HAND LOCK: Apriete manual con bloqueo hasta 15 Nm gracias al freno autom\u00e1tico<\/span><\/li>\n<li title=\"\"><span title=\"\">PRO POWER GRIP: Empu\u00f1adura convexa para una transmisi\u00f3n de par \u00f3ptima durante el apretado manual<\/span><\/li>\n<li title=\"\"><span title=\"\">EASY CONTROL: Botones directos para elegir c\u00f3modamente el giro hacia la izquierda o la derecha<\/span><\/li>\n<li title=\"\"><span title=\"\">AUTO LED: Iluminaci\u00f3n LED autom\u00e1tica del punto de trabajo<\/span><\/li>\n<li title=\"\"><span title=\"\">COMPACT SIZE: Gracias a su manejable formato, el dispositivo cabe en cualquier bolsillo o caja de trabajo<\/span><\/li>\n<li title=\"\"><span title=\"\">USB PORT: Moderna t\u00e9cnica de carga USB<br \/>\n<\/span><\/li>\n<\/ul>\n<p><a href=\"https:\/\/4k5tools.com\/wp-content\/uploads\/2024\/05\/610.500A_-PDS_5_Set_V24_05_14_610_500A_DE_ORIGINAL_70_02.pdf\" target=\"_blank\" rel=\"noopener\"><img decoding=\"async\" class=\"alignnone size-full wp-image-5043\" src=\"https:\/\/4k5tools.com\/wp-content\/uploads\/2024\/05\/CE_Zeichen.webp\" alt=\"CE\" width=\"50\" height=\"50\" \/><\/a><\/p>","protected":false},"featured_media":4972,"template":"","meta":{"ocean_post_layout":"","ocean_both_sidebars_style":"","ocean_both_sidebars_content_width":0,"ocean_both_sidebars_sidebars_width":0,"ocean_sidebar":"0","ocean_second_sidebar":"0","ocean_disable_margins":"enable","ocean_add_body_class":"","ocean_shortcode_before_top_bar":"","ocean_shortcode_after_top_bar":"","ocean_shortcode_before_header":"","ocean_shortcode_after_header":"","ocean_has_shortcode":"","ocean_shortcode_after_title":"","ocean_shortcode_before_footer_widgets":"","ocean_shortcode_after_footer_widgets":"","ocean_shortcode_before_footer_bottom":"","ocean_shortcode_after_footer_bottom":"","ocean_display_top_bar":"default","ocean_display_header":"default","ocean_header_style":"","ocean_center_header_left_menu":"0","ocean_custom_header_template":"0","ocean_custom_logo":0,"ocean_custom_retina_logo":0,"ocean_custom_logo_max_width":0,"ocean_custom_logo_tablet_max_width":0,"ocean_custom_logo_mobile_max_width":0,"ocean_custom_logo_max_height":0,"ocean_custom_logo_tablet_max_height":0,"ocean_custom_logo_mobile_max_height":0,"ocean_header_custom_menu":"0","ocean_menu_typo_font_family":"0","ocean_menu_typo_font_subset":"","ocean_menu_typo_font_size":0,"ocean_menu_typo_font_size_tablet":0,"ocean_menu_typo_font_size_mobile":0,"ocean_menu_typo_font_size_unit":"px","ocean_menu_typo_font_weight":"","ocean_menu_typo_font_weight_tablet":"","ocean_menu_typo_font_weight_mobile":"","ocean_menu_typo_transform":"","ocean_menu_typo_transform_tablet":"","ocean_menu_typo_transform_mobile":"","ocean_menu_typo_line_height":0,"ocean_menu_typo_line_height_tablet":0,"ocean_menu_typo_line_height_mobile":0,"ocean_menu_typo_line_height_unit":"","ocean_menu_typo_spacing":0,"ocean_menu_typo_spacing_tablet":0,"ocean_menu_typo_spacing_mobile":0,"ocean_menu_typo_spacing_unit":"","ocean_menu_link_color":"","ocean_menu_link_color_hover":"","ocean_menu_link_color_active":"","ocean_menu_link_background":"","ocean_menu_link_hover_background":"","ocean_menu_link_active_background":"","ocean_menu_social_links_bg":"","ocean_menu_social_hover_links_bg":"","ocean_menu_social_links_color":"","ocean_menu_social_hover_links_color":"","ocean_disable_title":"default","ocean_disable_heading":"default","ocean_post_title":"","ocean_post_subheading":"","ocean_post_title_style":"","ocean_post_title_background_color":"","ocean_post_title_background":0,"ocean_post_title_bg_image_position":"","ocean_post_title_bg_image_attachment":"","ocean_post_title_bg_image_repeat":"","ocean_post_title_bg_image_size":"","ocean_post_title_height":0,"ocean_post_title_bg_overlay":0.5,"ocean_post_title_bg_overlay_color":"","ocean_disable_breadcrumbs":"default","ocean_breadcrumbs_color":"","ocean_breadcrumbs_separator_color":"","ocean_breadcrumbs_links_color":"","ocean_breadcrumbs_links_hover_color":"","ocean_display_footer_widgets":"default","ocean_display_footer_bottom":"default","ocean_custom_footer_template":"0"},"product_brand":[],"product_cat":[48,94,89,95],"product_tag":[],"class_list":{"0":"post-4963","1":"product","2":"type-product","3":"status-publish","4":"has-post-thumbnail","6":"product_cat-messer-und-werkzeuge","7":"product_cat-e-schraubendreher","8":"product_cat-neuheiten","9":"product_cat-e-schraubendreher-neuheiten","11":"entry","12":"has-media","14":"first","15":"instock","16":"shipping-taxable","17":"product-type-simple","18":"has-product-nav","19":"col","20":"span_1_of_3","21":"owp-content-center","22":"owp-thumbs-layout-horizontal","23":"owp-btn-normal","24":"owp-tabs-layout-horizontal"},"yoast_head":"<!-- This site is optimized with the Yoast SEO plugin v27.0 - https:\/\/yoast.com\/product\/yoast-seo-wordpress\/ -->\n<title>PDS 5 SET - 4K5 BETTER EQUIPMENT<\/title>\n<meta name=\"robots\" content=\"index, follow, max-snippet:-1, max-image-preview:large, max-video-preview:-1\" \/>\n<link rel=\"canonical\" href=\"https:\/\/4k5tools.com\/es\/produkte\/neuheiten\/e-schraubendreher-neuheiten\/pds-5-set\/\" \/>\n<meta property=\"og:locale\" content=\"es_ES\" \/>\n<meta property=\"og:type\" content=\"article\" \/>\n<meta property=\"og:title\" content=\"PDS 5 SET - 4K5 BETTER EQUIPMENT\" \/>\n<meta property=\"og:description\" content=\"Leistungsf\u00e4higes, elektrisches Schraubendreher-Multi-Bit-Set f\u00fcr schnelles, komfortables und erm\u00fcdungsfreies Arbeiten   FAST FIT: Zeitsparendes Schrauben, 4-mal schneller als manuelles Anziehen mit einem konventionellen Handschraubendreher   COMFORT WORK: Keine Erm\u00fcdungserscheinungen wie Schwielen und Blasen an den Handfl\u00e4chen selbst bei zahlreichen Schraubvorg\u00e4ngen  SLIM SPACE TOOL: Geringer Platzbedarf dank Keilform, ideal f\u00fcr enge Arbeitsr\u00e4ume, die mit einem gro\u00dfen Werkzeug nicht erreichbar sind  FINE SENSE: Fein dosiertes und materialschonendes Anziehen der letzten Schraubeng\u00e4nge per Hand  STANDARD NORM ADAPTER: Bithalter\u2013Sechskant mit dem g\u00e4ngigsten Ma\u00df (\u00bc Zoll\/6,35 mm)  ULTIMATE ADAPT: Vielseitige Einsatzm\u00f6glichkeiten durch Bits in Schlitz-, Kreuzschlitz-, Pozidriv-, Torx und Inbus-Ausf\u00fchrung  SECURE LOCK: Zuverl\u00e4ssiger Sicherheitsverschluss f\u00fcr festen Werkzeugsitz beim Bohren und Herausziehen des Schraubendrehers aus dem Werkst\u00fcck  HIGH POWER: Kraftvoller Antrieb durch effizientes Dreifach-Planetengetriebe mit Pr\u00e4zisions-Zahnr\u00e4dern  TORQUE ADJUST: Einstellbares Drehmoment (1 oder 5 Nm) passend zur Anwendung  STRONG HAND LOCK: Kraftschl\u00fcssiges Handandrehen bis 15 Nm durch automatische Feststellbremse  PRO POWER GRIP: Balliges Griffende bietet eine optimale Drehmoment\u00fcbertragung beim Handandrehen  EASY CONTROL: Direkttasten zur einfachen Wahl von Rechts- oder Linkslauf  AUTO LED: Integrierte automatische LED-Beleuchtung des Schraubbereiches  COMPACT SIZE: Ger\u00e4t findet dank handlicher Bauform in jeder Werkzeugtasche oder -kiste Platz  USB PORT: Moderne USB-Ladetechnik\" \/>\n<meta property=\"og:url\" content=\"https:\/\/4k5tools.com\/es\/produkte\/neuheiten\/e-schraubendreher-neuheiten\/pds-5-set\/\" \/>\n<meta property=\"og:site_name\" content=\"4K5 BETTER EQUIPMENT\" \/>\n<meta property=\"article:modified_time\" content=\"2024-09-30T08:57:34+00:00\" \/>\n<meta property=\"og:image\" content=\"https:\/\/4k5tools.com\/wp-content\/uploads\/2024\/03\/610.500A-Schraubendreher-4K5-Perspektive.webp\" \/>\n\t<meta property=\"og:image:width\" content=\"1300\" \/>\n\t<meta property=\"og:image:height\" content=\"1300\" \/>\n\t<meta property=\"og:image:type\" content=\"image\/webp\" \/>\n<meta name=\"twitter:card\" content=\"summary_large_image\" \/>\n<meta name=\"twitter:label1\" content=\"Tiempo de lectura\" \/>\n\t<meta name=\"twitter:data1\" content=\"1 minuto\" \/>\n<script type=\"application\/ld+json\" class=\"yoast-schema-graph\">{\"@context\":\"https:\/\/schema.org\",\"@graph\":[{\"@type\":\"WebPage\",\"@id\":\"https:\/\/4k5tools.com\/produkte\/neuheiten\/e-schraubendreher-neuheiten\/pds-5-set\/\",\"url\":\"https:\/\/4k5tools.com\/produkte\/neuheiten\/e-schraubendreher-neuheiten\/pds-5-set\/\",\"name\":\"PDS 5 SET - 4K5 BETTER EQUIPMENT\",\"isPartOf\":{\"@id\":\"https:\/\/4k5tools.com\/#website\"},\"primaryImageOfPage\":{\"@id\":\"https:\/\/4k5tools.com\/produkte\/neuheiten\/e-schraubendreher-neuheiten\/pds-5-set\/#primaryimage\"},\"image\":{\"@id\":\"https:\/\/4k5tools.com\/produkte\/neuheiten\/e-schraubendreher-neuheiten\/pds-5-set\/#primaryimage\"},\"thumbnailUrl\":\"https:\/\/4k5tools.com\/wp-content\/uploads\/2024\/03\/610.500A-Schraubendreher-4K5-Perspektive.webp\",\"datePublished\":\"2024-03-05T07:40:38+00:00\",\"dateModified\":\"2024-09-30T08:57:34+00:00\",\"breadcrumb\":{\"@id\":\"https:\/\/4k5tools.com\/produkte\/neuheiten\/e-schraubendreher-neuheiten\/pds-5-set\/#breadcrumb\"},\"inLanguage\":\"es\",\"potentialAction\":[{\"@type\":\"ReadAction\",\"target\":[\"https:\/\/4k5tools.com\/produkte\/neuheiten\/e-schraubendreher-neuheiten\/pds-5-set\/\"]}]},{\"@type\":\"ImageObject\",\"inLanguage\":\"es\",\"@id\":\"https:\/\/4k5tools.com\/produkte\/neuheiten\/e-schraubendreher-neuheiten\/pds-5-set\/#primaryimage\",\"url\":\"https:\/\/4k5tools.com\/wp-content\/uploads\/2024\/03\/610.500A-Schraubendreher-4K5-Perspektive.webp\",\"contentUrl\":\"https:\/\/4k5tools.com\/wp-content\/uploads\/2024\/03\/610.500A-Schraubendreher-4K5-Perspektive.webp\",\"width\":1300,\"height\":1300,\"caption\":\"Schraubendreher 610.500A PDS 5 SET\"},{\"@type\":\"BreadcrumbList\",\"@id\":\"https:\/\/4k5tools.com\/produkte\/neuheiten\/e-schraubendreher-neuheiten\/pds-5-set\/#breadcrumb\",\"itemListElement\":[{\"@type\":\"ListItem\",\"position\":1,\"name\":\"START\",\"item\":\"https:\/\/4k5tools.com\/\"},{\"@type\":\"ListItem\",\"position\":2,\"name\":\"PRODUKTE\",\"item\":\"https:\/\/4k5tools.com\/shop\/\"},{\"@type\":\"ListItem\",\"position\":3,\"name\":\"NEUHEITEN\",\"item\":\"https:\/\/4k5tools.com\/produkt-kategorie\/neuheiten\/\"},{\"@type\":\"ListItem\",\"position\":4,\"name\":\"PDS 5 SET\"}]},{\"@type\":\"WebSite\",\"@id\":\"https:\/\/4k5tools.com\/#website\",\"url\":\"https:\/\/4k5tools.com\/\",\"name\":\"4K5 BETTER EQUIPMENT\",\"description\":\"\",\"publisher\":{\"@id\":\"https:\/\/4k5tools.com\/#organization\"},\"potentialAction\":[{\"@type\":\"SearchAction\",\"target\":{\"@type\":\"EntryPoint\",\"urlTemplate\":\"https:\/\/4k5tools.com\/?s={search_term_string}\"},\"query-input\":{\"@type\":\"PropertyValueSpecification\",\"valueRequired\":true,\"valueName\":\"search_term_string\"}}],\"inLanguage\":\"es\"},{\"@type\":\"Organization\",\"@id\":\"https:\/\/4k5tools.com\/#organization\",\"name\":\"4K5 BETTER EQUIPMENT\",\"url\":\"https:\/\/4k5tools.com\/\",\"logo\":{\"@type\":\"ImageObject\",\"inLanguage\":\"es\",\"@id\":\"https:\/\/4k5tools.com\/#\/schema\/logo\/image\/\",\"url\":\"https:\/\/4k5tools.com\/wp-content\/uploads\/2022\/04\/4K5_Better-Equipment.webp\",\"contentUrl\":\"https:\/\/4k5tools.com\/wp-content\/uploads\/2022\/04\/4K5_Better-Equipment.webp\",\"width\":550,\"height\":200,\"caption\":\"4K5 BETTER EQUIPMENT\"},\"image\":{\"@id\":\"https:\/\/4k5tools.com\/#\/schema\/logo\/image\/\"}}]}<\/script>\n<!-- \/ Yoast SEO plugin. -->","yoast_head_json":{"title":"PDS 5 SET - 4K5 BETTER EQUIPMENT","robots":{"index":"index","follow":"follow","max-snippet":"max-snippet:-1","max-image-preview":"max-image-preview:large","max-video-preview":"max-video-preview:-1"},"canonical":"https:\/\/4k5tools.com\/es\/produkte\/neuheiten\/e-schraubendreher-neuheiten\/pds-5-set\/","og_locale":"es_ES","og_type":"article","og_title":"PDS 5 SET - 4K5 BETTER EQUIPMENT","og_description":"Leistungsf\u00e4higes, elektrisches Schraubendreher-Multi-Bit-Set f\u00fcr schnelles, komfortables und erm\u00fcdungsfreies Arbeiten   FAST FIT: Zeitsparendes Schrauben, 4-mal schneller als manuelles Anziehen mit einem konventionellen Handschraubendreher   COMFORT WORK: Keine Erm\u00fcdungserscheinungen wie Schwielen und Blasen an den Handfl\u00e4chen selbst bei zahlreichen Schraubvorg\u00e4ngen  SLIM SPACE TOOL: Geringer Platzbedarf dank Keilform, ideal f\u00fcr enge Arbeitsr\u00e4ume, die mit einem gro\u00dfen Werkzeug nicht erreichbar sind  FINE SENSE: Fein dosiertes und materialschonendes Anziehen der letzten Schraubeng\u00e4nge per Hand  STANDARD NORM ADAPTER: Bithalter\u2013Sechskant mit dem g\u00e4ngigsten Ma\u00df (\u00bc Zoll\/6,35 mm)  ULTIMATE ADAPT: Vielseitige Einsatzm\u00f6glichkeiten durch Bits in Schlitz-, Kreuzschlitz-, Pozidriv-, Torx und Inbus-Ausf\u00fchrung  SECURE LOCK: Zuverl\u00e4ssiger Sicherheitsverschluss f\u00fcr festen Werkzeugsitz beim Bohren und Herausziehen des Schraubendrehers aus dem Werkst\u00fcck  HIGH POWER: Kraftvoller Antrieb durch effizientes Dreifach-Planetengetriebe mit Pr\u00e4zisions-Zahnr\u00e4dern  TORQUE ADJUST: Einstellbares Drehmoment (1 oder 5 Nm) passend zur Anwendung  STRONG HAND LOCK: Kraftschl\u00fcssiges Handandrehen bis 15 Nm durch automatische Feststellbremse  PRO POWER GRIP: Balliges Griffende bietet eine optimale Drehmoment\u00fcbertragung beim Handandrehen  EASY CONTROL: Direkttasten zur einfachen Wahl von Rechts- oder Linkslauf  AUTO LED: Integrierte automatische LED-Beleuchtung des Schraubbereiches  COMPACT SIZE: Ger\u00e4t findet dank handlicher Bauform in jeder Werkzeugtasche oder -kiste Platz  USB PORT: Moderne USB-Ladetechnik","og_url":"https:\/\/4k5tools.com\/es\/produkte\/neuheiten\/e-schraubendreher-neuheiten\/pds-5-set\/","og_site_name":"4K5 BETTER EQUIPMENT","article_modified_time":"2024-09-30T08:57:34+00:00","og_image":[{"width":1300,"height":1300,"url":"https:\/\/4k5tools.com\/wp-content\/uploads\/2024\/03\/610.500A-Schraubendreher-4K5-Perspektive.webp","type":"image\/webp"}],"twitter_card":"summary_large_image","twitter_misc":{"Tiempo de lectura":"1 minuto"},"schema":{"@context":"https:\/\/schema.org","@graph":[{"@type":"WebPage","@id":"https:\/\/4k5tools.com\/produkte\/neuheiten\/e-schraubendreher-neuheiten\/pds-5-set\/","url":"https:\/\/4k5tools.com\/produkte\/neuheiten\/e-schraubendreher-neuheiten\/pds-5-set\/","name":"PDS 5 SET - 4K5 BETTER EQUIPMENT","isPartOf":{"@id":"https:\/\/4k5tools.com\/#website"},"primaryImageOfPage":{"@id":"https:\/\/4k5tools.com\/produkte\/neuheiten\/e-schraubendreher-neuheiten\/pds-5-set\/#primaryimage"},"image":{"@id":"https:\/\/4k5tools.com\/produkte\/neuheiten\/e-schraubendreher-neuheiten\/pds-5-set\/#primaryimage"},"thumbnailUrl":"https:\/\/4k5tools.com\/wp-content\/uploads\/2024\/03\/610.500A-Schraubendreher-4K5-Perspektive.webp","datePublished":"2024-03-05T07:40:38+00:00","dateModified":"2024-09-30T08:57:34+00:00","breadcrumb":{"@id":"https:\/\/4k5tools.com\/produkte\/neuheiten\/e-schraubendreher-neuheiten\/pds-5-set\/#breadcrumb"},"inLanguage":"es","potentialAction":[{"@type":"ReadAction","target":["https:\/\/4k5tools.com\/produkte\/neuheiten\/e-schraubendreher-neuheiten\/pds-5-set\/"]}]},{"@type":"ImageObject","inLanguage":"es","@id":"https:\/\/4k5tools.com\/produkte\/neuheiten\/e-schraubendreher-neuheiten\/pds-5-set\/#primaryimage","url":"https:\/\/4k5tools.com\/wp-content\/uploads\/2024\/03\/610.500A-Schraubendreher-4K5-Perspektive.webp","contentUrl":"https:\/\/4k5tools.com\/wp-content\/uploads\/2024\/03\/610.500A-Schraubendreher-4K5-Perspektive.webp","width":1300,"height":1300,"caption":"Schraubendreher 610.500A PDS 5 SET"},{"@type":"BreadcrumbList","@id":"https:\/\/4k5tools.com\/produkte\/neuheiten\/e-schraubendreher-neuheiten\/pds-5-set\/#breadcrumb","itemListElement":[{"@type":"ListItem","position":1,"name":"START","item":"https:\/\/4k5tools.com\/"},{"@type":"ListItem","position":2,"name":"PRODUKTE","item":"https:\/\/4k5tools.com\/shop\/"},{"@type":"ListItem","position":3,"name":"NEUHEITEN","item":"https:\/\/4k5tools.com\/produkt-kategorie\/neuheiten\/"},{"@type":"ListItem","position":4,"name":"PDS 5 SET"}]},{"@type":"WebSite","@id":"https:\/\/4k5tools.com\/#website","url":"https:\/\/4k5tools.com\/","name":"4K5 BETTER EQUIPMENT","description":"","publisher":{"@id":"https:\/\/4k5tools.com\/#organization"},"potentialAction":[{"@type":"SearchAction","target":{"@type":"EntryPoint","urlTemplate":"https:\/\/4k5tools.com\/?s={search_term_string}"},"query-input":{"@type":"PropertyValueSpecification","valueRequired":true,"valueName":"search_term_string"}}],"inLanguage":"es"},{"@type":"Organization","@id":"https:\/\/4k5tools.com\/#organization","name":"4K5 BETTER EQUIPMENT","url":"https:\/\/4k5tools.com\/","logo":{"@type":"ImageObject","inLanguage":"es","@id":"https:\/\/4k5tools.com\/#\/schema\/logo\/image\/","url":"https:\/\/4k5tools.com\/wp-content\/uploads\/2022\/04\/4K5_Better-Equipment.webp","contentUrl":"https:\/\/4k5tools.com\/wp-content\/uploads\/2022\/04\/4K5_Better-Equipment.webp","width":550,"height":200,"caption":"4K5 BETTER EQUIPMENT"},"image":{"@id":"https:\/\/4k5tools.com\/#\/schema\/logo\/image\/"}}]}},"_links":{"self":[{"href":"https:\/\/4k5tools.com\/es\/wp-json\/wp\/v2\/product\/4963","targetHints":{"allow":["GET"]}}],"collection":[{"href":"https:\/\/4k5tools.com\/es\/wp-json\/wp\/v2\/product"}],"about":[{"href":"https:\/\/4k5tools.com\/es\/wp-json\/wp\/v2\/types\/product"}],"wp:featuredmedia":[{"embeddable":true,"href":"https:\/\/4k5tools.com\/es\/wp-json\/wp\/v2\/media\/4972"}],"wp:attachment":[{"href":"https:\/\/4k5tools.com\/es\/wp-json\/wp\/v2\/media?parent=4963"}],"wp:term":[{"taxonomy":"product_brand","embeddable":true,"href":"https:\/\/4k5tools.com\/es\/wp-json\/wp\/v2\/product_brand?post=4963"},{"taxonomy":"product_cat","embeddable":true,"href":"https:\/\/4k5tools.com\/es\/wp-json\/wp\/v2\/product_cat?post=4963"},{"taxonomy":"product_tag","embeddable":true,"href":"https:\/\/4k5tools.com\/es\/wp-json\/wp\/v2\/product_tag?post=4963"}],"curies":[{"name":"wp","href":"https:\/\/api.w.org\/{rel}","templated":true}]}}