{"id":5475,"date":"2025-08-28T09:51:43","date_gmt":"2025-08-28T07:51:43","guid":{"rendered":"https:\/\/4k5tools.com\/?post_type=product&#038;p=5475"},"modified":"2025-08-28T10:10:04","modified_gmt":"2025-08-28T08:10:04","slug":"sfh-27xl","status":"publish","type":"product","link":"https:\/\/4k5tools.com\/es\/produkte\/messer-und-werkzeuge\/hammer\/sfh-27xl\/","title":{"rendered":"SFH 27XL"},"content":{"rendered":"<p>Este macho potente dispone de un mango alargado que proporciona mayor efecto palanca y golpes m\u00e1s eficientes, mientras que la cabeza pesada asegura m\u00e1xima potencia de impacto y penetraci\u00f3n. Un sistema compuesto con seis n\u00facleos de acero integrados y una placa de bloqueo adicional une permanentemente la cabeza y el mango \u2013 garantizando alta estabilidad y una transmisi\u00f3n perfecta de la fuerza. El dise\u00f1o con amortiguaci\u00f3n de vibraciones reduce los impactos y protege la mano, el brazo y las articulaciones. El mango ergon\u00f3mico y antideslizante asegura un uso c\u00f3modo incluso en condiciones h\u00famedas.<\/p>","protected":false},"excerpt":{"rendered":"<p>Mazo irrompible y potente con una fuerza de golpe enorme y mango alargado para mayor efecto palanca<\/p>\n<ul>\n<li>POWER HANDLE: Mango alargado para mayor efecto palanca y golpes con menos esfuerzo<\/li>\n<li>HEAVY DUTY: Cabeza pesada para mayor fuerza de impacto y penetraci\u00f3n<\/li>\n<li>MAX FORCE: \u00d3ptima transmisi\u00f3n de fuerza gracias a una cabeza forjada en metal densificado (50\u201358 HRC)<\/li>\n<li>DURASTRONG STEEL CORES: N\u00facleos de acero de alta resistencia para una gran durabilidad y transferencia de fuerza entre el mango y la cabeza<\/li>\n<li>ROBUST HANDLE: Mango reforzado en la zona de transici\u00f3n m\u00e1s exigida hacia la cabeza del martillo<\/li>\n<li>SECURING PLATE: M\u00e1xima seguridad, precisi\u00f3n y estabilidad gracias a la placa de fijaci\u00f3n entre el mango y la cabeza<\/li>\n<li>VIBRATION SHIELD: Dise\u00f1o que amortigua vibraciones y protege mano, brazo y articulaciones<\/li>\n<li>COMFORT WORK: Uso c\u00f3modo gracias al mango ergon\u00f3mico y antideslizante \u2013 incluso en condiciones h\u00famedas<\/li>\n<\/ul>","protected":false},"featured_media":5468,"template":"","meta":{"ocean_post_layout":"","ocean_both_sidebars_style":"","ocean_both_sidebars_content_width":0,"ocean_both_sidebars_sidebars_width":0,"ocean_sidebar":"0","ocean_second_sidebar":"0","ocean_disable_margins":"enable","ocean_add_body_class":"","ocean_shortcode_before_top_bar":"","ocean_shortcode_after_top_bar":"","ocean_shortcode_before_header":"","ocean_shortcode_after_header":"","ocean_has_shortcode":"","ocean_shortcode_after_title":"","ocean_shortcode_before_footer_widgets":"","ocean_shortcode_after_footer_widgets":"","ocean_shortcode_before_footer_bottom":"","ocean_shortcode_after_footer_bottom":"","ocean_display_top_bar":"default","ocean_display_header":"default","ocean_header_style":"","ocean_center_header_left_menu":"0","ocean_custom_header_template":"0","ocean_custom_logo":0,"ocean_custom_retina_logo":0,"ocean_custom_logo_max_width":0,"ocean_custom_logo_tablet_max_width":0,"ocean_custom_logo_mobile_max_width":0,"ocean_custom_logo_max_height":0,"ocean_custom_logo_tablet_max_height":0,"ocean_custom_logo_mobile_max_height":0,"ocean_header_custom_menu":"0","ocean_menu_typo_font_family":"0","ocean_menu_typo_font_subset":"","ocean_menu_typo_font_size":0,"ocean_menu_typo_font_size_tablet":0,"ocean_menu_typo_font_size_mobile":0,"ocean_menu_typo_font_size_unit":"px","ocean_menu_typo_font_weight":"","ocean_menu_typo_font_weight_tablet":"","ocean_menu_typo_font_weight_mobile":"","ocean_menu_typo_transform":"","ocean_menu_typo_transform_tablet":"","ocean_menu_typo_transform_mobile":"","ocean_menu_typo_line_height":0,"ocean_menu_typo_line_height_tablet":0,"ocean_menu_typo_line_height_mobile":0,"ocean_menu_typo_line_height_unit":"","ocean_menu_typo_spacing":0,"ocean_menu_typo_spacing_tablet":0,"ocean_menu_typo_spacing_mobile":0,"ocean_menu_typo_spacing_unit":"","ocean_menu_link_color":"","ocean_menu_link_color_hover":"","ocean_menu_link_color_active":"","ocean_menu_link_background":"","ocean_menu_link_hover_background":"","ocean_menu_link_active_background":"","ocean_menu_social_links_bg":"","ocean_menu_social_hover_links_bg":"","ocean_menu_social_links_color":"","ocean_menu_social_hover_links_color":"","ocean_disable_title":"default","ocean_disable_heading":"default","ocean_post_title":"","ocean_post_subheading":"","ocean_post_title_style":"","ocean_post_title_background_color":"","ocean_post_title_background":0,"ocean_post_title_bg_image_position":"","ocean_post_title_bg_image_attachment":"","ocean_post_title_bg_image_repeat":"","ocean_post_title_bg_image_size":"","ocean_post_title_height":0,"ocean_post_title_bg_overlay":0.5,"ocean_post_title_bg_overlay_color":"","ocean_disable_breadcrumbs":"default","ocean_breadcrumbs_color":"","ocean_breadcrumbs_separator_color":"","ocean_breadcrumbs_links_color":"","ocean_breadcrumbs_links_hover_color":"","ocean_display_footer_widgets":"default","ocean_display_footer_bottom":"default","ocean_custom_footer_template":"0"},"product_brand":[],"product_cat":[100,48],"product_tag":[],"class_list":{"0":"post-5475","1":"product","2":"type-product","3":"status-publish","4":"has-post-thumbnail","6":"product_cat-hammer","7":"product_cat-messer-und-werkzeuge","9":"entry","10":"has-media","12":"first","13":"instock","14":"shipping-taxable","15":"product-type-simple","16":"has-product-nav","17":"col","18":"span_1_of_3","19":"owp-content-center","20":"owp-thumbs-layout-horizontal","21":"owp-btn-normal","22":"owp-tabs-layout-horizontal"},"yoast_head":"<!-- This site is optimized with the Yoast SEO plugin v27.0 - https:\/\/yoast.com\/product\/yoast-seo-wordpress\/ -->\n<title>SFH 27XL - 4K5 BETTER EQUIPMENT<\/title>\n<meta name=\"robots\" content=\"index, follow, max-snippet:-1, max-image-preview:large, max-video-preview:-1\" \/>\n<link rel=\"canonical\" href=\"https:\/\/4k5tools.com\/es\/produkte\/messer-und-werkzeuge\/hammer\/sfh-27xl\/\" \/>\n<meta property=\"og:locale\" content=\"es_ES\" \/>\n<meta property=\"og:type\" content=\"article\" \/>\n<meta property=\"og:title\" content=\"SFH 27XL - 4K5 BETTER EQUIPMENT\" \/>\n<meta property=\"og:description\" content=\"Unzerst\u00f6rbarer, kraftvoller Vorschlaghammer mit enormer Schlagkraft und verl\u00e4ngertem Stiel f\u00fcr erh\u00f6hte Hebelwirkung   POWER HANDLE: Verl\u00e4ngerter Stiel f\u00fcr erh\u00f6hte Hebelwirkung und kraftsparende Schl\u00e4ge  HEAVY DUTY: Schwerer Hammerkopf erm\u00f6glicht verbesserte Schlagkraft und Durchdringung  MAX FORCE: Optimale Kraftentfaltung durch geschmiedeten Hammerkopf aus verdichtetem Metall (50-58 HRC)  DURASTRONG STEEL CORES: Hochfeste Stahlseelen f\u00fcr gro\u00dfe Haltbarkeit und optimale Kraft\u00fcbertragung zwischen Hammerstiel und -kopf  ROBUST HANDLE: Verst\u00e4rkter Stiel am besonders stark beanspruchten \u00dcbergang zum Hammerkopf  SECURING PLATE: Maximale Sicherheit, Pr\u00e4zision und Stabilit\u00e4t dank zuverl\u00e4ssiger Verriegelungsplatte zwischen Hammerstiel und -kopf  VIBRATION SHIELD: Schwingungsd\u00e4mpfende Bauform lindert Ersch\u00fctterungen und schont Hand, Arm und Gelenk  COMFORT WORK: Komfortable Anwendung durch ergonomischen und rutschfesten Stiel, auch unter nassen Bedingungen\" \/>\n<meta property=\"og:url\" content=\"https:\/\/4k5tools.com\/es\/produkte\/messer-und-werkzeuge\/hammer\/sfh-27xl\/\" \/>\n<meta property=\"og:site_name\" content=\"4K5 BETTER EQUIPMENT\" \/>\n<meta property=\"article:modified_time\" content=\"2025-08-28T08:10:04+00:00\" \/>\n<meta property=\"og:image\" content=\"https:\/\/4k5tools.com\/wp-content\/uploads\/2025\/08\/607.760_Hammer.webp\" \/>\n\t<meta property=\"og:image:width\" content=\"1300\" \/>\n\t<meta property=\"og:image:height\" content=\"1300\" \/>\n\t<meta property=\"og:image:type\" content=\"image\/webp\" \/>\n<meta name=\"twitter:card\" content=\"summary_large_image\" \/>\n<meta name=\"twitter:label1\" content=\"Tiempo de lectura\" \/>\n\t<meta name=\"twitter:data1\" content=\"1 minuto\" \/>\n<script type=\"application\/ld+json\" class=\"yoast-schema-graph\">{\"@context\":\"https:\/\/schema.org\",\"@graph\":[{\"@type\":\"WebPage\",\"@id\":\"https:\/\/4k5tools.com\/produkte\/messer-und-werkzeuge\/hammer\/sfh-27xl\/\",\"url\":\"https:\/\/4k5tools.com\/produkte\/messer-und-werkzeuge\/hammer\/sfh-27xl\/\",\"name\":\"SFH 27XL - 4K5 BETTER EQUIPMENT\",\"isPartOf\":{\"@id\":\"https:\/\/4k5tools.com\/#website\"},\"primaryImageOfPage\":{\"@id\":\"https:\/\/4k5tools.com\/produkte\/messer-und-werkzeuge\/hammer\/sfh-27xl\/#primaryimage\"},\"image\":{\"@id\":\"https:\/\/4k5tools.com\/produkte\/messer-und-werkzeuge\/hammer\/sfh-27xl\/#primaryimage\"},\"thumbnailUrl\":\"https:\/\/4k5tools.com\/wp-content\/uploads\/2025\/08\/607.760_Hammer.webp\",\"datePublished\":\"2025-08-28T07:51:43+00:00\",\"dateModified\":\"2025-08-28T08:10:04+00:00\",\"breadcrumb\":{\"@id\":\"https:\/\/4k5tools.com\/produkte\/messer-und-werkzeuge\/hammer\/sfh-27xl\/#breadcrumb\"},\"inLanguage\":\"es\",\"potentialAction\":[{\"@type\":\"ReadAction\",\"target\":[\"https:\/\/4k5tools.com\/produkte\/messer-und-werkzeuge\/hammer\/sfh-27xl\/\"]}]},{\"@type\":\"ImageObject\",\"inLanguage\":\"es\",\"@id\":\"https:\/\/4k5tools.com\/produkte\/messer-und-werkzeuge\/hammer\/sfh-27xl\/#primaryimage\",\"url\":\"https:\/\/4k5tools.com\/wp-content\/uploads\/2025\/08\/607.760_Hammer.webp\",\"contentUrl\":\"https:\/\/4k5tools.com\/wp-content\/uploads\/2025\/08\/607.760_Hammer.webp\",\"width\":1300,\"height\":1300,\"caption\":\"607.760 Hammer 4K5\"},{\"@type\":\"BreadcrumbList\",\"@id\":\"https:\/\/4k5tools.com\/produkte\/messer-und-werkzeuge\/hammer\/sfh-27xl\/#breadcrumb\",\"itemListElement\":[{\"@type\":\"ListItem\",\"position\":1,\"name\":\"START\",\"item\":\"https:\/\/4k5tools.com\/\"},{\"@type\":\"ListItem\",\"position\":2,\"name\":\"PRODUKTE\",\"item\":\"https:\/\/4k5tools.com\/shop\/\"},{\"@type\":\"ListItem\",\"position\":3,\"name\":\"MESSER UND WERKZEUGE\",\"item\":\"https:\/\/4k5tools.com\/produkt-kategorie\/messer-und-werkzeuge\/\"},{\"@type\":\"ListItem\",\"position\":4,\"name\":\"SFH 27XL\"}]},{\"@type\":\"WebSite\",\"@id\":\"https:\/\/4k5tools.com\/#website\",\"url\":\"https:\/\/4k5tools.com\/\",\"name\":\"4K5 BETTER EQUIPMENT\",\"description\":\"\",\"publisher\":{\"@id\":\"https:\/\/4k5tools.com\/#organization\"},\"potentialAction\":[{\"@type\":\"SearchAction\",\"target\":{\"@type\":\"EntryPoint\",\"urlTemplate\":\"https:\/\/4k5tools.com\/?s={search_term_string}\"},\"query-input\":{\"@type\":\"PropertyValueSpecification\",\"valueRequired\":true,\"valueName\":\"search_term_string\"}}],\"inLanguage\":\"es\"},{\"@type\":\"Organization\",\"@id\":\"https:\/\/4k5tools.com\/#organization\",\"name\":\"4K5 BETTER EQUIPMENT\",\"url\":\"https:\/\/4k5tools.com\/\",\"logo\":{\"@type\":\"ImageObject\",\"inLanguage\":\"es\",\"@id\":\"https:\/\/4k5tools.com\/#\/schema\/logo\/image\/\",\"url\":\"https:\/\/4k5tools.com\/wp-content\/uploads\/2022\/04\/4K5_Better-Equipment.webp\",\"contentUrl\":\"https:\/\/4k5tools.com\/wp-content\/uploads\/2022\/04\/4K5_Better-Equipment.webp\",\"width\":550,\"height\":200,\"caption\":\"4K5 BETTER EQUIPMENT\"},\"image\":{\"@id\":\"https:\/\/4k5tools.com\/#\/schema\/logo\/image\/\"}}]}<\/script>\n<!-- \/ Yoast SEO plugin. -->","yoast_head_json":{"title":"SFH 27XL - 4K5 BETTER EQUIPMENT","robots":{"index":"index","follow":"follow","max-snippet":"max-snippet:-1","max-image-preview":"max-image-preview:large","max-video-preview":"max-video-preview:-1"},"canonical":"https:\/\/4k5tools.com\/es\/produkte\/messer-und-werkzeuge\/hammer\/sfh-27xl\/","og_locale":"es_ES","og_type":"article","og_title":"SFH 27XL - 4K5 BETTER EQUIPMENT","og_description":"Unzerst\u00f6rbarer, kraftvoller Vorschlaghammer mit enormer Schlagkraft und verl\u00e4ngertem Stiel f\u00fcr erh\u00f6hte Hebelwirkung   POWER HANDLE: Verl\u00e4ngerter Stiel f\u00fcr erh\u00f6hte Hebelwirkung und kraftsparende Schl\u00e4ge  HEAVY DUTY: Schwerer Hammerkopf erm\u00f6glicht verbesserte Schlagkraft und Durchdringung  MAX FORCE: Optimale Kraftentfaltung durch geschmiedeten Hammerkopf aus verdichtetem Metall (50-58 HRC)  DURASTRONG STEEL CORES: Hochfeste Stahlseelen f\u00fcr gro\u00dfe Haltbarkeit und optimale Kraft\u00fcbertragung zwischen Hammerstiel und -kopf  ROBUST HANDLE: Verst\u00e4rkter Stiel am besonders stark beanspruchten \u00dcbergang zum Hammerkopf  SECURING PLATE: Maximale Sicherheit, Pr\u00e4zision und Stabilit\u00e4t dank zuverl\u00e4ssiger Verriegelungsplatte zwischen Hammerstiel und -kopf  VIBRATION SHIELD: Schwingungsd\u00e4mpfende Bauform lindert Ersch\u00fctterungen und schont Hand, Arm und Gelenk  COMFORT WORK: Komfortable Anwendung durch ergonomischen und rutschfesten Stiel, auch unter nassen Bedingungen","og_url":"https:\/\/4k5tools.com\/es\/produkte\/messer-und-werkzeuge\/hammer\/sfh-27xl\/","og_site_name":"4K5 BETTER EQUIPMENT","article_modified_time":"2025-08-28T08:10:04+00:00","og_image":[{"width":1300,"height":1300,"url":"https:\/\/4k5tools.com\/wp-content\/uploads\/2025\/08\/607.760_Hammer.webp","type":"image\/webp"}],"twitter_card":"summary_large_image","twitter_misc":{"Tiempo de lectura":"1 minuto"},"schema":{"@context":"https:\/\/schema.org","@graph":[{"@type":"WebPage","@id":"https:\/\/4k5tools.com\/produkte\/messer-und-werkzeuge\/hammer\/sfh-27xl\/","url":"https:\/\/4k5tools.com\/produkte\/messer-und-werkzeuge\/hammer\/sfh-27xl\/","name":"SFH 27XL - 4K5 BETTER EQUIPMENT","isPartOf":{"@id":"https:\/\/4k5tools.com\/#website"},"primaryImageOfPage":{"@id":"https:\/\/4k5tools.com\/produkte\/messer-und-werkzeuge\/hammer\/sfh-27xl\/#primaryimage"},"image":{"@id":"https:\/\/4k5tools.com\/produkte\/messer-und-werkzeuge\/hammer\/sfh-27xl\/#primaryimage"},"thumbnailUrl":"https:\/\/4k5tools.com\/wp-content\/uploads\/2025\/08\/607.760_Hammer.webp","datePublished":"2025-08-28T07:51:43+00:00","dateModified":"2025-08-28T08:10:04+00:00","breadcrumb":{"@id":"https:\/\/4k5tools.com\/produkte\/messer-und-werkzeuge\/hammer\/sfh-27xl\/#breadcrumb"},"inLanguage":"es","potentialAction":[{"@type":"ReadAction","target":["https:\/\/4k5tools.com\/produkte\/messer-und-werkzeuge\/hammer\/sfh-27xl\/"]}]},{"@type":"ImageObject","inLanguage":"es","@id":"https:\/\/4k5tools.com\/produkte\/messer-und-werkzeuge\/hammer\/sfh-27xl\/#primaryimage","url":"https:\/\/4k5tools.com\/wp-content\/uploads\/2025\/08\/607.760_Hammer.webp","contentUrl":"https:\/\/4k5tools.com\/wp-content\/uploads\/2025\/08\/607.760_Hammer.webp","width":1300,"height":1300,"caption":"607.760 Hammer 4K5"},{"@type":"BreadcrumbList","@id":"https:\/\/4k5tools.com\/produkte\/messer-und-werkzeuge\/hammer\/sfh-27xl\/#breadcrumb","itemListElement":[{"@type":"ListItem","position":1,"name":"START","item":"https:\/\/4k5tools.com\/"},{"@type":"ListItem","position":2,"name":"PRODUKTE","item":"https:\/\/4k5tools.com\/shop\/"},{"@type":"ListItem","position":3,"name":"MESSER UND WERKZEUGE","item":"https:\/\/4k5tools.com\/produkt-kategorie\/messer-und-werkzeuge\/"},{"@type":"ListItem","position":4,"name":"SFH 27XL"}]},{"@type":"WebSite","@id":"https:\/\/4k5tools.com\/#website","url":"https:\/\/4k5tools.com\/","name":"4K5 BETTER EQUIPMENT","description":"","publisher":{"@id":"https:\/\/4k5tools.com\/#organization"},"potentialAction":[{"@type":"SearchAction","target":{"@type":"EntryPoint","urlTemplate":"https:\/\/4k5tools.com\/?s={search_term_string}"},"query-input":{"@type":"PropertyValueSpecification","valueRequired":true,"valueName":"search_term_string"}}],"inLanguage":"es"},{"@type":"Organization","@id":"https:\/\/4k5tools.com\/#organization","name":"4K5 BETTER EQUIPMENT","url":"https:\/\/4k5tools.com\/","logo":{"@type":"ImageObject","inLanguage":"es","@id":"https:\/\/4k5tools.com\/#\/schema\/logo\/image\/","url":"https:\/\/4k5tools.com\/wp-content\/uploads\/2022\/04\/4K5_Better-Equipment.webp","contentUrl":"https:\/\/4k5tools.com\/wp-content\/uploads\/2022\/04\/4K5_Better-Equipment.webp","width":550,"height":200,"caption":"4K5 BETTER EQUIPMENT"},"image":{"@id":"https:\/\/4k5tools.com\/#\/schema\/logo\/image\/"}}]}},"_links":{"self":[{"href":"https:\/\/4k5tools.com\/es\/wp-json\/wp\/v2\/product\/5475","targetHints":{"allow":["GET"]}}],"collection":[{"href":"https:\/\/4k5tools.com\/es\/wp-json\/wp\/v2\/product"}],"about":[{"href":"https:\/\/4k5tools.com\/es\/wp-json\/wp\/v2\/types\/product"}],"wp:featuredmedia":[{"embeddable":true,"href":"https:\/\/4k5tools.com\/es\/wp-json\/wp\/v2\/media\/5468"}],"wp:attachment":[{"href":"https:\/\/4k5tools.com\/es\/wp-json\/wp\/v2\/media?parent=5475"}],"wp:term":[{"taxonomy":"product_brand","embeddable":true,"href":"https:\/\/4k5tools.com\/es\/wp-json\/wp\/v2\/product_brand?post=5475"},{"taxonomy":"product_cat","embeddable":true,"href":"https:\/\/4k5tools.com\/es\/wp-json\/wp\/v2\/product_cat?post=5475"},{"taxonomy":"product_tag","embeddable":true,"href":"https:\/\/4k5tools.com\/es\/wp-json\/wp\/v2\/product_tag?post=5475"}],"curies":[{"name":"wp","href":"https:\/\/api.w.org\/{rel}","templated":true}]}}