{"id":5058,"date":"2024-07-03T10:00:24","date_gmt":"2024-07-03T08:00:24","guid":{"rendered":"https:\/\/4k5tools.com\/?page_id=5058"},"modified":"2024-07-03T11:08:41","modified_gmt":"2024-07-03T09:08:41","slug":"rohrschneider","status":"publish","type":"page","link":"https:\/\/4k5tools.com\/fr\/rohrschneider\/","title":{"rendered":"COUPE-TUBES"},"content":{"rendered":"<div data-elementor-type=\"wp-page\" data-elementor-id=\"5058\" class=\"elementor elementor-5058\">\n\t\t\t\t\t\t<section class=\"elementor-section elementor-top-section elementor-element elementor-element-102d1d3 elementor-section-boxed elementor-section-height-default elementor-section-height-default\" data-id=\"102d1d3\" data-element_type=\"section\" data-e-type=\"section\" data-settings=\"{&quot;background_background&quot;:&quot;classic&quot;}\">\n\t\t\t\t\t\t<div class=\"elementor-container elementor-column-gap-default\">\n\t\t\t\t\t<div class=\"elementor-column elementor-col-100 elementor-top-column elementor-element elementor-element-03ea3e7\" data-id=\"03ea3e7\" data-element_type=\"column\" data-e-type=\"column\">\n\t\t\t<div class=\"elementor-widget-wrap elementor-element-populated\">\n\t\t\t\t\t\t<div class=\"elementor-element elementor-element-77d4254 elementor-widget elementor-widget-heading\" data-id=\"77d4254\" data-element_type=\"widget\" data-e-type=\"widget\" id=\"produktgruppe\" data-widget_type=\"heading.default\">\n\t\t\t\t<div class=\"elementor-widget-container\">\n\t\t\t\t\t<h3 class=\"elementor-heading-title elementor-size-default\">COUPE-TUBES&nbsp;<\/h3>\t\t\t\t<\/div>\n\t\t\t\t<\/div>\n\t\t\t\t<div class=\"elementor-element elementor-element-4ed9473 elementor-widget elementor-widget-spacer\" data-id=\"4ed9473\" data-element_type=\"widget\" data-e-type=\"widget\" data-widget_type=\"spacer.default\">\n\t\t\t\t<div class=\"elementor-widget-container\">\n\t\t\t\t\t\t\t<div class=\"elementor-spacer\">\n\t\t\t<div class=\"elementor-spacer-inner\"><\/div>\n\t\t<\/div>\n\t\t\t\t\t\t<\/div>\n\t\t\t\t<\/div>\n\t\t\t\t\t<\/div>\n\t\t<\/div>\n\t\t\t\t\t<\/div>\n\t\t<\/section>\n\t\t\t\t<section class=\"elementor-section elementor-top-section elementor-element elementor-element-9d2a828 elementor-section-boxed elementor-section-height-default elementor-section-height-default\" data-id=\"9d2a828\" data-element_type=\"section\" data-e-type=\"section\">\n\t\t\t\t\t\t<div class=\"elementor-container elementor-column-gap-default\">\n\t\t\t\t\t<div class=\"elementor-column elementor-col-100 elementor-top-column elementor-element elementor-element-572a444\" data-id=\"572a444\" data-element_type=\"column\" data-e-type=\"column\">\n\t\t\t<div class=\"elementor-widget-wrap elementor-element-populated\">\n\t\t\t\t\t\t<div class=\"elementor-element elementor-element-5f34171 elementor-widget elementor-widget-text-editor\" data-id=\"5f34171\" data-element_type=\"widget\" data-e-type=\"widget\" data-widget_type=\"text-editor.default\">\n\t\t\t\t<div class=\"elementor-widget-container\">\n\t\t\t\t\t\t\t\t\t<p><a href=\"https:\/\/4k5tools.com\/fr\/\">D\u00c9BUT<\/a> \u00bb <a href=\"https:\/\/4k5tools.com\/fr\/shop\/\">DES PRODUITS<\/a> \u00bb <a href=\"https:\/\/4k5tools.com\/fr\/categorie-produit\/messer-und-werkzeuge\/\">COUTEAUX ET OUTILS<\/a> \u00bb <a href=\"https:\/\/4k5tools.com\/fr\/produkte\/rohrschneider\/\">COUPE-TUBES<\/a><\/p>\t\t\t\t\t\t\t\t<\/div>\n\t\t\t\t<\/div>\n\t\t\t\t<div class=\"elementor-element elementor-element-f1111a0 elementor-widget elementor-widget-text-editor\" data-id=\"f1111a0\" data-element_type=\"widget\" data-e-type=\"widget\" data-widget_type=\"text-editor.default\">\n\t\t\t\t<div class=\"elementor-widget-container\">\n\t\t\t\t\t\t\t\t\t<p>Pratiques et puissants, les coupe-tubes de 4K5 Better Equipment sont parfaits pour sectionner proprement des tubes d\u2019assemblage en plastique et en aluminium en PP (polypropyl\u00e8ne), PE (poly\u00e9thyl\u00e8ne), PB (polybut\u00e8ne) et PVDF (polyfluorure de vinylid\u00e8ne). Lors du processus de coupe, les produits convainquent par leur bo\u00eetier ergonomique avec creux pour les doigts, bonne prise et excellente transmission de la force. Gr\u00e2ce \u00e0 leur excellente r\u00e9sistance \u00e0 l\u2019usure, ils offrent une performance de coupe \u00e9lev\u00e9e et durable.<\/p>\t\t\t\t\t\t\t\t<\/div>\n\t\t\t\t<\/div>\n\t\t\t\t\t<\/div>\n\t\t<\/div>\n\t\t\t\t\t<\/div>\n\t\t<\/section>\n\t\t\t\t<section class=\"elementor-section elementor-top-section elementor-element elementor-element-7a8fe63 elementor-section-boxed elementor-section-height-default elementor-section-height-default\" data-id=\"7a8fe63\" data-element_type=\"section\" data-e-type=\"section\">\n\t\t\t\t\t\t<div class=\"elementor-container elementor-column-gap-default\">\n\t\t\t\t\t<div class=\"elementor-column elementor-col-100 elementor-top-column elementor-element elementor-element-17bab46\" data-id=\"17bab46\" data-element_type=\"column\" data-e-type=\"column\">\n\t\t\t<div class=\"elementor-widget-wrap elementor-element-populated\">\n\t\t\t\t\t\t<div class=\"elementor-element elementor-element-b26d4f3 elementor-widget-divider--view-line elementor-widget elementor-widget-divider\" data-id=\"b26d4f3\" data-element_type=\"widget\" data-e-type=\"widget\" data-widget_type=\"divider.default\">\n\t\t\t\t<div class=\"elementor-widget-container\">\n\t\t\t\t\t\t\t<div class=\"elementor-divider\">\n\t\t\t<span class=\"elementor-divider-separator\">\n\t\t\t\t\t\t<\/span>\n\t\t<\/div>\n\t\t\t\t\t\t<\/div>\n\t\t\t\t<\/div>\n\t\t\t\t\t<\/div>\n\t\t<\/div>\n\t\t\t\t\t<\/div>\n\t\t<\/section>\n\t\t\t\t<section class=\"elementor-section elementor-top-section elementor-element elementor-element-674fb34 elementor-section-boxed elementor-section-height-default elementor-section-height-default\" data-id=\"674fb34\" data-element_type=\"section\" data-e-type=\"section\">\n\t\t\t\t\t\t<div class=\"elementor-container elementor-column-gap-default\">\n\t\t\t\t\t<div class=\"elementor-column elementor-col-100 elementor-top-column elementor-element elementor-element-d4f4d84\" data-id=\"d4f4d84\" data-element_type=\"column\" data-e-type=\"column\">\n\t\t\t<div class=\"elementor-widget-wrap elementor-element-populated\">\n\t\t\t\t\t\t<div class=\"elementor-element elementor-element-8d5ff33 elementor-widget elementor-widget-heading\" data-id=\"8d5ff33\" data-element_type=\"widget\" data-e-type=\"widget\" data-widget_type=\"heading.default\">\n\t\t\t\t<div class=\"elementor-widget-container\">\n\t\t\t\t\t<h2 class=\"elementor-heading-title elementor-size-default\">DONN\u00c9ES TECHNIQUES<\/h2>\t\t\t\t<\/div>\n\t\t\t\t<\/div>\n\t\t\t\t<div class=\"elementor-element elementor-element-da34d08 elementor-widget elementor-widget-elementskit-tablepress\" data-id=\"da34d08\" data-element_type=\"widget\" data-e-type=\"widget\" data-widget_type=\"elementskit-tablepress.default\">\n\t\t\t\t<div class=\"elementor-widget-container\">\n\t\t\t\t\t<div class=\"elemenetskit-tablepress ekit-wid-con\" id=\"ekit_tablepress_da34d08\">\n<table id=\"tablepress-22\" class=\"tablepress tablepress-id-22\">\n<thead>\n<tr class=\"row-1\">\n\t<td class=\"column-1\"><\/td><th class=\"column-2\"><strong>PC 32<\/strong><\/th><th class=\"column-3\"><strong>PC 42<\/strong><\/th><th class=\"column-4\"><strong>PCX 45<\/strong><\/th>\n<\/tr>\n<\/thead>\n<tbody class=\"row-striping\">\n<tr class=\"row-2\">\n\t<td class=\"column-1\"><\/td><td class=\"column-2\"><div style=\"text-align: center;\"><a href=\"https:\/\/4k5tools.com\/fr\/produkte\/rohrschneider\/pc-32\/\"><img fetchpriority=\"high\" decoding=\"async\" src=\"https:\/\/4k5tools.com\/wp-content\/uploads\/2024\/01\/600.632A_10.webp\" alt=\"PC 42\" width=\"1300\" height=\"1300\" class=\"alignnone size-full wp-image-2720\" style=\"display: block; margin: 0 auto;\" \/><\/a><a href=\"https:\/\/4k5tools.com\/fr\/produkte\/rohrschneider\/pc-32\/\" target=\"_blank\" style=\"background-color: #333; color: #fff; text-decoration: none; padding: 2px 10px; font-size: 13px; border-radius: 2px; display: inline-block; margin-bottom: 10px;\" rel=\"noopener\">d\u00e9tails<\/a><\/div><\/td><td class=\"column-3\"><div style=\"text-align: center;\"><a href=\"https:\/\/4k5tools.com\/fr\/produkte\/rohrschneider\/pc-42\/\"><img decoding=\"async\" src=\"https:\/\/4k5tools.com\/wp-content\/uploads\/2024\/01\/600.642A_10.webp\" alt=\"PC 42\" width=\"1300\" height=\"1300\" class=\"alignnone size-full wp-image-2720\" style=\"display: block; margin: 0 auto;\" \/><\/a><a href=\"https:\/\/4k5tools.com\/fr\/produkte\/rohrschneider\/pc-42\/\" target=\"_blank\" style=\"background-color: #333; color: #fff; text-decoration: none; padding: 2px 10px; font-size: 13px; border-radius: 2px; display: inline-block; margin-bottom: 10px;\" rel=\"noopener\">d\u00e9tails<\/a><\/div><\/td><td class=\"column-4\"><div style=\"text-align: center;\"><a href=\"https:\/\/4k5tools.com\/fr\/produkte\/rohrschneider\/pcx-45\/\"><img decoding=\"async\" src=\"https:\/\/4k5tools.com\/wp-content\/uploads\/2024\/01\/600.645A_10.webp\" alt=\"PCX 45\" width=\"1300\" height=\"1300\" class=\"alignnone size-full wp-image-2720\" style=\"display: block; margin: 0 auto;\" \/><\/a><a href=\"https:\/\/4k5tools.com\/fr\/produkte\/rohrschneider\/pcx-45\/\" target=\"_blank\" style=\"background-color: #333; color: #fff; text-decoration: none; padding: 2px 10px; font-size: 13px; border-radius: 2px; display: inline-block; margin-bottom: 10px;\" rel=\"noopener\">d\u00e9tails<\/a><\/div><\/td>\n<\/tr>\n<tr class=\"row-3\">\n\t<td class=\"column-1\"><strong>Version<\/strong><\/td><td class=\"column-2\">Coupe-tubes<\/td><td class=\"column-3\">Coupe-tubes<\/td><td class=\"column-4\">Coupe-tubes<\/td>\n<\/tr>\n<tr class=\"row-4\">\n\t<td class=\"column-1\"><strong>Aff\u00fbtage<\/strong><\/td><td class=\"column-2\">des deux c\u00f4t\u00e9s<\/td><td class=\"column-3\">des deux c\u00f4t\u00e9s<\/td><td class=\"column-4\">des deux c\u00f4t\u00e9s<\/td>\n<\/tr>\n<tr class=\"row-5\">\n\t<td class=\"column-1\"><strong>Ouvrir la lame<\/strong><\/td><td class=\"column-2\">\u00e0 deux mains<\/td><td class=\"column-3\">\u00e0 deux mains<\/td><td class=\"column-4\">\u00e0 deux mains<\/td>\n<\/tr>\n<tr class=\"row-6\">\n\t<td class=\"column-1\"><strong>Forme de lame<\/strong><\/td><td class=\"column-2\">Lame en V<\/td><td class=\"column-3\">Lame en V<\/td><td class=\"column-4\">Lame en V<\/td>\n<\/tr>\n<tr class=\"row-7\">\n\t<td class=\"column-1\"><strong>Mat\u00e9riau de la lame<\/strong><\/td><td class=\"column-2\">5CR13<\/td><td class=\"column-3\">5CR13<\/td><td class=\"column-4\">SK5<\/td>\n<\/tr>\n<tr class=\"row-8\">\n\t<td class=\"column-1\"><strong>Mat\u00e9riau de la poign\u00e9e<\/strong><\/td><td class=\"column-2\">Alliage au zinc, PP + GF15<\/td><td class=\"column-3\">Alliage au zinc, PP + GF15<\/td><td class=\"column-4\">Alliage au zinc, TPR<\/td>\n<\/tr>\n<tr class=\"row-9\">\n\t<td class=\"column-1\"><strong>Duret\u00e9 Rockwell (\u00b11)<\/strong><\/td><td class=\"column-2\">57 HRC<\/td><td class=\"column-3\">57 HRC<\/td><td class=\"column-4\">57 HRC<\/td>\n<\/tr>\n<tr class=\"row-10\">\n\t<td class=\"column-1\"><strong>Rev\u00eatement \/ Finition<\/strong><\/td><td class=\"column-2\">rev\u00eatement noir<\/td><td class=\"column-3\">rev\u00eatement noir<\/td><td class=\"column-4\">surface satin\u00e9e<\/td>\n<\/tr>\n<tr class=\"row-11\">\n\t<td class=\"column-1\"><strong>Dimensions (L x H x P)<\/strong><\/td><td class=\"column-2\">92 x 195 x 24 mm<\/td><td class=\"column-3\">84 x 210 x 26 mm<\/td><td class=\"column-4\">105 x 235 x 35 mm<\/td>\n<\/tr>\n<tr class=\"row-12\">\n\t<td class=\"column-1\"><strong>Poids<\/strong><\/td><td class=\"column-2\">145 g<\/td><td class=\"column-3\">255 g<\/td><td class=\"column-4\">485 g<\/td>\n<\/tr>\n<\/tbody>\n<\/table>\n<!-- #tablepress-22 from cache --><\/div>\t\t\t\t<\/div>\n\t\t\t\t<\/div>\n\t\t\t\t\t<\/div>\n\t\t<\/div>\n\t\t\t\t\t<\/div>\n\t\t<\/section>\n\t\t\t\t<\/div>","protected":false},"excerpt":{"rendered":"<p>ROHRSCHNEIDER&nbsp; START \u00bb PRODUKTE \u00bb MESSER UND WERKZEUGE \u00bb ROHRSCHNEIDER Die handlichen und kraftvollen Rohrschneider von 4K5 Better Equipment eignen sich ideal zum sauberen Trennen von Kunststoff- und Aluminium-Verbundrohren aus PP (Polypropylen), PE (Polyethylen), PB (Polybuten) und PVDF (Polyvinylidenfluorid). Beim Schneidvorgang \u00fcberzeugen die Produkte durch ihre ergonomischen Fingermulden, hohe Griffigkeit und hervorragende Kraft\u00fcbertragung. Dank der [&hellip;]<\/p>\n","protected":false},"author":6,"featured_media":0,"parent":0,"menu_order":0,"comment_status":"closed","ping_status":"closed","template":"","meta":{"ocean_post_layout":"full-screen","ocean_both_sidebars_style":"","ocean_both_sidebars_content_width":0,"ocean_both_sidebars_sidebars_width":0,"ocean_sidebar":"0","ocean_second_sidebar":"0","ocean_disable_margins":"enable","ocean_add_body_class":"","ocean_shortcode_before_top_bar":"","ocean_shortcode_after_top_bar":"","ocean_shortcode_before_header":"","ocean_shortcode_after_header":"","ocean_has_shortcode":"","ocean_shortcode_after_title":"","ocean_shortcode_before_footer_widgets":"","ocean_shortcode_after_footer_widgets":"","ocean_shortcode_before_footer_bottom":"","ocean_shortcode_after_footer_bottom":"","ocean_display_top_bar":"default","ocean_display_header":"default","ocean_header_style":"","ocean_center_header_left_menu":"0","ocean_custom_header_template":"0","ocean_custom_logo":0,"ocean_custom_retina_logo":0,"ocean_custom_logo_max_width":0,"ocean_custom_logo_tablet_max_width":0,"ocean_custom_logo_mobile_max_width":0,"ocean_custom_logo_max_height":0,"ocean_custom_logo_tablet_max_height":0,"ocean_custom_logo_mobile_max_height":0,"ocean_header_custom_menu":"0","ocean_menu_typo_font_family":"0","ocean_menu_typo_font_subset":"","ocean_menu_typo_font_size":0,"ocean_menu_typo_font_size_tablet":0,"ocean_menu_typo_font_size_mobile":0,"ocean_menu_typo_font_size_unit":"px","ocean_menu_typo_font_weight":"","ocean_menu_typo_font_weight_tablet":"","ocean_menu_typo_font_weight_mobile":"","ocean_menu_typo_transform":"","ocean_menu_typo_transform_tablet":"","ocean_menu_typo_transform_mobile":"","ocean_menu_typo_line_height":0,"ocean_menu_typo_line_height_tablet":0,"ocean_menu_typo_line_height_mobile":0,"ocean_menu_typo_line_height_unit":"","ocean_menu_typo_spacing":0,"ocean_menu_typo_spacing_tablet":0,"ocean_menu_typo_spacing_mobile":0,"ocean_menu_typo_spacing_unit":"","ocean_menu_link_color":"","ocean_menu_link_color_hover":"","ocean_menu_link_color_active":"","ocean_menu_link_background":"","ocean_menu_link_hover_background":"","ocean_menu_link_active_background":"","ocean_menu_social_links_bg":"","ocean_menu_social_hover_links_bg":"","ocean_menu_social_links_color":"","ocean_menu_social_hover_links_color":"","ocean_disable_title":"default","ocean_disable_heading":"default","ocean_post_title":"","ocean_post_subheading":"","ocean_post_title_style":"","ocean_post_title_background_color":"","ocean_post_title_background":0,"ocean_post_title_bg_image_position":"","ocean_post_title_bg_image_attachment":"","ocean_post_title_bg_image_repeat":"","ocean_post_title_bg_image_size":"","ocean_post_title_height":0,"ocean_post_title_bg_overlay":0.5,"ocean_post_title_bg_overlay_color":"","ocean_disable_breadcrumbs":"default","ocean_breadcrumbs_color":"","ocean_breadcrumbs_separator_color":"","ocean_breadcrumbs_links_color":"","ocean_breadcrumbs_links_hover_color":"","ocean_display_footer_widgets":"default","ocean_display_footer_bottom":"default","ocean_custom_footer_template":"0","footnotes":""},"class_list":["post-5058","page","type-page","status-publish","hentry","entry","owp-thumbs-layout-horizontal","owp-btn-normal","owp-tabs-layout-horizontal","has-no-thumbnails","has-product-nav"],"yoast_head":"<!-- This site is optimized with the Yoast SEO plugin v27.3 - https:\/\/yoast.com\/product\/yoast-seo-wordpress\/ -->\n<title>ROHRSCHNEIDER - 4K5 BETTER EQUIPMENT<\/title>\n<meta name=\"description\" content=\"Die handlichen Rohrschneider von 4K5 Better Equipment eignen sich ideal zum sauberen Trennen von Kunststoff- und Aluminium-Verbundrohren.\" \/>\n<meta name=\"robots\" content=\"index, follow, max-snippet:-1, max-image-preview:large, max-video-preview:-1\" \/>\n<link rel=\"canonical\" href=\"https:\/\/4k5tools.com\/fr\/rohrschneider\/\" \/>\n<meta property=\"og:locale\" content=\"fr_FR\" \/>\n<meta property=\"og:type\" content=\"article\" \/>\n<meta property=\"og:title\" content=\"ROHRSCHNEIDER - 4K5 BETTER EQUIPMENT\" \/>\n<meta property=\"og:description\" content=\"Die handlichen Rohrschneider von 4K5 Better Equipment eignen sich ideal zum sauberen Trennen von Kunststoff- und Aluminium-Verbundrohren.\" \/>\n<meta property=\"og:url\" content=\"https:\/\/4k5tools.com\/fr\/rohrschneider\/\" \/>\n<meta property=\"og:site_name\" content=\"4K5 BETTER EQUIPMENT\" \/>\n<meta property=\"article:modified_time\" content=\"2024-07-03T09:08:41+00:00\" \/>\n<meta property=\"og:image\" content=\"https:\/\/4k5tools.com\/wp-content\/uploads\/2024\/01\/600.632A_10.webp\" \/>\n<meta name=\"twitter:card\" content=\"summary_large_image\" \/>\n<meta name=\"twitter:label1\" content=\"Dur\u00e9e de lecture estim\u00e9e\" \/>\n\t<meta name=\"twitter:data1\" content=\"2 minutes\" \/>\n<script type=\"application\/ld+json\" class=\"yoast-schema-graph\">{\"@context\":\"https:\\\/\\\/schema.org\",\"@graph\":[{\"@type\":\"WebPage\",\"@id\":\"https:\\\/\\\/4k5tools.com\\\/rohrschneider\\\/\",\"url\":\"https:\\\/\\\/4k5tools.com\\\/rohrschneider\\\/\",\"name\":\"ROHRSCHNEIDER - 4K5 BETTER EQUIPMENT\",\"isPartOf\":{\"@id\":\"https:\\\/\\\/4k5tools.com\\\/#website\"},\"primaryImageOfPage\":{\"@id\":\"https:\\\/\\\/4k5tools.com\\\/rohrschneider\\\/#primaryimage\"},\"image\":{\"@id\":\"https:\\\/\\\/4k5tools.com\\\/rohrschneider\\\/#primaryimage\"},\"thumbnailUrl\":\"https:\\\/\\\/4k5tools.com\\\/wp-content\\\/uploads\\\/2024\\\/01\\\/600.632A_10.webp\",\"datePublished\":\"2024-07-03T08:00:24+00:00\",\"dateModified\":\"2024-07-03T09:08:41+00:00\",\"description\":\"Die handlichen Rohrschneider von 4K5 Better Equipment eignen sich ideal zum sauberen Trennen von Kunststoff- und Aluminium-Verbundrohren.\",\"breadcrumb\":{\"@id\":\"https:\\\/\\\/4k5tools.com\\\/rohrschneider\\\/#breadcrumb\"},\"inLanguage\":\"fr-FR\",\"potentialAction\":[{\"@type\":\"ReadAction\",\"target\":[\"https:\\\/\\\/4k5tools.com\\\/rohrschneider\\\/\"]}]},{\"@type\":\"ImageObject\",\"inLanguage\":\"fr-FR\",\"@id\":\"https:\\\/\\\/4k5tools.com\\\/rohrschneider\\\/#primaryimage\",\"url\":\"https:\\\/\\\/4k5tools.com\\\/wp-content\\\/uploads\\\/2024\\\/01\\\/600.632A_10.webp\",\"contentUrl\":\"https:\\\/\\\/4k5tools.com\\\/wp-content\\\/uploads\\\/2024\\\/01\\\/600.632A_10.webp\"},{\"@type\":\"BreadcrumbList\",\"@id\":\"https:\\\/\\\/4k5tools.com\\\/rohrschneider\\\/#breadcrumb\",\"itemListElement\":[{\"@type\":\"ListItem\",\"position\":1,\"name\":\"START\",\"item\":\"https:\\\/\\\/4k5tools.com\\\/\"},{\"@type\":\"ListItem\",\"position\":2,\"name\":\"ROHRSCHNEIDER\"}]},{\"@type\":\"WebSite\",\"@id\":\"https:\\\/\\\/4k5tools.com\\\/#website\",\"url\":\"https:\\\/\\\/4k5tools.com\\\/\",\"name\":\"4K5 BETTER EQUIPMENT\",\"description\":\"\",\"publisher\":{\"@id\":\"https:\\\/\\\/4k5tools.com\\\/#organization\"},\"potentialAction\":[{\"@type\":\"SearchAction\",\"target\":{\"@type\":\"EntryPoint\",\"urlTemplate\":\"https:\\\/\\\/4k5tools.com\\\/?s={search_term_string}\"},\"query-input\":{\"@type\":\"PropertyValueSpecification\",\"valueRequired\":true,\"valueName\":\"search_term_string\"}}],\"inLanguage\":\"fr-FR\"},{\"@type\":\"Organization\",\"@id\":\"https:\\\/\\\/4k5tools.com\\\/#organization\",\"name\":\"4K5 BETTER EQUIPMENT\",\"url\":\"https:\\\/\\\/4k5tools.com\\\/\",\"logo\":{\"@type\":\"ImageObject\",\"inLanguage\":\"fr-FR\",\"@id\":\"https:\\\/\\\/4k5tools.com\\\/#\\\/schema\\\/logo\\\/image\\\/\",\"url\":\"https:\\\/\\\/4k5tools.com\\\/wp-content\\\/uploads\\\/2022\\\/04\\\/4K5_Better-Equipment.webp\",\"contentUrl\":\"https:\\\/\\\/4k5tools.com\\\/wp-content\\\/uploads\\\/2022\\\/04\\\/4K5_Better-Equipment.webp\",\"width\":550,\"height\":200,\"caption\":\"4K5 BETTER EQUIPMENT\"},\"image\":{\"@id\":\"https:\\\/\\\/4k5tools.com\\\/#\\\/schema\\\/logo\\\/image\\\/\"}}]}<\/script>\n<!-- \/ Yoast SEO plugin. -->","yoast_head_json":{"title":"ROHRSCHNEIDER - 4K5 BETTER EQUIPMENT","description":"Die handlichen Rohrschneider von 4K5 Better Equipment eignen sich ideal zum sauberen Trennen von Kunststoff- und Aluminium-Verbundrohren.","robots":{"index":"index","follow":"follow","max-snippet":"max-snippet:-1","max-image-preview":"max-image-preview:large","max-video-preview":"max-video-preview:-1"},"canonical":"https:\/\/4k5tools.com\/fr\/rohrschneider\/","og_locale":"fr_FR","og_type":"article","og_title":"ROHRSCHNEIDER - 4K5 BETTER EQUIPMENT","og_description":"Die handlichen Rohrschneider von 4K5 Better Equipment eignen sich ideal zum sauberen Trennen von Kunststoff- und Aluminium-Verbundrohren.","og_url":"https:\/\/4k5tools.com\/fr\/rohrschneider\/","og_site_name":"4K5 BETTER EQUIPMENT","article_modified_time":"2024-07-03T09:08:41+00:00","og_image":[{"url":"https:\/\/4k5tools.com\/wp-content\/uploads\/2024\/01\/600.632A_10.webp","type":"","width":"","height":""}],"twitter_card":"summary_large_image","twitter_misc":{"Dur\u00e9e de lecture estim\u00e9e":"2 minutes"},"schema":{"@context":"https:\/\/schema.org","@graph":[{"@type":"WebPage","@id":"https:\/\/4k5tools.com\/rohrschneider\/","url":"https:\/\/4k5tools.com\/rohrschneider\/","name":"ROHRSCHNEIDER - 4K5 BETTER EQUIPMENT","isPartOf":{"@id":"https:\/\/4k5tools.com\/#website"},"primaryImageOfPage":{"@id":"https:\/\/4k5tools.com\/rohrschneider\/#primaryimage"},"image":{"@id":"https:\/\/4k5tools.com\/rohrschneider\/#primaryimage"},"thumbnailUrl":"https:\/\/4k5tools.com\/wp-content\/uploads\/2024\/01\/600.632A_10.webp","datePublished":"2024-07-03T08:00:24+00:00","dateModified":"2024-07-03T09:08:41+00:00","description":"Die handlichen Rohrschneider von 4K5 Better Equipment eignen sich ideal zum sauberen Trennen von Kunststoff- und Aluminium-Verbundrohren.","breadcrumb":{"@id":"https:\/\/4k5tools.com\/rohrschneider\/#breadcrumb"},"inLanguage":"fr-FR","potentialAction":[{"@type":"ReadAction","target":["https:\/\/4k5tools.com\/rohrschneider\/"]}]},{"@type":"ImageObject","inLanguage":"fr-FR","@id":"https:\/\/4k5tools.com\/rohrschneider\/#primaryimage","url":"https:\/\/4k5tools.com\/wp-content\/uploads\/2024\/01\/600.632A_10.webp","contentUrl":"https:\/\/4k5tools.com\/wp-content\/uploads\/2024\/01\/600.632A_10.webp"},{"@type":"BreadcrumbList","@id":"https:\/\/4k5tools.com\/rohrschneider\/#breadcrumb","itemListElement":[{"@type":"ListItem","position":1,"name":"START","item":"https:\/\/4k5tools.com\/"},{"@type":"ListItem","position":2,"name":"ROHRSCHNEIDER"}]},{"@type":"WebSite","@id":"https:\/\/4k5tools.com\/#website","url":"https:\/\/4k5tools.com\/","name":"4K5 BETTER EQUIPMENT","description":"","publisher":{"@id":"https:\/\/4k5tools.com\/#organization"},"potentialAction":[{"@type":"SearchAction","target":{"@type":"EntryPoint","urlTemplate":"https:\/\/4k5tools.com\/?s={search_term_string}"},"query-input":{"@type":"PropertyValueSpecification","valueRequired":true,"valueName":"search_term_string"}}],"inLanguage":"fr-FR"},{"@type":"Organization","@id":"https:\/\/4k5tools.com\/#organization","name":"4K5 BETTER EQUIPMENT","url":"https:\/\/4k5tools.com\/","logo":{"@type":"ImageObject","inLanguage":"fr-FR","@id":"https:\/\/4k5tools.com\/#\/schema\/logo\/image\/","url":"https:\/\/4k5tools.com\/wp-content\/uploads\/2022\/04\/4K5_Better-Equipment.webp","contentUrl":"https:\/\/4k5tools.com\/wp-content\/uploads\/2022\/04\/4K5_Better-Equipment.webp","width":550,"height":200,"caption":"4K5 BETTER EQUIPMENT"},"image":{"@id":"https:\/\/4k5tools.com\/#\/schema\/logo\/image\/"}}]}},"_links":{"self":[{"href":"https:\/\/4k5tools.com\/fr\/wp-json\/wp\/v2\/pages\/5058","targetHints":{"allow":["GET"]}}],"collection":[{"href":"https:\/\/4k5tools.com\/fr\/wp-json\/wp\/v2\/pages"}],"about":[{"href":"https:\/\/4k5tools.com\/fr\/wp-json\/wp\/v2\/types\/page"}],"author":[{"embeddable":true,"href":"https:\/\/4k5tools.com\/fr\/wp-json\/wp\/v2\/users\/6"}],"replies":[{"embeddable":true,"href":"https:\/\/4k5tools.com\/fr\/wp-json\/wp\/v2\/comments?post=5058"}],"version-history":[{"count":19,"href":"https:\/\/4k5tools.com\/fr\/wp-json\/wp\/v2\/pages\/5058\/revisions"}],"predecessor-version":[{"id":5094,"href":"https:\/\/4k5tools.com\/fr\/wp-json\/wp\/v2\/pages\/5058\/revisions\/5094"}],"wp:attachment":[{"href":"https:\/\/4k5tools.com\/fr\/wp-json\/wp\/v2\/media?parent=5058"}],"curies":[{"name":"wp","href":"https:\/\/api.w.org\/{rel}","templated":true}]}}