{"id":5316,"date":"2025-01-29T11:18:02","date_gmt":"2025-01-29T10:18:02","guid":{"rendered":"https:\/\/4k5tools.com\/?page_id=5316"},"modified":"2025-01-29T12:02:37","modified_gmt":"2025-01-29T11:02:37","slug":"4k5-produkte","status":"publish","type":"page","link":"https:\/\/4k5tools.com\/fr\/4k5-produkte\/","title":{"rendered":"4K5 Produkte"},"content":{"rendered":"<div data-elementor-type=\"wp-page\" data-elementor-id=\"5316\" class=\"elementor elementor-5316\">\n\t\t\t\t\t\t<section class=\"elementor-section elementor-top-section elementor-element elementor-element-102d1d3 elementor-section-boxed elementor-section-height-default elementor-section-height-default\" data-id=\"102d1d3\" data-element_type=\"section\" data-e-type=\"section\" data-settings=\"{&quot;background_background&quot;:&quot;classic&quot;}\">\n\t\t\t\t\t\t<div class=\"elementor-container elementor-column-gap-default\">\n\t\t\t\t\t<div class=\"elementor-column elementor-col-100 elementor-top-column elementor-element elementor-element-03ea3e7\" data-id=\"03ea3e7\" data-element_type=\"column\" data-e-type=\"column\">\n\t\t\t<div class=\"elementor-widget-wrap elementor-element-populated\">\n\t\t\t\t\t\t<div class=\"elementor-element elementor-element-77d4254 elementor-widget elementor-widget-heading\" data-id=\"77d4254\" data-element_type=\"widget\" data-e-type=\"widget\" id=\"produktgruppe\" data-widget_type=\"heading.default\">\n\t\t\t\t<div class=\"elementor-widget-container\">\n\t\t\t\t\t<h3 class=\"elementor-heading-title elementor-size-default\">4K5 PRODUKTE&nbsp;<\/h3>\t\t\t\t<\/div>\n\t\t\t\t<\/div>\n\t\t\t\t<div class=\"elementor-element elementor-element-4ed9473 elementor-widget elementor-widget-spacer\" data-id=\"4ed9473\" data-element_type=\"widget\" data-e-type=\"widget\" data-widget_type=\"spacer.default\">\n\t\t\t\t<div class=\"elementor-widget-container\">\n\t\t\t\t\t\t\t<div class=\"elementor-spacer\">\n\t\t\t<div class=\"elementor-spacer-inner\"><\/div>\n\t\t<\/div>\n\t\t\t\t\t\t<\/div>\n\t\t\t\t<\/div>\n\t\t\t\t\t<\/div>\n\t\t<\/div>\n\t\t\t\t\t<\/div>\n\t\t<\/section>\n\t\t\t\t<section class=\"elementor-section elementor-top-section elementor-element elementor-element-9d2a828 elementor-section-boxed elementor-section-height-default elementor-section-height-default\" data-id=\"9d2a828\" data-element_type=\"section\" data-e-type=\"section\">\n\t\t\t\t\t\t<div class=\"elementor-container elementor-column-gap-default\">\n\t\t\t\t\t<div class=\"elementor-column elementor-col-100 elementor-top-column elementor-element elementor-element-572a444\" data-id=\"572a444\" data-element_type=\"column\" data-e-type=\"column\">\n\t\t\t<div class=\"elementor-widget-wrap elementor-element-populated\">\n\t\t\t\t\t\t<div class=\"elementor-element elementor-element-5f34171 elementor-widget elementor-widget-text-editor\" data-id=\"5f34171\" data-element_type=\"widget\" data-e-type=\"widget\" data-widget_type=\"text-editor.default\">\n\t\t\t\t<div class=\"elementor-widget-container\">\n\t\t\t\t\t\t\t\t\t<p><a href=\"https:\/\/4k5tools.com\/fr\/\">D\u00c9BUT<\/a> \u00bb <a href=\"https:\/\/4k5tools.com\/fr\/shop\/\">DES PRODUITS<\/a><\/p>\t\t\t\t\t\t\t\t<\/div>\n\t\t\t\t<\/div>\n\t\t\t\t\t<\/div>\n\t\t<\/div>\n\t\t\t\t\t<\/div>\n\t\t<\/section>\n\t\t\t\t<section class=\"elementor-section elementor-top-section elementor-element elementor-element-ec81032 elementor-hidden-tablet elementor-section-boxed elementor-section-height-default elementor-section-height-default\" data-id=\"ec81032\" data-element_type=\"section\" data-e-type=\"section\">\n\t\t\t\t\t\t<div class=\"elementor-container elementor-column-gap-default\">\n\t\t\t\t\t<div class=\"elementor-column elementor-col-50 elementor-top-column elementor-element elementor-element-247ae5c\" data-id=\"247ae5c\" data-element_type=\"column\" data-e-type=\"column\">\n\t\t\t<div class=\"elementor-widget-wrap elementor-element-populated\">\n\t\t\t\t\t\t<div class=\"elementor-element elementor-element-ad86da2 elementor-widget elementor-widget-image\" data-id=\"ad86da2\" data-element_type=\"widget\" data-e-type=\"widget\" data-widget_type=\"image.default\">\n\t\t\t\t<div class=\"elementor-widget-container\">\n\t\t\t\t\t\t\t\t\t\t\t\t\t\t\t\t<a href=\"https:\/\/4k5tools.com\/fr\/categorie-produit\/wasserwaage\/\">\n\t\t\t\t\t\t\t<img fetchpriority=\"high\" decoding=\"async\" width=\"1024\" height=\"683\" src=\"https:\/\/4k5tools.com\/wp-content\/uploads\/2022\/03\/4K5-Wasserwaage-Baustelle.webp\" class=\"attachment-full size-full wp-image-2219\" alt=\"4K5 Wasserwaage Baustelle\" srcset=\"https:\/\/4k5tools.com\/wp-content\/uploads\/2022\/03\/4K5-Wasserwaage-Baustelle.webp 1024w, https:\/\/4k5tools.com\/wp-content\/uploads\/2022\/03\/4K5-Wasserwaage-Baustelle-744x496.webp 744w, https:\/\/4k5tools.com\/wp-content\/uploads\/2022\/03\/4K5-Wasserwaage-Baustelle-768x512.webp 768w, https:\/\/4k5tools.com\/wp-content\/uploads\/2022\/03\/4K5-Wasserwaage-Baustelle-18x12.webp 18w\" sizes=\"(max-width: 1024px) 100vw, 1024px\" \/>\t\t\t\t\t\t\t\t<\/a>\n\t\t\t\t\t\t\t\t\t\t\t\t\t\t\t<\/div>\n\t\t\t\t<\/div>\n\t\t\t\t<div class=\"elementor-element elementor-element-a7677bc elementor-widget__width-auto elementor-widget elementor-widget-heading\" data-id=\"a7677bc\" data-element_type=\"widget\" data-e-type=\"widget\" data-widget_type=\"heading.default\">\n\t\t\t\t<div class=\"elementor-widget-container\">\n\t\t\t\t\t<h1 class=\"elementor-heading-title elementor-size-default\"><a href=\"https:\/\/4k5tools.com\/fr\/categorie-produit\/wasserwaage\/\">NIVEAUX \u00c0 BULLE&nbsp;<\/a><\/h1>\t\t\t\t<\/div>\n\t\t\t\t<\/div>\n\t\t\t\t<div class=\"elementor-element elementor-element-58bae24 elementor-widget elementor-widget-spacer\" data-id=\"58bae24\" data-element_type=\"widget\" data-e-type=\"widget\" data-widget_type=\"spacer.default\">\n\t\t\t\t<div class=\"elementor-widget-container\">\n\t\t\t\t\t\t\t<div class=\"elementor-spacer\">\n\t\t\t<div class=\"elementor-spacer-inner\"><\/div>\n\t\t<\/div>\n\t\t\t\t\t\t<\/div>\n\t\t\t\t<\/div>\n\t\t\t\t\t<\/div>\n\t\t<\/div>\n\t\t\t\t<div class=\"elementor-column elementor-col-50 elementor-top-column elementor-element elementor-element-78f8220\" data-id=\"78f8220\" data-element_type=\"column\" data-e-type=\"column\">\n\t\t\t<div class=\"elementor-widget-wrap elementor-element-populated\">\n\t\t\t\t\t\t<div class=\"elementor-element elementor-element-fb99546 elementor-widget elementor-widget-image\" data-id=\"fb99546\" data-element_type=\"widget\" data-e-type=\"widget\" data-widget_type=\"image.default\">\n\t\t\t\t<div class=\"elementor-widget-container\">\n\t\t\t\t\t\t\t\t\t\t\t\t\t\t\t\t<a href=\"https:\/\/4k5tools.com\/fr\/categorie-produit\/messzeuge\/\">\n\t\t\t\t\t\t\t<img decoding=\"async\" width=\"760\" height=\"507\" src=\"https:\/\/4k5tools.com\/wp-content\/uploads\/2022\/03\/4K5_Produkte_Messzeuge.webp\" class=\"attachment-full size-full wp-image-1809\" alt=\"4K5 Produkte Messzeuge\" srcset=\"https:\/\/4k5tools.com\/wp-content\/uploads\/2022\/03\/4K5_Produkte_Messzeuge.webp 760w, https:\/\/4k5tools.com\/wp-content\/uploads\/2022\/03\/4K5_Produkte_Messzeuge-744x496.webp 744w, https:\/\/4k5tools.com\/wp-content\/uploads\/2022\/03\/4K5_Produkte_Messzeuge-18x12.webp 18w\" sizes=\"(max-width: 760px) 100vw, 760px\" \/>\t\t\t\t\t\t\t\t<\/a>\n\t\t\t\t\t\t\t\t\t\t\t\t\t\t\t<\/div>\n\t\t\t\t<\/div>\n\t\t\t\t<div class=\"elementor-element elementor-element-892b80c elementor-widget__width-auto elementor-widget elementor-widget-heading\" data-id=\"892b80c\" data-element_type=\"widget\" data-e-type=\"widget\" data-widget_type=\"heading.default\">\n\t\t\t\t<div class=\"elementor-widget-container\">\n\t\t\t\t\t<h2 class=\"elementor-heading-title elementor-size-default\"><a href=\"https:\/\/4k5tools.com\/fr\/categorie-produit\/messzeuge\/\">OUTILS DE MESURE&nbsp;<\/a><\/h2>\t\t\t\t<\/div>\n\t\t\t\t<\/div>\n\t\t\t\t<div class=\"elementor-element elementor-element-5acd80b elementor-widget elementor-widget-spacer\" data-id=\"5acd80b\" data-element_type=\"widget\" data-e-type=\"widget\" data-widget_type=\"spacer.default\">\n\t\t\t\t<div class=\"elementor-widget-container\">\n\t\t\t\t\t\t\t<div class=\"elementor-spacer\">\n\t\t\t<div class=\"elementor-spacer-inner\"><\/div>\n\t\t<\/div>\n\t\t\t\t\t\t<\/div>\n\t\t\t\t<\/div>\n\t\t\t\t\t<\/div>\n\t\t<\/div>\n\t\t\t\t\t<\/div>\n\t\t<\/section>\n\t\t\t\t<section class=\"elementor-section elementor-top-section elementor-element elementor-element-eced2e7 elementor-hidden-tablet elementor-section-boxed elementor-section-height-default elementor-section-height-default\" data-id=\"eced2e7\" data-element_type=\"section\" data-e-type=\"section\">\n\t\t\t\t\t\t<div class=\"elementor-container elementor-column-gap-default\">\n\t\t\t\t\t<div class=\"elementor-column elementor-col-50 elementor-top-column elementor-element elementor-element-5ef5b27\" data-id=\"5ef5b27\" data-element_type=\"column\" data-e-type=\"column\">\n\t\t\t<div class=\"elementor-widget-wrap elementor-element-populated\">\n\t\t\t\t\t\t<div class=\"elementor-element elementor-element-e509158 elementor-widget elementor-widget-spacer\" data-id=\"e509158\" data-element_type=\"widget\" data-e-type=\"widget\" data-widget_type=\"spacer.default\">\n\t\t\t\t<div class=\"elementor-widget-container\">\n\t\t\t\t\t\t\t<div class=\"elementor-spacer\">\n\t\t\t<div class=\"elementor-spacer-inner\"><\/div>\n\t\t<\/div>\n\t\t\t\t\t\t<\/div>\n\t\t\t\t<\/div>\n\t\t\t\t<div class=\"elementor-element elementor-element-3265432 elementor-widget elementor-widget-image\" data-id=\"3265432\" data-element_type=\"widget\" data-e-type=\"widget\" data-widget_type=\"image.default\">\n\t\t\t\t<div class=\"elementor-widget-container\">\n\t\t\t\t\t\t\t\t\t\t\t\t\t\t\t\t<a href=\"https:\/\/4k5tools.com\/fr\/categorie-produit\/messer-und-werkzeuge\/\">\n\t\t\t\t\t\t\t<img decoding=\"async\" width=\"760\" height=\"507\" src=\"https:\/\/4k5tools.com\/wp-content\/uploads\/2022\/03\/4K5_Produkte_Messer.webp\" class=\"attachment-full size-full wp-image-1811\" alt=\"4K5 Produkte Messer\" srcset=\"https:\/\/4k5tools.com\/wp-content\/uploads\/2022\/03\/4K5_Produkte_Messer.webp 760w, https:\/\/4k5tools.com\/wp-content\/uploads\/2022\/03\/4K5_Produkte_Messer-744x496.webp 744w, https:\/\/4k5tools.com\/wp-content\/uploads\/2022\/03\/4K5_Produkte_Messer-18x12.webp 18w\" sizes=\"(max-width: 760px) 100vw, 760px\" \/>\t\t\t\t\t\t\t\t<\/a>\n\t\t\t\t\t\t\t\t\t\t\t\t\t\t\t<\/div>\n\t\t\t\t<\/div>\n\t\t\t\t<div class=\"elementor-element elementor-element-1276fae elementor-widget__width-auto elementor-widget elementor-widget-heading\" data-id=\"1276fae\" data-element_type=\"widget\" data-e-type=\"widget\" data-widget_type=\"heading.default\">\n\t\t\t\t<div class=\"elementor-widget-container\">\n\t\t\t\t\t<h1 class=\"elementor-heading-title elementor-size-default\"><a href=\"https:\/\/4k5tools.com\/fr\/categorie-produit\/messer-und-werkzeuge\/\">MESSER &amp; WERKZEUGE&nbsp;<\/a><\/h1>\t\t\t\t<\/div>\n\t\t\t\t<\/div>\n\t\t\t\t<div class=\"elementor-element elementor-element-f1f8231 elementor-widget elementor-widget-spacer\" data-id=\"f1f8231\" data-element_type=\"widget\" data-e-type=\"widget\" data-widget_type=\"spacer.default\">\n\t\t\t\t<div class=\"elementor-widget-container\">\n\t\t\t\t\t\t\t<div class=\"elementor-spacer\">\n\t\t\t<div class=\"elementor-spacer-inner\"><\/div>\n\t\t<\/div>\n\t\t\t\t\t\t<\/div>\n\t\t\t\t<\/div>\n\t\t\t\t\t<\/div>\n\t\t<\/div>\n\t\t\t\t<div class=\"elementor-column elementor-col-50 elementor-top-column elementor-element elementor-element-5131964\" data-id=\"5131964\" data-element_type=\"column\" data-e-type=\"column\">\n\t\t\t<div class=\"elementor-widget-wrap elementor-element-populated\">\n\t\t\t\t\t\t<div class=\"elementor-element elementor-element-5174cce elementor-widget elementor-widget-spacer\" data-id=\"5174cce\" data-element_type=\"widget\" data-e-type=\"widget\" data-widget_type=\"spacer.default\">\n\t\t\t\t<div class=\"elementor-widget-container\">\n\t\t\t\t\t\t\t<div class=\"elementor-spacer\">\n\t\t\t<div class=\"elementor-spacer-inner\"><\/div>\n\t\t<\/div>\n\t\t\t\t\t\t<\/div>\n\t\t\t\t<\/div>\n\t\t\t\t<div class=\"elementor-element elementor-element-952cc4e elementor-widget elementor-widget-image\" data-id=\"952cc4e\" data-element_type=\"widget\" data-e-type=\"widget\" data-widget_type=\"image.default\">\n\t\t\t\t<div class=\"elementor-widget-container\">\n\t\t\t\t\t\t\t\t\t\t\t\t\t\t\t\t<a href=\"https:\/\/4k5tools.com\/fr\/categorie-produit\/wasserwaage\/\">\n\t\t\t\t\t\t\t<img loading=\"lazy\" decoding=\"async\" width=\"1024\" height=\"683\" src=\"https:\/\/4k5tools.com\/wp-content\/uploads\/2022\/04\/4K5-Arbeitsleuchte-Baustelle.jpg\" class=\"attachment-full size-full wp-image-2743\" alt=\"4K5 Arbeitsleuchte Baustelle\" srcset=\"https:\/\/4k5tools.com\/wp-content\/uploads\/2022\/04\/4K5-Arbeitsleuchte-Baustelle.jpg 1024w, https:\/\/4k5tools.com\/wp-content\/uploads\/2022\/04\/4K5-Arbeitsleuchte-Baustelle-768x512.jpg 768w, https:\/\/4k5tools.com\/wp-content\/uploads\/2022\/04\/4K5-Arbeitsleuchte-Baustelle-18x12.jpg 18w, https:\/\/4k5tools.com\/wp-content\/uploads\/2022\/04\/4K5-Arbeitsleuchte-Baustelle-744x496.jpg 744w\" sizes=\"(max-width: 1024px) 100vw, 1024px\" \/>\t\t\t\t\t\t\t\t<\/a>\n\t\t\t\t\t\t\t\t\t\t\t\t\t\t\t<\/div>\n\t\t\t\t<\/div>\n\t\t\t\t<div class=\"elementor-element elementor-element-9bf2b22 elementor-widget__width-auto elementor-widget elementor-widget-heading\" data-id=\"9bf2b22\" data-element_type=\"widget\" data-e-type=\"widget\" data-widget_type=\"heading.default\">\n\t\t\t\t<div class=\"elementor-widget-container\">\n\t\t\t\t\t<h1 class=\"elementor-heading-title elementor-size-default\"><a href=\"https:\/\/4k5tools.com\/fr\/categorie-produit\/lampen\/\">LAMPES&nbsp;<\/a><\/h1>\t\t\t\t<\/div>\n\t\t\t\t<\/div>\n\t\t\t\t<div class=\"elementor-element elementor-element-43f3db1 elementor-widget elementor-widget-spacer\" data-id=\"43f3db1\" data-element_type=\"widget\" data-e-type=\"widget\" data-widget_type=\"spacer.default\">\n\t\t\t\t<div class=\"elementor-widget-container\">\n\t\t\t\t\t\t\t<div class=\"elementor-spacer\">\n\t\t\t<div class=\"elementor-spacer-inner\"><\/div>\n\t\t<\/div>\n\t\t\t\t\t\t<\/div>\n\t\t\t\t<\/div>\n\t\t\t\t\t<\/div>\n\t\t<\/div>\n\t\t\t\t\t<\/div>\n\t\t<\/section>\n\t\t\t\t<\/div>","protected":false},"excerpt":{"rendered":"<p>4K5 PRODUKTE&nbsp; START \u00bb PRODUKTE WASSERWAAGEN&nbsp; MESSZEUGE&nbsp; MESSER &amp; WERKZEUGE&nbsp; LAMPEN&nbsp;<\/p>","protected":false},"author":6,"featured_media":0,"parent":0,"menu_order":0,"comment_status":"closed","ping_status":"closed","template":"","meta":{"ocean_post_layout":"full-screen","ocean_both_sidebars_style":"","ocean_both_sidebars_content_width":0,"ocean_both_sidebars_sidebars_width":0,"ocean_sidebar":"0","ocean_second_sidebar":"0","ocean_disable_margins":"enable","ocean_add_body_class":"","ocean_shortcode_before_top_bar":"","ocean_shortcode_after_top_bar":"","ocean_shortcode_before_header":"","ocean_shortcode_after_header":"","ocean_has_shortcode":"","ocean_shortcode_after_title":"","ocean_shortcode_before_footer_widgets":"","ocean_shortcode_after_footer_widgets":"","ocean_shortcode_before_footer_bottom":"","ocean_shortcode_after_footer_bottom":"","ocean_display_top_bar":"default","ocean_display_header":"default","ocean_header_style":"","ocean_center_header_left_menu":"0","ocean_custom_header_template":"0","ocean_custom_logo":0,"ocean_custom_retina_logo":0,"ocean_custom_logo_max_width":0,"ocean_custom_logo_tablet_max_width":0,"ocean_custom_logo_mobile_max_width":0,"ocean_custom_logo_max_height":0,"ocean_custom_logo_tablet_max_height":0,"ocean_custom_logo_mobile_max_height":0,"ocean_header_custom_menu":"0","ocean_menu_typo_font_family":"0","ocean_menu_typo_font_subset":"","ocean_menu_typo_font_size":0,"ocean_menu_typo_font_size_tablet":0,"ocean_menu_typo_font_size_mobile":0,"ocean_menu_typo_font_size_unit":"px","ocean_menu_typo_font_weight":"","ocean_menu_typo_font_weight_tablet":"","ocean_menu_typo_font_weight_mobile":"","ocean_menu_typo_transform":"","ocean_menu_typo_transform_tablet":"","ocean_menu_typo_transform_mobile":"","ocean_menu_typo_line_height":0,"ocean_menu_typo_line_height_tablet":0,"ocean_menu_typo_line_height_mobile":0,"ocean_menu_typo_line_height_unit":"","ocean_menu_typo_spacing":0,"ocean_menu_typo_spacing_tablet":0,"ocean_menu_typo_spacing_mobile":0,"ocean_menu_typo_spacing_unit":"","ocean_menu_link_color":"","ocean_menu_link_color_hover":"","ocean_menu_link_color_active":"","ocean_menu_link_background":"","ocean_menu_link_hover_background":"","ocean_menu_link_active_background":"","ocean_menu_social_links_bg":"","ocean_menu_social_hover_links_bg":"","ocean_menu_social_links_color":"","ocean_menu_social_hover_links_color":"","ocean_disable_title":"default","ocean_disable_heading":"default","ocean_post_title":"","ocean_post_subheading":"","ocean_post_title_style":"","ocean_post_title_background_color":"","ocean_post_title_background":0,"ocean_post_title_bg_image_position":"","ocean_post_title_bg_image_attachment":"","ocean_post_title_bg_image_repeat":"","ocean_post_title_bg_image_size":"","ocean_post_title_height":0,"ocean_post_title_bg_overlay":0.5,"ocean_post_title_bg_overlay_color":"","ocean_disable_breadcrumbs":"default","ocean_breadcrumbs_color":"","ocean_breadcrumbs_separator_color":"","ocean_breadcrumbs_links_color":"","ocean_breadcrumbs_links_hover_color":"","ocean_display_footer_widgets":"default","ocean_display_footer_bottom":"default","ocean_custom_footer_template":"0","footnotes":""},"class_list":["post-5316","page","type-page","status-publish","hentry","entry","owp-thumbs-layout-horizontal","owp-btn-normal","owp-tabs-layout-horizontal","has-no-thumbnails","has-product-nav"],"yoast_head":"<!-- This site is optimized with the Yoast SEO plugin v27.0 - https:\/\/yoast.com\/product\/yoast-seo-wordpress\/ -->\n<title>4K5 Produkte - 4K5 BETTER EQUIPMENT<\/title>\n<meta name=\"description\" content=\"4K5 Ma\u00dfb\u00e4nder bieten eine gute Lesbarkeit und sind mit Bandl\u00e4ngen von 3 bis 50 Metern f\u00fcr Innen- und Au\u00dfenanwendungen geeignet.\" \/>\n<meta name=\"robots\" content=\"index, follow, max-snippet:-1, max-image-preview:large, max-video-preview:-1\" \/>\n<link rel=\"canonical\" href=\"https:\/\/4k5tools.com\/fr\/4k5-produkte\/\" \/>\n<meta property=\"og:locale\" content=\"fr_FR\" \/>\n<meta property=\"og:type\" content=\"article\" \/>\n<meta property=\"og:title\" content=\"4K5 Produkte - 4K5 BETTER EQUIPMENT\" \/>\n<meta property=\"og:description\" content=\"4K5 Ma\u00dfb\u00e4nder bieten eine gute Lesbarkeit und sind mit Bandl\u00e4ngen von 3 bis 50 Metern f\u00fcr Innen- und Au\u00dfenanwendungen geeignet.\" \/>\n<meta property=\"og:url\" content=\"https:\/\/4k5tools.com\/fr\/4k5-produkte\/\" \/>\n<meta property=\"og:site_name\" content=\"4K5 BETTER EQUIPMENT\" \/>\n<meta property=\"article:modified_time\" content=\"2025-01-29T11:02:37+00:00\" \/>\n<meta property=\"og:image\" content=\"https:\/\/4k5tools.com\/wp-content\/uploads\/2022\/03\/4K5-Wasserwaage-Baustelle.webp\" \/>\n\t<meta property=\"og:image:width\" content=\"1024\" \/>\n\t<meta property=\"og:image:height\" content=\"683\" \/>\n\t<meta property=\"og:image:type\" content=\"image\/webp\" \/>\n<meta name=\"twitter:card\" content=\"summary_large_image\" \/>\n<meta name=\"twitter:label1\" content=\"Dur\u00e9e de lecture estim\u00e9e\" \/>\n\t<meta name=\"twitter:data1\" content=\"1 minute\" \/>\n<script type=\"application\/ld+json\" class=\"yoast-schema-graph\">{\"@context\":\"https:\/\/schema.org\",\"@graph\":[{\"@type\":\"WebPage\",\"@id\":\"https:\/\/4k5tools.com\/4k5-produkte\/\",\"url\":\"https:\/\/4k5tools.com\/4k5-produkte\/\",\"name\":\"4K5 Produkte - 4K5 BETTER EQUIPMENT\",\"isPartOf\":{\"@id\":\"https:\/\/4k5tools.com\/#website\"},\"primaryImageOfPage\":{\"@id\":\"https:\/\/4k5tools.com\/4k5-produkte\/#primaryimage\"},\"image\":{\"@id\":\"https:\/\/4k5tools.com\/4k5-produkte\/#primaryimage\"},\"thumbnailUrl\":\"https:\/\/4k5tools.com\/wp-content\/uploads\/2022\/03\/4K5-Wasserwaage-Baustelle.webp\",\"datePublished\":\"2025-01-29T10:18:02+00:00\",\"dateModified\":\"2025-01-29T11:02:37+00:00\",\"description\":\"4K5 Ma\u00dfb\u00e4nder bieten eine gute Lesbarkeit und sind mit Bandl\u00e4ngen von 3 bis 50 Metern f\u00fcr Innen- und Au\u00dfenanwendungen geeignet.\",\"breadcrumb\":{\"@id\":\"https:\/\/4k5tools.com\/4k5-produkte\/#breadcrumb\"},\"inLanguage\":\"fr-FR\",\"potentialAction\":[{\"@type\":\"ReadAction\",\"target\":[\"https:\/\/4k5tools.com\/4k5-produkte\/\"]}]},{\"@type\":\"ImageObject\",\"inLanguage\":\"fr-FR\",\"@id\":\"https:\/\/4k5tools.com\/4k5-produkte\/#primaryimage\",\"url\":\"https:\/\/4k5tools.com\/wp-content\/uploads\/2022\/03\/4K5-Wasserwaage-Baustelle.webp\",\"contentUrl\":\"https:\/\/4k5tools.com\/wp-content\/uploads\/2022\/03\/4K5-Wasserwaage-Baustelle.webp\"},{\"@type\":\"BreadcrumbList\",\"@id\":\"https:\/\/4k5tools.com\/4k5-produkte\/#breadcrumb\",\"itemListElement\":[{\"@type\":\"ListItem\",\"position\":1,\"name\":\"START\",\"item\":\"https:\/\/4k5tools.com\/\"},{\"@type\":\"ListItem\",\"position\":2,\"name\":\"4K5 Produkte\"}]},{\"@type\":\"WebSite\",\"@id\":\"https:\/\/4k5tools.com\/#website\",\"url\":\"https:\/\/4k5tools.com\/\",\"name\":\"4K5 BETTER EQUIPMENT\",\"description\":\"\",\"publisher\":{\"@id\":\"https:\/\/4k5tools.com\/#organization\"},\"potentialAction\":[{\"@type\":\"SearchAction\",\"target\":{\"@type\":\"EntryPoint\",\"urlTemplate\":\"https:\/\/4k5tools.com\/?s={search_term_string}\"},\"query-input\":{\"@type\":\"PropertyValueSpecification\",\"valueRequired\":true,\"valueName\":\"search_term_string\"}}],\"inLanguage\":\"fr-FR\"},{\"@type\":\"Organization\",\"@id\":\"https:\/\/4k5tools.com\/#organization\",\"name\":\"4K5 BETTER EQUIPMENT\",\"url\":\"https:\/\/4k5tools.com\/\",\"logo\":{\"@type\":\"ImageObject\",\"inLanguage\":\"fr-FR\",\"@id\":\"https:\/\/4k5tools.com\/#\/schema\/logo\/image\/\",\"url\":\"https:\/\/4k5tools.com\/wp-content\/uploads\/2022\/04\/4K5_Better-Equipment.webp\",\"contentUrl\":\"https:\/\/4k5tools.com\/wp-content\/uploads\/2022\/04\/4K5_Better-Equipment.webp\",\"width\":550,\"height\":200,\"caption\":\"4K5 BETTER EQUIPMENT\"},\"image\":{\"@id\":\"https:\/\/4k5tools.com\/#\/schema\/logo\/image\/\"}}]}<\/script>\n<!-- \/ Yoast SEO plugin. -->","yoast_head_json":{"title":"4K5 Produkte - 4K5 BETTER EQUIPMENT","description":"4K5 Ma\u00dfb\u00e4nder bieten eine gute Lesbarkeit und sind mit Bandl\u00e4ngen von 3 bis 50 Metern f\u00fcr Innen- und Au\u00dfenanwendungen geeignet.","robots":{"index":"index","follow":"follow","max-snippet":"max-snippet:-1","max-image-preview":"max-image-preview:large","max-video-preview":"max-video-preview:-1"},"canonical":"https:\/\/4k5tools.com\/fr\/4k5-produkte\/","og_locale":"fr_FR","og_type":"article","og_title":"4K5 Produkte - 4K5 BETTER EQUIPMENT","og_description":"4K5 Ma\u00dfb\u00e4nder bieten eine gute Lesbarkeit und sind mit Bandl\u00e4ngen von 3 bis 50 Metern f\u00fcr Innen- und Au\u00dfenanwendungen geeignet.","og_url":"https:\/\/4k5tools.com\/fr\/4k5-produkte\/","og_site_name":"4K5 BETTER EQUIPMENT","article_modified_time":"2025-01-29T11:02:37+00:00","og_image":[{"width":1024,"height":683,"url":"https:\/\/4k5tools.com\/wp-content\/uploads\/2022\/03\/4K5-Wasserwaage-Baustelle.webp","type":"image\/webp"}],"twitter_card":"summary_large_image","twitter_misc":{"Dur\u00e9e de lecture estim\u00e9e":"1 minute"},"schema":{"@context":"https:\/\/schema.org","@graph":[{"@type":"WebPage","@id":"https:\/\/4k5tools.com\/4k5-produkte\/","url":"https:\/\/4k5tools.com\/4k5-produkte\/","name":"4K5 Produkte - 4K5 BETTER EQUIPMENT","isPartOf":{"@id":"https:\/\/4k5tools.com\/#website"},"primaryImageOfPage":{"@id":"https:\/\/4k5tools.com\/4k5-produkte\/#primaryimage"},"image":{"@id":"https:\/\/4k5tools.com\/4k5-produkte\/#primaryimage"},"thumbnailUrl":"https:\/\/4k5tools.com\/wp-content\/uploads\/2022\/03\/4K5-Wasserwaage-Baustelle.webp","datePublished":"2025-01-29T10:18:02+00:00","dateModified":"2025-01-29T11:02:37+00:00","description":"4K5 Ma\u00dfb\u00e4nder bieten eine gute Lesbarkeit und sind mit Bandl\u00e4ngen von 3 bis 50 Metern f\u00fcr Innen- und Au\u00dfenanwendungen geeignet.","breadcrumb":{"@id":"https:\/\/4k5tools.com\/4k5-produkte\/#breadcrumb"},"inLanguage":"fr-FR","potentialAction":[{"@type":"ReadAction","target":["https:\/\/4k5tools.com\/4k5-produkte\/"]}]},{"@type":"ImageObject","inLanguage":"fr-FR","@id":"https:\/\/4k5tools.com\/4k5-produkte\/#primaryimage","url":"https:\/\/4k5tools.com\/wp-content\/uploads\/2022\/03\/4K5-Wasserwaage-Baustelle.webp","contentUrl":"https:\/\/4k5tools.com\/wp-content\/uploads\/2022\/03\/4K5-Wasserwaage-Baustelle.webp"},{"@type":"BreadcrumbList","@id":"https:\/\/4k5tools.com\/4k5-produkte\/#breadcrumb","itemListElement":[{"@type":"ListItem","position":1,"name":"START","item":"https:\/\/4k5tools.com\/"},{"@type":"ListItem","position":2,"name":"4K5 Produkte"}]},{"@type":"WebSite","@id":"https:\/\/4k5tools.com\/#website","url":"https:\/\/4k5tools.com\/","name":"4K5 BETTER EQUIPMENT","description":"","publisher":{"@id":"https:\/\/4k5tools.com\/#organization"},"potentialAction":[{"@type":"SearchAction","target":{"@type":"EntryPoint","urlTemplate":"https:\/\/4k5tools.com\/?s={search_term_string}"},"query-input":{"@type":"PropertyValueSpecification","valueRequired":true,"valueName":"search_term_string"}}],"inLanguage":"fr-FR"},{"@type":"Organization","@id":"https:\/\/4k5tools.com\/#organization","name":"4K5 BETTER EQUIPMENT","url":"https:\/\/4k5tools.com\/","logo":{"@type":"ImageObject","inLanguage":"fr-FR","@id":"https:\/\/4k5tools.com\/#\/schema\/logo\/image\/","url":"https:\/\/4k5tools.com\/wp-content\/uploads\/2022\/04\/4K5_Better-Equipment.webp","contentUrl":"https:\/\/4k5tools.com\/wp-content\/uploads\/2022\/04\/4K5_Better-Equipment.webp","width":550,"height":200,"caption":"4K5 BETTER EQUIPMENT"},"image":{"@id":"https:\/\/4k5tools.com\/#\/schema\/logo\/image\/"}}]}},"_links":{"self":[{"href":"https:\/\/4k5tools.com\/fr\/wp-json\/wp\/v2\/pages\/5316","targetHints":{"allow":["GET"]}}],"collection":[{"href":"https:\/\/4k5tools.com\/fr\/wp-json\/wp\/v2\/pages"}],"about":[{"href":"https:\/\/4k5tools.com\/fr\/wp-json\/wp\/v2\/types\/page"}],"author":[{"embeddable":true,"href":"https:\/\/4k5tools.com\/fr\/wp-json\/wp\/v2\/users\/6"}],"replies":[{"embeddable":true,"href":"https:\/\/4k5tools.com\/fr\/wp-json\/wp\/v2\/comments?post=5316"}],"version-history":[{"count":31,"href":"https:\/\/4k5tools.com\/fr\/wp-json\/wp\/v2\/pages\/5316\/revisions"}],"predecessor-version":[{"id":5349,"href":"https:\/\/4k5tools.com\/fr\/wp-json\/wp\/v2\/pages\/5316\/revisions\/5349"}],"wp:attachment":[{"href":"https:\/\/4k5tools.com\/fr\/wp-json\/wp\/v2\/media?parent=5316"}],"curies":[{"name":"wp","href":"https:\/\/api.w.org\/{rel}","templated":true}]}}