{"id":1182,"date":"2021-12-21T09:02:15","date_gmt":"2021-12-21T08:02:15","guid":{"rendered":"https:\/\/4k5tools.com\/produkt\/wp-550-flagship-workpro\/"},"modified":"2025-01-29T12:02:15","modified_gmt":"2025-01-29T11:02:15","slug":"wp-550-flagship-workpro","status":"publish","type":"product","link":"https:\/\/4k5tools.com\/fr\/produkte\/lampen\/kopflampen\/wp-550-flagship-workpro\/","title":{"rendered":"WP 550"},"content":{"rendered":"<p>Cette lampe frontale \u00e0 LED efficace et prot\u00e9g\u00e9e contre les projections d\u2019eau offre une luminosit\u00e9 \u00e9lev\u00e9e un un confort d\u2019utilisation parfait. L\u2019enclenchement et le d\u00e9senclenchement en mode \u00ab\u00a0Capteur Marche\u00a0\u00bb par un mouvement de la main devant la lampe est particuli\u00e8rement pratique et permet de gagner du temps. L\u2019utilisateur peut ainsi allumer ou \u00e9tendre la lampe m\u00eame lorsqu'il porte des gants de travail encrass\u00e9s. Pour un \u00e9clairage optimal de la zone de travail, la t\u00eate lumineuse est inclinable par paliers jusqu\u2019\u00e0 90\u00b0. L\u2019appareil est \u00e9quip\u00e9 des niveaux d\u2019\u00e9clairage \u00ab\u00a0High\u00a0\u00bb, \u00ab\u00a0Medium\u00a0\u00bb, \u00ab\u00a0Low\u00a0\u00bb, ainsi que \u00ab\u00a0Red\u00a0\u00bb et \u00ab\u00a0Red blink\u00a0\u00bb. Le bandeau \u00e9lastique s\u2019adapte \u00e0 toutes les tailles de t\u00eate. Une bande en caoutchouc garantit un bon maintien de la lampe frontale et l\u2019emp\u00eache de glisser ou de bouger. En raison de son poids plume et de la sa forme compacte, la t\u00eate de l\u2019utilisateur n\u2019est pas expos\u00e9 \u00e0 la fatigue. Pinces de fixation pour l\u2019installation sur un casque de chantier sont incluses dans les fournitures.<\/p>","protected":false},"excerpt":{"rendered":"<p>Lampe frontale \u00e0 LED efficace \u00e0 forte intensit\u00e9 lumineuse, mode Sensor On pour un allumage et une extinction rapides ainsi qu\u2019un grand confort d\u2019utilisation<\/p>\n<ul title=\"\">\n<li title=\"\"><span title=\"\">Intensit\u00e9 lumineuse consid\u00e9rable de 550 lumens<\/span><\/li>\n<li title=\"\"><span title=\"\">3 niveaux d\u2019intensit\u00e9 lumineuse adapt\u00e9s aux exigences respectives (High\/Medium\/Low)<\/span><\/li>\n<li title=\"\"><span title=\"\">Mode rouge et clignotant rouge suppl\u00e9mentaire<\/span><\/li>\n<li title=\"\"><span title=\"\">Possibilit\u00e9 d\u2019incliner par paliers la t\u00eate lumineuse jusqu\u2019\u00e0 90\u00b0<\/span><\/li>\n<li title=\"\"><span title=\"\">Allumage et extinction rapides et pratiques par simple mouvement de la main devant le d\u00e9tecteur<\/span><\/li>\n<li title=\"\"><span title=\"\">Bon maintien gr\u00e2ce au caoutchouc, la lampe frontale ne glisse ni ne bouge pas<\/span><\/li>\n<li title=\"\"><span title=\"\">Grand confort de port : bandeau \u00e9lastique ajustable pour toutes les tailles de t\u00eate<\/span><\/li>\n<li title=\"\"><span title=\"\">Les mains libres pour pouvoir tout faire<\/span><\/li>\n<li title=\"\"><span title=\"\">Batterie lithium-ion rechargeable via un c\u00e2ble USB-C<\/span><\/li>\n<li title=\"\"><span title=\"\">\u00c9tanche au jet d\u2019eau<\/span><\/li>\n<\/ul>","protected":false},"featured_media":1090,"template":"","meta":{"ocean_post_layout":"","ocean_both_sidebars_style":"","ocean_both_sidebars_content_width":0,"ocean_both_sidebars_sidebars_width":0,"ocean_sidebar":"0","ocean_second_sidebar":"0","ocean_disable_margins":"enable","ocean_add_body_class":"","ocean_shortcode_before_top_bar":"","ocean_shortcode_after_top_bar":"","ocean_shortcode_before_header":"","ocean_shortcode_after_header":"","ocean_has_shortcode":"","ocean_shortcode_after_title":"","ocean_shortcode_before_footer_widgets":"","ocean_shortcode_after_footer_widgets":"","ocean_shortcode_before_footer_bottom":"","ocean_shortcode_after_footer_bottom":"","ocean_display_top_bar":"default","ocean_display_header":"default","ocean_header_style":"","ocean_center_header_left_menu":"0","ocean_custom_header_template":"0","ocean_custom_logo":0,"ocean_custom_retina_logo":0,"ocean_custom_logo_max_width":0,"ocean_custom_logo_tablet_max_width":0,"ocean_custom_logo_mobile_max_width":0,"ocean_custom_logo_max_height":0,"ocean_custom_logo_tablet_max_height":0,"ocean_custom_logo_mobile_max_height":0,"ocean_header_custom_menu":"0","ocean_menu_typo_font_family":"0","ocean_menu_typo_font_subset":"","ocean_menu_typo_font_size":0,"ocean_menu_typo_font_size_tablet":0,"ocean_menu_typo_font_size_mobile":0,"ocean_menu_typo_font_size_unit":"px","ocean_menu_typo_font_weight":"","ocean_menu_typo_font_weight_tablet":"","ocean_menu_typo_font_weight_mobile":"","ocean_menu_typo_transform":"","ocean_menu_typo_transform_tablet":"","ocean_menu_typo_transform_mobile":"","ocean_menu_typo_line_height":0,"ocean_menu_typo_line_height_tablet":0,"ocean_menu_typo_line_height_mobile":0,"ocean_menu_typo_line_height_unit":"","ocean_menu_typo_spacing":0,"ocean_menu_typo_spacing_tablet":0,"ocean_menu_typo_spacing_mobile":0,"ocean_menu_typo_spacing_unit":"","ocean_menu_link_color":"","ocean_menu_link_color_hover":"","ocean_menu_link_color_active":"","ocean_menu_link_background":"","ocean_menu_link_hover_background":"","ocean_menu_link_active_background":"","ocean_menu_social_links_bg":"","ocean_menu_social_hover_links_bg":"","ocean_menu_social_links_color":"","ocean_menu_social_hover_links_color":"","ocean_disable_title":"default","ocean_disable_heading":"default","ocean_post_title":"","ocean_post_subheading":"","ocean_post_title_style":"","ocean_post_title_background_color":"","ocean_post_title_background":0,"ocean_post_title_bg_image_position":"","ocean_post_title_bg_image_attachment":"","ocean_post_title_bg_image_repeat":"","ocean_post_title_bg_image_size":"","ocean_post_title_height":0,"ocean_post_title_bg_overlay":0.5,"ocean_post_title_bg_overlay_color":"","ocean_disable_breadcrumbs":"default","ocean_breadcrumbs_color":"","ocean_breadcrumbs_separator_color":"","ocean_breadcrumbs_links_color":"","ocean_breadcrumbs_links_hover_color":"","ocean_display_footer_widgets":"default","ocean_display_footer_bottom":"default","ocean_custom_footer_template":"0"},"product_brand":[],"product_cat":[35,37],"product_tag":[],"class_list":{"0":"post-1182","1":"product","2":"type-product","3":"status-publish","4":"has-post-thumbnail","6":"product_cat-lampen","7":"product_cat-kopflampen","9":"entry","10":"has-media","12":"first","13":"instock","14":"shipping-taxable","15":"product-type-simple","16":"has-product-nav","17":"col","18":"span_1_of_3","19":"owp-content-center","20":"owp-thumbs-layout-horizontal","21":"owp-btn-normal","22":"owp-tabs-layout-horizontal"},"yoast_head":"<!-- This site is optimized with the Yoast SEO plugin v27.0 - https:\/\/yoast.com\/product\/yoast-seo-wordpress\/ -->\n<title>WP 550 - 4K5 BETTER EQUIPMENT<\/title>\n<meta name=\"robots\" content=\"index, follow, max-snippet:-1, max-image-preview:large, max-video-preview:-1\" \/>\n<link rel=\"canonical\" href=\"https:\/\/4k5tools.com\/fr\/produkte\/lampen\/kopflampen\/wp-550-flagship-workpro\/\" \/>\n<meta property=\"og:locale\" content=\"fr_FR\" \/>\n<meta property=\"og:type\" content=\"article\" \/>\n<meta property=\"og:title\" content=\"WP 550 - 4K5 BETTER EQUIPMENT\" \/>\n<meta property=\"og:description\" content=\"Effektive LED-Kopflampe mit hoher Leuchtkraft, Sensor On-Modus zum schnellen Ein- und Ausschalten sowie gro\u00dfem Tragekomfort   Beachtliche Leuchtkraft von 550 Lumen  3 verf\u00fcgbare Leuchtstufen passend zur jeweiligen Anforderung (High\/Medium\/Low)  Zus\u00e4tzlicher Red- und Red Blink-Modus  Stufenweises Schwenken des Leuchtkopfes um bis zu 90\u00b0 m\u00f6glich  Zeitsparendes, praktisches Ein- und Ausschalten mit einer Handbewegung vor dem Sensor  Sicherer Halt durch Gummierung, kein Abrutschen oder Verrutschen  Hoher Tragekomfort: Elastisches Stirnband, passend f\u00fcr jeden Kopfumfang  Freie H\u00e4nde bei der T\u00e4tigkeit  Wiederaufladbarer Lithium-Ionen-Akku \u00fcber USB-C-Kabel  Spritzwassergesch\u00fctzt\" \/>\n<meta property=\"og:url\" content=\"https:\/\/4k5tools.com\/fr\/produkte\/lampen\/kopflampen\/wp-550-flagship-workpro\/\" \/>\n<meta property=\"og:site_name\" content=\"4K5 BETTER EQUIPMENT\" \/>\n<meta property=\"article:modified_time\" content=\"2025-01-29T11:02:15+00:00\" \/>\n<meta property=\"og:image\" content=\"https:\/\/4k5tools.com\/wp-content\/uploads\/2021\/12\/602.106A_10_20.webp\" \/>\n\t<meta property=\"og:image:width\" content=\"1300\" \/>\n\t<meta property=\"og:image:height\" content=\"1300\" \/>\n\t<meta property=\"og:image:type\" content=\"image\/webp\" \/>\n<meta name=\"twitter:card\" content=\"summary_large_image\" \/>\n<meta name=\"twitter:label1\" content=\"Dur\u00e9e de lecture estim\u00e9e\" \/>\n\t<meta name=\"twitter:data1\" content=\"1 minute\" \/>\n<script type=\"application\/ld+json\" class=\"yoast-schema-graph\">{\"@context\":\"https:\/\/schema.org\",\"@graph\":[{\"@type\":\"WebPage\",\"@id\":\"https:\/\/4k5tools.com\/produkte\/lampen\/kopflampen\/wp-550-flagship-workpro\/\",\"url\":\"https:\/\/4k5tools.com\/produkte\/lampen\/kopflampen\/wp-550-flagship-workpro\/\",\"name\":\"WP 550 - 4K5 BETTER EQUIPMENT\",\"isPartOf\":{\"@id\":\"https:\/\/4k5tools.com\/#website\"},\"primaryImageOfPage\":{\"@id\":\"https:\/\/4k5tools.com\/produkte\/lampen\/kopflampen\/wp-550-flagship-workpro\/#primaryimage\"},\"image\":{\"@id\":\"https:\/\/4k5tools.com\/produkte\/lampen\/kopflampen\/wp-550-flagship-workpro\/#primaryimage\"},\"thumbnailUrl\":\"https:\/\/4k5tools.com\/wp-content\/uploads\/2021\/12\/602.106A_10_20.webp\",\"datePublished\":\"2021-12-21T08:02:15+00:00\",\"dateModified\":\"2025-01-29T11:02:15+00:00\",\"breadcrumb\":{\"@id\":\"https:\/\/4k5tools.com\/produkte\/lampen\/kopflampen\/wp-550-flagship-workpro\/#breadcrumb\"},\"inLanguage\":\"fr-FR\",\"potentialAction\":[{\"@type\":\"ReadAction\",\"target\":[\"https:\/\/4k5tools.com\/produkte\/lampen\/kopflampen\/wp-550-flagship-workpro\/\"]}]},{\"@type\":\"ImageObject\",\"inLanguage\":\"fr-FR\",\"@id\":\"https:\/\/4k5tools.com\/produkte\/lampen\/kopflampen\/wp-550-flagship-workpro\/#primaryimage\",\"url\":\"https:\/\/4k5tools.com\/wp-content\/uploads\/2021\/12\/602.106A_10_20.webp\",\"contentUrl\":\"https:\/\/4k5tools.com\/wp-content\/uploads\/2021\/12\/602.106A_10_20.webp\",\"width\":1300,\"height\":1300,\"caption\":\"Kopflampe 602.106A WP 550 Flagship WorkPro\"},{\"@type\":\"BreadcrumbList\",\"@id\":\"https:\/\/4k5tools.com\/produkte\/lampen\/kopflampen\/wp-550-flagship-workpro\/#breadcrumb\",\"itemListElement\":[{\"@type\":\"ListItem\",\"position\":1,\"name\":\"START\",\"item\":\"https:\/\/4k5tools.com\/\"},{\"@type\":\"ListItem\",\"position\":2,\"name\":\"PRODUKTE\",\"item\":\"https:\/\/4k5tools.com\/shop\/\"},{\"@type\":\"ListItem\",\"position\":3,\"name\":\"LAMPEN\",\"item\":\"https:\/\/4k5tools.com\/produkt-kategorie\/lampen\/\"},{\"@type\":\"ListItem\",\"position\":4,\"name\":\"KOPFLAMPEN\",\"item\":\"https:\/\/4k5tools.com\/produkt-kategorie\/lampen\/kopflampen\/\"},{\"@type\":\"ListItem\",\"position\":5,\"name\":\"WP 550\"}]},{\"@type\":\"WebSite\",\"@id\":\"https:\/\/4k5tools.com\/#website\",\"url\":\"https:\/\/4k5tools.com\/\",\"name\":\"4K5 BETTER EQUIPMENT\",\"description\":\"\",\"publisher\":{\"@id\":\"https:\/\/4k5tools.com\/#organization\"},\"potentialAction\":[{\"@type\":\"SearchAction\",\"target\":{\"@type\":\"EntryPoint\",\"urlTemplate\":\"https:\/\/4k5tools.com\/?s={search_term_string}\"},\"query-input\":{\"@type\":\"PropertyValueSpecification\",\"valueRequired\":true,\"valueName\":\"search_term_string\"}}],\"inLanguage\":\"fr-FR\"},{\"@type\":\"Organization\",\"@id\":\"https:\/\/4k5tools.com\/#organization\",\"name\":\"4K5 BETTER EQUIPMENT\",\"url\":\"https:\/\/4k5tools.com\/\",\"logo\":{\"@type\":\"ImageObject\",\"inLanguage\":\"fr-FR\",\"@id\":\"https:\/\/4k5tools.com\/#\/schema\/logo\/image\/\",\"url\":\"https:\/\/4k5tools.com\/wp-content\/uploads\/2022\/04\/4K5_Better-Equipment.webp\",\"contentUrl\":\"https:\/\/4k5tools.com\/wp-content\/uploads\/2022\/04\/4K5_Better-Equipment.webp\",\"width\":550,\"height\":200,\"caption\":\"4K5 BETTER EQUIPMENT\"},\"image\":{\"@id\":\"https:\/\/4k5tools.com\/#\/schema\/logo\/image\/\"}}]}<\/script>\n<!-- \/ Yoast SEO plugin. -->","yoast_head_json":{"title":"WP 550 - 4K5 BETTER EQUIPMENT","robots":{"index":"index","follow":"follow","max-snippet":"max-snippet:-1","max-image-preview":"max-image-preview:large","max-video-preview":"max-video-preview:-1"},"canonical":"https:\/\/4k5tools.com\/fr\/produkte\/lampen\/kopflampen\/wp-550-flagship-workpro\/","og_locale":"fr_FR","og_type":"article","og_title":"WP 550 - 4K5 BETTER EQUIPMENT","og_description":"Effektive LED-Kopflampe mit hoher Leuchtkraft, Sensor On-Modus zum schnellen Ein- und Ausschalten sowie gro\u00dfem Tragekomfort   Beachtliche Leuchtkraft von 550 Lumen  3 verf\u00fcgbare Leuchtstufen passend zur jeweiligen Anforderung (High\/Medium\/Low)  Zus\u00e4tzlicher Red- und Red Blink-Modus  Stufenweises Schwenken des Leuchtkopfes um bis zu 90\u00b0 m\u00f6glich  Zeitsparendes, praktisches Ein- und Ausschalten mit einer Handbewegung vor dem Sensor  Sicherer Halt durch Gummierung, kein Abrutschen oder Verrutschen  Hoher Tragekomfort: Elastisches Stirnband, passend f\u00fcr jeden Kopfumfang  Freie H\u00e4nde bei der T\u00e4tigkeit  Wiederaufladbarer Lithium-Ionen-Akku \u00fcber USB-C-Kabel  Spritzwassergesch\u00fctzt","og_url":"https:\/\/4k5tools.com\/fr\/produkte\/lampen\/kopflampen\/wp-550-flagship-workpro\/","og_site_name":"4K5 BETTER EQUIPMENT","article_modified_time":"2025-01-29T11:02:15+00:00","og_image":[{"width":1300,"height":1300,"url":"https:\/\/4k5tools.com\/wp-content\/uploads\/2021\/12\/602.106A_10_20.webp","type":"image\/webp"}],"twitter_card":"summary_large_image","twitter_misc":{"Dur\u00e9e de lecture estim\u00e9e":"1 minute"},"schema":{"@context":"https:\/\/schema.org","@graph":[{"@type":"WebPage","@id":"https:\/\/4k5tools.com\/produkte\/lampen\/kopflampen\/wp-550-flagship-workpro\/","url":"https:\/\/4k5tools.com\/produkte\/lampen\/kopflampen\/wp-550-flagship-workpro\/","name":"WP 550 - 4K5 BETTER EQUIPMENT","isPartOf":{"@id":"https:\/\/4k5tools.com\/#website"},"primaryImageOfPage":{"@id":"https:\/\/4k5tools.com\/produkte\/lampen\/kopflampen\/wp-550-flagship-workpro\/#primaryimage"},"image":{"@id":"https:\/\/4k5tools.com\/produkte\/lampen\/kopflampen\/wp-550-flagship-workpro\/#primaryimage"},"thumbnailUrl":"https:\/\/4k5tools.com\/wp-content\/uploads\/2021\/12\/602.106A_10_20.webp","datePublished":"2021-12-21T08:02:15+00:00","dateModified":"2025-01-29T11:02:15+00:00","breadcrumb":{"@id":"https:\/\/4k5tools.com\/produkte\/lampen\/kopflampen\/wp-550-flagship-workpro\/#breadcrumb"},"inLanguage":"fr-FR","potentialAction":[{"@type":"ReadAction","target":["https:\/\/4k5tools.com\/produkte\/lampen\/kopflampen\/wp-550-flagship-workpro\/"]}]},{"@type":"ImageObject","inLanguage":"fr-FR","@id":"https:\/\/4k5tools.com\/produkte\/lampen\/kopflampen\/wp-550-flagship-workpro\/#primaryimage","url":"https:\/\/4k5tools.com\/wp-content\/uploads\/2021\/12\/602.106A_10_20.webp","contentUrl":"https:\/\/4k5tools.com\/wp-content\/uploads\/2021\/12\/602.106A_10_20.webp","width":1300,"height":1300,"caption":"Kopflampe 602.106A WP 550 Flagship WorkPro"},{"@type":"BreadcrumbList","@id":"https:\/\/4k5tools.com\/produkte\/lampen\/kopflampen\/wp-550-flagship-workpro\/#breadcrumb","itemListElement":[{"@type":"ListItem","position":1,"name":"START","item":"https:\/\/4k5tools.com\/"},{"@type":"ListItem","position":2,"name":"PRODUKTE","item":"https:\/\/4k5tools.com\/shop\/"},{"@type":"ListItem","position":3,"name":"LAMPEN","item":"https:\/\/4k5tools.com\/produkt-kategorie\/lampen\/"},{"@type":"ListItem","position":4,"name":"KOPFLAMPEN","item":"https:\/\/4k5tools.com\/produkt-kategorie\/lampen\/kopflampen\/"},{"@type":"ListItem","position":5,"name":"WP 550"}]},{"@type":"WebSite","@id":"https:\/\/4k5tools.com\/#website","url":"https:\/\/4k5tools.com\/","name":"4K5 BETTER EQUIPMENT","description":"","publisher":{"@id":"https:\/\/4k5tools.com\/#organization"},"potentialAction":[{"@type":"SearchAction","target":{"@type":"EntryPoint","urlTemplate":"https:\/\/4k5tools.com\/?s={search_term_string}"},"query-input":{"@type":"PropertyValueSpecification","valueRequired":true,"valueName":"search_term_string"}}],"inLanguage":"fr-FR"},{"@type":"Organization","@id":"https:\/\/4k5tools.com\/#organization","name":"4K5 BETTER EQUIPMENT","url":"https:\/\/4k5tools.com\/","logo":{"@type":"ImageObject","inLanguage":"fr-FR","@id":"https:\/\/4k5tools.com\/#\/schema\/logo\/image\/","url":"https:\/\/4k5tools.com\/wp-content\/uploads\/2022\/04\/4K5_Better-Equipment.webp","contentUrl":"https:\/\/4k5tools.com\/wp-content\/uploads\/2022\/04\/4K5_Better-Equipment.webp","width":550,"height":200,"caption":"4K5 BETTER EQUIPMENT"},"image":{"@id":"https:\/\/4k5tools.com\/#\/schema\/logo\/image\/"}}]}},"_links":{"self":[{"href":"https:\/\/4k5tools.com\/fr\/wp-json\/wp\/v2\/product\/1182","targetHints":{"allow":["GET"]}}],"collection":[{"href":"https:\/\/4k5tools.com\/fr\/wp-json\/wp\/v2\/product"}],"about":[{"href":"https:\/\/4k5tools.com\/fr\/wp-json\/wp\/v2\/types\/product"}],"wp:featuredmedia":[{"embeddable":true,"href":"https:\/\/4k5tools.com\/fr\/wp-json\/wp\/v2\/media\/1090"}],"wp:attachment":[{"href":"https:\/\/4k5tools.com\/fr\/wp-json\/wp\/v2\/media?parent=1182"}],"wp:term":[{"taxonomy":"product_brand","embeddable":true,"href":"https:\/\/4k5tools.com\/fr\/wp-json\/wp\/v2\/product_brand?post=1182"},{"taxonomy":"product_cat","embeddable":true,"href":"https:\/\/4k5tools.com\/fr\/wp-json\/wp\/v2\/product_cat?post=1182"},{"taxonomy":"product_tag","embeddable":true,"href":"https:\/\/4k5tools.com\/fr\/wp-json\/wp\/v2\/product_tag?post=1182"}],"curies":[{"name":"wp","href":"https:\/\/api.w.org\/{rel}","templated":true}]}}