{"id":1184,"date":"2021-12-21T09:02:16","date_gmt":"2021-12-21T08:02:16","guid":{"rendered":"https:\/\/4k5tools.com\/produkt\/ra-800-pocketrightanglelight\/"},"modified":"2025-01-29T09:04:50","modified_gmt":"2025-01-29T08:04:50","slug":"ra-800-pocketrightanglelight","status":"publish","type":"product","link":"https:\/\/4k5tools.com\/fr\/produkte\/lampen\/handlampen\/ra-800-pocketrightanglelight\/","title":{"rendered":"RA 800"},"content":{"rendered":"<p>Le projecteur efficace prot\u00e9g\u00e9 contre les jets d\u2019eau poss\u00e8de une t\u00eate lumineuse pivotable \u00e0 max. 90\u00b0 pour un \u00e9clairage optimal de la zone de travail. Le c\u00f4ne lumineux s\u2019ajuste facilement par une rotation de la t\u00eate lumineuse. Les modes \u00ab\u00a0High\u00a0\u00bb, \u00ab\u00a0Medium\u00a0\u00bb, \u00ab\u00a0Low\u00a0\u00bb et le \u00ab\u00a0Boost\u00a0\u00bb particuli\u00e8rement puissant sont disponibles. Un voyant \u00e0 LED parfaitement visible informe l\u2019utilisateur de l\u2019\u00e9tat de charge de la pile Deux aimants servent \u00e0 fixer la lampe sur des surfaces m\u00e9talliques, et le crochet d\u00e9pliant \u00e0 l\u2019accrocher. Elle est facile \u00e0 transporter gr\u00e2ce au clip pour la poche.<\/p>","protected":false},"excerpt":{"rendered":"<p>Lampe de travail avec forte intensit\u00e9 lumineuse et t\u00eate lumineuse orientable<\/p>\n<ul title=\"\">\n<li title=\"\"><span title=\"\">Forte intensit\u00e9 lumineuse de 800 lumens <\/span><\/li>\n<li title=\"\"><span title=\"\">4 intensit\u00e9s lumineuses possibles (High\/Boost\/Medium\/Low)<\/span><\/li>\n<li title=\"\"><span title=\"\">T\u00eate lumineuse orientable \u00e0 90\u00b0 pour une adaptation parfaite au lieu d\u2019utilisation <\/span><\/li>\n<li title=\"\"><span title=\"\">R\u00e9glage facile du c\u00f4ne lumineux en tournant la t\u00eate lumineuse<\/span><\/li>\n<li title=\"\"><span title=\"\">L\u2019affichage LED bien visible informe sur la capacit\u00e9 de la batterie<\/span><\/li>\n<li title=\"\"><span title=\"\">Magn\u00e9tique pour une fixation sur les surfaces m\u00e9talliques<\/span><\/li>\n<li title=\"\"><span title=\"\">Crochet escamotable pour la suspension <\/span><\/li>\n<li title=\"\"><span title=\"\">Transport pratique gr\u00e2ce au clip pour la poche<\/span><\/li>\n<li title=\"\"><span title=\"\">Recharge possible en utilisant le c\u00e2ble USB-C<\/span><\/li>\n<li title=\"\"><span title=\"\">Batterie lithium-ion interchangeable<\/span><\/li>\n<li title=\"\"><span title=\"\">Protection contre les jets d\u2019eau<\/span><\/li>\n<\/ul>","protected":false},"featured_media":1108,"template":"","meta":{"ocean_post_layout":"","ocean_both_sidebars_style":"","ocean_both_sidebars_content_width":0,"ocean_both_sidebars_sidebars_width":0,"ocean_sidebar":"0","ocean_second_sidebar":"0","ocean_disable_margins":"enable","ocean_add_body_class":"","ocean_shortcode_before_top_bar":"","ocean_shortcode_after_top_bar":"","ocean_shortcode_before_header":"","ocean_shortcode_after_header":"","ocean_has_shortcode":"","ocean_shortcode_after_title":"","ocean_shortcode_before_footer_widgets":"","ocean_shortcode_after_footer_widgets":"","ocean_shortcode_before_footer_bottom":"","ocean_shortcode_after_footer_bottom":"","ocean_display_top_bar":"default","ocean_display_header":"default","ocean_header_style":"","ocean_center_header_left_menu":"0","ocean_custom_header_template":"0","ocean_custom_logo":0,"ocean_custom_retina_logo":0,"ocean_custom_logo_max_width":0,"ocean_custom_logo_tablet_max_width":0,"ocean_custom_logo_mobile_max_width":0,"ocean_custom_logo_max_height":0,"ocean_custom_logo_tablet_max_height":0,"ocean_custom_logo_mobile_max_height":0,"ocean_header_custom_menu":"0","ocean_menu_typo_font_family":"0","ocean_menu_typo_font_subset":"","ocean_menu_typo_font_size":0,"ocean_menu_typo_font_size_tablet":0,"ocean_menu_typo_font_size_mobile":0,"ocean_menu_typo_font_size_unit":"px","ocean_menu_typo_font_weight":"","ocean_menu_typo_font_weight_tablet":"","ocean_menu_typo_font_weight_mobile":"","ocean_menu_typo_transform":"","ocean_menu_typo_transform_tablet":"","ocean_menu_typo_transform_mobile":"","ocean_menu_typo_line_height":0,"ocean_menu_typo_line_height_tablet":0,"ocean_menu_typo_line_height_mobile":0,"ocean_menu_typo_line_height_unit":"","ocean_menu_typo_spacing":0,"ocean_menu_typo_spacing_tablet":0,"ocean_menu_typo_spacing_mobile":0,"ocean_menu_typo_spacing_unit":"","ocean_menu_link_color":"","ocean_menu_link_color_hover":"","ocean_menu_link_color_active":"","ocean_menu_link_background":"","ocean_menu_link_hover_background":"","ocean_menu_link_active_background":"","ocean_menu_social_links_bg":"","ocean_menu_social_hover_links_bg":"","ocean_menu_social_links_color":"","ocean_menu_social_hover_links_color":"","ocean_disable_title":"default","ocean_disable_heading":"default","ocean_post_title":"","ocean_post_subheading":"","ocean_post_title_style":"","ocean_post_title_background_color":"","ocean_post_title_background":0,"ocean_post_title_bg_image_position":"","ocean_post_title_bg_image_attachment":"","ocean_post_title_bg_image_repeat":"","ocean_post_title_bg_image_size":"","ocean_post_title_height":0,"ocean_post_title_bg_overlay":0.5,"ocean_post_title_bg_overlay_color":"","ocean_disable_breadcrumbs":"default","ocean_breadcrumbs_color":"","ocean_breadcrumbs_separator_color":"","ocean_breadcrumbs_links_color":"","ocean_breadcrumbs_links_hover_color":"","ocean_display_footer_widgets":"default","ocean_display_footer_bottom":"default","ocean_custom_footer_template":"0"},"product_brand":[],"product_cat":[35,38],"product_tag":[],"class_list":{"0":"post-1184","1":"product","2":"type-product","3":"status-publish","4":"has-post-thumbnail","6":"product_cat-lampen","7":"product_cat-handlampen","9":"entry","10":"has-media","12":"first","13":"instock","14":"shipping-taxable","15":"product-type-simple","16":"has-product-nav","17":"col","18":"span_1_of_3","19":"owp-content-center","20":"owp-thumbs-layout-horizontal","21":"owp-btn-normal","22":"owp-tabs-layout-horizontal"},"yoast_head":"<!-- This site is optimized with the Yoast SEO plugin v27.0 - https:\/\/yoast.com\/product\/yoast-seo-wordpress\/ -->\n<title>RA 800 - 4K5 BETTER EQUIPMENT<\/title>\n<meta name=\"robots\" content=\"index, follow, max-snippet:-1, max-image-preview:large, max-video-preview:-1\" \/>\n<link rel=\"canonical\" href=\"https:\/\/4k5tools.com\/fr\/produkte\/lampen\/handlampen\/ra-800-pocketrightanglelight\/\" \/>\n<meta property=\"og:locale\" content=\"fr_FR\" \/>\n<meta property=\"og:type\" content=\"article\" \/>\n<meta property=\"og:title\" content=\"RA 800 - 4K5 BETTER EQUIPMENT\" \/>\n<meta property=\"og:description\" content=\"Arbeitslampe mit hoher Leuchtkraft und schwenkbarem Leuchtkopf   Hohe Leuchtkraft von 800 Lumen   4 verschiedene Leuchtstufen je nach Anforderung (High\/Boost\/Medium\/Low)  Um 90\u00b0 schwenkbarer Leuchtkopf zur Anpassung an den Einsatzort   Einfaches Einstellen des Lichtkegels durch Drehen des Leuchtkopfes  Gut sichtbare LED-Anzeige informiert \u00fcber Akkukapazit\u00e4t  Magnetisch zur Anbringung an metallischen Oberfl\u00e4chen  Ausklappbarer Haken zum Aufh\u00e4ngen   Praktischer Transport per Taschenclip  Wiederaufladbar \u00fcber USB-C-Kabel  Wechselbarer Lithium-Ionen-Akku  Strahlwassergesch\u00fctzt\" \/>\n<meta property=\"og:url\" content=\"https:\/\/4k5tools.com\/fr\/produkte\/lampen\/handlampen\/ra-800-pocketrightanglelight\/\" \/>\n<meta property=\"og:site_name\" content=\"4K5 BETTER EQUIPMENT\" \/>\n<meta property=\"article:modified_time\" content=\"2025-01-29T08:04:50+00:00\" \/>\n<meta property=\"og:image\" content=\"https:\/\/4k5tools.com\/wp-content\/uploads\/2021\/12\/602.204A_10_20.webp\" \/>\n\t<meta property=\"og:image:width\" content=\"1300\" \/>\n\t<meta property=\"og:image:height\" content=\"1300\" \/>\n\t<meta property=\"og:image:type\" content=\"image\/webp\" \/>\n<meta name=\"twitter:card\" content=\"summary_large_image\" \/>\n<meta name=\"twitter:label1\" content=\"Dur\u00e9e de lecture estim\u00e9e\" \/>\n\t<meta name=\"twitter:data1\" content=\"1 minute\" \/>\n<script type=\"application\/ld+json\" class=\"yoast-schema-graph\">{\"@context\":\"https:\/\/schema.org\",\"@graph\":[{\"@type\":\"WebPage\",\"@id\":\"https:\/\/4k5tools.com\/produkte\/lampen\/handlampen\/ra-800-pocketrightanglelight\/\",\"url\":\"https:\/\/4k5tools.com\/produkte\/lampen\/handlampen\/ra-800-pocketrightanglelight\/\",\"name\":\"RA 800 - 4K5 BETTER EQUIPMENT\",\"isPartOf\":{\"@id\":\"https:\/\/4k5tools.com\/#website\"},\"primaryImageOfPage\":{\"@id\":\"https:\/\/4k5tools.com\/produkte\/lampen\/handlampen\/ra-800-pocketrightanglelight\/#primaryimage\"},\"image\":{\"@id\":\"https:\/\/4k5tools.com\/produkte\/lampen\/handlampen\/ra-800-pocketrightanglelight\/#primaryimage\"},\"thumbnailUrl\":\"https:\/\/4k5tools.com\/wp-content\/uploads\/2021\/12\/602.204A_10_20.webp\",\"datePublished\":\"2021-12-21T08:02:16+00:00\",\"dateModified\":\"2025-01-29T08:04:50+00:00\",\"breadcrumb\":{\"@id\":\"https:\/\/4k5tools.com\/produkte\/lampen\/handlampen\/ra-800-pocketrightanglelight\/#breadcrumb\"},\"inLanguage\":\"fr-FR\",\"potentialAction\":[{\"@type\":\"ReadAction\",\"target\":[\"https:\/\/4k5tools.com\/produkte\/lampen\/handlampen\/ra-800-pocketrightanglelight\/\"]}]},{\"@type\":\"ImageObject\",\"inLanguage\":\"fr-FR\",\"@id\":\"https:\/\/4k5tools.com\/produkte\/lampen\/handlampen\/ra-800-pocketrightanglelight\/#primaryimage\",\"url\":\"https:\/\/4k5tools.com\/wp-content\/uploads\/2021\/12\/602.204A_10_20.webp\",\"contentUrl\":\"https:\/\/4k5tools.com\/wp-content\/uploads\/2021\/12\/602.204A_10_20.webp\",\"width\":1300,\"height\":1300,\"caption\":\"Arbeitslampe 602.204A RA 800 PocketRightAngleLight\"},{\"@type\":\"BreadcrumbList\",\"@id\":\"https:\/\/4k5tools.com\/produkte\/lampen\/handlampen\/ra-800-pocketrightanglelight\/#breadcrumb\",\"itemListElement\":[{\"@type\":\"ListItem\",\"position\":1,\"name\":\"START\",\"item\":\"https:\/\/4k5tools.com\/\"},{\"@type\":\"ListItem\",\"position\":2,\"name\":\"PRODUKTE\",\"item\":\"https:\/\/4k5tools.com\/shop\/\"},{\"@type\":\"ListItem\",\"position\":3,\"name\":\"LAMPEN\",\"item\":\"https:\/\/4k5tools.com\/produkt-kategorie\/lampen\/\"},{\"@type\":\"ListItem\",\"position\":4,\"name\":\"HANDLAMPEN\",\"item\":\"https:\/\/4k5tools.com\/produkt-kategorie\/lampen\/handlampen\/\"},{\"@type\":\"ListItem\",\"position\":5,\"name\":\"RA 800\"}]},{\"@type\":\"WebSite\",\"@id\":\"https:\/\/4k5tools.com\/#website\",\"url\":\"https:\/\/4k5tools.com\/\",\"name\":\"4K5 BETTER EQUIPMENT\",\"description\":\"\",\"publisher\":{\"@id\":\"https:\/\/4k5tools.com\/#organization\"},\"potentialAction\":[{\"@type\":\"SearchAction\",\"target\":{\"@type\":\"EntryPoint\",\"urlTemplate\":\"https:\/\/4k5tools.com\/?s={search_term_string}\"},\"query-input\":{\"@type\":\"PropertyValueSpecification\",\"valueRequired\":true,\"valueName\":\"search_term_string\"}}],\"inLanguage\":\"fr-FR\"},{\"@type\":\"Organization\",\"@id\":\"https:\/\/4k5tools.com\/#organization\",\"name\":\"4K5 BETTER EQUIPMENT\",\"url\":\"https:\/\/4k5tools.com\/\",\"logo\":{\"@type\":\"ImageObject\",\"inLanguage\":\"fr-FR\",\"@id\":\"https:\/\/4k5tools.com\/#\/schema\/logo\/image\/\",\"url\":\"https:\/\/4k5tools.com\/wp-content\/uploads\/2022\/04\/4K5_Better-Equipment.webp\",\"contentUrl\":\"https:\/\/4k5tools.com\/wp-content\/uploads\/2022\/04\/4K5_Better-Equipment.webp\",\"width\":550,\"height\":200,\"caption\":\"4K5 BETTER EQUIPMENT\"},\"image\":{\"@id\":\"https:\/\/4k5tools.com\/#\/schema\/logo\/image\/\"}}]}<\/script>\n<!-- \/ Yoast SEO plugin. -->","yoast_head_json":{"title":"RA 800 - 4K5 BETTER EQUIPMENT","robots":{"index":"index","follow":"follow","max-snippet":"max-snippet:-1","max-image-preview":"max-image-preview:large","max-video-preview":"max-video-preview:-1"},"canonical":"https:\/\/4k5tools.com\/fr\/produkte\/lampen\/handlampen\/ra-800-pocketrightanglelight\/","og_locale":"fr_FR","og_type":"article","og_title":"RA 800 - 4K5 BETTER EQUIPMENT","og_description":"Arbeitslampe mit hoher Leuchtkraft und schwenkbarem Leuchtkopf   Hohe Leuchtkraft von 800 Lumen   4 verschiedene Leuchtstufen je nach Anforderung (High\/Boost\/Medium\/Low)  Um 90\u00b0 schwenkbarer Leuchtkopf zur Anpassung an den Einsatzort   Einfaches Einstellen des Lichtkegels durch Drehen des Leuchtkopfes  Gut sichtbare LED-Anzeige informiert \u00fcber Akkukapazit\u00e4t  Magnetisch zur Anbringung an metallischen Oberfl\u00e4chen  Ausklappbarer Haken zum Aufh\u00e4ngen   Praktischer Transport per Taschenclip  Wiederaufladbar \u00fcber USB-C-Kabel  Wechselbarer Lithium-Ionen-Akku  Strahlwassergesch\u00fctzt","og_url":"https:\/\/4k5tools.com\/fr\/produkte\/lampen\/handlampen\/ra-800-pocketrightanglelight\/","og_site_name":"4K5 BETTER EQUIPMENT","article_modified_time":"2025-01-29T08:04:50+00:00","og_image":[{"width":1300,"height":1300,"url":"https:\/\/4k5tools.com\/wp-content\/uploads\/2021\/12\/602.204A_10_20.webp","type":"image\/webp"}],"twitter_card":"summary_large_image","twitter_misc":{"Dur\u00e9e de lecture estim\u00e9e":"1 minute"},"schema":{"@context":"https:\/\/schema.org","@graph":[{"@type":"WebPage","@id":"https:\/\/4k5tools.com\/produkte\/lampen\/handlampen\/ra-800-pocketrightanglelight\/","url":"https:\/\/4k5tools.com\/produkte\/lampen\/handlampen\/ra-800-pocketrightanglelight\/","name":"RA 800 - 4K5 BETTER EQUIPMENT","isPartOf":{"@id":"https:\/\/4k5tools.com\/#website"},"primaryImageOfPage":{"@id":"https:\/\/4k5tools.com\/produkte\/lampen\/handlampen\/ra-800-pocketrightanglelight\/#primaryimage"},"image":{"@id":"https:\/\/4k5tools.com\/produkte\/lampen\/handlampen\/ra-800-pocketrightanglelight\/#primaryimage"},"thumbnailUrl":"https:\/\/4k5tools.com\/wp-content\/uploads\/2021\/12\/602.204A_10_20.webp","datePublished":"2021-12-21T08:02:16+00:00","dateModified":"2025-01-29T08:04:50+00:00","breadcrumb":{"@id":"https:\/\/4k5tools.com\/produkte\/lampen\/handlampen\/ra-800-pocketrightanglelight\/#breadcrumb"},"inLanguage":"fr-FR","potentialAction":[{"@type":"ReadAction","target":["https:\/\/4k5tools.com\/produkte\/lampen\/handlampen\/ra-800-pocketrightanglelight\/"]}]},{"@type":"ImageObject","inLanguage":"fr-FR","@id":"https:\/\/4k5tools.com\/produkte\/lampen\/handlampen\/ra-800-pocketrightanglelight\/#primaryimage","url":"https:\/\/4k5tools.com\/wp-content\/uploads\/2021\/12\/602.204A_10_20.webp","contentUrl":"https:\/\/4k5tools.com\/wp-content\/uploads\/2021\/12\/602.204A_10_20.webp","width":1300,"height":1300,"caption":"Arbeitslampe 602.204A RA 800 PocketRightAngleLight"},{"@type":"BreadcrumbList","@id":"https:\/\/4k5tools.com\/produkte\/lampen\/handlampen\/ra-800-pocketrightanglelight\/#breadcrumb","itemListElement":[{"@type":"ListItem","position":1,"name":"START","item":"https:\/\/4k5tools.com\/"},{"@type":"ListItem","position":2,"name":"PRODUKTE","item":"https:\/\/4k5tools.com\/shop\/"},{"@type":"ListItem","position":3,"name":"LAMPEN","item":"https:\/\/4k5tools.com\/produkt-kategorie\/lampen\/"},{"@type":"ListItem","position":4,"name":"HANDLAMPEN","item":"https:\/\/4k5tools.com\/produkt-kategorie\/lampen\/handlampen\/"},{"@type":"ListItem","position":5,"name":"RA 800"}]},{"@type":"WebSite","@id":"https:\/\/4k5tools.com\/#website","url":"https:\/\/4k5tools.com\/","name":"4K5 BETTER EQUIPMENT","description":"","publisher":{"@id":"https:\/\/4k5tools.com\/#organization"},"potentialAction":[{"@type":"SearchAction","target":{"@type":"EntryPoint","urlTemplate":"https:\/\/4k5tools.com\/?s={search_term_string}"},"query-input":{"@type":"PropertyValueSpecification","valueRequired":true,"valueName":"search_term_string"}}],"inLanguage":"fr-FR"},{"@type":"Organization","@id":"https:\/\/4k5tools.com\/#organization","name":"4K5 BETTER EQUIPMENT","url":"https:\/\/4k5tools.com\/","logo":{"@type":"ImageObject","inLanguage":"fr-FR","@id":"https:\/\/4k5tools.com\/#\/schema\/logo\/image\/","url":"https:\/\/4k5tools.com\/wp-content\/uploads\/2022\/04\/4K5_Better-Equipment.webp","contentUrl":"https:\/\/4k5tools.com\/wp-content\/uploads\/2022\/04\/4K5_Better-Equipment.webp","width":550,"height":200,"caption":"4K5 BETTER EQUIPMENT"},"image":{"@id":"https:\/\/4k5tools.com\/#\/schema\/logo\/image\/"}}]}},"_links":{"self":[{"href":"https:\/\/4k5tools.com\/fr\/wp-json\/wp\/v2\/product\/1184","targetHints":{"allow":["GET"]}}],"collection":[{"href":"https:\/\/4k5tools.com\/fr\/wp-json\/wp\/v2\/product"}],"about":[{"href":"https:\/\/4k5tools.com\/fr\/wp-json\/wp\/v2\/types\/product"}],"wp:featuredmedia":[{"embeddable":true,"href":"https:\/\/4k5tools.com\/fr\/wp-json\/wp\/v2\/media\/1108"}],"wp:attachment":[{"href":"https:\/\/4k5tools.com\/fr\/wp-json\/wp\/v2\/media?parent=1184"}],"wp:term":[{"taxonomy":"product_brand","embeddable":true,"href":"https:\/\/4k5tools.com\/fr\/wp-json\/wp\/v2\/product_brand?post=1184"},{"taxonomy":"product_cat","embeddable":true,"href":"https:\/\/4k5tools.com\/fr\/wp-json\/wp\/v2\/product_cat?post=1184"},{"taxonomy":"product_tag","embeddable":true,"href":"https:\/\/4k5tools.com\/fr\/wp-json\/wp\/v2\/product_tag?post=1184"}],"curies":[{"name":"wp","href":"https:\/\/api.w.org\/{rel}","templated":true}]}}