{"id":1191,"date":"2021-12-21T09:02:19","date_gmt":"2021-12-21T08:02:19","guid":{"rendered":"https:\/\/4k5tools.com\/produkt\/pl-1000-prolight\/"},"modified":"2025-01-29T17:04:24","modified_gmt":"2025-01-29T16:04:24","slug":"pl-1000-prolight","status":"publish","type":"product","link":"https:\/\/4k5tools.com\/fr\/produkte\/lampen\/handlampen\/pl-1000-prolight\/","title":{"rendered":"PL 1000"},"content":{"rendered":"<p>Ce projecteur de travail prot\u00e9g\u00e9 contre les projections d\u2019eau offre une luminosit\u00e9 extr\u00eame et dispose des modes \u00ab\u00a0High\u00a0\u00bb, \u00ab\u00a0Medium\u00a0\u00bb, \u00ab\u00a0Low\u00a0\u00bb et \u00ab\u00a0Strobe\u00a0\u00bb. Pour l\u2019\u00e9clairage parfait de la zone de travail, le c\u00f4ne lumineux peut \u00eatre ajust\u00e9 \u00e0 l\u2019aide du foyer r\u00e9glable. Le bo\u00eetier en aluminium anodis\u00e9 est robuste et tient bien en main. Un \u00e9tui de ceinture et une dragonne sont disponibles pour faciliter le transport.<\/p>","protected":false},"excerpt":{"rendered":"<p>Lampe de travail avec intensit\u00e9 lumineuse extr\u00eamement puissante et point focal r\u00e9glable<\/p>\n<ul title=\"\">\n<li title=\"\"><span title=\"\">Intensit\u00e9 lumineuse extr\u00eamement puissante de 1000 lumens<\/span><\/li>\n<li title=\"\"><span title=\"\">4 niveaux d\u2019intensit\u00e9 diff\u00e9rents en fonction des exigences (Low\/Medium\/High\/Strobe)<\/span><\/li>\n<li title=\"\"><span title=\"\">R\u00e9glage facile du c\u00f4ne lumineux adapt\u00e9 \u00e0 chaque situation<\/span><\/li>\n<li title=\"\"><span title=\"\">Bo\u00eetier en aluminium anodis\u00e9 et prot\u00e9g\u00e9 contre les projections d\u2019eau<\/span><\/li>\n<li title=\"\"><span title=\"\">Transport facile gr\u00e2ce \u00e0 un \u00e9tui de ceinture ou une dragonne<\/span><\/li>\n<\/ul>","protected":false},"featured_media":1123,"template":"","meta":{"ocean_post_layout":"","ocean_both_sidebars_style":"","ocean_both_sidebars_content_width":0,"ocean_both_sidebars_sidebars_width":0,"ocean_sidebar":"0","ocean_second_sidebar":"0","ocean_disable_margins":"enable","ocean_add_body_class":"","ocean_shortcode_before_top_bar":"","ocean_shortcode_after_top_bar":"","ocean_shortcode_before_header":"","ocean_shortcode_after_header":"","ocean_has_shortcode":"","ocean_shortcode_after_title":"","ocean_shortcode_before_footer_widgets":"","ocean_shortcode_after_footer_widgets":"","ocean_shortcode_before_footer_bottom":"","ocean_shortcode_after_footer_bottom":"","ocean_display_top_bar":"default","ocean_display_header":"default","ocean_header_style":"","ocean_center_header_left_menu":"0","ocean_custom_header_template":"0","ocean_custom_logo":0,"ocean_custom_retina_logo":0,"ocean_custom_logo_max_width":0,"ocean_custom_logo_tablet_max_width":0,"ocean_custom_logo_mobile_max_width":0,"ocean_custom_logo_max_height":0,"ocean_custom_logo_tablet_max_height":0,"ocean_custom_logo_mobile_max_height":0,"ocean_header_custom_menu":"0","ocean_menu_typo_font_family":"0","ocean_menu_typo_font_subset":"","ocean_menu_typo_font_size":0,"ocean_menu_typo_font_size_tablet":0,"ocean_menu_typo_font_size_mobile":0,"ocean_menu_typo_font_size_unit":"px","ocean_menu_typo_font_weight":"","ocean_menu_typo_font_weight_tablet":"","ocean_menu_typo_font_weight_mobile":"","ocean_menu_typo_transform":"","ocean_menu_typo_transform_tablet":"","ocean_menu_typo_transform_mobile":"","ocean_menu_typo_line_height":0,"ocean_menu_typo_line_height_tablet":0,"ocean_menu_typo_line_height_mobile":0,"ocean_menu_typo_line_height_unit":"","ocean_menu_typo_spacing":0,"ocean_menu_typo_spacing_tablet":0,"ocean_menu_typo_spacing_mobile":0,"ocean_menu_typo_spacing_unit":"","ocean_menu_link_color":"","ocean_menu_link_color_hover":"","ocean_menu_link_color_active":"","ocean_menu_link_background":"","ocean_menu_link_hover_background":"","ocean_menu_link_active_background":"","ocean_menu_social_links_bg":"","ocean_menu_social_hover_links_bg":"","ocean_menu_social_links_color":"","ocean_menu_social_hover_links_color":"","ocean_disable_title":"default","ocean_disable_heading":"default","ocean_post_title":"","ocean_post_subheading":"","ocean_post_title_style":"","ocean_post_title_background_color":"","ocean_post_title_background":0,"ocean_post_title_bg_image_position":"","ocean_post_title_bg_image_attachment":"","ocean_post_title_bg_image_repeat":"","ocean_post_title_bg_image_size":"","ocean_post_title_height":0,"ocean_post_title_bg_overlay":0.5,"ocean_post_title_bg_overlay_color":"","ocean_disable_breadcrumbs":"default","ocean_breadcrumbs_color":"","ocean_breadcrumbs_separator_color":"","ocean_breadcrumbs_links_color":"","ocean_breadcrumbs_links_hover_color":"","ocean_display_footer_widgets":"default","ocean_display_footer_bottom":"default","ocean_custom_footer_template":"0"},"product_brand":[],"product_cat":[35,38],"product_tag":[],"class_list":{"0":"post-1191","1":"product","2":"type-product","3":"status-publish","4":"has-post-thumbnail","6":"product_cat-lampen","7":"product_cat-handlampen","9":"entry","10":"has-media","12":"first","13":"instock","14":"shipping-taxable","15":"product-type-simple","16":"has-product-nav","17":"col","18":"span_1_of_3","19":"owp-content-center","20":"owp-thumbs-layout-horizontal","21":"owp-btn-normal","22":"owp-tabs-layout-horizontal"},"yoast_head":"<!-- This site is optimized with the Yoast SEO plugin v27.0 - https:\/\/yoast.com\/product\/yoast-seo-wordpress\/ -->\n<title>PL 1000 - 4K5 BETTER EQUIPMENT<\/title>\n<meta name=\"robots\" content=\"index, follow, max-snippet:-1, max-image-preview:large, max-video-preview:-1\" \/>\n<link rel=\"canonical\" href=\"https:\/\/4k5tools.com\/fr\/produkte\/lampen\/handlampen\/pl-1000-prolight\/\" \/>\n<meta property=\"og:locale\" content=\"fr_FR\" \/>\n<meta property=\"og:type\" content=\"article\" \/>\n<meta property=\"og:title\" content=\"PL 1000 - 4K5 BETTER EQUIPMENT\" \/>\n<meta property=\"og:description\" content=\"Arbeitslampe mit extrem starker Leuchtkraft und einstellbarem Fokus   Extrem starke Leuchtkraft von 1000 Lumen  4 verschiedene Leuchtstufen je nach Anforderung (Low\/Medium\/High\/Strobe)  Einfaches Einstellen des Lichtkegels passend zu jeder Situation  Eloxiertes und spritzwassergesch\u00fctztes Aluminiumgeh\u00e4use  Simpler Transport per G\u00fcrtelholster oder Handschlaufe\" \/>\n<meta property=\"og:url\" content=\"https:\/\/4k5tools.com\/fr\/produkte\/lampen\/handlampen\/pl-1000-prolight\/\" \/>\n<meta property=\"og:site_name\" content=\"4K5 BETTER EQUIPMENT\" \/>\n<meta property=\"article:modified_time\" content=\"2025-01-29T16:04:24+00:00\" \/>\n<meta property=\"og:image\" content=\"https:\/\/4k5tools.com\/wp-content\/uploads\/2021\/12\/602.307A_10_20.webp\" \/>\n\t<meta property=\"og:image:width\" content=\"1300\" \/>\n\t<meta property=\"og:image:height\" content=\"1300\" \/>\n\t<meta property=\"og:image:type\" content=\"image\/webp\" \/>\n<meta name=\"twitter:card\" content=\"summary_large_image\" \/>\n<meta name=\"twitter:label1\" content=\"Dur\u00e9e de lecture estim\u00e9e\" \/>\n\t<meta name=\"twitter:data1\" content=\"1 minute\" \/>\n<script type=\"application\/ld+json\" class=\"yoast-schema-graph\">{\"@context\":\"https:\/\/schema.org\",\"@graph\":[{\"@type\":\"WebPage\",\"@id\":\"https:\/\/4k5tools.com\/produkte\/lampen\/handlampen\/pl-1000-prolight\/\",\"url\":\"https:\/\/4k5tools.com\/produkte\/lampen\/handlampen\/pl-1000-prolight\/\",\"name\":\"PL 1000 - 4K5 BETTER EQUIPMENT\",\"isPartOf\":{\"@id\":\"https:\/\/4k5tools.com\/#website\"},\"primaryImageOfPage\":{\"@id\":\"https:\/\/4k5tools.com\/produkte\/lampen\/handlampen\/pl-1000-prolight\/#primaryimage\"},\"image\":{\"@id\":\"https:\/\/4k5tools.com\/produkte\/lampen\/handlampen\/pl-1000-prolight\/#primaryimage\"},\"thumbnailUrl\":\"https:\/\/4k5tools.com\/wp-content\/uploads\/2021\/12\/602.307A_10_20.webp\",\"datePublished\":\"2021-12-21T08:02:19+00:00\",\"dateModified\":\"2025-01-29T16:04:24+00:00\",\"breadcrumb\":{\"@id\":\"https:\/\/4k5tools.com\/produkte\/lampen\/handlampen\/pl-1000-prolight\/#breadcrumb\"},\"inLanguage\":\"fr-FR\",\"potentialAction\":[{\"@type\":\"ReadAction\",\"target\":[\"https:\/\/4k5tools.com\/produkte\/lampen\/handlampen\/pl-1000-prolight\/\"]}]},{\"@type\":\"ImageObject\",\"inLanguage\":\"fr-FR\",\"@id\":\"https:\/\/4k5tools.com\/produkte\/lampen\/handlampen\/pl-1000-prolight\/#primaryimage\",\"url\":\"https:\/\/4k5tools.com\/wp-content\/uploads\/2021\/12\/602.307A_10_20.webp\",\"contentUrl\":\"https:\/\/4k5tools.com\/wp-content\/uploads\/2021\/12\/602.307A_10_20.webp\",\"width\":1300,\"height\":1300,\"caption\":\"Arbeitslampe 602.307A PL 1000 ProLight\"},{\"@type\":\"BreadcrumbList\",\"@id\":\"https:\/\/4k5tools.com\/produkte\/lampen\/handlampen\/pl-1000-prolight\/#breadcrumb\",\"itemListElement\":[{\"@type\":\"ListItem\",\"position\":1,\"name\":\"START\",\"item\":\"https:\/\/4k5tools.com\/\"},{\"@type\":\"ListItem\",\"position\":2,\"name\":\"PRODUKTE\",\"item\":\"https:\/\/4k5tools.com\/shop\/\"},{\"@type\":\"ListItem\",\"position\":3,\"name\":\"LAMPEN\",\"item\":\"https:\/\/4k5tools.com\/produkt-kategorie\/lampen\/\"},{\"@type\":\"ListItem\",\"position\":4,\"name\":\"HANDLAMPEN\",\"item\":\"https:\/\/4k5tools.com\/produkt-kategorie\/lampen\/handlampen\/\"},{\"@type\":\"ListItem\",\"position\":5,\"name\":\"PL 1000\"}]},{\"@type\":\"WebSite\",\"@id\":\"https:\/\/4k5tools.com\/#website\",\"url\":\"https:\/\/4k5tools.com\/\",\"name\":\"4K5 BETTER EQUIPMENT\",\"description\":\"\",\"publisher\":{\"@id\":\"https:\/\/4k5tools.com\/#organization\"},\"potentialAction\":[{\"@type\":\"SearchAction\",\"target\":{\"@type\":\"EntryPoint\",\"urlTemplate\":\"https:\/\/4k5tools.com\/?s={search_term_string}\"},\"query-input\":{\"@type\":\"PropertyValueSpecification\",\"valueRequired\":true,\"valueName\":\"search_term_string\"}}],\"inLanguage\":\"fr-FR\"},{\"@type\":\"Organization\",\"@id\":\"https:\/\/4k5tools.com\/#organization\",\"name\":\"4K5 BETTER EQUIPMENT\",\"url\":\"https:\/\/4k5tools.com\/\",\"logo\":{\"@type\":\"ImageObject\",\"inLanguage\":\"fr-FR\",\"@id\":\"https:\/\/4k5tools.com\/#\/schema\/logo\/image\/\",\"url\":\"https:\/\/4k5tools.com\/wp-content\/uploads\/2022\/04\/4K5_Better-Equipment.webp\",\"contentUrl\":\"https:\/\/4k5tools.com\/wp-content\/uploads\/2022\/04\/4K5_Better-Equipment.webp\",\"width\":550,\"height\":200,\"caption\":\"4K5 BETTER EQUIPMENT\"},\"image\":{\"@id\":\"https:\/\/4k5tools.com\/#\/schema\/logo\/image\/\"}}]}<\/script>\n<!-- \/ Yoast SEO plugin. -->","yoast_head_json":{"title":"PL 1000 - 4K5 BETTER EQUIPMENT","robots":{"index":"index","follow":"follow","max-snippet":"max-snippet:-1","max-image-preview":"max-image-preview:large","max-video-preview":"max-video-preview:-1"},"canonical":"https:\/\/4k5tools.com\/fr\/produkte\/lampen\/handlampen\/pl-1000-prolight\/","og_locale":"fr_FR","og_type":"article","og_title":"PL 1000 - 4K5 BETTER EQUIPMENT","og_description":"Arbeitslampe mit extrem starker Leuchtkraft und einstellbarem Fokus   Extrem starke Leuchtkraft von 1000 Lumen  4 verschiedene Leuchtstufen je nach Anforderung (Low\/Medium\/High\/Strobe)  Einfaches Einstellen des Lichtkegels passend zu jeder Situation  Eloxiertes und spritzwassergesch\u00fctztes Aluminiumgeh\u00e4use  Simpler Transport per G\u00fcrtelholster oder Handschlaufe","og_url":"https:\/\/4k5tools.com\/fr\/produkte\/lampen\/handlampen\/pl-1000-prolight\/","og_site_name":"4K5 BETTER EQUIPMENT","article_modified_time":"2025-01-29T16:04:24+00:00","og_image":[{"width":1300,"height":1300,"url":"https:\/\/4k5tools.com\/wp-content\/uploads\/2021\/12\/602.307A_10_20.webp","type":"image\/webp"}],"twitter_card":"summary_large_image","twitter_misc":{"Dur\u00e9e de lecture estim\u00e9e":"1 minute"},"schema":{"@context":"https:\/\/schema.org","@graph":[{"@type":"WebPage","@id":"https:\/\/4k5tools.com\/produkte\/lampen\/handlampen\/pl-1000-prolight\/","url":"https:\/\/4k5tools.com\/produkte\/lampen\/handlampen\/pl-1000-prolight\/","name":"PL 1000 - 4K5 BETTER EQUIPMENT","isPartOf":{"@id":"https:\/\/4k5tools.com\/#website"},"primaryImageOfPage":{"@id":"https:\/\/4k5tools.com\/produkte\/lampen\/handlampen\/pl-1000-prolight\/#primaryimage"},"image":{"@id":"https:\/\/4k5tools.com\/produkte\/lampen\/handlampen\/pl-1000-prolight\/#primaryimage"},"thumbnailUrl":"https:\/\/4k5tools.com\/wp-content\/uploads\/2021\/12\/602.307A_10_20.webp","datePublished":"2021-12-21T08:02:19+00:00","dateModified":"2025-01-29T16:04:24+00:00","breadcrumb":{"@id":"https:\/\/4k5tools.com\/produkte\/lampen\/handlampen\/pl-1000-prolight\/#breadcrumb"},"inLanguage":"fr-FR","potentialAction":[{"@type":"ReadAction","target":["https:\/\/4k5tools.com\/produkte\/lampen\/handlampen\/pl-1000-prolight\/"]}]},{"@type":"ImageObject","inLanguage":"fr-FR","@id":"https:\/\/4k5tools.com\/produkte\/lampen\/handlampen\/pl-1000-prolight\/#primaryimage","url":"https:\/\/4k5tools.com\/wp-content\/uploads\/2021\/12\/602.307A_10_20.webp","contentUrl":"https:\/\/4k5tools.com\/wp-content\/uploads\/2021\/12\/602.307A_10_20.webp","width":1300,"height":1300,"caption":"Arbeitslampe 602.307A PL 1000 ProLight"},{"@type":"BreadcrumbList","@id":"https:\/\/4k5tools.com\/produkte\/lampen\/handlampen\/pl-1000-prolight\/#breadcrumb","itemListElement":[{"@type":"ListItem","position":1,"name":"START","item":"https:\/\/4k5tools.com\/"},{"@type":"ListItem","position":2,"name":"PRODUKTE","item":"https:\/\/4k5tools.com\/shop\/"},{"@type":"ListItem","position":3,"name":"LAMPEN","item":"https:\/\/4k5tools.com\/produkt-kategorie\/lampen\/"},{"@type":"ListItem","position":4,"name":"HANDLAMPEN","item":"https:\/\/4k5tools.com\/produkt-kategorie\/lampen\/handlampen\/"},{"@type":"ListItem","position":5,"name":"PL 1000"}]},{"@type":"WebSite","@id":"https:\/\/4k5tools.com\/#website","url":"https:\/\/4k5tools.com\/","name":"4K5 BETTER EQUIPMENT","description":"","publisher":{"@id":"https:\/\/4k5tools.com\/#organization"},"potentialAction":[{"@type":"SearchAction","target":{"@type":"EntryPoint","urlTemplate":"https:\/\/4k5tools.com\/?s={search_term_string}"},"query-input":{"@type":"PropertyValueSpecification","valueRequired":true,"valueName":"search_term_string"}}],"inLanguage":"fr-FR"},{"@type":"Organization","@id":"https:\/\/4k5tools.com\/#organization","name":"4K5 BETTER EQUIPMENT","url":"https:\/\/4k5tools.com\/","logo":{"@type":"ImageObject","inLanguage":"fr-FR","@id":"https:\/\/4k5tools.com\/#\/schema\/logo\/image\/","url":"https:\/\/4k5tools.com\/wp-content\/uploads\/2022\/04\/4K5_Better-Equipment.webp","contentUrl":"https:\/\/4k5tools.com\/wp-content\/uploads\/2022\/04\/4K5_Better-Equipment.webp","width":550,"height":200,"caption":"4K5 BETTER EQUIPMENT"},"image":{"@id":"https:\/\/4k5tools.com\/#\/schema\/logo\/image\/"}}]}},"_links":{"self":[{"href":"https:\/\/4k5tools.com\/fr\/wp-json\/wp\/v2\/product\/1191","targetHints":{"allow":["GET"]}}],"collection":[{"href":"https:\/\/4k5tools.com\/fr\/wp-json\/wp\/v2\/product"}],"about":[{"href":"https:\/\/4k5tools.com\/fr\/wp-json\/wp\/v2\/types\/product"}],"wp:featuredmedia":[{"embeddable":true,"href":"https:\/\/4k5tools.com\/fr\/wp-json\/wp\/v2\/media\/1123"}],"wp:attachment":[{"href":"https:\/\/4k5tools.com\/fr\/wp-json\/wp\/v2\/media?parent=1191"}],"wp:term":[{"taxonomy":"product_brand","embeddable":true,"href":"https:\/\/4k5tools.com\/fr\/wp-json\/wp\/v2\/product_brand?post=1191"},{"taxonomy":"product_cat","embeddable":true,"href":"https:\/\/4k5tools.com\/fr\/wp-json\/wp\/v2\/product_cat?post=1191"},{"taxonomy":"product_tag","embeddable":true,"href":"https:\/\/4k5tools.com\/fr\/wp-json\/wp\/v2\/product_tag?post=1191"}],"curies":[{"name":"wp","href":"https:\/\/api.w.org\/{rel}","templated":true}]}}