{"id":1194,"date":"2021-12-21T09:02:19","date_gmt":"2021-12-21T08:02:19","guid":{"rendered":"https:\/\/4k5tools.com\/produkt\/hd-1500-heavyduty-light\/"},"modified":"2025-01-29T08:20:13","modified_gmt":"2025-01-29T07:20:13","slug":"hd-1500-heavyduty-light","status":"publish","type":"product","link":"https:\/\/4k5tools.com\/fr\/produkte\/lampen\/arbeitslampen\/hd-1500-heavyduty-light\/","title":{"rendered":"HD 1500"},"content":{"rendered":"<p>Le projecteur de chantier \u00e0 LED prot\u00e9g\u00e9 contre les projections d\u2019eau est \u00e9quip\u00e9 d\u2019un projecteur et d\u2019un spot r\u00e9glables en continu. Le diffuseur permet de transformer la lumi\u00e8re d\u00e9j\u00e0 \u00e9tendue du projecteur en un \u00e9clairage de surface performant. Le support multifonctionnel orientable \u00e0 360\u00b0 et inclinable \u00e0 180\u00b0 sert \u00e0 poser le projecteur sur un support, \u00e0 l\u2019accrocher, \u00e0 le fixer sur une surface m\u00e9tallique ou \u00e0 le visser sur un tr\u00e9pied. Un clip \u00e0 ressort permet une fixation fiable sur des barres et l\u2019encoche \u00e0 l\u2019accrochage \u00e0 des t\u00eates de pointes. Le syst\u00e8me OSS (Object Sensor System) destin\u00e9 \u00e0 la d\u00e9tection des obstacles augmente la s\u00e9curit\u00e9 des utilisateurs. Le capteur HBS (Human Body Sensor) activable enregistre lorsque les personnes s\u2019\u00e9loignent pendant une certaine dur\u00e9e du projecteur de chantier afin d'\u00e9conomiser de l\u2019\u00e9nergie. Un afficheur LCD parfaitement visible indique l\u2019\u00e9tat de charge de l\u2019accu et l\u2019\u00e9tat HBS. Dans l\u2019obscurit\u00e9, le projecteur est toujours facilement d\u00e9celable gr\u00e2ce \u00e0 son r\u00e9flecteur fluorescent.<\/p>","protected":false},"excerpt":{"rendered":"<p>Projecteur de chantier \u00e0 LED prot\u00e9g\u00e9 contre les projections d\u2019eau avec \u00e9clairage ponctuel progressivement r\u00e9glable et \u00e9clairage \u00e0 faisceau large ainsi qu\u2019avec de nombreuses fixations possibles<\/p>\n<ul title=\"\">\n<li title=\"\"><span title=\"\">\u00c9clairage efficace gr\u00e2ce \u00e0 l\u2019\u00e9clairage \u00e0 faisceau large de 1500\u00a0lumens \u00e0 intensit\u00e9 lumineuse progressivement r\u00e9glable et \u00e0 l\u2019\u00e9clairage ponctuel de 500\u00a0lumens <\/span><\/li>\n<li title=\"\"><span title=\"\">Diffuseur pour r\u00e9gler un \u00e9clairage \u00e9tendu <\/span><\/li>\n<li title=\"\"><span title=\"\">Nombreuses fixations possibles avec le crochet, le support ou le raccord pour tr\u00e9pied<\/span><\/li>\n<li title=\"\"><span title=\"\">Positionnement parfait en tournant la fixation multifonctionnelle de 360\u00b0 et en l\u2019inclinant \u00e0 180\u00b0 <\/span><\/li>\n<li title=\"\"><span title=\"\">Grande s\u00e9curit\u00e9 gr\u00e2ce au syst\u00e8me Object Sensor pour d\u00e9tecter des obstacles <\/span><\/li>\n<li title=\"\"><span title=\"\">Permet d\u2019\u00e9conomiser efficacement de l\u2019\u00e9lectricit\u00e9 avec le d\u00e9tecteur de pr\u00e9sence humaine<\/span><\/li>\n<li title=\"\"><span title=\"\">Fonction SOS pour l\u2019utilisation de l\u2019\u00e9clairage \u00e0 faisceau large dans des situations d\u2019urgence <\/span><\/li>\n<li title=\"\"><span title=\"\">D\u00e9tection facile dans le noir gr\u00e2ce au r\u00e9flecteur fluorescent<\/span><\/li>\n<li title=\"\"><span title=\"\"> Affichage bien visible du niveau de charge de la batterie et de l\u2019\u00e9tat HBS <\/span><\/li>\n<li title=\"\"><span title=\"\">Batterie lithium ion int\u00e9gr\u00e9e<\/span><\/li>\n<\/ul>","protected":false},"featured_media":1128,"template":"","meta":{"ocean_post_layout":"","ocean_both_sidebars_style":"","ocean_both_sidebars_content_width":0,"ocean_both_sidebars_sidebars_width":0,"ocean_sidebar":"0","ocean_second_sidebar":"0","ocean_disable_margins":"enable","ocean_add_body_class":"","ocean_shortcode_before_top_bar":"","ocean_shortcode_after_top_bar":"","ocean_shortcode_before_header":"","ocean_shortcode_after_header":"","ocean_has_shortcode":"","ocean_shortcode_after_title":"","ocean_shortcode_before_footer_widgets":"","ocean_shortcode_after_footer_widgets":"","ocean_shortcode_before_footer_bottom":"","ocean_shortcode_after_footer_bottom":"","ocean_display_top_bar":"default","ocean_display_header":"default","ocean_header_style":"","ocean_center_header_left_menu":"0","ocean_custom_header_template":"0","ocean_custom_logo":0,"ocean_custom_retina_logo":0,"ocean_custom_logo_max_width":0,"ocean_custom_logo_tablet_max_width":0,"ocean_custom_logo_mobile_max_width":0,"ocean_custom_logo_max_height":0,"ocean_custom_logo_tablet_max_height":0,"ocean_custom_logo_mobile_max_height":0,"ocean_header_custom_menu":"0","ocean_menu_typo_font_family":"0","ocean_menu_typo_font_subset":"","ocean_menu_typo_font_size":0,"ocean_menu_typo_font_size_tablet":0,"ocean_menu_typo_font_size_mobile":0,"ocean_menu_typo_font_size_unit":"px","ocean_menu_typo_font_weight":"","ocean_menu_typo_font_weight_tablet":"","ocean_menu_typo_font_weight_mobile":"","ocean_menu_typo_transform":"","ocean_menu_typo_transform_tablet":"","ocean_menu_typo_transform_mobile":"","ocean_menu_typo_line_height":0,"ocean_menu_typo_line_height_tablet":0,"ocean_menu_typo_line_height_mobile":0,"ocean_menu_typo_line_height_unit":"","ocean_menu_typo_spacing":0,"ocean_menu_typo_spacing_tablet":0,"ocean_menu_typo_spacing_mobile":0,"ocean_menu_typo_spacing_unit":"","ocean_menu_link_color":"","ocean_menu_link_color_hover":"","ocean_menu_link_color_active":"","ocean_menu_link_background":"","ocean_menu_link_hover_background":"","ocean_menu_link_active_background":"","ocean_menu_social_links_bg":"","ocean_menu_social_hover_links_bg":"","ocean_menu_social_links_color":"","ocean_menu_social_hover_links_color":"","ocean_disable_title":"default","ocean_disable_heading":"default","ocean_post_title":"","ocean_post_subheading":"","ocean_post_title_style":"","ocean_post_title_background_color":"","ocean_post_title_background":0,"ocean_post_title_bg_image_position":"","ocean_post_title_bg_image_attachment":"","ocean_post_title_bg_image_repeat":"","ocean_post_title_bg_image_size":"","ocean_post_title_height":0,"ocean_post_title_bg_overlay":0.5,"ocean_post_title_bg_overlay_color":"","ocean_disable_breadcrumbs":"default","ocean_breadcrumbs_color":"","ocean_breadcrumbs_separator_color":"","ocean_breadcrumbs_links_color":"","ocean_breadcrumbs_links_hover_color":"","ocean_display_footer_widgets":"default","ocean_display_footer_bottom":"default","ocean_custom_footer_template":"0"},"product_brand":[],"product_cat":[36,35],"product_tag":[],"class_list":{"0":"post-1194","1":"product","2":"type-product","3":"status-publish","4":"has-post-thumbnail","6":"product_cat-arbeitslampen","7":"product_cat-lampen","9":"entry","10":"has-media","12":"first","13":"instock","14":"shipping-taxable","15":"product-type-simple","16":"has-product-nav","17":"col","18":"span_1_of_3","19":"owp-content-center","20":"owp-thumbs-layout-horizontal","21":"owp-btn-normal","22":"owp-tabs-layout-horizontal"},"yoast_head":"<!-- This site is optimized with the Yoast SEO plugin v27.3 - https:\/\/yoast.com\/product\/yoast-seo-wordpress\/ -->\n<title>HD 1500 - 4K5 BETTER EQUIPMENT<\/title>\n<meta name=\"robots\" content=\"index, follow, max-snippet:-1, max-image-preview:large, max-video-preview:-1\" \/>\n<link rel=\"canonical\" href=\"https:\/\/4k5tools.com\/fr\/produkte\/lampen\/arbeitslampen\/hd-1500-heavyduty-light\/\" \/>\n<meta property=\"og:locale\" content=\"fr_FR\" \/>\n<meta property=\"og:type\" content=\"article\" \/>\n<meta property=\"og:title\" content=\"HD 1500 - 4K5 BETTER EQUIPMENT\" \/>\n<meta property=\"og:description\" content=\"Spritzwassergesch\u00fctzter LED-Baustrahler mit stufenlos einstellbarem Spotlicht und Flutlicht sowie umfangreichen Befestigungsm\u00f6glichkeiten   Effektives Ausleuchten durch stufenlos dimmbares Flutlicht mit 1500 Lumen und Spotlicht mit 500 Lumen   Diffusor zum Einstellen eines fl\u00e4chendeckenden Lichts   Umfangreiche Befestigungsm\u00f6glichkeiten per Haken, Magnet, St\u00e4nder und Stativanschluss  Perfektes Positionieren durch Drehen der Multifunktionshalterung um 360\u00b0 und Neigen um 180\u00b0   Hohe Sicherheit durch Object Sensor System zur Erfassung von Hindernissen   Effektives Sparen von Strom mit Human Body Sensor  SOS-Funktion zur Nutzung des Flutlichts in Notsituationen   Problemloses Erkennen im Dunkeln durch Fluoreszenzreflektor   Gut sichtbare Anzeige von Akku- Ladestatus und HBS-Status   Integrierter Lithium-Ionen-Akku\" \/>\n<meta property=\"og:url\" content=\"https:\/\/4k5tools.com\/fr\/produkte\/lampen\/arbeitslampen\/hd-1500-heavyduty-light\/\" \/>\n<meta property=\"og:site_name\" content=\"4K5 BETTER EQUIPMENT\" \/>\n<meta property=\"article:modified_time\" content=\"2025-01-29T07:20:13+00:00\" \/>\n<meta property=\"og:image\" content=\"https:\/\/4k5tools.com\/wp-content\/uploads\/2021\/12\/602.401A_10_20.webp\" \/>\n\t<meta property=\"og:image:width\" content=\"1300\" \/>\n\t<meta property=\"og:image:height\" content=\"1300\" \/>\n\t<meta property=\"og:image:type\" content=\"image\/webp\" \/>\n<meta name=\"twitter:card\" content=\"summary_large_image\" \/>\n<meta name=\"twitter:label1\" content=\"Dur\u00e9e de lecture estim\u00e9e\" \/>\n\t<meta name=\"twitter:data1\" content=\"1 minute\" \/>\n<script type=\"application\/ld+json\" class=\"yoast-schema-graph\">{\"@context\":\"https:\\\/\\\/schema.org\",\"@graph\":[{\"@type\":\"WebPage\",\"@id\":\"https:\\\/\\\/4k5tools.com\\\/produkte\\\/lampen\\\/arbeitslampen\\\/hd-1500-heavyduty-light\\\/\",\"url\":\"https:\\\/\\\/4k5tools.com\\\/produkte\\\/lampen\\\/arbeitslampen\\\/hd-1500-heavyduty-light\\\/\",\"name\":\"HD 1500 - 4K5 BETTER EQUIPMENT\",\"isPartOf\":{\"@id\":\"https:\\\/\\\/4k5tools.com\\\/#website\"},\"primaryImageOfPage\":{\"@id\":\"https:\\\/\\\/4k5tools.com\\\/produkte\\\/lampen\\\/arbeitslampen\\\/hd-1500-heavyduty-light\\\/#primaryimage\"},\"image\":{\"@id\":\"https:\\\/\\\/4k5tools.com\\\/produkte\\\/lampen\\\/arbeitslampen\\\/hd-1500-heavyduty-light\\\/#primaryimage\"},\"thumbnailUrl\":\"https:\\\/\\\/4k5tools.com\\\/wp-content\\\/uploads\\\/2021\\\/12\\\/602.401A_10_20.webp\",\"datePublished\":\"2021-12-21T08:02:19+00:00\",\"dateModified\":\"2025-01-29T07:20:13+00:00\",\"breadcrumb\":{\"@id\":\"https:\\\/\\\/4k5tools.com\\\/produkte\\\/lampen\\\/arbeitslampen\\\/hd-1500-heavyduty-light\\\/#breadcrumb\"},\"inLanguage\":\"fr-FR\",\"potentialAction\":[{\"@type\":\"ReadAction\",\"target\":[\"https:\\\/\\\/4k5tools.com\\\/produkte\\\/lampen\\\/arbeitslampen\\\/hd-1500-heavyduty-light\\\/\"]}]},{\"@type\":\"ImageObject\",\"inLanguage\":\"fr-FR\",\"@id\":\"https:\\\/\\\/4k5tools.com\\\/produkte\\\/lampen\\\/arbeitslampen\\\/hd-1500-heavyduty-light\\\/#primaryimage\",\"url\":\"https:\\\/\\\/4k5tools.com\\\/wp-content\\\/uploads\\\/2021\\\/12\\\/602.401A_10_20.webp\",\"contentUrl\":\"https:\\\/\\\/4k5tools.com\\\/wp-content\\\/uploads\\\/2021\\\/12\\\/602.401A_10_20.webp\",\"width\":1300,\"height\":1300,\"caption\":\"Baustrahler 602.401A HD 1500 HeavyDuty Light\"},{\"@type\":\"BreadcrumbList\",\"@id\":\"https:\\\/\\\/4k5tools.com\\\/produkte\\\/lampen\\\/arbeitslampen\\\/hd-1500-heavyduty-light\\\/#breadcrumb\",\"itemListElement\":[{\"@type\":\"ListItem\",\"position\":1,\"name\":\"START\",\"item\":\"https:\\\/\\\/4k5tools.com\\\/\"},{\"@type\":\"ListItem\",\"position\":2,\"name\":\"PRODUKTE\",\"item\":\"https:\\\/\\\/4k5tools.com\\\/shop\\\/\"},{\"@type\":\"ListItem\",\"position\":3,\"name\":\"LAMPEN\",\"item\":\"https:\\\/\\\/4k5tools.com\\\/produkt-kategorie\\\/lampen\\\/\"},{\"@type\":\"ListItem\",\"position\":4,\"name\":\"ARBEITSLAMPEN\",\"item\":\"https:\\\/\\\/4k5tools.com\\\/produkt-kategorie\\\/lampen\\\/arbeitslampen\\\/\"},{\"@type\":\"ListItem\",\"position\":5,\"name\":\"HD 1500\"}]},{\"@type\":\"WebSite\",\"@id\":\"https:\\\/\\\/4k5tools.com\\\/#website\",\"url\":\"https:\\\/\\\/4k5tools.com\\\/\",\"name\":\"4K5 BETTER EQUIPMENT\",\"description\":\"\",\"publisher\":{\"@id\":\"https:\\\/\\\/4k5tools.com\\\/#organization\"},\"potentialAction\":[{\"@type\":\"SearchAction\",\"target\":{\"@type\":\"EntryPoint\",\"urlTemplate\":\"https:\\\/\\\/4k5tools.com\\\/?s={search_term_string}\"},\"query-input\":{\"@type\":\"PropertyValueSpecification\",\"valueRequired\":true,\"valueName\":\"search_term_string\"}}],\"inLanguage\":\"fr-FR\"},{\"@type\":\"Organization\",\"@id\":\"https:\\\/\\\/4k5tools.com\\\/#organization\",\"name\":\"4K5 BETTER EQUIPMENT\",\"url\":\"https:\\\/\\\/4k5tools.com\\\/\",\"logo\":{\"@type\":\"ImageObject\",\"inLanguage\":\"fr-FR\",\"@id\":\"https:\\\/\\\/4k5tools.com\\\/#\\\/schema\\\/logo\\\/image\\\/\",\"url\":\"https:\\\/\\\/4k5tools.com\\\/wp-content\\\/uploads\\\/2022\\\/04\\\/4K5_Better-Equipment.webp\",\"contentUrl\":\"https:\\\/\\\/4k5tools.com\\\/wp-content\\\/uploads\\\/2022\\\/04\\\/4K5_Better-Equipment.webp\",\"width\":550,\"height\":200,\"caption\":\"4K5 BETTER EQUIPMENT\"},\"image\":{\"@id\":\"https:\\\/\\\/4k5tools.com\\\/#\\\/schema\\\/logo\\\/image\\\/\"}}]}<\/script>\n<!-- \/ Yoast SEO plugin. -->","yoast_head_json":{"title":"HD 1500 - 4K5 BETTER EQUIPMENT","robots":{"index":"index","follow":"follow","max-snippet":"max-snippet:-1","max-image-preview":"max-image-preview:large","max-video-preview":"max-video-preview:-1"},"canonical":"https:\/\/4k5tools.com\/fr\/produkte\/lampen\/arbeitslampen\/hd-1500-heavyduty-light\/","og_locale":"fr_FR","og_type":"article","og_title":"HD 1500 - 4K5 BETTER EQUIPMENT","og_description":"Spritzwassergesch\u00fctzter LED-Baustrahler mit stufenlos einstellbarem Spotlicht und Flutlicht sowie umfangreichen Befestigungsm\u00f6glichkeiten   Effektives Ausleuchten durch stufenlos dimmbares Flutlicht mit 1500 Lumen und Spotlicht mit 500 Lumen   Diffusor zum Einstellen eines fl\u00e4chendeckenden Lichts   Umfangreiche Befestigungsm\u00f6glichkeiten per Haken, Magnet, St\u00e4nder und Stativanschluss  Perfektes Positionieren durch Drehen der Multifunktionshalterung um 360\u00b0 und Neigen um 180\u00b0   Hohe Sicherheit durch Object Sensor System zur Erfassung von Hindernissen   Effektives Sparen von Strom mit Human Body Sensor  SOS-Funktion zur Nutzung des Flutlichts in Notsituationen   Problemloses Erkennen im Dunkeln durch Fluoreszenzreflektor   Gut sichtbare Anzeige von Akku- Ladestatus und HBS-Status   Integrierter Lithium-Ionen-Akku","og_url":"https:\/\/4k5tools.com\/fr\/produkte\/lampen\/arbeitslampen\/hd-1500-heavyduty-light\/","og_site_name":"4K5 BETTER EQUIPMENT","article_modified_time":"2025-01-29T07:20:13+00:00","og_image":[{"width":1300,"height":1300,"url":"https:\/\/4k5tools.com\/wp-content\/uploads\/2021\/12\/602.401A_10_20.webp","type":"image\/webp"}],"twitter_card":"summary_large_image","twitter_misc":{"Dur\u00e9e de lecture estim\u00e9e":"1 minute"},"schema":{"@context":"https:\/\/schema.org","@graph":[{"@type":"WebPage","@id":"https:\/\/4k5tools.com\/produkte\/lampen\/arbeitslampen\/hd-1500-heavyduty-light\/","url":"https:\/\/4k5tools.com\/produkte\/lampen\/arbeitslampen\/hd-1500-heavyduty-light\/","name":"HD 1500 - 4K5 BETTER EQUIPMENT","isPartOf":{"@id":"https:\/\/4k5tools.com\/#website"},"primaryImageOfPage":{"@id":"https:\/\/4k5tools.com\/produkte\/lampen\/arbeitslampen\/hd-1500-heavyduty-light\/#primaryimage"},"image":{"@id":"https:\/\/4k5tools.com\/produkte\/lampen\/arbeitslampen\/hd-1500-heavyduty-light\/#primaryimage"},"thumbnailUrl":"https:\/\/4k5tools.com\/wp-content\/uploads\/2021\/12\/602.401A_10_20.webp","datePublished":"2021-12-21T08:02:19+00:00","dateModified":"2025-01-29T07:20:13+00:00","breadcrumb":{"@id":"https:\/\/4k5tools.com\/produkte\/lampen\/arbeitslampen\/hd-1500-heavyduty-light\/#breadcrumb"},"inLanguage":"fr-FR","potentialAction":[{"@type":"ReadAction","target":["https:\/\/4k5tools.com\/produkte\/lampen\/arbeitslampen\/hd-1500-heavyduty-light\/"]}]},{"@type":"ImageObject","inLanguage":"fr-FR","@id":"https:\/\/4k5tools.com\/produkte\/lampen\/arbeitslampen\/hd-1500-heavyduty-light\/#primaryimage","url":"https:\/\/4k5tools.com\/wp-content\/uploads\/2021\/12\/602.401A_10_20.webp","contentUrl":"https:\/\/4k5tools.com\/wp-content\/uploads\/2021\/12\/602.401A_10_20.webp","width":1300,"height":1300,"caption":"Baustrahler 602.401A HD 1500 HeavyDuty Light"},{"@type":"BreadcrumbList","@id":"https:\/\/4k5tools.com\/produkte\/lampen\/arbeitslampen\/hd-1500-heavyduty-light\/#breadcrumb","itemListElement":[{"@type":"ListItem","position":1,"name":"START","item":"https:\/\/4k5tools.com\/"},{"@type":"ListItem","position":2,"name":"PRODUKTE","item":"https:\/\/4k5tools.com\/shop\/"},{"@type":"ListItem","position":3,"name":"LAMPEN","item":"https:\/\/4k5tools.com\/produkt-kategorie\/lampen\/"},{"@type":"ListItem","position":4,"name":"ARBEITSLAMPEN","item":"https:\/\/4k5tools.com\/produkt-kategorie\/lampen\/arbeitslampen\/"},{"@type":"ListItem","position":5,"name":"HD 1500"}]},{"@type":"WebSite","@id":"https:\/\/4k5tools.com\/#website","url":"https:\/\/4k5tools.com\/","name":"4K5 BETTER EQUIPMENT","description":"","publisher":{"@id":"https:\/\/4k5tools.com\/#organization"},"potentialAction":[{"@type":"SearchAction","target":{"@type":"EntryPoint","urlTemplate":"https:\/\/4k5tools.com\/?s={search_term_string}"},"query-input":{"@type":"PropertyValueSpecification","valueRequired":true,"valueName":"search_term_string"}}],"inLanguage":"fr-FR"},{"@type":"Organization","@id":"https:\/\/4k5tools.com\/#organization","name":"4K5 BETTER EQUIPMENT","url":"https:\/\/4k5tools.com\/","logo":{"@type":"ImageObject","inLanguage":"fr-FR","@id":"https:\/\/4k5tools.com\/#\/schema\/logo\/image\/","url":"https:\/\/4k5tools.com\/wp-content\/uploads\/2022\/04\/4K5_Better-Equipment.webp","contentUrl":"https:\/\/4k5tools.com\/wp-content\/uploads\/2022\/04\/4K5_Better-Equipment.webp","width":550,"height":200,"caption":"4K5 BETTER EQUIPMENT"},"image":{"@id":"https:\/\/4k5tools.com\/#\/schema\/logo\/image\/"}}]}},"_links":{"self":[{"href":"https:\/\/4k5tools.com\/fr\/wp-json\/wp\/v2\/product\/1194","targetHints":{"allow":["GET"]}}],"collection":[{"href":"https:\/\/4k5tools.com\/fr\/wp-json\/wp\/v2\/product"}],"about":[{"href":"https:\/\/4k5tools.com\/fr\/wp-json\/wp\/v2\/types\/product"}],"wp:featuredmedia":[{"embeddable":true,"href":"https:\/\/4k5tools.com\/fr\/wp-json\/wp\/v2\/media\/1128"}],"wp:attachment":[{"href":"https:\/\/4k5tools.com\/fr\/wp-json\/wp\/v2\/media?parent=1194"}],"wp:term":[{"taxonomy":"product_brand","embeddable":true,"href":"https:\/\/4k5tools.com\/fr\/wp-json\/wp\/v2\/product_brand?post=1194"},{"taxonomy":"product_cat","embeddable":true,"href":"https:\/\/4k5tools.com\/fr\/wp-json\/wp\/v2\/product_cat?post=1194"},{"taxonomy":"product_tag","embeddable":true,"href":"https:\/\/4k5tools.com\/fr\/wp-json\/wp\/v2\/product_tag?post=1194"}],"curies":[{"name":"wp","href":"https:\/\/api.w.org\/{rel}","templated":true}]}}