{"id":1260,"date":"2022-01-18T15:01:22","date_gmt":"2022-01-18T14:01:22","guid":{"rendered":"https:\/\/4k5tools.com\/produkt\/el-130-elektrofix\/"},"modified":"2022-09-21T11:12:39","modified_gmt":"2022-09-21T09:12:39","slug":"el-130","status":"publish","type":"product","link":"https:\/\/4k5tools.com\/fr\/produkte\/wasserwaage\/rechteckprofil-wasserwaagen\/el-130\/","title":{"rendered":"EL 130"},"content":{"rendered":"<p>Ce niveau \u00e0 bulle est id\u00e9al pour le positionnement exact des prises et des interrupteurs gr\u00e2ce aux marquages \u00e0 intervalles. Il y a quatre marquages \u00e9cart\u00e9s de 71 mm les uns par rapport aux autres, un autre marquage \u00e0 91 mm et des r\u00e9f\u00e9rences en hauteur \u00e0 30 cm, 105 cm et 115 cm. Le profil\u00e9 rectangulaire en alu solide a deux bulles-blocs en plexiglas, une bulle verticale et une bulle horizontale avec mesure de pente pratique jusqu\u2019\u00e0 2\u00a0%. D\u2019autres avantages sont la grande pr\u00e9cision de mesure et les embouts amortisseurs de chocs qui prot\u00e8ge efficacement le profil\u00e9 et les propri\u00e9t\u00e9s du niveau \u00e0 bulle.<\/p>","protected":false},"excerpt":{"rendered":"<p>Niveau \u00e0 bulle d\u2019\u00e9lectricien, id\u00e9al pour le positionnement optimal des prises et des interrupteurs<\/p>\n<ul title=\"\">\n<li title=\"\"><span title=\"\">Rep\u00e9rage exact des espaces entre les prises avec aides de marquage \u00e0 intervalles<\/span><\/li>\n<li title=\"\"><span title=\"\">Id\u00e9al pour les travaux d\u2019installation \u00e9lectrique rapides et pr\u00e9cis<\/span><\/li>\n<li title=\"\"><span title=\"\">2 bulles-blocs en plexiglas antichocs, horizontale et verticale<\/span><\/li>\n<li title=\"\"><span title=\"\">Pose facile des interrupteurs \u00e0 la hauteur ad\u00e9quate<\/span><\/li>\n<li title=\"\"><span title=\"\">Mesure de pente pratique jusqu\u2019\u00e0 2\u00a0% sur la bulle-bloc horizontale en plexiglas<\/span><\/li>\n<li title=\"\"><span title=\"\">Bonne protection du profil\u00e9 gr\u00e2ce aux embouts amortisseurs en caoutchouc<\/span><\/li>\n<li title=\"\"><span title=\"\">Profil\u00e9 rectangulaire en aluminium solide<\/span><\/li>\n<\/ul>","protected":false},"featured_media":2684,"template":"","meta":{"ocean_post_layout":"","ocean_both_sidebars_style":"","ocean_both_sidebars_content_width":0,"ocean_both_sidebars_sidebars_width":0,"ocean_sidebar":"0","ocean_second_sidebar":"0","ocean_disable_margins":"enable","ocean_add_body_class":"","ocean_shortcode_before_top_bar":"","ocean_shortcode_after_top_bar":"","ocean_shortcode_before_header":"","ocean_shortcode_after_header":"","ocean_has_shortcode":"","ocean_shortcode_after_title":"","ocean_shortcode_before_footer_widgets":"","ocean_shortcode_after_footer_widgets":"","ocean_shortcode_before_footer_bottom":"","ocean_shortcode_after_footer_bottom":"","ocean_display_top_bar":"default","ocean_display_header":"default","ocean_header_style":"","ocean_center_header_left_menu":"0","ocean_custom_header_template":"0","ocean_custom_logo":0,"ocean_custom_retina_logo":0,"ocean_custom_logo_max_width":0,"ocean_custom_logo_tablet_max_width":0,"ocean_custom_logo_mobile_max_width":0,"ocean_custom_logo_max_height":0,"ocean_custom_logo_tablet_max_height":0,"ocean_custom_logo_mobile_max_height":0,"ocean_header_custom_menu":"0","ocean_menu_typo_font_family":"0","ocean_menu_typo_font_subset":"","ocean_menu_typo_font_size":0,"ocean_menu_typo_font_size_tablet":0,"ocean_menu_typo_font_size_mobile":0,"ocean_menu_typo_font_size_unit":"px","ocean_menu_typo_font_weight":"","ocean_menu_typo_font_weight_tablet":"","ocean_menu_typo_font_weight_mobile":"","ocean_menu_typo_transform":"","ocean_menu_typo_transform_tablet":"","ocean_menu_typo_transform_mobile":"","ocean_menu_typo_line_height":0,"ocean_menu_typo_line_height_tablet":0,"ocean_menu_typo_line_height_mobile":0,"ocean_menu_typo_line_height_unit":"","ocean_menu_typo_spacing":0,"ocean_menu_typo_spacing_tablet":0,"ocean_menu_typo_spacing_mobile":0,"ocean_menu_typo_spacing_unit":"","ocean_menu_link_color":"","ocean_menu_link_color_hover":"","ocean_menu_link_color_active":"","ocean_menu_link_background":"","ocean_menu_link_hover_background":"","ocean_menu_link_active_background":"","ocean_menu_social_links_bg":"","ocean_menu_social_hover_links_bg":"","ocean_menu_social_links_color":"","ocean_menu_social_hover_links_color":"","ocean_disable_title":"default","ocean_disable_heading":"default","ocean_post_title":"","ocean_post_subheading":"","ocean_post_title_style":"","ocean_post_title_background_color":"","ocean_post_title_background":0,"ocean_post_title_bg_image_position":"","ocean_post_title_bg_image_attachment":"","ocean_post_title_bg_image_repeat":"","ocean_post_title_bg_image_size":"","ocean_post_title_height":0,"ocean_post_title_bg_overlay":0.5,"ocean_post_title_bg_overlay_color":"","ocean_disable_breadcrumbs":"default","ocean_breadcrumbs_color":"","ocean_breadcrumbs_separator_color":"","ocean_breadcrumbs_links_color":"","ocean_breadcrumbs_links_hover_color":"","ocean_display_footer_widgets":"default","ocean_display_footer_bottom":"default","ocean_custom_footer_template":"0"},"product_brand":[],"product_cat":[43,55],"product_tag":[],"class_list":{"0":"post-1260","1":"product","2":"type-product","3":"status-publish","4":"has-post-thumbnail","6":"product_cat-wasserwaage","7":"product_cat-rechteckprofil-wasserwaagen","9":"entry","10":"has-media","12":"first","13":"instock","14":"shipping-taxable","15":"product-type-simple","16":"has-product-nav","17":"col","18":"span_1_of_3","19":"owp-content-center","20":"owp-thumbs-layout-horizontal","21":"owp-btn-normal","22":"owp-tabs-layout-horizontal"},"yoast_head":"<!-- This site is optimized with the Yoast SEO plugin v27.0 - https:\/\/yoast.com\/product\/yoast-seo-wordpress\/ -->\n<title>EL 130 - 4K5 BETTER EQUIPMENT<\/title>\n<meta name=\"robots\" content=\"index, follow, max-snippet:-1, max-image-preview:large, max-video-preview:-1\" \/>\n<link rel=\"canonical\" href=\"https:\/\/4k5tools.com\/fr\/produkte\/wasserwaage\/rechteckprofil-wasserwaagen\/el-130\/\" \/>\n<meta property=\"og:locale\" content=\"fr_FR\" \/>\n<meta property=\"og:type\" content=\"article\" \/>\n<meta property=\"og:title\" content=\"EL 130 - 4K5 BETTER EQUIPMENT\" \/>\n<meta property=\"og:description\" content=\"Elektriker-Wasserwaage ideal zur optimalen Positionierung von Steckdosen und Schaltern   Exaktes Festlegen von Abst\u00e4nden zwischen Steckdosen mit Markierungshilfen in Intervallen  Ideal f\u00fcr schnelle und genaue Elektroinstallationsarbeiten  2 schlagfeste Acrylglas-Blocklibellen, horizontal und vertikal  Einfaches Anbringen von Schaltern in der richtigen H\u00f6he  Praktische 2 %-Gef\u00e4llemarkierung an horizontaler Acrylglas-Blocklibelle  Guter Schutz des Profils mit sto\u00dfd\u00e4mpfenden, gummierten Endkappen  Robustes Alu-Rohrprofil\" \/>\n<meta property=\"og:url\" content=\"https:\/\/4k5tools.com\/fr\/produkte\/wasserwaage\/rechteckprofil-wasserwaagen\/el-130\/\" \/>\n<meta property=\"og:site_name\" content=\"4K5 BETTER EQUIPMENT\" \/>\n<meta property=\"article:modified_time\" content=\"2022-09-21T09:12:39+00:00\" \/>\n<meta property=\"og:image\" content=\"https:\/\/4k5tools.com\/wp-content\/uploads\/2022\/04\/603.106-130_Perspektive.webp\" \/>\n\t<meta property=\"og:image:width\" content=\"1300\" \/>\n\t<meta property=\"og:image:height\" content=\"1300\" \/>\n\t<meta property=\"og:image:type\" content=\"image\/webp\" \/>\n<meta name=\"twitter:card\" content=\"summary_large_image\" \/>\n<meta name=\"twitter:label1\" content=\"Dur\u00e9e de lecture estim\u00e9e\" \/>\n\t<meta name=\"twitter:data1\" content=\"1 minute\" \/>\n<script type=\"application\/ld+json\" class=\"yoast-schema-graph\">{\"@context\":\"https:\/\/schema.org\",\"@graph\":[{\"@type\":\"WebPage\",\"@id\":\"https:\/\/4k5tools.com\/produkte\/wasserwaage\/rechteckprofil-wasserwaagen\/el-130\/\",\"url\":\"https:\/\/4k5tools.com\/produkte\/wasserwaage\/rechteckprofil-wasserwaagen\/el-130\/\",\"name\":\"EL 130 - 4K5 BETTER EQUIPMENT\",\"isPartOf\":{\"@id\":\"https:\/\/4k5tools.com\/#website\"},\"primaryImageOfPage\":{\"@id\":\"https:\/\/4k5tools.com\/produkte\/wasserwaage\/rechteckprofil-wasserwaagen\/el-130\/#primaryimage\"},\"image\":{\"@id\":\"https:\/\/4k5tools.com\/produkte\/wasserwaage\/rechteckprofil-wasserwaagen\/el-130\/#primaryimage\"},\"thumbnailUrl\":\"https:\/\/4k5tools.com\/wp-content\/uploads\/2022\/04\/603.106-130_Perspektive.webp\",\"datePublished\":\"2022-01-18T14:01:22+00:00\",\"dateModified\":\"2022-09-21T09:12:39+00:00\",\"breadcrumb\":{\"@id\":\"https:\/\/4k5tools.com\/produkte\/wasserwaage\/rechteckprofil-wasserwaagen\/el-130\/#breadcrumb\"},\"inLanguage\":\"fr-FR\",\"potentialAction\":[{\"@type\":\"ReadAction\",\"target\":[\"https:\/\/4k5tools.com\/produkte\/wasserwaage\/rechteckprofil-wasserwaagen\/el-130\/\"]}]},{\"@type\":\"ImageObject\",\"inLanguage\":\"fr-FR\",\"@id\":\"https:\/\/4k5tools.com\/produkte\/wasserwaage\/rechteckprofil-wasserwaagen\/el-130\/#primaryimage\",\"url\":\"https:\/\/4k5tools.com\/wp-content\/uploads\/2022\/04\/603.106-130_Perspektive.webp\",\"contentUrl\":\"https:\/\/4k5tools.com\/wp-content\/uploads\/2022\/04\/603.106-130_Perspektive.webp\",\"width\":1300,\"height\":1300,\"caption\":\"603.106-130 Wasserwaage\"},{\"@type\":\"BreadcrumbList\",\"@id\":\"https:\/\/4k5tools.com\/produkte\/wasserwaage\/rechteckprofil-wasserwaagen\/el-130\/#breadcrumb\",\"itemListElement\":[{\"@type\":\"ListItem\",\"position\":1,\"name\":\"START\",\"item\":\"https:\/\/4k5tools.com\/\"},{\"@type\":\"ListItem\",\"position\":2,\"name\":\"PRODUKTE\",\"item\":\"https:\/\/4k5tools.com\/shop\/\"},{\"@type\":\"ListItem\",\"position\":3,\"name\":\"WASSERWAAGEN\",\"item\":\"https:\/\/4k5tools.com\/produkt-kategorie\/wasserwaage\/\"},{\"@type\":\"ListItem\",\"position\":4,\"name\":\"RECHTECKPROFIL-WASSERWAAGEN\",\"item\":\"https:\/\/4k5tools.com\/produkt-kategorie\/wasserwaage\/rechteckprofil-wasserwaagen\/\"},{\"@type\":\"ListItem\",\"position\":5,\"name\":\"EL 130\"}]},{\"@type\":\"WebSite\",\"@id\":\"https:\/\/4k5tools.com\/#website\",\"url\":\"https:\/\/4k5tools.com\/\",\"name\":\"4K5 BETTER EQUIPMENT\",\"description\":\"\",\"publisher\":{\"@id\":\"https:\/\/4k5tools.com\/#organization\"},\"potentialAction\":[{\"@type\":\"SearchAction\",\"target\":{\"@type\":\"EntryPoint\",\"urlTemplate\":\"https:\/\/4k5tools.com\/?s={search_term_string}\"},\"query-input\":{\"@type\":\"PropertyValueSpecification\",\"valueRequired\":true,\"valueName\":\"search_term_string\"}}],\"inLanguage\":\"fr-FR\"},{\"@type\":\"Organization\",\"@id\":\"https:\/\/4k5tools.com\/#organization\",\"name\":\"4K5 BETTER EQUIPMENT\",\"url\":\"https:\/\/4k5tools.com\/\",\"logo\":{\"@type\":\"ImageObject\",\"inLanguage\":\"fr-FR\",\"@id\":\"https:\/\/4k5tools.com\/#\/schema\/logo\/image\/\",\"url\":\"https:\/\/4k5tools.com\/wp-content\/uploads\/2022\/04\/4K5_Better-Equipment.webp\",\"contentUrl\":\"https:\/\/4k5tools.com\/wp-content\/uploads\/2022\/04\/4K5_Better-Equipment.webp\",\"width\":550,\"height\":200,\"caption\":\"4K5 BETTER EQUIPMENT\"},\"image\":{\"@id\":\"https:\/\/4k5tools.com\/#\/schema\/logo\/image\/\"}}]}<\/script>\n<!-- \/ Yoast SEO plugin. -->","yoast_head_json":{"title":"EL 130 - 4K5 BETTER EQUIPMENT","robots":{"index":"index","follow":"follow","max-snippet":"max-snippet:-1","max-image-preview":"max-image-preview:large","max-video-preview":"max-video-preview:-1"},"canonical":"https:\/\/4k5tools.com\/fr\/produkte\/wasserwaage\/rechteckprofil-wasserwaagen\/el-130\/","og_locale":"fr_FR","og_type":"article","og_title":"EL 130 - 4K5 BETTER EQUIPMENT","og_description":"Elektriker-Wasserwaage ideal zur optimalen Positionierung von Steckdosen und Schaltern   Exaktes Festlegen von Abst\u00e4nden zwischen Steckdosen mit Markierungshilfen in Intervallen  Ideal f\u00fcr schnelle und genaue Elektroinstallationsarbeiten  2 schlagfeste Acrylglas-Blocklibellen, horizontal und vertikal  Einfaches Anbringen von Schaltern in der richtigen H\u00f6he  Praktische 2 %-Gef\u00e4llemarkierung an horizontaler Acrylglas-Blocklibelle  Guter Schutz des Profils mit sto\u00dfd\u00e4mpfenden, gummierten Endkappen  Robustes Alu-Rohrprofil","og_url":"https:\/\/4k5tools.com\/fr\/produkte\/wasserwaage\/rechteckprofil-wasserwaagen\/el-130\/","og_site_name":"4K5 BETTER EQUIPMENT","article_modified_time":"2022-09-21T09:12:39+00:00","og_image":[{"width":1300,"height":1300,"url":"https:\/\/4k5tools.com\/wp-content\/uploads\/2022\/04\/603.106-130_Perspektive.webp","type":"image\/webp"}],"twitter_card":"summary_large_image","twitter_misc":{"Dur\u00e9e de lecture estim\u00e9e":"1 minute"},"schema":{"@context":"https:\/\/schema.org","@graph":[{"@type":"WebPage","@id":"https:\/\/4k5tools.com\/produkte\/wasserwaage\/rechteckprofil-wasserwaagen\/el-130\/","url":"https:\/\/4k5tools.com\/produkte\/wasserwaage\/rechteckprofil-wasserwaagen\/el-130\/","name":"EL 130 - 4K5 BETTER EQUIPMENT","isPartOf":{"@id":"https:\/\/4k5tools.com\/#website"},"primaryImageOfPage":{"@id":"https:\/\/4k5tools.com\/produkte\/wasserwaage\/rechteckprofil-wasserwaagen\/el-130\/#primaryimage"},"image":{"@id":"https:\/\/4k5tools.com\/produkte\/wasserwaage\/rechteckprofil-wasserwaagen\/el-130\/#primaryimage"},"thumbnailUrl":"https:\/\/4k5tools.com\/wp-content\/uploads\/2022\/04\/603.106-130_Perspektive.webp","datePublished":"2022-01-18T14:01:22+00:00","dateModified":"2022-09-21T09:12:39+00:00","breadcrumb":{"@id":"https:\/\/4k5tools.com\/produkte\/wasserwaage\/rechteckprofil-wasserwaagen\/el-130\/#breadcrumb"},"inLanguage":"fr-FR","potentialAction":[{"@type":"ReadAction","target":["https:\/\/4k5tools.com\/produkte\/wasserwaage\/rechteckprofil-wasserwaagen\/el-130\/"]}]},{"@type":"ImageObject","inLanguage":"fr-FR","@id":"https:\/\/4k5tools.com\/produkte\/wasserwaage\/rechteckprofil-wasserwaagen\/el-130\/#primaryimage","url":"https:\/\/4k5tools.com\/wp-content\/uploads\/2022\/04\/603.106-130_Perspektive.webp","contentUrl":"https:\/\/4k5tools.com\/wp-content\/uploads\/2022\/04\/603.106-130_Perspektive.webp","width":1300,"height":1300,"caption":"603.106-130 Wasserwaage"},{"@type":"BreadcrumbList","@id":"https:\/\/4k5tools.com\/produkte\/wasserwaage\/rechteckprofil-wasserwaagen\/el-130\/#breadcrumb","itemListElement":[{"@type":"ListItem","position":1,"name":"START","item":"https:\/\/4k5tools.com\/"},{"@type":"ListItem","position":2,"name":"PRODUKTE","item":"https:\/\/4k5tools.com\/shop\/"},{"@type":"ListItem","position":3,"name":"WASSERWAAGEN","item":"https:\/\/4k5tools.com\/produkt-kategorie\/wasserwaage\/"},{"@type":"ListItem","position":4,"name":"RECHTECKPROFIL-WASSERWAAGEN","item":"https:\/\/4k5tools.com\/produkt-kategorie\/wasserwaage\/rechteckprofil-wasserwaagen\/"},{"@type":"ListItem","position":5,"name":"EL 130"}]},{"@type":"WebSite","@id":"https:\/\/4k5tools.com\/#website","url":"https:\/\/4k5tools.com\/","name":"4K5 BETTER EQUIPMENT","description":"","publisher":{"@id":"https:\/\/4k5tools.com\/#organization"},"potentialAction":[{"@type":"SearchAction","target":{"@type":"EntryPoint","urlTemplate":"https:\/\/4k5tools.com\/?s={search_term_string}"},"query-input":{"@type":"PropertyValueSpecification","valueRequired":true,"valueName":"search_term_string"}}],"inLanguage":"fr-FR"},{"@type":"Organization","@id":"https:\/\/4k5tools.com\/#organization","name":"4K5 BETTER EQUIPMENT","url":"https:\/\/4k5tools.com\/","logo":{"@type":"ImageObject","inLanguage":"fr-FR","@id":"https:\/\/4k5tools.com\/#\/schema\/logo\/image\/","url":"https:\/\/4k5tools.com\/wp-content\/uploads\/2022\/04\/4K5_Better-Equipment.webp","contentUrl":"https:\/\/4k5tools.com\/wp-content\/uploads\/2022\/04\/4K5_Better-Equipment.webp","width":550,"height":200,"caption":"4K5 BETTER EQUIPMENT"},"image":{"@id":"https:\/\/4k5tools.com\/#\/schema\/logo\/image\/"}}]}},"_links":{"self":[{"href":"https:\/\/4k5tools.com\/fr\/wp-json\/wp\/v2\/product\/1260","targetHints":{"allow":["GET"]}}],"collection":[{"href":"https:\/\/4k5tools.com\/fr\/wp-json\/wp\/v2\/product"}],"about":[{"href":"https:\/\/4k5tools.com\/fr\/wp-json\/wp\/v2\/types\/product"}],"wp:featuredmedia":[{"embeddable":true,"href":"https:\/\/4k5tools.com\/fr\/wp-json\/wp\/v2\/media\/2684"}],"wp:attachment":[{"href":"https:\/\/4k5tools.com\/fr\/wp-json\/wp\/v2\/media?parent=1260"}],"wp:term":[{"taxonomy":"product_brand","embeddable":true,"href":"https:\/\/4k5tools.com\/fr\/wp-json\/wp\/v2\/product_brand?post=1260"},{"taxonomy":"product_cat","embeddable":true,"href":"https:\/\/4k5tools.com\/fr\/wp-json\/wp\/v2\/product_cat?post=1260"},{"taxonomy":"product_tag","embeddable":true,"href":"https:\/\/4k5tools.com\/fr\/wp-json\/wp\/v2\/product_tag?post=1260"}],"curies":[{"name":"wp","href":"https:\/\/api.w.org\/{rel}","templated":true}]}}