{"id":1462,"date":"2022-01-24T10:20:51","date_gmt":"2022-01-24T09:20:51","guid":{"rendered":"https:\/\/4k5tools.com\/produkt\/hi-10-hook-inserts\/"},"modified":"2022-07-20T09:01:45","modified_gmt":"2022-07-20T07:01:45","slug":"hi-10-hook-inserts","status":"publish","type":"product","link":"https:\/\/4k5tools.com\/fr\/produkte\/messer-und-werkzeuge\/arbeitsmesser\/hi-10-hook-inserts\/","title":{"rendered":"HI 10"},"content":{"rendered":"<p>Ces dix lames \u00e0 crochet tranchantes sont adapt\u00e9es au couteau Insert Blade 4K5 TK 300 et la plupart des couteaux universels. Elles sont en acier SK 5 haut de gamme, poss\u00e8dent une surface satin\u00e9e et sont parfaites pour les op\u00e9rations d\u2019emballage et les cartons. La forme \u00e0 crochet offre une bonne protection contre les entailles dans les produits emball\u00e9s et contre les coupures. Aucun outil n\u2019est n\u00e9cessaire pour remplacer les lames.<\/p>","protected":false},"excerpt":{"rendered":"<p>Dix lames de rechange \u00e0 crochet tranchantes<\/p>\n<ul title=\"\">\n<li title=\"\"><span title=\"\">10 lames \u00e0 crochet tranchantes en acier SK 5 haut de gamme, surface satin\u00e9e<\/span><\/li>\n<li title=\"\"><span title=\"\">Adapt\u00e9es au couteau Insert Blade 4K5 TK 300 et la plupart des couteaux universels <\/span><\/li>\n<li title=\"\"><span title=\"\">Parfait pour les op\u00e9rations d\u2019emballage et les cartons<\/span><\/li>\n<li title=\"\"><span title=\"\">La forme \u00e0 crochet offre \u00e0 l\u2019utilisateur une bonne protection contre les coupures<\/span><\/li>\n<li title=\"\"><span title=\"\">Protection \u00e9lev\u00e9e contre les entailles dans les produits emball\u00e9s<\/span><\/li>\n<li title=\"\"><span title=\"\">Remplacement rapide de la lame sans outil<\/span><\/li>\n<\/ul>","protected":false},"featured_media":1497,"template":"","meta":{"ocean_post_layout":"","ocean_both_sidebars_style":"","ocean_both_sidebars_content_width":0,"ocean_both_sidebars_sidebars_width":0,"ocean_sidebar":"0","ocean_second_sidebar":"0","ocean_disable_margins":"enable","ocean_add_body_class":"","ocean_shortcode_before_top_bar":"","ocean_shortcode_after_top_bar":"","ocean_shortcode_before_header":"","ocean_shortcode_after_header":"","ocean_has_shortcode":"","ocean_shortcode_after_title":"","ocean_shortcode_before_footer_widgets":"","ocean_shortcode_after_footer_widgets":"","ocean_shortcode_before_footer_bottom":"","ocean_shortcode_after_footer_bottom":"","ocean_display_top_bar":"default","ocean_display_header":"default","ocean_header_style":"","ocean_center_header_left_menu":"0","ocean_custom_header_template":"0","ocean_custom_logo":0,"ocean_custom_retina_logo":0,"ocean_custom_logo_max_width":0,"ocean_custom_logo_tablet_max_width":0,"ocean_custom_logo_mobile_max_width":0,"ocean_custom_logo_max_height":0,"ocean_custom_logo_tablet_max_height":0,"ocean_custom_logo_mobile_max_height":0,"ocean_header_custom_menu":"0","ocean_menu_typo_font_family":"0","ocean_menu_typo_font_subset":"","ocean_menu_typo_font_size":0,"ocean_menu_typo_font_size_tablet":0,"ocean_menu_typo_font_size_mobile":0,"ocean_menu_typo_font_size_unit":"px","ocean_menu_typo_font_weight":"","ocean_menu_typo_font_weight_tablet":"","ocean_menu_typo_font_weight_mobile":"","ocean_menu_typo_transform":"","ocean_menu_typo_transform_tablet":"","ocean_menu_typo_transform_mobile":"","ocean_menu_typo_line_height":0,"ocean_menu_typo_line_height_tablet":0,"ocean_menu_typo_line_height_mobile":0,"ocean_menu_typo_line_height_unit":"","ocean_menu_typo_spacing":0,"ocean_menu_typo_spacing_tablet":0,"ocean_menu_typo_spacing_mobile":0,"ocean_menu_typo_spacing_unit":"","ocean_menu_link_color":"","ocean_menu_link_color_hover":"","ocean_menu_link_color_active":"","ocean_menu_link_background":"","ocean_menu_link_hover_background":"","ocean_menu_link_active_background":"","ocean_menu_social_links_bg":"","ocean_menu_social_hover_links_bg":"","ocean_menu_social_links_color":"","ocean_menu_social_hover_links_color":"","ocean_disable_title":"default","ocean_disable_heading":"default","ocean_post_title":"","ocean_post_subheading":"","ocean_post_title_style":"","ocean_post_title_background_color":"","ocean_post_title_background":0,"ocean_post_title_bg_image_position":"","ocean_post_title_bg_image_attachment":"","ocean_post_title_bg_image_repeat":"","ocean_post_title_bg_image_size":"","ocean_post_title_height":0,"ocean_post_title_bg_overlay":0.5,"ocean_post_title_bg_overlay_color":"","ocean_disable_breadcrumbs":"default","ocean_breadcrumbs_color":"","ocean_breadcrumbs_separator_color":"","ocean_breadcrumbs_links_color":"","ocean_breadcrumbs_links_hover_color":"","ocean_display_footer_widgets":"default","ocean_display_footer_bottom":"default","ocean_custom_footer_template":"0"},"product_brand":[],"product_cat":[49,48],"product_tag":[],"class_list":{"0":"post-1462","1":"product","2":"type-product","3":"status-publish","4":"has-post-thumbnail","6":"product_cat-arbeitsmesser","7":"product_cat-messer-und-werkzeuge","9":"entry","10":"has-media","12":"first","13":"instock","14":"shipping-taxable","15":"product-type-simple","16":"has-product-nav","17":"col","18":"span_1_of_3","19":"owp-content-center","20":"owp-thumbs-layout-horizontal","21":"owp-btn-normal","22":"owp-tabs-layout-horizontal"},"yoast_head":"<!-- This site is optimized with the Yoast SEO plugin v27.3 - https:\/\/yoast.com\/product\/yoast-seo-wordpress\/ -->\n<title>HI 10 - 4K5 BETTER EQUIPMENT<\/title>\n<meta name=\"robots\" content=\"index, follow, max-snippet:-1, max-image-preview:large, max-video-preview:-1\" \/>\n<link rel=\"canonical\" href=\"https:\/\/4k5tools.com\/fr\/produkte\/messer-und-werkzeuge\/arbeitsmesser\/hi-10-hook-inserts\/\" \/>\n<meta property=\"og:locale\" content=\"fr_FR\" \/>\n<meta property=\"og:type\" content=\"article\" \/>\n<meta property=\"og:title\" content=\"HI 10 - 4K5 BETTER EQUIPMENT\" \/>\n<meta property=\"og:description\" content=\"Zehn scharfe Ersatzklingen mit Hakenform   10 scharfe Hakenklingen aus hochwertigem SK 5 Stahl mit satinierter Oberfl\u00e4che  Geeignet f\u00fcr das 4K5 TK 300 Insert Blade Knife und die meisten Universalmesser   Optimal f\u00fcr Verpackungs- und Kartonarbeiten  Hakenform bietet guten Schutz vor Schnittverletzungen f\u00fcr den Benutzer  Hoher Schutz vor Schnitten in die verpackte Ware  Schnelles Wechseln der Klinge ohne Werkzeugeinsatz\" \/>\n<meta property=\"og:url\" content=\"https:\/\/4k5tools.com\/fr\/produkte\/messer-und-werkzeuge\/arbeitsmesser\/hi-10-hook-inserts\/\" \/>\n<meta property=\"og:site_name\" content=\"4K5 BETTER EQUIPMENT\" \/>\n<meta property=\"article:modified_time\" content=\"2022-07-20T07:01:45+00:00\" \/>\n<meta property=\"og:image\" content=\"https:\/\/4k5tools.com\/wp-content\/uploads\/2022\/01\/600.300.2-Klinge-4K5.webp\" \/>\n\t<meta property=\"og:image:width\" content=\"1300\" \/>\n\t<meta property=\"og:image:height\" content=\"1300\" \/>\n\t<meta property=\"og:image:type\" content=\"image\/webp\" \/>\n<meta name=\"twitter:card\" content=\"summary_large_image\" \/>\n<script type=\"application\/ld+json\" class=\"yoast-schema-graph\">{\"@context\":\"https:\\\/\\\/schema.org\",\"@graph\":[{\"@type\":\"WebPage\",\"@id\":\"https:\\\/\\\/4k5tools.com\\\/produkte\\\/messer-und-werkzeuge\\\/arbeitsmesser\\\/hi-10-hook-inserts\\\/\",\"url\":\"https:\\\/\\\/4k5tools.com\\\/produkte\\\/messer-und-werkzeuge\\\/arbeitsmesser\\\/hi-10-hook-inserts\\\/\",\"name\":\"HI 10 - 4K5 BETTER EQUIPMENT\",\"isPartOf\":{\"@id\":\"https:\\\/\\\/4k5tools.com\\\/#website\"},\"primaryImageOfPage\":{\"@id\":\"https:\\\/\\\/4k5tools.com\\\/produkte\\\/messer-und-werkzeuge\\\/arbeitsmesser\\\/hi-10-hook-inserts\\\/#primaryimage\"},\"image\":{\"@id\":\"https:\\\/\\\/4k5tools.com\\\/produkte\\\/messer-und-werkzeuge\\\/arbeitsmesser\\\/hi-10-hook-inserts\\\/#primaryimage\"},\"thumbnailUrl\":\"https:\\\/\\\/4k5tools.com\\\/wp-content\\\/uploads\\\/2022\\\/01\\\/600.300.2-Klinge-4K5.webp\",\"datePublished\":\"2022-01-24T09:20:51+00:00\",\"dateModified\":\"2022-07-20T07:01:45+00:00\",\"breadcrumb\":{\"@id\":\"https:\\\/\\\/4k5tools.com\\\/produkte\\\/messer-und-werkzeuge\\\/arbeitsmesser\\\/hi-10-hook-inserts\\\/#breadcrumb\"},\"inLanguage\":\"fr-FR\",\"potentialAction\":[{\"@type\":\"ReadAction\",\"target\":[\"https:\\\/\\\/4k5tools.com\\\/produkte\\\/messer-und-werkzeuge\\\/arbeitsmesser\\\/hi-10-hook-inserts\\\/\"]}]},{\"@type\":\"ImageObject\",\"inLanguage\":\"fr-FR\",\"@id\":\"https:\\\/\\\/4k5tools.com\\\/produkte\\\/messer-und-werkzeuge\\\/arbeitsmesser\\\/hi-10-hook-inserts\\\/#primaryimage\",\"url\":\"https:\\\/\\\/4k5tools.com\\\/wp-content\\\/uploads\\\/2022\\\/01\\\/600.300.2-Klinge-4K5.webp\",\"contentUrl\":\"https:\\\/\\\/4k5tools.com\\\/wp-content\\\/uploads\\\/2022\\\/01\\\/600.300.2-Klinge-4K5.webp\",\"width\":1300,\"height\":1300,\"caption\":\"Arbeitsmesser 600.300.2 HI 10 Hook Inserts\"},{\"@type\":\"BreadcrumbList\",\"@id\":\"https:\\\/\\\/4k5tools.com\\\/produkte\\\/messer-und-werkzeuge\\\/arbeitsmesser\\\/hi-10-hook-inserts\\\/#breadcrumb\",\"itemListElement\":[{\"@type\":\"ListItem\",\"position\":1,\"name\":\"START\",\"item\":\"https:\\\/\\\/4k5tools.com\\\/\"},{\"@type\":\"ListItem\",\"position\":2,\"name\":\"PRODUKTE\",\"item\":\"https:\\\/\\\/4k5tools.com\\\/shop\\\/\"},{\"@type\":\"ListItem\",\"position\":3,\"name\":\"MESSER UND WERKZEUGE\",\"item\":\"https:\\\/\\\/4k5tools.com\\\/produkt-kategorie\\\/messer-und-werkzeuge\\\/\"},{\"@type\":\"ListItem\",\"position\":4,\"name\":\"ARBEITSMESSER\",\"item\":\"https:\\\/\\\/4k5tools.com\\\/produkt-kategorie\\\/messer-und-werkzeuge\\\/arbeitsmesser\\\/\"},{\"@type\":\"ListItem\",\"position\":5,\"name\":\"HI 10\"}]},{\"@type\":\"WebSite\",\"@id\":\"https:\\\/\\\/4k5tools.com\\\/#website\",\"url\":\"https:\\\/\\\/4k5tools.com\\\/\",\"name\":\"4K5 BETTER EQUIPMENT\",\"description\":\"\",\"publisher\":{\"@id\":\"https:\\\/\\\/4k5tools.com\\\/#organization\"},\"potentialAction\":[{\"@type\":\"SearchAction\",\"target\":{\"@type\":\"EntryPoint\",\"urlTemplate\":\"https:\\\/\\\/4k5tools.com\\\/?s={search_term_string}\"},\"query-input\":{\"@type\":\"PropertyValueSpecification\",\"valueRequired\":true,\"valueName\":\"search_term_string\"}}],\"inLanguage\":\"fr-FR\"},{\"@type\":\"Organization\",\"@id\":\"https:\\\/\\\/4k5tools.com\\\/#organization\",\"name\":\"4K5 BETTER EQUIPMENT\",\"url\":\"https:\\\/\\\/4k5tools.com\\\/\",\"logo\":{\"@type\":\"ImageObject\",\"inLanguage\":\"fr-FR\",\"@id\":\"https:\\\/\\\/4k5tools.com\\\/#\\\/schema\\\/logo\\\/image\\\/\",\"url\":\"https:\\\/\\\/4k5tools.com\\\/wp-content\\\/uploads\\\/2022\\\/04\\\/4K5_Better-Equipment.webp\",\"contentUrl\":\"https:\\\/\\\/4k5tools.com\\\/wp-content\\\/uploads\\\/2022\\\/04\\\/4K5_Better-Equipment.webp\",\"width\":550,\"height\":200,\"caption\":\"4K5 BETTER EQUIPMENT\"},\"image\":{\"@id\":\"https:\\\/\\\/4k5tools.com\\\/#\\\/schema\\\/logo\\\/image\\\/\"}}]}<\/script>\n<!-- \/ Yoast SEO plugin. -->","yoast_head_json":{"title":"HI 10 - 4K5 BETTER EQUIPMENT","robots":{"index":"index","follow":"follow","max-snippet":"max-snippet:-1","max-image-preview":"max-image-preview:large","max-video-preview":"max-video-preview:-1"},"canonical":"https:\/\/4k5tools.com\/fr\/produkte\/messer-und-werkzeuge\/arbeitsmesser\/hi-10-hook-inserts\/","og_locale":"fr_FR","og_type":"article","og_title":"HI 10 - 4K5 BETTER EQUIPMENT","og_description":"Zehn scharfe Ersatzklingen mit Hakenform   10 scharfe Hakenklingen aus hochwertigem SK 5 Stahl mit satinierter Oberfl\u00e4che  Geeignet f\u00fcr das 4K5 TK 300 Insert Blade Knife und die meisten Universalmesser   Optimal f\u00fcr Verpackungs- und Kartonarbeiten  Hakenform bietet guten Schutz vor Schnittverletzungen f\u00fcr den Benutzer  Hoher Schutz vor Schnitten in die verpackte Ware  Schnelles Wechseln der Klinge ohne Werkzeugeinsatz","og_url":"https:\/\/4k5tools.com\/fr\/produkte\/messer-und-werkzeuge\/arbeitsmesser\/hi-10-hook-inserts\/","og_site_name":"4K5 BETTER EQUIPMENT","article_modified_time":"2022-07-20T07:01:45+00:00","og_image":[{"width":1300,"height":1300,"url":"https:\/\/4k5tools.com\/wp-content\/uploads\/2022\/01\/600.300.2-Klinge-4K5.webp","type":"image\/webp"}],"twitter_card":"summary_large_image","schema":{"@context":"https:\/\/schema.org","@graph":[{"@type":"WebPage","@id":"https:\/\/4k5tools.com\/produkte\/messer-und-werkzeuge\/arbeitsmesser\/hi-10-hook-inserts\/","url":"https:\/\/4k5tools.com\/produkte\/messer-und-werkzeuge\/arbeitsmesser\/hi-10-hook-inserts\/","name":"HI 10 - 4K5 BETTER EQUIPMENT","isPartOf":{"@id":"https:\/\/4k5tools.com\/#website"},"primaryImageOfPage":{"@id":"https:\/\/4k5tools.com\/produkte\/messer-und-werkzeuge\/arbeitsmesser\/hi-10-hook-inserts\/#primaryimage"},"image":{"@id":"https:\/\/4k5tools.com\/produkte\/messer-und-werkzeuge\/arbeitsmesser\/hi-10-hook-inserts\/#primaryimage"},"thumbnailUrl":"https:\/\/4k5tools.com\/wp-content\/uploads\/2022\/01\/600.300.2-Klinge-4K5.webp","datePublished":"2022-01-24T09:20:51+00:00","dateModified":"2022-07-20T07:01:45+00:00","breadcrumb":{"@id":"https:\/\/4k5tools.com\/produkte\/messer-und-werkzeuge\/arbeitsmesser\/hi-10-hook-inserts\/#breadcrumb"},"inLanguage":"fr-FR","potentialAction":[{"@type":"ReadAction","target":["https:\/\/4k5tools.com\/produkte\/messer-und-werkzeuge\/arbeitsmesser\/hi-10-hook-inserts\/"]}]},{"@type":"ImageObject","inLanguage":"fr-FR","@id":"https:\/\/4k5tools.com\/produkte\/messer-und-werkzeuge\/arbeitsmesser\/hi-10-hook-inserts\/#primaryimage","url":"https:\/\/4k5tools.com\/wp-content\/uploads\/2022\/01\/600.300.2-Klinge-4K5.webp","contentUrl":"https:\/\/4k5tools.com\/wp-content\/uploads\/2022\/01\/600.300.2-Klinge-4K5.webp","width":1300,"height":1300,"caption":"Arbeitsmesser 600.300.2 HI 10 Hook Inserts"},{"@type":"BreadcrumbList","@id":"https:\/\/4k5tools.com\/produkte\/messer-und-werkzeuge\/arbeitsmesser\/hi-10-hook-inserts\/#breadcrumb","itemListElement":[{"@type":"ListItem","position":1,"name":"START","item":"https:\/\/4k5tools.com\/"},{"@type":"ListItem","position":2,"name":"PRODUKTE","item":"https:\/\/4k5tools.com\/shop\/"},{"@type":"ListItem","position":3,"name":"MESSER UND WERKZEUGE","item":"https:\/\/4k5tools.com\/produkt-kategorie\/messer-und-werkzeuge\/"},{"@type":"ListItem","position":4,"name":"ARBEITSMESSER","item":"https:\/\/4k5tools.com\/produkt-kategorie\/messer-und-werkzeuge\/arbeitsmesser\/"},{"@type":"ListItem","position":5,"name":"HI 10"}]},{"@type":"WebSite","@id":"https:\/\/4k5tools.com\/#website","url":"https:\/\/4k5tools.com\/","name":"4K5 BETTER EQUIPMENT","description":"","publisher":{"@id":"https:\/\/4k5tools.com\/#organization"},"potentialAction":[{"@type":"SearchAction","target":{"@type":"EntryPoint","urlTemplate":"https:\/\/4k5tools.com\/?s={search_term_string}"},"query-input":{"@type":"PropertyValueSpecification","valueRequired":true,"valueName":"search_term_string"}}],"inLanguage":"fr-FR"},{"@type":"Organization","@id":"https:\/\/4k5tools.com\/#organization","name":"4K5 BETTER EQUIPMENT","url":"https:\/\/4k5tools.com\/","logo":{"@type":"ImageObject","inLanguage":"fr-FR","@id":"https:\/\/4k5tools.com\/#\/schema\/logo\/image\/","url":"https:\/\/4k5tools.com\/wp-content\/uploads\/2022\/04\/4K5_Better-Equipment.webp","contentUrl":"https:\/\/4k5tools.com\/wp-content\/uploads\/2022\/04\/4K5_Better-Equipment.webp","width":550,"height":200,"caption":"4K5 BETTER EQUIPMENT"},"image":{"@id":"https:\/\/4k5tools.com\/#\/schema\/logo\/image\/"}}]}},"_links":{"self":[{"href":"https:\/\/4k5tools.com\/fr\/wp-json\/wp\/v2\/product\/1462","targetHints":{"allow":["GET"]}}],"collection":[{"href":"https:\/\/4k5tools.com\/fr\/wp-json\/wp\/v2\/product"}],"about":[{"href":"https:\/\/4k5tools.com\/fr\/wp-json\/wp\/v2\/types\/product"}],"wp:featuredmedia":[{"embeddable":true,"href":"https:\/\/4k5tools.com\/fr\/wp-json\/wp\/v2\/media\/1497"}],"wp:attachment":[{"href":"https:\/\/4k5tools.com\/fr\/wp-json\/wp\/v2\/media?parent=1462"}],"wp:term":[{"taxonomy":"product_brand","embeddable":true,"href":"https:\/\/4k5tools.com\/fr\/wp-json\/wp\/v2\/product_brand?post=1462"},{"taxonomy":"product_cat","embeddable":true,"href":"https:\/\/4k5tools.com\/fr\/wp-json\/wp\/v2\/product_cat?post=1462"},{"taxonomy":"product_tag","embeddable":true,"href":"https:\/\/4k5tools.com\/fr\/wp-json\/wp\/v2\/product_tag?post=1462"}],"curies":[{"name":"wp","href":"https:\/\/api.w.org\/{rel}","templated":true}]}}