{"id":1539,"date":"2022-01-26T08:57:16","date_gmt":"2022-01-26T07:57:16","guid":{"rendered":"https:\/\/4k5tools.com\/produkt\/rmf-20-rollmeter-fibre-20-m\/"},"modified":"2022-07-20T09:26:32","modified_gmt":"2022-07-20T07:26:32","slug":"rmf-20-rollmeter-fibre-20-m","status":"publish","type":"product","link":"https:\/\/4k5tools.com\/fr\/produkte\/messzeuge\/massband\/rmf-20-rollmeter-fibre-20-m\/","title":{"rendered":"RMF 20"},"content":{"rendered":"<p>Le m\u00e8tre \u00e0 ruban en fibres de verre poss\u00e8de un crochet d\u2019extr\u00e9mit\u00e9 mobile et une fixation efficace pour l\u2019installation sur le lieu d\u2019utilisation. La graduation large, continue et tr\u00e8s facile \u00e0 relever permet des mesures de longueurs pr\u00e9cises. Une seule personne suffit pour le processus de mesure. La manivelle et la transmission 3:1 pratique servent \u00e0 enrouler rapidement le ruban. Le bo\u00eetier caoutchout\u00e9 offre une grande robustesse, tient bien en main et se nettoie facilement.<\/p>","protected":false},"excerpt":{"rendered":"<p>M\u00e8tre \u00e0 ruban en fibres de verre parfaitement lisible et imprim\u00e9 des deux c\u00f4t\u00e9s avec crochet d\u2019extr\u00e9mit\u00e9 mobile et fixation efficace<\/p>\n<ul title=\"\">\n<li title=\"\"><span title=\"\">Crochet d\u2019extr\u00e9mit\u00e9 mobile et fixation efficace<\/span><\/li>\n<li title=\"\"><span title=\"\">Seulement une personne est n\u00e9cessaire pour effectuer la mesure<\/span><\/li>\n<li title=\"\"><span title=\"\">Ruban en fibres de verre avec \u00e9chelle continue et parfaitement lisible <\/span><\/li>\n<li title=\"\">Diff\u00e9rentes \u00e9chelles sur les faces avant et arri\u00e8re, adapt\u00e9es \u00e0 l\u2019utilisation respective<\/li>\n<li title=\"\"><span title=\"\">Enroulement rapide gr\u00e2ce \u00e0 la manivelle et transmission 3:1 pratique <\/span><\/li>\n<li title=\"\"><span title=\"\">Bo\u00eetier en caoutchouc solide tenant bien en main<\/span><\/li>\n<li title=\"\"><span title=\"\">Nettoyage rapide et facile<\/span><\/li>\n<\/ul>","protected":false},"featured_media":1580,"template":"","meta":{"ocean_post_layout":"","ocean_both_sidebars_style":"","ocean_both_sidebars_content_width":0,"ocean_both_sidebars_sidebars_width":0,"ocean_sidebar":"0","ocean_second_sidebar":"0","ocean_disable_margins":"enable","ocean_add_body_class":"","ocean_shortcode_before_top_bar":"","ocean_shortcode_after_top_bar":"","ocean_shortcode_before_header":"","ocean_shortcode_after_header":"","ocean_has_shortcode":"","ocean_shortcode_after_title":"","ocean_shortcode_before_footer_widgets":"","ocean_shortcode_after_footer_widgets":"","ocean_shortcode_before_footer_bottom":"","ocean_shortcode_after_footer_bottom":"","ocean_display_top_bar":"default","ocean_display_header":"default","ocean_header_style":"","ocean_center_header_left_menu":"0","ocean_custom_header_template":"0","ocean_custom_logo":0,"ocean_custom_retina_logo":0,"ocean_custom_logo_max_width":0,"ocean_custom_logo_tablet_max_width":0,"ocean_custom_logo_mobile_max_width":0,"ocean_custom_logo_max_height":0,"ocean_custom_logo_tablet_max_height":0,"ocean_custom_logo_mobile_max_height":0,"ocean_header_custom_menu":"0","ocean_menu_typo_font_family":"0","ocean_menu_typo_font_subset":"","ocean_menu_typo_font_size":0,"ocean_menu_typo_font_size_tablet":0,"ocean_menu_typo_font_size_mobile":0,"ocean_menu_typo_font_size_unit":"px","ocean_menu_typo_font_weight":"","ocean_menu_typo_font_weight_tablet":"","ocean_menu_typo_font_weight_mobile":"","ocean_menu_typo_transform":"","ocean_menu_typo_transform_tablet":"","ocean_menu_typo_transform_mobile":"","ocean_menu_typo_line_height":0,"ocean_menu_typo_line_height_tablet":0,"ocean_menu_typo_line_height_mobile":0,"ocean_menu_typo_line_height_unit":"","ocean_menu_typo_spacing":0,"ocean_menu_typo_spacing_tablet":0,"ocean_menu_typo_spacing_mobile":0,"ocean_menu_typo_spacing_unit":"","ocean_menu_link_color":"","ocean_menu_link_color_hover":"","ocean_menu_link_color_active":"","ocean_menu_link_background":"","ocean_menu_link_hover_background":"","ocean_menu_link_active_background":"","ocean_menu_social_links_bg":"","ocean_menu_social_hover_links_bg":"","ocean_menu_social_links_color":"","ocean_menu_social_hover_links_color":"","ocean_disable_title":"default","ocean_disable_heading":"default","ocean_post_title":"","ocean_post_subheading":"","ocean_post_title_style":"","ocean_post_title_background_color":"","ocean_post_title_background":0,"ocean_post_title_bg_image_position":"","ocean_post_title_bg_image_attachment":"","ocean_post_title_bg_image_repeat":"","ocean_post_title_bg_image_size":"","ocean_post_title_height":0,"ocean_post_title_bg_overlay":0.5,"ocean_post_title_bg_overlay_color":"","ocean_disable_breadcrumbs":"default","ocean_breadcrumbs_color":"","ocean_breadcrumbs_separator_color":"","ocean_breadcrumbs_links_color":"","ocean_breadcrumbs_links_hover_color":"","ocean_display_footer_widgets":"default","ocean_display_footer_bottom":"default","ocean_custom_footer_template":"0"},"product_brand":[],"product_cat":[53,32],"product_tag":[],"class_list":{"0":"post-1539","1":"product","2":"type-product","3":"status-publish","4":"has-post-thumbnail","6":"product_cat-messzeuge","7":"product_cat-massband","9":"entry","10":"has-media","12":"first","13":"instock","14":"shipping-taxable","15":"product-type-simple","16":"has-product-nav","17":"col","18":"span_1_of_3","19":"owp-content-center","20":"owp-thumbs-layout-horizontal","21":"owp-btn-normal","22":"owp-tabs-layout-horizontal"},"yoast_head":"<!-- This site is optimized with the Yoast SEO plugin v27.0 - https:\/\/yoast.com\/product\/yoast-seo-wordpress\/ -->\n<title>RMF 20 - 4K5 BETTER EQUIPMENT<\/title>\n<meta name=\"robots\" content=\"index, follow, max-snippet:-1, max-image-preview:large, max-video-preview:-1\" \/>\n<link rel=\"canonical\" href=\"https:\/\/4k5tools.com\/fr\/produkte\/messzeuge\/massband\/rmf-20-rollmeter-fibre-20-m\/\" \/>\n<meta property=\"og:locale\" content=\"fr_FR\" \/>\n<meta property=\"og:type\" content=\"article\" \/>\n<meta property=\"og:title\" content=\"RMF 20 - 4K5 BETTER EQUIPMENT\" \/>\n<meta property=\"og:description\" content=\"Optimal ablesbares, beidseitig bedrucktes Glasfaser-Rollbandma\u00df mit beweglichem Endhaken und effektiver Fixierung   Beweglicher Endhaken und effektive Fixierung  Nur eine Person zum Messvorgang ben\u00f6tigt  Glasfaserband mit durchgehender, optimal ablesbarer Skalierung   Unterschiedliche Skalierungen auf Vorder- und R\u00fcckseite passend zur jeweiligen Anwendungssituation  Schnelles Aufrollen per Kurbel und praktischer 3:1 \u00dcbersetzung   Robustes, gummiertes Geh\u00e4use liegt gut in der Hand  Schnell und einfach zu reinigen\" \/>\n<meta property=\"og:url\" content=\"https:\/\/4k5tools.com\/fr\/produkte\/messzeuge\/massband\/rmf-20-rollmeter-fibre-20-m\/\" \/>\n<meta property=\"og:site_name\" content=\"4K5 BETTER EQUIPMENT\" \/>\n<meta property=\"article:modified_time\" content=\"2022-07-20T07:26:32+00:00\" \/>\n<meta property=\"og:image\" content=\"https:\/\/4k5tools.com\/wp-content\/uploads\/2022\/01\/606.102-20-Markierwerkzeuge-Bandmass-02.webp\" \/>\n\t<meta property=\"og:image:width\" content=\"1300\" \/>\n\t<meta property=\"og:image:height\" content=\"1300\" \/>\n\t<meta property=\"og:image:type\" content=\"image\/webp\" \/>\n<meta name=\"twitter:card\" content=\"summary_large_image\" \/>\n<script type=\"application\/ld+json\" class=\"yoast-schema-graph\">{\"@context\":\"https:\/\/schema.org\",\"@graph\":[{\"@type\":\"WebPage\",\"@id\":\"https:\/\/4k5tools.com\/produkte\/messzeuge\/massband\/rmf-20-rollmeter-fibre-20-m\/\",\"url\":\"https:\/\/4k5tools.com\/produkte\/messzeuge\/massband\/rmf-20-rollmeter-fibre-20-m\/\",\"name\":\"RMF 20 - 4K5 BETTER EQUIPMENT\",\"isPartOf\":{\"@id\":\"https:\/\/4k5tools.com\/#website\"},\"primaryImageOfPage\":{\"@id\":\"https:\/\/4k5tools.com\/produkte\/messzeuge\/massband\/rmf-20-rollmeter-fibre-20-m\/#primaryimage\"},\"image\":{\"@id\":\"https:\/\/4k5tools.com\/produkte\/messzeuge\/massband\/rmf-20-rollmeter-fibre-20-m\/#primaryimage\"},\"thumbnailUrl\":\"https:\/\/4k5tools.com\/wp-content\/uploads\/2022\/01\/606.102-20-Markierwerkzeuge-Bandmass-02.webp\",\"datePublished\":\"2022-01-26T07:57:16+00:00\",\"dateModified\":\"2022-07-20T07:26:32+00:00\",\"breadcrumb\":{\"@id\":\"https:\/\/4k5tools.com\/produkte\/messzeuge\/massband\/rmf-20-rollmeter-fibre-20-m\/#breadcrumb\"},\"inLanguage\":\"fr-FR\",\"potentialAction\":[{\"@type\":\"ReadAction\",\"target\":[\"https:\/\/4k5tools.com\/produkte\/messzeuge\/massband\/rmf-20-rollmeter-fibre-20-m\/\"]}]},{\"@type\":\"ImageObject\",\"inLanguage\":\"fr-FR\",\"@id\":\"https:\/\/4k5tools.com\/produkte\/messzeuge\/massband\/rmf-20-rollmeter-fibre-20-m\/#primaryimage\",\"url\":\"https:\/\/4k5tools.com\/wp-content\/uploads\/2022\/01\/606.102-20-Markierwerkzeuge-Bandmass-02.webp\",\"contentUrl\":\"https:\/\/4k5tools.com\/wp-content\/uploads\/2022\/01\/606.102-20-Markierwerkzeuge-Bandmass-02.webp\",\"width\":1300,\"height\":1300,\"caption\":\"Rollbandma\u00df 606.102-20 RMF 20 RollMeter Fibre 20 m\"},{\"@type\":\"BreadcrumbList\",\"@id\":\"https:\/\/4k5tools.com\/produkte\/messzeuge\/massband\/rmf-20-rollmeter-fibre-20-m\/#breadcrumb\",\"itemListElement\":[{\"@type\":\"ListItem\",\"position\":1,\"name\":\"START\",\"item\":\"https:\/\/4k5tools.com\/\"},{\"@type\":\"ListItem\",\"position\":2,\"name\":\"PRODUKTE\",\"item\":\"https:\/\/4k5tools.com\/shop\/\"},{\"@type\":\"ListItem\",\"position\":3,\"name\":\"MESSZEUGE\",\"item\":\"https:\/\/4k5tools.com\/produkt-kategorie\/messzeuge\/\"},{\"@type\":\"ListItem\",\"position\":4,\"name\":\"MA\u00dfB\u00c4NDER\",\"item\":\"https:\/\/4k5tools.com\/produkt-kategorie\/messzeuge\/massband\/\"},{\"@type\":\"ListItem\",\"position\":5,\"name\":\"RMF 20\"}]},{\"@type\":\"WebSite\",\"@id\":\"https:\/\/4k5tools.com\/#website\",\"url\":\"https:\/\/4k5tools.com\/\",\"name\":\"4K5 BETTER EQUIPMENT\",\"description\":\"\",\"publisher\":{\"@id\":\"https:\/\/4k5tools.com\/#organization\"},\"potentialAction\":[{\"@type\":\"SearchAction\",\"target\":{\"@type\":\"EntryPoint\",\"urlTemplate\":\"https:\/\/4k5tools.com\/?s={search_term_string}\"},\"query-input\":{\"@type\":\"PropertyValueSpecification\",\"valueRequired\":true,\"valueName\":\"search_term_string\"}}],\"inLanguage\":\"fr-FR\"},{\"@type\":\"Organization\",\"@id\":\"https:\/\/4k5tools.com\/#organization\",\"name\":\"4K5 BETTER EQUIPMENT\",\"url\":\"https:\/\/4k5tools.com\/\",\"logo\":{\"@type\":\"ImageObject\",\"inLanguage\":\"fr-FR\",\"@id\":\"https:\/\/4k5tools.com\/#\/schema\/logo\/image\/\",\"url\":\"https:\/\/4k5tools.com\/wp-content\/uploads\/2022\/04\/4K5_Better-Equipment.webp\",\"contentUrl\":\"https:\/\/4k5tools.com\/wp-content\/uploads\/2022\/04\/4K5_Better-Equipment.webp\",\"width\":550,\"height\":200,\"caption\":\"4K5 BETTER EQUIPMENT\"},\"image\":{\"@id\":\"https:\/\/4k5tools.com\/#\/schema\/logo\/image\/\"}}]}<\/script>\n<!-- \/ Yoast SEO plugin. -->","yoast_head_json":{"title":"RMF 20 - 4K5 BETTER EQUIPMENT","robots":{"index":"index","follow":"follow","max-snippet":"max-snippet:-1","max-image-preview":"max-image-preview:large","max-video-preview":"max-video-preview:-1"},"canonical":"https:\/\/4k5tools.com\/fr\/produkte\/messzeuge\/massband\/rmf-20-rollmeter-fibre-20-m\/","og_locale":"fr_FR","og_type":"article","og_title":"RMF 20 - 4K5 BETTER EQUIPMENT","og_description":"Optimal ablesbares, beidseitig bedrucktes Glasfaser-Rollbandma\u00df mit beweglichem Endhaken und effektiver Fixierung   Beweglicher Endhaken und effektive Fixierung  Nur eine Person zum Messvorgang ben\u00f6tigt  Glasfaserband mit durchgehender, optimal ablesbarer Skalierung   Unterschiedliche Skalierungen auf Vorder- und R\u00fcckseite passend zur jeweiligen Anwendungssituation  Schnelles Aufrollen per Kurbel und praktischer 3:1 \u00dcbersetzung   Robustes, gummiertes Geh\u00e4use liegt gut in der Hand  Schnell und einfach zu reinigen","og_url":"https:\/\/4k5tools.com\/fr\/produkte\/messzeuge\/massband\/rmf-20-rollmeter-fibre-20-m\/","og_site_name":"4K5 BETTER EQUIPMENT","article_modified_time":"2022-07-20T07:26:32+00:00","og_image":[{"width":1300,"height":1300,"url":"https:\/\/4k5tools.com\/wp-content\/uploads\/2022\/01\/606.102-20-Markierwerkzeuge-Bandmass-02.webp","type":"image\/webp"}],"twitter_card":"summary_large_image","schema":{"@context":"https:\/\/schema.org","@graph":[{"@type":"WebPage","@id":"https:\/\/4k5tools.com\/produkte\/messzeuge\/massband\/rmf-20-rollmeter-fibre-20-m\/","url":"https:\/\/4k5tools.com\/produkte\/messzeuge\/massband\/rmf-20-rollmeter-fibre-20-m\/","name":"RMF 20 - 4K5 BETTER EQUIPMENT","isPartOf":{"@id":"https:\/\/4k5tools.com\/#website"},"primaryImageOfPage":{"@id":"https:\/\/4k5tools.com\/produkte\/messzeuge\/massband\/rmf-20-rollmeter-fibre-20-m\/#primaryimage"},"image":{"@id":"https:\/\/4k5tools.com\/produkte\/messzeuge\/massband\/rmf-20-rollmeter-fibre-20-m\/#primaryimage"},"thumbnailUrl":"https:\/\/4k5tools.com\/wp-content\/uploads\/2022\/01\/606.102-20-Markierwerkzeuge-Bandmass-02.webp","datePublished":"2022-01-26T07:57:16+00:00","dateModified":"2022-07-20T07:26:32+00:00","breadcrumb":{"@id":"https:\/\/4k5tools.com\/produkte\/messzeuge\/massband\/rmf-20-rollmeter-fibre-20-m\/#breadcrumb"},"inLanguage":"fr-FR","potentialAction":[{"@type":"ReadAction","target":["https:\/\/4k5tools.com\/produkte\/messzeuge\/massband\/rmf-20-rollmeter-fibre-20-m\/"]}]},{"@type":"ImageObject","inLanguage":"fr-FR","@id":"https:\/\/4k5tools.com\/produkte\/messzeuge\/massband\/rmf-20-rollmeter-fibre-20-m\/#primaryimage","url":"https:\/\/4k5tools.com\/wp-content\/uploads\/2022\/01\/606.102-20-Markierwerkzeuge-Bandmass-02.webp","contentUrl":"https:\/\/4k5tools.com\/wp-content\/uploads\/2022\/01\/606.102-20-Markierwerkzeuge-Bandmass-02.webp","width":1300,"height":1300,"caption":"Rollbandma\u00df 606.102-20 RMF 20 RollMeter Fibre 20 m"},{"@type":"BreadcrumbList","@id":"https:\/\/4k5tools.com\/produkte\/messzeuge\/massband\/rmf-20-rollmeter-fibre-20-m\/#breadcrumb","itemListElement":[{"@type":"ListItem","position":1,"name":"START","item":"https:\/\/4k5tools.com\/"},{"@type":"ListItem","position":2,"name":"PRODUKTE","item":"https:\/\/4k5tools.com\/shop\/"},{"@type":"ListItem","position":3,"name":"MESSZEUGE","item":"https:\/\/4k5tools.com\/produkt-kategorie\/messzeuge\/"},{"@type":"ListItem","position":4,"name":"MA\u00dfB\u00c4NDER","item":"https:\/\/4k5tools.com\/produkt-kategorie\/messzeuge\/massband\/"},{"@type":"ListItem","position":5,"name":"RMF 20"}]},{"@type":"WebSite","@id":"https:\/\/4k5tools.com\/#website","url":"https:\/\/4k5tools.com\/","name":"4K5 BETTER EQUIPMENT","description":"","publisher":{"@id":"https:\/\/4k5tools.com\/#organization"},"potentialAction":[{"@type":"SearchAction","target":{"@type":"EntryPoint","urlTemplate":"https:\/\/4k5tools.com\/?s={search_term_string}"},"query-input":{"@type":"PropertyValueSpecification","valueRequired":true,"valueName":"search_term_string"}}],"inLanguage":"fr-FR"},{"@type":"Organization","@id":"https:\/\/4k5tools.com\/#organization","name":"4K5 BETTER EQUIPMENT","url":"https:\/\/4k5tools.com\/","logo":{"@type":"ImageObject","inLanguage":"fr-FR","@id":"https:\/\/4k5tools.com\/#\/schema\/logo\/image\/","url":"https:\/\/4k5tools.com\/wp-content\/uploads\/2022\/04\/4K5_Better-Equipment.webp","contentUrl":"https:\/\/4k5tools.com\/wp-content\/uploads\/2022\/04\/4K5_Better-Equipment.webp","width":550,"height":200,"caption":"4K5 BETTER EQUIPMENT"},"image":{"@id":"https:\/\/4k5tools.com\/#\/schema\/logo\/image\/"}}]}},"_links":{"self":[{"href":"https:\/\/4k5tools.com\/fr\/wp-json\/wp\/v2\/product\/1539","targetHints":{"allow":["GET"]}}],"collection":[{"href":"https:\/\/4k5tools.com\/fr\/wp-json\/wp\/v2\/product"}],"about":[{"href":"https:\/\/4k5tools.com\/fr\/wp-json\/wp\/v2\/types\/product"}],"wp:featuredmedia":[{"embeddable":true,"href":"https:\/\/4k5tools.com\/fr\/wp-json\/wp\/v2\/media\/1580"}],"wp:attachment":[{"href":"https:\/\/4k5tools.com\/fr\/wp-json\/wp\/v2\/media?parent=1539"}],"wp:term":[{"taxonomy":"product_brand","embeddable":true,"href":"https:\/\/4k5tools.com\/fr\/wp-json\/wp\/v2\/product_brand?post=1539"},{"taxonomy":"product_cat","embeddable":true,"href":"https:\/\/4k5tools.com\/fr\/wp-json\/wp\/v2\/product_cat?post=1539"},{"taxonomy":"product_tag","embeddable":true,"href":"https:\/\/4k5tools.com\/fr\/wp-json\/wp\/v2\/product_tag?post=1539"}],"curies":[{"name":"wp","href":"https:\/\/api.w.org\/{rel}","templated":true}]}}