{"id":2940,"date":"2022-09-14T11:08:13","date_gmt":"2022-09-14T09:08:13","guid":{"rendered":"https:\/\/4k5tools.com\/produkte\/unkategorisiert\/dhm\/"},"modified":"2022-09-15T08:36:54","modified_gmt":"2022-09-15T06:36:54","slug":"dhm","status":"publish","type":"product","link":"https:\/\/4k5tools.com\/fr\/produkte\/messzeuge\/markierungsstifte\/dhm\/","title":{"rendered":"DHM"},"content":{"rendered":"<p>Ce marqueur pour trous profonds efficace est optimal pour le marquage des endroits difficiles d'acc\u00e8s. Le produit convient au marquage, au tra\u00e7age et \u00e0 l\u2019\u00e9criture pr\u00e9cis sur du bois, du m\u00e9tal, de la c\u00e9ramique et du b\u00e9ton. Si besoin est, l\u2019utilisateur appuie simplement en haut sur le capuchon, fait sortir la mine de la tige du crayon et peut la tailler avec le taille-mine int\u00e9gr\u00e9 pour pouvoir l\u2019utiliser aussit\u00f4t. Le produit est livr\u00e9 avec six mines de rechange qui peuvent \u00eatre introduites tout simplement par le haut du marqueur. Son utilisation est pratique : le marqueur pour trous profonds tient bien en main, a une bonne prise et est dot\u00e9 d\u2019un clip de poche pour le transport.<\/p>","protected":false},"excerpt":{"rendered":"<p>Marqueur pour trous profonds efficace avec taille-mines int\u00e9gr\u00e9<\/p>\n<ul>\n<li>Pour le marquage, le tra\u00e7age et l\u2019\u00e9criture pr\u00e9cis sur du bois, du m\u00e9tal, de la c\u00e9ramique et du b\u00e9ton<\/li>\n<li>Parfait pour les endroits difficiles d\u2019acc\u00e8s<\/li>\n<li>En cas de besoin, il suffit d\u2019appuyer en haut sur le capuchon et de faire sortir la mine<\/li>\n<li>Taille rapide de la mine gr\u00e2ce au taille-mines int\u00e9gr\u00e9<\/li>\n<li>Recharge facile des mines par le haut<\/li>\n<li>Tient bien en main et garantit une bonne prise<\/li>\n<li>Commande \u00e0 une main facile<\/li>\n<li>Transport pratique gr\u00e2ce au clip pour la poche<\/li>\n<li>Il est possible d\u2019effacer les marquages des surfaces lisses avec un chiffon humide<\/li>\n<li>6 mines de rechange<\/li>\n<li>Solide et durable<\/li>\n<\/ul>","protected":false},"featured_media":2948,"template":"","meta":{"ocean_post_layout":"","ocean_both_sidebars_style":"","ocean_both_sidebars_content_width":0,"ocean_both_sidebars_sidebars_width":0,"ocean_sidebar":"0","ocean_second_sidebar":"0","ocean_disable_margins":"enable","ocean_add_body_class":"","ocean_shortcode_before_top_bar":"","ocean_shortcode_after_top_bar":"","ocean_shortcode_before_header":"","ocean_shortcode_after_header":"","ocean_has_shortcode":"","ocean_shortcode_after_title":"","ocean_shortcode_before_footer_widgets":"","ocean_shortcode_after_footer_widgets":"","ocean_shortcode_before_footer_bottom":"","ocean_shortcode_after_footer_bottom":"","ocean_display_top_bar":"default","ocean_display_header":"default","ocean_header_style":"","ocean_center_header_left_menu":"0","ocean_custom_header_template":"0","ocean_custom_logo":0,"ocean_custom_retina_logo":0,"ocean_custom_logo_max_width":0,"ocean_custom_logo_tablet_max_width":0,"ocean_custom_logo_mobile_max_width":0,"ocean_custom_logo_max_height":0,"ocean_custom_logo_tablet_max_height":0,"ocean_custom_logo_mobile_max_height":0,"ocean_header_custom_menu":"0","ocean_menu_typo_font_family":"0","ocean_menu_typo_font_subset":"","ocean_menu_typo_font_size":0,"ocean_menu_typo_font_size_tablet":0,"ocean_menu_typo_font_size_mobile":0,"ocean_menu_typo_font_size_unit":"px","ocean_menu_typo_font_weight":"","ocean_menu_typo_font_weight_tablet":"","ocean_menu_typo_font_weight_mobile":"","ocean_menu_typo_transform":"","ocean_menu_typo_transform_tablet":"","ocean_menu_typo_transform_mobile":"","ocean_menu_typo_line_height":0,"ocean_menu_typo_line_height_tablet":0,"ocean_menu_typo_line_height_mobile":0,"ocean_menu_typo_line_height_unit":"","ocean_menu_typo_spacing":0,"ocean_menu_typo_spacing_tablet":0,"ocean_menu_typo_spacing_mobile":0,"ocean_menu_typo_spacing_unit":"","ocean_menu_link_color":"","ocean_menu_link_color_hover":"","ocean_menu_link_color_active":"","ocean_menu_link_background":"","ocean_menu_link_hover_background":"","ocean_menu_link_active_background":"","ocean_menu_social_links_bg":"","ocean_menu_social_hover_links_bg":"","ocean_menu_social_links_color":"","ocean_menu_social_hover_links_color":"","ocean_disable_title":"default","ocean_disable_heading":"default","ocean_post_title":"","ocean_post_subheading":"","ocean_post_title_style":"","ocean_post_title_background_color":"","ocean_post_title_background":0,"ocean_post_title_bg_image_position":"","ocean_post_title_bg_image_attachment":"","ocean_post_title_bg_image_repeat":"","ocean_post_title_bg_image_size":"","ocean_post_title_height":0,"ocean_post_title_bg_overlay":0.5,"ocean_post_title_bg_overlay_color":"","ocean_disable_breadcrumbs":"default","ocean_breadcrumbs_color":"","ocean_breadcrumbs_separator_color":"","ocean_breadcrumbs_links_color":"","ocean_breadcrumbs_links_hover_color":"","ocean_display_footer_widgets":"default","ocean_display_footer_bottom":"default","ocean_custom_footer_template":"0"},"product_brand":[],"product_cat":[53,33],"product_tag":[],"class_list":{"0":"post-2940","1":"product","2":"type-product","3":"status-publish","4":"has-post-thumbnail","6":"product_cat-messzeuge","7":"product_cat-markierungsstifte","9":"entry","10":"has-media","12":"first","13":"instock","14":"shipping-taxable","15":"product-type-simple","16":"has-product-nav","17":"col","18":"span_1_of_3","19":"owp-content-center","20":"owp-thumbs-layout-horizontal","21":"owp-btn-normal","22":"owp-tabs-layout-horizontal"},"yoast_head":"<!-- This site is optimized with the Yoast SEO plugin v27.0 - https:\/\/yoast.com\/product\/yoast-seo-wordpress\/ -->\n<title>DHM - 4K5 BETTER EQUIPMENT<\/title>\n<meta name=\"robots\" content=\"index, follow, max-snippet:-1, max-image-preview:large, max-video-preview:-1\" \/>\n<link rel=\"canonical\" href=\"https:\/\/4k5tools.com\/fr\/produkte\/messzeuge\/markierungsstifte\/dhm\/\" \/>\n<meta property=\"og:locale\" content=\"fr_FR\" \/>\n<meta property=\"og:type\" content=\"article\" \/>\n<meta property=\"og:title\" content=\"DHM - 4K5 BETTER EQUIPMENT\" \/>\n<meta property=\"og:description\" content=\"Effektiver Tieflochmarker mit integriertem Anspitzer   Zum exakten Markieren, Anzeichnen und Schreiben auf Holz, Metall, Keramik und Beton  Ideal f\u00fcr schwer erreichbare Stellen  Bei Bedarf einfach oben auf die Kappe dr\u00fccken und die Mine hervorschieben  Schnelles Nachspitzen per integriertem Anspitzer  Minen sind einfach von hinten nachf\u00fcllbar  Liegt gut in der Hand und bietet eine hohe Griffigkeit  Simple Ein-Hand-Bedienung  Praktischer Transport per Taschenclip  Markierungen von glatten Fl\u00e4chen feucht abwischbar  6 Ersatzminen  Robust und langlebig\" \/>\n<meta property=\"og:url\" content=\"https:\/\/4k5tools.com\/fr\/produkte\/messzeuge\/markierungsstifte\/dhm\/\" \/>\n<meta property=\"og:site_name\" content=\"4K5 BETTER EQUIPMENT\" \/>\n<meta property=\"article:modified_time\" content=\"2022-09-15T06:36:54+00:00\" \/>\n<meta property=\"og:image\" content=\"https:\/\/4k5tools.com\/wp-content\/uploads\/2022\/09\/601.104A_Markierwerkzeuge_4K5_Produkt.webp\" \/>\n\t<meta property=\"og:image:width\" content=\"1200\" \/>\n\t<meta property=\"og:image:height\" content=\"1200\" \/>\n\t<meta property=\"og:image:type\" content=\"image\/webp\" \/>\n<meta name=\"twitter:card\" content=\"summary_large_image\" \/>\n<meta name=\"twitter:label1\" content=\"Dur\u00e9e de lecture estim\u00e9e\" \/>\n\t<meta name=\"twitter:data1\" content=\"1 minute\" \/>\n<script type=\"application\/ld+json\" class=\"yoast-schema-graph\">{\"@context\":\"https:\/\/schema.org\",\"@graph\":[{\"@type\":\"WebPage\",\"@id\":\"https:\/\/4k5tools.com\/produkte\/messzeuge\/markierungsstifte\/dhm\/\",\"url\":\"https:\/\/4k5tools.com\/produkte\/messzeuge\/markierungsstifte\/dhm\/\",\"name\":\"DHM - 4K5 BETTER EQUIPMENT\",\"isPartOf\":{\"@id\":\"https:\/\/4k5tools.com\/#website\"},\"primaryImageOfPage\":{\"@id\":\"https:\/\/4k5tools.com\/produkte\/messzeuge\/markierungsstifte\/dhm\/#primaryimage\"},\"image\":{\"@id\":\"https:\/\/4k5tools.com\/produkte\/messzeuge\/markierungsstifte\/dhm\/#primaryimage\"},\"thumbnailUrl\":\"https:\/\/4k5tools.com\/wp-content\/uploads\/2022\/09\/601.104A_Markierwerkzeuge_4K5_Produkt.webp\",\"datePublished\":\"2022-09-14T09:08:13+00:00\",\"dateModified\":\"2022-09-15T06:36:54+00:00\",\"breadcrumb\":{\"@id\":\"https:\/\/4k5tools.com\/produkte\/messzeuge\/markierungsstifte\/dhm\/#breadcrumb\"},\"inLanguage\":\"fr-FR\",\"potentialAction\":[{\"@type\":\"ReadAction\",\"target\":[\"https:\/\/4k5tools.com\/produkte\/messzeuge\/markierungsstifte\/dhm\/\"]}]},{\"@type\":\"ImageObject\",\"inLanguage\":\"fr-FR\",\"@id\":\"https:\/\/4k5tools.com\/produkte\/messzeuge\/markierungsstifte\/dhm\/#primaryimage\",\"url\":\"https:\/\/4k5tools.com\/wp-content\/uploads\/2022\/09\/601.104A_Markierwerkzeuge_4K5_Produkt.webp\",\"contentUrl\":\"https:\/\/4k5tools.com\/wp-content\/uploads\/2022\/09\/601.104A_Markierwerkzeuge_4K5_Produkt.webp\",\"width\":1200,\"height\":1200,\"caption\":\"601.104A Markierwerkzeuge\"},{\"@type\":\"BreadcrumbList\",\"@id\":\"https:\/\/4k5tools.com\/produkte\/messzeuge\/markierungsstifte\/dhm\/#breadcrumb\",\"itemListElement\":[{\"@type\":\"ListItem\",\"position\":1,\"name\":\"START\",\"item\":\"https:\/\/4k5tools.com\/\"},{\"@type\":\"ListItem\",\"position\":2,\"name\":\"PRODUKTE\",\"item\":\"https:\/\/4k5tools.com\/shop\/\"},{\"@type\":\"ListItem\",\"position\":3,\"name\":\"MESSZEUGE\",\"item\":\"https:\/\/4k5tools.com\/produkt-kategorie\/messzeuge\/\"},{\"@type\":\"ListItem\",\"position\":4,\"name\":\"MARKIERUNGSSTIFTE\",\"item\":\"https:\/\/4k5tools.com\/produkt-kategorie\/messzeuge\/markierungsstifte\/\"},{\"@type\":\"ListItem\",\"position\":5,\"name\":\"DHM\"}]},{\"@type\":\"WebSite\",\"@id\":\"https:\/\/4k5tools.com\/#website\",\"url\":\"https:\/\/4k5tools.com\/\",\"name\":\"4K5 BETTER EQUIPMENT\",\"description\":\"\",\"publisher\":{\"@id\":\"https:\/\/4k5tools.com\/#organization\"},\"potentialAction\":[{\"@type\":\"SearchAction\",\"target\":{\"@type\":\"EntryPoint\",\"urlTemplate\":\"https:\/\/4k5tools.com\/?s={search_term_string}\"},\"query-input\":{\"@type\":\"PropertyValueSpecification\",\"valueRequired\":true,\"valueName\":\"search_term_string\"}}],\"inLanguage\":\"fr-FR\"},{\"@type\":\"Organization\",\"@id\":\"https:\/\/4k5tools.com\/#organization\",\"name\":\"4K5 BETTER EQUIPMENT\",\"url\":\"https:\/\/4k5tools.com\/\",\"logo\":{\"@type\":\"ImageObject\",\"inLanguage\":\"fr-FR\",\"@id\":\"https:\/\/4k5tools.com\/#\/schema\/logo\/image\/\",\"url\":\"https:\/\/4k5tools.com\/wp-content\/uploads\/2022\/04\/4K5_Better-Equipment.webp\",\"contentUrl\":\"https:\/\/4k5tools.com\/wp-content\/uploads\/2022\/04\/4K5_Better-Equipment.webp\",\"width\":550,\"height\":200,\"caption\":\"4K5 BETTER EQUIPMENT\"},\"image\":{\"@id\":\"https:\/\/4k5tools.com\/#\/schema\/logo\/image\/\"}}]}<\/script>\n<!-- \/ Yoast SEO plugin. -->","yoast_head_json":{"title":"DHM - 4K5 BETTER EQUIPMENT","robots":{"index":"index","follow":"follow","max-snippet":"max-snippet:-1","max-image-preview":"max-image-preview:large","max-video-preview":"max-video-preview:-1"},"canonical":"https:\/\/4k5tools.com\/fr\/produkte\/messzeuge\/markierungsstifte\/dhm\/","og_locale":"fr_FR","og_type":"article","og_title":"DHM - 4K5 BETTER EQUIPMENT","og_description":"Effektiver Tieflochmarker mit integriertem Anspitzer   Zum exakten Markieren, Anzeichnen und Schreiben auf Holz, Metall, Keramik und Beton  Ideal f\u00fcr schwer erreichbare Stellen  Bei Bedarf einfach oben auf die Kappe dr\u00fccken und die Mine hervorschieben  Schnelles Nachspitzen per integriertem Anspitzer  Minen sind einfach von hinten nachf\u00fcllbar  Liegt gut in der Hand und bietet eine hohe Griffigkeit  Simple Ein-Hand-Bedienung  Praktischer Transport per Taschenclip  Markierungen von glatten Fl\u00e4chen feucht abwischbar  6 Ersatzminen  Robust und langlebig","og_url":"https:\/\/4k5tools.com\/fr\/produkte\/messzeuge\/markierungsstifte\/dhm\/","og_site_name":"4K5 BETTER EQUIPMENT","article_modified_time":"2022-09-15T06:36:54+00:00","og_image":[{"width":1200,"height":1200,"url":"https:\/\/4k5tools.com\/wp-content\/uploads\/2022\/09\/601.104A_Markierwerkzeuge_4K5_Produkt.webp","type":"image\/webp"}],"twitter_card":"summary_large_image","twitter_misc":{"Dur\u00e9e de lecture estim\u00e9e":"1 minute"},"schema":{"@context":"https:\/\/schema.org","@graph":[{"@type":"WebPage","@id":"https:\/\/4k5tools.com\/produkte\/messzeuge\/markierungsstifte\/dhm\/","url":"https:\/\/4k5tools.com\/produkte\/messzeuge\/markierungsstifte\/dhm\/","name":"DHM - 4K5 BETTER EQUIPMENT","isPartOf":{"@id":"https:\/\/4k5tools.com\/#website"},"primaryImageOfPage":{"@id":"https:\/\/4k5tools.com\/produkte\/messzeuge\/markierungsstifte\/dhm\/#primaryimage"},"image":{"@id":"https:\/\/4k5tools.com\/produkte\/messzeuge\/markierungsstifte\/dhm\/#primaryimage"},"thumbnailUrl":"https:\/\/4k5tools.com\/wp-content\/uploads\/2022\/09\/601.104A_Markierwerkzeuge_4K5_Produkt.webp","datePublished":"2022-09-14T09:08:13+00:00","dateModified":"2022-09-15T06:36:54+00:00","breadcrumb":{"@id":"https:\/\/4k5tools.com\/produkte\/messzeuge\/markierungsstifte\/dhm\/#breadcrumb"},"inLanguage":"fr-FR","potentialAction":[{"@type":"ReadAction","target":["https:\/\/4k5tools.com\/produkte\/messzeuge\/markierungsstifte\/dhm\/"]}]},{"@type":"ImageObject","inLanguage":"fr-FR","@id":"https:\/\/4k5tools.com\/produkte\/messzeuge\/markierungsstifte\/dhm\/#primaryimage","url":"https:\/\/4k5tools.com\/wp-content\/uploads\/2022\/09\/601.104A_Markierwerkzeuge_4K5_Produkt.webp","contentUrl":"https:\/\/4k5tools.com\/wp-content\/uploads\/2022\/09\/601.104A_Markierwerkzeuge_4K5_Produkt.webp","width":1200,"height":1200,"caption":"601.104A Markierwerkzeuge"},{"@type":"BreadcrumbList","@id":"https:\/\/4k5tools.com\/produkte\/messzeuge\/markierungsstifte\/dhm\/#breadcrumb","itemListElement":[{"@type":"ListItem","position":1,"name":"START","item":"https:\/\/4k5tools.com\/"},{"@type":"ListItem","position":2,"name":"PRODUKTE","item":"https:\/\/4k5tools.com\/shop\/"},{"@type":"ListItem","position":3,"name":"MESSZEUGE","item":"https:\/\/4k5tools.com\/produkt-kategorie\/messzeuge\/"},{"@type":"ListItem","position":4,"name":"MARKIERUNGSSTIFTE","item":"https:\/\/4k5tools.com\/produkt-kategorie\/messzeuge\/markierungsstifte\/"},{"@type":"ListItem","position":5,"name":"DHM"}]},{"@type":"WebSite","@id":"https:\/\/4k5tools.com\/#website","url":"https:\/\/4k5tools.com\/","name":"4K5 BETTER EQUIPMENT","description":"","publisher":{"@id":"https:\/\/4k5tools.com\/#organization"},"potentialAction":[{"@type":"SearchAction","target":{"@type":"EntryPoint","urlTemplate":"https:\/\/4k5tools.com\/?s={search_term_string}"},"query-input":{"@type":"PropertyValueSpecification","valueRequired":true,"valueName":"search_term_string"}}],"inLanguage":"fr-FR"},{"@type":"Organization","@id":"https:\/\/4k5tools.com\/#organization","name":"4K5 BETTER EQUIPMENT","url":"https:\/\/4k5tools.com\/","logo":{"@type":"ImageObject","inLanguage":"fr-FR","@id":"https:\/\/4k5tools.com\/#\/schema\/logo\/image\/","url":"https:\/\/4k5tools.com\/wp-content\/uploads\/2022\/04\/4K5_Better-Equipment.webp","contentUrl":"https:\/\/4k5tools.com\/wp-content\/uploads\/2022\/04\/4K5_Better-Equipment.webp","width":550,"height":200,"caption":"4K5 BETTER EQUIPMENT"},"image":{"@id":"https:\/\/4k5tools.com\/#\/schema\/logo\/image\/"}}]}},"_links":{"self":[{"href":"https:\/\/4k5tools.com\/fr\/wp-json\/wp\/v2\/product\/2940","targetHints":{"allow":["GET"]}}],"collection":[{"href":"https:\/\/4k5tools.com\/fr\/wp-json\/wp\/v2\/product"}],"about":[{"href":"https:\/\/4k5tools.com\/fr\/wp-json\/wp\/v2\/types\/product"}],"wp:featuredmedia":[{"embeddable":true,"href":"https:\/\/4k5tools.com\/fr\/wp-json\/wp\/v2\/media\/2948"}],"wp:attachment":[{"href":"https:\/\/4k5tools.com\/fr\/wp-json\/wp\/v2\/media?parent=2940"}],"wp:term":[{"taxonomy":"product_brand","embeddable":true,"href":"https:\/\/4k5tools.com\/fr\/wp-json\/wp\/v2\/product_brand?post=2940"},{"taxonomy":"product_cat","embeddable":true,"href":"https:\/\/4k5tools.com\/fr\/wp-json\/wp\/v2\/product_cat?post=2940"},{"taxonomy":"product_tag","embeddable":true,"href":"https:\/\/4k5tools.com\/fr\/wp-json\/wp\/v2\/product_tag?post=2940"}],"curies":[{"name":"wp","href":"https:\/\/api.w.org\/{rel}","templated":true}]}}