{"id":2950,"date":"2022-09-15T10:14:48","date_gmt":"2022-09-15T08:14:48","guid":{"rendered":"https:\/\/4k5tools.com\/produkte\/unkategorisiert\/iqm\/"},"modified":"2022-09-16T11:39:29","modified_gmt":"2022-09-16T09:39:29","slug":"iqm","status":"publish","type":"product","link":"https:\/\/4k5tools.com\/fr\/produkte\/wasserwaage\/special-wasserwaagen\/iqm\/","title":{"rendered":"IQM"},"content":{"rendered":"<p>Ce petit niveau \u00e0 bulle polyvalent se distingue par des fonctions intelligentes et des possibilit\u00e9s d\u2019utilisation vari\u00e9es. Cela comprend l\u2019utilisation sur des surfaces planes et rondes ainsi que la fixation sur des structures m\u00e9talliques. Le produit est constitu\u00e9 d\u2019un int\u00e9rieur du bo\u00eetier \u00e0 angle droit et solide en fonte d\u2019aluminium coul\u00e9e sous pression et d\u2019une bulle-bloc horizontale en plexiglas pouvant \u00eatre utilis\u00e9e pour un alignement vertical ais\u00e9. Trois surfaces de mesure frais\u00e9es avec une rainure en V et des aimants en terre rare sont d\u2019autres caract\u00e9ristiques d\u2019\u00e9quipement. La forme compacte garantit une manipulation optimale du niveau \u00e0 bulle. Un clip de ceinture permettant un rangement facile du niveau \u00e0 bulle est \u00e9galement fourni.<\/p>","protected":false},"excerpt":{"rendered":"<p>Petit niveau \u00e0 bulle magn\u00e9tique et polyvalent \u00e0 fonctions intelligentes<\/p>\n<ul title=\"\">\n<li title=\"\"><span title=\"\">Id\u00e9al pour une utilisation \u00e0 l\u2019horizontale et \u00e0 la verticale<\/span><\/li>\n<li title=\"\"><span title=\"\">Int\u00e9rieur du bo\u00eetier solide et \u00e0 angle droit en fonte d\u2019aluminium coul\u00e9e sous pression<\/span><\/li>\n<li title=\"\"><span title=\"\">3 surfaces de mesure finement frais\u00e9es pour un alignement pr\u00e9cis<\/span><\/li>\n<li title=\"\"><span title=\"\">Rainure en V sur chaque surface de mesure pour une utilisation possible sur des mat\u00e9riaux ronds<\/span><\/li>\n<li title=\"\"><span title=\"\">Alignement vertical facile gr\u00e2ce \u00e0 la bulle horizontale <\/span><\/li>\n<li title=\"\"><span title=\"\">Format extr\u00eamement compact, id\u00e9al pour la poche de pantalon et toutes les ceintures porte-outils <\/span><\/li>\n<li title=\"\"><span title=\"\">Puissants aimants en terre rare sur chaque surface de mesure usin\u00e9e<\/span><\/li>\n<li title=\"\"><span title=\"\">Rangement facile avec le clip pour fixation \u00e0 la ceinture<\/span><\/li>\n<\/ul>","protected":false},"featured_media":2958,"template":"","meta":{"ocean_post_layout":"","ocean_both_sidebars_style":"","ocean_both_sidebars_content_width":0,"ocean_both_sidebars_sidebars_width":0,"ocean_sidebar":"0","ocean_second_sidebar":"0","ocean_disable_margins":"enable","ocean_add_body_class":"","ocean_shortcode_before_top_bar":"","ocean_shortcode_after_top_bar":"","ocean_shortcode_before_header":"","ocean_shortcode_after_header":"","ocean_has_shortcode":"","ocean_shortcode_after_title":"","ocean_shortcode_before_footer_widgets":"","ocean_shortcode_after_footer_widgets":"","ocean_shortcode_before_footer_bottom":"","ocean_shortcode_after_footer_bottom":"","ocean_display_top_bar":"default","ocean_display_header":"default","ocean_header_style":"","ocean_center_header_left_menu":"0","ocean_custom_header_template":"0","ocean_custom_logo":0,"ocean_custom_retina_logo":0,"ocean_custom_logo_max_width":0,"ocean_custom_logo_tablet_max_width":0,"ocean_custom_logo_mobile_max_width":0,"ocean_custom_logo_max_height":0,"ocean_custom_logo_tablet_max_height":0,"ocean_custom_logo_mobile_max_height":0,"ocean_header_custom_menu":"0","ocean_menu_typo_font_family":"0","ocean_menu_typo_font_subset":"","ocean_menu_typo_font_size":0,"ocean_menu_typo_font_size_tablet":0,"ocean_menu_typo_font_size_mobile":0,"ocean_menu_typo_font_size_unit":"px","ocean_menu_typo_font_weight":"","ocean_menu_typo_font_weight_tablet":"","ocean_menu_typo_font_weight_mobile":"","ocean_menu_typo_transform":"","ocean_menu_typo_transform_tablet":"","ocean_menu_typo_transform_mobile":"","ocean_menu_typo_line_height":0,"ocean_menu_typo_line_height_tablet":0,"ocean_menu_typo_line_height_mobile":0,"ocean_menu_typo_line_height_unit":"","ocean_menu_typo_spacing":0,"ocean_menu_typo_spacing_tablet":0,"ocean_menu_typo_spacing_mobile":0,"ocean_menu_typo_spacing_unit":"","ocean_menu_link_color":"","ocean_menu_link_color_hover":"","ocean_menu_link_color_active":"","ocean_menu_link_background":"","ocean_menu_link_hover_background":"","ocean_menu_link_active_background":"","ocean_menu_social_links_bg":"","ocean_menu_social_hover_links_bg":"","ocean_menu_social_links_color":"","ocean_menu_social_hover_links_color":"","ocean_disable_title":"default","ocean_disable_heading":"default","ocean_post_title":"","ocean_post_subheading":"","ocean_post_title_style":"","ocean_post_title_background_color":"","ocean_post_title_background":0,"ocean_post_title_bg_image_position":"","ocean_post_title_bg_image_attachment":"","ocean_post_title_bg_image_repeat":"","ocean_post_title_bg_image_size":"","ocean_post_title_height":0,"ocean_post_title_bg_overlay":0.5,"ocean_post_title_bg_overlay_color":"","ocean_disable_breadcrumbs":"default","ocean_breadcrumbs_color":"","ocean_breadcrumbs_separator_color":"","ocean_breadcrumbs_links_color":"","ocean_breadcrumbs_links_hover_color":"","ocean_display_footer_widgets":"default","ocean_display_footer_bottom":"default","ocean_custom_footer_template":"0"},"product_brand":[],"product_cat":[43,57],"product_tag":[],"class_list":{"0":"post-2950","1":"product","2":"type-product","3":"status-publish","4":"has-post-thumbnail","6":"product_cat-wasserwaage","7":"product_cat-special-wasserwaagen","9":"entry","10":"has-media","12":"first","13":"instock","14":"shipping-taxable","15":"product-type-simple","16":"has-product-nav","17":"col","18":"span_1_of_3","19":"owp-content-center","20":"owp-thumbs-layout-horizontal","21":"owp-btn-normal","22":"owp-tabs-layout-horizontal"},"yoast_head":"<!-- This site is optimized with the Yoast SEO plugin v27.0 - https:\/\/yoast.com\/product\/yoast-seo-wordpress\/ -->\n<title>IQM - 4K5 BETTER EQUIPMENT<\/title>\n<meta name=\"robots\" content=\"index, follow, max-snippet:-1, max-image-preview:large, max-video-preview:-1\" \/>\n<link rel=\"canonical\" href=\"https:\/\/4k5tools.com\/fr\/produkte\/wasserwaage\/special-wasserwaagen\/iqm\/\" \/>\n<meta property=\"og:locale\" content=\"fr_FR\" \/>\n<meta property=\"og:type\" content=\"article\" \/>\n<meta property=\"og:title\" content=\"IQM - 4K5 BETTER EQUIPMENT\" \/>\n<meta property=\"og:description\" content=\"Vielseitig einsetzbare, magnetische Klein-Wasserwaage mit cleveren Funktionen   F\u00fcr horizontale und vertikale Anwendung geeignet  Stabiler und rechtwinkliger Geh\u00e4usekern aus Aluminium-Druckguss  3 fein gefr\u00e4ste Messfl\u00e4chen zum genauen Ausrichten  V-Nut an jeder Messfl\u00e4che zur Nutzung auf Rundmaterial  Einfaches vertikales Ausrichten mit horizontaler Libelle   Extrem kompakte Bauform, passend f\u00fcr jede Hosentasche und jeden Werkzeugg\u00fcrtel   Starke Seltenerdmagneten auf jeder gefr\u00e4sten Messfl\u00e4che  Einfache Aufbewahrung mit G\u00fcrtelclip\" \/>\n<meta property=\"og:url\" content=\"https:\/\/4k5tools.com\/fr\/produkte\/wasserwaage\/special-wasserwaagen\/iqm\/\" \/>\n<meta property=\"og:site_name\" content=\"4K5 BETTER EQUIPMENT\" \/>\n<meta property=\"article:modified_time\" content=\"2022-09-16T09:39:29+00:00\" \/>\n<meta property=\"og:image\" content=\"https:\/\/4k5tools.com\/wp-content\/uploads\/2022\/09\/603.116_4K5_Wasserwaage_Produkt.webp\" \/>\n\t<meta property=\"og:image:width\" content=\"1200\" \/>\n\t<meta property=\"og:image:height\" content=\"1200\" \/>\n\t<meta property=\"og:image:type\" content=\"image\/webp\" \/>\n<meta name=\"twitter:card\" content=\"summary_large_image\" \/>\n<meta name=\"twitter:label1\" content=\"Dur\u00e9e de lecture estim\u00e9e\" \/>\n\t<meta name=\"twitter:data1\" content=\"1 minute\" \/>\n<script type=\"application\/ld+json\" class=\"yoast-schema-graph\">{\"@context\":\"https:\/\/schema.org\",\"@graph\":[{\"@type\":\"WebPage\",\"@id\":\"https:\/\/4k5tools.com\/produkte\/wasserwaage\/special-wasserwaagen\/iqm\/\",\"url\":\"https:\/\/4k5tools.com\/produkte\/wasserwaage\/special-wasserwaagen\/iqm\/\",\"name\":\"IQM - 4K5 BETTER EQUIPMENT\",\"isPartOf\":{\"@id\":\"https:\/\/4k5tools.com\/#website\"},\"primaryImageOfPage\":{\"@id\":\"https:\/\/4k5tools.com\/produkte\/wasserwaage\/special-wasserwaagen\/iqm\/#primaryimage\"},\"image\":{\"@id\":\"https:\/\/4k5tools.com\/produkte\/wasserwaage\/special-wasserwaagen\/iqm\/#primaryimage\"},\"thumbnailUrl\":\"https:\/\/4k5tools.com\/wp-content\/uploads\/2022\/09\/603.116_4K5_Wasserwaage_Produkt.webp\",\"datePublished\":\"2022-09-15T08:14:48+00:00\",\"dateModified\":\"2022-09-16T09:39:29+00:00\",\"breadcrumb\":{\"@id\":\"https:\/\/4k5tools.com\/produkte\/wasserwaage\/special-wasserwaagen\/iqm\/#breadcrumb\"},\"inLanguage\":\"fr-FR\",\"potentialAction\":[{\"@type\":\"ReadAction\",\"target\":[\"https:\/\/4k5tools.com\/produkte\/wasserwaage\/special-wasserwaagen\/iqm\/\"]}]},{\"@type\":\"ImageObject\",\"inLanguage\":\"fr-FR\",\"@id\":\"https:\/\/4k5tools.com\/produkte\/wasserwaage\/special-wasserwaagen\/iqm\/#primaryimage\",\"url\":\"https:\/\/4k5tools.com\/wp-content\/uploads\/2022\/09\/603.116_4K5_Wasserwaage_Produkt.webp\",\"contentUrl\":\"https:\/\/4k5tools.com\/wp-content\/uploads\/2022\/09\/603.116_4K5_Wasserwaage_Produkt.webp\",\"width\":1200,\"height\":1200,\"caption\":\"603.116 Wasserwaage\"},{\"@type\":\"BreadcrumbList\",\"@id\":\"https:\/\/4k5tools.com\/produkte\/wasserwaage\/special-wasserwaagen\/iqm\/#breadcrumb\",\"itemListElement\":[{\"@type\":\"ListItem\",\"position\":1,\"name\":\"START\",\"item\":\"https:\/\/4k5tools.com\/\"},{\"@type\":\"ListItem\",\"position\":2,\"name\":\"PRODUKTE\",\"item\":\"https:\/\/4k5tools.com\/shop\/\"},{\"@type\":\"ListItem\",\"position\":3,\"name\":\"WASSERWAAGEN\",\"item\":\"https:\/\/4k5tools.com\/produkt-kategorie\/wasserwaage\/\"},{\"@type\":\"ListItem\",\"position\":4,\"name\":\"SPECIAL-WASSERWAAGEN\",\"item\":\"https:\/\/4k5tools.com\/produkt-kategorie\/wasserwaage\/special-wasserwaagen\/\"},{\"@type\":\"ListItem\",\"position\":5,\"name\":\"IQM\"}]},{\"@type\":\"WebSite\",\"@id\":\"https:\/\/4k5tools.com\/#website\",\"url\":\"https:\/\/4k5tools.com\/\",\"name\":\"4K5 BETTER EQUIPMENT\",\"description\":\"\",\"publisher\":{\"@id\":\"https:\/\/4k5tools.com\/#organization\"},\"potentialAction\":[{\"@type\":\"SearchAction\",\"target\":{\"@type\":\"EntryPoint\",\"urlTemplate\":\"https:\/\/4k5tools.com\/?s={search_term_string}\"},\"query-input\":{\"@type\":\"PropertyValueSpecification\",\"valueRequired\":true,\"valueName\":\"search_term_string\"}}],\"inLanguage\":\"fr-FR\"},{\"@type\":\"Organization\",\"@id\":\"https:\/\/4k5tools.com\/#organization\",\"name\":\"4K5 BETTER EQUIPMENT\",\"url\":\"https:\/\/4k5tools.com\/\",\"logo\":{\"@type\":\"ImageObject\",\"inLanguage\":\"fr-FR\",\"@id\":\"https:\/\/4k5tools.com\/#\/schema\/logo\/image\/\",\"url\":\"https:\/\/4k5tools.com\/wp-content\/uploads\/2022\/04\/4K5_Better-Equipment.webp\",\"contentUrl\":\"https:\/\/4k5tools.com\/wp-content\/uploads\/2022\/04\/4K5_Better-Equipment.webp\",\"width\":550,\"height\":200,\"caption\":\"4K5 BETTER EQUIPMENT\"},\"image\":{\"@id\":\"https:\/\/4k5tools.com\/#\/schema\/logo\/image\/\"}}]}<\/script>\n<!-- \/ Yoast SEO plugin. -->","yoast_head_json":{"title":"IQM - 4K5 BETTER EQUIPMENT","robots":{"index":"index","follow":"follow","max-snippet":"max-snippet:-1","max-image-preview":"max-image-preview:large","max-video-preview":"max-video-preview:-1"},"canonical":"https:\/\/4k5tools.com\/fr\/produkte\/wasserwaage\/special-wasserwaagen\/iqm\/","og_locale":"fr_FR","og_type":"article","og_title":"IQM - 4K5 BETTER EQUIPMENT","og_description":"Vielseitig einsetzbare, magnetische Klein-Wasserwaage mit cleveren Funktionen   F\u00fcr horizontale und vertikale Anwendung geeignet  Stabiler und rechtwinkliger Geh\u00e4usekern aus Aluminium-Druckguss  3 fein gefr\u00e4ste Messfl\u00e4chen zum genauen Ausrichten  V-Nut an jeder Messfl\u00e4che zur Nutzung auf Rundmaterial  Einfaches vertikales Ausrichten mit horizontaler Libelle   Extrem kompakte Bauform, passend f\u00fcr jede Hosentasche und jeden Werkzeugg\u00fcrtel   Starke Seltenerdmagneten auf jeder gefr\u00e4sten Messfl\u00e4che  Einfache Aufbewahrung mit G\u00fcrtelclip","og_url":"https:\/\/4k5tools.com\/fr\/produkte\/wasserwaage\/special-wasserwaagen\/iqm\/","og_site_name":"4K5 BETTER EQUIPMENT","article_modified_time":"2022-09-16T09:39:29+00:00","og_image":[{"width":1200,"height":1200,"url":"https:\/\/4k5tools.com\/wp-content\/uploads\/2022\/09\/603.116_4K5_Wasserwaage_Produkt.webp","type":"image\/webp"}],"twitter_card":"summary_large_image","twitter_misc":{"Dur\u00e9e de lecture estim\u00e9e":"1 minute"},"schema":{"@context":"https:\/\/schema.org","@graph":[{"@type":"WebPage","@id":"https:\/\/4k5tools.com\/produkte\/wasserwaage\/special-wasserwaagen\/iqm\/","url":"https:\/\/4k5tools.com\/produkte\/wasserwaage\/special-wasserwaagen\/iqm\/","name":"IQM - 4K5 BETTER EQUIPMENT","isPartOf":{"@id":"https:\/\/4k5tools.com\/#website"},"primaryImageOfPage":{"@id":"https:\/\/4k5tools.com\/produkte\/wasserwaage\/special-wasserwaagen\/iqm\/#primaryimage"},"image":{"@id":"https:\/\/4k5tools.com\/produkte\/wasserwaage\/special-wasserwaagen\/iqm\/#primaryimage"},"thumbnailUrl":"https:\/\/4k5tools.com\/wp-content\/uploads\/2022\/09\/603.116_4K5_Wasserwaage_Produkt.webp","datePublished":"2022-09-15T08:14:48+00:00","dateModified":"2022-09-16T09:39:29+00:00","breadcrumb":{"@id":"https:\/\/4k5tools.com\/produkte\/wasserwaage\/special-wasserwaagen\/iqm\/#breadcrumb"},"inLanguage":"fr-FR","potentialAction":[{"@type":"ReadAction","target":["https:\/\/4k5tools.com\/produkte\/wasserwaage\/special-wasserwaagen\/iqm\/"]}]},{"@type":"ImageObject","inLanguage":"fr-FR","@id":"https:\/\/4k5tools.com\/produkte\/wasserwaage\/special-wasserwaagen\/iqm\/#primaryimage","url":"https:\/\/4k5tools.com\/wp-content\/uploads\/2022\/09\/603.116_4K5_Wasserwaage_Produkt.webp","contentUrl":"https:\/\/4k5tools.com\/wp-content\/uploads\/2022\/09\/603.116_4K5_Wasserwaage_Produkt.webp","width":1200,"height":1200,"caption":"603.116 Wasserwaage"},{"@type":"BreadcrumbList","@id":"https:\/\/4k5tools.com\/produkte\/wasserwaage\/special-wasserwaagen\/iqm\/#breadcrumb","itemListElement":[{"@type":"ListItem","position":1,"name":"START","item":"https:\/\/4k5tools.com\/"},{"@type":"ListItem","position":2,"name":"PRODUKTE","item":"https:\/\/4k5tools.com\/shop\/"},{"@type":"ListItem","position":3,"name":"WASSERWAAGEN","item":"https:\/\/4k5tools.com\/produkt-kategorie\/wasserwaage\/"},{"@type":"ListItem","position":4,"name":"SPECIAL-WASSERWAAGEN","item":"https:\/\/4k5tools.com\/produkt-kategorie\/wasserwaage\/special-wasserwaagen\/"},{"@type":"ListItem","position":5,"name":"IQM"}]},{"@type":"WebSite","@id":"https:\/\/4k5tools.com\/#website","url":"https:\/\/4k5tools.com\/","name":"4K5 BETTER EQUIPMENT","description":"","publisher":{"@id":"https:\/\/4k5tools.com\/#organization"},"potentialAction":[{"@type":"SearchAction","target":{"@type":"EntryPoint","urlTemplate":"https:\/\/4k5tools.com\/?s={search_term_string}"},"query-input":{"@type":"PropertyValueSpecification","valueRequired":true,"valueName":"search_term_string"}}],"inLanguage":"fr-FR"},{"@type":"Organization","@id":"https:\/\/4k5tools.com\/#organization","name":"4K5 BETTER EQUIPMENT","url":"https:\/\/4k5tools.com\/","logo":{"@type":"ImageObject","inLanguage":"fr-FR","@id":"https:\/\/4k5tools.com\/#\/schema\/logo\/image\/","url":"https:\/\/4k5tools.com\/wp-content\/uploads\/2022\/04\/4K5_Better-Equipment.webp","contentUrl":"https:\/\/4k5tools.com\/wp-content\/uploads\/2022\/04\/4K5_Better-Equipment.webp","width":550,"height":200,"caption":"4K5 BETTER EQUIPMENT"},"image":{"@id":"https:\/\/4k5tools.com\/#\/schema\/logo\/image\/"}}]}},"_links":{"self":[{"href":"https:\/\/4k5tools.com\/fr\/wp-json\/wp\/v2\/product\/2950","targetHints":{"allow":["GET"]}}],"collection":[{"href":"https:\/\/4k5tools.com\/fr\/wp-json\/wp\/v2\/product"}],"about":[{"href":"https:\/\/4k5tools.com\/fr\/wp-json\/wp\/v2\/types\/product"}],"wp:featuredmedia":[{"embeddable":true,"href":"https:\/\/4k5tools.com\/fr\/wp-json\/wp\/v2\/media\/2958"}],"wp:attachment":[{"href":"https:\/\/4k5tools.com\/fr\/wp-json\/wp\/v2\/media?parent=2950"}],"wp:term":[{"taxonomy":"product_brand","embeddable":true,"href":"https:\/\/4k5tools.com\/fr\/wp-json\/wp\/v2\/product_brand?post=2950"},{"taxonomy":"product_cat","embeddable":true,"href":"https:\/\/4k5tools.com\/fr\/wp-json\/wp\/v2\/product_cat?post=2950"},{"taxonomy":"product_tag","embeddable":true,"href":"https:\/\/4k5tools.com\/fr\/wp-json\/wp\/v2\/product_tag?post=2950"}],"curies":[{"name":"wp","href":"https:\/\/api.w.org\/{rel}","templated":true}]}}