{"id":2982,"date":"2022-09-19T12:30:19","date_gmt":"2022-09-19T10:30:19","guid":{"rendered":"https:\/\/4k5tools.com\/produkte\/unkategorisiert\/wl-1500\/"},"modified":"2023-09-28T11:11:02","modified_gmt":"2023-09-28T09:11:02","slug":"wl-1500","status":"publish","type":"product","link":"https:\/\/4k5tools.com\/fr\/produkte\/lampen\/arbeitslampen\/wl-1500\/","title":{"rendered":"WL 1500"},"content":{"rendered":"<p>Le puissant projecteur de chantier \u00e0 LED est \u00e9quip\u00e9 d\u2019un \u00e9clairage \u00e0 faisceau large avec six niveaux d\u2019\u00e9clairage (\u00ab High \u00bb\/\u00ab Medium \u00bb\/\u00ab Low \u00bb\/\u00ab Ultra Low \u00bb\/\u00ab Red \u00bb\/\u00ab Red Blink \u00bb) garantissant un \u00e9clairage parfait de la zone de travail. L\u2019appareil est \u00e9quip\u00e9 d\u2019une fixation multifonctionnelle afin de garantir une pose et un positionnement parfaits. Il est possible de l\u2019incliner \u00e0 180\u00b0, l\u2019appareil est \u00e9quip\u00e9 d\u2019un crochet pour le suspendre, d\u2019un raccord pour tr\u00e9pied de 1\/4 pouce et d\u2019aimants permettant une fixation sur des surfaces m\u00e9talliques. Lors des interventions sur les structures m\u00e9talliques et les v\u00e9hicules motoris\u00e9s, les utilisateurs ont toujours les mains libres et peuvent se concentrer enti\u00e8rement sur leurs activit\u00e9s. Le Power Bank int\u00e9gr\u00e9 est tr\u00e8s pratique pour charger les appareils mobiles. L\u2019affichage bien visible informe sur le niveau de charge de la batterie lithium-ion int\u00e9gr\u00e9e. Pour recharger la batterie, un c\u00e2ble USB-C est \u00e9galement fourni.<\/p>","protected":false},"excerpt":{"rendered":"<p>Puissant projecteur de chantier \u00e0 LED avec \u00e9clairage \u00e0 faisceau large, powerbank et nombreuses fixations possibles<\/p>\n<ul title=\"\">\n<li title=\"\"><span title=\"\">\u00c9clairage efficace gr\u00e2ce \u00e0 l\u2019\u00e9clairage \u00e0 faisceau large de 1500 lumens<\/span><\/li>\n<li title=\"\"><span title=\"\">6 niveaux d\u2019\u00e9clairage disponibles (\u00ab High \u00bb\/\u00ab Medium \u00bb\/\u00ab Low \u00bb\/\u00ab extr\u00eamement Low \u00bb\/\u00ab Red \u00bb\/\u00ab Red Blink \u00bb) adapt\u00e9s \u00e0 l\u2019exigence respective<\/span><\/li>\n<li title=\"\"><span title=\"\">Nombreuses fixations possibles avec le crochet, le support ou le raccord pour tr\u00e9pied<\/span><\/li>\n<li title=\"\"><span title=\"\">Positionnement id\u00e9al gr\u00e2ce \u00e0 une inclinaison jusqu\u2019\u00e0 180\u00b0 <\/span><\/li>\n<li title=\"\"><span title=\"\">Utilisation possible comme power bank pour recharger les appareils mobiles<\/span><\/li>\n<li title=\"\"><span title=\"\">Affichage bien visible du niveau de charge de la batterie<\/span><\/li>\n<li title=\"\"><span title=\"\">Batterie lithium ion int\u00e9gr\u00e9e<\/span><\/li>\n<li title=\"\"><span title=\"\">Recharge possible en utilisant le c\u00e2ble USB-C<\/span><\/li>\n<\/ul>","protected":false},"featured_media":2971,"template":"","meta":{"ocean_post_layout":"","ocean_both_sidebars_style":"","ocean_both_sidebars_content_width":0,"ocean_both_sidebars_sidebars_width":0,"ocean_sidebar":"0","ocean_second_sidebar":"0","ocean_disable_margins":"enable","ocean_add_body_class":"","ocean_shortcode_before_top_bar":"","ocean_shortcode_after_top_bar":"","ocean_shortcode_before_header":"","ocean_shortcode_after_header":"","ocean_has_shortcode":"","ocean_shortcode_after_title":"","ocean_shortcode_before_footer_widgets":"","ocean_shortcode_after_footer_widgets":"","ocean_shortcode_before_footer_bottom":"","ocean_shortcode_after_footer_bottom":"","ocean_display_top_bar":"default","ocean_display_header":"default","ocean_header_style":"","ocean_center_header_left_menu":"0","ocean_custom_header_template":"0","ocean_custom_logo":0,"ocean_custom_retina_logo":0,"ocean_custom_logo_max_width":0,"ocean_custom_logo_tablet_max_width":0,"ocean_custom_logo_mobile_max_width":0,"ocean_custom_logo_max_height":0,"ocean_custom_logo_tablet_max_height":0,"ocean_custom_logo_mobile_max_height":0,"ocean_header_custom_menu":"0","ocean_menu_typo_font_family":"0","ocean_menu_typo_font_subset":"","ocean_menu_typo_font_size":0,"ocean_menu_typo_font_size_tablet":0,"ocean_menu_typo_font_size_mobile":0,"ocean_menu_typo_font_size_unit":"px","ocean_menu_typo_font_weight":"","ocean_menu_typo_font_weight_tablet":"","ocean_menu_typo_font_weight_mobile":"","ocean_menu_typo_transform":"","ocean_menu_typo_transform_tablet":"","ocean_menu_typo_transform_mobile":"","ocean_menu_typo_line_height":0,"ocean_menu_typo_line_height_tablet":0,"ocean_menu_typo_line_height_mobile":0,"ocean_menu_typo_line_height_unit":"","ocean_menu_typo_spacing":0,"ocean_menu_typo_spacing_tablet":0,"ocean_menu_typo_spacing_mobile":0,"ocean_menu_typo_spacing_unit":"","ocean_menu_link_color":"","ocean_menu_link_color_hover":"","ocean_menu_link_color_active":"","ocean_menu_link_background":"","ocean_menu_link_hover_background":"","ocean_menu_link_active_background":"","ocean_menu_social_links_bg":"","ocean_menu_social_hover_links_bg":"","ocean_menu_social_links_color":"","ocean_menu_social_hover_links_color":"","ocean_disable_title":"default","ocean_disable_heading":"default","ocean_post_title":"","ocean_post_subheading":"","ocean_post_title_style":"","ocean_post_title_background_color":"","ocean_post_title_background":0,"ocean_post_title_bg_image_position":"","ocean_post_title_bg_image_attachment":"","ocean_post_title_bg_image_repeat":"","ocean_post_title_bg_image_size":"","ocean_post_title_height":0,"ocean_post_title_bg_overlay":0.5,"ocean_post_title_bg_overlay_color":"","ocean_disable_breadcrumbs":"default","ocean_breadcrumbs_color":"","ocean_breadcrumbs_separator_color":"","ocean_breadcrumbs_links_color":"","ocean_breadcrumbs_links_hover_color":"","ocean_display_footer_widgets":"default","ocean_display_footer_bottom":"default","ocean_custom_footer_template":"0"},"product_brand":[],"product_cat":[35,36],"product_tag":[],"class_list":{"0":"post-2982","1":"product","2":"type-product","3":"status-publish","4":"has-post-thumbnail","6":"product_cat-lampen","7":"product_cat-arbeitslampen","9":"entry","10":"has-media","12":"first","13":"instock","14":"shipping-taxable","15":"product-type-simple","16":"has-product-nav","17":"col","18":"span_1_of_3","19":"owp-content-center","20":"owp-thumbs-layout-horizontal","21":"owp-btn-normal","22":"owp-tabs-layout-horizontal"},"yoast_head":"<!-- This site is optimized with the Yoast SEO plugin v27.0 - https:\/\/yoast.com\/product\/yoast-seo-wordpress\/ -->\n<title>WL 1500 - 4K5 BETTER EQUIPMENT<\/title>\n<meta name=\"robots\" content=\"index, follow, max-snippet:-1, max-image-preview:large, max-video-preview:-1\" \/>\n<link rel=\"canonical\" href=\"https:\/\/4k5tools.com\/fr\/produkte\/lampen\/arbeitslampen\/wl-1500\/\" \/>\n<meta property=\"og:locale\" content=\"fr_FR\" \/>\n<meta property=\"og:type\" content=\"article\" \/>\n<meta property=\"og:title\" content=\"WL 1500 - 4K5 BETTER EQUIPMENT\" \/>\n<meta property=\"og:description\" content=\"Starker LED-Baustrahler mit Flutlicht, Powerbank und zahlreichen Befestigungsm\u00f6glichkeiten   Effektives Ausleuchten durch Flutlicht mit 1500 Lumen  6 verf\u00fcgbare Leuchtstufen (High\/Medium\/Low\/Ultra-Low\/Red\/Red-Blink) passend zur jeweiligen Anforderung  Umfangreiche Befestigungsm\u00f6glichkeiten per Haken, Magnet, St\u00e4nder und Stativanschluss  Optimales Positionieren durch Neigen um bis zu 180\u00b0   Nutzbar als Powerbank zum Aufladen mobiler Ger\u00e4te  Gut sichtbare Anzeige des Akku-Ladestatus  Integrierter Lithium-Ionen-Akku  Wiederaufladbar \u00fcber USB-C-Kabel\" \/>\n<meta property=\"og:url\" content=\"https:\/\/4k5tools.com\/fr\/produkte\/lampen\/arbeitslampen\/wl-1500\/\" \/>\n<meta property=\"og:site_name\" content=\"4K5 BETTER EQUIPMENT\" \/>\n<meta property=\"article:modified_time\" content=\"2023-09-28T09:11:02+00:00\" \/>\n<meta property=\"og:image\" content=\"https:\/\/4k5tools.com\/wp-content\/uploads\/2022\/09\/602.208A_4K5_Produkt.webp\" \/>\n\t<meta property=\"og:image:width\" content=\"1200\" \/>\n\t<meta property=\"og:image:height\" content=\"1200\" \/>\n\t<meta property=\"og:image:type\" content=\"image\/webp\" \/>\n<meta name=\"twitter:card\" content=\"summary_large_image\" \/>\n<meta name=\"twitter:label1\" content=\"Dur\u00e9e de lecture estim\u00e9e\" \/>\n\t<meta name=\"twitter:data1\" content=\"1 minute\" \/>\n<script type=\"application\/ld+json\" class=\"yoast-schema-graph\">{\"@context\":\"https:\/\/schema.org\",\"@graph\":[{\"@type\":\"WebPage\",\"@id\":\"https:\/\/4k5tools.com\/produkte\/lampen\/arbeitslampen\/wl-1500\/\",\"url\":\"https:\/\/4k5tools.com\/produkte\/lampen\/arbeitslampen\/wl-1500\/\",\"name\":\"WL 1500 - 4K5 BETTER EQUIPMENT\",\"isPartOf\":{\"@id\":\"https:\/\/4k5tools.com\/#website\"},\"primaryImageOfPage\":{\"@id\":\"https:\/\/4k5tools.com\/produkte\/lampen\/arbeitslampen\/wl-1500\/#primaryimage\"},\"image\":{\"@id\":\"https:\/\/4k5tools.com\/produkte\/lampen\/arbeitslampen\/wl-1500\/#primaryimage\"},\"thumbnailUrl\":\"https:\/\/4k5tools.com\/wp-content\/uploads\/2022\/09\/602.208A_4K5_Produkt.webp\",\"datePublished\":\"2022-09-19T10:30:19+00:00\",\"dateModified\":\"2023-09-28T09:11:02+00:00\",\"breadcrumb\":{\"@id\":\"https:\/\/4k5tools.com\/produkte\/lampen\/arbeitslampen\/wl-1500\/#breadcrumb\"},\"inLanguage\":\"fr-FR\",\"potentialAction\":[{\"@type\":\"ReadAction\",\"target\":[\"https:\/\/4k5tools.com\/produkte\/lampen\/arbeitslampen\/wl-1500\/\"]}]},{\"@type\":\"ImageObject\",\"inLanguage\":\"fr-FR\",\"@id\":\"https:\/\/4k5tools.com\/produkte\/lampen\/arbeitslampen\/wl-1500\/#primaryimage\",\"url\":\"https:\/\/4k5tools.com\/wp-content\/uploads\/2022\/09\/602.208A_4K5_Produkt.webp\",\"contentUrl\":\"https:\/\/4k5tools.com\/wp-content\/uploads\/2022\/09\/602.208A_4K5_Produkt.webp\",\"width\":1200,\"height\":1200,\"caption\":\"602.208A Arbeitslampe\"},{\"@type\":\"BreadcrumbList\",\"@id\":\"https:\/\/4k5tools.com\/produkte\/lampen\/arbeitslampen\/wl-1500\/#breadcrumb\",\"itemListElement\":[{\"@type\":\"ListItem\",\"position\":1,\"name\":\"START\",\"item\":\"https:\/\/4k5tools.com\/\"},{\"@type\":\"ListItem\",\"position\":2,\"name\":\"PRODUKTE\",\"item\":\"https:\/\/4k5tools.com\/shop\/\"},{\"@type\":\"ListItem\",\"position\":3,\"name\":\"LAMPEN\",\"item\":\"https:\/\/4k5tools.com\/produkt-kategorie\/lampen\/\"},{\"@type\":\"ListItem\",\"position\":4,\"name\":\"ARBEITSLAMPEN\",\"item\":\"https:\/\/4k5tools.com\/produkt-kategorie\/lampen\/arbeitslampen\/\"},{\"@type\":\"ListItem\",\"position\":5,\"name\":\"WL 1500\"}]},{\"@type\":\"WebSite\",\"@id\":\"https:\/\/4k5tools.com\/#website\",\"url\":\"https:\/\/4k5tools.com\/\",\"name\":\"4K5 BETTER EQUIPMENT\",\"description\":\"\",\"publisher\":{\"@id\":\"https:\/\/4k5tools.com\/#organization\"},\"potentialAction\":[{\"@type\":\"SearchAction\",\"target\":{\"@type\":\"EntryPoint\",\"urlTemplate\":\"https:\/\/4k5tools.com\/?s={search_term_string}\"},\"query-input\":{\"@type\":\"PropertyValueSpecification\",\"valueRequired\":true,\"valueName\":\"search_term_string\"}}],\"inLanguage\":\"fr-FR\"},{\"@type\":\"Organization\",\"@id\":\"https:\/\/4k5tools.com\/#organization\",\"name\":\"4K5 BETTER EQUIPMENT\",\"url\":\"https:\/\/4k5tools.com\/\",\"logo\":{\"@type\":\"ImageObject\",\"inLanguage\":\"fr-FR\",\"@id\":\"https:\/\/4k5tools.com\/#\/schema\/logo\/image\/\",\"url\":\"https:\/\/4k5tools.com\/wp-content\/uploads\/2022\/04\/4K5_Better-Equipment.webp\",\"contentUrl\":\"https:\/\/4k5tools.com\/wp-content\/uploads\/2022\/04\/4K5_Better-Equipment.webp\",\"width\":550,\"height\":200,\"caption\":\"4K5 BETTER EQUIPMENT\"},\"image\":{\"@id\":\"https:\/\/4k5tools.com\/#\/schema\/logo\/image\/\"}}]}<\/script>\n<!-- \/ Yoast SEO plugin. -->","yoast_head_json":{"title":"WL 1500 - 4K5 BETTER EQUIPMENT","robots":{"index":"index","follow":"follow","max-snippet":"max-snippet:-1","max-image-preview":"max-image-preview:large","max-video-preview":"max-video-preview:-1"},"canonical":"https:\/\/4k5tools.com\/fr\/produkte\/lampen\/arbeitslampen\/wl-1500\/","og_locale":"fr_FR","og_type":"article","og_title":"WL 1500 - 4K5 BETTER EQUIPMENT","og_description":"Starker LED-Baustrahler mit Flutlicht, Powerbank und zahlreichen Befestigungsm\u00f6glichkeiten   Effektives Ausleuchten durch Flutlicht mit 1500 Lumen  6 verf\u00fcgbare Leuchtstufen (High\/Medium\/Low\/Ultra-Low\/Red\/Red-Blink) passend zur jeweiligen Anforderung  Umfangreiche Befestigungsm\u00f6glichkeiten per Haken, Magnet, St\u00e4nder und Stativanschluss  Optimales Positionieren durch Neigen um bis zu 180\u00b0   Nutzbar als Powerbank zum Aufladen mobiler Ger\u00e4te  Gut sichtbare Anzeige des Akku-Ladestatus  Integrierter Lithium-Ionen-Akku  Wiederaufladbar \u00fcber USB-C-Kabel","og_url":"https:\/\/4k5tools.com\/fr\/produkte\/lampen\/arbeitslampen\/wl-1500\/","og_site_name":"4K5 BETTER EQUIPMENT","article_modified_time":"2023-09-28T09:11:02+00:00","og_image":[{"width":1200,"height":1200,"url":"https:\/\/4k5tools.com\/wp-content\/uploads\/2022\/09\/602.208A_4K5_Produkt.webp","type":"image\/webp"}],"twitter_card":"summary_large_image","twitter_misc":{"Dur\u00e9e de lecture estim\u00e9e":"1 minute"},"schema":{"@context":"https:\/\/schema.org","@graph":[{"@type":"WebPage","@id":"https:\/\/4k5tools.com\/produkte\/lampen\/arbeitslampen\/wl-1500\/","url":"https:\/\/4k5tools.com\/produkte\/lampen\/arbeitslampen\/wl-1500\/","name":"WL 1500 - 4K5 BETTER EQUIPMENT","isPartOf":{"@id":"https:\/\/4k5tools.com\/#website"},"primaryImageOfPage":{"@id":"https:\/\/4k5tools.com\/produkte\/lampen\/arbeitslampen\/wl-1500\/#primaryimage"},"image":{"@id":"https:\/\/4k5tools.com\/produkte\/lampen\/arbeitslampen\/wl-1500\/#primaryimage"},"thumbnailUrl":"https:\/\/4k5tools.com\/wp-content\/uploads\/2022\/09\/602.208A_4K5_Produkt.webp","datePublished":"2022-09-19T10:30:19+00:00","dateModified":"2023-09-28T09:11:02+00:00","breadcrumb":{"@id":"https:\/\/4k5tools.com\/produkte\/lampen\/arbeitslampen\/wl-1500\/#breadcrumb"},"inLanguage":"fr-FR","potentialAction":[{"@type":"ReadAction","target":["https:\/\/4k5tools.com\/produkte\/lampen\/arbeitslampen\/wl-1500\/"]}]},{"@type":"ImageObject","inLanguage":"fr-FR","@id":"https:\/\/4k5tools.com\/produkte\/lampen\/arbeitslampen\/wl-1500\/#primaryimage","url":"https:\/\/4k5tools.com\/wp-content\/uploads\/2022\/09\/602.208A_4K5_Produkt.webp","contentUrl":"https:\/\/4k5tools.com\/wp-content\/uploads\/2022\/09\/602.208A_4K5_Produkt.webp","width":1200,"height":1200,"caption":"602.208A Arbeitslampe"},{"@type":"BreadcrumbList","@id":"https:\/\/4k5tools.com\/produkte\/lampen\/arbeitslampen\/wl-1500\/#breadcrumb","itemListElement":[{"@type":"ListItem","position":1,"name":"START","item":"https:\/\/4k5tools.com\/"},{"@type":"ListItem","position":2,"name":"PRODUKTE","item":"https:\/\/4k5tools.com\/shop\/"},{"@type":"ListItem","position":3,"name":"LAMPEN","item":"https:\/\/4k5tools.com\/produkt-kategorie\/lampen\/"},{"@type":"ListItem","position":4,"name":"ARBEITSLAMPEN","item":"https:\/\/4k5tools.com\/produkt-kategorie\/lampen\/arbeitslampen\/"},{"@type":"ListItem","position":5,"name":"WL 1500"}]},{"@type":"WebSite","@id":"https:\/\/4k5tools.com\/#website","url":"https:\/\/4k5tools.com\/","name":"4K5 BETTER EQUIPMENT","description":"","publisher":{"@id":"https:\/\/4k5tools.com\/#organization"},"potentialAction":[{"@type":"SearchAction","target":{"@type":"EntryPoint","urlTemplate":"https:\/\/4k5tools.com\/?s={search_term_string}"},"query-input":{"@type":"PropertyValueSpecification","valueRequired":true,"valueName":"search_term_string"}}],"inLanguage":"fr-FR"},{"@type":"Organization","@id":"https:\/\/4k5tools.com\/#organization","name":"4K5 BETTER EQUIPMENT","url":"https:\/\/4k5tools.com\/","logo":{"@type":"ImageObject","inLanguage":"fr-FR","@id":"https:\/\/4k5tools.com\/#\/schema\/logo\/image\/","url":"https:\/\/4k5tools.com\/wp-content\/uploads\/2022\/04\/4K5_Better-Equipment.webp","contentUrl":"https:\/\/4k5tools.com\/wp-content\/uploads\/2022\/04\/4K5_Better-Equipment.webp","width":550,"height":200,"caption":"4K5 BETTER EQUIPMENT"},"image":{"@id":"https:\/\/4k5tools.com\/#\/schema\/logo\/image\/"}}]}},"_links":{"self":[{"href":"https:\/\/4k5tools.com\/fr\/wp-json\/wp\/v2\/product\/2982","targetHints":{"allow":["GET"]}}],"collection":[{"href":"https:\/\/4k5tools.com\/fr\/wp-json\/wp\/v2\/product"}],"about":[{"href":"https:\/\/4k5tools.com\/fr\/wp-json\/wp\/v2\/types\/product"}],"wp:featuredmedia":[{"embeddable":true,"href":"https:\/\/4k5tools.com\/fr\/wp-json\/wp\/v2\/media\/2971"}],"wp:attachment":[{"href":"https:\/\/4k5tools.com\/fr\/wp-json\/wp\/v2\/media?parent=2982"}],"wp:term":[{"taxonomy":"product_brand","embeddable":true,"href":"https:\/\/4k5tools.com\/fr\/wp-json\/wp\/v2\/product_brand?post=2982"},{"taxonomy":"product_cat","embeddable":true,"href":"https:\/\/4k5tools.com\/fr\/wp-json\/wp\/v2\/product_cat?post=2982"},{"taxonomy":"product_tag","embeddable":true,"href":"https:\/\/4k5tools.com\/fr\/wp-json\/wp\/v2\/product_tag?post=2982"}],"curies":[{"name":"wp","href":"https:\/\/api.w.org\/{rel}","templated":true}]}}