{"id":4686,"date":"2024-01-26T12:12:55","date_gmt":"2024-01-26T11:12:55","guid":{"rendered":"https:\/\/4k5tools.com\/produkte\/unkategorisiert\/pc-42\/"},"modified":"2024-03-01T09:26:55","modified_gmt":"2024-03-01T08:26:55","slug":"pc-42","status":"publish","type":"product","link":"https:\/\/4k5tools.com\/fr\/produkte\/neuheiten\/rohrschneider-neuheiten\/pc-42\/","title":{"rendered":"PC 42"},"content":{"rendered":"<p>Ce coupe-tubes est destin\u00e9 \u00e0 des tubes en plastique en PVC (polychlorure de vinyle), en PP (polypropyl\u00e8ne), en PU (polyur\u00e9thane) et en PE (poly\u00e9thyl\u00e8ne). Il peut \u00eatre utilis\u00e9 de mani\u00e8re extr\u00eamement flexible avec une zone de travail transformable de 26 \u00e0 42 mm. La lame en forme de V en acier r\u00e9sistant \u00e0 la corrosion garantit une ar\u00eate de coupe nette sans bavure. Le rev\u00eatement anti-adh\u00e9sif minimise les r\u00e9sidus de plastique sur la lame et pr\u00e9vient l\u2019usure. La transmission facilitant la t\u00e2che prot\u00e8ge l\u2019utilisateur contre la fatigue surtout pendant de longues heures de travail. Lors du processus de coupe, le produit convainc \u00e9galement par son bo\u00eetier ergonomique avec creux pour les doigts et bonne prise.<\/p>","protected":false},"excerpt":{"rendered":"<p>Coupe-tubes pr\u00e9cis et flexible pour les tubes en plastique avec zone de travail transformable<\/p>\n<ul title=\"\">\n<li title=\"\"><span title=\"\">Coupe pr\u00e9cise des tubes en plastique en PVC, PP, PU et PE <\/span><\/li>\n<li title=\"\"><span title=\"\">Flexibel einsetzbar durch umstellbaren Arbeitsbereich von 26 auf 42 mm<\/span><\/li>\n<li title=\"\"><span title=\"\">Grande efficacit\u00e9 gr\u00e2ce \u00e0 la transmission facilitant la t\u00e2che<\/span><\/li>\n<li title=\"\"><span title=\"\">Ar\u00eate de coupe nette sans bavure gr\u00e2ce \u00e0 la lame en forme de V en acier r\u00e9sistant \u00e0 la corrosion et facilitant la t\u00e2che<\/span><\/li>\n<li title=\"\"><span title=\"\">Le rev\u00eatement anti-adh\u00e9sif minimise les r\u00e9sidus de plastique sur la lame et la prot\u00e8ge de l\u2019usure <\/span><\/li>\n<li title=\"\"><span title=\"\">Bo\u00eetier ergonomique avec creux pour les doigts, bonne prise et bonne transmission de la force<\/span><\/li>\n<\/ul>","protected":false},"featured_media":4953,"template":"","meta":{"ocean_post_layout":"","ocean_both_sidebars_style":"","ocean_both_sidebars_content_width":0,"ocean_both_sidebars_sidebars_width":0,"ocean_sidebar":"0","ocean_second_sidebar":"0","ocean_disable_margins":"enable","ocean_add_body_class":"","ocean_shortcode_before_top_bar":"","ocean_shortcode_after_top_bar":"","ocean_shortcode_before_header":"","ocean_shortcode_after_header":"","ocean_has_shortcode":"","ocean_shortcode_after_title":"","ocean_shortcode_before_footer_widgets":"","ocean_shortcode_after_footer_widgets":"","ocean_shortcode_before_footer_bottom":"","ocean_shortcode_after_footer_bottom":"","ocean_display_top_bar":"default","ocean_display_header":"default","ocean_header_style":"","ocean_center_header_left_menu":"0","ocean_custom_header_template":"0","ocean_custom_logo":0,"ocean_custom_retina_logo":0,"ocean_custom_logo_max_width":0,"ocean_custom_logo_tablet_max_width":0,"ocean_custom_logo_mobile_max_width":0,"ocean_custom_logo_max_height":0,"ocean_custom_logo_tablet_max_height":0,"ocean_custom_logo_mobile_max_height":0,"ocean_header_custom_menu":"0","ocean_menu_typo_font_family":"0","ocean_menu_typo_font_subset":"","ocean_menu_typo_font_size":0,"ocean_menu_typo_font_size_tablet":0,"ocean_menu_typo_font_size_mobile":0,"ocean_menu_typo_font_size_unit":"px","ocean_menu_typo_font_weight":"","ocean_menu_typo_font_weight_tablet":"","ocean_menu_typo_font_weight_mobile":"","ocean_menu_typo_transform":"","ocean_menu_typo_transform_tablet":"","ocean_menu_typo_transform_mobile":"","ocean_menu_typo_line_height":0,"ocean_menu_typo_line_height_tablet":0,"ocean_menu_typo_line_height_mobile":0,"ocean_menu_typo_line_height_unit":"","ocean_menu_typo_spacing":0,"ocean_menu_typo_spacing_tablet":0,"ocean_menu_typo_spacing_mobile":0,"ocean_menu_typo_spacing_unit":"","ocean_menu_link_color":"","ocean_menu_link_color_hover":"","ocean_menu_link_color_active":"","ocean_menu_link_background":"","ocean_menu_link_hover_background":"","ocean_menu_link_active_background":"","ocean_menu_social_links_bg":"","ocean_menu_social_hover_links_bg":"","ocean_menu_social_links_color":"","ocean_menu_social_hover_links_color":"","ocean_disable_title":"default","ocean_disable_heading":"default","ocean_post_title":"","ocean_post_subheading":"","ocean_post_title_style":"","ocean_post_title_background_color":"","ocean_post_title_background":0,"ocean_post_title_bg_image_position":"","ocean_post_title_bg_image_attachment":"","ocean_post_title_bg_image_repeat":"","ocean_post_title_bg_image_size":"","ocean_post_title_height":0,"ocean_post_title_bg_overlay":0.5,"ocean_post_title_bg_overlay_color":"","ocean_disable_breadcrumbs":"default","ocean_breadcrumbs_color":"","ocean_breadcrumbs_separator_color":"","ocean_breadcrumbs_links_color":"","ocean_breadcrumbs_links_hover_color":"","ocean_display_footer_widgets":"default","ocean_display_footer_bottom":"default","ocean_custom_footer_template":"0"},"product_brand":[],"product_cat":[48,89,93,92],"product_tag":[],"class_list":{"0":"post-4686","1":"product","2":"type-product","3":"status-publish","4":"has-post-thumbnail","6":"product_cat-messer-und-werkzeuge","7":"product_cat-neuheiten","8":"product_cat-rohrschneider-neuheiten","9":"product_cat-rohrschneider","11":"entry","12":"has-media","14":"first","15":"instock","16":"shipping-taxable","17":"product-type-simple","18":"has-product-nav","19":"col","20":"span_1_of_3","21":"owp-content-center","22":"owp-thumbs-layout-horizontal","23":"owp-btn-normal","24":"owp-tabs-layout-horizontal","25":"has-no-thumbnails"},"yoast_head":"<!-- This site is optimized with the Yoast SEO plugin v27.3 - https:\/\/yoast.com\/product\/yoast-seo-wordpress\/ -->\n<title>PC 42 - 4K5 BETTER EQUIPMENT<\/title>\n<meta name=\"robots\" content=\"index, follow, max-snippet:-1, max-image-preview:large, max-video-preview:-1\" \/>\n<link rel=\"canonical\" href=\"https:\/\/4k5tools.com\/fr\/produkte\/neuheiten\/rohrschneider-neuheiten\/pc-42\/\" \/>\n<meta property=\"og:locale\" content=\"fr_FR\" \/>\n<meta property=\"og:type\" content=\"article\" \/>\n<meta property=\"og:title\" content=\"PC 42 - 4K5 BETTER EQUIPMENT\" \/>\n<meta property=\"og:description\" content=\"Pr\u00e4ziser und flexibler Rohrschneider f\u00fcr Kunststoffrohre mit umstellbarem Arbeitsbereich   Pr\u00e4zises Schneiden von Kunststoffrohren aus PVC, PP, PU und PE   Flexibel einsetzbar durch umstellbaren Arbeitsbereich von 26 auf 42 mm  Hohe Effizienz dank kraftsparender \u00dcbersetzung  Saubere Schnittkante ohne Grate durch kr\u00e4fteschonende, V-f\u00f6rmige Klinge aus korrosionsbest\u00e4ndigem Stahl  Anti-Haft-Beschichtung minimiert Kunststoffr\u00fcckst\u00e4nde an der Klinge und sch\u00fctzt vor Verschlei\u00df   Ergonomisches Geh\u00e4use mit Fingermulden, hoher Griffigkeit und guter Kraft\u00fcbertragung\" \/>\n<meta property=\"og:url\" content=\"https:\/\/4k5tools.com\/fr\/produkte\/neuheiten\/rohrschneider-neuheiten\/pc-42\/\" \/>\n<meta property=\"og:site_name\" content=\"4K5 BETTER EQUIPMENT\" \/>\n<meta property=\"article:modified_time\" content=\"2024-03-01T08:26:55+00:00\" \/>\n<meta property=\"og:image\" content=\"https:\/\/4k5tools.com\/wp-content\/uploads\/2024\/01\/600.642A_10.webp\" \/>\n\t<meta property=\"og:image:width\" content=\"1300\" \/>\n\t<meta property=\"og:image:height\" content=\"1300\" \/>\n\t<meta property=\"og:image:type\" content=\"image\/webp\" \/>\n<meta name=\"twitter:card\" content=\"summary_large_image\" \/>\n<meta name=\"twitter:label1\" content=\"Dur\u00e9e de lecture estim\u00e9e\" \/>\n\t<meta name=\"twitter:data1\" content=\"1 minute\" \/>\n<script type=\"application\/ld+json\" class=\"yoast-schema-graph\">{\"@context\":\"https:\\\/\\\/schema.org\",\"@graph\":[{\"@type\":\"WebPage\",\"@id\":\"https:\\\/\\\/4k5tools.com\\\/produkte\\\/neuheiten\\\/rohrschneider-neuheiten\\\/pc-42\\\/\",\"url\":\"https:\\\/\\\/4k5tools.com\\\/produkte\\\/neuheiten\\\/rohrschneider-neuheiten\\\/pc-42\\\/\",\"name\":\"PC 42 - 4K5 BETTER EQUIPMENT\",\"isPartOf\":{\"@id\":\"https:\\\/\\\/4k5tools.com\\\/#website\"},\"primaryImageOfPage\":{\"@id\":\"https:\\\/\\\/4k5tools.com\\\/produkte\\\/neuheiten\\\/rohrschneider-neuheiten\\\/pc-42\\\/#primaryimage\"},\"image\":{\"@id\":\"https:\\\/\\\/4k5tools.com\\\/produkte\\\/neuheiten\\\/rohrschneider-neuheiten\\\/pc-42\\\/#primaryimage\"},\"thumbnailUrl\":\"https:\\\/\\\/4k5tools.com\\\/wp-content\\\/uploads\\\/2024\\\/01\\\/600.642A_10.webp\",\"datePublished\":\"2024-01-26T11:12:55+00:00\",\"dateModified\":\"2024-03-01T08:26:55+00:00\",\"breadcrumb\":{\"@id\":\"https:\\\/\\\/4k5tools.com\\\/produkte\\\/neuheiten\\\/rohrschneider-neuheiten\\\/pc-42\\\/#breadcrumb\"},\"inLanguage\":\"fr-FR\",\"potentialAction\":[{\"@type\":\"ReadAction\",\"target\":[\"https:\\\/\\\/4k5tools.com\\\/produkte\\\/neuheiten\\\/rohrschneider-neuheiten\\\/pc-42\\\/\"]}]},{\"@type\":\"ImageObject\",\"inLanguage\":\"fr-FR\",\"@id\":\"https:\\\/\\\/4k5tools.com\\\/produkte\\\/neuheiten\\\/rohrschneider-neuheiten\\\/pc-42\\\/#primaryimage\",\"url\":\"https:\\\/\\\/4k5tools.com\\\/wp-content\\\/uploads\\\/2024\\\/01\\\/600.642A_10.webp\",\"contentUrl\":\"https:\\\/\\\/4k5tools.com\\\/wp-content\\\/uploads\\\/2024\\\/01\\\/600.642A_10.webp\",\"width\":1300,\"height\":1300,\"caption\":\"Rohrschneider 600.642A PC 42\"},{\"@type\":\"BreadcrumbList\",\"@id\":\"https:\\\/\\\/4k5tools.com\\\/produkte\\\/neuheiten\\\/rohrschneider-neuheiten\\\/pc-42\\\/#breadcrumb\",\"itemListElement\":[{\"@type\":\"ListItem\",\"position\":1,\"name\":\"START\",\"item\":\"https:\\\/\\\/4k5tools.com\\\/\"},{\"@type\":\"ListItem\",\"position\":2,\"name\":\"PRODUKTE\",\"item\":\"https:\\\/\\\/4k5tools.com\\\/shop\\\/\"},{\"@type\":\"ListItem\",\"position\":3,\"name\":\"MESSER UND WERKZEUGE\",\"item\":\"https:\\\/\\\/4k5tools.com\\\/produkt-kategorie\\\/messer-und-werkzeuge\\\/\"},{\"@type\":\"ListItem\",\"position\":4,\"name\":\"PC 42\"}]},{\"@type\":\"WebSite\",\"@id\":\"https:\\\/\\\/4k5tools.com\\\/#website\",\"url\":\"https:\\\/\\\/4k5tools.com\\\/\",\"name\":\"4K5 BETTER EQUIPMENT\",\"description\":\"\",\"publisher\":{\"@id\":\"https:\\\/\\\/4k5tools.com\\\/#organization\"},\"potentialAction\":[{\"@type\":\"SearchAction\",\"target\":{\"@type\":\"EntryPoint\",\"urlTemplate\":\"https:\\\/\\\/4k5tools.com\\\/?s={search_term_string}\"},\"query-input\":{\"@type\":\"PropertyValueSpecification\",\"valueRequired\":true,\"valueName\":\"search_term_string\"}}],\"inLanguage\":\"fr-FR\"},{\"@type\":\"Organization\",\"@id\":\"https:\\\/\\\/4k5tools.com\\\/#organization\",\"name\":\"4K5 BETTER EQUIPMENT\",\"url\":\"https:\\\/\\\/4k5tools.com\\\/\",\"logo\":{\"@type\":\"ImageObject\",\"inLanguage\":\"fr-FR\",\"@id\":\"https:\\\/\\\/4k5tools.com\\\/#\\\/schema\\\/logo\\\/image\\\/\",\"url\":\"https:\\\/\\\/4k5tools.com\\\/wp-content\\\/uploads\\\/2022\\\/04\\\/4K5_Better-Equipment.webp\",\"contentUrl\":\"https:\\\/\\\/4k5tools.com\\\/wp-content\\\/uploads\\\/2022\\\/04\\\/4K5_Better-Equipment.webp\",\"width\":550,\"height\":200,\"caption\":\"4K5 BETTER EQUIPMENT\"},\"image\":{\"@id\":\"https:\\\/\\\/4k5tools.com\\\/#\\\/schema\\\/logo\\\/image\\\/\"}}]}<\/script>\n<!-- \/ Yoast SEO plugin. -->","yoast_head_json":{"title":"PC 42 - 4K5 BETTER EQUIPMENT","robots":{"index":"index","follow":"follow","max-snippet":"max-snippet:-1","max-image-preview":"max-image-preview:large","max-video-preview":"max-video-preview:-1"},"canonical":"https:\/\/4k5tools.com\/fr\/produkte\/neuheiten\/rohrschneider-neuheiten\/pc-42\/","og_locale":"fr_FR","og_type":"article","og_title":"PC 42 - 4K5 BETTER EQUIPMENT","og_description":"Pr\u00e4ziser und flexibler Rohrschneider f\u00fcr Kunststoffrohre mit umstellbarem Arbeitsbereich   Pr\u00e4zises Schneiden von Kunststoffrohren aus PVC, PP, PU und PE   Flexibel einsetzbar durch umstellbaren Arbeitsbereich von 26 auf 42 mm  Hohe Effizienz dank kraftsparender \u00dcbersetzung  Saubere Schnittkante ohne Grate durch kr\u00e4fteschonende, V-f\u00f6rmige Klinge aus korrosionsbest\u00e4ndigem Stahl  Anti-Haft-Beschichtung minimiert Kunststoffr\u00fcckst\u00e4nde an der Klinge und sch\u00fctzt vor Verschlei\u00df   Ergonomisches Geh\u00e4use mit Fingermulden, hoher Griffigkeit und guter Kraft\u00fcbertragung","og_url":"https:\/\/4k5tools.com\/fr\/produkte\/neuheiten\/rohrschneider-neuheiten\/pc-42\/","og_site_name":"4K5 BETTER EQUIPMENT","article_modified_time":"2024-03-01T08:26:55+00:00","og_image":[{"width":1300,"height":1300,"url":"https:\/\/4k5tools.com\/wp-content\/uploads\/2024\/01\/600.642A_10.webp","type":"image\/webp"}],"twitter_card":"summary_large_image","twitter_misc":{"Dur\u00e9e de lecture estim\u00e9e":"1 minute"},"schema":{"@context":"https:\/\/schema.org","@graph":[{"@type":"WebPage","@id":"https:\/\/4k5tools.com\/produkte\/neuheiten\/rohrschneider-neuheiten\/pc-42\/","url":"https:\/\/4k5tools.com\/produkte\/neuheiten\/rohrschneider-neuheiten\/pc-42\/","name":"PC 42 - 4K5 BETTER EQUIPMENT","isPartOf":{"@id":"https:\/\/4k5tools.com\/#website"},"primaryImageOfPage":{"@id":"https:\/\/4k5tools.com\/produkte\/neuheiten\/rohrschneider-neuheiten\/pc-42\/#primaryimage"},"image":{"@id":"https:\/\/4k5tools.com\/produkte\/neuheiten\/rohrschneider-neuheiten\/pc-42\/#primaryimage"},"thumbnailUrl":"https:\/\/4k5tools.com\/wp-content\/uploads\/2024\/01\/600.642A_10.webp","datePublished":"2024-01-26T11:12:55+00:00","dateModified":"2024-03-01T08:26:55+00:00","breadcrumb":{"@id":"https:\/\/4k5tools.com\/produkte\/neuheiten\/rohrschneider-neuheiten\/pc-42\/#breadcrumb"},"inLanguage":"fr-FR","potentialAction":[{"@type":"ReadAction","target":["https:\/\/4k5tools.com\/produkte\/neuheiten\/rohrschneider-neuheiten\/pc-42\/"]}]},{"@type":"ImageObject","inLanguage":"fr-FR","@id":"https:\/\/4k5tools.com\/produkte\/neuheiten\/rohrschneider-neuheiten\/pc-42\/#primaryimage","url":"https:\/\/4k5tools.com\/wp-content\/uploads\/2024\/01\/600.642A_10.webp","contentUrl":"https:\/\/4k5tools.com\/wp-content\/uploads\/2024\/01\/600.642A_10.webp","width":1300,"height":1300,"caption":"Rohrschneider 600.642A PC 42"},{"@type":"BreadcrumbList","@id":"https:\/\/4k5tools.com\/produkte\/neuheiten\/rohrschneider-neuheiten\/pc-42\/#breadcrumb","itemListElement":[{"@type":"ListItem","position":1,"name":"START","item":"https:\/\/4k5tools.com\/"},{"@type":"ListItem","position":2,"name":"PRODUKTE","item":"https:\/\/4k5tools.com\/shop\/"},{"@type":"ListItem","position":3,"name":"MESSER UND WERKZEUGE","item":"https:\/\/4k5tools.com\/produkt-kategorie\/messer-und-werkzeuge\/"},{"@type":"ListItem","position":4,"name":"PC 42"}]},{"@type":"WebSite","@id":"https:\/\/4k5tools.com\/#website","url":"https:\/\/4k5tools.com\/","name":"4K5 BETTER EQUIPMENT","description":"","publisher":{"@id":"https:\/\/4k5tools.com\/#organization"},"potentialAction":[{"@type":"SearchAction","target":{"@type":"EntryPoint","urlTemplate":"https:\/\/4k5tools.com\/?s={search_term_string}"},"query-input":{"@type":"PropertyValueSpecification","valueRequired":true,"valueName":"search_term_string"}}],"inLanguage":"fr-FR"},{"@type":"Organization","@id":"https:\/\/4k5tools.com\/#organization","name":"4K5 BETTER EQUIPMENT","url":"https:\/\/4k5tools.com\/","logo":{"@type":"ImageObject","inLanguage":"fr-FR","@id":"https:\/\/4k5tools.com\/#\/schema\/logo\/image\/","url":"https:\/\/4k5tools.com\/wp-content\/uploads\/2022\/04\/4K5_Better-Equipment.webp","contentUrl":"https:\/\/4k5tools.com\/wp-content\/uploads\/2022\/04\/4K5_Better-Equipment.webp","width":550,"height":200,"caption":"4K5 BETTER EQUIPMENT"},"image":{"@id":"https:\/\/4k5tools.com\/#\/schema\/logo\/image\/"}}]}},"_links":{"self":[{"href":"https:\/\/4k5tools.com\/fr\/wp-json\/wp\/v2\/product\/4686","targetHints":{"allow":["GET"]}}],"collection":[{"href":"https:\/\/4k5tools.com\/fr\/wp-json\/wp\/v2\/product"}],"about":[{"href":"https:\/\/4k5tools.com\/fr\/wp-json\/wp\/v2\/types\/product"}],"wp:featuredmedia":[{"embeddable":true,"href":"https:\/\/4k5tools.com\/fr\/wp-json\/wp\/v2\/media\/4953"}],"wp:attachment":[{"href":"https:\/\/4k5tools.com\/fr\/wp-json\/wp\/v2\/media?parent=4686"}],"wp:term":[{"taxonomy":"product_brand","embeddable":true,"href":"https:\/\/4k5tools.com\/fr\/wp-json\/wp\/v2\/product_brand?post=4686"},{"taxonomy":"product_cat","embeddable":true,"href":"https:\/\/4k5tools.com\/fr\/wp-json\/wp\/v2\/product_cat?post=4686"},{"taxonomy":"product_tag","embeddable":true,"href":"https:\/\/4k5tools.com\/fr\/wp-json\/wp\/v2\/product_tag?post=4686"}],"curies":[{"name":"wp","href":"https:\/\/api.w.org\/{rel}","templated":true}]}}