{"id":4693,"date":"2024-01-26T12:12:57","date_gmt":"2024-01-26T11:12:57","guid":{"rendered":"https:\/\/4k5tools.com\/produkte\/unkategorisiert\/pk-71\/"},"modified":"2026-03-04T08:03:33","modified_gmt":"2026-03-04T07:03:33","slug":"pk-71","status":"publish","type":"product","link":"https:\/\/4k5tools.com\/fr\/produkte\/messer-und-werkzeuge\/arbeitsmesser\/pk-71\/","title":{"rendered":"PK 71"},"content":{"rendered":"<p>Ce couteau pliant est facile \u00e0 emporter dans la poche d\u2019un pantalon gr\u00e2ce \u00e0 sa forme compacte et convainc par sa maniabilit\u00e9 remarquable. La lame en acier inoxydable incise automatiquement et sans forcer les produits \u00e0 couper. Le repose-pouce agr\u00e9able et les creux ergonomiques pour les doigts dans la poign\u00e9e en nylon charg\u00e9 en fibres de verre garantissent un guidage s\u00fbr pendant la coupe. Un verrouillage liner-lock garantit que la lame est bloqu\u00e9e de mani\u00e8re fiable en position ouverte. L\u2019ouvre-bouteilles int\u00e9gr\u00e9 est parfait pour les petites pauses et \u00e9vite de chercher ou d\u2019emporter un outil suppl\u00e9mentaire. D\u2019autres caract\u00e9ristiques d\u2019\u00e9quipement pratiques sont l\u2019\u0153illet int\u00e9gr\u00e9 pour lani\u00e8re de s\u00e9curit\u00e9, l\u2019\u00e9tui en nylon et le clip pour la poche.<\/p>","protected":false},"excerpt":{"rendered":"<p>Couteau pliant compact avec lame courb\u00e9e et ouvre-bouteille int\u00e9gr\u00e9<\/p>\n<ul title=\"\">\n<li>La lame courb\u00e9e en acier inoxydable incise sans forcer les produits \u00e0 couper<\/li>\n<li>Duimsteun voor een veilige geleiding van het mes<\/li>\n<li>Le verrouillage Liner Lock bloque la lame de mani\u00e8re fiable \u00e0 la position ouverte<\/li>\n<li title=\"\"><span title=\"\">Poign\u00e9e pratique en nylon charg\u00e9 en fibres de verre avec creux ergonomiques pour les doigts et \u0153illet int\u00e9gr\u00e9 pour lani\u00e8re de s\u00e9curit\u00e9<\/span><\/li>\n<li title=\"\"><span title=\"\">L\u2019ouvre-bouteille int\u00e9gr\u00e9 rend ce couteau pliant un accessoire utile m\u00eame pendant les pauses<\/span><\/li>\n<li title=\"\"><span title=\"\">Fixation facile avec le clip pour pour la ceinture<\/span><\/li>\n<li title=\"\"><span title=\"\">Design extr\u00eamement pratique<\/span><\/li>\n<\/ul>","protected":false},"featured_media":4705,"template":"","meta":{"ocean_post_layout":"","ocean_both_sidebars_style":"","ocean_both_sidebars_content_width":0,"ocean_both_sidebars_sidebars_width":0,"ocean_sidebar":"0","ocean_second_sidebar":"0","ocean_disable_margins":"enable","ocean_add_body_class":"","ocean_shortcode_before_top_bar":"","ocean_shortcode_after_top_bar":"","ocean_shortcode_before_header":"","ocean_shortcode_after_header":"","ocean_has_shortcode":"","ocean_shortcode_after_title":"","ocean_shortcode_before_footer_widgets":"","ocean_shortcode_after_footer_widgets":"","ocean_shortcode_before_footer_bottom":"","ocean_shortcode_after_footer_bottom":"","ocean_display_top_bar":"default","ocean_display_header":"default","ocean_header_style":"","ocean_center_header_left_menu":"0","ocean_custom_header_template":"0","ocean_custom_logo":0,"ocean_custom_retina_logo":0,"ocean_custom_logo_max_width":0,"ocean_custom_logo_tablet_max_width":0,"ocean_custom_logo_mobile_max_width":0,"ocean_custom_logo_max_height":0,"ocean_custom_logo_tablet_max_height":0,"ocean_custom_logo_mobile_max_height":0,"ocean_header_custom_menu":"0","ocean_menu_typo_font_family":"0","ocean_menu_typo_font_subset":"","ocean_menu_typo_font_size":0,"ocean_menu_typo_font_size_tablet":0,"ocean_menu_typo_font_size_mobile":0,"ocean_menu_typo_font_size_unit":"px","ocean_menu_typo_font_weight":"","ocean_menu_typo_font_weight_tablet":"","ocean_menu_typo_font_weight_mobile":"","ocean_menu_typo_transform":"","ocean_menu_typo_transform_tablet":"","ocean_menu_typo_transform_mobile":"","ocean_menu_typo_line_height":0,"ocean_menu_typo_line_height_tablet":0,"ocean_menu_typo_line_height_mobile":0,"ocean_menu_typo_line_height_unit":"","ocean_menu_typo_spacing":0,"ocean_menu_typo_spacing_tablet":0,"ocean_menu_typo_spacing_mobile":0,"ocean_menu_typo_spacing_unit":"","ocean_menu_link_color":"","ocean_menu_link_color_hover":"","ocean_menu_link_color_active":"","ocean_menu_link_background":"","ocean_menu_link_hover_background":"","ocean_menu_link_active_background":"","ocean_menu_social_links_bg":"","ocean_menu_social_hover_links_bg":"","ocean_menu_social_links_color":"","ocean_menu_social_hover_links_color":"","ocean_disable_title":"default","ocean_disable_heading":"default","ocean_post_title":"","ocean_post_subheading":"","ocean_post_title_style":"","ocean_post_title_background_color":"","ocean_post_title_background":0,"ocean_post_title_bg_image_position":"","ocean_post_title_bg_image_attachment":"","ocean_post_title_bg_image_repeat":"","ocean_post_title_bg_image_size":"","ocean_post_title_height":0,"ocean_post_title_bg_overlay":0.5,"ocean_post_title_bg_overlay_color":"","ocean_disable_breadcrumbs":"default","ocean_breadcrumbs_color":"","ocean_breadcrumbs_separator_color":"","ocean_breadcrumbs_links_color":"","ocean_breadcrumbs_links_hover_color":"","ocean_display_footer_widgets":"default","ocean_display_footer_bottom":"default","ocean_custom_footer_template":"0"},"product_brand":[],"product_cat":[49,48],"product_tag":[],"class_list":{"0":"post-4693","1":"product","2":"type-product","3":"status-publish","4":"has-post-thumbnail","6":"product_cat-arbeitsmesser","7":"product_cat-messer-und-werkzeuge","9":"entry","10":"has-media","12":"first","13":"instock","14":"shipping-taxable","15":"product-type-simple","16":"has-product-nav","17":"col","18":"span_1_of_3","19":"owp-content-center","20":"owp-thumbs-layout-horizontal","21":"owp-btn-normal","22":"owp-tabs-layout-horizontal"},"yoast_head":"<!-- This site is optimized with the Yoast SEO plugin v27.3 - https:\/\/yoast.com\/product\/yoast-seo-wordpress\/ -->\n<title>PK 71 - 4K5 BETTER EQUIPMENT<\/title>\n<meta name=\"robots\" content=\"index, follow, max-snippet:-1, max-image-preview:large, max-video-preview:-1\" \/>\n<link rel=\"canonical\" href=\"https:\/\/4k5tools.com\/fr\/produkte\/messer-und-werkzeuge\/arbeitsmesser\/pk-71\/\" \/>\n<meta property=\"og:locale\" content=\"fr_FR\" \/>\n<meta property=\"og:type\" content=\"article\" \/>\n<meta property=\"og:title\" content=\"PK 71 - 4K5 BETTER EQUIPMENT\" \/>\n<meta property=\"og:description\" content=\"Kompaktes Klappmesser mit geschwungener Klinge und integriertem Flaschen\u00f6ffner   Geschwungene Klinge aus korrosionsbest\u00e4ndigem Stahl zieht sich ohne Kraftaufwand in das Schnittgut  Daumenauflage zum sicheren F\u00fchren des Messers  Liner-Lock-Verriegelung sichert die Klinge zuverl\u00e4ssig in ge\u00f6ffneter Position  Handlicher Griff aus Nylon-Glasfaser mit ergonomischen Fingermulden und integrierter Fangriemen\u00f6se  Integrierter Flaschen\u00f6ffner macht dieses Klappmesser auch w\u00e4hrend Pausen zum n\u00fctzlichen Helfer  Einfache Befestigung mit G\u00fcrtelclip  Extrem handliches Design\" \/>\n<meta property=\"og:url\" content=\"https:\/\/4k5tools.com\/fr\/produkte\/messer-und-werkzeuge\/arbeitsmesser\/pk-71\/\" \/>\n<meta property=\"og:site_name\" content=\"4K5 BETTER EQUIPMENT\" \/>\n<meta property=\"article:modified_time\" content=\"2026-03-04T07:03:33+00:00\" \/>\n<meta property=\"og:image\" content=\"https:\/\/4k5tools.com\/wp-content\/uploads\/2024\/01\/600.071A-Messer-4K5-Perspektive.webp\" \/>\n\t<meta property=\"og:image:width\" content=\"1300\" \/>\n\t<meta property=\"og:image:height\" content=\"1300\" \/>\n\t<meta property=\"og:image:type\" content=\"image\/webp\" \/>\n<meta name=\"twitter:card\" content=\"summary_large_image\" \/>\n<meta name=\"twitter:label1\" content=\"Dur\u00e9e de lecture estim\u00e9e\" \/>\n\t<meta name=\"twitter:data1\" content=\"1 minute\" \/>\n<script type=\"application\/ld+json\" class=\"yoast-schema-graph\">{\"@context\":\"https:\\\/\\\/schema.org\",\"@graph\":[{\"@type\":\"WebPage\",\"@id\":\"https:\\\/\\\/4k5tools.com\\\/produkte\\\/messer-und-werkzeuge\\\/arbeitsmesser\\\/pk-71\\\/\",\"url\":\"https:\\\/\\\/4k5tools.com\\\/produkte\\\/messer-und-werkzeuge\\\/arbeitsmesser\\\/pk-71\\\/\",\"name\":\"PK 71 - 4K5 BETTER EQUIPMENT\",\"isPartOf\":{\"@id\":\"https:\\\/\\\/4k5tools.com\\\/#website\"},\"primaryImageOfPage\":{\"@id\":\"https:\\\/\\\/4k5tools.com\\\/produkte\\\/messer-und-werkzeuge\\\/arbeitsmesser\\\/pk-71\\\/#primaryimage\"},\"image\":{\"@id\":\"https:\\\/\\\/4k5tools.com\\\/produkte\\\/messer-und-werkzeuge\\\/arbeitsmesser\\\/pk-71\\\/#primaryimage\"},\"thumbnailUrl\":\"https:\\\/\\\/4k5tools.com\\\/wp-content\\\/uploads\\\/2024\\\/01\\\/600.071A-Messer-4K5-Perspektive.webp\",\"datePublished\":\"2024-01-26T11:12:57+00:00\",\"dateModified\":\"2026-03-04T07:03:33+00:00\",\"breadcrumb\":{\"@id\":\"https:\\\/\\\/4k5tools.com\\\/produkte\\\/messer-und-werkzeuge\\\/arbeitsmesser\\\/pk-71\\\/#breadcrumb\"},\"inLanguage\":\"fr-FR\",\"potentialAction\":[{\"@type\":\"ReadAction\",\"target\":[\"https:\\\/\\\/4k5tools.com\\\/produkte\\\/messer-und-werkzeuge\\\/arbeitsmesser\\\/pk-71\\\/\"]}]},{\"@type\":\"ImageObject\",\"inLanguage\":\"fr-FR\",\"@id\":\"https:\\\/\\\/4k5tools.com\\\/produkte\\\/messer-und-werkzeuge\\\/arbeitsmesser\\\/pk-71\\\/#primaryimage\",\"url\":\"https:\\\/\\\/4k5tools.com\\\/wp-content\\\/uploads\\\/2024\\\/01\\\/600.071A-Messer-4K5-Perspektive.webp\",\"contentUrl\":\"https:\\\/\\\/4k5tools.com\\\/wp-content\\\/uploads\\\/2024\\\/01\\\/600.071A-Messer-4K5-Perspektive.webp\",\"width\":1300,\"height\":1300,\"caption\":\"PK 71 Arbeitsmesser\"},{\"@type\":\"BreadcrumbList\",\"@id\":\"https:\\\/\\\/4k5tools.com\\\/produkte\\\/messer-und-werkzeuge\\\/arbeitsmesser\\\/pk-71\\\/#breadcrumb\",\"itemListElement\":[{\"@type\":\"ListItem\",\"position\":1,\"name\":\"START\",\"item\":\"https:\\\/\\\/4k5tools.com\\\/\"},{\"@type\":\"ListItem\",\"position\":2,\"name\":\"PRODUKTE\",\"item\":\"https:\\\/\\\/4k5tools.com\\\/shop\\\/\"},{\"@type\":\"ListItem\",\"position\":3,\"name\":\"MESSER UND WERKZEUGE\",\"item\":\"https:\\\/\\\/4k5tools.com\\\/produkt-kategorie\\\/messer-und-werkzeuge\\\/\"},{\"@type\":\"ListItem\",\"position\":4,\"name\":\"PK 71\"}]},{\"@type\":\"WebSite\",\"@id\":\"https:\\\/\\\/4k5tools.com\\\/#website\",\"url\":\"https:\\\/\\\/4k5tools.com\\\/\",\"name\":\"4K5 BETTER EQUIPMENT\",\"description\":\"\",\"publisher\":{\"@id\":\"https:\\\/\\\/4k5tools.com\\\/#organization\"},\"potentialAction\":[{\"@type\":\"SearchAction\",\"target\":{\"@type\":\"EntryPoint\",\"urlTemplate\":\"https:\\\/\\\/4k5tools.com\\\/?s={search_term_string}\"},\"query-input\":{\"@type\":\"PropertyValueSpecification\",\"valueRequired\":true,\"valueName\":\"search_term_string\"}}],\"inLanguage\":\"fr-FR\"},{\"@type\":\"Organization\",\"@id\":\"https:\\\/\\\/4k5tools.com\\\/#organization\",\"name\":\"4K5 BETTER EQUIPMENT\",\"url\":\"https:\\\/\\\/4k5tools.com\\\/\",\"logo\":{\"@type\":\"ImageObject\",\"inLanguage\":\"fr-FR\",\"@id\":\"https:\\\/\\\/4k5tools.com\\\/#\\\/schema\\\/logo\\\/image\\\/\",\"url\":\"https:\\\/\\\/4k5tools.com\\\/wp-content\\\/uploads\\\/2022\\\/04\\\/4K5_Better-Equipment.webp\",\"contentUrl\":\"https:\\\/\\\/4k5tools.com\\\/wp-content\\\/uploads\\\/2022\\\/04\\\/4K5_Better-Equipment.webp\",\"width\":550,\"height\":200,\"caption\":\"4K5 BETTER EQUIPMENT\"},\"image\":{\"@id\":\"https:\\\/\\\/4k5tools.com\\\/#\\\/schema\\\/logo\\\/image\\\/\"}}]}<\/script>\n<!-- \/ Yoast SEO plugin. -->","yoast_head_json":{"title":"PK 71 - 4K5 BETTER EQUIPMENT","robots":{"index":"index","follow":"follow","max-snippet":"max-snippet:-1","max-image-preview":"max-image-preview:large","max-video-preview":"max-video-preview:-1"},"canonical":"https:\/\/4k5tools.com\/fr\/produkte\/messer-und-werkzeuge\/arbeitsmesser\/pk-71\/","og_locale":"fr_FR","og_type":"article","og_title":"PK 71 - 4K5 BETTER EQUIPMENT","og_description":"Kompaktes Klappmesser mit geschwungener Klinge und integriertem Flaschen\u00f6ffner   Geschwungene Klinge aus korrosionsbest\u00e4ndigem Stahl zieht sich ohne Kraftaufwand in das Schnittgut  Daumenauflage zum sicheren F\u00fchren des Messers  Liner-Lock-Verriegelung sichert die Klinge zuverl\u00e4ssig in ge\u00f6ffneter Position  Handlicher Griff aus Nylon-Glasfaser mit ergonomischen Fingermulden und integrierter Fangriemen\u00f6se  Integrierter Flaschen\u00f6ffner macht dieses Klappmesser auch w\u00e4hrend Pausen zum n\u00fctzlichen Helfer  Einfache Befestigung mit G\u00fcrtelclip  Extrem handliches Design","og_url":"https:\/\/4k5tools.com\/fr\/produkte\/messer-und-werkzeuge\/arbeitsmesser\/pk-71\/","og_site_name":"4K5 BETTER EQUIPMENT","article_modified_time":"2026-03-04T07:03:33+00:00","og_image":[{"width":1300,"height":1300,"url":"https:\/\/4k5tools.com\/wp-content\/uploads\/2024\/01\/600.071A-Messer-4K5-Perspektive.webp","type":"image\/webp"}],"twitter_card":"summary_large_image","twitter_misc":{"Dur\u00e9e de lecture estim\u00e9e":"1 minute"},"schema":{"@context":"https:\/\/schema.org","@graph":[{"@type":"WebPage","@id":"https:\/\/4k5tools.com\/produkte\/messer-und-werkzeuge\/arbeitsmesser\/pk-71\/","url":"https:\/\/4k5tools.com\/produkte\/messer-und-werkzeuge\/arbeitsmesser\/pk-71\/","name":"PK 71 - 4K5 BETTER EQUIPMENT","isPartOf":{"@id":"https:\/\/4k5tools.com\/#website"},"primaryImageOfPage":{"@id":"https:\/\/4k5tools.com\/produkte\/messer-und-werkzeuge\/arbeitsmesser\/pk-71\/#primaryimage"},"image":{"@id":"https:\/\/4k5tools.com\/produkte\/messer-und-werkzeuge\/arbeitsmesser\/pk-71\/#primaryimage"},"thumbnailUrl":"https:\/\/4k5tools.com\/wp-content\/uploads\/2024\/01\/600.071A-Messer-4K5-Perspektive.webp","datePublished":"2024-01-26T11:12:57+00:00","dateModified":"2026-03-04T07:03:33+00:00","breadcrumb":{"@id":"https:\/\/4k5tools.com\/produkte\/messer-und-werkzeuge\/arbeitsmesser\/pk-71\/#breadcrumb"},"inLanguage":"fr-FR","potentialAction":[{"@type":"ReadAction","target":["https:\/\/4k5tools.com\/produkte\/messer-und-werkzeuge\/arbeitsmesser\/pk-71\/"]}]},{"@type":"ImageObject","inLanguage":"fr-FR","@id":"https:\/\/4k5tools.com\/produkte\/messer-und-werkzeuge\/arbeitsmesser\/pk-71\/#primaryimage","url":"https:\/\/4k5tools.com\/wp-content\/uploads\/2024\/01\/600.071A-Messer-4K5-Perspektive.webp","contentUrl":"https:\/\/4k5tools.com\/wp-content\/uploads\/2024\/01\/600.071A-Messer-4K5-Perspektive.webp","width":1300,"height":1300,"caption":"PK 71 Arbeitsmesser"},{"@type":"BreadcrumbList","@id":"https:\/\/4k5tools.com\/produkte\/messer-und-werkzeuge\/arbeitsmesser\/pk-71\/#breadcrumb","itemListElement":[{"@type":"ListItem","position":1,"name":"START","item":"https:\/\/4k5tools.com\/"},{"@type":"ListItem","position":2,"name":"PRODUKTE","item":"https:\/\/4k5tools.com\/shop\/"},{"@type":"ListItem","position":3,"name":"MESSER UND WERKZEUGE","item":"https:\/\/4k5tools.com\/produkt-kategorie\/messer-und-werkzeuge\/"},{"@type":"ListItem","position":4,"name":"PK 71"}]},{"@type":"WebSite","@id":"https:\/\/4k5tools.com\/#website","url":"https:\/\/4k5tools.com\/","name":"4K5 BETTER EQUIPMENT","description":"","publisher":{"@id":"https:\/\/4k5tools.com\/#organization"},"potentialAction":[{"@type":"SearchAction","target":{"@type":"EntryPoint","urlTemplate":"https:\/\/4k5tools.com\/?s={search_term_string}"},"query-input":{"@type":"PropertyValueSpecification","valueRequired":true,"valueName":"search_term_string"}}],"inLanguage":"fr-FR"},{"@type":"Organization","@id":"https:\/\/4k5tools.com\/#organization","name":"4K5 BETTER EQUIPMENT","url":"https:\/\/4k5tools.com\/","logo":{"@type":"ImageObject","inLanguage":"fr-FR","@id":"https:\/\/4k5tools.com\/#\/schema\/logo\/image\/","url":"https:\/\/4k5tools.com\/wp-content\/uploads\/2022\/04\/4K5_Better-Equipment.webp","contentUrl":"https:\/\/4k5tools.com\/wp-content\/uploads\/2022\/04\/4K5_Better-Equipment.webp","width":550,"height":200,"caption":"4K5 BETTER EQUIPMENT"},"image":{"@id":"https:\/\/4k5tools.com\/#\/schema\/logo\/image\/"}}]}},"_links":{"self":[{"href":"https:\/\/4k5tools.com\/fr\/wp-json\/wp\/v2\/product\/4693","targetHints":{"allow":["GET"]}}],"collection":[{"href":"https:\/\/4k5tools.com\/fr\/wp-json\/wp\/v2\/product"}],"about":[{"href":"https:\/\/4k5tools.com\/fr\/wp-json\/wp\/v2\/types\/product"}],"wp:featuredmedia":[{"embeddable":true,"href":"https:\/\/4k5tools.com\/fr\/wp-json\/wp\/v2\/media\/4705"}],"wp:attachment":[{"href":"https:\/\/4k5tools.com\/fr\/wp-json\/wp\/v2\/media?parent=4693"}],"wp:term":[{"taxonomy":"product_brand","embeddable":true,"href":"https:\/\/4k5tools.com\/fr\/wp-json\/wp\/v2\/product_brand?post=4693"},{"taxonomy":"product_cat","embeddable":true,"href":"https:\/\/4k5tools.com\/fr\/wp-json\/wp\/v2\/product_cat?post=4693"},{"taxonomy":"product_tag","embeddable":true,"href":"https:\/\/4k5tools.com\/fr\/wp-json\/wp\/v2\/product_tag?post=4693"}],"curies":[{"name":"wp","href":"https:\/\/api.w.org\/{rel}","templated":true}]}}