{"id":4962,"date":"2024-03-05T08:40:38","date_gmt":"2024-03-05T07:40:38","guid":{"rendered":"https:\/\/4k5tools.com\/produkte\/unkategorisiert\/pds-3\/"},"modified":"2024-05-17T08:30:22","modified_gmt":"2024-05-17T06:30:22","slug":"pds-3","status":"publish","type":"product","link":"https:\/\/4k5tools.com\/fr\/produkte\/neuheiten\/e-schraubendreher-neuheiten\/pds-3\/","title":{"rendered":"PDS 3"},"content":{"rendered":"<p>Le tournevis \u00e9lectrique est 4 fois plus efficace par rapport aux tournevis conventionnels, accro\u00eet le confort et m\u00e9nage aussi bien les poignets que les paumes. Il ne prend pas beaucoup de place gr\u00e2ce \u00e0 sa forme en cale et l\u2019\u00e9clairage \u00e0 LED automatique garantit une visibilit\u00e9 optimale sur le lieu de travail. Une fermeture de s\u00fbret\u00e9 fiable permet une assise ferme de l\u2019outil lors du per\u00e7age et du retrait du tournevis de la pi\u00e8ce \u00e0 travailler. Le porte-embout hexagonal de dimension courante (\u00bc po\/6,35 mm) offre une grande flexibilit\u00e9 et un engrenage plan\u00e9taire triple efficace avec des pignons de pr\u00e9cision garantit un entra\u00eenement puissant. Le serrage manuel des vis \u00e0 la main est parfait pour un serrage m\u00e9ticuleux des derniers tours de vis. Le m\u00e9canisme de verrouillage automatique permet un vissage \u00e0 la main par liaison de force jusqu\u2019\u00e0 10 Nm et l\u2019extr\u00e9mit\u00e9 bomb\u00e9e du manche contribue \u00e0 une transmission optimale du couple.<\/p>","protected":false},"excerpt":{"rendered":"<p>Tournevis \u00e9lectrique performant pour travailler rapidement, agr\u00e9ablement et sans fatigue<\/p>\n<ul title=\"\">\n<li title=\"\"><span title=\"\">FAST FIT : vissage rapide, 4 fois plus rapide que le serrage \u00e0 la main avec un tournevis manuel conventionnel <\/span><\/li>\n<li title=\"\"><span title=\"\">COMFORT WORK : aucun signe de fatigue comme des callosit\u00e9s et des ampoules sur les paumes m\u00eame apr\u00e8s de nombreux vissages<\/span><\/li>\n<li title=\"\"><span title=\"\">SLIM SPACE TOOL : faible encombrement gr\u00e2ce \u00e0 sa forme en cale, id\u00e9al pour des espaces de travail exigus inaccessibles avec un grand outil<\/span><\/li>\n<li title=\"\"><span title=\"\">FINE SENSE : serrage m\u00e9ticuleux et prenant soin des mat\u00e9riaux parfait pour les derniers tours de vis \u00e0 la main<\/span><\/li>\n<li title=\"\"><span title=\"\">STANDARD NORM ADAPTER : le porte\u2013 embout hexagonal de dimension courante (\u00bc po\/6,35 mm) et les nombreux outils interchangeables (embouts et adaptateurs) accroissent la flexibilit\u00e9<\/span><\/li>\n<li title=\"\"><span title=\"\">SECURE LOCK : une fermeture de s\u00fbret\u00e9 fiable permet une assise ferme de l\u2019outil lors du per\u00e7age et du retrait du tournevis de la pi\u00e8ce \u00e0 travailler<\/span><\/li>\n<li title=\"\"><span title=\"\">HIGH POWER : entra\u00eenement puissant gr\u00e2ce \u00e0 l\u2019engrenage plan\u00e9taire triple efficace avec des pignons de pr\u00e9cision<\/span><\/li>\n<li title=\"\"><span title=\"\">STRONG HAND LOCK : vissage \u00e0 la main par liaison de force jusqu\u2019\u00e0 10 Nm gr\u00e2ce au frein \u00e0 main automatique<\/span><\/li>\n<li title=\"\"><span title=\"\">PRO POWER GRIP : extr\u00e9mit\u00e9 bomb\u00e9e du manche garantissant une transmission optimale du couple lors du vissage \u00e0 la main<\/span><\/li>\n<li title=\"\"><span title=\"\">EASY CONTROL : touches directes pour s\u00e9lectionner facilement la marche \u00e0 droite ou \u00e0 gauche<\/span><\/li>\n<li title=\"\"><span title=\"\">AUTO LED : \u00e9clairage \u00e0 LED automatique int\u00e9gr\u00e9 de la zone de vissage<\/span><\/li>\n<li title=\"\"><span title=\"\">COMPACT SIZE : avec sa forme maniable, l\u2019appareil a suffisamment de place dans n\u2019importe quelle trousse ou bo\u00eete \u00e0 outils<\/span><\/li>\n<li title=\"\"><span title=\"\">USB PORT : technologie de charge moderne par USB<\/span><\/li>\n<\/ul>\n<p><a href=\"https:\/\/4k5tools.com\/wp-content\/uploads\/2024\/05\/610.300A_-PDS_3_V24_05_14_610_300A_DE_ORIGINAL_70_02.pdf\" target=\"_blank\" rel=\"noopener\"><img decoding=\"async\" class=\"alignnone size-full wp-image-5043\" src=\"https:\/\/4k5tools.com\/wp-content\/uploads\/2024\/05\/CE_Zeichen.webp\" alt=\"CE\" width=\"50\" height=\"50\" \/><\/a><\/p>","protected":false},"featured_media":4967,"template":"","meta":{"ocean_post_layout":"","ocean_both_sidebars_style":"","ocean_both_sidebars_content_width":0,"ocean_both_sidebars_sidebars_width":0,"ocean_sidebar":"0","ocean_second_sidebar":"0","ocean_disable_margins":"enable","ocean_add_body_class":"","ocean_shortcode_before_top_bar":"","ocean_shortcode_after_top_bar":"","ocean_shortcode_before_header":"","ocean_shortcode_after_header":"","ocean_has_shortcode":"","ocean_shortcode_after_title":"","ocean_shortcode_before_footer_widgets":"","ocean_shortcode_after_footer_widgets":"","ocean_shortcode_before_footer_bottom":"","ocean_shortcode_after_footer_bottom":"","ocean_display_top_bar":"default","ocean_display_header":"default","ocean_header_style":"","ocean_center_header_left_menu":"0","ocean_custom_header_template":"0","ocean_custom_logo":0,"ocean_custom_retina_logo":0,"ocean_custom_logo_max_width":0,"ocean_custom_logo_tablet_max_width":0,"ocean_custom_logo_mobile_max_width":0,"ocean_custom_logo_max_height":0,"ocean_custom_logo_tablet_max_height":0,"ocean_custom_logo_mobile_max_height":0,"ocean_header_custom_menu":"0","ocean_menu_typo_font_family":"0","ocean_menu_typo_font_subset":"","ocean_menu_typo_font_size":0,"ocean_menu_typo_font_size_tablet":0,"ocean_menu_typo_font_size_mobile":0,"ocean_menu_typo_font_size_unit":"px","ocean_menu_typo_font_weight":"","ocean_menu_typo_font_weight_tablet":"","ocean_menu_typo_font_weight_mobile":"","ocean_menu_typo_transform":"","ocean_menu_typo_transform_tablet":"","ocean_menu_typo_transform_mobile":"","ocean_menu_typo_line_height":0,"ocean_menu_typo_line_height_tablet":0,"ocean_menu_typo_line_height_mobile":0,"ocean_menu_typo_line_height_unit":"","ocean_menu_typo_spacing":0,"ocean_menu_typo_spacing_tablet":0,"ocean_menu_typo_spacing_mobile":0,"ocean_menu_typo_spacing_unit":"","ocean_menu_link_color":"","ocean_menu_link_color_hover":"","ocean_menu_link_color_active":"","ocean_menu_link_background":"","ocean_menu_link_hover_background":"","ocean_menu_link_active_background":"","ocean_menu_social_links_bg":"","ocean_menu_social_hover_links_bg":"","ocean_menu_social_links_color":"","ocean_menu_social_hover_links_color":"","ocean_disable_title":"default","ocean_disable_heading":"default","ocean_post_title":"","ocean_post_subheading":"","ocean_post_title_style":"","ocean_post_title_background_color":"","ocean_post_title_background":0,"ocean_post_title_bg_image_position":"","ocean_post_title_bg_image_attachment":"","ocean_post_title_bg_image_repeat":"","ocean_post_title_bg_image_size":"","ocean_post_title_height":0,"ocean_post_title_bg_overlay":0.5,"ocean_post_title_bg_overlay_color":"","ocean_disable_breadcrumbs":"default","ocean_breadcrumbs_color":"","ocean_breadcrumbs_separator_color":"","ocean_breadcrumbs_links_color":"","ocean_breadcrumbs_links_hover_color":"","ocean_display_footer_widgets":"default","ocean_display_footer_bottom":"default","ocean_custom_footer_template":"0"},"product_brand":[],"product_cat":[48,94,89,95],"product_tag":[],"class_list":{"0":"post-4962","1":"product","2":"type-product","3":"status-publish","4":"has-post-thumbnail","6":"product_cat-messer-und-werkzeuge","7":"product_cat-e-schraubendreher","8":"product_cat-neuheiten","9":"product_cat-e-schraubendreher-neuheiten","11":"entry","12":"has-media","14":"first","15":"instock","16":"shipping-taxable","17":"product-type-simple","18":"has-product-nav","19":"col","20":"span_1_of_3","21":"owp-content-center","22":"owp-thumbs-layout-horizontal","23":"owp-btn-normal","24":"owp-tabs-layout-horizontal"},"yoast_head":"<!-- This site is optimized with the Yoast SEO plugin v27.0 - https:\/\/yoast.com\/product\/yoast-seo-wordpress\/ -->\n<title>PDS 3 - 4K5 BETTER EQUIPMENT<\/title>\n<meta name=\"robots\" content=\"index, follow, max-snippet:-1, max-image-preview:large, max-video-preview:-1\" \/>\n<link rel=\"canonical\" href=\"https:\/\/4k5tools.com\/fr\/produkte\/neuheiten\/e-schraubendreher-neuheiten\/pds-3\/\" \/>\n<meta property=\"og:locale\" content=\"fr_FR\" \/>\n<meta property=\"og:type\" content=\"article\" \/>\n<meta property=\"og:title\" content=\"PDS 3 - 4K5 BETTER EQUIPMENT\" \/>\n<meta property=\"og:description\" content=\"Leistungsf\u00e4higer, elektrischer Schraubendreher f\u00fcr schnelles, komfortables und erm\u00fcdungsfreies Arbeiten   FAST FIT: Zeitsparendes Schrauben, 4-mal schneller als manuelles Anziehen mit einem konventionellen Handschraubendreher   COMFORT WORK: Keine Erm\u00fcdungserscheinungen wie Schwielen und Blasen an den Handfl\u00e4chen selbst bei zahlreichen Schraubvorg\u00e4ngen  SLIM SPACE TOOL: Geringer Platzbedarf dank Keilform, ideal f\u00fcr enge Arbeitsr\u00e4ume, die mit einem gro\u00dfen Werkzeug nicht erreichbar sind  FINE SENSE: Fein dosiertes und materialschonendes Anziehen der letzten Schraubeng\u00e4nge per Hand  STANDARD NORM ADAPTER: Bithalter\u2013Sechskant mit dem g\u00e4ngigsten Ma\u00df (\u00bc Zoll\/6,35 mm) und auswechselbare Werkzeuge (Bits und Adapter) erh\u00f6hen die Flexibilit\u00e4t  SECURE LOCK: Zuverl\u00e4ssiger Sicherheitsverschluss f\u00fcr festen Werkzeugsitz beim Bohren und Herausziehen des Schraubendrehers aus dem Werkst\u00fcck  HIGH POWER: Kraftvoller Antrieb durch effizientes Dreifach-Planetengetriebe mit Pr\u00e4zisions-Zahnr\u00e4dern  STRONG HAND LOCK: Kraftschl\u00fcssiges Handandrehen bis 10 Nm durch automatische Feststellbremse  PRO POWER GRIP: Balliges Griffende bietet eine optimale Drehmoment\u00fcbertragung beim Handandrehen  EASY CONTROL: Direkttasten zur einfachen Wahl von Rechts- oder Linkslauf  AUTO LED: Integrierte automatische LED-Beleuchtung des Schraubbereiches  COMPACT SIZE: Ger\u00e4t findet dank handlicher Bauform in jeder Werkzeugtasche oder -kiste Platz  USB PORT: Moderne USB-Ladetechnik\" \/>\n<meta property=\"og:url\" content=\"https:\/\/4k5tools.com\/fr\/produkte\/neuheiten\/e-schraubendreher-neuheiten\/pds-3\/\" \/>\n<meta property=\"og:site_name\" content=\"4K5 BETTER EQUIPMENT\" \/>\n<meta property=\"article:modified_time\" content=\"2024-05-17T06:30:22+00:00\" \/>\n<meta property=\"og:image\" content=\"https:\/\/4k5tools.com\/wp-content\/uploads\/2024\/03\/610.300A-Schraubendreher-4K5-Perspektive.webp\" \/>\n\t<meta property=\"og:image:width\" content=\"1300\" \/>\n\t<meta property=\"og:image:height\" content=\"1300\" \/>\n\t<meta property=\"og:image:type\" content=\"image\/webp\" \/>\n<meta name=\"twitter:card\" content=\"summary_large_image\" \/>\n<meta name=\"twitter:label1\" content=\"Dur\u00e9e de lecture estim\u00e9e\" \/>\n\t<meta name=\"twitter:data1\" content=\"1 minute\" \/>\n<script type=\"application\/ld+json\" class=\"yoast-schema-graph\">{\"@context\":\"https:\/\/schema.org\",\"@graph\":[{\"@type\":\"WebPage\",\"@id\":\"https:\/\/4k5tools.com\/produkte\/neuheiten\/e-schraubendreher-neuheiten\/pds-3\/\",\"url\":\"https:\/\/4k5tools.com\/produkte\/neuheiten\/e-schraubendreher-neuheiten\/pds-3\/\",\"name\":\"PDS 3 - 4K5 BETTER EQUIPMENT\",\"isPartOf\":{\"@id\":\"https:\/\/4k5tools.com\/#website\"},\"primaryImageOfPage\":{\"@id\":\"https:\/\/4k5tools.com\/produkte\/neuheiten\/e-schraubendreher-neuheiten\/pds-3\/#primaryimage\"},\"image\":{\"@id\":\"https:\/\/4k5tools.com\/produkte\/neuheiten\/e-schraubendreher-neuheiten\/pds-3\/#primaryimage\"},\"thumbnailUrl\":\"https:\/\/4k5tools.com\/wp-content\/uploads\/2024\/03\/610.300A-Schraubendreher-4K5-Perspektive.webp\",\"datePublished\":\"2024-03-05T07:40:38+00:00\",\"dateModified\":\"2024-05-17T06:30:22+00:00\",\"breadcrumb\":{\"@id\":\"https:\/\/4k5tools.com\/produkte\/neuheiten\/e-schraubendreher-neuheiten\/pds-3\/#breadcrumb\"},\"inLanguage\":\"fr-FR\",\"potentialAction\":[{\"@type\":\"ReadAction\",\"target\":[\"https:\/\/4k5tools.com\/produkte\/neuheiten\/e-schraubendreher-neuheiten\/pds-3\/\"]}]},{\"@type\":\"ImageObject\",\"inLanguage\":\"fr-FR\",\"@id\":\"https:\/\/4k5tools.com\/produkte\/neuheiten\/e-schraubendreher-neuheiten\/pds-3\/#primaryimage\",\"url\":\"https:\/\/4k5tools.com\/wp-content\/uploads\/2024\/03\/610.300A-Schraubendreher-4K5-Perspektive.webp\",\"contentUrl\":\"https:\/\/4k5tools.com\/wp-content\/uploads\/2024\/03\/610.300A-Schraubendreher-4K5-Perspektive.webp\",\"width\":1300,\"height\":1300,\"caption\":\"Schraubendreher 610.300A PDS 3\"},{\"@type\":\"BreadcrumbList\",\"@id\":\"https:\/\/4k5tools.com\/produkte\/neuheiten\/e-schraubendreher-neuheiten\/pds-3\/#breadcrumb\",\"itemListElement\":[{\"@type\":\"ListItem\",\"position\":1,\"name\":\"START\",\"item\":\"https:\/\/4k5tools.com\/\"},{\"@type\":\"ListItem\",\"position\":2,\"name\":\"PRODUKTE\",\"item\":\"https:\/\/4k5tools.com\/shop\/\"},{\"@type\":\"ListItem\",\"position\":3,\"name\":\"NEUHEITEN\",\"item\":\"https:\/\/4k5tools.com\/produkt-kategorie\/neuheiten\/\"},{\"@type\":\"ListItem\",\"position\":4,\"name\":\"PDS 3\"}]},{\"@type\":\"WebSite\",\"@id\":\"https:\/\/4k5tools.com\/#website\",\"url\":\"https:\/\/4k5tools.com\/\",\"name\":\"4K5 BETTER EQUIPMENT\",\"description\":\"\",\"publisher\":{\"@id\":\"https:\/\/4k5tools.com\/#organization\"},\"potentialAction\":[{\"@type\":\"SearchAction\",\"target\":{\"@type\":\"EntryPoint\",\"urlTemplate\":\"https:\/\/4k5tools.com\/?s={search_term_string}\"},\"query-input\":{\"@type\":\"PropertyValueSpecification\",\"valueRequired\":true,\"valueName\":\"search_term_string\"}}],\"inLanguage\":\"fr-FR\"},{\"@type\":\"Organization\",\"@id\":\"https:\/\/4k5tools.com\/#organization\",\"name\":\"4K5 BETTER EQUIPMENT\",\"url\":\"https:\/\/4k5tools.com\/\",\"logo\":{\"@type\":\"ImageObject\",\"inLanguage\":\"fr-FR\",\"@id\":\"https:\/\/4k5tools.com\/#\/schema\/logo\/image\/\",\"url\":\"https:\/\/4k5tools.com\/wp-content\/uploads\/2022\/04\/4K5_Better-Equipment.webp\",\"contentUrl\":\"https:\/\/4k5tools.com\/wp-content\/uploads\/2022\/04\/4K5_Better-Equipment.webp\",\"width\":550,\"height\":200,\"caption\":\"4K5 BETTER EQUIPMENT\"},\"image\":{\"@id\":\"https:\/\/4k5tools.com\/#\/schema\/logo\/image\/\"}}]}<\/script>\n<!-- \/ Yoast SEO plugin. -->","yoast_head_json":{"title":"PDS 3 - 4K5 BETTER EQUIPMENT","robots":{"index":"index","follow":"follow","max-snippet":"max-snippet:-1","max-image-preview":"max-image-preview:large","max-video-preview":"max-video-preview:-1"},"canonical":"https:\/\/4k5tools.com\/fr\/produkte\/neuheiten\/e-schraubendreher-neuheiten\/pds-3\/","og_locale":"fr_FR","og_type":"article","og_title":"PDS 3 - 4K5 BETTER EQUIPMENT","og_description":"Leistungsf\u00e4higer, elektrischer Schraubendreher f\u00fcr schnelles, komfortables und erm\u00fcdungsfreies Arbeiten   FAST FIT: Zeitsparendes Schrauben, 4-mal schneller als manuelles Anziehen mit einem konventionellen Handschraubendreher   COMFORT WORK: Keine Erm\u00fcdungserscheinungen wie Schwielen und Blasen an den Handfl\u00e4chen selbst bei zahlreichen Schraubvorg\u00e4ngen  SLIM SPACE TOOL: Geringer Platzbedarf dank Keilform, ideal f\u00fcr enge Arbeitsr\u00e4ume, die mit einem gro\u00dfen Werkzeug nicht erreichbar sind  FINE SENSE: Fein dosiertes und materialschonendes Anziehen der letzten Schraubeng\u00e4nge per Hand  STANDARD NORM ADAPTER: Bithalter\u2013Sechskant mit dem g\u00e4ngigsten Ma\u00df (\u00bc Zoll\/6,35 mm) und auswechselbare Werkzeuge (Bits und Adapter) erh\u00f6hen die Flexibilit\u00e4t  SECURE LOCK: Zuverl\u00e4ssiger Sicherheitsverschluss f\u00fcr festen Werkzeugsitz beim Bohren und Herausziehen des Schraubendrehers aus dem Werkst\u00fcck  HIGH POWER: Kraftvoller Antrieb durch effizientes Dreifach-Planetengetriebe mit Pr\u00e4zisions-Zahnr\u00e4dern  STRONG HAND LOCK: Kraftschl\u00fcssiges Handandrehen bis 10 Nm durch automatische Feststellbremse  PRO POWER GRIP: Balliges Griffende bietet eine optimale Drehmoment\u00fcbertragung beim Handandrehen  EASY CONTROL: Direkttasten zur einfachen Wahl von Rechts- oder Linkslauf  AUTO LED: Integrierte automatische LED-Beleuchtung des Schraubbereiches  COMPACT SIZE: Ger\u00e4t findet dank handlicher Bauform in jeder Werkzeugtasche oder -kiste Platz  USB PORT: Moderne USB-Ladetechnik","og_url":"https:\/\/4k5tools.com\/fr\/produkte\/neuheiten\/e-schraubendreher-neuheiten\/pds-3\/","og_site_name":"4K5 BETTER EQUIPMENT","article_modified_time":"2024-05-17T06:30:22+00:00","og_image":[{"width":1300,"height":1300,"url":"https:\/\/4k5tools.com\/wp-content\/uploads\/2024\/03\/610.300A-Schraubendreher-4K5-Perspektive.webp","type":"image\/webp"}],"twitter_card":"summary_large_image","twitter_misc":{"Dur\u00e9e de lecture estim\u00e9e":"1 minute"},"schema":{"@context":"https:\/\/schema.org","@graph":[{"@type":"WebPage","@id":"https:\/\/4k5tools.com\/produkte\/neuheiten\/e-schraubendreher-neuheiten\/pds-3\/","url":"https:\/\/4k5tools.com\/produkte\/neuheiten\/e-schraubendreher-neuheiten\/pds-3\/","name":"PDS 3 - 4K5 BETTER EQUIPMENT","isPartOf":{"@id":"https:\/\/4k5tools.com\/#website"},"primaryImageOfPage":{"@id":"https:\/\/4k5tools.com\/produkte\/neuheiten\/e-schraubendreher-neuheiten\/pds-3\/#primaryimage"},"image":{"@id":"https:\/\/4k5tools.com\/produkte\/neuheiten\/e-schraubendreher-neuheiten\/pds-3\/#primaryimage"},"thumbnailUrl":"https:\/\/4k5tools.com\/wp-content\/uploads\/2024\/03\/610.300A-Schraubendreher-4K5-Perspektive.webp","datePublished":"2024-03-05T07:40:38+00:00","dateModified":"2024-05-17T06:30:22+00:00","breadcrumb":{"@id":"https:\/\/4k5tools.com\/produkte\/neuheiten\/e-schraubendreher-neuheiten\/pds-3\/#breadcrumb"},"inLanguage":"fr-FR","potentialAction":[{"@type":"ReadAction","target":["https:\/\/4k5tools.com\/produkte\/neuheiten\/e-schraubendreher-neuheiten\/pds-3\/"]}]},{"@type":"ImageObject","inLanguage":"fr-FR","@id":"https:\/\/4k5tools.com\/produkte\/neuheiten\/e-schraubendreher-neuheiten\/pds-3\/#primaryimage","url":"https:\/\/4k5tools.com\/wp-content\/uploads\/2024\/03\/610.300A-Schraubendreher-4K5-Perspektive.webp","contentUrl":"https:\/\/4k5tools.com\/wp-content\/uploads\/2024\/03\/610.300A-Schraubendreher-4K5-Perspektive.webp","width":1300,"height":1300,"caption":"Schraubendreher 610.300A PDS 3"},{"@type":"BreadcrumbList","@id":"https:\/\/4k5tools.com\/produkte\/neuheiten\/e-schraubendreher-neuheiten\/pds-3\/#breadcrumb","itemListElement":[{"@type":"ListItem","position":1,"name":"START","item":"https:\/\/4k5tools.com\/"},{"@type":"ListItem","position":2,"name":"PRODUKTE","item":"https:\/\/4k5tools.com\/shop\/"},{"@type":"ListItem","position":3,"name":"NEUHEITEN","item":"https:\/\/4k5tools.com\/produkt-kategorie\/neuheiten\/"},{"@type":"ListItem","position":4,"name":"PDS 3"}]},{"@type":"WebSite","@id":"https:\/\/4k5tools.com\/#website","url":"https:\/\/4k5tools.com\/","name":"4K5 BETTER EQUIPMENT","description":"","publisher":{"@id":"https:\/\/4k5tools.com\/#organization"},"potentialAction":[{"@type":"SearchAction","target":{"@type":"EntryPoint","urlTemplate":"https:\/\/4k5tools.com\/?s={search_term_string}"},"query-input":{"@type":"PropertyValueSpecification","valueRequired":true,"valueName":"search_term_string"}}],"inLanguage":"fr-FR"},{"@type":"Organization","@id":"https:\/\/4k5tools.com\/#organization","name":"4K5 BETTER EQUIPMENT","url":"https:\/\/4k5tools.com\/","logo":{"@type":"ImageObject","inLanguage":"fr-FR","@id":"https:\/\/4k5tools.com\/#\/schema\/logo\/image\/","url":"https:\/\/4k5tools.com\/wp-content\/uploads\/2022\/04\/4K5_Better-Equipment.webp","contentUrl":"https:\/\/4k5tools.com\/wp-content\/uploads\/2022\/04\/4K5_Better-Equipment.webp","width":550,"height":200,"caption":"4K5 BETTER EQUIPMENT"},"image":{"@id":"https:\/\/4k5tools.com\/#\/schema\/logo\/image\/"}}]}},"_links":{"self":[{"href":"https:\/\/4k5tools.com\/fr\/wp-json\/wp\/v2\/product\/4962","targetHints":{"allow":["GET"]}}],"collection":[{"href":"https:\/\/4k5tools.com\/fr\/wp-json\/wp\/v2\/product"}],"about":[{"href":"https:\/\/4k5tools.com\/fr\/wp-json\/wp\/v2\/types\/product"}],"wp:featuredmedia":[{"embeddable":true,"href":"https:\/\/4k5tools.com\/fr\/wp-json\/wp\/v2\/media\/4967"}],"wp:attachment":[{"href":"https:\/\/4k5tools.com\/fr\/wp-json\/wp\/v2\/media?parent=4962"}],"wp:term":[{"taxonomy":"product_brand","embeddable":true,"href":"https:\/\/4k5tools.com\/fr\/wp-json\/wp\/v2\/product_brand?post=4962"},{"taxonomy":"product_cat","embeddable":true,"href":"https:\/\/4k5tools.com\/fr\/wp-json\/wp\/v2\/product_cat?post=4962"},{"taxonomy":"product_tag","embeddable":true,"href":"https:\/\/4k5tools.com\/fr\/wp-json\/wp\/v2\/product_tag?post=4962"}],"curies":[{"name":"wp","href":"https:\/\/api.w.org\/{rel}","templated":true}]}}