{"id":5152,"date":"2024-09-13T08:46:47","date_gmt":"2024-09-13T06:46:47","guid":{"rendered":"https:\/\/4k5tools.com\/?post_type=product&#038;p=5152"},"modified":"2026-03-04T07:58:29","modified_gmt":"2026-03-04T06:58:29","slug":"tri-powerpack","status":"publish","type":"product","link":"https:\/\/4k5tools.com\/fr\/produkte\/wasserwaage\/rechteckprofil-wasserwaagen\/tri-powerpack\/","title":{"rendered":"TRI POWER PACK"},"content":{"rendered":"<p>Ce kit de niveau \u00e0 bulle rectangulaire universel regroupe des mod\u00e8les de 60, 100 et 180 cm de longueur \u00e9quip\u00e9s de bulles horizontale, verticale et \u00e0 45\u00b0. Les deux surfaces de mesure des profil\u00e9s en aluminium l\u00e9gers et solides sont finement frais\u00e9es. Une grande pr\u00e9cision des mesures est garantie en position normale et au-dessus de la t\u00eate. La pr\u00e9cision est, en plus, accrue par le fait qu\u2019il est possible d\u2019utiliser le niveau \u00e0 bulle le mieux adapt\u00e9 \u00e0 l\u2019utilisation sp\u00e9cifique. La lentille grossissante permet de lire tr\u00e8s facilement la bulle-bloc horizontale en plexiglas. Les capuchons amortisseurs en caoutchouc prot\u00e8gent parfaitement le profil\u00e9 et les propri\u00e9t\u00e9s du niveau \u00e0 bulle.<\/p>","protected":false},"excerpt":{"rendered":"<p>Kit universel de niveaux \u00e0 bulle \u00e0 profil rectangulaire avec fiole horizontale, verticale et \u00e0 45\u00b0 de 60, 100 et 180 cm de long<\/p>\n<ul title=\"\">\n<li title=\"\">Kit de niveau \u00e0 bulle rectangulaire universel avec bulles horizontale, verticale et \u00e0 45\u00b0 disponibles en 60, 100 et 180 cm de long<\/li>\n<li title=\"\">3 bulles bien visibles pour ajuster les lignes horizontales, verticales et les angles \u00e0 45\u00b0<\/li>\n<li title=\"\">Lecture facile gr\u00e2ce \u00e0 la lentille grossissante de la bulle horizontale en plexiglas<\/li>\n<li title=\"\">Surfaces de mesure usin\u00e9es fines pour un alignement pr\u00e9cis<\/li>\n<li title=\"\">Bonne protection du profil\u00e9 gr\u00e2ce aux embouts amortisseurs en caoutchouc<\/li>\n<\/ul>","protected":false},"featured_media":5153,"template":"","meta":{"ocean_post_layout":"","ocean_both_sidebars_style":"","ocean_both_sidebars_content_width":0,"ocean_both_sidebars_sidebars_width":0,"ocean_sidebar":"0","ocean_second_sidebar":"0","ocean_disable_margins":"enable","ocean_add_body_class":"","ocean_shortcode_before_top_bar":"","ocean_shortcode_after_top_bar":"","ocean_shortcode_before_header":"","ocean_shortcode_after_header":"","ocean_has_shortcode":"","ocean_shortcode_after_title":"","ocean_shortcode_before_footer_widgets":"","ocean_shortcode_after_footer_widgets":"","ocean_shortcode_before_footer_bottom":"","ocean_shortcode_after_footer_bottom":"","ocean_display_top_bar":"default","ocean_display_header":"default","ocean_header_style":"","ocean_center_header_left_menu":"0","ocean_custom_header_template":"0","ocean_custom_logo":0,"ocean_custom_retina_logo":0,"ocean_custom_logo_max_width":0,"ocean_custom_logo_tablet_max_width":0,"ocean_custom_logo_mobile_max_width":0,"ocean_custom_logo_max_height":0,"ocean_custom_logo_tablet_max_height":0,"ocean_custom_logo_mobile_max_height":0,"ocean_header_custom_menu":"0","ocean_menu_typo_font_family":"0","ocean_menu_typo_font_subset":"","ocean_menu_typo_font_size":0,"ocean_menu_typo_font_size_tablet":0,"ocean_menu_typo_font_size_mobile":0,"ocean_menu_typo_font_size_unit":"px","ocean_menu_typo_font_weight":"","ocean_menu_typo_font_weight_tablet":"","ocean_menu_typo_font_weight_mobile":"","ocean_menu_typo_transform":"","ocean_menu_typo_transform_tablet":"","ocean_menu_typo_transform_mobile":"","ocean_menu_typo_line_height":0,"ocean_menu_typo_line_height_tablet":0,"ocean_menu_typo_line_height_mobile":0,"ocean_menu_typo_line_height_unit":"","ocean_menu_typo_spacing":0,"ocean_menu_typo_spacing_tablet":0,"ocean_menu_typo_spacing_mobile":0,"ocean_menu_typo_spacing_unit":"","ocean_menu_link_color":"","ocean_menu_link_color_hover":"","ocean_menu_link_color_active":"","ocean_menu_link_background":"","ocean_menu_link_hover_background":"","ocean_menu_link_active_background":"","ocean_menu_social_links_bg":"","ocean_menu_social_hover_links_bg":"","ocean_menu_social_links_color":"","ocean_menu_social_hover_links_color":"","ocean_disable_title":"default","ocean_disable_heading":"default","ocean_post_title":"","ocean_post_subheading":"","ocean_post_title_style":"","ocean_post_title_background_color":"","ocean_post_title_background":0,"ocean_post_title_bg_image_position":"","ocean_post_title_bg_image_attachment":"","ocean_post_title_bg_image_repeat":"","ocean_post_title_bg_image_size":"","ocean_post_title_height":0,"ocean_post_title_bg_overlay":0.5,"ocean_post_title_bg_overlay_color":"","ocean_disable_breadcrumbs":"default","ocean_breadcrumbs_color":"","ocean_breadcrumbs_separator_color":"","ocean_breadcrumbs_links_color":"","ocean_breadcrumbs_links_hover_color":"","ocean_display_footer_widgets":"default","ocean_display_footer_bottom":"default","ocean_custom_footer_template":"0"},"product_brand":[],"product_cat":[55],"product_tag":[],"class_list":{"0":"post-5152","1":"product","2":"type-product","3":"status-publish","4":"has-post-thumbnail","6":"product_cat-rechteckprofil-wasserwaagen","8":"entry","9":"has-media","11":"first","12":"instock","13":"shipping-taxable","14":"product-type-simple","15":"has-product-nav","16":"col","17":"span_1_of_3","18":"owp-content-center","19":"owp-thumbs-layout-horizontal","20":"owp-btn-normal","21":"owp-tabs-layout-horizontal","22":"has-no-thumbnails"},"yoast_head":"<!-- This site is optimized with the Yoast SEO plugin v27.3 - https:\/\/yoast.com\/product\/yoast-seo-wordpress\/ -->\n<title>TRI POWER PACK - 4K5 BETTER EQUIPMENT<\/title>\n<meta name=\"robots\" content=\"index, follow, max-snippet:-1, max-image-preview:large, max-video-preview:-1\" \/>\n<link rel=\"canonical\" href=\"https:\/\/4k5tools.com\/fr\/produkte\/wasserwaage\/rechteckprofil-wasserwaagen\/tri-powerpack\/\" \/>\n<meta property=\"og:locale\" content=\"fr_FR\" \/>\n<meta property=\"og:type\" content=\"article\" \/>\n<meta property=\"og:title\" content=\"TRI POWER PACK - 4K5 BETTER EQUIPMENT\" \/>\n<meta property=\"og:description\" content=\"Universelles Rechteckprofil-Wasserwaagen-Set mit Horizontal-, Vertikal- und 45\u00b0-Libelle mit den L\u00e4ngen 60, 100 und 180 cm   Vielseitige Einsatzm\u00f6glichkeiten und hohe Genauigkeit durch passende Wasserwaage f\u00fcr die jeweilige Anwendung  3 gut ablesbare Libellen zum Ausrichten von Horizontalen, Vertikalen und 45\u00b0-Winkeln  Einfaches Ablesen durch Vergr\u00f6\u00dferungslinse an horizontaler Acrylglas-Blocklibelle  Fein gefr\u00e4ste Messfl\u00e4chen zum genauen Ausrichten  Guter Schutz des Profils mit sto\u00dfd\u00e4mpfenden, gummierten Endkappen\" \/>\n<meta property=\"og:url\" content=\"https:\/\/4k5tools.com\/fr\/produkte\/wasserwaage\/rechteckprofil-wasserwaagen\/tri-powerpack\/\" \/>\n<meta property=\"og:site_name\" content=\"4K5 BETTER EQUIPMENT\" \/>\n<meta property=\"article:modified_time\" content=\"2026-03-04T06:58:29+00:00\" \/>\n<meta property=\"og:image\" content=\"https:\/\/4k5tools.com\/wp-content\/uploads\/2024\/09\/603.115PP_10_20.webp\" \/>\n\t<meta property=\"og:image:width\" content=\"1300\" \/>\n\t<meta property=\"og:image:height\" content=\"1300\" \/>\n\t<meta property=\"og:image:type\" content=\"image\/webp\" \/>\n<meta name=\"twitter:card\" content=\"summary_large_image\" \/>\n<meta name=\"twitter:label1\" content=\"Dur\u00e9e de lecture estim\u00e9e\" \/>\n\t<meta name=\"twitter:data1\" content=\"1 minute\" \/>\n<script type=\"application\/ld+json\" class=\"yoast-schema-graph\">{\"@context\":\"https:\\\/\\\/schema.org\",\"@graph\":[{\"@type\":\"WebPage\",\"@id\":\"https:\\\/\\\/4k5tools.com\\\/produkte\\\/wasserwaage\\\/rechteckprofil-wasserwaagen\\\/tri-powerpack\\\/\",\"url\":\"https:\\\/\\\/4k5tools.com\\\/produkte\\\/wasserwaage\\\/rechteckprofil-wasserwaagen\\\/tri-powerpack\\\/\",\"name\":\"TRI POWER PACK - 4K5 BETTER EQUIPMENT\",\"isPartOf\":{\"@id\":\"https:\\\/\\\/4k5tools.com\\\/#website\"},\"primaryImageOfPage\":{\"@id\":\"https:\\\/\\\/4k5tools.com\\\/produkte\\\/wasserwaage\\\/rechteckprofil-wasserwaagen\\\/tri-powerpack\\\/#primaryimage\"},\"image\":{\"@id\":\"https:\\\/\\\/4k5tools.com\\\/produkte\\\/wasserwaage\\\/rechteckprofil-wasserwaagen\\\/tri-powerpack\\\/#primaryimage\"},\"thumbnailUrl\":\"https:\\\/\\\/4k5tools.com\\\/wp-content\\\/uploads\\\/2024\\\/09\\\/603.115PP_10_20.webp\",\"datePublished\":\"2024-09-13T06:46:47+00:00\",\"dateModified\":\"2026-03-04T06:58:29+00:00\",\"breadcrumb\":{\"@id\":\"https:\\\/\\\/4k5tools.com\\\/produkte\\\/wasserwaage\\\/rechteckprofil-wasserwaagen\\\/tri-powerpack\\\/#breadcrumb\"},\"inLanguage\":\"fr-FR\",\"potentialAction\":[{\"@type\":\"ReadAction\",\"target\":[\"https:\\\/\\\/4k5tools.com\\\/produkte\\\/wasserwaage\\\/rechteckprofil-wasserwaagen\\\/tri-powerpack\\\/\"]}]},{\"@type\":\"ImageObject\",\"inLanguage\":\"fr-FR\",\"@id\":\"https:\\\/\\\/4k5tools.com\\\/produkte\\\/wasserwaage\\\/rechteckprofil-wasserwaagen\\\/tri-powerpack\\\/#primaryimage\",\"url\":\"https:\\\/\\\/4k5tools.com\\\/wp-content\\\/uploads\\\/2024\\\/09\\\/603.115PP_10_20.webp\",\"contentUrl\":\"https:\\\/\\\/4k5tools.com\\\/wp-content\\\/uploads\\\/2024\\\/09\\\/603.115PP_10_20.webp\",\"width\":1300,\"height\":1300,\"caption\":\"Wasserwaage 603.115PP TRI PowerPack\"},{\"@type\":\"BreadcrumbList\",\"@id\":\"https:\\\/\\\/4k5tools.com\\\/produkte\\\/wasserwaage\\\/rechteckprofil-wasserwaagen\\\/tri-powerpack\\\/#breadcrumb\",\"itemListElement\":[{\"@type\":\"ListItem\",\"position\":1,\"name\":\"START\",\"item\":\"https:\\\/\\\/4k5tools.com\\\/\"},{\"@type\":\"ListItem\",\"position\":2,\"name\":\"PRODUKTE\",\"item\":\"https:\\\/\\\/4k5tools.com\\\/shop\\\/\"},{\"@type\":\"ListItem\",\"position\":3,\"name\":\"WASSERWAAGEN\",\"item\":\"https:\\\/\\\/4k5tools.com\\\/produkt-kategorie\\\/wasserwaage\\\/\"},{\"@type\":\"ListItem\",\"position\":4,\"name\":\"RECHTECKPROFIL-WASSERWAAGEN\",\"item\":\"https:\\\/\\\/4k5tools.com\\\/produkt-kategorie\\\/wasserwaage\\\/rechteckprofil-wasserwaagen\\\/\"},{\"@type\":\"ListItem\",\"position\":5,\"name\":\"TRI POWER PACK\"}]},{\"@type\":\"WebSite\",\"@id\":\"https:\\\/\\\/4k5tools.com\\\/#website\",\"url\":\"https:\\\/\\\/4k5tools.com\\\/\",\"name\":\"4K5 BETTER EQUIPMENT\",\"description\":\"\",\"publisher\":{\"@id\":\"https:\\\/\\\/4k5tools.com\\\/#organization\"},\"potentialAction\":[{\"@type\":\"SearchAction\",\"target\":{\"@type\":\"EntryPoint\",\"urlTemplate\":\"https:\\\/\\\/4k5tools.com\\\/?s={search_term_string}\"},\"query-input\":{\"@type\":\"PropertyValueSpecification\",\"valueRequired\":true,\"valueName\":\"search_term_string\"}}],\"inLanguage\":\"fr-FR\"},{\"@type\":\"Organization\",\"@id\":\"https:\\\/\\\/4k5tools.com\\\/#organization\",\"name\":\"4K5 BETTER EQUIPMENT\",\"url\":\"https:\\\/\\\/4k5tools.com\\\/\",\"logo\":{\"@type\":\"ImageObject\",\"inLanguage\":\"fr-FR\",\"@id\":\"https:\\\/\\\/4k5tools.com\\\/#\\\/schema\\\/logo\\\/image\\\/\",\"url\":\"https:\\\/\\\/4k5tools.com\\\/wp-content\\\/uploads\\\/2022\\\/04\\\/4K5_Better-Equipment.webp\",\"contentUrl\":\"https:\\\/\\\/4k5tools.com\\\/wp-content\\\/uploads\\\/2022\\\/04\\\/4K5_Better-Equipment.webp\",\"width\":550,\"height\":200,\"caption\":\"4K5 BETTER EQUIPMENT\"},\"image\":{\"@id\":\"https:\\\/\\\/4k5tools.com\\\/#\\\/schema\\\/logo\\\/image\\\/\"}}]}<\/script>\n<!-- \/ Yoast SEO plugin. -->","yoast_head_json":{"title":"TRI POWER PACK - 4K5 BETTER EQUIPMENT","robots":{"index":"index","follow":"follow","max-snippet":"max-snippet:-1","max-image-preview":"max-image-preview:large","max-video-preview":"max-video-preview:-1"},"canonical":"https:\/\/4k5tools.com\/fr\/produkte\/wasserwaage\/rechteckprofil-wasserwaagen\/tri-powerpack\/","og_locale":"fr_FR","og_type":"article","og_title":"TRI POWER PACK - 4K5 BETTER EQUIPMENT","og_description":"Universelles Rechteckprofil-Wasserwaagen-Set mit Horizontal-, Vertikal- und 45\u00b0-Libelle mit den L\u00e4ngen 60, 100 und 180 cm   Vielseitige Einsatzm\u00f6glichkeiten und hohe Genauigkeit durch passende Wasserwaage f\u00fcr die jeweilige Anwendung  3 gut ablesbare Libellen zum Ausrichten von Horizontalen, Vertikalen und 45\u00b0-Winkeln  Einfaches Ablesen durch Vergr\u00f6\u00dferungslinse an horizontaler Acrylglas-Blocklibelle  Fein gefr\u00e4ste Messfl\u00e4chen zum genauen Ausrichten  Guter Schutz des Profils mit sto\u00dfd\u00e4mpfenden, gummierten Endkappen","og_url":"https:\/\/4k5tools.com\/fr\/produkte\/wasserwaage\/rechteckprofil-wasserwaagen\/tri-powerpack\/","og_site_name":"4K5 BETTER EQUIPMENT","article_modified_time":"2026-03-04T06:58:29+00:00","og_image":[{"width":1300,"height":1300,"url":"https:\/\/4k5tools.com\/wp-content\/uploads\/2024\/09\/603.115PP_10_20.webp","type":"image\/webp"}],"twitter_card":"summary_large_image","twitter_misc":{"Dur\u00e9e de lecture estim\u00e9e":"1 minute"},"schema":{"@context":"https:\/\/schema.org","@graph":[{"@type":"WebPage","@id":"https:\/\/4k5tools.com\/produkte\/wasserwaage\/rechteckprofil-wasserwaagen\/tri-powerpack\/","url":"https:\/\/4k5tools.com\/produkte\/wasserwaage\/rechteckprofil-wasserwaagen\/tri-powerpack\/","name":"TRI POWER PACK - 4K5 BETTER EQUIPMENT","isPartOf":{"@id":"https:\/\/4k5tools.com\/#website"},"primaryImageOfPage":{"@id":"https:\/\/4k5tools.com\/produkte\/wasserwaage\/rechteckprofil-wasserwaagen\/tri-powerpack\/#primaryimage"},"image":{"@id":"https:\/\/4k5tools.com\/produkte\/wasserwaage\/rechteckprofil-wasserwaagen\/tri-powerpack\/#primaryimage"},"thumbnailUrl":"https:\/\/4k5tools.com\/wp-content\/uploads\/2024\/09\/603.115PP_10_20.webp","datePublished":"2024-09-13T06:46:47+00:00","dateModified":"2026-03-04T06:58:29+00:00","breadcrumb":{"@id":"https:\/\/4k5tools.com\/produkte\/wasserwaage\/rechteckprofil-wasserwaagen\/tri-powerpack\/#breadcrumb"},"inLanguage":"fr-FR","potentialAction":[{"@type":"ReadAction","target":["https:\/\/4k5tools.com\/produkte\/wasserwaage\/rechteckprofil-wasserwaagen\/tri-powerpack\/"]}]},{"@type":"ImageObject","inLanguage":"fr-FR","@id":"https:\/\/4k5tools.com\/produkte\/wasserwaage\/rechteckprofil-wasserwaagen\/tri-powerpack\/#primaryimage","url":"https:\/\/4k5tools.com\/wp-content\/uploads\/2024\/09\/603.115PP_10_20.webp","contentUrl":"https:\/\/4k5tools.com\/wp-content\/uploads\/2024\/09\/603.115PP_10_20.webp","width":1300,"height":1300,"caption":"Wasserwaage 603.115PP TRI PowerPack"},{"@type":"BreadcrumbList","@id":"https:\/\/4k5tools.com\/produkte\/wasserwaage\/rechteckprofil-wasserwaagen\/tri-powerpack\/#breadcrumb","itemListElement":[{"@type":"ListItem","position":1,"name":"START","item":"https:\/\/4k5tools.com\/"},{"@type":"ListItem","position":2,"name":"PRODUKTE","item":"https:\/\/4k5tools.com\/shop\/"},{"@type":"ListItem","position":3,"name":"WASSERWAAGEN","item":"https:\/\/4k5tools.com\/produkt-kategorie\/wasserwaage\/"},{"@type":"ListItem","position":4,"name":"RECHTECKPROFIL-WASSERWAAGEN","item":"https:\/\/4k5tools.com\/produkt-kategorie\/wasserwaage\/rechteckprofil-wasserwaagen\/"},{"@type":"ListItem","position":5,"name":"TRI POWER PACK"}]},{"@type":"WebSite","@id":"https:\/\/4k5tools.com\/#website","url":"https:\/\/4k5tools.com\/","name":"4K5 BETTER EQUIPMENT","description":"","publisher":{"@id":"https:\/\/4k5tools.com\/#organization"},"potentialAction":[{"@type":"SearchAction","target":{"@type":"EntryPoint","urlTemplate":"https:\/\/4k5tools.com\/?s={search_term_string}"},"query-input":{"@type":"PropertyValueSpecification","valueRequired":true,"valueName":"search_term_string"}}],"inLanguage":"fr-FR"},{"@type":"Organization","@id":"https:\/\/4k5tools.com\/#organization","name":"4K5 BETTER EQUIPMENT","url":"https:\/\/4k5tools.com\/","logo":{"@type":"ImageObject","inLanguage":"fr-FR","@id":"https:\/\/4k5tools.com\/#\/schema\/logo\/image\/","url":"https:\/\/4k5tools.com\/wp-content\/uploads\/2022\/04\/4K5_Better-Equipment.webp","contentUrl":"https:\/\/4k5tools.com\/wp-content\/uploads\/2022\/04\/4K5_Better-Equipment.webp","width":550,"height":200,"caption":"4K5 BETTER EQUIPMENT"},"image":{"@id":"https:\/\/4k5tools.com\/#\/schema\/logo\/image\/"}}]}},"_links":{"self":[{"href":"https:\/\/4k5tools.com\/fr\/wp-json\/wp\/v2\/product\/5152","targetHints":{"allow":["GET"]}}],"collection":[{"href":"https:\/\/4k5tools.com\/fr\/wp-json\/wp\/v2\/product"}],"about":[{"href":"https:\/\/4k5tools.com\/fr\/wp-json\/wp\/v2\/types\/product"}],"wp:featuredmedia":[{"embeddable":true,"href":"https:\/\/4k5tools.com\/fr\/wp-json\/wp\/v2\/media\/5153"}],"wp:attachment":[{"href":"https:\/\/4k5tools.com\/fr\/wp-json\/wp\/v2\/media?parent=5152"}],"wp:term":[{"taxonomy":"product_brand","embeddable":true,"href":"https:\/\/4k5tools.com\/fr\/wp-json\/wp\/v2\/product_brand?post=5152"},{"taxonomy":"product_cat","embeddable":true,"href":"https:\/\/4k5tools.com\/fr\/wp-json\/wp\/v2\/product_cat?post=5152"},{"taxonomy":"product_tag","embeddable":true,"href":"https:\/\/4k5tools.com\/fr\/wp-json\/wp\/v2\/product_tag?post=5152"}],"curies":[{"name":"wp","href":"https:\/\/api.w.org\/{rel}","templated":true}]}}