{"id":5383,"date":"2025-06-26T07:58:11","date_gmt":"2025-06-26T05:58:11","guid":{"rendered":"https:\/\/4k5tools.com\/?post_type=product&#038;p=5383"},"modified":"2026-03-04T08:14:29","modified_gmt":"2026-03-04T07:14:29","slug":"sq-300","status":"publish","type":"product","link":"https:\/\/4k5tools.com\/fr\/produkte\/neuheiten\/messzeuge-neuheiten\/sq-300\/","title":{"rendered":"SQ 300"},"content":{"rendered":"<p>Cette \u00e9querre de charpentier polyvalente\u00a0(300\u00a0mm) convient parfaitement \u00e0 des pi\u00e8ces \u00e0 usiner de plus grande dimension et facilite l\u2019alignement rapide et un tra\u00e7age pr\u00e9cis pour les travaux de construction et du bois. Les nombreuses possibilit\u00e9s d\u2019utilisation comprennent le transfert des angles et l\u2019utilisation sous forme de r\u00e8gle, d\u2019aide pour les onglets, de marqueur de ligne et de guide de scie. La graduation d\u2019angle de\u00a090\u00b0 permet de d\u00e9terminer et de transf\u00e9rer rapidement les angles ce qui est parfait pour les coupes en biais et les onglets. Les \u00e9chelles pour la pente des chevrons classiques\u00a0(COMMON) ainsi que des chevrons d\u2019ar\u00eatier (\u00ab hip rafter \u00bb) et des chevrons de noue (\u00ab valley rafter \u00bb)\u00a0(HIP-VAL) sont sp\u00e9cialement con\u00e7ues pour travailler sur des constructions de toit. La pince de but\u00e9e emp\u00eache tout d\u00e9rapage lors du tra\u00e7age et garantit ainsi des rep\u00e8res pr\u00e9cis. La r\u00e8gle int\u00e9gr\u00e9e permet un transfert facile des longueurs directement sur la pi\u00e8ce \u00e0 usiner. Le rail de guidage pratique permet une pose sur les bords et est parfait pour g\u00e9n\u00e9rer des rep\u00e8res parall\u00e8les. L\u2019\u00e9querre de charpentier peut \u00eatre \u00e9galement utilis\u00e9e sous forme de rail de guidage pour scier dans le cas de coupes d\u2019onglets et longitudinales pr\u00e9cises. Les encoches int\u00e9gr\u00e9es permettent un marquage rapide des coupes longitudinales. L\u2019\u00e9chelle grav\u00e9e au laser sur le cadre rouge mat garantit une bonne lisibilit\u00e9 \u00e0 long terme. Fabriqu\u00e9e en alliage d\u2019aluminium de qualit\u00e9 sup\u00e9rieure, elle se distingue par une longue dur\u00e9e de vie et sa r\u00e9sistance \u00e0 la rupture. Elle peut \u00eatre facilement suspendue \u00e0 une suspension murale ou \u00e0 un crochet en cas de non-utilisation.<\/p>","protected":false},"excerpt":{"rendered":"<p>\u00c9querre de charpentier polyvalente\u00a0(300\u00a0mm) pour des pi\u00e8ces \u00e0 usiner de plus grande dimension pour un alignement rapide et un marquage pour les travaux de construction et du bois<\/p>\n<ul>\n<li>HEAVY DUTY\u00a0: parfaite pour des pi\u00e8ces \u00e0 usiner de grande dimension<\/li>\n<li>MULTI USE : Transfert d\u2019angles, r\u00e8gle, guide d\u2019onglet, traceur, guide de scie<\/li>\n<li>QUICK MARKING : Marquage et alignement rapides<\/li>\n<li>ANGLE FINDER : R\u00e9glage rapide des angles avec \u00e9chelle 90\u00b0<\/li>\n<li>ROOF CONSTRUCTION : \u00c9chelles COMMON + HIP\u2011VAL pour charpente<\/li>\n<li>CENTRAL PIVOT POINT : Simplifie le transfert d\u2019angles &amp; marquage<\/li>\n<li>LOCK STOP : Pince pour \u00e9viter le glissement<\/li>\n<li>LENGTH GUIDE : R\u00e8gle int\u00e9gr\u00e9e pour transfert rapide de longueurs<\/li>\n<li>GUIDE RAIL : Id\u00e9al pour alignement bord &amp; marquages parall\u00e8les<\/li>\n<li>SAW GUIDE : Guide de scie pour coupes pr\u00e9cises<\/li>\n<li>MARKING NOTCHES : Encoches int\u00e9gr\u00e9es pour marquages rapides &amp; pr\u00e9cis<\/li>\n<li>DURAGRAV : \u00c9chelle laser grav\u00e9e sur cadre rouge mat pour lisibilit\u00e9 permanente<\/li>\n<li>ELOX SHIELD\u00a0: surface anodis\u00e9e pour prot\u00e9ger contre la corrosion<\/li>\n<li>CHECK GAUGE : Sert de gabarit de contr\u00f4le<\/li>\n<li>DURASTRONG CONSTRUCTION : Alliage d\u2019aluminium de qualit\u00e9, robuste &amp; incassable<\/li>\n<li>SMART STORAGE : Facile \u00e0 suspendre<\/li>\n<\/ul>","protected":false},"featured_media":5389,"template":"","meta":{"ocean_post_layout":"","ocean_both_sidebars_style":"","ocean_both_sidebars_content_width":0,"ocean_both_sidebars_sidebars_width":0,"ocean_sidebar":"0","ocean_second_sidebar":"0","ocean_disable_margins":"enable","ocean_add_body_class":"","ocean_shortcode_before_top_bar":"","ocean_shortcode_after_top_bar":"","ocean_shortcode_before_header":"","ocean_shortcode_after_header":"","ocean_has_shortcode":"","ocean_shortcode_after_title":"","ocean_shortcode_before_footer_widgets":"","ocean_shortcode_after_footer_widgets":"","ocean_shortcode_before_footer_bottom":"","ocean_shortcode_after_footer_bottom":"","ocean_display_top_bar":"default","ocean_display_header":"default","ocean_header_style":"","ocean_center_header_left_menu":"0","ocean_custom_header_template":"0","ocean_custom_logo":0,"ocean_custom_retina_logo":0,"ocean_custom_logo_max_width":0,"ocean_custom_logo_tablet_max_width":0,"ocean_custom_logo_mobile_max_width":0,"ocean_custom_logo_max_height":0,"ocean_custom_logo_tablet_max_height":0,"ocean_custom_logo_mobile_max_height":0,"ocean_header_custom_menu":"0","ocean_menu_typo_font_family":"0","ocean_menu_typo_font_subset":"","ocean_menu_typo_font_size":0,"ocean_menu_typo_font_size_tablet":0,"ocean_menu_typo_font_size_mobile":0,"ocean_menu_typo_font_size_unit":"px","ocean_menu_typo_font_weight":"","ocean_menu_typo_font_weight_tablet":"","ocean_menu_typo_font_weight_mobile":"","ocean_menu_typo_transform":"","ocean_menu_typo_transform_tablet":"","ocean_menu_typo_transform_mobile":"","ocean_menu_typo_line_height":0,"ocean_menu_typo_line_height_tablet":0,"ocean_menu_typo_line_height_mobile":0,"ocean_menu_typo_line_height_unit":"","ocean_menu_typo_spacing":0,"ocean_menu_typo_spacing_tablet":0,"ocean_menu_typo_spacing_mobile":0,"ocean_menu_typo_spacing_unit":"","ocean_menu_link_color":"","ocean_menu_link_color_hover":"","ocean_menu_link_color_active":"","ocean_menu_link_background":"","ocean_menu_link_hover_background":"","ocean_menu_link_active_background":"","ocean_menu_social_links_bg":"","ocean_menu_social_hover_links_bg":"","ocean_menu_social_links_color":"","ocean_menu_social_hover_links_color":"","ocean_disable_title":"default","ocean_disable_heading":"default","ocean_post_title":"","ocean_post_subheading":"","ocean_post_title_style":"","ocean_post_title_background_color":"","ocean_post_title_background":0,"ocean_post_title_bg_image_position":"","ocean_post_title_bg_image_attachment":"","ocean_post_title_bg_image_repeat":"","ocean_post_title_bg_image_size":"","ocean_post_title_height":0,"ocean_post_title_bg_overlay":0.5,"ocean_post_title_bg_overlay_color":"","ocean_disable_breadcrumbs":"default","ocean_breadcrumbs_color":"","ocean_breadcrumbs_separator_color":"","ocean_breadcrumbs_links_color":"","ocean_breadcrumbs_links_hover_color":"","ocean_display_footer_widgets":"default","ocean_display_footer_bottom":"default","ocean_custom_footer_template":"0"},"product_brand":[],"product_cat":[53,91,89,97],"product_tag":[],"class_list":{"0":"post-5383","1":"product","2":"type-product","3":"status-publish","4":"has-post-thumbnail","6":"product_cat-messzeuge","7":"product_cat-messzeuge-neuheiten","8":"product_cat-neuheiten","9":"product_cat-zimmermannswinkel","11":"entry","12":"has-media","14":"first","15":"instock","16":"shipping-taxable","17":"product-type-simple","18":"has-product-nav","19":"col","20":"span_1_of_3","21":"owp-content-center","22":"owp-thumbs-layout-horizontal","23":"owp-btn-normal","24":"owp-tabs-layout-horizontal"},"yoast_head":"<!-- This site is optimized with the Yoast SEO plugin v27.3 - https:\/\/yoast.com\/product\/yoast-seo-wordpress\/ -->\n<title>SQ 300 - 4K5 BETTER EQUIPMENT<\/title>\n<meta name=\"robots\" content=\"index, follow, max-snippet:-1, max-image-preview:large, max-video-preview:-1\" \/>\n<link rel=\"canonical\" href=\"https:\/\/4k5tools.com\/fr\/produkte\/neuheiten\/messzeuge-neuheiten\/sq-300\/\" \/>\n<meta property=\"og:locale\" content=\"fr_FR\" \/>\n<meta property=\"og:type\" content=\"article\" \/>\n<meta property=\"og:title\" content=\"SQ 300 - 4K5 BETTER EQUIPMENT\" \/>\n<meta property=\"og:description\" content=\"Vielseitiger Zimmermannswinkel (300 mm) f\u00fcr gr\u00f6\u00dfere Werkst\u00fccke zum schnellen Ausrichten und Anrei\u00dfen bei Bau- und Holzarbeiten   HEAVY DUTY: Perfekt f\u00fcr gr\u00f6\u00dfere Werkst\u00fccke  MULTI USE: Einsetzbar zum \u00dcbertragen von Winkeln, als Lineal, Gehrungshilfe, Linienanrei\u00dfer und S\u00e4gef\u00fchrung  QUICK MARKING: Hohe Arbeitsgeschwindigkeit beim Anrei\u00dfen und Ausrichten  ANGLE FINDER: Schnelles Festlegen und \u00dcbertragen von Winkeln per 90\u00b0-Winkelskala, ideal f\u00fcr Schr\u00e4gschnitte und Gehrungen  ROOF CONSTRUCTION: Ideal f\u00fcr Zimmermannsarbeiten durch Skalen f\u00fcr die Steigung von Normalsparren (COMMON) sowie Grat- und Kehlsparren (HIP-VAL)  CENTRAL PIVOT POINT: Drehpunkt erleichtert das \u00dcbertragen und Anrei\u00dfen von Winkeln  LOCK STOP: Anschlagsklemme verhindert ein Verrutschen des Werkzeugs beim Anzeichnen  LENGTH GUIDE: Integriertes Lineal zum schnellen \u00dcbertragen von L\u00e4ngen direkt am Werkst\u00fcck  GUIDE RAIL: Praktische F\u00fchrungsleiste zum Anlegen an Kanten, optimal zum Erstellen von parallelen Markierungen  SAW GUIDE: Nutzbar als F\u00fchrungsschiene f\u00fcr S\u00e4gen bei genauen Gehrungs- und L\u00e4ngsschnitten  MARKING NOTCHES: Integrierte Kerben zum schnellen und exakten Markieren f\u00fcr L\u00e4ngsschnitte  DURAGRAV: Lasergravierte Skala auf mattem, rotem Rahmen garantiert dauerhaft gute Ablesbarkeit  ELOX SHIELD: Eloxierte Oberfl\u00e4che sch\u00fctzt vor Korrosion  CHECK GAUGE: Verwendung als Lehre f\u00fcr einfaches Kontrollieren an einem vorhandenen Anri\u00df oder Schneidkante  DURASTRONG CONSTRUCTION: Gefertigt aus hochwertiger Aluminiumlegierung, langlebig und bruchresistent  SMART STORAGE: Einfaches Aufh\u00e4ngen bei Nichtgebrauch\" \/>\n<meta property=\"og:url\" content=\"https:\/\/4k5tools.com\/fr\/produkte\/neuheiten\/messzeuge-neuheiten\/sq-300\/\" \/>\n<meta property=\"og:site_name\" content=\"4K5 BETTER EQUIPMENT\" \/>\n<meta property=\"article:modified_time\" content=\"2026-03-04T07:14:29+00:00\" \/>\n<meta property=\"og:image\" content=\"https:\/\/4k5tools.com\/wp-content\/uploads\/2025\/06\/601.300A_10_Zimmermannswinkel.webp\" \/>\n\t<meta property=\"og:image:width\" content=\"1300\" \/>\n\t<meta property=\"og:image:height\" content=\"1300\" \/>\n\t<meta property=\"og:image:type\" content=\"image\/webp\" \/>\n<meta name=\"twitter:card\" content=\"summary_large_image\" \/>\n<meta name=\"twitter:label1\" content=\"Dur\u00e9e de lecture estim\u00e9e\" \/>\n\t<meta name=\"twitter:data1\" content=\"2 minutes\" \/>\n<script type=\"application\/ld+json\" class=\"yoast-schema-graph\">{\"@context\":\"https:\\\/\\\/schema.org\",\"@graph\":[{\"@type\":\"WebPage\",\"@id\":\"https:\\\/\\\/4k5tools.com\\\/produkte\\\/neuheiten\\\/messzeuge-neuheiten\\\/sq-300\\\/\",\"url\":\"https:\\\/\\\/4k5tools.com\\\/produkte\\\/neuheiten\\\/messzeuge-neuheiten\\\/sq-300\\\/\",\"name\":\"SQ 300 - 4K5 BETTER EQUIPMENT\",\"isPartOf\":{\"@id\":\"https:\\\/\\\/4k5tools.com\\\/#website\"},\"primaryImageOfPage\":{\"@id\":\"https:\\\/\\\/4k5tools.com\\\/produkte\\\/neuheiten\\\/messzeuge-neuheiten\\\/sq-300\\\/#primaryimage\"},\"image\":{\"@id\":\"https:\\\/\\\/4k5tools.com\\\/produkte\\\/neuheiten\\\/messzeuge-neuheiten\\\/sq-300\\\/#primaryimage\"},\"thumbnailUrl\":\"https:\\\/\\\/4k5tools.com\\\/wp-content\\\/uploads\\\/2025\\\/06\\\/601.300A_10_Zimmermannswinkel.webp\",\"datePublished\":\"2025-06-26T05:58:11+00:00\",\"dateModified\":\"2026-03-04T07:14:29+00:00\",\"breadcrumb\":{\"@id\":\"https:\\\/\\\/4k5tools.com\\\/produkte\\\/neuheiten\\\/messzeuge-neuheiten\\\/sq-300\\\/#breadcrumb\"},\"inLanguage\":\"fr-FR\",\"potentialAction\":[{\"@type\":\"ReadAction\",\"target\":[\"https:\\\/\\\/4k5tools.com\\\/produkte\\\/neuheiten\\\/messzeuge-neuheiten\\\/sq-300\\\/\"]}]},{\"@type\":\"ImageObject\",\"inLanguage\":\"fr-FR\",\"@id\":\"https:\\\/\\\/4k5tools.com\\\/produkte\\\/neuheiten\\\/messzeuge-neuheiten\\\/sq-300\\\/#primaryimage\",\"url\":\"https:\\\/\\\/4k5tools.com\\\/wp-content\\\/uploads\\\/2025\\\/06\\\/601.300A_10_Zimmermannswinkel.webp\",\"contentUrl\":\"https:\\\/\\\/4k5tools.com\\\/wp-content\\\/uploads\\\/2025\\\/06\\\/601.300A_10_Zimmermannswinkel.webp\",\"width\":1300,\"height\":1300,\"caption\":\"Zimmermannswinkel 601.300A SQ 300\"},{\"@type\":\"BreadcrumbList\",\"@id\":\"https:\\\/\\\/4k5tools.com\\\/produkte\\\/neuheiten\\\/messzeuge-neuheiten\\\/sq-300\\\/#breadcrumb\",\"itemListElement\":[{\"@type\":\"ListItem\",\"position\":1,\"name\":\"START\",\"item\":\"https:\\\/\\\/4k5tools.com\\\/\"},{\"@type\":\"ListItem\",\"position\":2,\"name\":\"PRODUKTE\",\"item\":\"https:\\\/\\\/4k5tools.com\\\/shop\\\/\"},{\"@type\":\"ListItem\",\"position\":3,\"name\":\"MESSZEUGE\",\"item\":\"https:\\\/\\\/4k5tools.com\\\/produkt-kategorie\\\/messzeuge\\\/\"},{\"@type\":\"ListItem\",\"position\":4,\"name\":\"ZIMMERMANNSWINKEL\",\"item\":\"https:\\\/\\\/4k5tools.com\\\/produkt-kategorie\\\/messzeuge\\\/zimmermannswinkel\\\/\"},{\"@type\":\"ListItem\",\"position\":5,\"name\":\"SQ 300\"}]},{\"@type\":\"WebSite\",\"@id\":\"https:\\\/\\\/4k5tools.com\\\/#website\",\"url\":\"https:\\\/\\\/4k5tools.com\\\/\",\"name\":\"4K5 BETTER EQUIPMENT\",\"description\":\"\",\"publisher\":{\"@id\":\"https:\\\/\\\/4k5tools.com\\\/#organization\"},\"potentialAction\":[{\"@type\":\"SearchAction\",\"target\":{\"@type\":\"EntryPoint\",\"urlTemplate\":\"https:\\\/\\\/4k5tools.com\\\/?s={search_term_string}\"},\"query-input\":{\"@type\":\"PropertyValueSpecification\",\"valueRequired\":true,\"valueName\":\"search_term_string\"}}],\"inLanguage\":\"fr-FR\"},{\"@type\":\"Organization\",\"@id\":\"https:\\\/\\\/4k5tools.com\\\/#organization\",\"name\":\"4K5 BETTER EQUIPMENT\",\"url\":\"https:\\\/\\\/4k5tools.com\\\/\",\"logo\":{\"@type\":\"ImageObject\",\"inLanguage\":\"fr-FR\",\"@id\":\"https:\\\/\\\/4k5tools.com\\\/#\\\/schema\\\/logo\\\/image\\\/\",\"url\":\"https:\\\/\\\/4k5tools.com\\\/wp-content\\\/uploads\\\/2022\\\/04\\\/4K5_Better-Equipment.webp\",\"contentUrl\":\"https:\\\/\\\/4k5tools.com\\\/wp-content\\\/uploads\\\/2022\\\/04\\\/4K5_Better-Equipment.webp\",\"width\":550,\"height\":200,\"caption\":\"4K5 BETTER EQUIPMENT\"},\"image\":{\"@id\":\"https:\\\/\\\/4k5tools.com\\\/#\\\/schema\\\/logo\\\/image\\\/\"}}]}<\/script>\n<!-- \/ Yoast SEO plugin. -->","yoast_head_json":{"title":"SQ 300 - 4K5 BETTER EQUIPMENT","robots":{"index":"index","follow":"follow","max-snippet":"max-snippet:-1","max-image-preview":"max-image-preview:large","max-video-preview":"max-video-preview:-1"},"canonical":"https:\/\/4k5tools.com\/fr\/produkte\/neuheiten\/messzeuge-neuheiten\/sq-300\/","og_locale":"fr_FR","og_type":"article","og_title":"SQ 300 - 4K5 BETTER EQUIPMENT","og_description":"Vielseitiger Zimmermannswinkel (300 mm) f\u00fcr gr\u00f6\u00dfere Werkst\u00fccke zum schnellen Ausrichten und Anrei\u00dfen bei Bau- und Holzarbeiten   HEAVY DUTY: Perfekt f\u00fcr gr\u00f6\u00dfere Werkst\u00fccke  MULTI USE: Einsetzbar zum \u00dcbertragen von Winkeln, als Lineal, Gehrungshilfe, Linienanrei\u00dfer und S\u00e4gef\u00fchrung  QUICK MARKING: Hohe Arbeitsgeschwindigkeit beim Anrei\u00dfen und Ausrichten  ANGLE FINDER: Schnelles Festlegen und \u00dcbertragen von Winkeln per 90\u00b0-Winkelskala, ideal f\u00fcr Schr\u00e4gschnitte und Gehrungen  ROOF CONSTRUCTION: Ideal f\u00fcr Zimmermannsarbeiten durch Skalen f\u00fcr die Steigung von Normalsparren (COMMON) sowie Grat- und Kehlsparren (HIP-VAL)  CENTRAL PIVOT POINT: Drehpunkt erleichtert das \u00dcbertragen und Anrei\u00dfen von Winkeln  LOCK STOP: Anschlagsklemme verhindert ein Verrutschen des Werkzeugs beim Anzeichnen  LENGTH GUIDE: Integriertes Lineal zum schnellen \u00dcbertragen von L\u00e4ngen direkt am Werkst\u00fcck  GUIDE RAIL: Praktische F\u00fchrungsleiste zum Anlegen an Kanten, optimal zum Erstellen von parallelen Markierungen  SAW GUIDE: Nutzbar als F\u00fchrungsschiene f\u00fcr S\u00e4gen bei genauen Gehrungs- und L\u00e4ngsschnitten  MARKING NOTCHES: Integrierte Kerben zum schnellen und exakten Markieren f\u00fcr L\u00e4ngsschnitte  DURAGRAV: Lasergravierte Skala auf mattem, rotem Rahmen garantiert dauerhaft gute Ablesbarkeit  ELOX SHIELD: Eloxierte Oberfl\u00e4che sch\u00fctzt vor Korrosion  CHECK GAUGE: Verwendung als Lehre f\u00fcr einfaches Kontrollieren an einem vorhandenen Anri\u00df oder Schneidkante  DURASTRONG CONSTRUCTION: Gefertigt aus hochwertiger Aluminiumlegierung, langlebig und bruchresistent  SMART STORAGE: Einfaches Aufh\u00e4ngen bei Nichtgebrauch","og_url":"https:\/\/4k5tools.com\/fr\/produkte\/neuheiten\/messzeuge-neuheiten\/sq-300\/","og_site_name":"4K5 BETTER EQUIPMENT","article_modified_time":"2026-03-04T07:14:29+00:00","og_image":[{"width":1300,"height":1300,"url":"https:\/\/4k5tools.com\/wp-content\/uploads\/2025\/06\/601.300A_10_Zimmermannswinkel.webp","type":"image\/webp"}],"twitter_card":"summary_large_image","twitter_misc":{"Dur\u00e9e de lecture estim\u00e9e":"2 minutes"},"schema":{"@context":"https:\/\/schema.org","@graph":[{"@type":"WebPage","@id":"https:\/\/4k5tools.com\/produkte\/neuheiten\/messzeuge-neuheiten\/sq-300\/","url":"https:\/\/4k5tools.com\/produkte\/neuheiten\/messzeuge-neuheiten\/sq-300\/","name":"SQ 300 - 4K5 BETTER EQUIPMENT","isPartOf":{"@id":"https:\/\/4k5tools.com\/#website"},"primaryImageOfPage":{"@id":"https:\/\/4k5tools.com\/produkte\/neuheiten\/messzeuge-neuheiten\/sq-300\/#primaryimage"},"image":{"@id":"https:\/\/4k5tools.com\/produkte\/neuheiten\/messzeuge-neuheiten\/sq-300\/#primaryimage"},"thumbnailUrl":"https:\/\/4k5tools.com\/wp-content\/uploads\/2025\/06\/601.300A_10_Zimmermannswinkel.webp","datePublished":"2025-06-26T05:58:11+00:00","dateModified":"2026-03-04T07:14:29+00:00","breadcrumb":{"@id":"https:\/\/4k5tools.com\/produkte\/neuheiten\/messzeuge-neuheiten\/sq-300\/#breadcrumb"},"inLanguage":"fr-FR","potentialAction":[{"@type":"ReadAction","target":["https:\/\/4k5tools.com\/produkte\/neuheiten\/messzeuge-neuheiten\/sq-300\/"]}]},{"@type":"ImageObject","inLanguage":"fr-FR","@id":"https:\/\/4k5tools.com\/produkte\/neuheiten\/messzeuge-neuheiten\/sq-300\/#primaryimage","url":"https:\/\/4k5tools.com\/wp-content\/uploads\/2025\/06\/601.300A_10_Zimmermannswinkel.webp","contentUrl":"https:\/\/4k5tools.com\/wp-content\/uploads\/2025\/06\/601.300A_10_Zimmermannswinkel.webp","width":1300,"height":1300,"caption":"Zimmermannswinkel 601.300A SQ 300"},{"@type":"BreadcrumbList","@id":"https:\/\/4k5tools.com\/produkte\/neuheiten\/messzeuge-neuheiten\/sq-300\/#breadcrumb","itemListElement":[{"@type":"ListItem","position":1,"name":"START","item":"https:\/\/4k5tools.com\/"},{"@type":"ListItem","position":2,"name":"PRODUKTE","item":"https:\/\/4k5tools.com\/shop\/"},{"@type":"ListItem","position":3,"name":"MESSZEUGE","item":"https:\/\/4k5tools.com\/produkt-kategorie\/messzeuge\/"},{"@type":"ListItem","position":4,"name":"ZIMMERMANNSWINKEL","item":"https:\/\/4k5tools.com\/produkt-kategorie\/messzeuge\/zimmermannswinkel\/"},{"@type":"ListItem","position":5,"name":"SQ 300"}]},{"@type":"WebSite","@id":"https:\/\/4k5tools.com\/#website","url":"https:\/\/4k5tools.com\/","name":"4K5 BETTER EQUIPMENT","description":"","publisher":{"@id":"https:\/\/4k5tools.com\/#organization"},"potentialAction":[{"@type":"SearchAction","target":{"@type":"EntryPoint","urlTemplate":"https:\/\/4k5tools.com\/?s={search_term_string}"},"query-input":{"@type":"PropertyValueSpecification","valueRequired":true,"valueName":"search_term_string"}}],"inLanguage":"fr-FR"},{"@type":"Organization","@id":"https:\/\/4k5tools.com\/#organization","name":"4K5 BETTER EQUIPMENT","url":"https:\/\/4k5tools.com\/","logo":{"@type":"ImageObject","inLanguage":"fr-FR","@id":"https:\/\/4k5tools.com\/#\/schema\/logo\/image\/","url":"https:\/\/4k5tools.com\/wp-content\/uploads\/2022\/04\/4K5_Better-Equipment.webp","contentUrl":"https:\/\/4k5tools.com\/wp-content\/uploads\/2022\/04\/4K5_Better-Equipment.webp","width":550,"height":200,"caption":"4K5 BETTER EQUIPMENT"},"image":{"@id":"https:\/\/4k5tools.com\/#\/schema\/logo\/image\/"}}]}},"_links":{"self":[{"href":"https:\/\/4k5tools.com\/fr\/wp-json\/wp\/v2\/product\/5383","targetHints":{"allow":["GET"]}}],"collection":[{"href":"https:\/\/4k5tools.com\/fr\/wp-json\/wp\/v2\/product"}],"about":[{"href":"https:\/\/4k5tools.com\/fr\/wp-json\/wp\/v2\/types\/product"}],"wp:featuredmedia":[{"embeddable":true,"href":"https:\/\/4k5tools.com\/fr\/wp-json\/wp\/v2\/media\/5389"}],"wp:attachment":[{"href":"https:\/\/4k5tools.com\/fr\/wp-json\/wp\/v2\/media?parent=5383"}],"wp:term":[{"taxonomy":"product_brand","embeddable":true,"href":"https:\/\/4k5tools.com\/fr\/wp-json\/wp\/v2\/product_brand?post=5383"},{"taxonomy":"product_cat","embeddable":true,"href":"https:\/\/4k5tools.com\/fr\/wp-json\/wp\/v2\/product_cat?post=5383"},{"taxonomy":"product_tag","embeddable":true,"href":"https:\/\/4k5tools.com\/fr\/wp-json\/wp\/v2\/product_tag?post=5383"}],"curies":[{"name":"wp","href":"https:\/\/api.w.org\/{rel}","templated":true}]}}