{"id":1194,"date":"2021-12-21T09:02:19","date_gmt":"2021-12-21T08:02:19","guid":{"rendered":"https:\/\/4k5tools.com\/produkt\/hd-1500-heavyduty-light\/"},"modified":"2025-01-29T08:20:13","modified_gmt":"2025-01-29T07:20:13","slug":"hd-1500-heavyduty-light","status":"publish","type":"product","link":"https:\/\/4k5tools.com\/it\/produkte\/lampen\/arbeitslampen\/hd-1500-heavyduty-light\/","title":{"rendered":"HD 1500"},"content":{"rendered":"<p>Il proiettore da cantiere a LED resistente agli spruzzi \u00e8 dotato di luce a fascio largo e luce a fascio stretto a regolazione continua. La luce a fascio largo gi\u00e0 con angolo ampio pu\u00f2 essere trasformata in una luce su ampia area tramite diffusore. Con il supporto multifunzione ruotabile di 360\u00b0 e inclinabile di 180\u00b0 il faretto si pu\u00f2 posizionare, appendere, fissare su superfici metalliche e avvitare su treppiedi. Un clip con molla serve al sicuro fissaggio su aste e la tacca per appendere a teste di chiodo. L\u2019Object Sensor System (OSS) per la rilevazione di ostacoli incrementa la sicurezza degli utenti. Lo Human Body Sensor (HBS) inseribile registra, se le persone si sono allontanate per un po\u2019 di tempo dal faretto e permette un efficace risparmio di energia. Una spia LCD ben visibile informa sullo stato di carica della batteria e sullo stato di HBS. Al buio il faretto \u00e8 sempre ben riconoscibile sulla base del riflettore delle luci a fluorescenza.<\/p>","protected":false},"excerpt":{"rendered":"<p>Proiettore da cantiere a LED resistente agli schizzi, con luce a fascio stretto e largo a regolazione continua e tante opzioni di fissaggio<\/p>\n<ul title=\"\">\n<li title=\"\"><span title=\"\">Illuminazione efficace con luce a fascio largo a regolazione continua da 1500 lumen e luce a fascio stretto da 500 lumen <\/span><\/li>\n<li title=\"\"><span title=\"\">Diffusore per regolare la luce su un\u2019ampia area <\/span><\/li>\n<li title=\"\"><span title=\"\">Tante opzioni di fissaggio: con gancio, magnete, supporto e attacco per cavalletto<\/span><\/li>\n<li title=\"\"><span title=\"\">Si posiziona perfettamente tramite rotazione del supporto multifunzione di 360\u00b0 e inclinazione di 180\u00b0 <\/span><\/li>\n<li title=\"\"><span title=\"\">Alto livello di sicurezza grazie al sistema di rilevamento oggetti (Object Sensor System) per individuare eventuali ostacoli <\/span><\/li>\n<li title=\"\"><span title=\"\">Risparmio effettivo di corrente con sensore di presenza Human Body<\/span><\/li>\n<li title=\"\"><span title=\"\">Funzione SOS per l\u2019uso della luce a fascio largo in situazioni di emergenza <\/span><\/li>\n<li title=\"\"><span title=\"\">Si individua facilmente al buio grazie al riflettore delle luci a fluorescenza<\/span><\/li>\n<li title=\"\"><span title=\"\"> Indicazione ben visibile dello stato di carica di batteria e HBS <\/span><\/li>\n<li title=\"\"><span title=\"\">Batteria agli ioni di litio integrata<\/span><\/li>\n<\/ul>","protected":false},"featured_media":1128,"template":"","meta":{"ocean_post_layout":"","ocean_both_sidebars_style":"","ocean_both_sidebars_content_width":0,"ocean_both_sidebars_sidebars_width":0,"ocean_sidebar":"0","ocean_second_sidebar":"0","ocean_disable_margins":"enable","ocean_add_body_class":"","ocean_shortcode_before_top_bar":"","ocean_shortcode_after_top_bar":"","ocean_shortcode_before_header":"","ocean_shortcode_after_header":"","ocean_has_shortcode":"","ocean_shortcode_after_title":"","ocean_shortcode_before_footer_widgets":"","ocean_shortcode_after_footer_widgets":"","ocean_shortcode_before_footer_bottom":"","ocean_shortcode_after_footer_bottom":"","ocean_display_top_bar":"default","ocean_display_header":"default","ocean_header_style":"","ocean_center_header_left_menu":"0","ocean_custom_header_template":"0","ocean_custom_logo":0,"ocean_custom_retina_logo":0,"ocean_custom_logo_max_width":0,"ocean_custom_logo_tablet_max_width":0,"ocean_custom_logo_mobile_max_width":0,"ocean_custom_logo_max_height":0,"ocean_custom_logo_tablet_max_height":0,"ocean_custom_logo_mobile_max_height":0,"ocean_header_custom_menu":"0","ocean_menu_typo_font_family":"0","ocean_menu_typo_font_subset":"","ocean_menu_typo_font_size":0,"ocean_menu_typo_font_size_tablet":0,"ocean_menu_typo_font_size_mobile":0,"ocean_menu_typo_font_size_unit":"px","ocean_menu_typo_font_weight":"","ocean_menu_typo_font_weight_tablet":"","ocean_menu_typo_font_weight_mobile":"","ocean_menu_typo_transform":"","ocean_menu_typo_transform_tablet":"","ocean_menu_typo_transform_mobile":"","ocean_menu_typo_line_height":0,"ocean_menu_typo_line_height_tablet":0,"ocean_menu_typo_line_height_mobile":0,"ocean_menu_typo_line_height_unit":"","ocean_menu_typo_spacing":0,"ocean_menu_typo_spacing_tablet":0,"ocean_menu_typo_spacing_mobile":0,"ocean_menu_typo_spacing_unit":"","ocean_menu_link_color":"","ocean_menu_link_color_hover":"","ocean_menu_link_color_active":"","ocean_menu_link_background":"","ocean_menu_link_hover_background":"","ocean_menu_link_active_background":"","ocean_menu_social_links_bg":"","ocean_menu_social_hover_links_bg":"","ocean_menu_social_links_color":"","ocean_menu_social_hover_links_color":"","ocean_disable_title":"default","ocean_disable_heading":"default","ocean_post_title":"","ocean_post_subheading":"","ocean_post_title_style":"","ocean_post_title_background_color":"","ocean_post_title_background":0,"ocean_post_title_bg_image_position":"","ocean_post_title_bg_image_attachment":"","ocean_post_title_bg_image_repeat":"","ocean_post_title_bg_image_size":"","ocean_post_title_height":0,"ocean_post_title_bg_overlay":0.5,"ocean_post_title_bg_overlay_color":"","ocean_disable_breadcrumbs":"default","ocean_breadcrumbs_color":"","ocean_breadcrumbs_separator_color":"","ocean_breadcrumbs_links_color":"","ocean_breadcrumbs_links_hover_color":"","ocean_display_footer_widgets":"default","ocean_display_footer_bottom":"default","ocean_custom_footer_template":"0"},"product_brand":[],"product_cat":[36,35],"product_tag":[],"class_list":{"0":"post-1194","1":"product","2":"type-product","3":"status-publish","4":"has-post-thumbnail","6":"product_cat-arbeitslampen","7":"product_cat-lampen","9":"entry","10":"has-media","12":"first","13":"instock","14":"shipping-taxable","15":"product-type-simple","16":"has-product-nav","17":"col","18":"span_1_of_3","19":"owp-content-center","20":"owp-thumbs-layout-horizontal","21":"owp-btn-normal","22":"owp-tabs-layout-horizontal"},"yoast_head":"<!-- This site is optimized with the Yoast SEO plugin v27.3 - https:\/\/yoast.com\/product\/yoast-seo-wordpress\/ -->\n<title>HD 1500 - 4K5 BETTER EQUIPMENT<\/title>\n<meta name=\"robots\" content=\"index, follow, max-snippet:-1, max-image-preview:large, max-video-preview:-1\" \/>\n<link rel=\"canonical\" href=\"https:\/\/4k5tools.com\/it\/produkte\/lampen\/arbeitslampen\/hd-1500-heavyduty-light\/\" \/>\n<meta property=\"og:locale\" content=\"it_IT\" \/>\n<meta property=\"og:type\" content=\"article\" \/>\n<meta property=\"og:title\" content=\"HD 1500 - 4K5 BETTER EQUIPMENT\" \/>\n<meta property=\"og:description\" content=\"Spritzwassergesch\u00fctzter LED-Baustrahler mit stufenlos einstellbarem Spotlicht und Flutlicht sowie umfangreichen Befestigungsm\u00f6glichkeiten   Effektives Ausleuchten durch stufenlos dimmbares Flutlicht mit 1500 Lumen und Spotlicht mit 500 Lumen   Diffusor zum Einstellen eines fl\u00e4chendeckenden Lichts   Umfangreiche Befestigungsm\u00f6glichkeiten per Haken, Magnet, St\u00e4nder und Stativanschluss  Perfektes Positionieren durch Drehen der Multifunktionshalterung um 360\u00b0 und Neigen um 180\u00b0   Hohe Sicherheit durch Object Sensor System zur Erfassung von Hindernissen   Effektives Sparen von Strom mit Human Body Sensor  SOS-Funktion zur Nutzung des Flutlichts in Notsituationen   Problemloses Erkennen im Dunkeln durch Fluoreszenzreflektor   Gut sichtbare Anzeige von Akku- Ladestatus und HBS-Status   Integrierter Lithium-Ionen-Akku\" \/>\n<meta property=\"og:url\" content=\"https:\/\/4k5tools.com\/it\/produkte\/lampen\/arbeitslampen\/hd-1500-heavyduty-light\/\" \/>\n<meta property=\"og:site_name\" content=\"4K5 BETTER EQUIPMENT\" \/>\n<meta property=\"article:modified_time\" content=\"2025-01-29T07:20:13+00:00\" \/>\n<meta property=\"og:image\" content=\"https:\/\/4k5tools.com\/wp-content\/uploads\/2021\/12\/602.401A_10_20.webp\" \/>\n\t<meta property=\"og:image:width\" content=\"1300\" \/>\n\t<meta property=\"og:image:height\" content=\"1300\" \/>\n\t<meta property=\"og:image:type\" content=\"image\/webp\" \/>\n<meta name=\"twitter:card\" content=\"summary_large_image\" \/>\n<meta name=\"twitter:label1\" content=\"Tempo di lettura stimato\" \/>\n\t<meta name=\"twitter:data1\" content=\"1 minuto\" \/>\n<script type=\"application\/ld+json\" class=\"yoast-schema-graph\">{\"@context\":\"https:\\\/\\\/schema.org\",\"@graph\":[{\"@type\":\"WebPage\",\"@id\":\"https:\\\/\\\/4k5tools.com\\\/produkte\\\/lampen\\\/arbeitslampen\\\/hd-1500-heavyduty-light\\\/\",\"url\":\"https:\\\/\\\/4k5tools.com\\\/produkte\\\/lampen\\\/arbeitslampen\\\/hd-1500-heavyduty-light\\\/\",\"name\":\"HD 1500 - 4K5 BETTER EQUIPMENT\",\"isPartOf\":{\"@id\":\"https:\\\/\\\/4k5tools.com\\\/#website\"},\"primaryImageOfPage\":{\"@id\":\"https:\\\/\\\/4k5tools.com\\\/produkte\\\/lampen\\\/arbeitslampen\\\/hd-1500-heavyduty-light\\\/#primaryimage\"},\"image\":{\"@id\":\"https:\\\/\\\/4k5tools.com\\\/produkte\\\/lampen\\\/arbeitslampen\\\/hd-1500-heavyduty-light\\\/#primaryimage\"},\"thumbnailUrl\":\"https:\\\/\\\/4k5tools.com\\\/wp-content\\\/uploads\\\/2021\\\/12\\\/602.401A_10_20.webp\",\"datePublished\":\"2021-12-21T08:02:19+00:00\",\"dateModified\":\"2025-01-29T07:20:13+00:00\",\"breadcrumb\":{\"@id\":\"https:\\\/\\\/4k5tools.com\\\/produkte\\\/lampen\\\/arbeitslampen\\\/hd-1500-heavyduty-light\\\/#breadcrumb\"},\"inLanguage\":\"it-IT\",\"potentialAction\":[{\"@type\":\"ReadAction\",\"target\":[\"https:\\\/\\\/4k5tools.com\\\/produkte\\\/lampen\\\/arbeitslampen\\\/hd-1500-heavyduty-light\\\/\"]}]},{\"@type\":\"ImageObject\",\"inLanguage\":\"it-IT\",\"@id\":\"https:\\\/\\\/4k5tools.com\\\/produkte\\\/lampen\\\/arbeitslampen\\\/hd-1500-heavyduty-light\\\/#primaryimage\",\"url\":\"https:\\\/\\\/4k5tools.com\\\/wp-content\\\/uploads\\\/2021\\\/12\\\/602.401A_10_20.webp\",\"contentUrl\":\"https:\\\/\\\/4k5tools.com\\\/wp-content\\\/uploads\\\/2021\\\/12\\\/602.401A_10_20.webp\",\"width\":1300,\"height\":1300,\"caption\":\"Baustrahler 602.401A HD 1500 HeavyDuty Light\"},{\"@type\":\"BreadcrumbList\",\"@id\":\"https:\\\/\\\/4k5tools.com\\\/produkte\\\/lampen\\\/arbeitslampen\\\/hd-1500-heavyduty-light\\\/#breadcrumb\",\"itemListElement\":[{\"@type\":\"ListItem\",\"position\":1,\"name\":\"START\",\"item\":\"https:\\\/\\\/4k5tools.com\\\/\"},{\"@type\":\"ListItem\",\"position\":2,\"name\":\"PRODUKTE\",\"item\":\"https:\\\/\\\/4k5tools.com\\\/shop\\\/\"},{\"@type\":\"ListItem\",\"position\":3,\"name\":\"LAMPEN\",\"item\":\"https:\\\/\\\/4k5tools.com\\\/produkt-kategorie\\\/lampen\\\/\"},{\"@type\":\"ListItem\",\"position\":4,\"name\":\"ARBEITSLAMPEN\",\"item\":\"https:\\\/\\\/4k5tools.com\\\/produkt-kategorie\\\/lampen\\\/arbeitslampen\\\/\"},{\"@type\":\"ListItem\",\"position\":5,\"name\":\"HD 1500\"}]},{\"@type\":\"WebSite\",\"@id\":\"https:\\\/\\\/4k5tools.com\\\/#website\",\"url\":\"https:\\\/\\\/4k5tools.com\\\/\",\"name\":\"4K5 BETTER EQUIPMENT\",\"description\":\"\",\"publisher\":{\"@id\":\"https:\\\/\\\/4k5tools.com\\\/#organization\"},\"potentialAction\":[{\"@type\":\"SearchAction\",\"target\":{\"@type\":\"EntryPoint\",\"urlTemplate\":\"https:\\\/\\\/4k5tools.com\\\/?s={search_term_string}\"},\"query-input\":{\"@type\":\"PropertyValueSpecification\",\"valueRequired\":true,\"valueName\":\"search_term_string\"}}],\"inLanguage\":\"it-IT\"},{\"@type\":\"Organization\",\"@id\":\"https:\\\/\\\/4k5tools.com\\\/#organization\",\"name\":\"4K5 BETTER EQUIPMENT\",\"url\":\"https:\\\/\\\/4k5tools.com\\\/\",\"logo\":{\"@type\":\"ImageObject\",\"inLanguage\":\"it-IT\",\"@id\":\"https:\\\/\\\/4k5tools.com\\\/#\\\/schema\\\/logo\\\/image\\\/\",\"url\":\"https:\\\/\\\/4k5tools.com\\\/wp-content\\\/uploads\\\/2022\\\/04\\\/4K5_Better-Equipment.webp\",\"contentUrl\":\"https:\\\/\\\/4k5tools.com\\\/wp-content\\\/uploads\\\/2022\\\/04\\\/4K5_Better-Equipment.webp\",\"width\":550,\"height\":200,\"caption\":\"4K5 BETTER EQUIPMENT\"},\"image\":{\"@id\":\"https:\\\/\\\/4k5tools.com\\\/#\\\/schema\\\/logo\\\/image\\\/\"}}]}<\/script>\n<!-- \/ Yoast SEO plugin. -->","yoast_head_json":{"title":"HD 1500 - 4K5 BETTER EQUIPMENT","robots":{"index":"index","follow":"follow","max-snippet":"max-snippet:-1","max-image-preview":"max-image-preview:large","max-video-preview":"max-video-preview:-1"},"canonical":"https:\/\/4k5tools.com\/it\/produkte\/lampen\/arbeitslampen\/hd-1500-heavyduty-light\/","og_locale":"it_IT","og_type":"article","og_title":"HD 1500 - 4K5 BETTER EQUIPMENT","og_description":"Spritzwassergesch\u00fctzter LED-Baustrahler mit stufenlos einstellbarem Spotlicht und Flutlicht sowie umfangreichen Befestigungsm\u00f6glichkeiten   Effektives Ausleuchten durch stufenlos dimmbares Flutlicht mit 1500 Lumen und Spotlicht mit 500 Lumen   Diffusor zum Einstellen eines fl\u00e4chendeckenden Lichts   Umfangreiche Befestigungsm\u00f6glichkeiten per Haken, Magnet, St\u00e4nder und Stativanschluss  Perfektes Positionieren durch Drehen der Multifunktionshalterung um 360\u00b0 und Neigen um 180\u00b0   Hohe Sicherheit durch Object Sensor System zur Erfassung von Hindernissen   Effektives Sparen von Strom mit Human Body Sensor  SOS-Funktion zur Nutzung des Flutlichts in Notsituationen   Problemloses Erkennen im Dunkeln durch Fluoreszenzreflektor   Gut sichtbare Anzeige von Akku- Ladestatus und HBS-Status   Integrierter Lithium-Ionen-Akku","og_url":"https:\/\/4k5tools.com\/it\/produkte\/lampen\/arbeitslampen\/hd-1500-heavyduty-light\/","og_site_name":"4K5 BETTER EQUIPMENT","article_modified_time":"2025-01-29T07:20:13+00:00","og_image":[{"width":1300,"height":1300,"url":"https:\/\/4k5tools.com\/wp-content\/uploads\/2021\/12\/602.401A_10_20.webp","type":"image\/webp"}],"twitter_card":"summary_large_image","twitter_misc":{"Tempo di lettura stimato":"1 minuto"},"schema":{"@context":"https:\/\/schema.org","@graph":[{"@type":"WebPage","@id":"https:\/\/4k5tools.com\/produkte\/lampen\/arbeitslampen\/hd-1500-heavyduty-light\/","url":"https:\/\/4k5tools.com\/produkte\/lampen\/arbeitslampen\/hd-1500-heavyduty-light\/","name":"HD 1500 - 4K5 BETTER EQUIPMENT","isPartOf":{"@id":"https:\/\/4k5tools.com\/#website"},"primaryImageOfPage":{"@id":"https:\/\/4k5tools.com\/produkte\/lampen\/arbeitslampen\/hd-1500-heavyduty-light\/#primaryimage"},"image":{"@id":"https:\/\/4k5tools.com\/produkte\/lampen\/arbeitslampen\/hd-1500-heavyduty-light\/#primaryimage"},"thumbnailUrl":"https:\/\/4k5tools.com\/wp-content\/uploads\/2021\/12\/602.401A_10_20.webp","datePublished":"2021-12-21T08:02:19+00:00","dateModified":"2025-01-29T07:20:13+00:00","breadcrumb":{"@id":"https:\/\/4k5tools.com\/produkte\/lampen\/arbeitslampen\/hd-1500-heavyduty-light\/#breadcrumb"},"inLanguage":"it-IT","potentialAction":[{"@type":"ReadAction","target":["https:\/\/4k5tools.com\/produkte\/lampen\/arbeitslampen\/hd-1500-heavyduty-light\/"]}]},{"@type":"ImageObject","inLanguage":"it-IT","@id":"https:\/\/4k5tools.com\/produkte\/lampen\/arbeitslampen\/hd-1500-heavyduty-light\/#primaryimage","url":"https:\/\/4k5tools.com\/wp-content\/uploads\/2021\/12\/602.401A_10_20.webp","contentUrl":"https:\/\/4k5tools.com\/wp-content\/uploads\/2021\/12\/602.401A_10_20.webp","width":1300,"height":1300,"caption":"Baustrahler 602.401A HD 1500 HeavyDuty Light"},{"@type":"BreadcrumbList","@id":"https:\/\/4k5tools.com\/produkte\/lampen\/arbeitslampen\/hd-1500-heavyduty-light\/#breadcrumb","itemListElement":[{"@type":"ListItem","position":1,"name":"START","item":"https:\/\/4k5tools.com\/"},{"@type":"ListItem","position":2,"name":"PRODUKTE","item":"https:\/\/4k5tools.com\/shop\/"},{"@type":"ListItem","position":3,"name":"LAMPEN","item":"https:\/\/4k5tools.com\/produkt-kategorie\/lampen\/"},{"@type":"ListItem","position":4,"name":"ARBEITSLAMPEN","item":"https:\/\/4k5tools.com\/produkt-kategorie\/lampen\/arbeitslampen\/"},{"@type":"ListItem","position":5,"name":"HD 1500"}]},{"@type":"WebSite","@id":"https:\/\/4k5tools.com\/#website","url":"https:\/\/4k5tools.com\/","name":"4K5 BETTER EQUIPMENT","description":"","publisher":{"@id":"https:\/\/4k5tools.com\/#organization"},"potentialAction":[{"@type":"SearchAction","target":{"@type":"EntryPoint","urlTemplate":"https:\/\/4k5tools.com\/?s={search_term_string}"},"query-input":{"@type":"PropertyValueSpecification","valueRequired":true,"valueName":"search_term_string"}}],"inLanguage":"it-IT"},{"@type":"Organization","@id":"https:\/\/4k5tools.com\/#organization","name":"4K5 BETTER EQUIPMENT","url":"https:\/\/4k5tools.com\/","logo":{"@type":"ImageObject","inLanguage":"it-IT","@id":"https:\/\/4k5tools.com\/#\/schema\/logo\/image\/","url":"https:\/\/4k5tools.com\/wp-content\/uploads\/2022\/04\/4K5_Better-Equipment.webp","contentUrl":"https:\/\/4k5tools.com\/wp-content\/uploads\/2022\/04\/4K5_Better-Equipment.webp","width":550,"height":200,"caption":"4K5 BETTER EQUIPMENT"},"image":{"@id":"https:\/\/4k5tools.com\/#\/schema\/logo\/image\/"}}]}},"_links":{"self":[{"href":"https:\/\/4k5tools.com\/it\/wp-json\/wp\/v2\/product\/1194","targetHints":{"allow":["GET"]}}],"collection":[{"href":"https:\/\/4k5tools.com\/it\/wp-json\/wp\/v2\/product"}],"about":[{"href":"https:\/\/4k5tools.com\/it\/wp-json\/wp\/v2\/types\/product"}],"wp:featuredmedia":[{"embeddable":true,"href":"https:\/\/4k5tools.com\/it\/wp-json\/wp\/v2\/media\/1128"}],"wp:attachment":[{"href":"https:\/\/4k5tools.com\/it\/wp-json\/wp\/v2\/media?parent=1194"}],"wp:term":[{"taxonomy":"product_brand","embeddable":true,"href":"https:\/\/4k5tools.com\/it\/wp-json\/wp\/v2\/product_brand?post=1194"},{"taxonomy":"product_cat","embeddable":true,"href":"https:\/\/4k5tools.com\/it\/wp-json\/wp\/v2\/product_cat?post=1194"},{"taxonomy":"product_tag","embeddable":true,"href":"https:\/\/4k5tools.com\/it\/wp-json\/wp\/v2\/product_tag?post=1194"}],"curies":[{"name":"wp","href":"https:\/\/api.w.org\/{rel}","templated":true}]}}