{"id":4682,"date":"2024-01-26T12:12:53","date_gmt":"2024-01-26T11:12:53","guid":{"rendered":"https:\/\/4k5tools.com\/produkte\/unkategorisiert\/tks-300\/"},"modified":"2026-03-04T08:04:47","modified_gmt":"2026-03-04T07:04:47","slug":"tks-300","status":"publish","type":"product","link":"https:\/\/4k5tools.com\/it\/produkte\/messer-und-werkzeuge\/cuttermesser\/tks-300\/","title":{"rendered":"TKS 300"},"content":{"rendered":"<p>Questo robusto coltello a serramanico colpisce per la sua lama trapezoidale estremamente affilata e sostituibile, realizzata in acciaio SK 2 di alta qualit\u00e0 e durata. Le posizioni regolabili a 45\u00b0 e 90\u00b0 della lama per adattarsi a esigenze specifiche aumentano la precisione e garantiscono un buon controllo della profondit\u00e0 di taglio. L'alloggiamento in lega di alluminio, leggero e robusto, \u00e8 dotato di un appoggio per il pollice per una guida sicura durante il processo di taglio. Il blocco a pulsante mantiene in modo affidabile la lama in posizione aperta. Le lame di ricambio sono conservate nel magazzino lame integrato e possono essere sostituite rapidamente senza bisogno di attrezzi.<\/p>","protected":false},"excerpt":{"rendered":"<p>Coltello a serramanico robusto con lame trapezoidali sostituibili e portalame integrato<\/p>\n<ul title=\"\">\n<li title=\"\"><span title=\"\">Lama trapezoidale estremamente affilata e sostituibile, realizzata in acciaio SK 2 di alta qualit\u00e0 e resistenza<\/span><\/li>\n<li title=\"\"><span title=\"\">Posizioni della lama regolabili a 45\u00b0 e 90\u00b0 per soddisfare specifiche esigenze, consentire maggiore precisione e controllo della profondit\u00e0 di taglio<\/span><\/li>\n<li title=\"\"><span title=\"\">Ideale per tagliare tappeti e moquette e per aprire pacchi<\/span><\/li>\n<li title=\"\"><span title=\"\">Corpo molto robusto in lega di alluminio<\/span><\/li>\n<li title=\"\"><span title=\"\"> Portalame integrato per conservare perfettamente le lame di ricambio <\/span><\/li>\n<li title=\"\"><span title=\"\">Soporte del pulgar, para guiar la cuchilla con seguridad<\/span><\/li>\n<li title=\"\"><span title=\"\">Sistema di blocco con pulsante (button-lock) per mantenere la lama aperta<\/span><\/li>\n<li title=\"\">Taglianastri per un valido aiuto<\/li>\n<li title=\"\"><span title=\"\">Sostituzione veloce della lama, senza l\u2019uso di attrezzi<\/span><\/li>\n<li title=\"\"><span title=\"\">Si conserva facilmente nella tasca dei pantaloni grazie alle dimensioni compatte<\/span><\/li>\n<li title=\"\"><span title=\"\">Fissaggio semplice con la clip da cintura<\/span><\/li>\n<li title=\"\"><span title=\"\">Pratico occhiello integrato per laccetto di sicurezza<\/span><\/li>\n<li title=\"\"><span title=\"\">4 lame incluse nella fornitura<\/span><\/li>\n<\/ul>","protected":false},"featured_media":4727,"template":"","meta":{"ocean_post_layout":"","ocean_both_sidebars_style":"","ocean_both_sidebars_content_width":0,"ocean_both_sidebars_sidebars_width":0,"ocean_sidebar":"0","ocean_second_sidebar":"0","ocean_disable_margins":"enable","ocean_add_body_class":"","ocean_shortcode_before_top_bar":"","ocean_shortcode_after_top_bar":"","ocean_shortcode_before_header":"","ocean_shortcode_after_header":"","ocean_has_shortcode":"","ocean_shortcode_after_title":"","ocean_shortcode_before_footer_widgets":"","ocean_shortcode_after_footer_widgets":"","ocean_shortcode_before_footer_bottom":"","ocean_shortcode_after_footer_bottom":"","ocean_display_top_bar":"default","ocean_display_header":"default","ocean_header_style":"","ocean_center_header_left_menu":"0","ocean_custom_header_template":"0","ocean_custom_logo":0,"ocean_custom_retina_logo":0,"ocean_custom_logo_max_width":0,"ocean_custom_logo_tablet_max_width":0,"ocean_custom_logo_mobile_max_width":0,"ocean_custom_logo_max_height":0,"ocean_custom_logo_tablet_max_height":0,"ocean_custom_logo_mobile_max_height":0,"ocean_header_custom_menu":"0","ocean_menu_typo_font_family":"0","ocean_menu_typo_font_subset":"","ocean_menu_typo_font_size":0,"ocean_menu_typo_font_size_tablet":0,"ocean_menu_typo_font_size_mobile":0,"ocean_menu_typo_font_size_unit":"px","ocean_menu_typo_font_weight":"","ocean_menu_typo_font_weight_tablet":"","ocean_menu_typo_font_weight_mobile":"","ocean_menu_typo_transform":"","ocean_menu_typo_transform_tablet":"","ocean_menu_typo_transform_mobile":"","ocean_menu_typo_line_height":0,"ocean_menu_typo_line_height_tablet":0,"ocean_menu_typo_line_height_mobile":0,"ocean_menu_typo_line_height_unit":"","ocean_menu_typo_spacing":0,"ocean_menu_typo_spacing_tablet":0,"ocean_menu_typo_spacing_mobile":0,"ocean_menu_typo_spacing_unit":"","ocean_menu_link_color":"","ocean_menu_link_color_hover":"","ocean_menu_link_color_active":"","ocean_menu_link_background":"","ocean_menu_link_hover_background":"","ocean_menu_link_active_background":"","ocean_menu_social_links_bg":"","ocean_menu_social_hover_links_bg":"","ocean_menu_social_links_color":"","ocean_menu_social_hover_links_color":"","ocean_disable_title":"default","ocean_disable_heading":"default","ocean_post_title":"","ocean_post_subheading":"","ocean_post_title_style":"","ocean_post_title_background_color":"","ocean_post_title_background":0,"ocean_post_title_bg_image_position":"","ocean_post_title_bg_image_attachment":"","ocean_post_title_bg_image_repeat":"","ocean_post_title_bg_image_size":"","ocean_post_title_height":0,"ocean_post_title_bg_overlay":0.5,"ocean_post_title_bg_overlay_color":"","ocean_disable_breadcrumbs":"default","ocean_breadcrumbs_color":"","ocean_breadcrumbs_separator_color":"","ocean_breadcrumbs_links_color":"","ocean_breadcrumbs_links_hover_color":"","ocean_display_footer_widgets":"default","ocean_display_footer_bottom":"default","ocean_custom_footer_template":"0"},"product_brand":[],"product_cat":[52,48],"product_tag":[],"class_list":{"0":"post-4682","1":"product","2":"type-product","3":"status-publish","4":"has-post-thumbnail","6":"product_cat-cuttermesser","7":"product_cat-messer-und-werkzeuge","9":"entry","10":"has-media","12":"first","13":"instock","14":"shipping-taxable","15":"product-type-simple","16":"has-product-nav","17":"col","18":"span_1_of_3","19":"owp-content-center","20":"owp-thumbs-layout-horizontal","21":"owp-btn-normal","22":"owp-tabs-layout-horizontal"},"yoast_head":"<!-- This site is optimized with the Yoast SEO plugin v27.3 - https:\/\/yoast.com\/product\/yoast-seo-wordpress\/ -->\n<title>TKS 300 - 4K5 BETTER EQUIPMENT<\/title>\n<meta name=\"robots\" content=\"index, follow, max-snippet:-1, max-image-preview:large, max-video-preview:-1\" \/>\n<link rel=\"canonical\" href=\"https:\/\/4k5tools.com\/it\/produkte\/messer-und-werkzeuge\/cuttermesser\/tks-300\/\" \/>\n<meta property=\"og:locale\" content=\"it_IT\" \/>\n<meta property=\"og:type\" content=\"article\" \/>\n<meta property=\"og:title\" content=\"TKS 300 - 4K5 BETTER EQUIPMENT\" \/>\n<meta property=\"og:description\" content=\"Robustes Klappmesser mit austauschbaren Trapezklingen und integriertem Klingenmagazin   Enorm scharfe, austauschbare Trapezklinge aus hochwertigem und langlebigen SK 2 Stahl  Einstellbare 45\u00b0- und 90\u00b0-Positionen der Klinge zur Anpassung an spezifische Anforderungen, erh\u00f6hte Pr\u00e4zision und Kontrolle \u00fcber die Schnitttiefe  Ideal zum Schneiden von Teppichen und \u00d6ffnen von Paketen  Sehr robustes Geh\u00e4use aus Aluminium-Legierung   Optimale Aufbewahrung der Ersatzklingen im integrierten Klingenmagazin   Daumenauflage zum sicheren F\u00fchren des Messers  Button-Lock-Verriegelung h\u00e4lt die Klinge in ge\u00f6ffneter Position  Bandschneider als Helfer  Schnelles Wechseln der Klinge ohne Werkzeugeinsatz  Leicht in der Hosentasche zu verstauen durch kompakte Gr\u00f6\u00dfe  Einfache Befestigung mit G\u00fcrtelclip  Praktische eingebaute Fangriemen\u00f6se  4 Klingen im Lieferumfang enthalten\" \/>\n<meta property=\"og:url\" content=\"https:\/\/4k5tools.com\/it\/produkte\/messer-und-werkzeuge\/cuttermesser\/tks-300\/\" \/>\n<meta property=\"og:site_name\" content=\"4K5 BETTER EQUIPMENT\" \/>\n<meta property=\"article:modified_time\" content=\"2026-03-04T07:04:47+00:00\" \/>\n<meta property=\"og:image\" content=\"https:\/\/4k5tools.com\/wp-content\/uploads\/2024\/01\/600.311A_A-Messer-4K5-Ansicht.webp\" \/>\n\t<meta property=\"og:image:width\" content=\"1300\" \/>\n\t<meta property=\"og:image:height\" content=\"1300\" \/>\n\t<meta property=\"og:image:type\" content=\"image\/webp\" \/>\n<meta name=\"twitter:card\" content=\"summary_large_image\" \/>\n<meta name=\"twitter:label1\" content=\"Tempo di lettura stimato\" \/>\n\t<meta name=\"twitter:data1\" content=\"1 minuto\" \/>\n<script type=\"application\/ld+json\" class=\"yoast-schema-graph\">{\"@context\":\"https:\\\/\\\/schema.org\",\"@graph\":[{\"@type\":\"WebPage\",\"@id\":\"https:\\\/\\\/4k5tools.com\\\/produkte\\\/messer-und-werkzeuge\\\/cuttermesser\\\/tks-300\\\/\",\"url\":\"https:\\\/\\\/4k5tools.com\\\/produkte\\\/messer-und-werkzeuge\\\/cuttermesser\\\/tks-300\\\/\",\"name\":\"TKS 300 - 4K5 BETTER EQUIPMENT\",\"isPartOf\":{\"@id\":\"https:\\\/\\\/4k5tools.com\\\/#website\"},\"primaryImageOfPage\":{\"@id\":\"https:\\\/\\\/4k5tools.com\\\/produkte\\\/messer-und-werkzeuge\\\/cuttermesser\\\/tks-300\\\/#primaryimage\"},\"image\":{\"@id\":\"https:\\\/\\\/4k5tools.com\\\/produkte\\\/messer-und-werkzeuge\\\/cuttermesser\\\/tks-300\\\/#primaryimage\"},\"thumbnailUrl\":\"https:\\\/\\\/4k5tools.com\\\/wp-content\\\/uploads\\\/2024\\\/01\\\/600.311A_A-Messer-4K5-Ansicht.webp\",\"datePublished\":\"2024-01-26T11:12:53+00:00\",\"dateModified\":\"2026-03-04T07:04:47+00:00\",\"breadcrumb\":{\"@id\":\"https:\\\/\\\/4k5tools.com\\\/produkte\\\/messer-und-werkzeuge\\\/cuttermesser\\\/tks-300\\\/#breadcrumb\"},\"inLanguage\":\"it-IT\",\"potentialAction\":[{\"@type\":\"ReadAction\",\"target\":[\"https:\\\/\\\/4k5tools.com\\\/produkte\\\/messer-und-werkzeuge\\\/cuttermesser\\\/tks-300\\\/\"]}]},{\"@type\":\"ImageObject\",\"inLanguage\":\"it-IT\",\"@id\":\"https:\\\/\\\/4k5tools.com\\\/produkte\\\/messer-und-werkzeuge\\\/cuttermesser\\\/tks-300\\\/#primaryimage\",\"url\":\"https:\\\/\\\/4k5tools.com\\\/wp-content\\\/uploads\\\/2024\\\/01\\\/600.311A_A-Messer-4K5-Ansicht.webp\",\"contentUrl\":\"https:\\\/\\\/4k5tools.com\\\/wp-content\\\/uploads\\\/2024\\\/01\\\/600.311A_A-Messer-4K5-Ansicht.webp\",\"width\":1300,\"height\":1300,\"caption\":\"TKS 300 Cuttermesser\"},{\"@type\":\"BreadcrumbList\",\"@id\":\"https:\\\/\\\/4k5tools.com\\\/produkte\\\/messer-und-werkzeuge\\\/cuttermesser\\\/tks-300\\\/#breadcrumb\",\"itemListElement\":[{\"@type\":\"ListItem\",\"position\":1,\"name\":\"START\",\"item\":\"https:\\\/\\\/4k5tools.com\\\/\"},{\"@type\":\"ListItem\",\"position\":2,\"name\":\"PRODUKTE\",\"item\":\"https:\\\/\\\/4k5tools.com\\\/shop\\\/\"},{\"@type\":\"ListItem\",\"position\":3,\"name\":\"MESSER UND WERKZEUGE\",\"item\":\"https:\\\/\\\/4k5tools.com\\\/produkt-kategorie\\\/messer-und-werkzeuge\\\/\"},{\"@type\":\"ListItem\",\"position\":4,\"name\":\"CUTTERMESSER\",\"item\":\"https:\\\/\\\/4k5tools.com\\\/produkt-kategorie\\\/messer-und-werkzeuge\\\/cuttermesser\\\/\"},{\"@type\":\"ListItem\",\"position\":5,\"name\":\"TKS 300\"}]},{\"@type\":\"WebSite\",\"@id\":\"https:\\\/\\\/4k5tools.com\\\/#website\",\"url\":\"https:\\\/\\\/4k5tools.com\\\/\",\"name\":\"4K5 BETTER EQUIPMENT\",\"description\":\"\",\"publisher\":{\"@id\":\"https:\\\/\\\/4k5tools.com\\\/#organization\"},\"potentialAction\":[{\"@type\":\"SearchAction\",\"target\":{\"@type\":\"EntryPoint\",\"urlTemplate\":\"https:\\\/\\\/4k5tools.com\\\/?s={search_term_string}\"},\"query-input\":{\"@type\":\"PropertyValueSpecification\",\"valueRequired\":true,\"valueName\":\"search_term_string\"}}],\"inLanguage\":\"it-IT\"},{\"@type\":\"Organization\",\"@id\":\"https:\\\/\\\/4k5tools.com\\\/#organization\",\"name\":\"4K5 BETTER EQUIPMENT\",\"url\":\"https:\\\/\\\/4k5tools.com\\\/\",\"logo\":{\"@type\":\"ImageObject\",\"inLanguage\":\"it-IT\",\"@id\":\"https:\\\/\\\/4k5tools.com\\\/#\\\/schema\\\/logo\\\/image\\\/\",\"url\":\"https:\\\/\\\/4k5tools.com\\\/wp-content\\\/uploads\\\/2022\\\/04\\\/4K5_Better-Equipment.webp\",\"contentUrl\":\"https:\\\/\\\/4k5tools.com\\\/wp-content\\\/uploads\\\/2022\\\/04\\\/4K5_Better-Equipment.webp\",\"width\":550,\"height\":200,\"caption\":\"4K5 BETTER EQUIPMENT\"},\"image\":{\"@id\":\"https:\\\/\\\/4k5tools.com\\\/#\\\/schema\\\/logo\\\/image\\\/\"}}]}<\/script>\n<!-- \/ Yoast SEO plugin. -->","yoast_head_json":{"title":"TKS 300 - 4K5 BETTER EQUIPMENT","robots":{"index":"index","follow":"follow","max-snippet":"max-snippet:-1","max-image-preview":"max-image-preview:large","max-video-preview":"max-video-preview:-1"},"canonical":"https:\/\/4k5tools.com\/it\/produkte\/messer-und-werkzeuge\/cuttermesser\/tks-300\/","og_locale":"it_IT","og_type":"article","og_title":"TKS 300 - 4K5 BETTER EQUIPMENT","og_description":"Robustes Klappmesser mit austauschbaren Trapezklingen und integriertem Klingenmagazin   Enorm scharfe, austauschbare Trapezklinge aus hochwertigem und langlebigen SK 2 Stahl  Einstellbare 45\u00b0- und 90\u00b0-Positionen der Klinge zur Anpassung an spezifische Anforderungen, erh\u00f6hte Pr\u00e4zision und Kontrolle \u00fcber die Schnitttiefe  Ideal zum Schneiden von Teppichen und \u00d6ffnen von Paketen  Sehr robustes Geh\u00e4use aus Aluminium-Legierung   Optimale Aufbewahrung der Ersatzklingen im integrierten Klingenmagazin   Daumenauflage zum sicheren F\u00fchren des Messers  Button-Lock-Verriegelung h\u00e4lt die Klinge in ge\u00f6ffneter Position  Bandschneider als Helfer  Schnelles Wechseln der Klinge ohne Werkzeugeinsatz  Leicht in der Hosentasche zu verstauen durch kompakte Gr\u00f6\u00dfe  Einfache Befestigung mit G\u00fcrtelclip  Praktische eingebaute Fangriemen\u00f6se  4 Klingen im Lieferumfang enthalten","og_url":"https:\/\/4k5tools.com\/it\/produkte\/messer-und-werkzeuge\/cuttermesser\/tks-300\/","og_site_name":"4K5 BETTER EQUIPMENT","article_modified_time":"2026-03-04T07:04:47+00:00","og_image":[{"width":1300,"height":1300,"url":"https:\/\/4k5tools.com\/wp-content\/uploads\/2024\/01\/600.311A_A-Messer-4K5-Ansicht.webp","type":"image\/webp"}],"twitter_card":"summary_large_image","twitter_misc":{"Tempo di lettura stimato":"1 minuto"},"schema":{"@context":"https:\/\/schema.org","@graph":[{"@type":"WebPage","@id":"https:\/\/4k5tools.com\/produkte\/messer-und-werkzeuge\/cuttermesser\/tks-300\/","url":"https:\/\/4k5tools.com\/produkte\/messer-und-werkzeuge\/cuttermesser\/tks-300\/","name":"TKS 300 - 4K5 BETTER EQUIPMENT","isPartOf":{"@id":"https:\/\/4k5tools.com\/#website"},"primaryImageOfPage":{"@id":"https:\/\/4k5tools.com\/produkte\/messer-und-werkzeuge\/cuttermesser\/tks-300\/#primaryimage"},"image":{"@id":"https:\/\/4k5tools.com\/produkte\/messer-und-werkzeuge\/cuttermesser\/tks-300\/#primaryimage"},"thumbnailUrl":"https:\/\/4k5tools.com\/wp-content\/uploads\/2024\/01\/600.311A_A-Messer-4K5-Ansicht.webp","datePublished":"2024-01-26T11:12:53+00:00","dateModified":"2026-03-04T07:04:47+00:00","breadcrumb":{"@id":"https:\/\/4k5tools.com\/produkte\/messer-und-werkzeuge\/cuttermesser\/tks-300\/#breadcrumb"},"inLanguage":"it-IT","potentialAction":[{"@type":"ReadAction","target":["https:\/\/4k5tools.com\/produkte\/messer-und-werkzeuge\/cuttermesser\/tks-300\/"]}]},{"@type":"ImageObject","inLanguage":"it-IT","@id":"https:\/\/4k5tools.com\/produkte\/messer-und-werkzeuge\/cuttermesser\/tks-300\/#primaryimage","url":"https:\/\/4k5tools.com\/wp-content\/uploads\/2024\/01\/600.311A_A-Messer-4K5-Ansicht.webp","contentUrl":"https:\/\/4k5tools.com\/wp-content\/uploads\/2024\/01\/600.311A_A-Messer-4K5-Ansicht.webp","width":1300,"height":1300,"caption":"TKS 300 Cuttermesser"},{"@type":"BreadcrumbList","@id":"https:\/\/4k5tools.com\/produkte\/messer-und-werkzeuge\/cuttermesser\/tks-300\/#breadcrumb","itemListElement":[{"@type":"ListItem","position":1,"name":"START","item":"https:\/\/4k5tools.com\/"},{"@type":"ListItem","position":2,"name":"PRODUKTE","item":"https:\/\/4k5tools.com\/shop\/"},{"@type":"ListItem","position":3,"name":"MESSER UND WERKZEUGE","item":"https:\/\/4k5tools.com\/produkt-kategorie\/messer-und-werkzeuge\/"},{"@type":"ListItem","position":4,"name":"CUTTERMESSER","item":"https:\/\/4k5tools.com\/produkt-kategorie\/messer-und-werkzeuge\/cuttermesser\/"},{"@type":"ListItem","position":5,"name":"TKS 300"}]},{"@type":"WebSite","@id":"https:\/\/4k5tools.com\/#website","url":"https:\/\/4k5tools.com\/","name":"4K5 BETTER EQUIPMENT","description":"","publisher":{"@id":"https:\/\/4k5tools.com\/#organization"},"potentialAction":[{"@type":"SearchAction","target":{"@type":"EntryPoint","urlTemplate":"https:\/\/4k5tools.com\/?s={search_term_string}"},"query-input":{"@type":"PropertyValueSpecification","valueRequired":true,"valueName":"search_term_string"}}],"inLanguage":"it-IT"},{"@type":"Organization","@id":"https:\/\/4k5tools.com\/#organization","name":"4K5 BETTER EQUIPMENT","url":"https:\/\/4k5tools.com\/","logo":{"@type":"ImageObject","inLanguage":"it-IT","@id":"https:\/\/4k5tools.com\/#\/schema\/logo\/image\/","url":"https:\/\/4k5tools.com\/wp-content\/uploads\/2022\/04\/4K5_Better-Equipment.webp","contentUrl":"https:\/\/4k5tools.com\/wp-content\/uploads\/2022\/04\/4K5_Better-Equipment.webp","width":550,"height":200,"caption":"4K5 BETTER EQUIPMENT"},"image":{"@id":"https:\/\/4k5tools.com\/#\/schema\/logo\/image\/"}}]}},"_links":{"self":[{"href":"https:\/\/4k5tools.com\/it\/wp-json\/wp\/v2\/product\/4682","targetHints":{"allow":["GET"]}}],"collection":[{"href":"https:\/\/4k5tools.com\/it\/wp-json\/wp\/v2\/product"}],"about":[{"href":"https:\/\/4k5tools.com\/it\/wp-json\/wp\/v2\/types\/product"}],"wp:featuredmedia":[{"embeddable":true,"href":"https:\/\/4k5tools.com\/it\/wp-json\/wp\/v2\/media\/4727"}],"wp:attachment":[{"href":"https:\/\/4k5tools.com\/it\/wp-json\/wp\/v2\/media?parent=4682"}],"wp:term":[{"taxonomy":"product_brand","embeddable":true,"href":"https:\/\/4k5tools.com\/it\/wp-json\/wp\/v2\/product_brand?post=4682"},{"taxonomy":"product_cat","embeddable":true,"href":"https:\/\/4k5tools.com\/it\/wp-json\/wp\/v2\/product_cat?post=4682"},{"taxonomy":"product_tag","embeddable":true,"href":"https:\/\/4k5tools.com\/it\/wp-json\/wp\/v2\/product_tag?post=4682"}],"curies":[{"name":"wp","href":"https:\/\/api.w.org\/{rel}","templated":true}]}}