{"id":4691,"date":"2024-01-26T12:12:56","date_gmt":"2024-01-26T11:12:56","guid":{"rendered":"https:\/\/4k5tools.com\/produkte\/unkategorisiert\/tk-110c\/"},"modified":"2026-03-04T08:04:39","modified_gmt":"2026-03-04T07:04:39","slug":"tk-110c","status":"publish","type":"product","link":"https:\/\/4k5tools.com\/it\/produkte\/messer-und-werkzeuge\/arbeitsmesser\/tk-110c\/","title":{"rendered":"TK 110C"},"content":{"rendered":"<p>Questo coltello a serramanico di alta qualit\u00e0 consente di effettuare un taglio nitido ed \u00e8 ideale per i lavori di precisione. Presenta una lama di lunga durata in acciaio inox 440C con finitura stonewash che lo rende sempre ben affilato anche in caso di uso intensivo e resistente alla corrosione in modo ottimale. Il sistema di blocco Back-Lock provvede a un fissaggio sicuro della lama nella posizione aperta, \u00e8 facile da azionare ed \u00e8 adatto per grandi sollecitazioni. Tra le caratteristiche particolarmente utili per l\u2019utilizzatore si indicano la maneggevole impugnatura in nylon con incavi ergonomici per le dita e l\u2019occhiello per cordino integrato. La clip da cintura consente di conservare in modo semplice il coltello che, grazie alla sua forma compatta, pu\u00f2 essere riposto anche in tasca.<\/p>","protected":false},"excerpt":{"rendered":"<p>Coltello a serramanico di alta qualit\u00e0 con lama in acciaio inox di lunga durata<\/p>\n<ul title=\"\">\n<li title=\"\"><span title=\"\">Sempre perfettamente affilato grazie alla lama resistente alla corrosione in acciaio inox 440C con finitura stonewash<\/span><\/li>\n<li title=\"\"><span title=\"\">Soporte del pulgar, para guiar la cuchilla con seguridad<\/span><\/li>\n<li title=\"\"><span title=\"\">Sistema di blocco Back-Lock sicuro e facile da azionare<\/span><\/li>\n<li title=\"\"><span title=\"\">Pratica impugnatura in nylon con incavi ergonomici per le dita e occhiello per cordino integrato<\/span><\/li>\n<li title=\"\"><span title=\"\">Fissaggio semplice con la clip da cintura<\/span><\/li>\n<li title=\"\"><span title=\"\">Conservazione ottimale in una custodia in nylon di alta qualit\u00e0 che permette un trasporto flessibile in orizzontale o in verticale<\/span><\/li>\n<\/ul>","protected":false},"featured_media":4716,"template":"","meta":{"ocean_post_layout":"","ocean_both_sidebars_style":"","ocean_both_sidebars_content_width":0,"ocean_both_sidebars_sidebars_width":0,"ocean_sidebar":"0","ocean_second_sidebar":"0","ocean_disable_margins":"enable","ocean_add_body_class":"","ocean_shortcode_before_top_bar":"","ocean_shortcode_after_top_bar":"","ocean_shortcode_before_header":"","ocean_shortcode_after_header":"","ocean_has_shortcode":"","ocean_shortcode_after_title":"","ocean_shortcode_before_footer_widgets":"","ocean_shortcode_after_footer_widgets":"","ocean_shortcode_before_footer_bottom":"","ocean_shortcode_after_footer_bottom":"","ocean_display_top_bar":"default","ocean_display_header":"default","ocean_header_style":"","ocean_center_header_left_menu":"0","ocean_custom_header_template":"0","ocean_custom_logo":0,"ocean_custom_retina_logo":0,"ocean_custom_logo_max_width":0,"ocean_custom_logo_tablet_max_width":0,"ocean_custom_logo_mobile_max_width":0,"ocean_custom_logo_max_height":0,"ocean_custom_logo_tablet_max_height":0,"ocean_custom_logo_mobile_max_height":0,"ocean_header_custom_menu":"0","ocean_menu_typo_font_family":"0","ocean_menu_typo_font_subset":"","ocean_menu_typo_font_size":0,"ocean_menu_typo_font_size_tablet":0,"ocean_menu_typo_font_size_mobile":0,"ocean_menu_typo_font_size_unit":"px","ocean_menu_typo_font_weight":"","ocean_menu_typo_font_weight_tablet":"","ocean_menu_typo_font_weight_mobile":"","ocean_menu_typo_transform":"","ocean_menu_typo_transform_tablet":"","ocean_menu_typo_transform_mobile":"","ocean_menu_typo_line_height":0,"ocean_menu_typo_line_height_tablet":0,"ocean_menu_typo_line_height_mobile":0,"ocean_menu_typo_line_height_unit":"","ocean_menu_typo_spacing":0,"ocean_menu_typo_spacing_tablet":0,"ocean_menu_typo_spacing_mobile":0,"ocean_menu_typo_spacing_unit":"","ocean_menu_link_color":"","ocean_menu_link_color_hover":"","ocean_menu_link_color_active":"","ocean_menu_link_background":"","ocean_menu_link_hover_background":"","ocean_menu_link_active_background":"","ocean_menu_social_links_bg":"","ocean_menu_social_hover_links_bg":"","ocean_menu_social_links_color":"","ocean_menu_social_hover_links_color":"","ocean_disable_title":"default","ocean_disable_heading":"default","ocean_post_title":"","ocean_post_subheading":"","ocean_post_title_style":"","ocean_post_title_background_color":"","ocean_post_title_background":0,"ocean_post_title_bg_image_position":"","ocean_post_title_bg_image_attachment":"","ocean_post_title_bg_image_repeat":"","ocean_post_title_bg_image_size":"","ocean_post_title_height":0,"ocean_post_title_bg_overlay":0.5,"ocean_post_title_bg_overlay_color":"","ocean_disable_breadcrumbs":"default","ocean_breadcrumbs_color":"","ocean_breadcrumbs_separator_color":"","ocean_breadcrumbs_links_color":"","ocean_breadcrumbs_links_hover_color":"","ocean_display_footer_widgets":"default","ocean_display_footer_bottom":"default","ocean_custom_footer_template":"0"},"product_brand":[],"product_cat":[48,49],"product_tag":[],"class_list":{"0":"post-4691","1":"product","2":"type-product","3":"status-publish","4":"has-post-thumbnail","6":"product_cat-messer-und-werkzeuge","7":"product_cat-arbeitsmesser","9":"entry","10":"has-media","12":"first","13":"instock","14":"shipping-taxable","15":"product-type-simple","16":"has-product-nav","17":"col","18":"span_1_of_3","19":"owp-content-center","20":"owp-thumbs-layout-horizontal","21":"owp-btn-normal","22":"owp-tabs-layout-horizontal"},"yoast_head":"<!-- This site is optimized with the Yoast SEO plugin v27.0 - https:\/\/yoast.com\/product\/yoast-seo-wordpress\/ -->\n<title>TK 110C - 4K5 BETTER EQUIPMENT<\/title>\n<meta name=\"robots\" content=\"index, follow, max-snippet:-1, max-image-preview:large, max-video-preview:-1\" \/>\n<link rel=\"canonical\" href=\"https:\/\/4k5tools.com\/it\/produkte\/messer-und-werkzeuge\/arbeitsmesser\/tk-110c\/\" \/>\n<meta property=\"og:locale\" content=\"it_IT\" \/>\n<meta property=\"og:type\" content=\"article\" \/>\n<meta property=\"og:title\" content=\"TK 110C - 4K5 BETTER EQUIPMENT\" \/>\n<meta property=\"og:description\" content=\"Hochwertiges Klappmesser mit langlebiger Edelstahl-Klinge   Dauerhaft hohe Sch\u00e4rfe durch korrosionsbest\u00e4ndige Klinge aus 440C Edelstahl mit Stonewash-Finish  Daumenauflage zum sicheren F\u00fchren des Messers  Sichere und einfach bedienbare Back-Lock-Verriegelung  Handlicher Nylongriff mit ergonomischen Fingermulden und integrierter Fangriemen\u00f6se  Einfache Befestigung mit G\u00fcrtelclip  Optimale Aufbewahrung im hochwertigen Nylon-Holster zum flexiblen horizontalen oder vertikalen Tragen\" \/>\n<meta property=\"og:url\" content=\"https:\/\/4k5tools.com\/it\/produkte\/messer-und-werkzeuge\/arbeitsmesser\/tk-110c\/\" \/>\n<meta property=\"og:site_name\" content=\"4K5 BETTER EQUIPMENT\" \/>\n<meta property=\"article:modified_time\" content=\"2026-03-04T07:04:39+00:00\" \/>\n<meta property=\"og:image\" content=\"https:\/\/4k5tools.com\/wp-content\/uploads\/2024\/01\/600.110A-Messer-4K5-Perspektive.webp\" \/>\n\t<meta property=\"og:image:width\" content=\"1300\" \/>\n\t<meta property=\"og:image:height\" content=\"1300\" \/>\n\t<meta property=\"og:image:type\" content=\"image\/webp\" \/>\n<meta name=\"twitter:card\" content=\"summary_large_image\" \/>\n<meta name=\"twitter:label1\" content=\"Tempo di lettura stimato\" \/>\n\t<meta name=\"twitter:data1\" content=\"1 minuto\" \/>\n<script type=\"application\/ld+json\" class=\"yoast-schema-graph\">{\"@context\":\"https:\/\/schema.org\",\"@graph\":[{\"@type\":\"WebPage\",\"@id\":\"https:\/\/4k5tools.com\/produkte\/messer-und-werkzeuge\/arbeitsmesser\/tk-110c\/\",\"url\":\"https:\/\/4k5tools.com\/produkte\/messer-und-werkzeuge\/arbeitsmesser\/tk-110c\/\",\"name\":\"TK 110C - 4K5 BETTER EQUIPMENT\",\"isPartOf\":{\"@id\":\"https:\/\/4k5tools.com\/#website\"},\"primaryImageOfPage\":{\"@id\":\"https:\/\/4k5tools.com\/produkte\/messer-und-werkzeuge\/arbeitsmesser\/tk-110c\/#primaryimage\"},\"image\":{\"@id\":\"https:\/\/4k5tools.com\/produkte\/messer-und-werkzeuge\/arbeitsmesser\/tk-110c\/#primaryimage\"},\"thumbnailUrl\":\"https:\/\/4k5tools.com\/wp-content\/uploads\/2024\/01\/600.110A-Messer-4K5-Perspektive.webp\",\"datePublished\":\"2024-01-26T11:12:56+00:00\",\"dateModified\":\"2026-03-04T07:04:39+00:00\",\"breadcrumb\":{\"@id\":\"https:\/\/4k5tools.com\/produkte\/messer-und-werkzeuge\/arbeitsmesser\/tk-110c\/#breadcrumb\"},\"inLanguage\":\"it-IT\",\"potentialAction\":[{\"@type\":\"ReadAction\",\"target\":[\"https:\/\/4k5tools.com\/produkte\/messer-und-werkzeuge\/arbeitsmesser\/tk-110c\/\"]}]},{\"@type\":\"ImageObject\",\"inLanguage\":\"it-IT\",\"@id\":\"https:\/\/4k5tools.com\/produkte\/messer-und-werkzeuge\/arbeitsmesser\/tk-110c\/#primaryimage\",\"url\":\"https:\/\/4k5tools.com\/wp-content\/uploads\/2024\/01\/600.110A-Messer-4K5-Perspektive.webp\",\"contentUrl\":\"https:\/\/4k5tools.com\/wp-content\/uploads\/2024\/01\/600.110A-Messer-4K5-Perspektive.webp\",\"width\":1300,\"height\":1300,\"caption\":\"TK 110C Arbeitsmesser\"},{\"@type\":\"BreadcrumbList\",\"@id\":\"https:\/\/4k5tools.com\/produkte\/messer-und-werkzeuge\/arbeitsmesser\/tk-110c\/#breadcrumb\",\"itemListElement\":[{\"@type\":\"ListItem\",\"position\":1,\"name\":\"START\",\"item\":\"https:\/\/4k5tools.com\/\"},{\"@type\":\"ListItem\",\"position\":2,\"name\":\"PRODUKTE\",\"item\":\"https:\/\/4k5tools.com\/shop\/\"},{\"@type\":\"ListItem\",\"position\":3,\"name\":\"MESSER UND WERKZEUGE\",\"item\":\"https:\/\/4k5tools.com\/produkt-kategorie\/messer-und-werkzeuge\/\"},{\"@type\":\"ListItem\",\"position\":4,\"name\":\"TK 110C\"}]},{\"@type\":\"WebSite\",\"@id\":\"https:\/\/4k5tools.com\/#website\",\"url\":\"https:\/\/4k5tools.com\/\",\"name\":\"4K5 BETTER EQUIPMENT\",\"description\":\"\",\"publisher\":{\"@id\":\"https:\/\/4k5tools.com\/#organization\"},\"potentialAction\":[{\"@type\":\"SearchAction\",\"target\":{\"@type\":\"EntryPoint\",\"urlTemplate\":\"https:\/\/4k5tools.com\/?s={search_term_string}\"},\"query-input\":{\"@type\":\"PropertyValueSpecification\",\"valueRequired\":true,\"valueName\":\"search_term_string\"}}],\"inLanguage\":\"it-IT\"},{\"@type\":\"Organization\",\"@id\":\"https:\/\/4k5tools.com\/#organization\",\"name\":\"4K5 BETTER EQUIPMENT\",\"url\":\"https:\/\/4k5tools.com\/\",\"logo\":{\"@type\":\"ImageObject\",\"inLanguage\":\"it-IT\",\"@id\":\"https:\/\/4k5tools.com\/#\/schema\/logo\/image\/\",\"url\":\"https:\/\/4k5tools.com\/wp-content\/uploads\/2022\/04\/4K5_Better-Equipment.webp\",\"contentUrl\":\"https:\/\/4k5tools.com\/wp-content\/uploads\/2022\/04\/4K5_Better-Equipment.webp\",\"width\":550,\"height\":200,\"caption\":\"4K5 BETTER EQUIPMENT\"},\"image\":{\"@id\":\"https:\/\/4k5tools.com\/#\/schema\/logo\/image\/\"}}]}<\/script>\n<!-- \/ Yoast SEO plugin. -->","yoast_head_json":{"title":"TK 110C - 4K5 BETTER EQUIPMENT","robots":{"index":"index","follow":"follow","max-snippet":"max-snippet:-1","max-image-preview":"max-image-preview:large","max-video-preview":"max-video-preview:-1"},"canonical":"https:\/\/4k5tools.com\/it\/produkte\/messer-und-werkzeuge\/arbeitsmesser\/tk-110c\/","og_locale":"it_IT","og_type":"article","og_title":"TK 110C - 4K5 BETTER EQUIPMENT","og_description":"Hochwertiges Klappmesser mit langlebiger Edelstahl-Klinge   Dauerhaft hohe Sch\u00e4rfe durch korrosionsbest\u00e4ndige Klinge aus 440C Edelstahl mit Stonewash-Finish  Daumenauflage zum sicheren F\u00fchren des Messers  Sichere und einfach bedienbare Back-Lock-Verriegelung  Handlicher Nylongriff mit ergonomischen Fingermulden und integrierter Fangriemen\u00f6se  Einfache Befestigung mit G\u00fcrtelclip  Optimale Aufbewahrung im hochwertigen Nylon-Holster zum flexiblen horizontalen oder vertikalen Tragen","og_url":"https:\/\/4k5tools.com\/it\/produkte\/messer-und-werkzeuge\/arbeitsmesser\/tk-110c\/","og_site_name":"4K5 BETTER EQUIPMENT","article_modified_time":"2026-03-04T07:04:39+00:00","og_image":[{"width":1300,"height":1300,"url":"https:\/\/4k5tools.com\/wp-content\/uploads\/2024\/01\/600.110A-Messer-4K5-Perspektive.webp","type":"image\/webp"}],"twitter_card":"summary_large_image","twitter_misc":{"Tempo di lettura stimato":"1 minuto"},"schema":{"@context":"https:\/\/schema.org","@graph":[{"@type":"WebPage","@id":"https:\/\/4k5tools.com\/produkte\/messer-und-werkzeuge\/arbeitsmesser\/tk-110c\/","url":"https:\/\/4k5tools.com\/produkte\/messer-und-werkzeuge\/arbeitsmesser\/tk-110c\/","name":"TK 110C - 4K5 BETTER EQUIPMENT","isPartOf":{"@id":"https:\/\/4k5tools.com\/#website"},"primaryImageOfPage":{"@id":"https:\/\/4k5tools.com\/produkte\/messer-und-werkzeuge\/arbeitsmesser\/tk-110c\/#primaryimage"},"image":{"@id":"https:\/\/4k5tools.com\/produkte\/messer-und-werkzeuge\/arbeitsmesser\/tk-110c\/#primaryimage"},"thumbnailUrl":"https:\/\/4k5tools.com\/wp-content\/uploads\/2024\/01\/600.110A-Messer-4K5-Perspektive.webp","datePublished":"2024-01-26T11:12:56+00:00","dateModified":"2026-03-04T07:04:39+00:00","breadcrumb":{"@id":"https:\/\/4k5tools.com\/produkte\/messer-und-werkzeuge\/arbeitsmesser\/tk-110c\/#breadcrumb"},"inLanguage":"it-IT","potentialAction":[{"@type":"ReadAction","target":["https:\/\/4k5tools.com\/produkte\/messer-und-werkzeuge\/arbeitsmesser\/tk-110c\/"]}]},{"@type":"ImageObject","inLanguage":"it-IT","@id":"https:\/\/4k5tools.com\/produkte\/messer-und-werkzeuge\/arbeitsmesser\/tk-110c\/#primaryimage","url":"https:\/\/4k5tools.com\/wp-content\/uploads\/2024\/01\/600.110A-Messer-4K5-Perspektive.webp","contentUrl":"https:\/\/4k5tools.com\/wp-content\/uploads\/2024\/01\/600.110A-Messer-4K5-Perspektive.webp","width":1300,"height":1300,"caption":"TK 110C Arbeitsmesser"},{"@type":"BreadcrumbList","@id":"https:\/\/4k5tools.com\/produkte\/messer-und-werkzeuge\/arbeitsmesser\/tk-110c\/#breadcrumb","itemListElement":[{"@type":"ListItem","position":1,"name":"START","item":"https:\/\/4k5tools.com\/"},{"@type":"ListItem","position":2,"name":"PRODUKTE","item":"https:\/\/4k5tools.com\/shop\/"},{"@type":"ListItem","position":3,"name":"MESSER UND WERKZEUGE","item":"https:\/\/4k5tools.com\/produkt-kategorie\/messer-und-werkzeuge\/"},{"@type":"ListItem","position":4,"name":"TK 110C"}]},{"@type":"WebSite","@id":"https:\/\/4k5tools.com\/#website","url":"https:\/\/4k5tools.com\/","name":"4K5 BETTER EQUIPMENT","description":"","publisher":{"@id":"https:\/\/4k5tools.com\/#organization"},"potentialAction":[{"@type":"SearchAction","target":{"@type":"EntryPoint","urlTemplate":"https:\/\/4k5tools.com\/?s={search_term_string}"},"query-input":{"@type":"PropertyValueSpecification","valueRequired":true,"valueName":"search_term_string"}}],"inLanguage":"it-IT"},{"@type":"Organization","@id":"https:\/\/4k5tools.com\/#organization","name":"4K5 BETTER EQUIPMENT","url":"https:\/\/4k5tools.com\/","logo":{"@type":"ImageObject","inLanguage":"it-IT","@id":"https:\/\/4k5tools.com\/#\/schema\/logo\/image\/","url":"https:\/\/4k5tools.com\/wp-content\/uploads\/2022\/04\/4K5_Better-Equipment.webp","contentUrl":"https:\/\/4k5tools.com\/wp-content\/uploads\/2022\/04\/4K5_Better-Equipment.webp","width":550,"height":200,"caption":"4K5 BETTER EQUIPMENT"},"image":{"@id":"https:\/\/4k5tools.com\/#\/schema\/logo\/image\/"}}]}},"_links":{"self":[{"href":"https:\/\/4k5tools.com\/it\/wp-json\/wp\/v2\/product\/4691","targetHints":{"allow":["GET"]}}],"collection":[{"href":"https:\/\/4k5tools.com\/it\/wp-json\/wp\/v2\/product"}],"about":[{"href":"https:\/\/4k5tools.com\/it\/wp-json\/wp\/v2\/types\/product"}],"wp:featuredmedia":[{"embeddable":true,"href":"https:\/\/4k5tools.com\/it\/wp-json\/wp\/v2\/media\/4716"}],"wp:attachment":[{"href":"https:\/\/4k5tools.com\/it\/wp-json\/wp\/v2\/media?parent=4691"}],"wp:term":[{"taxonomy":"product_brand","embeddable":true,"href":"https:\/\/4k5tools.com\/it\/wp-json\/wp\/v2\/product_brand?post=4691"},{"taxonomy":"product_cat","embeddable":true,"href":"https:\/\/4k5tools.com\/it\/wp-json\/wp\/v2\/product_cat?post=4691"},{"taxonomy":"product_tag","embeddable":true,"href":"https:\/\/4k5tools.com\/it\/wp-json\/wp\/v2\/product_tag?post=4691"}],"curies":[{"name":"wp","href":"https:\/\/api.w.org\/{rel}","templated":true}]}}