{"id":5382,"date":"2025-06-26T07:39:13","date_gmt":"2025-06-26T05:39:13","guid":{"rendered":"https:\/\/4k5tools.com\/?post_type=product&#038;p=5382"},"modified":"2026-03-04T08:14:38","modified_gmt":"2026-03-04T07:14:38","slug":"sq-180","status":"publish","type":"product","link":"https:\/\/4k5tools.com\/it\/produkte\/neuheiten\/messzeuge-neuheiten\/sq-180\/","title":{"rendered":"SQ 180"},"content":{"rendered":"<p>Questa pratica squadra da carpentiere (180 mm) \u00e8 ideale per pezzi compatti e per allineare e marcare rapidamente in spazi ristretti. L'ampia gamma di applicazioni comprende il trasferimento degli angoli e l'uso come righello, misuratore di angoli, marcatore di linee e guida per seghe. La scala angolare a 90\u00b0 consente di impostare e trasferire gli angoli in modo rapido, ideale per i tagli obliqui e i tagli ad angolo. Le scale per l'inclinazione dei travetti (COMMON) e dei puntoni principale e di compluvio (HIP-VAL) sono progettate appositamente per lavorare sulle strutture dei tetti. Il morsetto di arresto impedisce lo slittamento durante la marcatura e garantisce cos\u00ec marcature precise. Il righello integrato consente di trasferire facilmente le lunghezze direttamente sul pezzo. La pratica guida viene utilizzata per il posizionamento sui bordi ed \u00e8 ideale per creare marcature parallele. La squadra da carpentiere pu\u00f2 essere utilizzata anche come guida per le seghe, per eseguire tagli obliqui e longitudinali precisi. Le tacche integrate consentono una rapida marcatura dei tagli longitudinali. La scala incisa al laser sul telaio rosso opaco garantisce una buona leggibilit\u00e0 in ogni momento. Realizzata in lega di alluminio di alta qualit\u00e0, \u00e8 resistente e infrangibile. Quando non viene utilizzata, pu\u00f2 essere semplicemente appesa a una staffa o a un gancio a parete.<\/p>","protected":false},"excerpt":{"rendered":"<p>Pratica squadra da carpentiere (180 mm) per pezzi compatti, per un rapido allineamento e marcatura in spazi ristretti<\/p>\n<ul>\n<li>COMPACT DESIGN: Perfetto per pezzi pi\u00f9 piccoli e spazi ristretti<\/li>\n<li>MULTI USE: Pu\u00f2 essere utilizzata per trasferire gli angoli, come righello, misuratore di angoli, marcatore di linee e guida per seghe<\/li>\n<li>QUICK MARKING: Elevata velocit\u00e0 di lavoro in fase di marcatura e allineamento<\/li>\n<li>ANGLE FINDER: Imposta e trasferisce rapidamente gli angoli utilizzando la scala angolare a 90\u00b0, ideale per i tagli obliqui e i tagli ad angolo<\/li>\n<li>ROOF CONSTRUCTION: Ideale per i lavori di carpenteria grazie alle scale per l'inclinazione dei travetti standard (COMMON) e dei puntoni principale e di compluvio (HIP-VAL)<\/li>\n<li>CENTRAL PIVOT POINT: Semplifica il trasferimento e la marcatura degli angoli<\/li>\n<li>LOCK STOP: Il morsetto di arresto impedisce all'utensile di scivolare durante la marcatura<\/li>\n<li>LENGTH GUIDE: Righello integrato per trasferire rapidamente le lunghezze direttamente sul pezzo da lavorare<\/li>\n<li>GUIDE RAIL: Pratica guida per il posizionamento sui bordi, ideale per creare marcature parallele<\/li>\n<li>SAW GUIDE: Utilizzabile come guida per segare con tagli obliqui e longitudinali precisi<\/li>\n<li>MARKING NOTCHES: Tacche integrate per una marcatura rapida e precisa per i tagli longitudinali<\/li>\n<li>DURAGRAV: La scala incisa al laser su una cornice rossa opaca garantisce una buona leggibilit\u00e0 permanente<\/li>\n<li>CHECK GAUGE: Utilizzabile come calibro per un facile controllo di una marcatura o di un tagliente esistente<\/li>\n<li>DURASTRONG CONSTRUCTION: Realizzato in lega di alluminio di alta qualit\u00e0, durevole e resistente alla rottura<\/li>\n<li>SMART STORAGE: Facile da appendere quando non viene utilizzata<\/li>\n<\/ul>","protected":false},"featured_media":5386,"template":"","meta":{"ocean_post_layout":"","ocean_both_sidebars_style":"","ocean_both_sidebars_content_width":0,"ocean_both_sidebars_sidebars_width":0,"ocean_sidebar":"0","ocean_second_sidebar":"0","ocean_disable_margins":"enable","ocean_add_body_class":"","ocean_shortcode_before_top_bar":"","ocean_shortcode_after_top_bar":"","ocean_shortcode_before_header":"","ocean_shortcode_after_header":"","ocean_has_shortcode":"","ocean_shortcode_after_title":"","ocean_shortcode_before_footer_widgets":"","ocean_shortcode_after_footer_widgets":"","ocean_shortcode_before_footer_bottom":"","ocean_shortcode_after_footer_bottom":"","ocean_display_top_bar":"default","ocean_display_header":"default","ocean_header_style":"","ocean_center_header_left_menu":"0","ocean_custom_header_template":"0","ocean_custom_logo":0,"ocean_custom_retina_logo":0,"ocean_custom_logo_max_width":0,"ocean_custom_logo_tablet_max_width":0,"ocean_custom_logo_mobile_max_width":0,"ocean_custom_logo_max_height":0,"ocean_custom_logo_tablet_max_height":0,"ocean_custom_logo_mobile_max_height":0,"ocean_header_custom_menu":"0","ocean_menu_typo_font_family":"0","ocean_menu_typo_font_subset":"","ocean_menu_typo_font_size":0,"ocean_menu_typo_font_size_tablet":0,"ocean_menu_typo_font_size_mobile":0,"ocean_menu_typo_font_size_unit":"px","ocean_menu_typo_font_weight":"","ocean_menu_typo_font_weight_tablet":"","ocean_menu_typo_font_weight_mobile":"","ocean_menu_typo_transform":"","ocean_menu_typo_transform_tablet":"","ocean_menu_typo_transform_mobile":"","ocean_menu_typo_line_height":0,"ocean_menu_typo_line_height_tablet":0,"ocean_menu_typo_line_height_mobile":0,"ocean_menu_typo_line_height_unit":"","ocean_menu_typo_spacing":0,"ocean_menu_typo_spacing_tablet":0,"ocean_menu_typo_spacing_mobile":0,"ocean_menu_typo_spacing_unit":"","ocean_menu_link_color":"","ocean_menu_link_color_hover":"","ocean_menu_link_color_active":"","ocean_menu_link_background":"","ocean_menu_link_hover_background":"","ocean_menu_link_active_background":"","ocean_menu_social_links_bg":"","ocean_menu_social_hover_links_bg":"","ocean_menu_social_links_color":"","ocean_menu_social_hover_links_color":"","ocean_disable_title":"default","ocean_disable_heading":"default","ocean_post_title":"","ocean_post_subheading":"","ocean_post_title_style":"","ocean_post_title_background_color":"","ocean_post_title_background":0,"ocean_post_title_bg_image_position":"","ocean_post_title_bg_image_attachment":"","ocean_post_title_bg_image_repeat":"","ocean_post_title_bg_image_size":"","ocean_post_title_height":0,"ocean_post_title_bg_overlay":0.5,"ocean_post_title_bg_overlay_color":"","ocean_disable_breadcrumbs":"default","ocean_breadcrumbs_color":"","ocean_breadcrumbs_separator_color":"","ocean_breadcrumbs_links_color":"","ocean_breadcrumbs_links_hover_color":"","ocean_display_footer_widgets":"default","ocean_display_footer_bottom":"default","ocean_custom_footer_template":"0"},"product_brand":[],"product_cat":[53,91,89,97],"product_tag":[],"class_list":{"0":"post-5382","1":"product","2":"type-product","3":"status-publish","4":"has-post-thumbnail","6":"product_cat-messzeuge","7":"product_cat-messzeuge-neuheiten","8":"product_cat-neuheiten","9":"product_cat-zimmermannswinkel","11":"entry","12":"has-media","14":"first","15":"instock","16":"shipping-taxable","17":"product-type-simple","18":"has-product-nav","19":"col","20":"span_1_of_3","21":"owp-content-center","22":"owp-thumbs-layout-horizontal","23":"owp-btn-normal","24":"owp-tabs-layout-horizontal"},"yoast_head":"<!-- This site is optimized with the Yoast SEO plugin v27.3 - https:\/\/yoast.com\/product\/yoast-seo-wordpress\/ -->\n<title>SQ 180 - 4K5 BETTER EQUIPMENT<\/title>\n<meta name=\"robots\" content=\"index, follow, max-snippet:-1, max-image-preview:large, max-video-preview:-1\" \/>\n<link rel=\"canonical\" href=\"https:\/\/4k5tools.com\/it\/produkte\/neuheiten\/messzeuge-neuheiten\/sq-180\/\" \/>\n<meta property=\"og:locale\" content=\"it_IT\" \/>\n<meta property=\"og:type\" content=\"article\" \/>\n<meta property=\"og:title\" content=\"SQ 180 - 4K5 BETTER EQUIPMENT\" \/>\n<meta property=\"og:description\" content=\"Handlicher Zimmermannswinkel (180 mm) f\u00fcr kompakte Werkst\u00fccke zum schnellen Ausrichten und Anrei\u00dfen auf engem Raum   COMPACT DESIGN: Bestens geeignet f\u00fcr kleinere Werkst\u00fccke und enge Arbeitsumgebungen  MULTI USE: Einsetzbar zum \u00dcbertragen von Winkeln, als Lineal, Gehrungshilfe, Linienanrei\u00dfer und S\u00e4gef\u00fchrung  QUICK MARKING: Hohe Arbeitsgeschwindigkeit beim Anrei\u00dfen und Ausrichten  ANGLE FINDER: Schnelles Festlegen und \u00dcbertragen von Winkeln per 90\u00b0-Winkelskala, ideal f\u00fcr Schr\u00e4gschnitte und Gehrungen  ROOF CONSTRUCTION: Ideal f\u00fcr Zimmermannsarbeiten durch Skalen f\u00fcr die Steigung von Normalsparren (COMMON) sowie Grat- und Kehlsparren (HIP-VAL)  CENTRAL PIVOT POINT: Drehpunkt erleichtert das \u00dcbertragen und Anrei\u00dfen von Winkeln  LOCK STOP: Anschlagsklemme verhindert ein Verrutschen des Werkzeugs beim Anzeichnen  LENGTH GUIDE: Integriertes Lineal zum schnellen \u00dcbertragen von L\u00e4ngen direkt am Werkst\u00fcck  GUIDE RAIL: Praktische F\u00fchrungsleiste zum Anlegen an Kanten, optimal zum Erstellen von parallelen Markierungen  SAW GUIDE: Nutzbar als F\u00fchrungsschiene f\u00fcr S\u00e4gen bei genauen Gehrungs- und L\u00e4ngsschnitten  MARKING NOTCHES: Integrierte Kerben zum schnellen und exakten Markieren f\u00fcr L\u00e4ngsschnitte  DURAGRAV: Lasergravierte Skala auf mattem, rotem Rahmen garantiert dauerhaft gute Ablesbarkeit  CHECK GAUGE: Verwendung als Lehre f\u00fcr einfaches Kontrollieren an einem vorhandenen Anri\u00df oder Schneidkante  DURASTRONG CONSTRUCTION: Gefertigt aus hochwertiger Aluminiumlegierung, langlebig und bruchresistent  SMART STORAGE: Einfaches Aufh\u00e4ngen bei Nichtgebrauch\" \/>\n<meta property=\"og:url\" content=\"https:\/\/4k5tools.com\/it\/produkte\/neuheiten\/messzeuge-neuheiten\/sq-180\/\" \/>\n<meta property=\"og:site_name\" content=\"4K5 BETTER EQUIPMENT\" \/>\n<meta property=\"article:modified_time\" content=\"2026-03-04T07:14:38+00:00\" \/>\n<meta property=\"og:image\" content=\"https:\/\/4k5tools.com\/wp-content\/uploads\/2025\/06\/601.180A_10_Zimmermannswinkel.webp\" \/>\n\t<meta property=\"og:image:width\" content=\"1300\" \/>\n\t<meta property=\"og:image:height\" content=\"1300\" \/>\n\t<meta property=\"og:image:type\" content=\"image\/webp\" \/>\n<meta name=\"twitter:card\" content=\"summary_large_image\" \/>\n<meta name=\"twitter:label1\" content=\"Tempo di lettura stimato\" \/>\n\t<meta name=\"twitter:data1\" content=\"2 minuti\" \/>\n<script type=\"application\/ld+json\" class=\"yoast-schema-graph\">{\"@context\":\"https:\\\/\\\/schema.org\",\"@graph\":[{\"@type\":\"WebPage\",\"@id\":\"https:\\\/\\\/4k5tools.com\\\/produkte\\\/neuheiten\\\/messzeuge-neuheiten\\\/sq-180\\\/\",\"url\":\"https:\\\/\\\/4k5tools.com\\\/produkte\\\/neuheiten\\\/messzeuge-neuheiten\\\/sq-180\\\/\",\"name\":\"SQ 180 - 4K5 BETTER EQUIPMENT\",\"isPartOf\":{\"@id\":\"https:\\\/\\\/4k5tools.com\\\/#website\"},\"primaryImageOfPage\":{\"@id\":\"https:\\\/\\\/4k5tools.com\\\/produkte\\\/neuheiten\\\/messzeuge-neuheiten\\\/sq-180\\\/#primaryimage\"},\"image\":{\"@id\":\"https:\\\/\\\/4k5tools.com\\\/produkte\\\/neuheiten\\\/messzeuge-neuheiten\\\/sq-180\\\/#primaryimage\"},\"thumbnailUrl\":\"https:\\\/\\\/4k5tools.com\\\/wp-content\\\/uploads\\\/2025\\\/06\\\/601.180A_10_Zimmermannswinkel.webp\",\"datePublished\":\"2025-06-26T05:39:13+00:00\",\"dateModified\":\"2026-03-04T07:14:38+00:00\",\"breadcrumb\":{\"@id\":\"https:\\\/\\\/4k5tools.com\\\/produkte\\\/neuheiten\\\/messzeuge-neuheiten\\\/sq-180\\\/#breadcrumb\"},\"inLanguage\":\"it-IT\",\"potentialAction\":[{\"@type\":\"ReadAction\",\"target\":[\"https:\\\/\\\/4k5tools.com\\\/produkte\\\/neuheiten\\\/messzeuge-neuheiten\\\/sq-180\\\/\"]}]},{\"@type\":\"ImageObject\",\"inLanguage\":\"it-IT\",\"@id\":\"https:\\\/\\\/4k5tools.com\\\/produkte\\\/neuheiten\\\/messzeuge-neuheiten\\\/sq-180\\\/#primaryimage\",\"url\":\"https:\\\/\\\/4k5tools.com\\\/wp-content\\\/uploads\\\/2025\\\/06\\\/601.180A_10_Zimmermannswinkel.webp\",\"contentUrl\":\"https:\\\/\\\/4k5tools.com\\\/wp-content\\\/uploads\\\/2025\\\/06\\\/601.180A_10_Zimmermannswinkel.webp\",\"width\":1300,\"height\":1300,\"caption\":\"Zimmermannswinkel 601.180A SQ 180\"},{\"@type\":\"BreadcrumbList\",\"@id\":\"https:\\\/\\\/4k5tools.com\\\/produkte\\\/neuheiten\\\/messzeuge-neuheiten\\\/sq-180\\\/#breadcrumb\",\"itemListElement\":[{\"@type\":\"ListItem\",\"position\":1,\"name\":\"START\",\"item\":\"https:\\\/\\\/4k5tools.com\\\/\"},{\"@type\":\"ListItem\",\"position\":2,\"name\":\"PRODUKTE\",\"item\":\"https:\\\/\\\/4k5tools.com\\\/shop\\\/\"},{\"@type\":\"ListItem\",\"position\":3,\"name\":\"MESSZEUGE\",\"item\":\"https:\\\/\\\/4k5tools.com\\\/produkt-kategorie\\\/messzeuge\\\/\"},{\"@type\":\"ListItem\",\"position\":4,\"name\":\"ZIMMERMANNSWINKEL\",\"item\":\"https:\\\/\\\/4k5tools.com\\\/produkt-kategorie\\\/messzeuge\\\/zimmermannswinkel\\\/\"},{\"@type\":\"ListItem\",\"position\":5,\"name\":\"SQ 180\"}]},{\"@type\":\"WebSite\",\"@id\":\"https:\\\/\\\/4k5tools.com\\\/#website\",\"url\":\"https:\\\/\\\/4k5tools.com\\\/\",\"name\":\"4K5 BETTER EQUIPMENT\",\"description\":\"\",\"publisher\":{\"@id\":\"https:\\\/\\\/4k5tools.com\\\/#organization\"},\"potentialAction\":[{\"@type\":\"SearchAction\",\"target\":{\"@type\":\"EntryPoint\",\"urlTemplate\":\"https:\\\/\\\/4k5tools.com\\\/?s={search_term_string}\"},\"query-input\":{\"@type\":\"PropertyValueSpecification\",\"valueRequired\":true,\"valueName\":\"search_term_string\"}}],\"inLanguage\":\"it-IT\"},{\"@type\":\"Organization\",\"@id\":\"https:\\\/\\\/4k5tools.com\\\/#organization\",\"name\":\"4K5 BETTER EQUIPMENT\",\"url\":\"https:\\\/\\\/4k5tools.com\\\/\",\"logo\":{\"@type\":\"ImageObject\",\"inLanguage\":\"it-IT\",\"@id\":\"https:\\\/\\\/4k5tools.com\\\/#\\\/schema\\\/logo\\\/image\\\/\",\"url\":\"https:\\\/\\\/4k5tools.com\\\/wp-content\\\/uploads\\\/2022\\\/04\\\/4K5_Better-Equipment.webp\",\"contentUrl\":\"https:\\\/\\\/4k5tools.com\\\/wp-content\\\/uploads\\\/2022\\\/04\\\/4K5_Better-Equipment.webp\",\"width\":550,\"height\":200,\"caption\":\"4K5 BETTER EQUIPMENT\"},\"image\":{\"@id\":\"https:\\\/\\\/4k5tools.com\\\/#\\\/schema\\\/logo\\\/image\\\/\"}}]}<\/script>\n<!-- \/ Yoast SEO plugin. -->","yoast_head_json":{"title":"SQ 180 - 4K5 BETTER EQUIPMENT","robots":{"index":"index","follow":"follow","max-snippet":"max-snippet:-1","max-image-preview":"max-image-preview:large","max-video-preview":"max-video-preview:-1"},"canonical":"https:\/\/4k5tools.com\/it\/produkte\/neuheiten\/messzeuge-neuheiten\/sq-180\/","og_locale":"it_IT","og_type":"article","og_title":"SQ 180 - 4K5 BETTER EQUIPMENT","og_description":"Handlicher Zimmermannswinkel (180 mm) f\u00fcr kompakte Werkst\u00fccke zum schnellen Ausrichten und Anrei\u00dfen auf engem Raum   COMPACT DESIGN: Bestens geeignet f\u00fcr kleinere Werkst\u00fccke und enge Arbeitsumgebungen  MULTI USE: Einsetzbar zum \u00dcbertragen von Winkeln, als Lineal, Gehrungshilfe, Linienanrei\u00dfer und S\u00e4gef\u00fchrung  QUICK MARKING: Hohe Arbeitsgeschwindigkeit beim Anrei\u00dfen und Ausrichten  ANGLE FINDER: Schnelles Festlegen und \u00dcbertragen von Winkeln per 90\u00b0-Winkelskala, ideal f\u00fcr Schr\u00e4gschnitte und Gehrungen  ROOF CONSTRUCTION: Ideal f\u00fcr Zimmermannsarbeiten durch Skalen f\u00fcr die Steigung von Normalsparren (COMMON) sowie Grat- und Kehlsparren (HIP-VAL)  CENTRAL PIVOT POINT: Drehpunkt erleichtert das \u00dcbertragen und Anrei\u00dfen von Winkeln  LOCK STOP: Anschlagsklemme verhindert ein Verrutschen des Werkzeugs beim Anzeichnen  LENGTH GUIDE: Integriertes Lineal zum schnellen \u00dcbertragen von L\u00e4ngen direkt am Werkst\u00fcck  GUIDE RAIL: Praktische F\u00fchrungsleiste zum Anlegen an Kanten, optimal zum Erstellen von parallelen Markierungen  SAW GUIDE: Nutzbar als F\u00fchrungsschiene f\u00fcr S\u00e4gen bei genauen Gehrungs- und L\u00e4ngsschnitten  MARKING NOTCHES: Integrierte Kerben zum schnellen und exakten Markieren f\u00fcr L\u00e4ngsschnitte  DURAGRAV: Lasergravierte Skala auf mattem, rotem Rahmen garantiert dauerhaft gute Ablesbarkeit  CHECK GAUGE: Verwendung als Lehre f\u00fcr einfaches Kontrollieren an einem vorhandenen Anri\u00df oder Schneidkante  DURASTRONG CONSTRUCTION: Gefertigt aus hochwertiger Aluminiumlegierung, langlebig und bruchresistent  SMART STORAGE: Einfaches Aufh\u00e4ngen bei Nichtgebrauch","og_url":"https:\/\/4k5tools.com\/it\/produkte\/neuheiten\/messzeuge-neuheiten\/sq-180\/","og_site_name":"4K5 BETTER EQUIPMENT","article_modified_time":"2026-03-04T07:14:38+00:00","og_image":[{"width":1300,"height":1300,"url":"https:\/\/4k5tools.com\/wp-content\/uploads\/2025\/06\/601.180A_10_Zimmermannswinkel.webp","type":"image\/webp"}],"twitter_card":"summary_large_image","twitter_misc":{"Tempo di lettura stimato":"2 minuti"},"schema":{"@context":"https:\/\/schema.org","@graph":[{"@type":"WebPage","@id":"https:\/\/4k5tools.com\/produkte\/neuheiten\/messzeuge-neuheiten\/sq-180\/","url":"https:\/\/4k5tools.com\/produkte\/neuheiten\/messzeuge-neuheiten\/sq-180\/","name":"SQ 180 - 4K5 BETTER EQUIPMENT","isPartOf":{"@id":"https:\/\/4k5tools.com\/#website"},"primaryImageOfPage":{"@id":"https:\/\/4k5tools.com\/produkte\/neuheiten\/messzeuge-neuheiten\/sq-180\/#primaryimage"},"image":{"@id":"https:\/\/4k5tools.com\/produkte\/neuheiten\/messzeuge-neuheiten\/sq-180\/#primaryimage"},"thumbnailUrl":"https:\/\/4k5tools.com\/wp-content\/uploads\/2025\/06\/601.180A_10_Zimmermannswinkel.webp","datePublished":"2025-06-26T05:39:13+00:00","dateModified":"2026-03-04T07:14:38+00:00","breadcrumb":{"@id":"https:\/\/4k5tools.com\/produkte\/neuheiten\/messzeuge-neuheiten\/sq-180\/#breadcrumb"},"inLanguage":"it-IT","potentialAction":[{"@type":"ReadAction","target":["https:\/\/4k5tools.com\/produkte\/neuheiten\/messzeuge-neuheiten\/sq-180\/"]}]},{"@type":"ImageObject","inLanguage":"it-IT","@id":"https:\/\/4k5tools.com\/produkte\/neuheiten\/messzeuge-neuheiten\/sq-180\/#primaryimage","url":"https:\/\/4k5tools.com\/wp-content\/uploads\/2025\/06\/601.180A_10_Zimmermannswinkel.webp","contentUrl":"https:\/\/4k5tools.com\/wp-content\/uploads\/2025\/06\/601.180A_10_Zimmermannswinkel.webp","width":1300,"height":1300,"caption":"Zimmermannswinkel 601.180A SQ 180"},{"@type":"BreadcrumbList","@id":"https:\/\/4k5tools.com\/produkte\/neuheiten\/messzeuge-neuheiten\/sq-180\/#breadcrumb","itemListElement":[{"@type":"ListItem","position":1,"name":"START","item":"https:\/\/4k5tools.com\/"},{"@type":"ListItem","position":2,"name":"PRODUKTE","item":"https:\/\/4k5tools.com\/shop\/"},{"@type":"ListItem","position":3,"name":"MESSZEUGE","item":"https:\/\/4k5tools.com\/produkt-kategorie\/messzeuge\/"},{"@type":"ListItem","position":4,"name":"ZIMMERMANNSWINKEL","item":"https:\/\/4k5tools.com\/produkt-kategorie\/messzeuge\/zimmermannswinkel\/"},{"@type":"ListItem","position":5,"name":"SQ 180"}]},{"@type":"WebSite","@id":"https:\/\/4k5tools.com\/#website","url":"https:\/\/4k5tools.com\/","name":"4K5 BETTER EQUIPMENT","description":"","publisher":{"@id":"https:\/\/4k5tools.com\/#organization"},"potentialAction":[{"@type":"SearchAction","target":{"@type":"EntryPoint","urlTemplate":"https:\/\/4k5tools.com\/?s={search_term_string}"},"query-input":{"@type":"PropertyValueSpecification","valueRequired":true,"valueName":"search_term_string"}}],"inLanguage":"it-IT"},{"@type":"Organization","@id":"https:\/\/4k5tools.com\/#organization","name":"4K5 BETTER EQUIPMENT","url":"https:\/\/4k5tools.com\/","logo":{"@type":"ImageObject","inLanguage":"it-IT","@id":"https:\/\/4k5tools.com\/#\/schema\/logo\/image\/","url":"https:\/\/4k5tools.com\/wp-content\/uploads\/2022\/04\/4K5_Better-Equipment.webp","contentUrl":"https:\/\/4k5tools.com\/wp-content\/uploads\/2022\/04\/4K5_Better-Equipment.webp","width":550,"height":200,"caption":"4K5 BETTER EQUIPMENT"},"image":{"@id":"https:\/\/4k5tools.com\/#\/schema\/logo\/image\/"}}]}},"_links":{"self":[{"href":"https:\/\/4k5tools.com\/it\/wp-json\/wp\/v2\/product\/5382","targetHints":{"allow":["GET"]}}],"collection":[{"href":"https:\/\/4k5tools.com\/it\/wp-json\/wp\/v2\/product"}],"about":[{"href":"https:\/\/4k5tools.com\/it\/wp-json\/wp\/v2\/types\/product"}],"wp:featuredmedia":[{"embeddable":true,"href":"https:\/\/4k5tools.com\/it\/wp-json\/wp\/v2\/media\/5386"}],"wp:attachment":[{"href":"https:\/\/4k5tools.com\/it\/wp-json\/wp\/v2\/media?parent=5382"}],"wp:term":[{"taxonomy":"product_brand","embeddable":true,"href":"https:\/\/4k5tools.com\/it\/wp-json\/wp\/v2\/product_brand?post=5382"},{"taxonomy":"product_cat","embeddable":true,"href":"https:\/\/4k5tools.com\/it\/wp-json\/wp\/v2\/product_cat?post=5382"},{"taxonomy":"product_tag","embeddable":true,"href":"https:\/\/4k5tools.com\/it\/wp-json\/wp\/v2\/product_tag?post=5382"}],"curies":[{"name":"wp","href":"https:\/\/api.w.org\/{rel}","templated":true}]}}