{"id":5473,"date":"2025-08-28T09:30:38","date_gmt":"2025-08-28T07:30:38","guid":{"rendered":"https:\/\/4k5tools.com\/?post_type=product&#038;p=5473"},"modified":"2025-08-28T10:12:01","modified_gmt":"2025-08-28T08:12:01","slug":"sfh-18s","status":"publish","type":"product","link":"https:\/\/4k5tools.com\/it\/produkte\/messer-und-werkzeuge\/hammer\/sfh-18s\/","title":{"rendered":"SFH 18S"},"content":{"rendered":"<p>Questa mazzetta maneggevole con elevata forza d\u2019impatto \u00e8 ideale per colpi energici su materiali resistenti. La testa forgiata in metallo compattato (50\u201358 HRC) consente una trasmissione ottimale della forza. Un sistema composito con anima in acciaio, dotato di sei anime in acciaio integrate e una piastra di bloccaggio supplementare, unisce testa e manico in un\u2019unit\u00e0 solida e duratura \u2013 per massima stabilit\u00e0 e trasmissione perfetta della forza. La struttura ammortizzante riduce le vibrazioni e protegge mano, braccio e articolazioni. Il manico ergonomico e antiscivolo garantisce un utilizzo confortevole anche in condizioni di bagnato.<\/p>","protected":false},"excerpt":{"rendered":"<p>Mazzetta compatta e indistruttibile con elevata forza d\u2019impatto<\/p>\n<ul>\n<li>HEAVY DUTY: Struttura pesante, perfetta per colpi efficaci su materiali resistenti<\/li>\n<li>MAX FORCE: Massima trasmissione della forza grazie alla testa forgiata in metallo compattato (50\u201358 HRC)<\/li>\n<li>DURASTRONG STEEL CORES: Anime in acciaio ad alta resistenza per durabilit\u00e0 e trasmissione ottimale tra manico e testa<\/li>\n<li>SECURING PLATE: Massima sicurezza, precisione e stabilit\u00e0 grazie alla piastra di bloccaggio tra manico e testa<\/li>\n<li>COMFORT WORK: Utilizzo confortevole grazie all'impugnatura ergonomica e antiscivolo \u2013 anche in condizioni di bagnato<\/li>\n<li>VIBRATION SHIELD: Struttura ammortizzante che riduce le vibrazioni e protegge mano, braccio e articolazioni<\/li>\n<\/ul>","protected":false},"featured_media":5462,"template":"","meta":{"ocean_post_layout":"","ocean_both_sidebars_style":"","ocean_both_sidebars_content_width":0,"ocean_both_sidebars_sidebars_width":0,"ocean_sidebar":"0","ocean_second_sidebar":"0","ocean_disable_margins":"enable","ocean_add_body_class":"","ocean_shortcode_before_top_bar":"","ocean_shortcode_after_top_bar":"","ocean_shortcode_before_header":"","ocean_shortcode_after_header":"","ocean_has_shortcode":"","ocean_shortcode_after_title":"","ocean_shortcode_before_footer_widgets":"","ocean_shortcode_after_footer_widgets":"","ocean_shortcode_before_footer_bottom":"","ocean_shortcode_after_footer_bottom":"","ocean_display_top_bar":"default","ocean_display_header":"default","ocean_header_style":"","ocean_center_header_left_menu":"0","ocean_custom_header_template":"0","ocean_custom_logo":0,"ocean_custom_retina_logo":0,"ocean_custom_logo_max_width":0,"ocean_custom_logo_tablet_max_width":0,"ocean_custom_logo_mobile_max_width":0,"ocean_custom_logo_max_height":0,"ocean_custom_logo_tablet_max_height":0,"ocean_custom_logo_mobile_max_height":0,"ocean_header_custom_menu":"0","ocean_menu_typo_font_family":"0","ocean_menu_typo_font_subset":"","ocean_menu_typo_font_size":0,"ocean_menu_typo_font_size_tablet":0,"ocean_menu_typo_font_size_mobile":0,"ocean_menu_typo_font_size_unit":"px","ocean_menu_typo_font_weight":"","ocean_menu_typo_font_weight_tablet":"","ocean_menu_typo_font_weight_mobile":"","ocean_menu_typo_transform":"","ocean_menu_typo_transform_tablet":"","ocean_menu_typo_transform_mobile":"","ocean_menu_typo_line_height":0,"ocean_menu_typo_line_height_tablet":0,"ocean_menu_typo_line_height_mobile":0,"ocean_menu_typo_line_height_unit":"","ocean_menu_typo_spacing":0,"ocean_menu_typo_spacing_tablet":0,"ocean_menu_typo_spacing_mobile":0,"ocean_menu_typo_spacing_unit":"","ocean_menu_link_color":"","ocean_menu_link_color_hover":"","ocean_menu_link_color_active":"","ocean_menu_link_background":"","ocean_menu_link_hover_background":"","ocean_menu_link_active_background":"","ocean_menu_social_links_bg":"","ocean_menu_social_hover_links_bg":"","ocean_menu_social_links_color":"","ocean_menu_social_hover_links_color":"","ocean_disable_title":"default","ocean_disable_heading":"default","ocean_post_title":"","ocean_post_subheading":"","ocean_post_title_style":"","ocean_post_title_background_color":"","ocean_post_title_background":0,"ocean_post_title_bg_image_position":"","ocean_post_title_bg_image_attachment":"","ocean_post_title_bg_image_repeat":"","ocean_post_title_bg_image_size":"","ocean_post_title_height":0,"ocean_post_title_bg_overlay":0.5,"ocean_post_title_bg_overlay_color":"","ocean_disable_breadcrumbs":"default","ocean_breadcrumbs_color":"","ocean_breadcrumbs_separator_color":"","ocean_breadcrumbs_links_color":"","ocean_breadcrumbs_links_hover_color":"","ocean_display_footer_widgets":"default","ocean_display_footer_bottom":"default","ocean_custom_footer_template":"0"},"product_brand":[],"product_cat":[100,48],"product_tag":[],"class_list":{"0":"post-5473","1":"product","2":"type-product","3":"status-publish","4":"has-post-thumbnail","6":"product_cat-hammer","7":"product_cat-messer-und-werkzeuge","9":"entry","10":"has-media","12":"first","13":"instock","14":"shipping-taxable","15":"product-type-simple","16":"has-product-nav","17":"col","18":"span_1_of_3","19":"owp-content-center","20":"owp-thumbs-layout-horizontal","21":"owp-btn-normal","22":"owp-tabs-layout-horizontal"},"yoast_head":"<!-- This site is optimized with the Yoast SEO plugin v27.0 - https:\/\/yoast.com\/product\/yoast-seo-wordpress\/ -->\n<title>SFH 18S - 4K5 BETTER EQUIPMENT<\/title>\n<meta name=\"robots\" content=\"index, follow, max-snippet:-1, max-image-preview:large, max-video-preview:-1\" \/>\n<link rel=\"canonical\" href=\"https:\/\/4k5tools.com\/it\/produkte\/messer-und-werkzeuge\/hammer\/sfh-18s\/\" \/>\n<meta property=\"og:locale\" content=\"it_IT\" \/>\n<meta property=\"og:type\" content=\"article\" \/>\n<meta property=\"og:title\" content=\"SFH 18S - 4K5 BETTER EQUIPMENT\" \/>\n<meta property=\"og:description\" content=\"Unzerst\u00f6rbarer, handlicher F\u00e4ustel mit hoher Schlagkraft   HEAVY DUTY: Schwere Ausf\u00fchrung perfekt f\u00fcr wirkungsvolle Schl\u00e4ge an widerstandsf\u00e4higen Materialien  MAX FORCE: Optimale Kraftentfaltung durch geschmiedeten Hammerkopf aus verdichtetem Metall (50-58 HRC)  DURASTRONG STEEL CORES: Hochfeste Stahlseelen f\u00fcr gro\u00dfe Haltbarkeit und optimale Kraft\u00fcbertragung zwischen Hammerstiel und -kopf  SECURING PLATE: Maximale Sicherheit, Pr\u00e4zision und Stabilit\u00e4t dank zuverl\u00e4ssiger Verriegelungsplatte zwischen Hammerstiel und -kopf  COMFORT WORK: Komfortable Anwendung durch ergonomischen und rutschfesten Stiel, auch unter nassen Bedingungen  VIBRATION SHIELD: Schwingungsd\u00e4mpfende Bauform lindert Ersch\u00fctterungen und schont Hand, Arm und Gelenk\" \/>\n<meta property=\"og:url\" content=\"https:\/\/4k5tools.com\/it\/produkte\/messer-und-werkzeuge\/hammer\/sfh-18s\/\" \/>\n<meta property=\"og:site_name\" content=\"4K5 BETTER EQUIPMENT\" \/>\n<meta property=\"article:modified_time\" content=\"2025-08-28T08:12:01+00:00\" \/>\n<meta property=\"og:image\" content=\"https:\/\/4k5tools.com\/wp-content\/uploads\/2025\/08\/607.318_Hammer.webp\" \/>\n\t<meta property=\"og:image:width\" content=\"1300\" \/>\n\t<meta property=\"og:image:height\" content=\"1300\" \/>\n\t<meta property=\"og:image:type\" content=\"image\/webp\" \/>\n<meta name=\"twitter:card\" content=\"summary_large_image\" \/>\n<meta name=\"twitter:label1\" content=\"Tempo di lettura stimato\" \/>\n\t<meta name=\"twitter:data1\" content=\"1 minuto\" \/>\n<script type=\"application\/ld+json\" class=\"yoast-schema-graph\">{\"@context\":\"https:\/\/schema.org\",\"@graph\":[{\"@type\":\"WebPage\",\"@id\":\"https:\/\/4k5tools.com\/produkte\/messer-und-werkzeuge\/hammer\/sfh-18s\/\",\"url\":\"https:\/\/4k5tools.com\/produkte\/messer-und-werkzeuge\/hammer\/sfh-18s\/\",\"name\":\"SFH 18S - 4K5 BETTER EQUIPMENT\",\"isPartOf\":{\"@id\":\"https:\/\/4k5tools.com\/#website\"},\"primaryImageOfPage\":{\"@id\":\"https:\/\/4k5tools.com\/produkte\/messer-und-werkzeuge\/hammer\/sfh-18s\/#primaryimage\"},\"image\":{\"@id\":\"https:\/\/4k5tools.com\/produkte\/messer-und-werkzeuge\/hammer\/sfh-18s\/#primaryimage\"},\"thumbnailUrl\":\"https:\/\/4k5tools.com\/wp-content\/uploads\/2025\/08\/607.318_Hammer.webp\",\"datePublished\":\"2025-08-28T07:30:38+00:00\",\"dateModified\":\"2025-08-28T08:12:01+00:00\",\"breadcrumb\":{\"@id\":\"https:\/\/4k5tools.com\/produkte\/messer-und-werkzeuge\/hammer\/sfh-18s\/#breadcrumb\"},\"inLanguage\":\"it-IT\",\"potentialAction\":[{\"@type\":\"ReadAction\",\"target\":[\"https:\/\/4k5tools.com\/produkte\/messer-und-werkzeuge\/hammer\/sfh-18s\/\"]}]},{\"@type\":\"ImageObject\",\"inLanguage\":\"it-IT\",\"@id\":\"https:\/\/4k5tools.com\/produkte\/messer-und-werkzeuge\/hammer\/sfh-18s\/#primaryimage\",\"url\":\"https:\/\/4k5tools.com\/wp-content\/uploads\/2025\/08\/607.318_Hammer.webp\",\"contentUrl\":\"https:\/\/4k5tools.com\/wp-content\/uploads\/2025\/08\/607.318_Hammer.webp\",\"width\":1300,\"height\":1300,\"caption\":\"607.318 Hammer 4K5\"},{\"@type\":\"BreadcrumbList\",\"@id\":\"https:\/\/4k5tools.com\/produkte\/messer-und-werkzeuge\/hammer\/sfh-18s\/#breadcrumb\",\"itemListElement\":[{\"@type\":\"ListItem\",\"position\":1,\"name\":\"START\",\"item\":\"https:\/\/4k5tools.com\/\"},{\"@type\":\"ListItem\",\"position\":2,\"name\":\"PRODUKTE\",\"item\":\"https:\/\/4k5tools.com\/shop\/\"},{\"@type\":\"ListItem\",\"position\":3,\"name\":\"MESSER UND WERKZEUGE\",\"item\":\"https:\/\/4k5tools.com\/produkt-kategorie\/messer-und-werkzeuge\/\"},{\"@type\":\"ListItem\",\"position\":4,\"name\":\"SFH 18S\"}]},{\"@type\":\"WebSite\",\"@id\":\"https:\/\/4k5tools.com\/#website\",\"url\":\"https:\/\/4k5tools.com\/\",\"name\":\"4K5 BETTER EQUIPMENT\",\"description\":\"\",\"publisher\":{\"@id\":\"https:\/\/4k5tools.com\/#organization\"},\"potentialAction\":[{\"@type\":\"SearchAction\",\"target\":{\"@type\":\"EntryPoint\",\"urlTemplate\":\"https:\/\/4k5tools.com\/?s={search_term_string}\"},\"query-input\":{\"@type\":\"PropertyValueSpecification\",\"valueRequired\":true,\"valueName\":\"search_term_string\"}}],\"inLanguage\":\"it-IT\"},{\"@type\":\"Organization\",\"@id\":\"https:\/\/4k5tools.com\/#organization\",\"name\":\"4K5 BETTER EQUIPMENT\",\"url\":\"https:\/\/4k5tools.com\/\",\"logo\":{\"@type\":\"ImageObject\",\"inLanguage\":\"it-IT\",\"@id\":\"https:\/\/4k5tools.com\/#\/schema\/logo\/image\/\",\"url\":\"https:\/\/4k5tools.com\/wp-content\/uploads\/2022\/04\/4K5_Better-Equipment.webp\",\"contentUrl\":\"https:\/\/4k5tools.com\/wp-content\/uploads\/2022\/04\/4K5_Better-Equipment.webp\",\"width\":550,\"height\":200,\"caption\":\"4K5 BETTER EQUIPMENT\"},\"image\":{\"@id\":\"https:\/\/4k5tools.com\/#\/schema\/logo\/image\/\"}}]}<\/script>\n<!-- \/ Yoast SEO plugin. -->","yoast_head_json":{"title":"SFH 18S - 4K5 BETTER EQUIPMENT","robots":{"index":"index","follow":"follow","max-snippet":"max-snippet:-1","max-image-preview":"max-image-preview:large","max-video-preview":"max-video-preview:-1"},"canonical":"https:\/\/4k5tools.com\/it\/produkte\/messer-und-werkzeuge\/hammer\/sfh-18s\/","og_locale":"it_IT","og_type":"article","og_title":"SFH 18S - 4K5 BETTER EQUIPMENT","og_description":"Unzerst\u00f6rbarer, handlicher F\u00e4ustel mit hoher Schlagkraft   HEAVY DUTY: Schwere Ausf\u00fchrung perfekt f\u00fcr wirkungsvolle Schl\u00e4ge an widerstandsf\u00e4higen Materialien  MAX FORCE: Optimale Kraftentfaltung durch geschmiedeten Hammerkopf aus verdichtetem Metall (50-58 HRC)  DURASTRONG STEEL CORES: Hochfeste Stahlseelen f\u00fcr gro\u00dfe Haltbarkeit und optimale Kraft\u00fcbertragung zwischen Hammerstiel und -kopf  SECURING PLATE: Maximale Sicherheit, Pr\u00e4zision und Stabilit\u00e4t dank zuverl\u00e4ssiger Verriegelungsplatte zwischen Hammerstiel und -kopf  COMFORT WORK: Komfortable Anwendung durch ergonomischen und rutschfesten Stiel, auch unter nassen Bedingungen  VIBRATION SHIELD: Schwingungsd\u00e4mpfende Bauform lindert Ersch\u00fctterungen und schont Hand, Arm und Gelenk","og_url":"https:\/\/4k5tools.com\/it\/produkte\/messer-und-werkzeuge\/hammer\/sfh-18s\/","og_site_name":"4K5 BETTER EQUIPMENT","article_modified_time":"2025-08-28T08:12:01+00:00","og_image":[{"width":1300,"height":1300,"url":"https:\/\/4k5tools.com\/wp-content\/uploads\/2025\/08\/607.318_Hammer.webp","type":"image\/webp"}],"twitter_card":"summary_large_image","twitter_misc":{"Tempo di lettura stimato":"1 minuto"},"schema":{"@context":"https:\/\/schema.org","@graph":[{"@type":"WebPage","@id":"https:\/\/4k5tools.com\/produkte\/messer-und-werkzeuge\/hammer\/sfh-18s\/","url":"https:\/\/4k5tools.com\/produkte\/messer-und-werkzeuge\/hammer\/sfh-18s\/","name":"SFH 18S - 4K5 BETTER EQUIPMENT","isPartOf":{"@id":"https:\/\/4k5tools.com\/#website"},"primaryImageOfPage":{"@id":"https:\/\/4k5tools.com\/produkte\/messer-und-werkzeuge\/hammer\/sfh-18s\/#primaryimage"},"image":{"@id":"https:\/\/4k5tools.com\/produkte\/messer-und-werkzeuge\/hammer\/sfh-18s\/#primaryimage"},"thumbnailUrl":"https:\/\/4k5tools.com\/wp-content\/uploads\/2025\/08\/607.318_Hammer.webp","datePublished":"2025-08-28T07:30:38+00:00","dateModified":"2025-08-28T08:12:01+00:00","breadcrumb":{"@id":"https:\/\/4k5tools.com\/produkte\/messer-und-werkzeuge\/hammer\/sfh-18s\/#breadcrumb"},"inLanguage":"it-IT","potentialAction":[{"@type":"ReadAction","target":["https:\/\/4k5tools.com\/produkte\/messer-und-werkzeuge\/hammer\/sfh-18s\/"]}]},{"@type":"ImageObject","inLanguage":"it-IT","@id":"https:\/\/4k5tools.com\/produkte\/messer-und-werkzeuge\/hammer\/sfh-18s\/#primaryimage","url":"https:\/\/4k5tools.com\/wp-content\/uploads\/2025\/08\/607.318_Hammer.webp","contentUrl":"https:\/\/4k5tools.com\/wp-content\/uploads\/2025\/08\/607.318_Hammer.webp","width":1300,"height":1300,"caption":"607.318 Hammer 4K5"},{"@type":"BreadcrumbList","@id":"https:\/\/4k5tools.com\/produkte\/messer-und-werkzeuge\/hammer\/sfh-18s\/#breadcrumb","itemListElement":[{"@type":"ListItem","position":1,"name":"START","item":"https:\/\/4k5tools.com\/"},{"@type":"ListItem","position":2,"name":"PRODUKTE","item":"https:\/\/4k5tools.com\/shop\/"},{"@type":"ListItem","position":3,"name":"MESSER UND WERKZEUGE","item":"https:\/\/4k5tools.com\/produkt-kategorie\/messer-und-werkzeuge\/"},{"@type":"ListItem","position":4,"name":"SFH 18S"}]},{"@type":"WebSite","@id":"https:\/\/4k5tools.com\/#website","url":"https:\/\/4k5tools.com\/","name":"4K5 BETTER EQUIPMENT","description":"","publisher":{"@id":"https:\/\/4k5tools.com\/#organization"},"potentialAction":[{"@type":"SearchAction","target":{"@type":"EntryPoint","urlTemplate":"https:\/\/4k5tools.com\/?s={search_term_string}"},"query-input":{"@type":"PropertyValueSpecification","valueRequired":true,"valueName":"search_term_string"}}],"inLanguage":"it-IT"},{"@type":"Organization","@id":"https:\/\/4k5tools.com\/#organization","name":"4K5 BETTER EQUIPMENT","url":"https:\/\/4k5tools.com\/","logo":{"@type":"ImageObject","inLanguage":"it-IT","@id":"https:\/\/4k5tools.com\/#\/schema\/logo\/image\/","url":"https:\/\/4k5tools.com\/wp-content\/uploads\/2022\/04\/4K5_Better-Equipment.webp","contentUrl":"https:\/\/4k5tools.com\/wp-content\/uploads\/2022\/04\/4K5_Better-Equipment.webp","width":550,"height":200,"caption":"4K5 BETTER EQUIPMENT"},"image":{"@id":"https:\/\/4k5tools.com\/#\/schema\/logo\/image\/"}}]}},"_links":{"self":[{"href":"https:\/\/4k5tools.com\/it\/wp-json\/wp\/v2\/product\/5473","targetHints":{"allow":["GET"]}}],"collection":[{"href":"https:\/\/4k5tools.com\/it\/wp-json\/wp\/v2\/product"}],"about":[{"href":"https:\/\/4k5tools.com\/it\/wp-json\/wp\/v2\/types\/product"}],"wp:featuredmedia":[{"embeddable":true,"href":"https:\/\/4k5tools.com\/it\/wp-json\/wp\/v2\/media\/5462"}],"wp:attachment":[{"href":"https:\/\/4k5tools.com\/it\/wp-json\/wp\/v2\/media?parent=5473"}],"wp:term":[{"taxonomy":"product_brand","embeddable":true,"href":"https:\/\/4k5tools.com\/it\/wp-json\/wp\/v2\/product_brand?post=5473"},{"taxonomy":"product_cat","embeddable":true,"href":"https:\/\/4k5tools.com\/it\/wp-json\/wp\/v2\/product_cat?post=5473"},{"taxonomy":"product_tag","embeddable":true,"href":"https:\/\/4k5tools.com\/it\/wp-json\/wp\/v2\/product_tag?post=5473"}],"curies":[{"name":"wp","href":"https:\/\/api.w.org\/{rel}","templated":true}]}}