{"id":5577,"date":"2026-03-03T08:14:37","date_gmt":"2026-03-03T07:14:37","guid":{"rendered":"https:\/\/4k5tools.com\/?post_type=product&#038;p=5577"},"modified":"2026-03-04T07:37:46","modified_gmt":"2026-03-04T06:37:46","slug":"pds-5-pro-pack","status":"publish","type":"product","link":"https:\/\/4k5tools.com\/it\/produkte\/neuheiten\/e-schraubendreher-neuheiten\/pds-5-pro-pack\/","title":{"rendered":"PDS 5 PRO PACK"},"content":{"rendered":"<p>Dieses vielseitige elektrische Schraubendreher-Multi-Bit-Set enth\u00e4lt einen Bithalter-Sechskant mit dem g\u00e4ngigsten Ma\u00df (\u00bc Zoll\/6,35 mm) und 20 hochwertige Bits in einer L\u00e4nge von 75 Millimetern. Dazu z\u00e4hlen Kreuzschlitz, Pozidriv, Schlitz, Torx, Schlitz\/Pozidriv PlusMinus, Innensechskant und 2 Sechskant-Steckschl\u00fcssel, perfekt f\u00fcr alle g\u00e4ngigen Schraubarbeiten. Ein zuverl\u00e4ssiger Sicherheitsverschluss erm\u00f6glicht festen Werkzeugsitz beim Bohren oder Herausziehen des Schraubendrehers aus dem Werkst\u00fcck und das Drehmoment auf 5 oder 1 Newtonmeter einstellbar. Ein effizientes Dreifach-Planetengetriebe mit Pr\u00e4zisions-Zahnr\u00e4dern liefert kraftvollen Antrieb. Der manuelle Schraubenanzug per Hand ist perfekt zum fein dosierten Anziehen der letzten Schraubeng\u00e4nge. Die automatische Feststellbremse erlaubt kraftschl\u00fcssiges Handandrehen bis 15 Newtonmeter.<\/p>","protected":false},"excerpt":{"rendered":"<p>Drehmomentstarkes, elektrisches Schraubendreher-Multi-Bit-Set mit 20 Bits in einer L\u00e4nge von 75 Millimetern, f\u00fcr schnelles, komfortables und erm\u00fcdungsfreies Arbeiten &#8211; inklusive Falttasche zur praktischen Aufbewahrung von Schraubendreher und Bits<\/p>\n<ul title=\"\">\n<li title=\"\">FAST FIT: Avvitamento veloce, 4 volte pi\u00f9 rapido rispetto all'avvitamento manuale con un giravite a mano convenzionale<\/li>\n<li title=\"\">HIGH TORQUE: Ordentliches Drehmoment zum einfachen Anziehen und L\u00f6sen von Schrauben<\/li>\n<li title=\"\">COMFORT WORK: Nessun segno di affaticamento, come calli e vesciche sui palmi, anche dopo molteplici operazioni di avvitamento<\/li>\n<li title=\"\">SLIM SPACE TOOL: Ingombro ridotto grazie alla forma a cuneo, ideale per spazi di lavoro limitati che non possono essere raggiunti con un utensile di grandi dimensioni<\/li>\n<li title=\"\">FINE SENSE: Serraggio manuale preciso e delicato degli ultimi giri di vite<\/li>\n<li title=\"\">STANDARD NORM ADAPTER: Mandrino esagonale dalle dimensioni pi\u00f9 comuni (\u00bc di pollice\/6,35 mm) e utensili intercambiabili (punte e adattatore) che garantiscono una maggiore flessibilit\u00e0<\/li>\n<li title=\"\">ELECTRO EXPERT: Kombinations-Bits mit Schlitz- und Pozidriv-Profil f\u00fcr PlusMinus-Schrauben in elektrischen Anlagen, beispielsweise f\u00fcr Arbeiten an Sicherungsautomaten und Festziehen von Schraubklemmen<\/li>\n<li title=\"\">COLOR CODE: Farbige Abstufung f\u00fcr schnelles Erkennen der Bits<\/li>\n<li title=\"\">SECURE LOCK: Blocco di sicurezza affidabile che consente di fissare saldamente l'utensile durante la foratura e di estrarre l\u2019avvitatore dalla superficie di lavoro<\/li>\n<li title=\"\">HIGH POWER: Trasmissione potente grazie a un efficiente riduttore epicicloidale a triplo stadio con ingranaggi di precisione<\/li>\n<li title=\"\">STRONG HAND LOCK: Rotazione manuale rafforzata fino a 10 Nm grazie al meccanismo autobloccante<\/li>\n<li title=\"\">PRO POWER GRIP: L'estremit\u00e0 bombata dell'impugnatura offre una trasmissione ottimale della coppia durante la rotazione manuale<\/li>\n<li title=\"\">EASY CONTROL: Tasti diretti per una facile selezione della rotazione a destra o a sinistra<\/li>\n<li title=\"\">AUTO LED: Illuminazione automatica a LED integrata dell'area di avvitamento<\/li>\n<li title=\"\">COMPACT SIZE: Grazie al suo pratico design, l'apparecchio pu\u00f2 essere riposto in qualsiasi borsa o cassetta degli attrezzi<\/li>\n<li title=\"\">USB PORT: Tecnologia di ricarica moderna USB<\/li>\n<\/ul>\n<p><a href=\"https:\/\/4k5tools.com\/wp-content\/uploads\/2024\/05\/610.500A_-PDS_5_Set_V24_05_14_610_500A_DE_ORIGINAL_70_02.pdf\" target=\"_blank\" rel=\"noopener\"><img decoding=\"async\" class=\"alignnone size-full wp-image-5043\" src=\"https:\/\/4k5tools.com\/wp-content\/uploads\/2024\/05\/CE_Zeichen.webp\" alt=\"CE\" width=\"50\" height=\"50\" \/><\/a><\/p>","protected":false},"featured_media":4972,"template":"","meta":{"ocean_post_layout":"","ocean_both_sidebars_style":"","ocean_both_sidebars_content_width":0,"ocean_both_sidebars_sidebars_width":0,"ocean_sidebar":"0","ocean_second_sidebar":"0","ocean_disable_margins":"enable","ocean_add_body_class":"","ocean_shortcode_before_top_bar":"","ocean_shortcode_after_top_bar":"","ocean_shortcode_before_header":"","ocean_shortcode_after_header":"","ocean_has_shortcode":"","ocean_shortcode_after_title":"","ocean_shortcode_before_footer_widgets":"","ocean_shortcode_after_footer_widgets":"","ocean_shortcode_before_footer_bottom":"","ocean_shortcode_after_footer_bottom":"","ocean_display_top_bar":"default","ocean_display_header":"default","ocean_header_style":"","ocean_center_header_left_menu":"0","ocean_custom_header_template":"0","ocean_custom_logo":0,"ocean_custom_retina_logo":0,"ocean_custom_logo_max_width":0,"ocean_custom_logo_tablet_max_width":0,"ocean_custom_logo_mobile_max_width":0,"ocean_custom_logo_max_height":0,"ocean_custom_logo_tablet_max_height":0,"ocean_custom_logo_mobile_max_height":0,"ocean_header_custom_menu":"0","ocean_menu_typo_font_family":"0","ocean_menu_typo_font_subset":"","ocean_menu_typo_font_size":0,"ocean_menu_typo_font_size_tablet":0,"ocean_menu_typo_font_size_mobile":0,"ocean_menu_typo_font_size_unit":"px","ocean_menu_typo_font_weight":"","ocean_menu_typo_font_weight_tablet":"","ocean_menu_typo_font_weight_mobile":"","ocean_menu_typo_transform":"","ocean_menu_typo_transform_tablet":"","ocean_menu_typo_transform_mobile":"","ocean_menu_typo_line_height":0,"ocean_menu_typo_line_height_tablet":0,"ocean_menu_typo_line_height_mobile":0,"ocean_menu_typo_line_height_unit":"","ocean_menu_typo_spacing":0,"ocean_menu_typo_spacing_tablet":0,"ocean_menu_typo_spacing_mobile":0,"ocean_menu_typo_spacing_unit":"","ocean_menu_link_color":"","ocean_menu_link_color_hover":"","ocean_menu_link_color_active":"","ocean_menu_link_background":"","ocean_menu_link_hover_background":"","ocean_menu_link_active_background":"","ocean_menu_social_links_bg":"","ocean_menu_social_hover_links_bg":"","ocean_menu_social_links_color":"","ocean_menu_social_hover_links_color":"","ocean_disable_title":"default","ocean_disable_heading":"default","ocean_post_title":"","ocean_post_subheading":"","ocean_post_title_style":"","ocean_post_title_background_color":"","ocean_post_title_background":0,"ocean_post_title_bg_image_position":"","ocean_post_title_bg_image_attachment":"","ocean_post_title_bg_image_repeat":"","ocean_post_title_bg_image_size":"","ocean_post_title_height":0,"ocean_post_title_bg_overlay":0.5,"ocean_post_title_bg_overlay_color":"","ocean_disable_breadcrumbs":"default","ocean_breadcrumbs_color":"","ocean_breadcrumbs_separator_color":"","ocean_breadcrumbs_links_color":"","ocean_breadcrumbs_links_hover_color":"","ocean_display_footer_widgets":"default","ocean_display_footer_bottom":"default","ocean_custom_footer_template":"0"},"product_brand":[],"product_cat":[95,94,48,89],"product_tag":[],"class_list":{"0":"post-5577","1":"product","2":"type-product","3":"status-publish","4":"has-post-thumbnail","6":"product_cat-e-schraubendreher-neuheiten","7":"product_cat-e-schraubendreher","8":"product_cat-messer-und-werkzeuge","9":"product_cat-neuheiten","11":"entry","12":"has-media","14":"first","15":"instock","16":"shipping-taxable","17":"product-type-simple","18":"has-product-nav","19":"col","20":"span_1_of_3","21":"owp-content-center","22":"owp-thumbs-layout-horizontal","23":"owp-btn-normal","24":"owp-tabs-layout-horizontal","25":"has-no-thumbnails"},"yoast_head":"<!-- This site is optimized with the Yoast SEO plugin v27.3 - https:\/\/yoast.com\/product\/yoast-seo-wordpress\/ -->\n<title>PDS 5 PRO PACK - 4K5 BETTER EQUIPMENT<\/title>\n<meta name=\"robots\" content=\"index, follow, max-snippet:-1, max-image-preview:large, max-video-preview:-1\" \/>\n<link rel=\"canonical\" href=\"https:\/\/4k5tools.com\/it\/produkte\/neuheiten\/e-schraubendreher-neuheiten\/pds-5-pro-pack\/\" \/>\n<meta property=\"og:locale\" content=\"it_IT\" \/>\n<meta property=\"og:type\" content=\"article\" \/>\n<meta property=\"og:title\" content=\"PDS 5 PRO PACK - 4K5 BETTER EQUIPMENT\" \/>\n<meta property=\"og:description\" content=\"Drehmomentstarkes, elektrisches Schraubendreher-Multi-Bit-Set mit 20 Bits in einer L\u00e4nge von 75 Millimetern, f\u00fcr schnelles, komfortables und erm\u00fcdungsfreies Arbeiten - inklusive Falttasche zur praktischen Aufbewahrung von Schraubendreher und Bits   FAST FIT: Zeitsparendes Schrauben, 4-mal schneller als manuelles Anziehen mit einem konventionellen Handschraubendreher  HIGH TORQUE: Ordentliches Drehmoment zum einfachen Anziehen und L\u00f6sen von Schrauben  COMFORT WORK: Keine Erm\u00fcdungserscheinungen wie Schwielen und Blasen an den Handfl\u00e4chen selbst bei zahlreichen Schraubvorg\u00e4ngen  SLIM SPACE TOOL: Geringer Platzbedarf dank Keilform, ideal f\u00fcr enge Arbeitsr\u00e4ume, die mit einem gro\u00dfen Werkzeug nicht erreichbar sind  FINE SENSE: Fein dosiertes und materialschonendes Anziehen der letzten Schraubeng\u00e4nge per Hand  STANDARD NORM ADAPTER: Bithalter\u2013Sechskant mit dem g\u00e4ngigsten Ma\u00df (\u00bc Zoll\/6,35 mm) und auswechselbare Werkzeuge (Bits und Adapter) erh\u00f6hen die Flexibilit\u00e4t  ELECTRO EXPERT: Kombinations-Bits mit Schlitz- und Pozidriv-Profil f\u00fcr PlusMinus-Schrauben in elektrischen Anlagen, beispielsweise f\u00fcr Arbeiten an Sicherungsautomaten und Festziehen von Schraubklemmen  COLOR CODE: Farbige Abstufung f\u00fcr schnelles Erkennen der Bits  SECURE LOCK: Zuverl\u00e4ssiger Sicherheitsverschluss f\u00fcr festen Werkzeugsitz beim Bohren und Herausziehen des Schraubendrehers aus dem Werkst\u00fcck  HIGH POWER: Kraftvoller Antrieb durch effizientes Dreifach-Planetengetriebe mit Pr\u00e4zisions-Zahnr\u00e4dern  STRONG HAND LOCK: Kraftschl\u00fcssiges Handandrehen bis 10 Nm durch automatische Feststellbremse  PRO POWER GRIP: Balliges Griffende bietet eine optimale Drehmoment\u00fcbertragung beim Handandrehen  EASY CONTROL: Direkttasten zur einfachen Wahl von Rechts- oder Linkslauf  AUTO LED: Integrierte automatische LED-Beleuchtung des Schraubbereiches  COMPACT SIZE: Ger\u00e4t findet dank handlicher Bauform in jeder Werkzeugtasche oder -kiste Platz  USB PORT: Moderne USB-Ladetechnik\" \/>\n<meta property=\"og:url\" content=\"https:\/\/4k5tools.com\/it\/produkte\/neuheiten\/e-schraubendreher-neuheiten\/pds-5-pro-pack\/\" \/>\n<meta property=\"og:site_name\" content=\"4K5 BETTER EQUIPMENT\" \/>\n<meta property=\"article:modified_time\" content=\"2026-03-04T06:37:46+00:00\" \/>\n<meta property=\"og:image\" content=\"https:\/\/4k5tools.com\/wp-content\/uploads\/2024\/03\/610.500A-Schraubendreher-4K5-Perspektive.webp\" \/>\n\t<meta property=\"og:image:width\" content=\"1300\" \/>\n\t<meta property=\"og:image:height\" content=\"1300\" \/>\n\t<meta property=\"og:image:type\" content=\"image\/webp\" \/>\n<meta name=\"twitter:card\" content=\"summary_large_image\" \/>\n<meta name=\"twitter:label1\" content=\"Tempo di lettura stimato\" \/>\n\t<meta name=\"twitter:data1\" content=\"1 minuto\" \/>\n<script type=\"application\/ld+json\" class=\"yoast-schema-graph\">{\"@context\":\"https:\\\/\\\/schema.org\",\"@graph\":[{\"@type\":\"WebPage\",\"@id\":\"https:\\\/\\\/4k5tools.com\\\/produkte\\\/neuheiten\\\/e-schraubendreher-neuheiten\\\/pds-5-pro-pack\\\/\",\"url\":\"https:\\\/\\\/4k5tools.com\\\/produkte\\\/neuheiten\\\/e-schraubendreher-neuheiten\\\/pds-5-pro-pack\\\/\",\"name\":\"PDS 5 PRO PACK - 4K5 BETTER EQUIPMENT\",\"isPartOf\":{\"@id\":\"https:\\\/\\\/4k5tools.com\\\/#website\"},\"primaryImageOfPage\":{\"@id\":\"https:\\\/\\\/4k5tools.com\\\/produkte\\\/neuheiten\\\/e-schraubendreher-neuheiten\\\/pds-5-pro-pack\\\/#primaryimage\"},\"image\":{\"@id\":\"https:\\\/\\\/4k5tools.com\\\/produkte\\\/neuheiten\\\/e-schraubendreher-neuheiten\\\/pds-5-pro-pack\\\/#primaryimage\"},\"thumbnailUrl\":\"https:\\\/\\\/4k5tools.com\\\/wp-content\\\/uploads\\\/2024\\\/03\\\/610.500A-Schraubendreher-4K5-Perspektive.webp\",\"datePublished\":\"2026-03-03T07:14:37+00:00\",\"dateModified\":\"2026-03-04T06:37:46+00:00\",\"breadcrumb\":{\"@id\":\"https:\\\/\\\/4k5tools.com\\\/produkte\\\/neuheiten\\\/e-schraubendreher-neuheiten\\\/pds-5-pro-pack\\\/#breadcrumb\"},\"inLanguage\":\"it-IT\",\"potentialAction\":[{\"@type\":\"ReadAction\",\"target\":[\"https:\\\/\\\/4k5tools.com\\\/produkte\\\/neuheiten\\\/e-schraubendreher-neuheiten\\\/pds-5-pro-pack\\\/\"]}]},{\"@type\":\"ImageObject\",\"inLanguage\":\"it-IT\",\"@id\":\"https:\\\/\\\/4k5tools.com\\\/produkte\\\/neuheiten\\\/e-schraubendreher-neuheiten\\\/pds-5-pro-pack\\\/#primaryimage\",\"url\":\"https:\\\/\\\/4k5tools.com\\\/wp-content\\\/uploads\\\/2024\\\/03\\\/610.500A-Schraubendreher-4K5-Perspektive.webp\",\"contentUrl\":\"https:\\\/\\\/4k5tools.com\\\/wp-content\\\/uploads\\\/2024\\\/03\\\/610.500A-Schraubendreher-4K5-Perspektive.webp\",\"width\":1300,\"height\":1300,\"caption\":\"Schraubendreher 610.500A PDS 5 SET\"},{\"@type\":\"BreadcrumbList\",\"@id\":\"https:\\\/\\\/4k5tools.com\\\/produkte\\\/neuheiten\\\/e-schraubendreher-neuheiten\\\/pds-5-pro-pack\\\/#breadcrumb\",\"itemListElement\":[{\"@type\":\"ListItem\",\"position\":1,\"name\":\"START\",\"item\":\"https:\\\/\\\/4k5tools.com\\\/\"},{\"@type\":\"ListItem\",\"position\":2,\"name\":\"PRODUKTE\",\"item\":\"https:\\\/\\\/4k5tools.com\\\/shop\\\/\"},{\"@type\":\"ListItem\",\"position\":3,\"name\":\"NEUHEITEN\",\"item\":\"https:\\\/\\\/4k5tools.com\\\/produkt-kategorie\\\/neuheiten\\\/\"},{\"@type\":\"ListItem\",\"position\":4,\"name\":\"PDS 5 PRO PACK\"}]},{\"@type\":\"WebSite\",\"@id\":\"https:\\\/\\\/4k5tools.com\\\/#website\",\"url\":\"https:\\\/\\\/4k5tools.com\\\/\",\"name\":\"4K5 BETTER EQUIPMENT\",\"description\":\"\",\"publisher\":{\"@id\":\"https:\\\/\\\/4k5tools.com\\\/#organization\"},\"potentialAction\":[{\"@type\":\"SearchAction\",\"target\":{\"@type\":\"EntryPoint\",\"urlTemplate\":\"https:\\\/\\\/4k5tools.com\\\/?s={search_term_string}\"},\"query-input\":{\"@type\":\"PropertyValueSpecification\",\"valueRequired\":true,\"valueName\":\"search_term_string\"}}],\"inLanguage\":\"it-IT\"},{\"@type\":\"Organization\",\"@id\":\"https:\\\/\\\/4k5tools.com\\\/#organization\",\"name\":\"4K5 BETTER EQUIPMENT\",\"url\":\"https:\\\/\\\/4k5tools.com\\\/\",\"logo\":{\"@type\":\"ImageObject\",\"inLanguage\":\"it-IT\",\"@id\":\"https:\\\/\\\/4k5tools.com\\\/#\\\/schema\\\/logo\\\/image\\\/\",\"url\":\"https:\\\/\\\/4k5tools.com\\\/wp-content\\\/uploads\\\/2022\\\/04\\\/4K5_Better-Equipment.webp\",\"contentUrl\":\"https:\\\/\\\/4k5tools.com\\\/wp-content\\\/uploads\\\/2022\\\/04\\\/4K5_Better-Equipment.webp\",\"width\":550,\"height\":200,\"caption\":\"4K5 BETTER EQUIPMENT\"},\"image\":{\"@id\":\"https:\\\/\\\/4k5tools.com\\\/#\\\/schema\\\/logo\\\/image\\\/\"}}]}<\/script>\n<!-- \/ Yoast SEO plugin. -->","yoast_head_json":{"title":"PDS 5 PRO PACK - 4K5 BETTER EQUIPMENT","robots":{"index":"index","follow":"follow","max-snippet":"max-snippet:-1","max-image-preview":"max-image-preview:large","max-video-preview":"max-video-preview:-1"},"canonical":"https:\/\/4k5tools.com\/it\/produkte\/neuheiten\/e-schraubendreher-neuheiten\/pds-5-pro-pack\/","og_locale":"it_IT","og_type":"article","og_title":"PDS 5 PRO PACK - 4K5 BETTER EQUIPMENT","og_description":"Drehmomentstarkes, elektrisches Schraubendreher-Multi-Bit-Set mit 20 Bits in einer L\u00e4nge von 75 Millimetern, f\u00fcr schnelles, komfortables und erm\u00fcdungsfreies Arbeiten - inklusive Falttasche zur praktischen Aufbewahrung von Schraubendreher und Bits   FAST FIT: Zeitsparendes Schrauben, 4-mal schneller als manuelles Anziehen mit einem konventionellen Handschraubendreher  HIGH TORQUE: Ordentliches Drehmoment zum einfachen Anziehen und L\u00f6sen von Schrauben  COMFORT WORK: Keine Erm\u00fcdungserscheinungen wie Schwielen und Blasen an den Handfl\u00e4chen selbst bei zahlreichen Schraubvorg\u00e4ngen  SLIM SPACE TOOL: Geringer Platzbedarf dank Keilform, ideal f\u00fcr enge Arbeitsr\u00e4ume, die mit einem gro\u00dfen Werkzeug nicht erreichbar sind  FINE SENSE: Fein dosiertes und materialschonendes Anziehen der letzten Schraubeng\u00e4nge per Hand  STANDARD NORM ADAPTER: Bithalter\u2013Sechskant mit dem g\u00e4ngigsten Ma\u00df (\u00bc Zoll\/6,35 mm) und auswechselbare Werkzeuge (Bits und Adapter) erh\u00f6hen die Flexibilit\u00e4t  ELECTRO EXPERT: Kombinations-Bits mit Schlitz- und Pozidriv-Profil f\u00fcr PlusMinus-Schrauben in elektrischen Anlagen, beispielsweise f\u00fcr Arbeiten an Sicherungsautomaten und Festziehen von Schraubklemmen  COLOR CODE: Farbige Abstufung f\u00fcr schnelles Erkennen der Bits  SECURE LOCK: Zuverl\u00e4ssiger Sicherheitsverschluss f\u00fcr festen Werkzeugsitz beim Bohren und Herausziehen des Schraubendrehers aus dem Werkst\u00fcck  HIGH POWER: Kraftvoller Antrieb durch effizientes Dreifach-Planetengetriebe mit Pr\u00e4zisions-Zahnr\u00e4dern  STRONG HAND LOCK: Kraftschl\u00fcssiges Handandrehen bis 10 Nm durch automatische Feststellbremse  PRO POWER GRIP: Balliges Griffende bietet eine optimale Drehmoment\u00fcbertragung beim Handandrehen  EASY CONTROL: Direkttasten zur einfachen Wahl von Rechts- oder Linkslauf  AUTO LED: Integrierte automatische LED-Beleuchtung des Schraubbereiches  COMPACT SIZE: Ger\u00e4t findet dank handlicher Bauform in jeder Werkzeugtasche oder -kiste Platz  USB PORT: Moderne USB-Ladetechnik","og_url":"https:\/\/4k5tools.com\/it\/produkte\/neuheiten\/e-schraubendreher-neuheiten\/pds-5-pro-pack\/","og_site_name":"4K5 BETTER EQUIPMENT","article_modified_time":"2026-03-04T06:37:46+00:00","og_image":[{"width":1300,"height":1300,"url":"https:\/\/4k5tools.com\/wp-content\/uploads\/2024\/03\/610.500A-Schraubendreher-4K5-Perspektive.webp","type":"image\/webp"}],"twitter_card":"summary_large_image","twitter_misc":{"Tempo di lettura stimato":"1 minuto"},"schema":{"@context":"https:\/\/schema.org","@graph":[{"@type":"WebPage","@id":"https:\/\/4k5tools.com\/produkte\/neuheiten\/e-schraubendreher-neuheiten\/pds-5-pro-pack\/","url":"https:\/\/4k5tools.com\/produkte\/neuheiten\/e-schraubendreher-neuheiten\/pds-5-pro-pack\/","name":"PDS 5 PRO PACK - 4K5 BETTER EQUIPMENT","isPartOf":{"@id":"https:\/\/4k5tools.com\/#website"},"primaryImageOfPage":{"@id":"https:\/\/4k5tools.com\/produkte\/neuheiten\/e-schraubendreher-neuheiten\/pds-5-pro-pack\/#primaryimage"},"image":{"@id":"https:\/\/4k5tools.com\/produkte\/neuheiten\/e-schraubendreher-neuheiten\/pds-5-pro-pack\/#primaryimage"},"thumbnailUrl":"https:\/\/4k5tools.com\/wp-content\/uploads\/2024\/03\/610.500A-Schraubendreher-4K5-Perspektive.webp","datePublished":"2026-03-03T07:14:37+00:00","dateModified":"2026-03-04T06:37:46+00:00","breadcrumb":{"@id":"https:\/\/4k5tools.com\/produkte\/neuheiten\/e-schraubendreher-neuheiten\/pds-5-pro-pack\/#breadcrumb"},"inLanguage":"it-IT","potentialAction":[{"@type":"ReadAction","target":["https:\/\/4k5tools.com\/produkte\/neuheiten\/e-schraubendreher-neuheiten\/pds-5-pro-pack\/"]}]},{"@type":"ImageObject","inLanguage":"it-IT","@id":"https:\/\/4k5tools.com\/produkte\/neuheiten\/e-schraubendreher-neuheiten\/pds-5-pro-pack\/#primaryimage","url":"https:\/\/4k5tools.com\/wp-content\/uploads\/2024\/03\/610.500A-Schraubendreher-4K5-Perspektive.webp","contentUrl":"https:\/\/4k5tools.com\/wp-content\/uploads\/2024\/03\/610.500A-Schraubendreher-4K5-Perspektive.webp","width":1300,"height":1300,"caption":"Schraubendreher 610.500A PDS 5 SET"},{"@type":"BreadcrumbList","@id":"https:\/\/4k5tools.com\/produkte\/neuheiten\/e-schraubendreher-neuheiten\/pds-5-pro-pack\/#breadcrumb","itemListElement":[{"@type":"ListItem","position":1,"name":"START","item":"https:\/\/4k5tools.com\/"},{"@type":"ListItem","position":2,"name":"PRODUKTE","item":"https:\/\/4k5tools.com\/shop\/"},{"@type":"ListItem","position":3,"name":"NEUHEITEN","item":"https:\/\/4k5tools.com\/produkt-kategorie\/neuheiten\/"},{"@type":"ListItem","position":4,"name":"PDS 5 PRO PACK"}]},{"@type":"WebSite","@id":"https:\/\/4k5tools.com\/#website","url":"https:\/\/4k5tools.com\/","name":"4K5 BETTER EQUIPMENT","description":"","publisher":{"@id":"https:\/\/4k5tools.com\/#organization"},"potentialAction":[{"@type":"SearchAction","target":{"@type":"EntryPoint","urlTemplate":"https:\/\/4k5tools.com\/?s={search_term_string}"},"query-input":{"@type":"PropertyValueSpecification","valueRequired":true,"valueName":"search_term_string"}}],"inLanguage":"it-IT"},{"@type":"Organization","@id":"https:\/\/4k5tools.com\/#organization","name":"4K5 BETTER EQUIPMENT","url":"https:\/\/4k5tools.com\/","logo":{"@type":"ImageObject","inLanguage":"it-IT","@id":"https:\/\/4k5tools.com\/#\/schema\/logo\/image\/","url":"https:\/\/4k5tools.com\/wp-content\/uploads\/2022\/04\/4K5_Better-Equipment.webp","contentUrl":"https:\/\/4k5tools.com\/wp-content\/uploads\/2022\/04\/4K5_Better-Equipment.webp","width":550,"height":200,"caption":"4K5 BETTER EQUIPMENT"},"image":{"@id":"https:\/\/4k5tools.com\/#\/schema\/logo\/image\/"}}]}},"_links":{"self":[{"href":"https:\/\/4k5tools.com\/it\/wp-json\/wp\/v2\/product\/5577","targetHints":{"allow":["GET"]}}],"collection":[{"href":"https:\/\/4k5tools.com\/it\/wp-json\/wp\/v2\/product"}],"about":[{"href":"https:\/\/4k5tools.com\/it\/wp-json\/wp\/v2\/types\/product"}],"wp:featuredmedia":[{"embeddable":true,"href":"https:\/\/4k5tools.com\/it\/wp-json\/wp\/v2\/media\/4972"}],"wp:attachment":[{"href":"https:\/\/4k5tools.com\/it\/wp-json\/wp\/v2\/media?parent=5577"}],"wp:term":[{"taxonomy":"product_brand","embeddable":true,"href":"https:\/\/4k5tools.com\/it\/wp-json\/wp\/v2\/product_brand?post=5577"},{"taxonomy":"product_cat","embeddable":true,"href":"https:\/\/4k5tools.com\/it\/wp-json\/wp\/v2\/product_cat?post=5577"},{"taxonomy":"product_tag","embeddable":true,"href":"https:\/\/4k5tools.com\/it\/wp-json\/wp\/v2\/product_tag?post=5577"}],"curies":[{"name":"wp","href":"https:\/\/api.w.org\/{rel}","templated":true}]}}