{"id":5584,"date":"2026-03-03T08:33:02","date_gmt":"2026-03-03T07:33:02","guid":{"rendered":"https:\/\/4k5tools.com\/?post_type=product&#038;p=5584"},"modified":"2026-03-04T08:31:57","modified_gmt":"2026-03-04T07:31:57","slug":"ldx-5","status":"publish","type":"product","link":"https:\/\/4k5tools.com\/it\/produkte\/neuheiten\/messzeuge-neuheiten\/ldx-5\/","title":{"rendered":"LDX 5+"},"content":{"rendered":"<p>Il metro a nastro stampato su un lato si contraddistingue per la luce LED integrata nell'alloggiamento, che consente la lettura anche in condizioni di scarsa illuminazione. \u00c8 inoltre dotato di un pulsante di arresto facile da usare per bloccare il nastro e di un gancio magnetico sulla punta per fissarlo alle superfici metalliche. Il corpo gommato \u00e8 maneggevole, robusto e facile da pulire. Il metro a nastro pu\u00f2 essere trasportato grazie alla clip da tasca.<\/p>","protected":false},"excerpt":{"rendered":"<p>Metro a nastro compatto stampato su un lato, con gancio terminale magnetico e ottima leggibilit\u00e0 anche in condizioni di scarsa illuminazione grazie alla luce LED integrata<\/p>\n<ul title=\"\">\n<li>Luce LED integrata per una visibilit\u00e0 ottimale anche in condizioni di scarsa illuminazione: ideale per lavorare in cantiere, in officina o durante gli interventi di montaggio<\/li>\n<li>Elevato contrasto grazie al nastro bianco con numeri neri, per la massima leggibilit\u00e0 in qualsiasi condizione di illuminazione<\/li>\n<li>Resistente alla flessione: pu\u00f2 essere allungato fino a 2,5 m senza piegarsi<\/li>\n<li>Il gancio magnetico consente un facile fissaggio su superfici metalliche, ideale per misurazioni effettuate da una sola persona.<\/li>\n<li>Il gancio \u00e8 mobile per consentire misurazioni precise in interni ed esterni<\/li>\n<li>Spegnimento automatico dopo 5 minuti: la funzione di risparmio energetico spegne automaticamente il dispositivo, prolungando la durata della batteria e proteggendo dal consumo energetico indesiderato<\/li>\n<li>Durata della batteria: fino a 1,5 ore, energia sufficiente per lavori intensivi \u2013 ideale per l'uso quotidiano<\/li>\n<li>Potente batteria agli ioni di litio: piena potenza dopo soli 30 minuti di ricarica<\/li>\n<li>Classe di precisione II: buona precisione di misurazione per l'edilizia e l'artigianato<\/li>\n<li>Resistente alla ruggine grazie al rivestimento in nylon: protezione efficiente contro la corrosione del nastro<\/li>\n<li>Utilizzabile con una sola mano: ideale per misurazioni rapide e semplici senza aiuto, include un pulsante di arresto facile da usare per bloccare il nastro<\/li>\n<li>Ricaricabile mediante cavo USB-C<\/li>\n<\/ul>","protected":false},"featured_media":5591,"template":"","meta":{"ocean_post_layout":"","ocean_both_sidebars_style":"","ocean_both_sidebars_content_width":0,"ocean_both_sidebars_sidebars_width":0,"ocean_sidebar":"0","ocean_second_sidebar":"0","ocean_disable_margins":"enable","ocean_add_body_class":"","ocean_shortcode_before_top_bar":"","ocean_shortcode_after_top_bar":"","ocean_shortcode_before_header":"","ocean_shortcode_after_header":"","ocean_has_shortcode":"","ocean_shortcode_after_title":"","ocean_shortcode_before_footer_widgets":"","ocean_shortcode_after_footer_widgets":"","ocean_shortcode_before_footer_bottom":"","ocean_shortcode_after_footer_bottom":"","ocean_display_top_bar":"default","ocean_display_header":"default","ocean_header_style":"","ocean_center_header_left_menu":"0","ocean_custom_header_template":"0","ocean_custom_logo":0,"ocean_custom_retina_logo":0,"ocean_custom_logo_max_width":0,"ocean_custom_logo_tablet_max_width":0,"ocean_custom_logo_mobile_max_width":0,"ocean_custom_logo_max_height":0,"ocean_custom_logo_tablet_max_height":0,"ocean_custom_logo_mobile_max_height":0,"ocean_header_custom_menu":"0","ocean_menu_typo_font_family":"0","ocean_menu_typo_font_subset":"","ocean_menu_typo_font_size":0,"ocean_menu_typo_font_size_tablet":0,"ocean_menu_typo_font_size_mobile":0,"ocean_menu_typo_font_size_unit":"px","ocean_menu_typo_font_weight":"","ocean_menu_typo_font_weight_tablet":"","ocean_menu_typo_font_weight_mobile":"","ocean_menu_typo_transform":"","ocean_menu_typo_transform_tablet":"","ocean_menu_typo_transform_mobile":"","ocean_menu_typo_line_height":0,"ocean_menu_typo_line_height_tablet":0,"ocean_menu_typo_line_height_mobile":0,"ocean_menu_typo_line_height_unit":"","ocean_menu_typo_spacing":0,"ocean_menu_typo_spacing_tablet":0,"ocean_menu_typo_spacing_mobile":0,"ocean_menu_typo_spacing_unit":"","ocean_menu_link_color":"","ocean_menu_link_color_hover":"","ocean_menu_link_color_active":"","ocean_menu_link_background":"","ocean_menu_link_hover_background":"","ocean_menu_link_active_background":"","ocean_menu_social_links_bg":"","ocean_menu_social_hover_links_bg":"","ocean_menu_social_links_color":"","ocean_menu_social_hover_links_color":"","ocean_disable_title":"default","ocean_disable_heading":"default","ocean_post_title":"","ocean_post_subheading":"","ocean_post_title_style":"","ocean_post_title_background_color":"","ocean_post_title_background":0,"ocean_post_title_bg_image_position":"","ocean_post_title_bg_image_attachment":"","ocean_post_title_bg_image_repeat":"","ocean_post_title_bg_image_size":"","ocean_post_title_height":0,"ocean_post_title_bg_overlay":0.5,"ocean_post_title_bg_overlay_color":"","ocean_disable_breadcrumbs":"default","ocean_breadcrumbs_color":"","ocean_breadcrumbs_separator_color":"","ocean_breadcrumbs_links_color":"","ocean_breadcrumbs_links_hover_color":"","ocean_display_footer_widgets":"default","ocean_display_footer_bottom":"default","ocean_custom_footer_template":"0"},"product_brand":[],"product_cat":[32,91,53,89],"product_tag":[],"class_list":{"0":"post-5584","1":"product","2":"type-product","3":"status-publish","4":"has-post-thumbnail","6":"product_cat-massband","7":"product_cat-messzeuge-neuheiten","8":"product_cat-messzeuge","9":"product_cat-neuheiten","11":"entry","12":"has-media","14":"first","15":"instock","16":"shipping-taxable","17":"product-type-simple","18":"has-product-nav","19":"col","20":"span_1_of_3","21":"owp-content-center","22":"owp-thumbs-layout-horizontal","23":"owp-btn-normal","24":"owp-tabs-layout-horizontal"},"yoast_head":"<!-- This site is optimized with the Yoast SEO plugin v27.3 - https:\/\/yoast.com\/product\/yoast-seo-wordpress\/ -->\n<title>LDX 5+ - 4K5 BETTER EQUIPMENT<\/title>\n<meta name=\"robots\" content=\"index, follow, max-snippet:-1, max-image-preview:large, max-video-preview:-1\" \/>\n<link rel=\"canonical\" href=\"https:\/\/4k5tools.com\/it\/produkte\/neuheiten\/messzeuge-neuheiten\/ldx-5\/\" \/>\n<meta property=\"og:locale\" content=\"it_IT\" \/>\n<meta property=\"og:type\" content=\"article\" \/>\n<meta property=\"og:title\" content=\"LDX 5+ - 4K5 BETTER EQUIPMENT\" \/>\n<meta property=\"og:description\" content=\"Kompaktes einseitig bedrucktes Rollbandma\u00df, mit magnetischem Endhaken und optimaler Ablesbarkeit auch bei schlechten Lichtverh\u00e4ltnissen, durch die integrierte LED-Leuchte   Integrierte LED-Leuchte f\u00fcr optimale Sichtbarkeit auch bei schlechten Lichtverh\u00e4ltnissen \u2013 ideal f\u00fcr Arbeiten auf Baustellen, in Werkst\u00e4tten oder bei Montageeins\u00e4tzen  Hoher Kontrast durch wei\u00dfes Band mit schwarzen Ziffern \u2013 f\u00fcr maximale Ablesbarkeit bei jeder Lichtbedingung  Knickstabil: Kann bis zu 2,5 m ausgefahren werden, ohne abzuknicken  Magnetischer Haken erm\u00f6glicht einfaches Fixieren an metallischen Oberfl\u00e4chen, ideal f\u00fcr Ein-Personen-Messungen  Haken ist beweglich gelagert f\u00fcr genaue Innen- und Au\u00dfenmessungen  Auto-Shut-Off nach 5 Minuten: Energiesparfunktion schaltet das Ger\u00e4t automatisch ab \u2013 verl\u00e4ngert die Batterielaufzeit und sch\u00fctzt vor ungewolltem Energieverbrauch  Akkulaufzeit: bis zu 1,5 Stunden, ausreichend Energie f\u00fcr intensive Arbeitseins\u00e4tze \u2013 ideal f\u00fcr den Tagesgebrauch  Leistungsstarker Lithium-Ionen-Akku: Wieder volle Power nach nur 30 Minuten Ladezeit  Genauigkeitsklasse II \u2013 gute Messpr\u00e4zision f\u00fcr Bau und Handwerk  Rostfrei durch Nylon-Coating: Effizienter Schutz vor Korrosion am Band  Mit nur einer Hand bedienbar: Ideal f\u00fcr schnelle und simple Messungen ohne Hilfe, inklusive einfach bedienbarem Stoppknopf zum Feststellen des Bandes  Wiederaufladbar \u00fcber USB-C-Kabel\" \/>\n<meta property=\"og:url\" content=\"https:\/\/4k5tools.com\/it\/produkte\/neuheiten\/messzeuge-neuheiten\/ldx-5\/\" \/>\n<meta property=\"og:site_name\" content=\"4K5 BETTER EQUIPMENT\" \/>\n<meta property=\"article:modified_time\" content=\"2026-03-04T07:31:57+00:00\" \/>\n<meta property=\"og:image\" content=\"https:\/\/4k5tools.com\/wp-content\/uploads\/2026\/03\/606.110-5_Rollbandmass.webp\" \/>\n\t<meta property=\"og:image:width\" content=\"1300\" \/>\n\t<meta property=\"og:image:height\" content=\"1300\" \/>\n\t<meta property=\"og:image:type\" content=\"image\/webp\" \/>\n<meta name=\"twitter:card\" content=\"summary_large_image\" \/>\n<meta name=\"twitter:label1\" content=\"Tempo di lettura stimato\" \/>\n\t<meta name=\"twitter:data1\" content=\"1 minuto\" \/>\n<script type=\"application\/ld+json\" class=\"yoast-schema-graph\">{\"@context\":\"https:\\\/\\\/schema.org\",\"@graph\":[{\"@type\":\"WebPage\",\"@id\":\"https:\\\/\\\/4k5tools.com\\\/produkte\\\/neuheiten\\\/messzeuge-neuheiten\\\/ldx-5\\\/\",\"url\":\"https:\\\/\\\/4k5tools.com\\\/produkte\\\/neuheiten\\\/messzeuge-neuheiten\\\/ldx-5\\\/\",\"name\":\"LDX 5+ - 4K5 BETTER EQUIPMENT\",\"isPartOf\":{\"@id\":\"https:\\\/\\\/4k5tools.com\\\/#website\"},\"primaryImageOfPage\":{\"@id\":\"https:\\\/\\\/4k5tools.com\\\/produkte\\\/neuheiten\\\/messzeuge-neuheiten\\\/ldx-5\\\/#primaryimage\"},\"image\":{\"@id\":\"https:\\\/\\\/4k5tools.com\\\/produkte\\\/neuheiten\\\/messzeuge-neuheiten\\\/ldx-5\\\/#primaryimage\"},\"thumbnailUrl\":\"https:\\\/\\\/4k5tools.com\\\/wp-content\\\/uploads\\\/2026\\\/03\\\/606.110-5_Rollbandmass.webp\",\"datePublished\":\"2026-03-03T07:33:02+00:00\",\"dateModified\":\"2026-03-04T07:31:57+00:00\",\"breadcrumb\":{\"@id\":\"https:\\\/\\\/4k5tools.com\\\/produkte\\\/neuheiten\\\/messzeuge-neuheiten\\\/ldx-5\\\/#breadcrumb\"},\"inLanguage\":\"it-IT\",\"potentialAction\":[{\"@type\":\"ReadAction\",\"target\":[\"https:\\\/\\\/4k5tools.com\\\/produkte\\\/neuheiten\\\/messzeuge-neuheiten\\\/ldx-5\\\/\"]}]},{\"@type\":\"ImageObject\",\"inLanguage\":\"it-IT\",\"@id\":\"https:\\\/\\\/4k5tools.com\\\/produkte\\\/neuheiten\\\/messzeuge-neuheiten\\\/ldx-5\\\/#primaryimage\",\"url\":\"https:\\\/\\\/4k5tools.com\\\/wp-content\\\/uploads\\\/2026\\\/03\\\/606.110-5_Rollbandmass.webp\",\"contentUrl\":\"https:\\\/\\\/4k5tools.com\\\/wp-content\\\/uploads\\\/2026\\\/03\\\/606.110-5_Rollbandmass.webp\",\"width\":1300,\"height\":1300,\"caption\":\"606.110-5 Rollbandma\u00df LDX 5+\"},{\"@type\":\"BreadcrumbList\",\"@id\":\"https:\\\/\\\/4k5tools.com\\\/produkte\\\/neuheiten\\\/messzeuge-neuheiten\\\/ldx-5\\\/#breadcrumb\",\"itemListElement\":[{\"@type\":\"ListItem\",\"position\":1,\"name\":\"START\",\"item\":\"https:\\\/\\\/4k5tools.com\\\/\"},{\"@type\":\"ListItem\",\"position\":2,\"name\":\"PRODUKTE\",\"item\":\"https:\\\/\\\/4k5tools.com\\\/shop\\\/\"},{\"@type\":\"ListItem\",\"position\":3,\"name\":\"MESSZEUGE\",\"item\":\"https:\\\/\\\/4k5tools.com\\\/produkt-kategorie\\\/messzeuge\\\/\"},{\"@type\":\"ListItem\",\"position\":4,\"name\":\"LDX 5+\"}]},{\"@type\":\"WebSite\",\"@id\":\"https:\\\/\\\/4k5tools.com\\\/#website\",\"url\":\"https:\\\/\\\/4k5tools.com\\\/\",\"name\":\"4K5 BETTER EQUIPMENT\",\"description\":\"\",\"publisher\":{\"@id\":\"https:\\\/\\\/4k5tools.com\\\/#organization\"},\"potentialAction\":[{\"@type\":\"SearchAction\",\"target\":{\"@type\":\"EntryPoint\",\"urlTemplate\":\"https:\\\/\\\/4k5tools.com\\\/?s={search_term_string}\"},\"query-input\":{\"@type\":\"PropertyValueSpecification\",\"valueRequired\":true,\"valueName\":\"search_term_string\"}}],\"inLanguage\":\"it-IT\"},{\"@type\":\"Organization\",\"@id\":\"https:\\\/\\\/4k5tools.com\\\/#organization\",\"name\":\"4K5 BETTER EQUIPMENT\",\"url\":\"https:\\\/\\\/4k5tools.com\\\/\",\"logo\":{\"@type\":\"ImageObject\",\"inLanguage\":\"it-IT\",\"@id\":\"https:\\\/\\\/4k5tools.com\\\/#\\\/schema\\\/logo\\\/image\\\/\",\"url\":\"https:\\\/\\\/4k5tools.com\\\/wp-content\\\/uploads\\\/2022\\\/04\\\/4K5_Better-Equipment.webp\",\"contentUrl\":\"https:\\\/\\\/4k5tools.com\\\/wp-content\\\/uploads\\\/2022\\\/04\\\/4K5_Better-Equipment.webp\",\"width\":550,\"height\":200,\"caption\":\"4K5 BETTER EQUIPMENT\"},\"image\":{\"@id\":\"https:\\\/\\\/4k5tools.com\\\/#\\\/schema\\\/logo\\\/image\\\/\"}}]}<\/script>\n<!-- \/ Yoast SEO plugin. -->","yoast_head_json":{"title":"LDX 5+ - 4K5 BETTER EQUIPMENT","robots":{"index":"index","follow":"follow","max-snippet":"max-snippet:-1","max-image-preview":"max-image-preview:large","max-video-preview":"max-video-preview:-1"},"canonical":"https:\/\/4k5tools.com\/it\/produkte\/neuheiten\/messzeuge-neuheiten\/ldx-5\/","og_locale":"it_IT","og_type":"article","og_title":"LDX 5+ - 4K5 BETTER EQUIPMENT","og_description":"Kompaktes einseitig bedrucktes Rollbandma\u00df, mit magnetischem Endhaken und optimaler Ablesbarkeit auch bei schlechten Lichtverh\u00e4ltnissen, durch die integrierte LED-Leuchte   Integrierte LED-Leuchte f\u00fcr optimale Sichtbarkeit auch bei schlechten Lichtverh\u00e4ltnissen \u2013 ideal f\u00fcr Arbeiten auf Baustellen, in Werkst\u00e4tten oder bei Montageeins\u00e4tzen  Hoher Kontrast durch wei\u00dfes Band mit schwarzen Ziffern \u2013 f\u00fcr maximale Ablesbarkeit bei jeder Lichtbedingung  Knickstabil: Kann bis zu 2,5 m ausgefahren werden, ohne abzuknicken  Magnetischer Haken erm\u00f6glicht einfaches Fixieren an metallischen Oberfl\u00e4chen, ideal f\u00fcr Ein-Personen-Messungen  Haken ist beweglich gelagert f\u00fcr genaue Innen- und Au\u00dfenmessungen  Auto-Shut-Off nach 5 Minuten: Energiesparfunktion schaltet das Ger\u00e4t automatisch ab \u2013 verl\u00e4ngert die Batterielaufzeit und sch\u00fctzt vor ungewolltem Energieverbrauch  Akkulaufzeit: bis zu 1,5 Stunden, ausreichend Energie f\u00fcr intensive Arbeitseins\u00e4tze \u2013 ideal f\u00fcr den Tagesgebrauch  Leistungsstarker Lithium-Ionen-Akku: Wieder volle Power nach nur 30 Minuten Ladezeit  Genauigkeitsklasse II \u2013 gute Messpr\u00e4zision f\u00fcr Bau und Handwerk  Rostfrei durch Nylon-Coating: Effizienter Schutz vor Korrosion am Band  Mit nur einer Hand bedienbar: Ideal f\u00fcr schnelle und simple Messungen ohne Hilfe, inklusive einfach bedienbarem Stoppknopf zum Feststellen des Bandes  Wiederaufladbar \u00fcber USB-C-Kabel","og_url":"https:\/\/4k5tools.com\/it\/produkte\/neuheiten\/messzeuge-neuheiten\/ldx-5\/","og_site_name":"4K5 BETTER EQUIPMENT","article_modified_time":"2026-03-04T07:31:57+00:00","og_image":[{"width":1300,"height":1300,"url":"https:\/\/4k5tools.com\/wp-content\/uploads\/2026\/03\/606.110-5_Rollbandmass.webp","type":"image\/webp"}],"twitter_card":"summary_large_image","twitter_misc":{"Tempo di lettura stimato":"1 minuto"},"schema":{"@context":"https:\/\/schema.org","@graph":[{"@type":"WebPage","@id":"https:\/\/4k5tools.com\/produkte\/neuheiten\/messzeuge-neuheiten\/ldx-5\/","url":"https:\/\/4k5tools.com\/produkte\/neuheiten\/messzeuge-neuheiten\/ldx-5\/","name":"LDX 5+ - 4K5 BETTER EQUIPMENT","isPartOf":{"@id":"https:\/\/4k5tools.com\/#website"},"primaryImageOfPage":{"@id":"https:\/\/4k5tools.com\/produkte\/neuheiten\/messzeuge-neuheiten\/ldx-5\/#primaryimage"},"image":{"@id":"https:\/\/4k5tools.com\/produkte\/neuheiten\/messzeuge-neuheiten\/ldx-5\/#primaryimage"},"thumbnailUrl":"https:\/\/4k5tools.com\/wp-content\/uploads\/2026\/03\/606.110-5_Rollbandmass.webp","datePublished":"2026-03-03T07:33:02+00:00","dateModified":"2026-03-04T07:31:57+00:00","breadcrumb":{"@id":"https:\/\/4k5tools.com\/produkte\/neuheiten\/messzeuge-neuheiten\/ldx-5\/#breadcrumb"},"inLanguage":"it-IT","potentialAction":[{"@type":"ReadAction","target":["https:\/\/4k5tools.com\/produkte\/neuheiten\/messzeuge-neuheiten\/ldx-5\/"]}]},{"@type":"ImageObject","inLanguage":"it-IT","@id":"https:\/\/4k5tools.com\/produkte\/neuheiten\/messzeuge-neuheiten\/ldx-5\/#primaryimage","url":"https:\/\/4k5tools.com\/wp-content\/uploads\/2026\/03\/606.110-5_Rollbandmass.webp","contentUrl":"https:\/\/4k5tools.com\/wp-content\/uploads\/2026\/03\/606.110-5_Rollbandmass.webp","width":1300,"height":1300,"caption":"606.110-5 Rollbandma\u00df LDX 5+"},{"@type":"BreadcrumbList","@id":"https:\/\/4k5tools.com\/produkte\/neuheiten\/messzeuge-neuheiten\/ldx-5\/#breadcrumb","itemListElement":[{"@type":"ListItem","position":1,"name":"START","item":"https:\/\/4k5tools.com\/"},{"@type":"ListItem","position":2,"name":"PRODUKTE","item":"https:\/\/4k5tools.com\/shop\/"},{"@type":"ListItem","position":3,"name":"MESSZEUGE","item":"https:\/\/4k5tools.com\/produkt-kategorie\/messzeuge\/"},{"@type":"ListItem","position":4,"name":"LDX 5+"}]},{"@type":"WebSite","@id":"https:\/\/4k5tools.com\/#website","url":"https:\/\/4k5tools.com\/","name":"4K5 BETTER EQUIPMENT","description":"","publisher":{"@id":"https:\/\/4k5tools.com\/#organization"},"potentialAction":[{"@type":"SearchAction","target":{"@type":"EntryPoint","urlTemplate":"https:\/\/4k5tools.com\/?s={search_term_string}"},"query-input":{"@type":"PropertyValueSpecification","valueRequired":true,"valueName":"search_term_string"}}],"inLanguage":"it-IT"},{"@type":"Organization","@id":"https:\/\/4k5tools.com\/#organization","name":"4K5 BETTER EQUIPMENT","url":"https:\/\/4k5tools.com\/","logo":{"@type":"ImageObject","inLanguage":"it-IT","@id":"https:\/\/4k5tools.com\/#\/schema\/logo\/image\/","url":"https:\/\/4k5tools.com\/wp-content\/uploads\/2022\/04\/4K5_Better-Equipment.webp","contentUrl":"https:\/\/4k5tools.com\/wp-content\/uploads\/2022\/04\/4K5_Better-Equipment.webp","width":550,"height":200,"caption":"4K5 BETTER EQUIPMENT"},"image":{"@id":"https:\/\/4k5tools.com\/#\/schema\/logo\/image\/"}}]}},"_links":{"self":[{"href":"https:\/\/4k5tools.com\/it\/wp-json\/wp\/v2\/product\/5584","targetHints":{"allow":["GET"]}}],"collection":[{"href":"https:\/\/4k5tools.com\/it\/wp-json\/wp\/v2\/product"}],"about":[{"href":"https:\/\/4k5tools.com\/it\/wp-json\/wp\/v2\/types\/product"}],"wp:featuredmedia":[{"embeddable":true,"href":"https:\/\/4k5tools.com\/it\/wp-json\/wp\/v2\/media\/5591"}],"wp:attachment":[{"href":"https:\/\/4k5tools.com\/it\/wp-json\/wp\/v2\/media?parent=5584"}],"wp:term":[{"taxonomy":"product_brand","embeddable":true,"href":"https:\/\/4k5tools.com\/it\/wp-json\/wp\/v2\/product_brand?post=5584"},{"taxonomy":"product_cat","embeddable":true,"href":"https:\/\/4k5tools.com\/it\/wp-json\/wp\/v2\/product_cat?post=5584"},{"taxonomy":"product_tag","embeddable":true,"href":"https:\/\/4k5tools.com\/it\/wp-json\/wp\/v2\/product_tag?post=5584"}],"curies":[{"name":"wp","href":"https:\/\/api.w.org\/{rel}","templated":true}]}}