{"id":977,"date":"2021-11-15T11:43:19","date_gmt":"2021-11-15T10:43:19","guid":{"rendered":"https:\/\/4k5tools.com\/produkt\/fr2x-foldingruler-2m\/"},"modified":"2022-07-20T09:29:30","modified_gmt":"2022-07-20T07:29:30","slug":"fr2x-foldingruler-2m","status":"publish","type":"product","link":"https:\/\/4k5tools.com\/it\/produkte\/messzeuge\/zollstock\/fr2x-foldingruler-2m\/","title":{"rendered":"FR2X"},"content":{"rendered":"<p>Il metro pieghevole \u00e8 realizzato in robusto profilo di legno particolarmente ben leggibile grazie alle decadi alternate di colore bianco e giallo. Grazie al goniometro integrato si possono allineare le inclinazioni definite, ad esempio 45\u00b0 e 90\u00b0. I giunti snodati si bloccano con precisione a 180\u00b0 e ad angolo retto. Ci\u00f2 risulta particolarmente pratico per tracciare con precisione una linea orizzontale sul pezzo, per poi segarlo o tagliarlo. La resistente verniciatura garantisce una buona protezione dall\u2019umidit\u00e0 e dallo sporco.<\/p>","protected":false},"excerpt":{"rendered":"<p>Robusto metro pieghevole con goniometro integrato e decadi di colore bianco e giallo<\/p>\n<ul title=\"\">\n<li title=\"\"><span title=\"\">Lettura con risparmio di tempo grazie alle decadi colorate alternativamente in bianco e giallo<\/span><\/li>\n<li title=\"\"><span title=\"\">Robusto profilo di legno con numeri e scala graduata ben leggibili <\/span><\/li>\n<li title=\"\"><span title=\"\">Goniometro integrato per allineare le inclinazioni definite<\/span><\/li>\n<li title=\"\"><span title=\"\">I giunti snodati di alta qualit\u00e0 si bloccano con precisione per evitare errori di misurazione<\/span><\/li>\n<li title=\"\"><span title=\"\">Verniciatura resistente per proteggere da umido e sporco<\/span><\/li>\n<li title=\"\"><span title=\"\">Cappucci terminali in metallo per prevenire l\u2019usura<\/span><\/li>\n<\/ul>","protected":false},"featured_media":1598,"template":"","meta":{"ocean_post_layout":"","ocean_both_sidebars_style":"","ocean_both_sidebars_content_width":0,"ocean_both_sidebars_sidebars_width":0,"ocean_sidebar":"0","ocean_second_sidebar":"0","ocean_disable_margins":"enable","ocean_add_body_class":"","ocean_shortcode_before_top_bar":"","ocean_shortcode_after_top_bar":"","ocean_shortcode_before_header":"","ocean_shortcode_after_header":"","ocean_has_shortcode":"","ocean_shortcode_after_title":"","ocean_shortcode_before_footer_widgets":"","ocean_shortcode_after_footer_widgets":"","ocean_shortcode_before_footer_bottom":"","ocean_shortcode_after_footer_bottom":"","ocean_display_top_bar":"default","ocean_display_header":"default","ocean_header_style":"","ocean_center_header_left_menu":"0","ocean_custom_header_template":"0","ocean_custom_logo":0,"ocean_custom_retina_logo":0,"ocean_custom_logo_max_width":0,"ocean_custom_logo_tablet_max_width":0,"ocean_custom_logo_mobile_max_width":0,"ocean_custom_logo_max_height":0,"ocean_custom_logo_tablet_max_height":0,"ocean_custom_logo_mobile_max_height":0,"ocean_header_custom_menu":"0","ocean_menu_typo_font_family":"0","ocean_menu_typo_font_subset":"","ocean_menu_typo_font_size":0,"ocean_menu_typo_font_size_tablet":0,"ocean_menu_typo_font_size_mobile":0,"ocean_menu_typo_font_size_unit":"px","ocean_menu_typo_font_weight":"","ocean_menu_typo_font_weight_tablet":"","ocean_menu_typo_font_weight_mobile":"","ocean_menu_typo_transform":"","ocean_menu_typo_transform_tablet":"","ocean_menu_typo_transform_mobile":"","ocean_menu_typo_line_height":0,"ocean_menu_typo_line_height_tablet":0,"ocean_menu_typo_line_height_mobile":0,"ocean_menu_typo_line_height_unit":"","ocean_menu_typo_spacing":0,"ocean_menu_typo_spacing_tablet":0,"ocean_menu_typo_spacing_mobile":0,"ocean_menu_typo_spacing_unit":"","ocean_menu_link_color":"","ocean_menu_link_color_hover":"","ocean_menu_link_color_active":"","ocean_menu_link_background":"","ocean_menu_link_hover_background":"","ocean_menu_link_active_background":"","ocean_menu_social_links_bg":"","ocean_menu_social_hover_links_bg":"","ocean_menu_social_links_color":"","ocean_menu_social_hover_links_color":"","ocean_disable_title":"default","ocean_disable_heading":"default","ocean_post_title":"","ocean_post_subheading":"","ocean_post_title_style":"","ocean_post_title_background_color":"","ocean_post_title_background":0,"ocean_post_title_bg_image_position":"","ocean_post_title_bg_image_attachment":"","ocean_post_title_bg_image_repeat":"","ocean_post_title_bg_image_size":"","ocean_post_title_height":0,"ocean_post_title_bg_overlay":0.5,"ocean_post_title_bg_overlay_color":"","ocean_disable_breadcrumbs":"default","ocean_breadcrumbs_color":"","ocean_breadcrumbs_separator_color":"","ocean_breadcrumbs_links_color":"","ocean_breadcrumbs_links_hover_color":"","ocean_display_footer_widgets":"default","ocean_display_footer_bottom":"default","ocean_custom_footer_template":"0"},"product_brand":[],"product_cat":[53,34],"product_tag":[],"class_list":{"0":"post-977","1":"product","2":"type-product","3":"status-publish","4":"has-post-thumbnail","6":"product_cat-messzeuge","7":"product_cat-zollstock","9":"entry","10":"has-media","12":"first","13":"instock","14":"shipping-taxable","15":"product-type-simple","16":"has-product-nav","17":"col","18":"span_1_of_3","19":"owp-content-center","20":"owp-thumbs-layout-horizontal","21":"owp-btn-normal","22":"owp-tabs-layout-horizontal"},"yoast_head":"<!-- This site is optimized with the Yoast SEO plugin v27.0 - https:\/\/yoast.com\/product\/yoast-seo-wordpress\/ -->\n<title>FR2X - 4K5 BETTER EQUIPMENT<\/title>\n<meta name=\"robots\" content=\"index, follow, max-snippet:-1, max-image-preview:large, max-video-preview:-1\" \/>\n<link rel=\"canonical\" href=\"https:\/\/4k5tools.com\/it\/produkte\/messzeuge\/zollstock\/fr2x-foldingruler-2m\/\" \/>\n<meta property=\"og:locale\" content=\"it_IT\" \/>\n<meta property=\"og:type\" content=\"article\" \/>\n<meta property=\"og:title\" content=\"FR2X - 4K5 BETTER EQUIPMENT\" \/>\n<meta property=\"og:description\" content=\"Stabiler Zollstock mit integriertem Winkelmesser sowie wei\u00df und gelb eingef\u00e4rbten Dekaden   Zeitsparendes Ablesen durch abwechselnd wei\u00df und gelb eingef\u00e4rbte Dekaden  Robustes Holzprofil mit gut sichtbaren Ziffern und Skala   Integrierter Winkelmesser zum Ausrichten von festgelegten Neigungen  Exakt einrastende, hochwertige Gelenke vermeiden Messungenauigkeiten  Widerstandsf\u00e4hige Lackierung sch\u00fctzt vor N\u00e4sse und Schmutz  Endkappen aus Metall verhindern Verschlei\u00df\" \/>\n<meta property=\"og:url\" content=\"https:\/\/4k5tools.com\/it\/produkte\/messzeuge\/zollstock\/fr2x-foldingruler-2m\/\" \/>\n<meta property=\"og:site_name\" content=\"4K5 BETTER EQUIPMENT\" \/>\n<meta property=\"article:modified_time\" content=\"2022-07-20T07:29:30+00:00\" \/>\n<meta property=\"og:image\" content=\"https:\/\/4k5tools.com\/wp-content\/uploads\/2022\/01\/606.105-2-Markierwerkzeuge-Faltlineal.webp\" \/>\n\t<meta property=\"og:image:width\" content=\"1300\" \/>\n\t<meta property=\"og:image:height\" content=\"1300\" \/>\n\t<meta property=\"og:image:type\" content=\"image\/webp\" \/>\n<meta name=\"twitter:card\" content=\"summary_large_image\" \/>\n<script type=\"application\/ld+json\" class=\"yoast-schema-graph\">{\"@context\":\"https:\/\/schema.org\",\"@graph\":[{\"@type\":\"WebPage\",\"@id\":\"https:\/\/4k5tools.com\/produkte\/messzeuge\/zollstock\/fr2x-foldingruler-2m\/\",\"url\":\"https:\/\/4k5tools.com\/produkte\/messzeuge\/zollstock\/fr2x-foldingruler-2m\/\",\"name\":\"FR2X - 4K5 BETTER EQUIPMENT\",\"isPartOf\":{\"@id\":\"https:\/\/4k5tools.com\/#website\"},\"primaryImageOfPage\":{\"@id\":\"https:\/\/4k5tools.com\/produkte\/messzeuge\/zollstock\/fr2x-foldingruler-2m\/#primaryimage\"},\"image\":{\"@id\":\"https:\/\/4k5tools.com\/produkte\/messzeuge\/zollstock\/fr2x-foldingruler-2m\/#primaryimage\"},\"thumbnailUrl\":\"https:\/\/4k5tools.com\/wp-content\/uploads\/2022\/01\/606.105-2-Markierwerkzeuge-Faltlineal.webp\",\"datePublished\":\"2021-11-15T10:43:19+00:00\",\"dateModified\":\"2022-07-20T07:29:30+00:00\",\"breadcrumb\":{\"@id\":\"https:\/\/4k5tools.com\/produkte\/messzeuge\/zollstock\/fr2x-foldingruler-2m\/#breadcrumb\"},\"inLanguage\":\"it-IT\",\"potentialAction\":[{\"@type\":\"ReadAction\",\"target\":[\"https:\/\/4k5tools.com\/produkte\/messzeuge\/zollstock\/fr2x-foldingruler-2m\/\"]}]},{\"@type\":\"ImageObject\",\"inLanguage\":\"it-IT\",\"@id\":\"https:\/\/4k5tools.com\/produkte\/messzeuge\/zollstock\/fr2x-foldingruler-2m\/#primaryimage\",\"url\":\"https:\/\/4k5tools.com\/wp-content\/uploads\/2022\/01\/606.105-2-Markierwerkzeuge-Faltlineal.webp\",\"contentUrl\":\"https:\/\/4k5tools.com\/wp-content\/uploads\/2022\/01\/606.105-2-Markierwerkzeuge-Faltlineal.webp\",\"width\":1300,\"height\":1300,\"caption\":\"Zollstock 606.105-2 FR2X FoldingRuler 2 m\"},{\"@type\":\"BreadcrumbList\",\"@id\":\"https:\/\/4k5tools.com\/produkte\/messzeuge\/zollstock\/fr2x-foldingruler-2m\/#breadcrumb\",\"itemListElement\":[{\"@type\":\"ListItem\",\"position\":1,\"name\":\"START\",\"item\":\"https:\/\/4k5tools.com\/\"},{\"@type\":\"ListItem\",\"position\":2,\"name\":\"PRODUKTE\",\"item\":\"https:\/\/4k5tools.com\/shop\/\"},{\"@type\":\"ListItem\",\"position\":3,\"name\":\"MESSZEUGE\",\"item\":\"https:\/\/4k5tools.com\/produkt-kategorie\/messzeuge\/\"},{\"@type\":\"ListItem\",\"position\":4,\"name\":\"ZOLLST\u00d6CKE\",\"item\":\"https:\/\/4k5tools.com\/produkt-kategorie\/messzeuge\/zollstock\/\"},{\"@type\":\"ListItem\",\"position\":5,\"name\":\"FR2X\"}]},{\"@type\":\"WebSite\",\"@id\":\"https:\/\/4k5tools.com\/#website\",\"url\":\"https:\/\/4k5tools.com\/\",\"name\":\"4K5 BETTER EQUIPMENT\",\"description\":\"\",\"publisher\":{\"@id\":\"https:\/\/4k5tools.com\/#organization\"},\"potentialAction\":[{\"@type\":\"SearchAction\",\"target\":{\"@type\":\"EntryPoint\",\"urlTemplate\":\"https:\/\/4k5tools.com\/?s={search_term_string}\"},\"query-input\":{\"@type\":\"PropertyValueSpecification\",\"valueRequired\":true,\"valueName\":\"search_term_string\"}}],\"inLanguage\":\"it-IT\"},{\"@type\":\"Organization\",\"@id\":\"https:\/\/4k5tools.com\/#organization\",\"name\":\"4K5 BETTER EQUIPMENT\",\"url\":\"https:\/\/4k5tools.com\/\",\"logo\":{\"@type\":\"ImageObject\",\"inLanguage\":\"it-IT\",\"@id\":\"https:\/\/4k5tools.com\/#\/schema\/logo\/image\/\",\"url\":\"https:\/\/4k5tools.com\/wp-content\/uploads\/2022\/04\/4K5_Better-Equipment.webp\",\"contentUrl\":\"https:\/\/4k5tools.com\/wp-content\/uploads\/2022\/04\/4K5_Better-Equipment.webp\",\"width\":550,\"height\":200,\"caption\":\"4K5 BETTER EQUIPMENT\"},\"image\":{\"@id\":\"https:\/\/4k5tools.com\/#\/schema\/logo\/image\/\"}}]}<\/script>\n<!-- \/ Yoast SEO plugin. -->","yoast_head_json":{"title":"FR2X - 4K5 BETTER EQUIPMENT","robots":{"index":"index","follow":"follow","max-snippet":"max-snippet:-1","max-image-preview":"max-image-preview:large","max-video-preview":"max-video-preview:-1"},"canonical":"https:\/\/4k5tools.com\/it\/produkte\/messzeuge\/zollstock\/fr2x-foldingruler-2m\/","og_locale":"it_IT","og_type":"article","og_title":"FR2X - 4K5 BETTER EQUIPMENT","og_description":"Stabiler Zollstock mit integriertem Winkelmesser sowie wei\u00df und gelb eingef\u00e4rbten Dekaden   Zeitsparendes Ablesen durch abwechselnd wei\u00df und gelb eingef\u00e4rbte Dekaden  Robustes Holzprofil mit gut sichtbaren Ziffern und Skala   Integrierter Winkelmesser zum Ausrichten von festgelegten Neigungen  Exakt einrastende, hochwertige Gelenke vermeiden Messungenauigkeiten  Widerstandsf\u00e4hige Lackierung sch\u00fctzt vor N\u00e4sse und Schmutz  Endkappen aus Metall verhindern Verschlei\u00df","og_url":"https:\/\/4k5tools.com\/it\/produkte\/messzeuge\/zollstock\/fr2x-foldingruler-2m\/","og_site_name":"4K5 BETTER EQUIPMENT","article_modified_time":"2022-07-20T07:29:30+00:00","og_image":[{"width":1300,"height":1300,"url":"https:\/\/4k5tools.com\/wp-content\/uploads\/2022\/01\/606.105-2-Markierwerkzeuge-Faltlineal.webp","type":"image\/webp"}],"twitter_card":"summary_large_image","schema":{"@context":"https:\/\/schema.org","@graph":[{"@type":"WebPage","@id":"https:\/\/4k5tools.com\/produkte\/messzeuge\/zollstock\/fr2x-foldingruler-2m\/","url":"https:\/\/4k5tools.com\/produkte\/messzeuge\/zollstock\/fr2x-foldingruler-2m\/","name":"FR2X - 4K5 BETTER EQUIPMENT","isPartOf":{"@id":"https:\/\/4k5tools.com\/#website"},"primaryImageOfPage":{"@id":"https:\/\/4k5tools.com\/produkte\/messzeuge\/zollstock\/fr2x-foldingruler-2m\/#primaryimage"},"image":{"@id":"https:\/\/4k5tools.com\/produkte\/messzeuge\/zollstock\/fr2x-foldingruler-2m\/#primaryimage"},"thumbnailUrl":"https:\/\/4k5tools.com\/wp-content\/uploads\/2022\/01\/606.105-2-Markierwerkzeuge-Faltlineal.webp","datePublished":"2021-11-15T10:43:19+00:00","dateModified":"2022-07-20T07:29:30+00:00","breadcrumb":{"@id":"https:\/\/4k5tools.com\/produkte\/messzeuge\/zollstock\/fr2x-foldingruler-2m\/#breadcrumb"},"inLanguage":"it-IT","potentialAction":[{"@type":"ReadAction","target":["https:\/\/4k5tools.com\/produkte\/messzeuge\/zollstock\/fr2x-foldingruler-2m\/"]}]},{"@type":"ImageObject","inLanguage":"it-IT","@id":"https:\/\/4k5tools.com\/produkte\/messzeuge\/zollstock\/fr2x-foldingruler-2m\/#primaryimage","url":"https:\/\/4k5tools.com\/wp-content\/uploads\/2022\/01\/606.105-2-Markierwerkzeuge-Faltlineal.webp","contentUrl":"https:\/\/4k5tools.com\/wp-content\/uploads\/2022\/01\/606.105-2-Markierwerkzeuge-Faltlineal.webp","width":1300,"height":1300,"caption":"Zollstock 606.105-2 FR2X FoldingRuler 2 m"},{"@type":"BreadcrumbList","@id":"https:\/\/4k5tools.com\/produkte\/messzeuge\/zollstock\/fr2x-foldingruler-2m\/#breadcrumb","itemListElement":[{"@type":"ListItem","position":1,"name":"START","item":"https:\/\/4k5tools.com\/"},{"@type":"ListItem","position":2,"name":"PRODUKTE","item":"https:\/\/4k5tools.com\/shop\/"},{"@type":"ListItem","position":3,"name":"MESSZEUGE","item":"https:\/\/4k5tools.com\/produkt-kategorie\/messzeuge\/"},{"@type":"ListItem","position":4,"name":"ZOLLST\u00d6CKE","item":"https:\/\/4k5tools.com\/produkt-kategorie\/messzeuge\/zollstock\/"},{"@type":"ListItem","position":5,"name":"FR2X"}]},{"@type":"WebSite","@id":"https:\/\/4k5tools.com\/#website","url":"https:\/\/4k5tools.com\/","name":"4K5 BETTER EQUIPMENT","description":"","publisher":{"@id":"https:\/\/4k5tools.com\/#organization"},"potentialAction":[{"@type":"SearchAction","target":{"@type":"EntryPoint","urlTemplate":"https:\/\/4k5tools.com\/?s={search_term_string}"},"query-input":{"@type":"PropertyValueSpecification","valueRequired":true,"valueName":"search_term_string"}}],"inLanguage":"it-IT"},{"@type":"Organization","@id":"https:\/\/4k5tools.com\/#organization","name":"4K5 BETTER EQUIPMENT","url":"https:\/\/4k5tools.com\/","logo":{"@type":"ImageObject","inLanguage":"it-IT","@id":"https:\/\/4k5tools.com\/#\/schema\/logo\/image\/","url":"https:\/\/4k5tools.com\/wp-content\/uploads\/2022\/04\/4K5_Better-Equipment.webp","contentUrl":"https:\/\/4k5tools.com\/wp-content\/uploads\/2022\/04\/4K5_Better-Equipment.webp","width":550,"height":200,"caption":"4K5 BETTER EQUIPMENT"},"image":{"@id":"https:\/\/4k5tools.com\/#\/schema\/logo\/image\/"}}]}},"_links":{"self":[{"href":"https:\/\/4k5tools.com\/it\/wp-json\/wp\/v2\/product\/977","targetHints":{"allow":["GET"]}}],"collection":[{"href":"https:\/\/4k5tools.com\/it\/wp-json\/wp\/v2\/product"}],"about":[{"href":"https:\/\/4k5tools.com\/it\/wp-json\/wp\/v2\/types\/product"}],"wp:featuredmedia":[{"embeddable":true,"href":"https:\/\/4k5tools.com\/it\/wp-json\/wp\/v2\/media\/1598"}],"wp:attachment":[{"href":"https:\/\/4k5tools.com\/it\/wp-json\/wp\/v2\/media?parent=977"}],"wp:term":[{"taxonomy":"product_brand","embeddable":true,"href":"https:\/\/4k5tools.com\/it\/wp-json\/wp\/v2\/product_brand?post=977"},{"taxonomy":"product_cat","embeddable":true,"href":"https:\/\/4k5tools.com\/it\/wp-json\/wp\/v2\/product_cat?post=977"},{"taxonomy":"product_tag","embeddable":true,"href":"https:\/\/4k5tools.com\/it\/wp-json\/wp\/v2\/product_tag?post=977"}],"curies":[{"name":"wp","href":"https:\/\/api.w.org\/{rel}","templated":true}]}}