{"id":3801,"date":"2023-02-24T06:14:53","date_gmt":"2023-02-24T05:14:53","guid":{"rendered":"https:\/\/4k5tools.com\/?page_id=3801"},"modified":"2023-11-28T07:09:31","modified_gmt":"2023-11-28T06:09:31","slug":"guss-wasserwaagen","status":"publish","type":"page","link":"https:\/\/4k5tools.com\/nl\/guss-wasserwaagen\/","title":{"rendered":"GIETIJZEREN WATERPASSEN"},"content":{"rendered":"<div data-elementor-type=\"wp-page\" data-elementor-id=\"3801\" class=\"elementor elementor-3801\">\n\t\t\t\t\t\t<section class=\"elementor-section elementor-top-section elementor-element elementor-element-102d1d3 elementor-section-boxed elementor-section-height-default elementor-section-height-default\" data-id=\"102d1d3\" data-element_type=\"section\" data-e-type=\"section\" data-settings=\"{&quot;background_background&quot;:&quot;classic&quot;}\">\n\t\t\t\t\t\t<div class=\"elementor-container elementor-column-gap-default\">\n\t\t\t\t\t<div class=\"elementor-column elementor-col-100 elementor-top-column elementor-element elementor-element-03ea3e7\" data-id=\"03ea3e7\" data-element_type=\"column\" data-e-type=\"column\">\n\t\t\t<div class=\"elementor-widget-wrap elementor-element-populated\">\n\t\t\t\t\t\t<div class=\"elementor-element elementor-element-77d4254 elementor-widget elementor-widget-heading\" data-id=\"77d4254\" data-element_type=\"widget\" data-e-type=\"widget\" id=\"produktgruppe\" data-widget_type=\"heading.default\">\n\t\t\t\t<div class=\"elementor-widget-container\">\n\t\t\t\t\t<h3 class=\"elementor-heading-title elementor-size-default\">GIETIJZEREN WATERPASSEN&nbsp;<\/h3>\t\t\t\t<\/div>\n\t\t\t\t<\/div>\n\t\t\t\t<div class=\"elementor-element elementor-element-4ed9473 elementor-widget elementor-widget-spacer\" data-id=\"4ed9473\" data-element_type=\"widget\" data-e-type=\"widget\" data-widget_type=\"spacer.default\">\n\t\t\t\t<div class=\"elementor-widget-container\">\n\t\t\t\t\t\t\t<div class=\"elementor-spacer\">\n\t\t\t<div class=\"elementor-spacer-inner\"><\/div>\n\t\t<\/div>\n\t\t\t\t\t\t<\/div>\n\t\t\t\t<\/div>\n\t\t\t\t\t<\/div>\n\t\t<\/div>\n\t\t\t\t\t<\/div>\n\t\t<\/section>\n\t\t\t\t<section class=\"elementor-section elementor-top-section elementor-element elementor-element-9d2a828 elementor-section-boxed elementor-section-height-default elementor-section-height-default\" data-id=\"9d2a828\" data-element_type=\"section\" data-e-type=\"section\">\n\t\t\t\t\t\t<div class=\"elementor-container elementor-column-gap-default\">\n\t\t\t\t\t<div class=\"elementor-column elementor-col-100 elementor-top-column elementor-element elementor-element-572a444\" data-id=\"572a444\" data-element_type=\"column\" data-e-type=\"column\">\n\t\t\t<div class=\"elementor-widget-wrap elementor-element-populated\">\n\t\t\t\t\t\t<div class=\"elementor-element elementor-element-5f34171 elementor-widget elementor-widget-text-editor\" data-id=\"5f34171\" data-element_type=\"widget\" data-e-type=\"widget\" data-widget_type=\"text-editor.default\">\n\t\t\t\t<div class=\"elementor-widget-container\">\n\t\t\t\t\t\t\t\t\t<p><a href=\"https:\/\/4k5tools.com\/nl\/\">START<\/a> \u00bb <a href=\"https:\/\/4k5tools.com\/nl\/shop\/\">PRODUCTEN<\/a> \u00bb\u00a0<a href=\"https:\/\/4k5tools.com\/nl\/product-categorie\/wasserwaage\/\">WATERPASSEN<\/a> \u00bb <a href=\"https:\/\/4k5tools.com\/nl\/guss-wasserwaagen\/\">GIETIJZEREN WATERPASSEN<\/a><\/p>\t\t\t\t\t\t\t\t<\/div>\n\t\t\t\t<\/div>\n\t\t\t\t<div class=\"elementor-element elementor-element-f1111a0 elementor-widget elementor-widget-text-editor\" data-id=\"f1111a0\" data-element_type=\"widget\" data-e-type=\"widget\" data-widget_type=\"text-editor.default\">\n\t\t\t\t<div class=\"elementor-widget-container\">\n\t\t\t\t\t\t\t\t\t<p>Tot de gietijzeren waterpassen van 4K5 Better Equipment behoren precisiewaterpassen met stootvaste bloklibellen van acrylglas, gefreesde meetoppervlakken en een lichte, maar stabiele behuizing. De productgroep wordt gecompleteerd door een serie Maurer-waterpassen met vast verzegelde libellen en stootdempende slagkappen die snelle correcties mogelijk maken door aantikken met de troffel.<\/p>\t\t\t\t\t\t\t\t<\/div>\n\t\t\t\t<\/div>\n\t\t\t\t<div class=\"elementor-element elementor-element-08bc650 elementor-widget-divider--view-line elementor-widget elementor-widget-divider\" data-id=\"08bc650\" data-element_type=\"widget\" data-e-type=\"widget\" data-widget_type=\"divider.default\">\n\t\t\t\t<div class=\"elementor-widget-container\">\n\t\t\t\t\t\t\t<div class=\"elementor-divider\">\n\t\t\t<span class=\"elementor-divider-separator\">\n\t\t\t\t\t\t<\/span>\n\t\t<\/div>\n\t\t\t\t\t\t<\/div>\n\t\t\t\t<\/div>\n\t\t\t\t<div class=\"elementor-element elementor-element-eb812d6 elementor-widget elementor-widget-heading\" data-id=\"eb812d6\" data-element_type=\"widget\" data-e-type=\"widget\" data-widget_type=\"heading.default\">\n\t\t\t\t<div class=\"elementor-widget-container\">\n\t\t\t\t\t<h2 class=\"elementor-heading-title elementor-size-default\">TECHNISCHE DATA<\/h2>\t\t\t\t<\/div>\n\t\t\t\t<\/div>\n\t\t\t\t<div class=\"elementor-element elementor-element-7abd857 elementor-widget elementor-widget-elementskit-tablepress\" data-id=\"7abd857\" data-element_type=\"widget\" data-e-type=\"widget\" data-widget_type=\"elementskit-tablepress.default\">\n\t\t\t\t<div class=\"elementor-widget-container\">\n\t\t\t\t\t<div class=\"elemenetskit-tablepress ekit-wid-con\" id=\"ekit_tablepress_7abd857\">\n<table id=\"tablepress-14\" class=\"tablepress tablepress-id-14 tbody-has-connected-cells\">\n<thead>\n<tr class=\"row-1\">\n\t<td class=\"column-1\"><\/td><th class=\"column-2\"><strong>CT<\/strong><\/th><th class=\"column-3\"><strong>CTM<\/strong><\/th><th class=\"column-4\"><strong>SH SERIE<\/strong><\/th>\n<\/tr>\n<\/thead>\n<tbody class=\"row-striping\">\n<tr class=\"row-2\">\n\t<td class=\"column-1\"><\/td><td class=\"column-2\"><div style=\"text-align: center;\"><a href=\"https:\/\/4k5tools.com\/nl\/produkte\/wasserwaage\/guss-wasserwaagen\/ct\/\"><img fetchpriority=\"high\" decoding=\"async\" src=\"https:\/\/4k5tools.com\/wp-content\/uploads\/2022\/01\/603.112-25-Wasserwaage-4K5.webp\" alt=\"603.112-25 CT Wasserwaage 4K5\" width=\"1300\" height=\"1300\" class=\"alignnone size-full wp-image-2720\" style=\"display: block; margin: 0 auto;\" \/><\/a><a href=\"https:\/\/4k5tools.com\/nl\/produkte\/wasserwaage\/guss-wasserwaagen\/ct\/\" target=\"_blank\" style=\"background-color: #333; color: #fff; text-decoration: none; padding: 2px 10px; font-size: 13px; border-radius: 2px; display: inline-block; margin-bottom: 10px;\" rel=\"noopener\">details<\/a><\/div><\/td><td class=\"column-3\"><div style=\"text-align: center;\"><a href=\"https:\/\/4k5tools.com\/nl\/produkte\/wasserwaage\/guss-wasserwaagen\/ctm\/\"><img decoding=\"async\" src=\"https:\/\/4k5tools.com\/wp-content\/uploads\/2022\/01\/603.112-25M-Wasserwaage-4K5.webp\" alt=\"603.112-25M CTM Wasserwaage 4K5\" width=\"1300\" height=\"1300\" class=\"alignnone size-full wp-image-2720\" style=\"display: block; margin: 0 auto;\" \/><\/a><a href=\"https:\/\/4k5tools.com\/nl\/produkte\/wasserwaage\/guss-wasserwaagen\/ctm\/\" target=\"_blank\" style=\"background-color: #333; color: #fff; text-decoration: none; padding: 2px 10px; font-size: 13px; border-radius: 2px; display: inline-block; margin-bottom: 10px;\" rel=\"noopener\">details<\/a><\/div><\/td><td class=\"column-4\"><div style=\"text-align: center;\"><a href=\"https:\/\/4k5tools.com\/nl\/produkte\/wasserwaage\/guss-wasserwaagen\/sh-serie\/\"><img decoding=\"async\" src=\"https:\/\/4k5tools.com\/wp-content\/uploads\/2022\/01\/603.107-40-Wasserwaage-4K5.webp\" alt=\"603.107-40 SH Serie Wasserwaage 4K5\" width=\"1300\" height=\"1300\" class=\"alignnone size-full wp-image-2720\" style=\"display: block; margin: 0 auto;\" \/><\/a><a href=\"https:\/\/4k5tools.com\/nl\/produkte\/wasserwaage\/guss-wasserwaagen\/sh-serie\/\" target=\"_blank\" style=\"background-color: #333; color: #fff; text-decoration: none; padding: 2px 10px; font-size: 13px; border-radius: 2px; display: inline-block; margin-bottom: 10px;\" rel=\"noopener\">details<\/a><\/div><\/td>\n<\/tr>\n<tr class=\"row-3\">\n\t<td class=\"column-1\"><strong>Meetnauwkeurigheid<\/strong><\/td><td class=\"column-2\">< 0,5 mm\/m in Normallage<\/td><td class=\"column-3\">< 0,5 mm\/m in Normallage<\/td><td class=\"column-4\">< 0,5 mm\/m in Normallage<\/td>\n<\/tr>\n<tr class=\"row-4\">\n\t<td rowspan=\"2\" class=\"column-1\"><strong>Libel(len)<\/strong><\/td><td class=\"column-2\">1 horizontale libel<\/td><td class=\"column-3\">1 horizontale libel<\/td><td class=\"column-4\">1 horizontale libel<\/td>\n<\/tr>\n<tr class=\"row-5\">\n\t<td class=\"column-2\">1 verticale libel<\/td><td class=\"column-3\">1 verticale libel<\/td><td class=\"column-4\">1 verticale libel<\/td>\n<\/tr>\n<tr class=\"row-6\">\n\t<td class=\"column-1\"><strong>Trekkracht per magneet<\/strong><\/td><td class=\"column-2\">\u2013<\/td><td class=\"column-3\">1,75 kg<\/td><td class=\"column-4\">\u2013<\/td>\n<\/tr>\n<tr class=\"row-7\">\n\t<td class=\"column-1\"><strong>Aantal magneten<\/strong><\/td><td class=\"column-2\">\u2013<\/td><td class=\"column-3\">2<\/td><td class=\"column-4\">\u2013<\/td>\n<\/tr>\n<tr class=\"row-8\">\n\t<td class=\"column-1\"><strong>Meetvlakken<\/strong><\/td><td class=\"column-2\">onderkant fijn gefreesd<\/td><td class=\"column-3\">onderzijde gefreesd<\/td><td class=\"column-4\">onderkant fijn gefreesd<\/td>\n<\/tr>\n<tr class=\"row-9\">\n\t<td class=\"column-1\"><strong>Materiaal<\/strong><\/td><td class=\"column-2\">gegoten aluminium<\/td><td class=\"column-3\">gegoten aluminium<\/td><td class=\"column-4\">gegoten aluminium<\/td>\n<\/tr>\n<tr class=\"row-10\">\n\t<td class=\"column-1\"><strong>Profiel<\/strong><\/td><td class=\"column-2\">\u2013<\/td><td class=\"column-3\">\u2013<\/td><td class=\"column-4\">710 g\/m<\/td>\n<\/tr>\n<tr class=\"row-11\">\n\t<td class=\"column-1\"><strong>kenmerken<\/strong><\/td><td class=\"column-2\">stootvaste bloklibellen van acrylglas<\/td><td class=\"column-3\">ge\u00efntegreerde magneet<\/td><td class=\"column-4\">stootvaste bloklibellen van acrylglas<br \/>\ndraaibare spiegel voor een optimaal zicht op de verticale libel<\/td>\n<\/tr>\n<tr class=\"row-12\">\n\t<td class=\"column-1\"><strong>Afmetingen (B x H x D)<\/strong><\/td><td class=\"column-2\">250 x 44 x 25 mm<\/td><td class=\"column-3\">230 x 44 x 25 mm<\/td><td class=\"column-4\">40 cm: 400 \u00d7 45 \u00d7 20 mm<br \/>\n50 cm: 500 \u00d7 45 \u00d7 20 mm<br \/>\n60 cm: 600 \u00d7 45 \u00d7 20 mm<br \/>\n80 cm: 800 \u00d7 45 \u00d7 20 mm<br \/>\n100 cm: 1000 \u00d7 45 \u00d7 20 mm<\/td>\n<\/tr>\n<tr class=\"row-13\">\n\t<td class=\"column-1\"><strong>Gewicht<\/strong><\/td><td class=\"column-2\">230 g<\/td><td class=\"column-3\">230 g<\/td><td class=\"column-4\">40 cm: 350 g<br \/>\n50 cm: 390 g<br \/>\n60 cm: 450 g<br \/>\n80 cm: 660 g<br \/>\n100 cm: 820 g<\/td>\n<\/tr>\n<\/tbody>\n<\/table>\n<!-- #tablepress-14 from cache --><\/div>\t\t\t\t<\/div>\n\t\t\t\t<\/div>\n\t\t\t\t\t<\/div>\n\t\t<\/div>\n\t\t\t\t\t<\/div>\n\t\t<\/section>\n\t\t\t\t<\/div>","protected":false},"excerpt":{"rendered":"<p>GUSS-WASSERWAAGEN&nbsp; START \u00bb PRODUKTE \u00bb\u00a0WASSERWAAGEN \u00bb GUSS-WASSERWAAGEN Zu den Guss-Wasserwaagen von 4K5 Better Equipment z\u00e4hlen Pr\u00e4zisions-Wasserwaagen, die \u00fcber sto\u00dffeste Acrylglas-Blocklibellen, gefr\u00e4ste Messfl\u00e4chen und einen leichten, aber stabilen K\u00f6rper verf\u00fcgen. Vervollst\u00e4ndigt wird die Produktgruppe durch eine Serie von Maurer-Wasserwaagen mit fest versiegelten Libellen und sto\u00dfd\u00e4mpfenden Schlagkappen, an denen schnelle Korrekturen per Kelle vorgenommen werden k\u00f6nnen. TECHNISCHE [&hellip;]<\/p>\n","protected":false},"author":6,"featured_media":0,"parent":0,"menu_order":0,"comment_status":"closed","ping_status":"closed","template":"","meta":{"ocean_post_layout":"full-screen","ocean_both_sidebars_style":"","ocean_both_sidebars_content_width":0,"ocean_both_sidebars_sidebars_width":0,"ocean_sidebar":"0","ocean_second_sidebar":"0","ocean_disable_margins":"enable","ocean_add_body_class":"","ocean_shortcode_before_top_bar":"","ocean_shortcode_after_top_bar":"","ocean_shortcode_before_header":"","ocean_shortcode_after_header":"","ocean_has_shortcode":"","ocean_shortcode_after_title":"","ocean_shortcode_before_footer_widgets":"","ocean_shortcode_after_footer_widgets":"","ocean_shortcode_before_footer_bottom":"","ocean_shortcode_after_footer_bottom":"","ocean_display_top_bar":"default","ocean_display_header":"default","ocean_header_style":"","ocean_center_header_left_menu":"0","ocean_custom_header_template":"0","ocean_custom_logo":0,"ocean_custom_retina_logo":0,"ocean_custom_logo_max_width":0,"ocean_custom_logo_tablet_max_width":0,"ocean_custom_logo_mobile_max_width":0,"ocean_custom_logo_max_height":0,"ocean_custom_logo_tablet_max_height":0,"ocean_custom_logo_mobile_max_height":0,"ocean_header_custom_menu":"0","ocean_menu_typo_font_family":"0","ocean_menu_typo_font_subset":"","ocean_menu_typo_font_size":0,"ocean_menu_typo_font_size_tablet":0,"ocean_menu_typo_font_size_mobile":0,"ocean_menu_typo_font_size_unit":"px","ocean_menu_typo_font_weight":"","ocean_menu_typo_font_weight_tablet":"","ocean_menu_typo_font_weight_mobile":"","ocean_menu_typo_transform":"","ocean_menu_typo_transform_tablet":"","ocean_menu_typo_transform_mobile":"","ocean_menu_typo_line_height":0,"ocean_menu_typo_line_height_tablet":0,"ocean_menu_typo_line_height_mobile":0,"ocean_menu_typo_line_height_unit":"","ocean_menu_typo_spacing":0,"ocean_menu_typo_spacing_tablet":0,"ocean_menu_typo_spacing_mobile":0,"ocean_menu_typo_spacing_unit":"","ocean_menu_link_color":"","ocean_menu_link_color_hover":"","ocean_menu_link_color_active":"","ocean_menu_link_background":"","ocean_menu_link_hover_background":"","ocean_menu_link_active_background":"","ocean_menu_social_links_bg":"","ocean_menu_social_hover_links_bg":"","ocean_menu_social_links_color":"","ocean_menu_social_hover_links_color":"","ocean_disable_title":"default","ocean_disable_heading":"default","ocean_post_title":"","ocean_post_subheading":"","ocean_post_title_style":"","ocean_post_title_background_color":"","ocean_post_title_background":0,"ocean_post_title_bg_image_position":"","ocean_post_title_bg_image_attachment":"","ocean_post_title_bg_image_repeat":"","ocean_post_title_bg_image_size":"","ocean_post_title_height":0,"ocean_post_title_bg_overlay":0.5,"ocean_post_title_bg_overlay_color":"","ocean_disable_breadcrumbs":"default","ocean_breadcrumbs_color":"","ocean_breadcrumbs_separator_color":"","ocean_breadcrumbs_links_color":"","ocean_breadcrumbs_links_hover_color":"","ocean_display_footer_widgets":"default","ocean_display_footer_bottom":"default","ocean_custom_footer_template":"0","footnotes":""},"class_list":["post-3801","page","type-page","status-publish","hentry","entry","owp-thumbs-layout-horizontal","owp-btn-normal","owp-tabs-layout-horizontal","has-no-thumbnails","has-product-nav"],"yoast_head":"<!-- This site is optimized with the Yoast SEO plugin v27.3 - https:\/\/yoast.com\/product\/yoast-seo-wordpress\/ -->\n<title>GUSS-WASSERWAAGEN - 4K5 BETTER EQUIPMENT<\/title>\n<meta name=\"description\" content=\"4K5 Guss-Wasserwaagen umfassen Pr\u00e4zisions-Wasserwaagen mit gefr\u00e4sten Messfl\u00e4chen sowie Maurer-Wasserwaagen mit sto\u00dfd\u00e4mpfenden Schlagkappen.\" \/>\n<meta name=\"robots\" content=\"index, follow, max-snippet:-1, max-image-preview:large, max-video-preview:-1\" \/>\n<link rel=\"canonical\" href=\"https:\/\/4k5tools.com\/nl\/guss-wasserwaagen\/\" \/>\n<meta property=\"og:locale\" content=\"nl_NL\" \/>\n<meta property=\"og:type\" content=\"article\" \/>\n<meta property=\"og:title\" content=\"GUSS-WASSERWAAGEN - 4K5 BETTER EQUIPMENT\" \/>\n<meta property=\"og:description\" content=\"4K5 Guss-Wasserwaagen umfassen Pr\u00e4zisions-Wasserwaagen mit gefr\u00e4sten Messfl\u00e4chen sowie Maurer-Wasserwaagen mit sto\u00dfd\u00e4mpfenden Schlagkappen.\" \/>\n<meta property=\"og:url\" content=\"https:\/\/4k5tools.com\/nl\/guss-wasserwaagen\/\" \/>\n<meta property=\"og:site_name\" content=\"4K5 BETTER EQUIPMENT\" \/>\n<meta property=\"article:modified_time\" content=\"2023-11-28T06:09:31+00:00\" \/>\n<meta property=\"og:image\" content=\"https:\/\/4k5tools.com\/wp-content\/uploads\/2022\/01\/603.112-25-Wasserwaage-4K5.webp\" \/>\n<meta name=\"twitter:card\" content=\"summary_large_image\" \/>\n<meta name=\"twitter:label1\" content=\"Verwachte leestijd\" \/>\n\t<meta name=\"twitter:data1\" content=\"2 minuten\" \/>\n<script type=\"application\/ld+json\" class=\"yoast-schema-graph\">{\"@context\":\"https:\\\/\\\/schema.org\",\"@graph\":[{\"@type\":\"WebPage\",\"@id\":\"https:\\\/\\\/4k5tools.com\\\/guss-wasserwaagen\\\/\",\"url\":\"https:\\\/\\\/4k5tools.com\\\/guss-wasserwaagen\\\/\",\"name\":\"GUSS-WASSERWAAGEN - 4K5 BETTER EQUIPMENT\",\"isPartOf\":{\"@id\":\"https:\\\/\\\/4k5tools.com\\\/#website\"},\"primaryImageOfPage\":{\"@id\":\"https:\\\/\\\/4k5tools.com\\\/guss-wasserwaagen\\\/#primaryimage\"},\"image\":{\"@id\":\"https:\\\/\\\/4k5tools.com\\\/guss-wasserwaagen\\\/#primaryimage\"},\"thumbnailUrl\":\"https:\\\/\\\/4k5tools.com\\\/wp-content\\\/uploads\\\/2022\\\/01\\\/603.112-25-Wasserwaage-4K5.webp\",\"datePublished\":\"2023-02-24T05:14:53+00:00\",\"dateModified\":\"2023-11-28T06:09:31+00:00\",\"description\":\"4K5 Guss-Wasserwaagen umfassen Pr\u00e4zisions-Wasserwaagen mit gefr\u00e4sten Messfl\u00e4chen sowie Maurer-Wasserwaagen mit sto\u00dfd\u00e4mpfenden Schlagkappen.\",\"breadcrumb\":{\"@id\":\"https:\\\/\\\/4k5tools.com\\\/guss-wasserwaagen\\\/#breadcrumb\"},\"inLanguage\":\"nl-NL\",\"potentialAction\":[{\"@type\":\"ReadAction\",\"target\":[\"https:\\\/\\\/4k5tools.com\\\/guss-wasserwaagen\\\/\"]}]},{\"@type\":\"ImageObject\",\"inLanguage\":\"nl-NL\",\"@id\":\"https:\\\/\\\/4k5tools.com\\\/guss-wasserwaagen\\\/#primaryimage\",\"url\":\"https:\\\/\\\/4k5tools.com\\\/wp-content\\\/uploads\\\/2022\\\/01\\\/603.112-25-Wasserwaage-4K5.webp\",\"contentUrl\":\"https:\\\/\\\/4k5tools.com\\\/wp-content\\\/uploads\\\/2022\\\/01\\\/603.112-25-Wasserwaage-4K5.webp\"},{\"@type\":\"BreadcrumbList\",\"@id\":\"https:\\\/\\\/4k5tools.com\\\/guss-wasserwaagen\\\/#breadcrumb\",\"itemListElement\":[{\"@type\":\"ListItem\",\"position\":1,\"name\":\"START\",\"item\":\"https:\\\/\\\/4k5tools.com\\\/\"},{\"@type\":\"ListItem\",\"position\":2,\"name\":\"GUSS-WASSERWAAGEN\"}]},{\"@type\":\"WebSite\",\"@id\":\"https:\\\/\\\/4k5tools.com\\\/#website\",\"url\":\"https:\\\/\\\/4k5tools.com\\\/\",\"name\":\"4K5 BETTER EQUIPMENT\",\"description\":\"\",\"publisher\":{\"@id\":\"https:\\\/\\\/4k5tools.com\\\/#organization\"},\"potentialAction\":[{\"@type\":\"SearchAction\",\"target\":{\"@type\":\"EntryPoint\",\"urlTemplate\":\"https:\\\/\\\/4k5tools.com\\\/?s={search_term_string}\"},\"query-input\":{\"@type\":\"PropertyValueSpecification\",\"valueRequired\":true,\"valueName\":\"search_term_string\"}}],\"inLanguage\":\"nl-NL\"},{\"@type\":\"Organization\",\"@id\":\"https:\\\/\\\/4k5tools.com\\\/#organization\",\"name\":\"4K5 BETTER EQUIPMENT\",\"url\":\"https:\\\/\\\/4k5tools.com\\\/\",\"logo\":{\"@type\":\"ImageObject\",\"inLanguage\":\"nl-NL\",\"@id\":\"https:\\\/\\\/4k5tools.com\\\/#\\\/schema\\\/logo\\\/image\\\/\",\"url\":\"https:\\\/\\\/4k5tools.com\\\/wp-content\\\/uploads\\\/2022\\\/04\\\/4K5_Better-Equipment.webp\",\"contentUrl\":\"https:\\\/\\\/4k5tools.com\\\/wp-content\\\/uploads\\\/2022\\\/04\\\/4K5_Better-Equipment.webp\",\"width\":550,\"height\":200,\"caption\":\"4K5 BETTER EQUIPMENT\"},\"image\":{\"@id\":\"https:\\\/\\\/4k5tools.com\\\/#\\\/schema\\\/logo\\\/image\\\/\"}}]}<\/script>\n<!-- \/ Yoast SEO plugin. -->","yoast_head_json":{"title":"GUSS-WASSERWAAGEN - 4K5 BETTER EQUIPMENT","description":"4K5 Guss-Wasserwaagen umfassen Pr\u00e4zisions-Wasserwaagen mit gefr\u00e4sten Messfl\u00e4chen sowie Maurer-Wasserwaagen mit sto\u00dfd\u00e4mpfenden Schlagkappen.","robots":{"index":"index","follow":"follow","max-snippet":"max-snippet:-1","max-image-preview":"max-image-preview:large","max-video-preview":"max-video-preview:-1"},"canonical":"https:\/\/4k5tools.com\/nl\/guss-wasserwaagen\/","og_locale":"nl_NL","og_type":"article","og_title":"GUSS-WASSERWAAGEN - 4K5 BETTER EQUIPMENT","og_description":"4K5 Guss-Wasserwaagen umfassen Pr\u00e4zisions-Wasserwaagen mit gefr\u00e4sten Messfl\u00e4chen sowie Maurer-Wasserwaagen mit sto\u00dfd\u00e4mpfenden Schlagkappen.","og_url":"https:\/\/4k5tools.com\/nl\/guss-wasserwaagen\/","og_site_name":"4K5 BETTER EQUIPMENT","article_modified_time":"2023-11-28T06:09:31+00:00","og_image":[{"url":"https:\/\/4k5tools.com\/wp-content\/uploads\/2022\/01\/603.112-25-Wasserwaage-4K5.webp","type":"","width":"","height":""}],"twitter_card":"summary_large_image","twitter_misc":{"Verwachte leestijd":"2 minuten"},"schema":{"@context":"https:\/\/schema.org","@graph":[{"@type":"WebPage","@id":"https:\/\/4k5tools.com\/guss-wasserwaagen\/","url":"https:\/\/4k5tools.com\/guss-wasserwaagen\/","name":"GUSS-WASSERWAAGEN - 4K5 BETTER EQUIPMENT","isPartOf":{"@id":"https:\/\/4k5tools.com\/#website"},"primaryImageOfPage":{"@id":"https:\/\/4k5tools.com\/guss-wasserwaagen\/#primaryimage"},"image":{"@id":"https:\/\/4k5tools.com\/guss-wasserwaagen\/#primaryimage"},"thumbnailUrl":"https:\/\/4k5tools.com\/wp-content\/uploads\/2022\/01\/603.112-25-Wasserwaage-4K5.webp","datePublished":"2023-02-24T05:14:53+00:00","dateModified":"2023-11-28T06:09:31+00:00","description":"4K5 Guss-Wasserwaagen umfassen Pr\u00e4zisions-Wasserwaagen mit gefr\u00e4sten Messfl\u00e4chen sowie Maurer-Wasserwaagen mit sto\u00dfd\u00e4mpfenden Schlagkappen.","breadcrumb":{"@id":"https:\/\/4k5tools.com\/guss-wasserwaagen\/#breadcrumb"},"inLanguage":"nl-NL","potentialAction":[{"@type":"ReadAction","target":["https:\/\/4k5tools.com\/guss-wasserwaagen\/"]}]},{"@type":"ImageObject","inLanguage":"nl-NL","@id":"https:\/\/4k5tools.com\/guss-wasserwaagen\/#primaryimage","url":"https:\/\/4k5tools.com\/wp-content\/uploads\/2022\/01\/603.112-25-Wasserwaage-4K5.webp","contentUrl":"https:\/\/4k5tools.com\/wp-content\/uploads\/2022\/01\/603.112-25-Wasserwaage-4K5.webp"},{"@type":"BreadcrumbList","@id":"https:\/\/4k5tools.com\/guss-wasserwaagen\/#breadcrumb","itemListElement":[{"@type":"ListItem","position":1,"name":"START","item":"https:\/\/4k5tools.com\/"},{"@type":"ListItem","position":2,"name":"GUSS-WASSERWAAGEN"}]},{"@type":"WebSite","@id":"https:\/\/4k5tools.com\/#website","url":"https:\/\/4k5tools.com\/","name":"4K5 BETTER EQUIPMENT","description":"","publisher":{"@id":"https:\/\/4k5tools.com\/#organization"},"potentialAction":[{"@type":"SearchAction","target":{"@type":"EntryPoint","urlTemplate":"https:\/\/4k5tools.com\/?s={search_term_string}"},"query-input":{"@type":"PropertyValueSpecification","valueRequired":true,"valueName":"search_term_string"}}],"inLanguage":"nl-NL"},{"@type":"Organization","@id":"https:\/\/4k5tools.com\/#organization","name":"4K5 BETTER EQUIPMENT","url":"https:\/\/4k5tools.com\/","logo":{"@type":"ImageObject","inLanguage":"nl-NL","@id":"https:\/\/4k5tools.com\/#\/schema\/logo\/image\/","url":"https:\/\/4k5tools.com\/wp-content\/uploads\/2022\/04\/4K5_Better-Equipment.webp","contentUrl":"https:\/\/4k5tools.com\/wp-content\/uploads\/2022\/04\/4K5_Better-Equipment.webp","width":550,"height":200,"caption":"4K5 BETTER EQUIPMENT"},"image":{"@id":"https:\/\/4k5tools.com\/#\/schema\/logo\/image\/"}}]}},"_links":{"self":[{"href":"https:\/\/4k5tools.com\/nl\/wp-json\/wp\/v2\/pages\/3801","targetHints":{"allow":["GET"]}}],"collection":[{"href":"https:\/\/4k5tools.com\/nl\/wp-json\/wp\/v2\/pages"}],"about":[{"href":"https:\/\/4k5tools.com\/nl\/wp-json\/wp\/v2\/types\/page"}],"author":[{"embeddable":true,"href":"https:\/\/4k5tools.com\/nl\/wp-json\/wp\/v2\/users\/6"}],"replies":[{"embeddable":true,"href":"https:\/\/4k5tools.com\/nl\/wp-json\/wp\/v2\/comments?post=3801"}],"version-history":[{"count":26,"href":"https:\/\/4k5tools.com\/nl\/wp-json\/wp\/v2\/pages\/3801\/revisions"}],"predecessor-version":[{"id":4616,"href":"https:\/\/4k5tools.com\/nl\/wp-json\/wp\/v2\/pages\/3801\/revisions\/4616"}],"wp:attachment":[{"href":"https:\/\/4k5tools.com\/nl\/wp-json\/wp\/v2\/media?parent=3801"}],"curies":[{"name":"wp","href":"https:\/\/api.w.org\/{rel}","templated":true}]}}