{"id":1181,"date":"2021-12-21T09:02:15","date_gmt":"2021-12-21T08:02:15","guid":{"rendered":"https:\/\/4k5tools.com\/produkt\/wp-400-workpro-headlight\/"},"modified":"2025-01-29T09:24:49","modified_gmt":"2025-01-29T08:24:49","slug":"wp-400-workpro-headlight","status":"publish","type":"product","link":"https:\/\/4k5tools.com\/nl\/produkte\/lampen\/kopflampen\/wp-400-workpro-headlight\/","title":{"rendered":"WP 400"},"content":{"rendered":"<p>De krachtige led-hoofdlamp is spuitwaterdicht en aangenaam om te dragen. Omdat de gebruiker altijd beide handen vrij heeft, kan hij zich volledig op zijn werk concentreren. Voor een perfecte verlichting van de werkruimte is de lampkop trapsgewijs tot 90\u00b0 worden gedraaid. De lichtsterkte kan worden ingesteld op de niveaus High, Medium, Low, Red en Red Blink. Bij het verlichten van objecten op kleine afstand wordt de lichtopbrengst automatisch tot 35 lumen verlaagd, om de helderheid optimaal af te stemmen op de plaats van gebruik. De elastische hoofdband kan op elke hoofdmaat worden ingesteld. Een rubberen inzet zorgt voor een goed houvast en voorkomt het af- en wegglijden. Door het geringe gewicht en de compacte uitvoering vormt de lamp geen belasting voor het hoofd. Twee klemmen voor bevestiging aan een bouwhelm zijn bij de levering inbegrepen.<\/p>","protected":false},"excerpt":{"rendered":"<p>Krachtige led-hoofdlamp met automatische dimfunctie en hoog draagcomfort - vrije handen tijdens het werk<\/p>\n<ul title=\"\">\n<li title=\"\"><span title=\"\">Grote lichtsterkte van 400 lumen<\/span><\/li>\n<li title=\"\"><span title=\"\">3 beschikbare lichtstanden om aan diverse vereisten te voldoen (High\/Medium\/Low)<\/span><\/li>\n<li title=\"\"><span title=\"\">Extra red- en red-blink-modus<\/span><\/li>\n<li title=\"\"><span title=\"\">Trapsgewijs zwenken van de lampkop tot 90\u00b0 mogelijk<\/span><\/li>\n<li title=\"\"><span title=\"\">Automatisch dimmen voor optimale zichtbaarheid van objecten dichtbij<\/span><\/li>\n<li title=\"\"><span title=\"\">Veilig houvast door rubberlaag, geen af- of wegglijden<\/span><\/li>\n<li title=\"\"><span title=\"\">Hoog draagcomfort: elastische hoofdband, passend voor elke hoofdmaat<\/span><\/li>\n<li title=\"\"><span title=\"\">Vrije handen tijdens het werk<\/span><\/li>\n<li title=\"\"><span title=\"\">Oplaadbare lithium-ion batterij via USB-C kabel<\/span><\/li>\n<li title=\"\"><span title=\"\">Spuitwaterdicht<\/span><\/li>\n<\/ul>","protected":false},"featured_media":1086,"template":"","meta":{"ocean_post_layout":"","ocean_both_sidebars_style":"","ocean_both_sidebars_content_width":0,"ocean_both_sidebars_sidebars_width":0,"ocean_sidebar":"0","ocean_second_sidebar":"0","ocean_disable_margins":"enable","ocean_add_body_class":"","ocean_shortcode_before_top_bar":"","ocean_shortcode_after_top_bar":"","ocean_shortcode_before_header":"","ocean_shortcode_after_header":"","ocean_has_shortcode":"","ocean_shortcode_after_title":"","ocean_shortcode_before_footer_widgets":"","ocean_shortcode_after_footer_widgets":"","ocean_shortcode_before_footer_bottom":"","ocean_shortcode_after_footer_bottom":"","ocean_display_top_bar":"default","ocean_display_header":"default","ocean_header_style":"","ocean_center_header_left_menu":"0","ocean_custom_header_template":"0","ocean_custom_logo":0,"ocean_custom_retina_logo":0,"ocean_custom_logo_max_width":0,"ocean_custom_logo_tablet_max_width":0,"ocean_custom_logo_mobile_max_width":0,"ocean_custom_logo_max_height":0,"ocean_custom_logo_tablet_max_height":0,"ocean_custom_logo_mobile_max_height":0,"ocean_header_custom_menu":"0","ocean_menu_typo_font_family":"0","ocean_menu_typo_font_subset":"","ocean_menu_typo_font_size":0,"ocean_menu_typo_font_size_tablet":0,"ocean_menu_typo_font_size_mobile":0,"ocean_menu_typo_font_size_unit":"px","ocean_menu_typo_font_weight":"","ocean_menu_typo_font_weight_tablet":"","ocean_menu_typo_font_weight_mobile":"","ocean_menu_typo_transform":"","ocean_menu_typo_transform_tablet":"","ocean_menu_typo_transform_mobile":"","ocean_menu_typo_line_height":0,"ocean_menu_typo_line_height_tablet":0,"ocean_menu_typo_line_height_mobile":0,"ocean_menu_typo_line_height_unit":"","ocean_menu_typo_spacing":0,"ocean_menu_typo_spacing_tablet":0,"ocean_menu_typo_spacing_mobile":0,"ocean_menu_typo_spacing_unit":"","ocean_menu_link_color":"","ocean_menu_link_color_hover":"","ocean_menu_link_color_active":"","ocean_menu_link_background":"","ocean_menu_link_hover_background":"","ocean_menu_link_active_background":"","ocean_menu_social_links_bg":"","ocean_menu_social_hover_links_bg":"","ocean_menu_social_links_color":"","ocean_menu_social_hover_links_color":"","ocean_disable_title":"default","ocean_disable_heading":"default","ocean_post_title":"","ocean_post_subheading":"","ocean_post_title_style":"","ocean_post_title_background_color":"","ocean_post_title_background":0,"ocean_post_title_bg_image_position":"","ocean_post_title_bg_image_attachment":"","ocean_post_title_bg_image_repeat":"","ocean_post_title_bg_image_size":"","ocean_post_title_height":0,"ocean_post_title_bg_overlay":0.5,"ocean_post_title_bg_overlay_color":"","ocean_disable_breadcrumbs":"default","ocean_breadcrumbs_color":"","ocean_breadcrumbs_separator_color":"","ocean_breadcrumbs_links_color":"","ocean_breadcrumbs_links_hover_color":"","ocean_display_footer_widgets":"default","ocean_display_footer_bottom":"default","ocean_custom_footer_template":"0"},"product_brand":[],"product_cat":[35,37],"product_tag":[],"class_list":{"0":"post-1181","1":"product","2":"type-product","3":"status-publish","4":"has-post-thumbnail","6":"product_cat-lampen","7":"product_cat-kopflampen","9":"entry","10":"has-media","12":"first","13":"instock","14":"shipping-taxable","15":"product-type-simple","16":"has-product-nav","17":"col","18":"span_1_of_3","19":"owp-content-center","20":"owp-thumbs-layout-horizontal","21":"owp-btn-normal","22":"owp-tabs-layout-horizontal"},"yoast_head":"<!-- This site is optimized with the Yoast SEO plugin v27.0 - https:\/\/yoast.com\/product\/yoast-seo-wordpress\/ -->\n<title>WP 400 - 4K5 BETTER EQUIPMENT<\/title>\n<meta name=\"robots\" content=\"index, follow, max-snippet:-1, max-image-preview:large, max-video-preview:-1\" \/>\n<link rel=\"canonical\" href=\"https:\/\/4k5tools.com\/nl\/produkte\/lampen\/kopflampen\/wp-400-workpro-headlight\/\" \/>\n<meta property=\"og:locale\" content=\"nl_NL\" \/>\n<meta property=\"og:type\" content=\"article\" \/>\n<meta property=\"og:title\" content=\"WP 400 - 4K5 BETTER EQUIPMENT\" \/>\n<meta property=\"og:description\" content=\"Leistungsstarke LED-Kopflampe mit automatischer Dimmfunktion und hohem Tragekomfort - Freie H\u00e4nde w\u00e4hrend der Arbeit   Starke Leuchtkraft von 400 Lumen  3 verf\u00fcgbare Leuchtstufen passend zur jeweiligen Anforderung (High\/Medium\/Low)  Zus\u00e4tzlicher Red- und Red Blink-Modus  Stufenweises Schwenken des Leuchtkopfes um bis zu 90\u00b0 m\u00f6glich  Automatisches Dimmen zum optimalen Betrachten naher Objekte  Sicherer Halt durch Gummierung, kein Abrutschen oder Verrutschen  Hoher Tragekomfort: Elastisches Stirnband, passend f\u00fcr jeden Kopfumfang  Freie H\u00e4nde bei der T\u00e4tigkeit  Wiederaufladbarer Lithium-Ionen-Akku \u00fcber USB-C-Kabel  Strahlwassergesch\u00fctzt\" \/>\n<meta property=\"og:url\" content=\"https:\/\/4k5tools.com\/nl\/produkte\/lampen\/kopflampen\/wp-400-workpro-headlight\/\" \/>\n<meta property=\"og:site_name\" content=\"4K5 BETTER EQUIPMENT\" \/>\n<meta property=\"article:modified_time\" content=\"2025-01-29T08:24:49+00:00\" \/>\n<meta property=\"og:image\" content=\"https:\/\/4k5tools.com\/wp-content\/uploads\/2021\/12\/602.104A_10_20.webp\" \/>\n\t<meta property=\"og:image:width\" content=\"1300\" \/>\n\t<meta property=\"og:image:height\" content=\"1300\" \/>\n\t<meta property=\"og:image:type\" content=\"image\/webp\" \/>\n<meta name=\"twitter:card\" content=\"summary_large_image\" \/>\n<meta name=\"twitter:label1\" content=\"Verwachte leestijd\" \/>\n\t<meta name=\"twitter:data1\" content=\"1 minuut\" \/>\n<script type=\"application\/ld+json\" class=\"yoast-schema-graph\">{\"@context\":\"https:\/\/schema.org\",\"@graph\":[{\"@type\":\"WebPage\",\"@id\":\"https:\/\/4k5tools.com\/produkte\/lampen\/kopflampen\/wp-400-workpro-headlight\/\",\"url\":\"https:\/\/4k5tools.com\/produkte\/lampen\/kopflampen\/wp-400-workpro-headlight\/\",\"name\":\"WP 400 - 4K5 BETTER EQUIPMENT\",\"isPartOf\":{\"@id\":\"https:\/\/4k5tools.com\/#website\"},\"primaryImageOfPage\":{\"@id\":\"https:\/\/4k5tools.com\/produkte\/lampen\/kopflampen\/wp-400-workpro-headlight\/#primaryimage\"},\"image\":{\"@id\":\"https:\/\/4k5tools.com\/produkte\/lampen\/kopflampen\/wp-400-workpro-headlight\/#primaryimage\"},\"thumbnailUrl\":\"https:\/\/4k5tools.com\/wp-content\/uploads\/2021\/12\/602.104A_10_20.webp\",\"datePublished\":\"2021-12-21T08:02:15+00:00\",\"dateModified\":\"2025-01-29T08:24:49+00:00\",\"breadcrumb\":{\"@id\":\"https:\/\/4k5tools.com\/produkte\/lampen\/kopflampen\/wp-400-workpro-headlight\/#breadcrumb\"},\"inLanguage\":\"nl-NL\",\"potentialAction\":[{\"@type\":\"ReadAction\",\"target\":[\"https:\/\/4k5tools.com\/produkte\/lampen\/kopflampen\/wp-400-workpro-headlight\/\"]}]},{\"@type\":\"ImageObject\",\"inLanguage\":\"nl-NL\",\"@id\":\"https:\/\/4k5tools.com\/produkte\/lampen\/kopflampen\/wp-400-workpro-headlight\/#primaryimage\",\"url\":\"https:\/\/4k5tools.com\/wp-content\/uploads\/2021\/12\/602.104A_10_20.webp\",\"contentUrl\":\"https:\/\/4k5tools.com\/wp-content\/uploads\/2021\/12\/602.104A_10_20.webp\",\"width\":1300,\"height\":1300,\"caption\":\"Kopflampe 602.104A WP 400 WorkPro Headlight\"},{\"@type\":\"BreadcrumbList\",\"@id\":\"https:\/\/4k5tools.com\/produkte\/lampen\/kopflampen\/wp-400-workpro-headlight\/#breadcrumb\",\"itemListElement\":[{\"@type\":\"ListItem\",\"position\":1,\"name\":\"START\",\"item\":\"https:\/\/4k5tools.com\/\"},{\"@type\":\"ListItem\",\"position\":2,\"name\":\"PRODUKTE\",\"item\":\"https:\/\/4k5tools.com\/shop\/\"},{\"@type\":\"ListItem\",\"position\":3,\"name\":\"LAMPEN\",\"item\":\"https:\/\/4k5tools.com\/produkt-kategorie\/lampen\/\"},{\"@type\":\"ListItem\",\"position\":4,\"name\":\"KOPFLAMPEN\",\"item\":\"https:\/\/4k5tools.com\/produkt-kategorie\/lampen\/kopflampen\/\"},{\"@type\":\"ListItem\",\"position\":5,\"name\":\"WP 400\"}]},{\"@type\":\"WebSite\",\"@id\":\"https:\/\/4k5tools.com\/#website\",\"url\":\"https:\/\/4k5tools.com\/\",\"name\":\"4K5 BETTER EQUIPMENT\",\"description\":\"\",\"publisher\":{\"@id\":\"https:\/\/4k5tools.com\/#organization\"},\"potentialAction\":[{\"@type\":\"SearchAction\",\"target\":{\"@type\":\"EntryPoint\",\"urlTemplate\":\"https:\/\/4k5tools.com\/?s={search_term_string}\"},\"query-input\":{\"@type\":\"PropertyValueSpecification\",\"valueRequired\":true,\"valueName\":\"search_term_string\"}}],\"inLanguage\":\"nl-NL\"},{\"@type\":\"Organization\",\"@id\":\"https:\/\/4k5tools.com\/#organization\",\"name\":\"4K5 BETTER EQUIPMENT\",\"url\":\"https:\/\/4k5tools.com\/\",\"logo\":{\"@type\":\"ImageObject\",\"inLanguage\":\"nl-NL\",\"@id\":\"https:\/\/4k5tools.com\/#\/schema\/logo\/image\/\",\"url\":\"https:\/\/4k5tools.com\/wp-content\/uploads\/2022\/04\/4K5_Better-Equipment.webp\",\"contentUrl\":\"https:\/\/4k5tools.com\/wp-content\/uploads\/2022\/04\/4K5_Better-Equipment.webp\",\"width\":550,\"height\":200,\"caption\":\"4K5 BETTER EQUIPMENT\"},\"image\":{\"@id\":\"https:\/\/4k5tools.com\/#\/schema\/logo\/image\/\"}}]}<\/script>\n<!-- \/ Yoast SEO plugin. -->","yoast_head_json":{"title":"WP 400 - 4K5 BETTER EQUIPMENT","robots":{"index":"index","follow":"follow","max-snippet":"max-snippet:-1","max-image-preview":"max-image-preview:large","max-video-preview":"max-video-preview:-1"},"canonical":"https:\/\/4k5tools.com\/nl\/produkte\/lampen\/kopflampen\/wp-400-workpro-headlight\/","og_locale":"nl_NL","og_type":"article","og_title":"WP 400 - 4K5 BETTER EQUIPMENT","og_description":"Leistungsstarke LED-Kopflampe mit automatischer Dimmfunktion und hohem Tragekomfort - Freie H\u00e4nde w\u00e4hrend der Arbeit   Starke Leuchtkraft von 400 Lumen  3 verf\u00fcgbare Leuchtstufen passend zur jeweiligen Anforderung (High\/Medium\/Low)  Zus\u00e4tzlicher Red- und Red Blink-Modus  Stufenweises Schwenken des Leuchtkopfes um bis zu 90\u00b0 m\u00f6glich  Automatisches Dimmen zum optimalen Betrachten naher Objekte  Sicherer Halt durch Gummierung, kein Abrutschen oder Verrutschen  Hoher Tragekomfort: Elastisches Stirnband, passend f\u00fcr jeden Kopfumfang  Freie H\u00e4nde bei der T\u00e4tigkeit  Wiederaufladbarer Lithium-Ionen-Akku \u00fcber USB-C-Kabel  Strahlwassergesch\u00fctzt","og_url":"https:\/\/4k5tools.com\/nl\/produkte\/lampen\/kopflampen\/wp-400-workpro-headlight\/","og_site_name":"4K5 BETTER EQUIPMENT","article_modified_time":"2025-01-29T08:24:49+00:00","og_image":[{"width":1300,"height":1300,"url":"https:\/\/4k5tools.com\/wp-content\/uploads\/2021\/12\/602.104A_10_20.webp","type":"image\/webp"}],"twitter_card":"summary_large_image","twitter_misc":{"Verwachte leestijd":"1 minuut"},"schema":{"@context":"https:\/\/schema.org","@graph":[{"@type":"WebPage","@id":"https:\/\/4k5tools.com\/produkte\/lampen\/kopflampen\/wp-400-workpro-headlight\/","url":"https:\/\/4k5tools.com\/produkte\/lampen\/kopflampen\/wp-400-workpro-headlight\/","name":"WP 400 - 4K5 BETTER EQUIPMENT","isPartOf":{"@id":"https:\/\/4k5tools.com\/#website"},"primaryImageOfPage":{"@id":"https:\/\/4k5tools.com\/produkte\/lampen\/kopflampen\/wp-400-workpro-headlight\/#primaryimage"},"image":{"@id":"https:\/\/4k5tools.com\/produkte\/lampen\/kopflampen\/wp-400-workpro-headlight\/#primaryimage"},"thumbnailUrl":"https:\/\/4k5tools.com\/wp-content\/uploads\/2021\/12\/602.104A_10_20.webp","datePublished":"2021-12-21T08:02:15+00:00","dateModified":"2025-01-29T08:24:49+00:00","breadcrumb":{"@id":"https:\/\/4k5tools.com\/produkte\/lampen\/kopflampen\/wp-400-workpro-headlight\/#breadcrumb"},"inLanguage":"nl-NL","potentialAction":[{"@type":"ReadAction","target":["https:\/\/4k5tools.com\/produkte\/lampen\/kopflampen\/wp-400-workpro-headlight\/"]}]},{"@type":"ImageObject","inLanguage":"nl-NL","@id":"https:\/\/4k5tools.com\/produkte\/lampen\/kopflampen\/wp-400-workpro-headlight\/#primaryimage","url":"https:\/\/4k5tools.com\/wp-content\/uploads\/2021\/12\/602.104A_10_20.webp","contentUrl":"https:\/\/4k5tools.com\/wp-content\/uploads\/2021\/12\/602.104A_10_20.webp","width":1300,"height":1300,"caption":"Kopflampe 602.104A WP 400 WorkPro Headlight"},{"@type":"BreadcrumbList","@id":"https:\/\/4k5tools.com\/produkte\/lampen\/kopflampen\/wp-400-workpro-headlight\/#breadcrumb","itemListElement":[{"@type":"ListItem","position":1,"name":"START","item":"https:\/\/4k5tools.com\/"},{"@type":"ListItem","position":2,"name":"PRODUKTE","item":"https:\/\/4k5tools.com\/shop\/"},{"@type":"ListItem","position":3,"name":"LAMPEN","item":"https:\/\/4k5tools.com\/produkt-kategorie\/lampen\/"},{"@type":"ListItem","position":4,"name":"KOPFLAMPEN","item":"https:\/\/4k5tools.com\/produkt-kategorie\/lampen\/kopflampen\/"},{"@type":"ListItem","position":5,"name":"WP 400"}]},{"@type":"WebSite","@id":"https:\/\/4k5tools.com\/#website","url":"https:\/\/4k5tools.com\/","name":"4K5 BETTER EQUIPMENT","description":"","publisher":{"@id":"https:\/\/4k5tools.com\/#organization"},"potentialAction":[{"@type":"SearchAction","target":{"@type":"EntryPoint","urlTemplate":"https:\/\/4k5tools.com\/?s={search_term_string}"},"query-input":{"@type":"PropertyValueSpecification","valueRequired":true,"valueName":"search_term_string"}}],"inLanguage":"nl-NL"},{"@type":"Organization","@id":"https:\/\/4k5tools.com\/#organization","name":"4K5 BETTER EQUIPMENT","url":"https:\/\/4k5tools.com\/","logo":{"@type":"ImageObject","inLanguage":"nl-NL","@id":"https:\/\/4k5tools.com\/#\/schema\/logo\/image\/","url":"https:\/\/4k5tools.com\/wp-content\/uploads\/2022\/04\/4K5_Better-Equipment.webp","contentUrl":"https:\/\/4k5tools.com\/wp-content\/uploads\/2022\/04\/4K5_Better-Equipment.webp","width":550,"height":200,"caption":"4K5 BETTER EQUIPMENT"},"image":{"@id":"https:\/\/4k5tools.com\/#\/schema\/logo\/image\/"}}]}},"_links":{"self":[{"href":"https:\/\/4k5tools.com\/nl\/wp-json\/wp\/v2\/product\/1181","targetHints":{"allow":["GET"]}}],"collection":[{"href":"https:\/\/4k5tools.com\/nl\/wp-json\/wp\/v2\/product"}],"about":[{"href":"https:\/\/4k5tools.com\/nl\/wp-json\/wp\/v2\/types\/product"}],"wp:featuredmedia":[{"embeddable":true,"href":"https:\/\/4k5tools.com\/nl\/wp-json\/wp\/v2\/media\/1086"}],"wp:attachment":[{"href":"https:\/\/4k5tools.com\/nl\/wp-json\/wp\/v2\/media?parent=1181"}],"wp:term":[{"taxonomy":"product_brand","embeddable":true,"href":"https:\/\/4k5tools.com\/nl\/wp-json\/wp\/v2\/product_brand?post=1181"},{"taxonomy":"product_cat","embeddable":true,"href":"https:\/\/4k5tools.com\/nl\/wp-json\/wp\/v2\/product_cat?post=1181"},{"taxonomy":"product_tag","embeddable":true,"href":"https:\/\/4k5tools.com\/nl\/wp-json\/wp\/v2\/product_tag?post=1181"}],"curies":[{"name":"wp","href":"https:\/\/api.w.org\/{rel}","templated":true}]}}