{"id":1932,"date":"2022-03-11T09:49:34","date_gmt":"2022-03-11T08:49:34","guid":{"rendered":"https:\/\/4k5tools.com\/?post_type=product&#038;p=1932"},"modified":"2022-09-22T11:29:17","modified_gmt":"2022-09-22T09:29:17","slug":"serie-ge","status":"publish","type":"product","link":"https:\/\/4k5tools.com\/nl\/produkte\/wasserwaage\/rechteckprofil-wasserwaagen\/serie-ge\/","title":{"rendered":"GE-SERIE"},"content":{"rendered":"<p>De hoogwaardige waterpas is ideaal voor de bouwvakker. Hij maakt een nauwkeurige horizontale en verticale uitlijning mogelijk. Bij het plaatsen tegen een verticale helling heeft de gebruiker dankzij het extra kijkglas optimaal zicht op de verticale libel. Daardoor kan nauwkeuriger en eenvoudiger worden afgelezen dan bij een conventionele waterpas. Schokabsorberende eindkappen beschermen het profiel en de kenmerken van de waterpas. Rubberen wand-slipstoppen zorgen voor een stevige grip.<\/p>","protected":false},"excerpt":{"rendered":"<p>Hoogwaardige en gemakkelijk af te lezen waterpas voor de bouwvakker<\/p>\n<ul title=\"\">\n<li title=\"\"><span title=\"\">Gemakkelijk af te lezen dankzij vergrotingslens op horizontale bloklibel van acrylglas en extra kijkglas op verticale bloklibel van acrylglas <\/span><\/li>\n<li>Hoge meetnauwkeurigheid voor standaardmetingen en metingen boven hoofdhoogte<\/li>\n<li title=\"\"><span title=\"\">Goede bescherming van het profiel door schokabsorberende, met rubber beklede eindkappen<\/span><\/li>\n<li title=\"\"><span title=\"\">Veilig houvast dankzij met rubber beklede wand-slipstoppen <\/span><\/li>\n<\/ul>\n<hr \/>\n<p><a href=\"https:\/\/4k5tools.com\/wp-content\/uploads\/2022\/08\/GE\u2009Serie_Feature.webp\"><img fetchpriority=\"high\" decoding=\"async\" class=\"alignnone size-full wp-image-2921\" src=\"https:\/\/4k5tools.com\/wp-content\/uploads\/2022\/08\/GE\u2009Serie_Feature.webp\" alt=\"GE\u2009Serie\" width=\"499\" height=\"240\" srcset=\"https:\/\/4k5tools.com\/wp-content\/uploads\/2022\/08\/GE\u2009Serie_Feature.webp 499w, https:\/\/4k5tools.com\/wp-content\/uploads\/2022\/08\/GE\u2009Serie_Feature-18x9.webp 18w\" sizes=\"(max-width: 499px) 100vw, 499px\" \/><\/a><\/p>","protected":false},"featured_media":2669,"template":"","meta":{"ocean_post_layout":"","ocean_both_sidebars_style":"","ocean_both_sidebars_content_width":0,"ocean_both_sidebars_sidebars_width":0,"ocean_sidebar":"0","ocean_second_sidebar":"0","ocean_disable_margins":"enable","ocean_add_body_class":"","ocean_shortcode_before_top_bar":"","ocean_shortcode_after_top_bar":"","ocean_shortcode_before_header":"","ocean_shortcode_after_header":"","ocean_has_shortcode":"","ocean_shortcode_after_title":"","ocean_shortcode_before_footer_widgets":"","ocean_shortcode_after_footer_widgets":"","ocean_shortcode_before_footer_bottom":"","ocean_shortcode_after_footer_bottom":"","ocean_display_top_bar":"default","ocean_display_header":"default","ocean_header_style":"","ocean_center_header_left_menu":"0","ocean_custom_header_template":"0","ocean_custom_logo":0,"ocean_custom_retina_logo":0,"ocean_custom_logo_max_width":0,"ocean_custom_logo_tablet_max_width":0,"ocean_custom_logo_mobile_max_width":0,"ocean_custom_logo_max_height":0,"ocean_custom_logo_tablet_max_height":0,"ocean_custom_logo_mobile_max_height":0,"ocean_header_custom_menu":"0","ocean_menu_typo_font_family":"0","ocean_menu_typo_font_subset":"","ocean_menu_typo_font_size":0,"ocean_menu_typo_font_size_tablet":0,"ocean_menu_typo_font_size_mobile":0,"ocean_menu_typo_font_size_unit":"px","ocean_menu_typo_font_weight":"","ocean_menu_typo_font_weight_tablet":"","ocean_menu_typo_font_weight_mobile":"","ocean_menu_typo_transform":"","ocean_menu_typo_transform_tablet":"","ocean_menu_typo_transform_mobile":"","ocean_menu_typo_line_height":0,"ocean_menu_typo_line_height_tablet":0,"ocean_menu_typo_line_height_mobile":0,"ocean_menu_typo_line_height_unit":"","ocean_menu_typo_spacing":0,"ocean_menu_typo_spacing_tablet":0,"ocean_menu_typo_spacing_mobile":0,"ocean_menu_typo_spacing_unit":"","ocean_menu_link_color":"","ocean_menu_link_color_hover":"","ocean_menu_link_color_active":"","ocean_menu_link_background":"","ocean_menu_link_hover_background":"","ocean_menu_link_active_background":"","ocean_menu_social_links_bg":"","ocean_menu_social_hover_links_bg":"","ocean_menu_social_links_color":"","ocean_menu_social_hover_links_color":"","ocean_disable_title":"default","ocean_disable_heading":"default","ocean_post_title":"","ocean_post_subheading":"","ocean_post_title_style":"","ocean_post_title_background_color":"","ocean_post_title_background":0,"ocean_post_title_bg_image_position":"","ocean_post_title_bg_image_attachment":"","ocean_post_title_bg_image_repeat":"","ocean_post_title_bg_image_size":"","ocean_post_title_height":0,"ocean_post_title_bg_overlay":0.5,"ocean_post_title_bg_overlay_color":"","ocean_disable_breadcrumbs":"default","ocean_breadcrumbs_color":"","ocean_breadcrumbs_separator_color":"","ocean_breadcrumbs_links_color":"","ocean_breadcrumbs_links_hover_color":"","ocean_display_footer_widgets":"default","ocean_display_footer_bottom":"default","ocean_custom_footer_template":"0"},"product_brand":[],"product_cat":[43,55],"product_tag":[],"class_list":{"0":"post-1932","1":"product","2":"type-product","3":"status-publish","4":"has-post-thumbnail","6":"product_cat-wasserwaage","7":"product_cat-rechteckprofil-wasserwaagen","9":"entry","10":"has-media","12":"first","13":"instock","14":"shipping-taxable","15":"product-type-variable","16":"has-default-attributes","17":"has-product-nav","18":"col","19":"span_1_of_3","20":"owp-content-center","21":"owp-thumbs-layout-horizontal","22":"owp-btn-normal","23":"owp-tabs-layout-horizontal"},"yoast_head":"<!-- This site is optimized with the Yoast SEO plugin v27.0 - https:\/\/yoast.com\/product\/yoast-seo-wordpress\/ -->\n<title>GE SERIE - 4K5 BETTER EQUIPMENT<\/title>\n<meta name=\"robots\" content=\"index, follow, max-snippet:-1, max-image-preview:large, max-video-preview:-1\" \/>\n<link rel=\"canonical\" href=\"https:\/\/4k5tools.com\/nl\/produkte\/wasserwaage\/rechteckprofil-wasserwaagen\/serie-ge\/\" \/>\n<meta property=\"og:locale\" content=\"nl_NL\" \/>\n<meta property=\"og:type\" content=\"article\" \/>\n<meta property=\"og:title\" content=\"GE SERIE - 4K5 BETTER EQUIPMENT\" \/>\n<meta property=\"og:description\" content=\"Hochwertige und leicht ablesbare Wasserwaage f\u00fcr den Bauprofi   Einfaches Ablesen durch Vergr\u00f6\u00dferungslinse an horizontaler Acrylglas-Blocklibelle und zus\u00e4tzlichem Schauglas an vertikaler Acrylglas-Blocklibelle   Hohe Messgenauigkeit bei Standard- und \u00dcber-Kopf-Messungen  Guter Schutz des Profils mit sto\u00dfd\u00e4mpfenden, gummierten Endkappen  Sicherer Halt durch gummierte Wand-Rutschstopper\" \/>\n<meta property=\"og:url\" content=\"https:\/\/4k5tools.com\/nl\/produkte\/wasserwaage\/rechteckprofil-wasserwaagen\/serie-ge\/\" \/>\n<meta property=\"og:site_name\" content=\"4K5 BETTER EQUIPMENT\" \/>\n<meta property=\"article:modified_time\" content=\"2022-09-22T09:29:17+00:00\" \/>\n<meta property=\"og:image\" content=\"https:\/\/4k5tools.com\/wp-content\/uploads\/2022\/04\/603.102-60_Perspektive.webp\" \/>\n\t<meta property=\"og:image:width\" content=\"1300\" \/>\n\t<meta property=\"og:image:height\" content=\"1300\" \/>\n\t<meta property=\"og:image:type\" content=\"image\/webp\" \/>\n<meta name=\"twitter:card\" content=\"summary_large_image\" \/>\n<meta name=\"twitter:label1\" content=\"Verwachte leestijd\" \/>\n\t<meta name=\"twitter:data1\" content=\"1 minuut\" \/>\n<script type=\"application\/ld+json\" class=\"yoast-schema-graph\">{\"@context\":\"https:\/\/schema.org\",\"@graph\":[{\"@type\":\"WebPage\",\"@id\":\"https:\/\/4k5tools.com\/produkte\/wasserwaage\/rechteckprofil-wasserwaagen\/serie-ge\/\",\"url\":\"https:\/\/4k5tools.com\/produkte\/wasserwaage\/rechteckprofil-wasserwaagen\/serie-ge\/\",\"name\":\"GE SERIE - 4K5 BETTER EQUIPMENT\",\"isPartOf\":{\"@id\":\"https:\/\/4k5tools.com\/#website\"},\"primaryImageOfPage\":{\"@id\":\"https:\/\/4k5tools.com\/produkte\/wasserwaage\/rechteckprofil-wasserwaagen\/serie-ge\/#primaryimage\"},\"image\":{\"@id\":\"https:\/\/4k5tools.com\/produkte\/wasserwaage\/rechteckprofil-wasserwaagen\/serie-ge\/#primaryimage\"},\"thumbnailUrl\":\"https:\/\/4k5tools.com\/wp-content\/uploads\/2022\/04\/603.102-60_Perspektive.webp\",\"datePublished\":\"2022-03-11T08:49:34+00:00\",\"dateModified\":\"2022-09-22T09:29:17+00:00\",\"breadcrumb\":{\"@id\":\"https:\/\/4k5tools.com\/produkte\/wasserwaage\/rechteckprofil-wasserwaagen\/serie-ge\/#breadcrumb\"},\"inLanguage\":\"nl-NL\",\"potentialAction\":[{\"@type\":\"ReadAction\",\"target\":[\"https:\/\/4k5tools.com\/produkte\/wasserwaage\/rechteckprofil-wasserwaagen\/serie-ge\/\"]}]},{\"@type\":\"ImageObject\",\"inLanguage\":\"nl-NL\",\"@id\":\"https:\/\/4k5tools.com\/produkte\/wasserwaage\/rechteckprofil-wasserwaagen\/serie-ge\/#primaryimage\",\"url\":\"https:\/\/4k5tools.com\/wp-content\/uploads\/2022\/04\/603.102-60_Perspektive.webp\",\"contentUrl\":\"https:\/\/4k5tools.com\/wp-content\/uploads\/2022\/04\/603.102-60_Perspektive.webp\",\"width\":1300,\"height\":1300,\"caption\":\"Wasserwaage 603.102-60 GE 60\"},{\"@type\":\"BreadcrumbList\",\"@id\":\"https:\/\/4k5tools.com\/produkte\/wasserwaage\/rechteckprofil-wasserwaagen\/serie-ge\/#breadcrumb\",\"itemListElement\":[{\"@type\":\"ListItem\",\"position\":1,\"name\":\"START\",\"item\":\"https:\/\/4k5tools.com\/\"},{\"@type\":\"ListItem\",\"position\":2,\"name\":\"PRODUKTE\",\"item\":\"https:\/\/4k5tools.com\/shop\/\"},{\"@type\":\"ListItem\",\"position\":3,\"name\":\"WASSERWAAGEN\",\"item\":\"https:\/\/4k5tools.com\/produkt-kategorie\/wasserwaage\/\"},{\"@type\":\"ListItem\",\"position\":4,\"name\":\"RECHTECKPROFIL-WASSERWAAGEN\",\"item\":\"https:\/\/4k5tools.com\/produkt-kategorie\/wasserwaage\/rechteckprofil-wasserwaagen\/\"},{\"@type\":\"ListItem\",\"position\":5,\"name\":\"GE SERIE\"}]},{\"@type\":\"WebSite\",\"@id\":\"https:\/\/4k5tools.com\/#website\",\"url\":\"https:\/\/4k5tools.com\/\",\"name\":\"4K5 BETTER EQUIPMENT\",\"description\":\"\",\"publisher\":{\"@id\":\"https:\/\/4k5tools.com\/#organization\"},\"potentialAction\":[{\"@type\":\"SearchAction\",\"target\":{\"@type\":\"EntryPoint\",\"urlTemplate\":\"https:\/\/4k5tools.com\/?s={search_term_string}\"},\"query-input\":{\"@type\":\"PropertyValueSpecification\",\"valueRequired\":true,\"valueName\":\"search_term_string\"}}],\"inLanguage\":\"nl-NL\"},{\"@type\":\"Organization\",\"@id\":\"https:\/\/4k5tools.com\/#organization\",\"name\":\"4K5 BETTER EQUIPMENT\",\"url\":\"https:\/\/4k5tools.com\/\",\"logo\":{\"@type\":\"ImageObject\",\"inLanguage\":\"nl-NL\",\"@id\":\"https:\/\/4k5tools.com\/#\/schema\/logo\/image\/\",\"url\":\"https:\/\/4k5tools.com\/wp-content\/uploads\/2022\/04\/4K5_Better-Equipment.webp\",\"contentUrl\":\"https:\/\/4k5tools.com\/wp-content\/uploads\/2022\/04\/4K5_Better-Equipment.webp\",\"width\":550,\"height\":200,\"caption\":\"4K5 BETTER EQUIPMENT\"},\"image\":{\"@id\":\"https:\/\/4k5tools.com\/#\/schema\/logo\/image\/\"}}]}<\/script>\n<!-- \/ Yoast SEO plugin. -->","yoast_head_json":{"title":"GE SERIE - 4K5 BETTER EQUIPMENT","robots":{"index":"index","follow":"follow","max-snippet":"max-snippet:-1","max-image-preview":"max-image-preview:large","max-video-preview":"max-video-preview:-1"},"canonical":"https:\/\/4k5tools.com\/nl\/produkte\/wasserwaage\/rechteckprofil-wasserwaagen\/serie-ge\/","og_locale":"nl_NL","og_type":"article","og_title":"GE SERIE - 4K5 BETTER EQUIPMENT","og_description":"Hochwertige und leicht ablesbare Wasserwaage f\u00fcr den Bauprofi   Einfaches Ablesen durch Vergr\u00f6\u00dferungslinse an horizontaler Acrylglas-Blocklibelle und zus\u00e4tzlichem Schauglas an vertikaler Acrylglas-Blocklibelle   Hohe Messgenauigkeit bei Standard- und \u00dcber-Kopf-Messungen  Guter Schutz des Profils mit sto\u00dfd\u00e4mpfenden, gummierten Endkappen  Sicherer Halt durch gummierte Wand-Rutschstopper","og_url":"https:\/\/4k5tools.com\/nl\/produkte\/wasserwaage\/rechteckprofil-wasserwaagen\/serie-ge\/","og_site_name":"4K5 BETTER EQUIPMENT","article_modified_time":"2022-09-22T09:29:17+00:00","og_image":[{"width":1300,"height":1300,"url":"https:\/\/4k5tools.com\/wp-content\/uploads\/2022\/04\/603.102-60_Perspektive.webp","type":"image\/webp"}],"twitter_card":"summary_large_image","twitter_misc":{"Verwachte leestijd":"1 minuut"},"schema":{"@context":"https:\/\/schema.org","@graph":[{"@type":"WebPage","@id":"https:\/\/4k5tools.com\/produkte\/wasserwaage\/rechteckprofil-wasserwaagen\/serie-ge\/","url":"https:\/\/4k5tools.com\/produkte\/wasserwaage\/rechteckprofil-wasserwaagen\/serie-ge\/","name":"GE SERIE - 4K5 BETTER EQUIPMENT","isPartOf":{"@id":"https:\/\/4k5tools.com\/#website"},"primaryImageOfPage":{"@id":"https:\/\/4k5tools.com\/produkte\/wasserwaage\/rechteckprofil-wasserwaagen\/serie-ge\/#primaryimage"},"image":{"@id":"https:\/\/4k5tools.com\/produkte\/wasserwaage\/rechteckprofil-wasserwaagen\/serie-ge\/#primaryimage"},"thumbnailUrl":"https:\/\/4k5tools.com\/wp-content\/uploads\/2022\/04\/603.102-60_Perspektive.webp","datePublished":"2022-03-11T08:49:34+00:00","dateModified":"2022-09-22T09:29:17+00:00","breadcrumb":{"@id":"https:\/\/4k5tools.com\/produkte\/wasserwaage\/rechteckprofil-wasserwaagen\/serie-ge\/#breadcrumb"},"inLanguage":"nl-NL","potentialAction":[{"@type":"ReadAction","target":["https:\/\/4k5tools.com\/produkte\/wasserwaage\/rechteckprofil-wasserwaagen\/serie-ge\/"]}]},{"@type":"ImageObject","inLanguage":"nl-NL","@id":"https:\/\/4k5tools.com\/produkte\/wasserwaage\/rechteckprofil-wasserwaagen\/serie-ge\/#primaryimage","url":"https:\/\/4k5tools.com\/wp-content\/uploads\/2022\/04\/603.102-60_Perspektive.webp","contentUrl":"https:\/\/4k5tools.com\/wp-content\/uploads\/2022\/04\/603.102-60_Perspektive.webp","width":1300,"height":1300,"caption":"Wasserwaage 603.102-60 GE 60"},{"@type":"BreadcrumbList","@id":"https:\/\/4k5tools.com\/produkte\/wasserwaage\/rechteckprofil-wasserwaagen\/serie-ge\/#breadcrumb","itemListElement":[{"@type":"ListItem","position":1,"name":"START","item":"https:\/\/4k5tools.com\/"},{"@type":"ListItem","position":2,"name":"PRODUKTE","item":"https:\/\/4k5tools.com\/shop\/"},{"@type":"ListItem","position":3,"name":"WASSERWAAGEN","item":"https:\/\/4k5tools.com\/produkt-kategorie\/wasserwaage\/"},{"@type":"ListItem","position":4,"name":"RECHTECKPROFIL-WASSERWAAGEN","item":"https:\/\/4k5tools.com\/produkt-kategorie\/wasserwaage\/rechteckprofil-wasserwaagen\/"},{"@type":"ListItem","position":5,"name":"GE SERIE"}]},{"@type":"WebSite","@id":"https:\/\/4k5tools.com\/#website","url":"https:\/\/4k5tools.com\/","name":"4K5 BETTER EQUIPMENT","description":"","publisher":{"@id":"https:\/\/4k5tools.com\/#organization"},"potentialAction":[{"@type":"SearchAction","target":{"@type":"EntryPoint","urlTemplate":"https:\/\/4k5tools.com\/?s={search_term_string}"},"query-input":{"@type":"PropertyValueSpecification","valueRequired":true,"valueName":"search_term_string"}}],"inLanguage":"nl-NL"},{"@type":"Organization","@id":"https:\/\/4k5tools.com\/#organization","name":"4K5 BETTER EQUIPMENT","url":"https:\/\/4k5tools.com\/","logo":{"@type":"ImageObject","inLanguage":"nl-NL","@id":"https:\/\/4k5tools.com\/#\/schema\/logo\/image\/","url":"https:\/\/4k5tools.com\/wp-content\/uploads\/2022\/04\/4K5_Better-Equipment.webp","contentUrl":"https:\/\/4k5tools.com\/wp-content\/uploads\/2022\/04\/4K5_Better-Equipment.webp","width":550,"height":200,"caption":"4K5 BETTER EQUIPMENT"},"image":{"@id":"https:\/\/4k5tools.com\/#\/schema\/logo\/image\/"}}]}},"_links":{"self":[{"href":"https:\/\/4k5tools.com\/nl\/wp-json\/wp\/v2\/product\/1932","targetHints":{"allow":["GET"]}}],"collection":[{"href":"https:\/\/4k5tools.com\/nl\/wp-json\/wp\/v2\/product"}],"about":[{"href":"https:\/\/4k5tools.com\/nl\/wp-json\/wp\/v2\/types\/product"}],"wp:featuredmedia":[{"embeddable":true,"href":"https:\/\/4k5tools.com\/nl\/wp-json\/wp\/v2\/media\/2669"}],"wp:attachment":[{"href":"https:\/\/4k5tools.com\/nl\/wp-json\/wp\/v2\/media?parent=1932"}],"wp:term":[{"taxonomy":"product_brand","embeddable":true,"href":"https:\/\/4k5tools.com\/nl\/wp-json\/wp\/v2\/product_brand?post=1932"},{"taxonomy":"product_cat","embeddable":true,"href":"https:\/\/4k5tools.com\/nl\/wp-json\/wp\/v2\/product_cat?post=1932"},{"taxonomy":"product_tag","embeddable":true,"href":"https:\/\/4k5tools.com\/nl\/wp-json\/wp\/v2\/product_tag?post=1932"}],"curies":[{"name":"wp","href":"https:\/\/api.w.org\/{rel}","templated":true}]}}