{"id":2993,"date":"2022-09-20T10:56:43","date_gmt":"2022-09-20T08:56:43","guid":{"rendered":"https:\/\/4k5tools.com\/produkte\/unkategorisiert\/zero\/"},"modified":"2023-04-20T11:18:19","modified_gmt":"2023-04-20T09:18:19","slug":"zero","status":"publish","type":"product","link":"https:\/\/4k5tools.com\/nl\/produkte\/unkategorisiert\/zero\/","title":{"rendered":"ZERO"},"content":{"rendered":"<p>Deze professionele winter-werkhandschoenen beschermen uw handen uitstekend bij lage temperaturen tot -5\u00b0C door effectieve isolatie van 3M. Door het waterdichte en luchtdoorlatende membraan zijn ze ideaal voor werkzaamheden in vochtige of natte omstandigheden. En door de stevige grip als gevolg van de coating van polyurethaan en het perfecte draagcomfort dat te danken is aan de zachte binnenvoering en de superhoge flexibiliteit is het ideaal werken met deze werkhandschoenen. Reflecterende elementen zorgen voor een zeer goede zichtbaarheid van de werkhandschoenen die volgens de normen EN ISO 21420, EN 388 \u201cBescherming tegen mechanische risico's\u201d en EN 511 \u201cBeschermende handschoenen tegen koude\u201d zijn gecertificeerd.<\/p>","protected":false},"excerpt":{"rendered":"<p>Waterdichte winter-werkhandschoenen<\/p>\n<ul title=\"\">\n<li title=\"\"><span title=\"\">THINSULATE: Verwarmende vulling tot -5\u00b0C dankzij effectieve isolatie van 3M<\/span><\/li>\n<li title=\"\"><span title=\"\">WATER DEFENSOR: Waterdicht en luchtdoorlatend membraan, ideaal voor vochtige en natte omstandigheden<\/span><\/li>\n<li title=\"\"><span title=\"\">SOFTFLEECE: Zachte binnenvoering om de handschoenen comfortabel en lang te kunnen dragen<\/span><\/li>\n<li title=\"\"><span title=\"\">PRO-GRIP: Uitstekende grip dankzij coating van polyurethaan <\/span><\/li>\n<li title=\"\"><span title=\"\">STRETCHFIT: Super flexibel voor hoog draagcomfort en geringe vermoeiing van de handen <\/span><\/li>\n<li title=\"\"><span title=\"\">REFLEX: reflecterende elementen verbeteren de zichtbaarheid <\/span><\/li>\n<li title=\"\"><span title=\"\">4K5 PAD: Rubberen 4K5 merklogo<\/span><\/li>\n<li title=\"\"><span title=\"\">Gecertificeerd volgens de normen EN ISO 21420, EN 388 \u201cBescherming tegen mechanische risico's\u201d en EN 511 \"Beschermende handschoenen tegen koude\"<\/span><\/li>\n<\/ul>","protected":false},"featured_media":3024,"template":"","meta":{"ocean_post_layout":"","ocean_both_sidebars_style":"","ocean_both_sidebars_content_width":0,"ocean_both_sidebars_sidebars_width":0,"ocean_sidebar":"0","ocean_second_sidebar":"0","ocean_disable_margins":"enable","ocean_add_body_class":"","ocean_shortcode_before_top_bar":"","ocean_shortcode_after_top_bar":"","ocean_shortcode_before_header":"","ocean_shortcode_after_header":"","ocean_has_shortcode":"","ocean_shortcode_after_title":"","ocean_shortcode_before_footer_widgets":"","ocean_shortcode_after_footer_widgets":"","ocean_shortcode_before_footer_bottom":"","ocean_shortcode_after_footer_bottom":"","ocean_display_top_bar":"default","ocean_display_header":"default","ocean_header_style":"","ocean_center_header_left_menu":"0","ocean_custom_header_template":"0","ocean_custom_logo":0,"ocean_custom_retina_logo":0,"ocean_custom_logo_max_width":0,"ocean_custom_logo_tablet_max_width":0,"ocean_custom_logo_mobile_max_width":0,"ocean_custom_logo_max_height":0,"ocean_custom_logo_tablet_max_height":0,"ocean_custom_logo_mobile_max_height":0,"ocean_header_custom_menu":"0","ocean_menu_typo_font_family":"0","ocean_menu_typo_font_subset":"","ocean_menu_typo_font_size":0,"ocean_menu_typo_font_size_tablet":0,"ocean_menu_typo_font_size_mobile":0,"ocean_menu_typo_font_size_unit":"px","ocean_menu_typo_font_weight":"","ocean_menu_typo_font_weight_tablet":"","ocean_menu_typo_font_weight_mobile":"","ocean_menu_typo_transform":"","ocean_menu_typo_transform_tablet":"","ocean_menu_typo_transform_mobile":"","ocean_menu_typo_line_height":0,"ocean_menu_typo_line_height_tablet":0,"ocean_menu_typo_line_height_mobile":0,"ocean_menu_typo_line_height_unit":"","ocean_menu_typo_spacing":0,"ocean_menu_typo_spacing_tablet":0,"ocean_menu_typo_spacing_mobile":0,"ocean_menu_typo_spacing_unit":"","ocean_menu_link_color":"","ocean_menu_link_color_hover":"","ocean_menu_link_color_active":"","ocean_menu_link_background":"","ocean_menu_link_hover_background":"","ocean_menu_link_active_background":"","ocean_menu_social_links_bg":"","ocean_menu_social_hover_links_bg":"","ocean_menu_social_links_color":"","ocean_menu_social_hover_links_color":"","ocean_disable_title":"default","ocean_disable_heading":"default","ocean_post_title":"","ocean_post_subheading":"","ocean_post_title_style":"","ocean_post_title_background_color":"","ocean_post_title_background":0,"ocean_post_title_bg_image_position":"","ocean_post_title_bg_image_attachment":"","ocean_post_title_bg_image_repeat":"","ocean_post_title_bg_image_size":"","ocean_post_title_height":0,"ocean_post_title_bg_overlay":0.5,"ocean_post_title_bg_overlay_color":"","ocean_disable_breadcrumbs":"default","ocean_breadcrumbs_color":"","ocean_breadcrumbs_separator_color":"","ocean_breadcrumbs_links_color":"","ocean_breadcrumbs_links_hover_color":"","ocean_display_footer_widgets":"default","ocean_display_footer_bottom":"default","ocean_custom_footer_template":"0"},"product_brand":[],"product_cat":[31],"product_tag":[],"class_list":{"0":"post-2993","1":"product","2":"type-product","3":"status-publish","4":"has-post-thumbnail","6":"product_cat-unkategorisiert","8":"entry","9":"has-media","11":"first","12":"instock","13":"shipping-taxable","14":"product-type-variable","15":"has-product-nav","16":"col","17":"span_1_of_3","18":"owp-content-center","19":"owp-thumbs-layout-horizontal","20":"owp-btn-normal","21":"owp-tabs-layout-horizontal"},"yoast_head":"<!-- This site is optimized with the Yoast SEO plugin v27.0 - https:\/\/yoast.com\/product\/yoast-seo-wordpress\/ -->\n<title>ZERO - 4K5 BETTER EQUIPMENT<\/title>\n<meta name=\"robots\" content=\"index, follow, max-snippet:-1, max-image-preview:large, max-video-preview:-1\" \/>\n<link rel=\"canonical\" href=\"https:\/\/4k5tools.com\/nl\/produkte\/schutzhandschuhe\/winter-arbeitshandschuhe\/zero\/\" \/>\n<meta property=\"og:locale\" content=\"nl_NL\" \/>\n<meta property=\"og:type\" content=\"article\" \/>\n<meta property=\"og:title\" content=\"ZERO - 4K5 BETTER EQUIPMENT\" \/>\n<meta property=\"og:description\" content=\"Wasserdichte Winter-Arbeitshandschuhe   THINSULATE: W\u00e4rmende F\u00fcllung bis -5\u00b0C durch wirkungsvolle K\u00e4lteisolierung von 3M  WATER DEFENSOR: Wasserdichte und atmungsaktive Membrane ideal f\u00fcr feuchte und nasse Bedingungen  SOFTFLEECE: Weiches Innenfutter f\u00fcr bequemes und langes Tragen  PRO-GRIP: Starke Griffigkeit durch Polyurethan-Beschichtung   STRETCHFIT: Super flexibel f\u00fcr gro\u00dfen Tragekomfort und geringe Erm\u00fcdung der H\u00e4nde   REFLEX: Reflektierende Elemente verbessern die Sichtbarkeit   4K5 PAD: Gummiertes 4K5 Markenlogo  Zertifiziert nach den Normen EN ISO 21420, EN 388 \u201cSchutz vor mechanischen Risiken\u201d und EN 511 \u201cSchutzhandschuhe gegen K\u00e4lte\u201d\" \/>\n<meta property=\"og:url\" content=\"https:\/\/4k5tools.com\/nl\/produkte\/schutzhandschuhe\/winter-arbeitshandschuhe\/zero\/\" \/>\n<meta property=\"og:site_name\" content=\"4K5 BETTER EQUIPMENT\" \/>\n<meta property=\"article:modified_time\" content=\"2023-04-20T09:18:19+00:00\" \/>\n<meta property=\"og:image\" content=\"https:\/\/4k5tools.com\/wp-content\/uploads\/2022\/09\/604.200-S-M-L-XL_4K5_Produkt.webp\" \/>\n\t<meta property=\"og:image:width\" content=\"1200\" \/>\n\t<meta property=\"og:image:height\" content=\"1200\" \/>\n\t<meta property=\"og:image:type\" content=\"image\/webp\" \/>\n<meta name=\"twitter:card\" content=\"summary_large_image\" \/>\n<meta name=\"twitter:label1\" content=\"Verwachte leestijd\" \/>\n\t<meta name=\"twitter:data1\" content=\"1 minuut\" \/>\n<script type=\"application\/ld+json\" class=\"yoast-schema-graph\">{\"@context\":\"https:\/\/schema.org\",\"@graph\":[{\"@type\":\"WebPage\",\"@id\":\"https:\/\/4k5tools.com\/produkte\/schutzhandschuhe\/winter-arbeitshandschuhe\/zero\/\",\"url\":\"https:\/\/4k5tools.com\/produkte\/schutzhandschuhe\/winter-arbeitshandschuhe\/zero\/\",\"name\":\"ZERO - 4K5 BETTER EQUIPMENT\",\"isPartOf\":{\"@id\":\"https:\/\/4k5tools.com\/#website\"},\"primaryImageOfPage\":{\"@id\":\"https:\/\/4k5tools.com\/produkte\/schutzhandschuhe\/winter-arbeitshandschuhe\/zero\/#primaryimage\"},\"image\":{\"@id\":\"https:\/\/4k5tools.com\/produkte\/schutzhandschuhe\/winter-arbeitshandschuhe\/zero\/#primaryimage\"},\"thumbnailUrl\":\"https:\/\/4k5tools.com\/wp-content\/uploads\/2022\/09\/604.200-S-M-L-XL_4K5_Produkt.webp\",\"datePublished\":\"2022-09-20T08:56:43+00:00\",\"dateModified\":\"2023-04-20T09:18:19+00:00\",\"breadcrumb\":{\"@id\":\"https:\/\/4k5tools.com\/produkte\/schutzhandschuhe\/winter-arbeitshandschuhe\/zero\/#breadcrumb\"},\"inLanguage\":\"nl-NL\",\"potentialAction\":[{\"@type\":\"ReadAction\",\"target\":[\"https:\/\/4k5tools.com\/produkte\/schutzhandschuhe\/winter-arbeitshandschuhe\/zero\/\"]}]},{\"@type\":\"ImageObject\",\"inLanguage\":\"nl-NL\",\"@id\":\"https:\/\/4k5tools.com\/produkte\/schutzhandschuhe\/winter-arbeitshandschuhe\/zero\/#primaryimage\",\"url\":\"https:\/\/4k5tools.com\/wp-content\/uploads\/2022\/09\/604.200-S-M-L-XL_4K5_Produkt.webp\",\"contentUrl\":\"https:\/\/4k5tools.com\/wp-content\/uploads\/2022\/09\/604.200-S-M-L-XL_4K5_Produkt.webp\",\"width\":1200,\"height\":1200,\"caption\":\"604.200-S-M-L-XL Arbeitshandschuhe\"},{\"@type\":\"BreadcrumbList\",\"@id\":\"https:\/\/4k5tools.com\/produkte\/schutzhandschuhe\/winter-arbeitshandschuhe\/zero\/#breadcrumb\",\"itemListElement\":[{\"@type\":\"ListItem\",\"position\":1,\"name\":\"START\",\"item\":\"https:\/\/4k5tools.com\/\"},{\"@type\":\"ListItem\",\"position\":2,\"name\":\"PRODUKTE\",\"item\":\"https:\/\/4k5tools.com\/shop\/\"},{\"@type\":\"ListItem\",\"position\":3,\"name\":\"ZERO\"}]},{\"@type\":\"WebSite\",\"@id\":\"https:\/\/4k5tools.com\/#website\",\"url\":\"https:\/\/4k5tools.com\/\",\"name\":\"4K5 BETTER EQUIPMENT\",\"description\":\"\",\"publisher\":{\"@id\":\"https:\/\/4k5tools.com\/#organization\"},\"potentialAction\":[{\"@type\":\"SearchAction\",\"target\":{\"@type\":\"EntryPoint\",\"urlTemplate\":\"https:\/\/4k5tools.com\/?s={search_term_string}\"},\"query-input\":{\"@type\":\"PropertyValueSpecification\",\"valueRequired\":true,\"valueName\":\"search_term_string\"}}],\"inLanguage\":\"nl-NL\"},{\"@type\":\"Organization\",\"@id\":\"https:\/\/4k5tools.com\/#organization\",\"name\":\"4K5 BETTER EQUIPMENT\",\"url\":\"https:\/\/4k5tools.com\/\",\"logo\":{\"@type\":\"ImageObject\",\"inLanguage\":\"nl-NL\",\"@id\":\"https:\/\/4k5tools.com\/#\/schema\/logo\/image\/\",\"url\":\"https:\/\/4k5tools.com\/wp-content\/uploads\/2022\/04\/4K5_Better-Equipment.webp\",\"contentUrl\":\"https:\/\/4k5tools.com\/wp-content\/uploads\/2022\/04\/4K5_Better-Equipment.webp\",\"width\":550,\"height\":200,\"caption\":\"4K5 BETTER EQUIPMENT\"},\"image\":{\"@id\":\"https:\/\/4k5tools.com\/#\/schema\/logo\/image\/\"}}]}<\/script>\n<!-- \/ Yoast SEO plugin. -->","yoast_head_json":{"title":"ZERO - 4K5 BETTER EQUIPMENT","robots":{"index":"index","follow":"follow","max-snippet":"max-snippet:-1","max-image-preview":"max-image-preview:large","max-video-preview":"max-video-preview:-1"},"canonical":"https:\/\/4k5tools.com\/nl\/produkte\/schutzhandschuhe\/winter-arbeitshandschuhe\/zero\/","og_locale":"nl_NL","og_type":"article","og_title":"ZERO - 4K5 BETTER EQUIPMENT","og_description":"Wasserdichte Winter-Arbeitshandschuhe   THINSULATE: W\u00e4rmende F\u00fcllung bis -5\u00b0C durch wirkungsvolle K\u00e4lteisolierung von 3M  WATER DEFENSOR: Wasserdichte und atmungsaktive Membrane ideal f\u00fcr feuchte und nasse Bedingungen  SOFTFLEECE: Weiches Innenfutter f\u00fcr bequemes und langes Tragen  PRO-GRIP: Starke Griffigkeit durch Polyurethan-Beschichtung   STRETCHFIT: Super flexibel f\u00fcr gro\u00dfen Tragekomfort und geringe Erm\u00fcdung der H\u00e4nde   REFLEX: Reflektierende Elemente verbessern die Sichtbarkeit   4K5 PAD: Gummiertes 4K5 Markenlogo  Zertifiziert nach den Normen EN ISO 21420, EN 388 \u201cSchutz vor mechanischen Risiken\u201d und EN 511 \u201cSchutzhandschuhe gegen K\u00e4lte\u201d","og_url":"https:\/\/4k5tools.com\/nl\/produkte\/schutzhandschuhe\/winter-arbeitshandschuhe\/zero\/","og_site_name":"4K5 BETTER EQUIPMENT","article_modified_time":"2023-04-20T09:18:19+00:00","og_image":[{"width":1200,"height":1200,"url":"https:\/\/4k5tools.com\/wp-content\/uploads\/2022\/09\/604.200-S-M-L-XL_4K5_Produkt.webp","type":"image\/webp"}],"twitter_card":"summary_large_image","twitter_misc":{"Verwachte leestijd":"1 minuut"},"schema":{"@context":"https:\/\/schema.org","@graph":[{"@type":"WebPage","@id":"https:\/\/4k5tools.com\/produkte\/schutzhandschuhe\/winter-arbeitshandschuhe\/zero\/","url":"https:\/\/4k5tools.com\/produkte\/schutzhandschuhe\/winter-arbeitshandschuhe\/zero\/","name":"ZERO - 4K5 BETTER EQUIPMENT","isPartOf":{"@id":"https:\/\/4k5tools.com\/#website"},"primaryImageOfPage":{"@id":"https:\/\/4k5tools.com\/produkte\/schutzhandschuhe\/winter-arbeitshandschuhe\/zero\/#primaryimage"},"image":{"@id":"https:\/\/4k5tools.com\/produkte\/schutzhandschuhe\/winter-arbeitshandschuhe\/zero\/#primaryimage"},"thumbnailUrl":"https:\/\/4k5tools.com\/wp-content\/uploads\/2022\/09\/604.200-S-M-L-XL_4K5_Produkt.webp","datePublished":"2022-09-20T08:56:43+00:00","dateModified":"2023-04-20T09:18:19+00:00","breadcrumb":{"@id":"https:\/\/4k5tools.com\/produkte\/schutzhandschuhe\/winter-arbeitshandschuhe\/zero\/#breadcrumb"},"inLanguage":"nl-NL","potentialAction":[{"@type":"ReadAction","target":["https:\/\/4k5tools.com\/produkte\/schutzhandschuhe\/winter-arbeitshandschuhe\/zero\/"]}]},{"@type":"ImageObject","inLanguage":"nl-NL","@id":"https:\/\/4k5tools.com\/produkte\/schutzhandschuhe\/winter-arbeitshandschuhe\/zero\/#primaryimage","url":"https:\/\/4k5tools.com\/wp-content\/uploads\/2022\/09\/604.200-S-M-L-XL_4K5_Produkt.webp","contentUrl":"https:\/\/4k5tools.com\/wp-content\/uploads\/2022\/09\/604.200-S-M-L-XL_4K5_Produkt.webp","width":1200,"height":1200,"caption":"604.200-S-M-L-XL Arbeitshandschuhe"},{"@type":"BreadcrumbList","@id":"https:\/\/4k5tools.com\/produkte\/schutzhandschuhe\/winter-arbeitshandschuhe\/zero\/#breadcrumb","itemListElement":[{"@type":"ListItem","position":1,"name":"START","item":"https:\/\/4k5tools.com\/"},{"@type":"ListItem","position":2,"name":"PRODUKTE","item":"https:\/\/4k5tools.com\/shop\/"},{"@type":"ListItem","position":3,"name":"ZERO"}]},{"@type":"WebSite","@id":"https:\/\/4k5tools.com\/#website","url":"https:\/\/4k5tools.com\/","name":"4K5 BETTER EQUIPMENT","description":"","publisher":{"@id":"https:\/\/4k5tools.com\/#organization"},"potentialAction":[{"@type":"SearchAction","target":{"@type":"EntryPoint","urlTemplate":"https:\/\/4k5tools.com\/?s={search_term_string}"},"query-input":{"@type":"PropertyValueSpecification","valueRequired":true,"valueName":"search_term_string"}}],"inLanguage":"nl-NL"},{"@type":"Organization","@id":"https:\/\/4k5tools.com\/#organization","name":"4K5 BETTER EQUIPMENT","url":"https:\/\/4k5tools.com\/","logo":{"@type":"ImageObject","inLanguage":"nl-NL","@id":"https:\/\/4k5tools.com\/#\/schema\/logo\/image\/","url":"https:\/\/4k5tools.com\/wp-content\/uploads\/2022\/04\/4K5_Better-Equipment.webp","contentUrl":"https:\/\/4k5tools.com\/wp-content\/uploads\/2022\/04\/4K5_Better-Equipment.webp","width":550,"height":200,"caption":"4K5 BETTER EQUIPMENT"},"image":{"@id":"https:\/\/4k5tools.com\/#\/schema\/logo\/image\/"}}]}},"_links":{"self":[{"href":"https:\/\/4k5tools.com\/nl\/wp-json\/wp\/v2\/product\/2993","targetHints":{"allow":["GET"]}}],"collection":[{"href":"https:\/\/4k5tools.com\/nl\/wp-json\/wp\/v2\/product"}],"about":[{"href":"https:\/\/4k5tools.com\/nl\/wp-json\/wp\/v2\/types\/product"}],"wp:featuredmedia":[{"embeddable":true,"href":"https:\/\/4k5tools.com\/nl\/wp-json\/wp\/v2\/media\/3024"}],"wp:attachment":[{"href":"https:\/\/4k5tools.com\/nl\/wp-json\/wp\/v2\/media?parent=2993"}],"wp:term":[{"taxonomy":"product_brand","embeddable":true,"href":"https:\/\/4k5tools.com\/nl\/wp-json\/wp\/v2\/product_brand?post=2993"},{"taxonomy":"product_cat","embeddable":true,"href":"https:\/\/4k5tools.com\/nl\/wp-json\/wp\/v2\/product_cat?post=2993"},{"taxonomy":"product_tag","embeddable":true,"href":"https:\/\/4k5tools.com\/nl\/wp-json\/wp\/v2\/product_tag?post=2993"}],"curies":[{"name":"wp","href":"https:\/\/api.w.org\/{rel}","templated":true}]}}